{"id":14215,"date":"2021-11-10T11:04:02","date_gmt":"2021-11-10T10:04:02","guid":{"rendered":"https:\/\/selleetools.com\/programy\/"},"modified":"2024-03-16T11:56:31","modified_gmt":"2024-03-16T10:56:31","slug":"programy","status":"publish","type":"page","link":"https:\/\/admincentral.selleetools.com\/pl\/programy\/","title":{"rendered":"Programy"},"content":{"rendered":"\t\t<div data-elementor-type=\"wp-page\" data-elementor-id=\"14215\" class=\"elementor elementor-14215 elementor-9179\" data-elementor-settings=\"[]\">\n\t\t\t\t\t\t\t<div class=\"elementor-section-wrap\">\n\t\t\t\t\t\t\t<section class=\"elementor-section elementor-top-section elementor-element elementor-element-4db8dd2 elementor-section-boxed elementor-section-height-default elementor-section-height-default\" data-id=\"4db8dd2\" data-element_type=\"section\">\n\t\t\t\t\t\t<div class=\"elementor-container elementor-column-gap-default\">\n\t\t\t\t\t<div class=\"elementor-column elementor-col-100 elementor-top-column elementor-element elementor-element-4262e91\" data-id=\"4262e91\" data-element_type=\"column\">\n\t\t\t<div class=\"elementor-widget-wrap elementor-element-populated\">\n\t\t\t\t\t\t\t\t<div class=\"elementor-element elementor-element-5a1712a elementor-widget elementor-widget-heading\" data-id=\"5a1712a\" data-element_type=\"widget\" data-widget_type=\"heading.default\">\n\t\t\t\t<div class=\"elementor-widget-container\">\n\t\t\t<h1 class=\"elementor-heading-title elementor-size-default\">Programy<\/h1>\t\t<\/div>\n\t\t\t\t<\/div>\n\t\t\t\t<section class=\"elementor-section elementor-inner-section elementor-element elementor-element-fbfb6de elementor-section-boxed elementor-section-height-default elementor-section-height-default\" data-id=\"fbfb6de\" data-element_type=\"section\">\n\t\t\t\t\t\t<div class=\"elementor-container elementor-column-gap-default\">\n\t\t\t\t\t<div class=\"elementor-column elementor-col-50 elementor-inner-column elementor-element elementor-element-6cb85da\" data-id=\"6cb85da\" data-element_type=\"column\" data-settings=\"{&quot;background_background&quot;:&quot;classic&quot;}\">\n\t\t\t<div class=\"elementor-widget-wrap elementor-element-populated\">\n\t\t\t\t\t\t\t\t<div class=\"elementor-element elementor-element-1415e46 elementor-widget elementor-widget-heading\" data-id=\"1415e46\" data-element_type=\"widget\" data-widget_type=\"heading.default\">\n\t\t\t\t<div class=\"elementor-widget-container\">\n\t\t\t<h2 class=\"elementor-heading-title elementor-size-default\">Program Vendor<\/h2>\t\t<\/div>\n\t\t\t\t<\/div>\n\t\t\t\t<div class=\"elementor-element elementor-element-fc94d22 elementor-widget elementor-widget-text-editor\" data-id=\"fc94d22\" data-element_type=\"widget\" data-widget_type=\"text-editor.default\">\n\t\t\t\t<div class=\"elementor-widget-container\">\n\t\t\t\t\t\t\t\t<p>Przygotowali\u015bmy platform\u0119 wraz z narz\u0119dziami umo\u017cliwiaj\u0105cymi skuteczne zwi\u0119kszenie Twojej e-sprzeda\u017cy na g\u0142\u00f3wnych marketplace\u2019ach takich jak: Amazon, Allegro, Ebay, Etsy \u2013 bez konieczno\u015bci posiadania w\u0142asnego konta na tych platformach.<\/p>\n\t\t\t\t\t\t<\/div>\n\t\t\t\t<\/div>\n\t\t\t\t<div class=\"elementor-element elementor-element-511be44 elementor-widget elementor-widget-button\" data-id=\"511be44\" data-element_type=\"widget\" data-widget_type=\"button.default\">\n\t\t\t\t<div class=\"elementor-widget-container\">\n\t\t\t\t\t<div class=\"elementor-button-wrapper\">\n\t\t\t<a href=\"https:\/\/selleetools.com\/pl\/program-vendor\/\" class=\"elementor-button-link elementor-button elementor-size-sm\" role=\"button\">\n\t\t\t\t\t\t<span class=\"elementor-button-content-wrapper\">\n\t\t\t\t\t\t<span class=\"elementor-button-text\">Szczeg\u00f3\u0142y<\/span>\n\t\t<\/span>\n\t\t\t\t\t<\/a>\n\t\t<\/div>\n\t\t\t\t<\/div>\n\t\t\t\t<\/div>\n\t\t\t\t\t<\/div>\n\t\t<\/div>\n\t\t\t\t<div class=\"elementor-column elementor-col-50 elementor-inner-column elementor-element elementor-element-67a255e\" data-id=\"67a255e\" data-element_type=\"column\" data-settings=\"{&quot;background_background&quot;:&quot;classic&quot;}\">\n\t\t\t<div class=\"elementor-widget-wrap elementor-element-populated\">\n\t\t\t\t\t\t\t\t<div class=\"elementor-element elementor-element-8d2f9b0 elementor-widget elementor-widget-heading\" data-id=\"8d2f9b0\" data-element_type=\"widget\" data-widget_type=\"heading.default\">\n\t\t\t\t<div class=\"elementor-widget-container\">\n\t\t\t<h2 class=\"elementor-heading-title elementor-size-default\">Program Reseller<\/h2>\t\t<\/div>\n\t\t\t\t<\/div>\n\t\t\t\t<div class=\"elementor-element elementor-element-f39b0ca elementor-widget elementor-widget-text-editor\" data-id=\"f39b0ca\" data-element_type=\"widget\" data-widget_type=\"text-editor.default\">\n\t\t\t\t<div class=\"elementor-widget-container\">\n\t\t\t\t\t\t\t\t<p>Przygotowali\u015bmy Platform\u0119 B2B \u2013 Multichannel SelleeTools V2R umo\u017cliwiaj\u0105c\u0105 skuteczne zwi\u0119kszenie Twojego portfolio produktowego na marketplace\u2019ach takich jak: Amazon, Allegro, Ebay czy Etsy w modelu dropshipping\u2019owym.<\/p>\n\t\t\t\t\t\t<\/div>\n\t\t\t\t<\/div>\n\t\t\t\t<div class=\"elementor-element elementor-element-1488ec1 elementor-widget elementor-widget-button\" data-id=\"1488ec1\" data-element_type=\"widget\" data-widget_type=\"button.default\">\n\t\t\t\t<div class=\"elementor-widget-container\">\n\t\t\t\t\t<div class=\"elementor-button-wrapper\">\n\t\t\t<a href=\"https:\/\/selleetools.com\/pl\/program-reseller\/\" class=\"elementor-button-link elementor-button elementor-size-sm\" role=\"button\">\n\t\t\t\t\t\t<span class=\"elementor-button-content-wrapper\">\n\t\t\t\t\t\t<span class=\"elementor-button-text\">Szczeg\u00f3\u0142y<\/span>\n\t\t<\/span>\n\t\t\t\t\t<\/a>\n\t\t<\/div>\n\t\t\t\t<\/div>\n\t\t\t\t<\/div>\n\t\t\t\t\t<\/div>\n\t\t<\/div>\n\t\t\t\t\t\t\t<\/div>\n\t\t<\/section>\n\t\t\t\t\t<\/div>\n\t\t<\/div>\n\t\t\t\t\t\t\t<\/div>\n\t\t<\/section>\n\t\t\t\t\t\t<\/div>\n\t\t\t\t\t<\/div>\n\t\t","protected":false},"excerpt":{"rendered":"<p>Programy Program Vendor Przygotowali\u015bmy platform\u0119 wraz z narz\u0119dziami umo\u017cliwiaj\u0105cymi skuteczne zwi\u0119kszenie Twojej e-sprzeda\u017cy na g\u0142\u00f3wnych marketplace\u2019ach takich jak: Amazon, Allegro, Ebay, Etsy \u2013 bez konieczno\u015bci posiadania w\u0142asnego konta na tych platformach. Szczeg\u00f3\u0142y Program Reseller Przygotowali\u015bmy Platform\u0119 B2B \u2013 Multichannel SelleeTools V2R umo\u017cliwiaj\u0105c\u0105 skuteczne zwi\u0119kszenie Twojego portfolio produktowego na marketplace\u2019ach takich jak: Amazon, Allegro, Ebay czy &#8230; <a title=\"Programy\" class=\"read-more\" href=\"https:\/\/admincentral.selleetools.com\/pl\/programy\/\">Read more<span class=\"screen-reader-text\">Programy<\/span><\/a><\/p>\n","protected":false},"author":1,"featured_media":0,"parent":0,"menu_order":0,"comment_status":"closed","ping_status":"closed","template":"","meta":{"_links_to":"","_links_to_target":""},"yoast_head":"<!-- This site is optimized with the Yoast SEO plugin v19.4 - https:\/\/yoast.com\/wordpress\/plugins\/seo\/ -->\n<title>Programy - Selleetools.com<\/title>\n<meta name=\"robots\" content=\"index, follow, max-snippet:-1, max-image-preview:large, max-video-preview:-1\" \/>\n<link rel=\"canonical\" href=\"https:\/\/admincentral.selleetools.com\/pl\/programy\/\" \/>\n<meta property=\"og:locale\" content=\"pl_PL\" \/>\n<meta property=\"og:type\" content=\"article\" \/>\n<meta property=\"og:title\" content=\"Programy - Selleetools.com\" \/>\n<meta property=\"og:description\" content=\"Programy Program Vendor Przygotowali\u015bmy platform\u0119 wraz z narz\u0119dziami umo\u017cliwiaj\u0105cymi skuteczne zwi\u0119kszenie Twojej e-sprzeda\u017cy na g\u0142\u00f3wnych marketplace\u2019ach takich jak: Amazon, Allegro, Ebay, Etsy \u2013 bez konieczno\u015bci posiadania w\u0142asnego konta na tych platformach. Szczeg\u00f3\u0142y Program Reseller Przygotowali\u015bmy Platform\u0119 B2B \u2013 Multichannel SelleeTools V2R umo\u017cliwiaj\u0105c\u0105 skuteczne zwi\u0119kszenie Twojego portfolio produktowego na marketplace\u2019ach takich jak: Amazon, Allegro, Ebay czy ... Read moreProgramy\" \/>\n<meta property=\"og:url\" content=\"https:\/\/admincentral.selleetools.com\/pl\/programy\/\" \/>\n<meta property=\"og:site_name\" content=\"Selleetools.com\" \/>\n<meta property=\"article:modified_time\" content=\"2024-03-16T10:56:31+00:00\" \/>\n<meta name=\"twitter:card\" content=\"summary_large_image\" \/>\n<!-- \/ Yoast SEO plugin. -->","yoast_head_json":{"title":"Programy - Selleetools.com","robots":{"index":"index","follow":"follow","max-snippet":"max-snippet:-1","max-image-preview":"max-image-preview:large","max-video-preview":"max-video-preview:-1"},"canonical":"https:\/\/admincentral.selleetools.com\/pl\/programy\/","og_locale":"pl_PL","og_type":"article","og_title":"Programy - Selleetools.com","og_description":"Programy Program Vendor Przygotowali\u015bmy platform\u0119 wraz z narz\u0119dziami umo\u017cliwiaj\u0105cymi skuteczne zwi\u0119kszenie Twojej e-sprzeda\u017cy na g\u0142\u00f3wnych marketplace\u2019ach takich jak: Amazon, Allegro, Ebay, Etsy \u2013 bez konieczno\u015bci posiadania w\u0142asnego konta na tych platformach. Szczeg\u00f3\u0142y Program Reseller Przygotowali\u015bmy Platform\u0119 B2B \u2013 Multichannel SelleeTools V2R umo\u017cliwiaj\u0105c\u0105 skuteczne zwi\u0119kszenie Twojego portfolio produktowego na marketplace\u2019ach takich jak: Amazon, Allegro, Ebay czy ... Read moreProgramy","og_url":"https:\/\/admincentral.selleetools.com\/pl\/programy\/","og_site_name":"Selleetools.com","article_modified_time":"2024-03-16T10:56:31+00:00","twitter_card":"summary_large_image","schema":{"@context":"https:\/\/schema.org","@graph":[{"@type":"Organization","@id":"https:\/\/selleetools.com\/#organization","name":"Selleetools","url":"https:\/\/selleetools.com\/","sameAs":[],"logo":{"@type":"ImageObject","inLanguage":"pl-PL","@id":"https:\/\/selleetools.com\/#\/schema\/logo\/image\/","url":"https:\/\/selleetools.com\/wp-content\/uploads\/2021\/10\/logo-dark.png","contentUrl":"https:\/\/selleetools.com\/wp-content\/uploads\/2021\/10\/logo-dark.png","width":320,"height":76,"caption":"Selleetools"},"image":{"@id":"https:\/\/selleetools.com\/#\/schema\/logo\/image\/"}},{"@type":"WebSite","@id":"https:\/\/selleetools.com\/#website","url":"https:\/\/selleetools.com\/","name":"Selleetools.com","description":"","publisher":{"@id":"https:\/\/selleetools.com\/#organization"},"potentialAction":[{"@type":"SearchAction","target":{"@type":"EntryPoint","urlTemplate":"https:\/\/selleetools.com\/?s={search_term_string}"},"query-input":"required name=search_term_string"}],"inLanguage":"pl-PL"},{"@type":"WebPage","@id":"https:\/\/admincentral.selleetools.com\/pl\/programy\/","url":"https:\/\/admincentral.selleetools.com\/pl\/programy\/","name":"Programy - Selleetools.com","isPartOf":{"@id":"https:\/\/selleetools.com\/#website"},"datePublished":"2021-11-10T10:04:02+00:00","dateModified":"2024-03-16T10:56:31+00:00","breadcrumb":{"@id":"https:\/\/admincentral.selleetools.com\/pl\/programy\/#breadcrumb"},"inLanguage":"pl-PL","potentialAction":[{"@type":"ReadAction","target":["https:\/\/admincentral.selleetools.com\/pl\/programy\/"]}]},{"@type":"BreadcrumbList","@id":"https:\/\/admincentral.selleetools.com\/pl\/programy\/#breadcrumb","itemListElement":[{"@type":"ListItem","position":1,"name":"Home","item":"https:\/\/selleetools.com\/pl\/"},{"@type":"ListItem","position":2,"name":"Programy"}]}]}},"_links":{"self":[{"href":"https:\/\/admincentral.selleetools.com\/pl\/wp-json\/wp\/v2\/pages\/14215"}],"collection":[{"href":"https:\/\/admincentral.selleetools.com\/pl\/wp-json\/wp\/v2\/pages"}],"about":[{"href":"https:\/\/admincentral.selleetools.com\/pl\/wp-json\/wp\/v2\/types\/page"}],"author":[{"embeddable":true,"href":"https:\/\/admincentral.selleetools.com\/pl\/wp-json\/wp\/v2\/users\/1"}],"replies":[{"embeddable":true,"href":"https:\/\/admincentral.selleetools.com\/pl\/wp-json\/wp\/v2\/comments?post=14215"}],"version-history":[{"count":5,"href":"https:\/\/admincentral.selleetools.com\/pl\/wp-json\/wp\/v2\/pages\/14215\/revisions"}],"predecessor-version":[{"id":314922,"href":"https:\/\/admincentral.selleetools.com\/pl\/wp-json\/wp\/v2\/pages\/14215\/revisions\/314922"}],"wp:attachment":[{"href":"https:\/\/admincentral.selleetools.com\/pl\/wp-json\/wp\/v2\/media?parent=14215"}],"curies":[{"name":"wp","href":"https:\/\/api.w.org\/{rel}","templated":true}]}}