{"id":288126,"date":"2023-09-18T16:04:01","date_gmt":"2023-09-18T14:04:01","guid":{"rendered":"https:\/\/selleetools.com\/?page_id=288126"},"modified":"2023-10-11T10:02:06","modified_gmt":"2023-10-11T08:02:06","slug":"polityka-prywatnosci","status":"publish","type":"page","link":"https:\/\/admincentral.selleetools.com\/pl\/polityka-prywatnosci\/","title":{"rendered":"Polityka prywatno\u015bci"},"content":{"rendered":"\n<p class=\"has-text-align-center\" id=\"block-5bd68491-4839-4409-babc-a5860b8b7cc8\">Polityka prywatno\u015bci platformy Selleetools<\/p>\n\n\n\n<p class=\"has-text-align-center\" id=\"block-44610636-1480-4d66-8a0a-d267545c7e30\"><strong>Wprowadzenie<\/strong><\/p>\n\n\n\n<p id=\"block-0b553d0c-386d-4e46-9d3f-eec2abeaae83\">Niniejsza Polityka prywatno\u015bci skierowana jest do U\u017cytkownik\u00f3w strony internetowej Selleetools (https:\/\/selleetools.com). W Polityce zosta\u0142y opisane zasady i sposoby gromadzenia oraz wykorzystywania danych U\u017cytkownik\u00f3w, a tak\u017ce ich bezpiecze\u0144stwo oraz regulacje zwi\u0105zane z przekazywaniem dla innych podmiot\u00f3w danych U\u017cytkownik\u00f3w. Dane zbierane s\u0105 bezpo\u015brednio od U\u017cytkownik\u00f3w lub za po\u015brednictwem plik\u00f3w cookies oraz podobnych technologii. Dok\u0142adamy wszelkich stara\u0144, aby zapewni\u0107 ochron\u0119 prywatno\u015bci naszych U\u017cytkownik\u00f3w i zapewni\u0107 bezpieczne i transparentne korzystanie z naszych us\u0142ug.<\/p>\n\n\n\n<p id=\"block-d3fb2dee-462a-4cea-ac37-1d6fb48e5825\"><strong>1. Definicje<\/strong><\/p>\n\n\n\n<ol id=\"block-fccc37b8-78f9-4912-a6a0-089d738ed286\"><li><strong>Administrator<\/strong> \u2013 Smartbuyers Ltd Dublin, D02 XE80, 77 Lower Camden Street, IE9695146N. W sprawach zwi\u0105zanych z przetwarzaniem Pa\u0144stwa danych przez Administratora mo\u017cna kontaktowa\u0107 si\u0119 z wykorzystaniem powy\u017cszych danych adresowych, lub z wyznaczonym u Administratora Inspektorem ochrony danych na adres e-mail: helpdesk@selleetools.com.<\/li><li><strong>Dane osobowe <\/strong>\u2013 informacje o osobie fizycznej zidentyfikowanej lub mo\u017cliwej do zidentyfikowania poprzez jeden b\u0105d\u017a kilka szczeg\u00f3lnych czynnik\u00f3w okre\u015blaj\u0105cych fizyczn\u0105, fizjologiczn\u0105, genetyczn\u0105, psychiczn\u0105, ekonomiczn\u0105, kulturow\u0105 lub spo\u0142eczn\u0105 to\u017csamo\u015b\u0107, w tym IP urz\u0105dzenia, identyfikator internetowy oraz informacje gromadzone za po\u015brednictwem plik\u00f3w cookie oraz innej podobnej technologii.<\/li><li><strong>Polityka <\/strong>\u2013 niniejsza Polityka prywatno\u015bci.<\/li><li><strong>RODO <\/strong>\u2013 rozporz\u0105dzenie Parlamentu Europejskiego i Rady (UE) 2016\/679 z 27.04.2016 r. w sprawie ochrony os\u00f3b fizycznych w zwi\u0105zku z przetwarzaniem danych osobowych i w sprawie swobodnego przep\u0142ywu takich danych oraz uchylenia dyrektywy 95\/46\/WE.<\/li><li><strong>Selletools \u2013 <\/strong>prowadzona przez Administratora, platforma handlowa online, dost\u0119pna w domenie: https:\/\/selleetools.com\/pl\/.<\/li><li><strong>U\u017cytkownik <\/strong>\u2013 osoba fizyczna b\u0119d\u0105ca przedsi\u0119biorc\u0105, osoba prawna lub jednostka organizacyjna nieposiadaj\u0105ca osobowo\u015bci prawnej, kt\u00f3rej ustawa przyznaje zdolno\u015b\u0107 prawn\u0105, kt\u00f3ra korzysta z platformy Selleetools.<\/li><\/ol>\n\n\n\n<p id=\"block-bf41bff0-050a-4690-a9cc-3d4052bf665c\"><strong>2. Postanowienia og\u00f3lne&nbsp;<\/strong><\/p>\n\n\n\n<ol id=\"block-d1ad7791-ec11-413a-a080-ed08f646aec0\"><li>W zwi\u0105zku z korzystaniem przez U\u017cytkownika z Selleetools, Administrator zbiera dane w zakresie niezb\u0119dnym do \u015bwiadczenia us\u0142ug oraz ochron\u0105 interesu Administratora.<\/li><li>Zgodnie z przepisami RODO, nie podlegaj\u0105 tym przepisom osoby prawne (w tym jednostki organizacyjne nieposiadaj\u0105ce osobowo\u015bci prawnej, kt\u00f3rym ustawa przyznaje zdolno\u015b\u0107 prawn\u0105). Jednak\u017ce, w celach wsp\u00f3\u0142pracy, identyfikacyjnych oraz kontaktowych Administrator oraz U\u017cytkownicy (b\u0119d\u0105cy r\u00f3wnie\u017c administratorami danych osobowych) zbieraj\u0105 dane osobowe os\u00f3b fizycznych wchodz\u0105cych w sk\u0142ad osoby prawnej. Dane te, w zakresie platformy Selleetools, podlegaj\u0105 przetwarzaniu zgodnie z niniejsz\u0105 Polityk\u0105 prywatno\u015bci.<\/li><li>Podanie danych osobowych jest dobrowolne, jednak\u017ce niezb\u0119dne do prawid\u0142owego korzystania z funkcjonalno\u015bci platformy Selleetools.<\/li><li>U\u017cytkownicy, kt\u00f3rzy przekazuj\u0105 dane w obr\u0119bie platformy Selleetools, w tym dane osobowe podmiot\u00f3w trzecich, dla Administratora oraz innych U\u017cytkownik\u00f3w, s\u0105 r\u00f3wnie\u017c administratorami danych osobowych, kt\u00f3rych wi\u0105\u017c\u0105 obowi\u0105zuj\u0105ce przepisy prawa w zakresie ochrony danych osobowych.<\/li><\/ol>\n\n\n\n<p id=\"block-43869af2-d8b4-4380-b2c5-737d8e93c6d0\"><strong>3. Rodzaje i zakres gromadzonych danych<\/strong><\/p>\n\n\n\n<ol id=\"block-ac475c86-083c-453a-b9f4-823dceea1946\"><li>Dane osobowe U\u017cytkownik\u00f3w<ul><li>Dane identyfikacyjne, m.in. imi\u0119 i nazwisko, adres email, numer telefonu, dane firmowe, adresy dostawy itd.;<\/li><li>Dane finansowe, takie jak numer konta bankowego i informacje zwi\u0105zane z p\u0142atno\u015bciami.<\/li><\/ul><\/li><li>Dane osobowe kupuj\u0105cych z kont U\u017cytkownik\u00f3w na zewn\u0119trznych platformach e-commerce<br>W celu efektywnego funkcjonowania naszej platformy, Administrator udost\u0119pnia mo\u017cliwo\u015b\u0107 integracji konta na Selleetools z kontami U\u017cytkownik\u00f3w na zewn\u0119trznych platformach e-commerce (np. Allegro, eBay, Etsy, Amazon, Baselinker). Dla tego celu Administrator mo\u017ce zbiera\u0107:<ul><li>Dane dotycz\u0105ce tych kont, takie jak informacje o produktach, zam\u00f3wieniach, historii transakcji i innych danych zwi\u0105zanych z dzia\u0142alno\u015bci\u0105 handlow\u0105;<\/li><li>Dane identyfikacyjne, m.in. imi\u0119 i nazwisko, adres email, numer telefonu, dane firmowe, adresy dostawy itd.<\/li><\/ul><\/li><li>Dane logowania i dzia\u0142alno\u015bci<ul><li>Dla cel\u00f3w bezpiecze\u0144stwa i analizy dzia\u0142alno\u015bci na platformie Selleetools, Administrator gromadzi dane logowania, takie jak adresy IP, przegl\u0105darki internetowe, daty i godziny logowa\u0144 oraz aktywno\u015bci na Selleetools;<\/li><li>Informacje o preferencjach i zachowaniach u\u017cytkownika na Selleetools, w celu dostosowania oferty do ich potrzeb.<\/li><\/ul><\/li><\/ol>\n\n\n\n<p id=\"block-c0e1e06c-cf7a-4edc-8fcc-3a80417d135d\"><strong>4. \u0179r\u00f3d\u0142a pozyskiwanych danych<\/strong><\/p>\n\n\n\n<ol id=\"block-d8f4d822-14dc-4a72-95ec-cd4169b6cdca\"><li>Formularz rejestracyjny dost\u0119pny na Selleetools;<\/li><li>Przekazanie bezpo\u015brednie przez okre\u015blon\u0105 osob\u0119 danych, w tym swoich danych osobowych oraz innych podmiot\u00f3w;<\/li><li>Pliki cookies i inne technologie zbieraj\u0105ce dane, wykorzystywane przez Selleetools;<\/li><li>Konta u\u017cytkownik\u00f3w na okre\u015blonej platformie e-commerce, w tym dane ze z\u0142o\u017conych zam\u00f3wie\u0144 na koncie.<\/li><\/ol>\n\n\n\n<p id=\"block-8d8d79b6-557c-46e0-845d-2117441d3056\"><strong>5. Cele i podstawy prawne przetwarzania danych<\/strong><\/p>\n\n\n\n<p id=\"block-0d5b32d3-d880-40d6-a69e-4702e96c64b8\">Dane U\u017cytkownik\u00f3w mog\u0105 by\u0107 przetwarzane w celu:<\/p>\n\n\n\n<ol id=\"block-c986e2bb-4aa6-41d0-a06f-055a54c0ea96\"><li>analizy ruchu sieciowego, zapewnienia bezpiecze\u0144stwa w ramach Selleetools oraz dostosowywania tre\u015bci do potrzeb U\u017cytkownik\u00f3w \u2013 na podstawie prawnie uzasadnionego interesu Administratora (art. 6 ust. 1 lit. f RODO);<\/li><li>w celu \u015bwiadczenia us\u0142ug drog\u0105 elektroniczn\u0105 w zakresie udost\u0119pniania U\u017cytkownikom tre\u015bci gromadzonych na platformie Selleetools \u2013 podstaw\u0105 prawn\u0105 przetwarzania jest niezb\u0119dno\u015b\u0107 przetwarzania do wykonania umowy (art. 6 ust. 1 lit. b RODO);<\/li><li>w celu umo\u017cliwienia w zakresie platformy Selletools wymiany danych osobowych pomi\u0119dzy U\u017cytkownikami, w tym danych osobowych kupuj\u0105cych na platformach e-commerce \u2013 podstaw\u0105 prawn\u0105 przetwarzania jest niezb\u0119dno\u015b\u0107 przetwarzania do wykonania umowy (art. 6 ust. 1 lit. b RODO);<\/li><li>w celu ustalenia i dochodzenia roszcze\u0144 Administratora lub obrony przed roszczeniami U\u017cytkownik\u00f3w i os\u00f3b trzeich \u2013 podstaw\u0105 prawn\u0105 przetwarzania jest prawnie uzasadniony interes Administratora (art. 6 ust. 1 lit. f RODO);<\/li><li>udzielania odpowiedzi na zadane pytania, przekazania zam\u00f3wionej oferty i prowadzenia korespondencji w celu za\u0142atwienia sprawy, realizowanie \u017c\u0105da\u0144 U\u017cytkownik\u00f3w \u2013 na podstawie zgody U\u017cytkownika i prawnie uzasadnionego interesu Administratora (art. 6 ust. 1 lit. a i f RODO);<\/li><li>w celu przes\u0142ania zam\u00f3wionej informacji handlowej oraz innych tre\u015bci marketingowych r\u00f3\u017cnymi kana\u0142ami na podstawie zgody U\u017cytkownika (art. 6 ust. 1 lit. a i f RODO).<\/li><\/ol>\n\n\n\n<p id=\"block-c86ced2f-bb0a-49ad-b731-a4f2c52b2dd0\"><strong>6. Odbiorcy danych osobowych<\/strong><\/p>\n\n\n\n<ol id=\"block-25ecb674-9bc1-408d-86ac-b8dfbcab64bd\"><li>W zwi\u0105zku z realizacj\u0105 us\u0142ug Dane osobowe b\u0119d\u0105 ujawniane zewn\u0119trznym podmiotom, w szczeg\u00f3lno\u015bci wsp\u00f3\u0142pracownikom, dostawcom us\u0142ug, w tym dostawcom us\u0142ug IT, dostawcom us\u0142ug p\u0142atniczych, pozwalaj\u0105cym na prawid\u0142owe korzystanie z Selleetools. Administrator wymaga od tych dostawc\u00f3w przestrzegania odpowiednich standard\u00f3w ochrony danych.<\/li><li>Administrator mo\u017ce udost\u0119pnia\u0107 dane osobowe U\u017cytkownikom, w celu umo\u017cliwienia handlowej wsp\u00f3\u0142pracy. W przypadku udost\u0119pniania danych osobowych innym U\u017cytkownikom, zobowi\u0105zani s\u0105 oni do przestrzegania zasad ochrony danych osobowych.<\/li><li>Administrator zastrzega sobie prawo ujawnienia wybranych informacji dotycz\u0105cych U\u017cytkownika w\u0142a\u015bciwym organom b\u0105d\u017a osobom trzecim, kt\u00f3re zg\u0142osz\u0105 \u017c\u0105danie udzielenia takich informacji, opieraj\u0105c si\u0119 na odpowiedniej podstawie prawnej oraz zgodnie z przepisami obowi\u0105zuj\u0105cego prawa.<\/li><li>Ponadto dane mog\u0105 by\u0107 udost\u0119pnione kurierom, operatorom pocztowym, dostawcy hostingu, serwera poczty i zewn\u0119trznym integracjom z platformami marketplace.<\/li><\/ol>\n\n\n\n<p id=\"block-1fcf2eea-0574-4a02-b926-1ff65b94407d\"><strong>7. Okres przetwarzania Danych osobowych<\/strong><\/p>\n\n\n\n<ol id=\"block-0bad2039-fe8e-40ce-9847-867aa21d7993\"><li>Okres przetwarzania danych przez Administratora zale\u017cy od rodzaju \u015bwiadczonej us\u0142ugi i celu przetwarzania. Co do zasady dane przetwarzane s\u0105 przez czas \u015bwiadczenia us\u0142ugi, do czasu wycofania wyra\u017conej zgody lub zg\u0142oszenia skutecznego sprzeciwu wzgl\u0119dem przetwarzania danych w przypadkach, gdy podstaw\u0105 prawn\u0105 przetwarzania danych jest prawnie uzasadniony interes Administratora.<\/li><li>Okres przetwarzania danych mo\u017ce by\u0107 przed\u0142u\u017cony w przypadku, gdy przetwarzanie jest niezb\u0119dne do ustalenia i dochodzenia ewentualnych roszcze\u0144 lub obrony przed roszczeniami, a po tym czasie jedynie w przypadku i w zakresie, w jakim b\u0119d\u0105 wymaga\u0107 tego przepisy prawa. Po up\u0142ywie okresu przetwarzania dane s\u0105 nieodwracalnie usuwane lub anonimizowane.<\/li><li>Dane zwi\u0105zane z analiz\u0105 ruchu sieciowego gromadzone za po\u015brednictwem plik\u00f3w cookies oraz podobnych technologii mog\u0105 by\u0107 przechowywane do momentu wyga\u015bni\u0119cia pliku cookie. Niekt\u00f3re pliki cookies nigdy nie wygasaj\u0105, w zwi\u0105zku z tym czas przechowywania danych b\u0119dzie r\u00f3wnowa\u017cny z czasem niezb\u0119dnym Administratorowi do zrealizowania cel\u00f3w zwi\u0105zanych z gromadzeniem danych, jak zapewnienie bezpiecze\u0144stwa i analiza danych historycznych zwi\u0105zanych z ruchem na stronie.<\/li><\/ol>\n\n\n\n<p id=\"block-5c62b40d-c304-429e-8d7c-1dbd1f508ce0\"><strong>8. Uprawnienia os\u00f3b, kt\u00f3rych dane osobowe s\u0105 zbierane<\/strong><\/p>\n\n\n\n<p id=\"block-649f60af-e84f-435b-9024-ce7850fbb85b\">U\u017cytkownik ma prawo:<\/p>\n\n\n\n<ol id=\"block-747a8e9c-9bb2-4e10-b8cf-116a170bdb2c\"><li>\u017c\u0105da\u0107 od Administratora wgl\u0105du do danych U\u017cytkownika, a tak\u017ce otrzymania ich kopii (art. 15 RODO);<\/li><li>\u017c\u0105da\u0107 od Administratora sprostowania lub poprawienia danych (art. 16 RODO) &#8211; w odniesieniu do \u017c\u0105dania sprostowania danych, gdy U\u017cytkownik zauwa\u017cy, \u017ce dane s\u0105 nieprawid\u0142owe lub niekompletne;<\/li><li>\u017c\u0105da\u0107 od Administratora usuni\u0119cia danych (art. 17 RODO);<\/li><li>\u017c\u0105da\u0107 od Administratora ograniczenia przetwarzania (18 RODO) &#8211; np. gdy U\u017cytkownik zauwa\u017cy, \u017ce dane s\u0105 nieprawid\u0142owe \u2013 U\u017cytkownik mo\u017ce \u017c\u0105da\u0107 ograniczenia przetwarzania swoich danych na okres pozwalaj\u0105cy Administratorowi sprawdzi\u0107 prawid\u0142owo\u015b\u0107 tych danych;<\/li><li>wniesienia skargi w zwi\u0105zku z przetwarzaniem przez Administratora danych osobowych U\u017cytkownika do Prezesa Urz\u0119du Ochrony Danych Osobowych;<\/li><li>w zakresie, w jakim dane U\u017cytkownika przetwarzane s\u0105 na podstawie zgody, mo\u017cna t\u0119 zgod\u0119 wycofa\u0107 w dowolnym momencie, kontaktuj\u0105c si\u0119 z Administratorem poprzez wiadomo\u015b\u0107 e-mail na adres wskazany wy\u017cej. Wycofanie zgody mo\u017ce utrudni\u0107 lub uniemo\u017cliwi\u0107 m. in.&nbsp; kontakt z U\u017cytkownikiem, korzystanie z platformy Selleetools, realizacj\u0119 zam\u00f3wie\u0144, rozliczenia pomi\u0119dzy U\u017cytkownikiem a Selleetools oraz innymi U\u017cytkownikami i inne<\/li><\/ol>\n\n\n\n<p id=\"block-3940e387-d896-4693-af5c-19ce20b648f1\"><strong>9. Przekazywanie danych osobowych do pa\u0144stw trzecich (poza Europejski Obszar Gospodarczy)<\/strong><\/p>\n\n\n\n<ol id=\"block-946ecc1c-1517-4a60-af03-6c1cae153eaa\"><li>Dane U\u017cytkownik\u00f3w b\u0119d\u0105 przekazywane do Pa\u0144stw trzecich lub organizacji mi\u0119dzynarodowych.<\/li><li>Poziom ochrony Danych osobowych poza Europejskim Obszarem Gospodarczym (EOG) r\u00f3\u017cni si\u0119 od tego zapewnianego przez prawo europejskie. Z tego powodu Administrator przekazuje Dane osobowe poza EOG tylko wtedy, gdy jest to konieczne i z zapewnieniem odpowiedniego stopnia ochrony, przede wszystkim poprzez:<ul><li>wsp\u00f3\u0142prac\u0119 z podmiotami przetwarzaj\u0105cymi Dane osobowe w pa\u0144stwach, w odniesieniu do kt\u00f3rych zosta\u0142a wydana stosowna decyzja Komisji Europejskiej dotycz\u0105ca stwierdzenia zapewnienia odpowiedniego stopnia ochrony Danych osobowych;<\/li><li>stosowanie standardowych klauzul umownych wydanych przez Komisj\u0119 Europejsk\u0105;<\/li><li>stosowanie wi\u0105\u017c\u0105cych regu\u0142 korporacyjnych zatwierdzonych przez w\u0142a\u015bciwy organ nadzorczy.<\/li><\/ul><\/li><li>Administrator zawsze informuje o zamiarze przekazania Danych osobowych poza EOG na etapie ich zbierania.<\/li><\/ol>\n\n\n\n<p id=\"block-a94d3cd1-55d0-4dbb-9333-8da9ad57c9e4\"><strong>10. Pliki Cookies oraz podobne technologie<\/strong><\/p>\n\n\n\n<ol id=\"block-22ff6623-5b3c-4a08-bea8-909a16f93dbc\"><li>Platforma Selleetools umo\u017cliwia gromadzenie informacji o U\u017cytkowniku za po\u015brednictwem cookies oraz podobnych technologii. Narz\u0119dzia te wykorzystywane s\u0105 zapami\u0119tywania decyzji U\u017cytkownika (wyb\u00f3r czcionki, kontrastu, akceptacja polityki), utrzymania sesji U\u017cytkownika (np. po zalogowaniu), zapami\u0119tania has\u0142a (za zgod\u0105), gromadzenia informacji o urz\u0105dzeniu U\u017cytkownika oraz jego wizycie s\u0142u\u017c\u0105ce do zapewnienia bezpiecze\u0144stwa, ale tak\u017ce analizy wizyt i dostosowania tre\u015bci.<\/li><li>Informacje pozyskane za po\u015brednictwem cookies oraz podobnych technologii nie s\u0105 \u0142\u0105czone z innymi danymi U\u017cytkownik\u00f3w Selleetools, nie s\u0142u\u017c\u0105 te\u017c do ich identyfikacji przez Administratora.<\/li><li>Zgoda na pliki cookies jest dobrowolna oraz dzieli si\u0119 na zgod\u0119 na wszystkie albo niezb\u0119dne pliki cookies.<\/li><li>Korzystanie z platformy Selleetools bez zmiany ustawie\u0144, tzn. z domy\u015blnym akceptowaniem wszystkich plik\u00f3w cookies i podobnych technologii oznacza zgod\u0119 na ich wykorzystanie do okre\u015blonych powy\u017cej cel\u00f3w. Zgoda na pliki cookies jest dobrowolna oraz mo\u017ce by\u0107 ograniczona do niezb\u0119dnych pliki cookies, poprzez klini\u0119cie odpowiedniego przycisku na platformie Selleetools.<\/li><\/ol>\n\n\n\n<p id=\"block-9e5d415d-7bd3-4749-814d-92e91294ad78\"><strong>11. Zautomatyzowane podejmowanie decyzji<\/strong><\/p>\n\n\n\n<ol id=\"block-13b72bb7-9858-4425-9699-4ac8e5b4147a\"><li>W celu tworzenia profili U\u017cytkownik\u00f3w, kt\u00f3re pomagaj\u0105 Administratorowi zrozumie\u0107 ich preferencje, zachowania oraz potrzeby, na platformie Selleetools stosowany jest proces analizy danych osobowych U\u017cytkownik\u00f3w (zwane dalej: \u201e<strong>Profilowanie<\/strong>\u201d).<\/li><li>Profilowanie mo\u017ce obejmowa\u0107 analiz\u0119 historii oferowanych produkt\u00f3w U\u017cytkownik\u00f3w, preferowanych kategorii produkt\u00f3w U\u017cytkownik\u00f3w, aktywno\u015bci na platformie oraz innych dost\u0119pnych danych.<\/li><li>Profilowanie pozwala Administratorowi tak\u017ce poprawi\u0107 dzia\u0142alno\u015b\u0107 handlow\u0105, analizowa\u0107 trendy i dostosowywa\u0107 platform\u0119 Selleetools w celu zapewnienia jak najlepszych do\u015bwiadcze\u0144.<\/li><li>Przetwarzanie danych osobowych w celu Profilowania wymaga zgody U\u017cytkownika. U\u017cytkownik ma prawo wyrazi\u0107 lub odm\u00f3wi\u0107 zgody na Profilowanie, a tak\u017ce w dowolnym zarz\u0105dza\u0107 zgod\u0105, w tym cofn\u0105\u0107 udzielon\u0105 zgod\u0119.<\/li><li>Profilowanie nie ma wp\u0142ywu na prawa U\u017cytkownik\u00f3w ani na ich dost\u0119p do naszej platformy, jednak\u017ce brak zgody na Profilowanie mo\u017ce wp\u0142yn\u0105\u0107 na spersonalizowane oferty i rekomendacje produkt\u00f3w.<\/li><\/ol>\n\n\n\n<p id=\"block-9f918a6e-b618-400b-a31a-a7c4dc769e1f\"><strong>12. Bezpiecze\u0144stwo Danych osobowych<\/strong><\/p>\n\n\n\n<ol id=\"block-d5248af4-c4b5-4dc4-9118-14dacacfdaff\"><li>Administrator na bie\u017c\u0105co prowadzi dzia\u0142ania analiz\u0119 ryzyka w celu zapewnienia, \u017ce Dane osobowe przetwarzane s\u0105 przez niego w spos\u00f3b bezpieczny \u2013 zapewniaj\u0105cy przede wszystkim, \u017ce dost\u0119p do danych maj\u0105 jedynie osoby upowa\u017cnione i jedynie w zakresie, w jakim jest to niezb\u0119dne ze wzgl\u0119du na wykonywane przez nie zadania. Administrator dba o to, by wszystkie operacje na Danych osobowych by\u0142y rejestrowane i dokonywane jedynie przez uprawnionych pracownik\u00f3w i wsp\u00f3\u0142pracownik\u00f3w oraz U\u017cytkownik\u00f3w.<\/li><li>Administrator podkre\u015bla, \u017ce \u017cadna metoda przesy\u0142ania danych przez Internet lub przechowywania ich elektronicznie nie jest w pe\u0142ni bezpieczna. Dlatego Administrator nie gwarantuje absolutnej ochrony danych przed ich nieuprawnionym ujawnieniem.<\/li><\/ol>\n\n\n\n<p id=\"block-96ef11d7-a2e2-47a2-a0da-e07e13c46ba1\"><strong>13. Zmiany Polityki prywatno\u015bci<\/strong><\/p>\n\n\n\n<ol id=\"block-d60fe3a6-31fe-4f15-a884-1a6239a55cb7\"><li>Polityka jest na bie\u017c\u0105co weryfikowana i w razie potrzeby aktualizowana w zwi\u0105zku z rozwojem naszej platformy lub zmianami w przepisach prawnych. Prosimy o regularne sprawdzanie tej Polityki w celu zapoznania si\u0119 z ewentualnymi zmianami.<\/li><li>Aktualna wersja Polityki zosta\u0142a przyj\u0119ta i obowi\u0105zuje od 11.10 2023 r.<\/li><\/ol>\n","protected":false},"excerpt":{"rendered":"<p>Polityka prywatno\u015bci platformy Selleetools Wprowadzenie Niniejsza Polityka prywatno\u015bci skierowana jest do U\u017cytkownik\u00f3w strony internetowej Selleetools (https:\/\/selleetools.com). W Polityce zosta\u0142y opisane zasady i sposoby gromadzenia oraz wykorzystywania danych U\u017cytkownik\u00f3w, a tak\u017ce ich bezpiecze\u0144stwo oraz regulacje zwi\u0105zane z przekazywaniem dla innych podmiot\u00f3w danych U\u017cytkownik\u00f3w. Dane zbierane s\u0105 bezpo\u015brednio od U\u017cytkownik\u00f3w lub za po\u015brednictwem plik\u00f3w cookies oraz podobnych &#8230; <a title=\"Polityka prywatno\u015bci\" class=\"read-more\" href=\"https:\/\/admincentral.selleetools.com\/pl\/polityka-prywatnosci\/\">Read more<span class=\"screen-reader-text\">Polityka prywatno\u015bci<\/span><\/a><\/p>\n","protected":false},"author":1,"featured_media":0,"parent":0,"menu_order":0,"comment_status":"closed","ping_status":"closed","template":"","meta":{"_links_to":"","_links_to_target":""},"yoast_head":"<!-- This site is optimized with the Yoast SEO plugin v19.4 - https:\/\/yoast.com\/wordpress\/plugins\/seo\/ -->\n<title>Polityka prywatno\u015bci - Selleetools.com<\/title>\n<meta name=\"robots\" content=\"index, follow, max-snippet:-1, max-image-preview:large, max-video-preview:-1\" \/>\n<link rel=\"canonical\" href=\"https:\/\/selleetools.com\/pl\/polityka-prywatnosci\/\" \/>\n<meta property=\"og:locale\" content=\"pl_PL\" \/>\n<meta property=\"og:type\" content=\"article\" \/>\n<meta property=\"og:title\" content=\"Polityka prywatno\u015bci - Selleetools.com\" \/>\n<meta property=\"og:description\" content=\"Polityka prywatno\u015bci platformy Selleetools Wprowadzenie Niniejsza Polityka prywatno\u015bci skierowana jest do U\u017cytkownik\u00f3w strony internetowej Selleetools (https:\/\/selleetools.com). W Polityce zosta\u0142y opisane zasady i sposoby gromadzenia oraz wykorzystywania danych U\u017cytkownik\u00f3w, a tak\u017ce ich bezpiecze\u0144stwo oraz regulacje zwi\u0105zane z przekazywaniem dla innych podmiot\u00f3w danych U\u017cytkownik\u00f3w. Dane zbierane s\u0105 bezpo\u015brednio od U\u017cytkownik\u00f3w lub za po\u015brednictwem plik\u00f3w cookies oraz podobnych ... Read morePolityka prywatno\u015bci\" \/>\n<meta property=\"og:url\" content=\"https:\/\/selleetools.com\/pl\/polityka-prywatnosci\/\" \/>\n<meta property=\"og:site_name\" content=\"Selleetools.com\" \/>\n<meta property=\"article:modified_time\" content=\"2023-10-11T08:02:06+00:00\" \/>\n<meta name=\"twitter:card\" content=\"summary_large_image\" \/>\n<meta name=\"twitter:label1\" content=\"Est. reading time\" \/>\n\t<meta name=\"twitter:data1\" content=\"10 minut\" \/>\n<!-- \/ Yoast SEO plugin. -->","yoast_head_json":{"title":"Polityka prywatno\u015bci - Selleetools.com","robots":{"index":"index","follow":"follow","max-snippet":"max-snippet:-1","max-image-preview":"max-image-preview:large","max-video-preview":"max-video-preview:-1"},"canonical":"https:\/\/selleetools.com\/pl\/polityka-prywatnosci\/","og_locale":"pl_PL","og_type":"article","og_title":"Polityka prywatno\u015bci - Selleetools.com","og_description":"Polityka prywatno\u015bci platformy Selleetools Wprowadzenie Niniejsza Polityka prywatno\u015bci skierowana jest do U\u017cytkownik\u00f3w strony internetowej Selleetools (https:\/\/selleetools.com). W Polityce zosta\u0142y opisane zasady i sposoby gromadzenia oraz wykorzystywania danych U\u017cytkownik\u00f3w, a tak\u017ce ich bezpiecze\u0144stwo oraz regulacje zwi\u0105zane z przekazywaniem dla innych podmiot\u00f3w danych U\u017cytkownik\u00f3w. Dane zbierane s\u0105 bezpo\u015brednio od U\u017cytkownik\u00f3w lub za po\u015brednictwem plik\u00f3w cookies oraz podobnych ... Read morePolityka prywatno\u015bci","og_url":"https:\/\/selleetools.com\/pl\/polityka-prywatnosci\/","og_site_name":"Selleetools.com","article_modified_time":"2023-10-11T08:02:06+00:00","twitter_card":"summary_large_image","twitter_misc":{"Est. reading time":"10 minut"},"schema":{"@context":"https:\/\/schema.org","@graph":[{"@type":"Organization","@id":"https:\/\/selleetools.com\/#organization","name":"Selleetools","url":"https:\/\/selleetools.com\/","sameAs":[],"logo":{"@type":"ImageObject","inLanguage":"pl-PL","@id":"https:\/\/selleetools.com\/#\/schema\/logo\/image\/","url":"https:\/\/selleetools.com\/wp-content\/uploads\/2021\/10\/logo-dark.png","contentUrl":"https:\/\/selleetools.com\/wp-content\/uploads\/2021\/10\/logo-dark.png","width":320,"height":76,"caption":"Selleetools"},"image":{"@id":"https:\/\/selleetools.com\/#\/schema\/logo\/image\/"}},{"@type":"WebSite","@id":"https:\/\/selleetools.com\/#website","url":"https:\/\/selleetools.com\/","name":"Selleetools.com","description":"","publisher":{"@id":"https:\/\/selleetools.com\/#organization"},"potentialAction":[{"@type":"SearchAction","target":{"@type":"EntryPoint","urlTemplate":"https:\/\/selleetools.com\/?s={search_term_string}"},"query-input":"required name=search_term_string"}],"inLanguage":"pl-PL"},{"@type":"WebPage","@id":"https:\/\/selleetools.com\/pl\/polityka-prywatnosci\/","url":"https:\/\/selleetools.com\/pl\/polityka-prywatnosci\/","name":"Polityka prywatno\u015bci - Selleetools.com","isPartOf":{"@id":"https:\/\/selleetools.com\/#website"},"datePublished":"2023-09-18T14:04:01+00:00","dateModified":"2023-10-11T08:02:06+00:00","breadcrumb":{"@id":"https:\/\/selleetools.com\/pl\/polityka-prywatnosci\/#breadcrumb"},"inLanguage":"pl-PL","potentialAction":[{"@type":"ReadAction","target":["https:\/\/selleetools.com\/pl\/polityka-prywatnosci\/"]}]},{"@type":"BreadcrumbList","@id":"https:\/\/selleetools.com\/pl\/polityka-prywatnosci\/#breadcrumb","itemListElement":[{"@type":"ListItem","position":1,"name":"Home","item":"https:\/\/selleetools.com\/pl\/"},{"@type":"ListItem","position":2,"name":"Polityka prywatno\u015bci"}]}]}},"_links":{"self":[{"href":"https:\/\/admincentral.selleetools.com\/pl\/wp-json\/wp\/v2\/pages\/288126"}],"collection":[{"href":"https:\/\/admincentral.selleetools.com\/pl\/wp-json\/wp\/v2\/pages"}],"about":[{"href":"https:\/\/admincentral.selleetools.com\/pl\/wp-json\/wp\/v2\/types\/page"}],"author":[{"embeddable":true,"href":"https:\/\/admincentral.selleetools.com\/pl\/wp-json\/wp\/v2\/users\/1"}],"replies":[{"embeddable":true,"href":"https:\/\/admincentral.selleetools.com\/pl\/wp-json\/wp\/v2\/comments?post=288126"}],"version-history":[{"count":6,"href":"https:\/\/admincentral.selleetools.com\/pl\/wp-json\/wp\/v2\/pages\/288126\/revisions"}],"predecessor-version":[{"id":298046,"href":"https:\/\/admincentral.selleetools.com\/pl\/wp-json\/wp\/v2\/pages\/288126\/revisions\/298046"}],"wp:attachment":[{"href":"https:\/\/admincentral.selleetools.com\/pl\/wp-json\/wp\/v2\/media?parent=288126"}],"curies":[{"name":"wp","href":"https:\/\/api.w.org\/{rel}","templated":true}]}}