{"id":283287,"date":"2023-08-17T10:54:23","date_gmt":"2023-08-17T08:54:23","guid":{"rendered":"https:\/\/selleetools.com\/?post_type=product&#038;p=283287"},"modified":"2025-05-28T12:36:22","modified_gmt":"2025-05-28T10:36:22","slug":"melissa-doug-holz-lernspielzeug-motorikbrett-zum-verriegeln-montessori-brett-fur-kleinkinder-ab-3-jahre-motorik-spielzeug-fur-die-vorschule-activity-board-kinder-brett-spiel-mit-verschlussen","status":"publish","type":"product","link":"https:\/\/admincentral.selleetools.com\/pl\/product\/melissa-doug-holz-lernspielzeug-motorikbrett-zum-verriegeln-montessori-brett-fur-kleinkinder-ab-3-jahre-motorik-spielzeug-fur-die-vorschule-activity-board-kinder-brett-spiel-mit-verschlussen\/","title":{"rendered":"Melissa &#038; Doug Holz Lernspielzeug Motorikbrett zum Verriegeln | Montessori Brett f\u00fcr Kleinkinder ab 3 Jahre | Motorik Spielzeug f\u00fcr die Vorschule | Activity Board Kinder | Brett Spiel mit Verschl\u00fcssen"},"content":{"rendered":"<p>FeaturesMOTORIKBOARD AUS HOLZ F\u00dcR LERN- &#038; SPIELSPASS: Das Busyboard von Melissa &#038; Doug ist ein Verriegelungsspielbrett, auf dem es viel zu entdecken gibt: Hinter den verschiedenen Verschl\u00fcssen und Schnallen am Activity Haus verbergen sich bunte Tiermotive.MONTESSORI SPIELZEUG AB 3 JAHRE ZUR FR\u00dcHF\u00d6RDERUNG: Ein Fummelbrett ist nicht nur eine tolle Besch\u00e4ftigung f\u00fcr Kinder: Das Aktivit\u00e4ten Board steigert auch die Sensorik und Motorik F\u00e4higkeiten. Im Gegensatz zur Montessori Wand ist es auch perfekt f\u00fcr Reisen.ROBUSTE KLEINKINDER SPIELE F\u00dcR ENTDECKER: Bei einem Kinder Activity Spiel kann es schon mal wild zugehen. Das Holz Motorikspielzeug von Melissa &#038; Doug ist aus langlebigem Material gefertigt \u2013 das Motorik Brett bereitet also viele Jahre lang Freude.MOTORIKSPIELZEUG HOLZ F\u00dcR DIE VORSCHULE: Als p\u00e4dagogisches Spielzeug eignet sich das Montessori Activity Board super als Geschenk f\u00fcr Jungen und M\u00e4dchen ab 3 Jahre. Alleine, zu zweit, zu Hause oder in der Kita: Das Sensorik Board macht einfach Spa\u00df.SPEZIALISIERT AUF P\u00c4DAGOGISCHES HOLZSPIELZEUG: F\u00fcr Melissa und Doug dreht sich alles um bereichernde Spielerlebnisse, damit Kinder ihre F\u00e4higkeiten entdecken k\u00f6nnen \u2013 ob mit dem Motorik Board, Montessori Haus oder einer anderen Activity f\u00fcr Kinder.<\/p>\n","protected":false},"excerpt":{"rendered":"<p>FeaturesMOTORIKBOARD AUS HOLZ F\u00dcR LERN- &#038; SPIELSPASS: Das Busyboard von Melissa &#038; Doug ist ein Verriegelungsspielbrett, auf dem es viel zu entdecken gibt: Hinter den verschiedenen Verschl\u00fcssen und Schnallen am Activity Haus verbergen sich bunte Tiermotive.MONTESSORI SPIELZEUG AB 3 JAHRE ZUR FR\u00dcHF\u00d6RDERUNG: Ein Fummelbrett ist nicht nur eine tolle Besch\u00e4ftigung f\u00fcr Kinder: Das Aktivit\u00e4ten Board &#8230; <a title=\"Melissa &#038; Doug Holz Lernspielzeug Motorikbrett zum Verriegeln | Montessori Brett f\u00fcr Kleinkinder ab 3 Jahre | Motorik Spielzeug f\u00fcr die Vorschule | Activity Board Kinder | Brett Spiel mit Verschl\u00fcssen\" class=\"read-more\" href=\"https:\/\/admincentral.selleetools.com\/pl\/product\/melissa-doug-holz-lernspielzeug-motorikbrett-zum-verriegeln-montessori-brett-fur-kleinkinder-ab-3-jahre-motorik-spielzeug-fur-die-vorschule-activity-board-kinder-brett-spiel-mit-verschlussen\/\">Read more<span class=\"screen-reader-text\">Melissa &#038; Doug Holz Lernspielzeug Motorikbrett zum Verriegeln | Montessori Brett f\u00fcr Kleinkinder ab 3 Jahre | Motorik Spielzeug f\u00fcr die Vorschule | Activity Board Kinder | Brett Spiel mit Verschl\u00fcssen<\/span><\/a><\/p>\n","protected":false},"featured_media":285529,"comment_status":"open","ping_status":"closed","template":"","meta":{"_links_to":"","_links_to_target":""},"yoast_head":"<!-- This site is optimized with the Yoast SEO plugin v19.4 - https:\/\/yoast.com\/wordpress\/plugins\/seo\/ -->\n<title>Melissa &amp; Doug Holz Lernspielzeug Motorikbrett zum Verriegeln | Montessori Brett f\u00fcr Kleinkinder ab 3 Jahre | Motorik Spielzeug f\u00fcr die Vorschule | Activity Board Kinder | Brett Spiel mit Verschl\u00fcssen - Selleetools.com<\/title>\n<meta name=\"robots\" content=\"index, follow, max-snippet:-1, max-image-preview:large, max-video-preview:-1\" \/>\n<link rel=\"canonical\" href=\"https:\/\/admincentral.selleetools.com\/pl\/product\/melissa-doug-holz-lernspielzeug-motorikbrett-zum-verriegeln-montessori-brett-fur-kleinkinder-ab-3-jahre-motorik-spielzeug-fur-die-vorschule-activity-board-kinder-brett-spiel-mit-verschlussen\/\" \/>\n<meta property=\"og:locale\" content=\"pl_PL\" \/>\n<meta property=\"og:type\" content=\"article\" \/>\n<meta property=\"og:title\" content=\"Melissa &amp; Doug Holz Lernspielzeug Motorikbrett zum Verriegeln | Montessori Brett f\u00fcr Kleinkinder ab 3 Jahre | Motorik Spielzeug f\u00fcr die Vorschule | Activity Board Kinder | Brett Spiel mit Verschl\u00fcssen - Selleetools.com\" \/>\n<meta property=\"og:description\" content=\"FeaturesMOTORIKBOARD AUS HOLZ F\u00dcR LERN- &#038; SPIELSPASS: Das Busyboard von Melissa &#038; Doug ist ein Verriegelungsspielbrett, auf dem es viel zu entdecken gibt: Hinter den verschiedenen Verschl\u00fcssen und Schnallen am Activity Haus verbergen sich bunte Tiermotive.MONTESSORI SPIELZEUG AB 3 JAHRE ZUR FR\u00dcHF\u00d6RDERUNG: Ein Fummelbrett ist nicht nur eine tolle Besch\u00e4ftigung f\u00fcr Kinder: Das Aktivit\u00e4ten Board ... Read moreMelissa &#038; Doug Holz Lernspielzeug Motorikbrett zum Verriegeln | Montessori Brett f\u00fcr Kleinkinder ab 3 Jahre | Motorik Spielzeug f\u00fcr die Vorschule | Activity Board Kinder | Brett Spiel mit Verschl\u00fcssen\" \/>\n<meta property=\"og:url\" content=\"https:\/\/admincentral.selleetools.com\/pl\/product\/melissa-doug-holz-lernspielzeug-motorikbrett-zum-verriegeln-montessori-brett-fur-kleinkinder-ab-3-jahre-motorik-spielzeug-fur-die-vorschule-activity-board-kinder-brett-spiel-mit-verschlussen\/\" \/>\n<meta property=\"og:site_name\" content=\"Selleetools.com\" \/>\n<meta property=\"article:modified_time\" content=\"2025-05-28T10:36:22+00:00\" \/>\n<meta property=\"og:image\" content=\"https:\/\/selleetools.com\/wp-content\/uploads\/2023\/08\/81f4MZA1SqL.jpg\" \/>\n\t<meta property=\"og:image:width\" content=\"2560\" \/>\n\t<meta property=\"og:image:height\" content=\"2560\" \/>\n\t<meta property=\"og:image:type\" content=\"image\/jpeg\" \/>\n<meta name=\"twitter:card\" content=\"summary_large_image\" \/>\n<meta name=\"twitter:label1\" content=\"Est. reading time\" \/>\n\t<meta name=\"twitter:data1\" content=\"1 minuta\" \/>\n<!-- \/ Yoast SEO plugin. -->","yoast_head_json":{"title":"Melissa & Doug Holz Lernspielzeug Motorikbrett zum Verriegeln | Montessori Brett f\u00fcr Kleinkinder ab 3 Jahre | Motorik Spielzeug f\u00fcr die Vorschule | Activity Board Kinder | Brett Spiel mit Verschl\u00fcssen - Selleetools.com","robots":{"index":"index","follow":"follow","max-snippet":"max-snippet:-1","max-image-preview":"max-image-preview:large","max-video-preview":"max-video-preview:-1"},"canonical":"https:\/\/admincentral.selleetools.com\/pl\/product\/melissa-doug-holz-lernspielzeug-motorikbrett-zum-verriegeln-montessori-brett-fur-kleinkinder-ab-3-jahre-motorik-spielzeug-fur-die-vorschule-activity-board-kinder-brett-spiel-mit-verschlussen\/","og_locale":"pl_PL","og_type":"article","og_title":"Melissa & Doug Holz Lernspielzeug Motorikbrett zum Verriegeln | Montessori Brett f\u00fcr Kleinkinder ab 3 Jahre | Motorik Spielzeug f\u00fcr die Vorschule | Activity Board Kinder | Brett Spiel mit Verschl\u00fcssen - Selleetools.com","og_description":"FeaturesMOTORIKBOARD AUS HOLZ F\u00dcR LERN- &#038; SPIELSPASS: Das Busyboard von Melissa &#038; Doug ist ein Verriegelungsspielbrett, auf dem es viel zu entdecken gibt: Hinter den verschiedenen Verschl\u00fcssen und Schnallen am Activity Haus verbergen sich bunte Tiermotive.MONTESSORI SPIELZEUG AB 3 JAHRE ZUR FR\u00dcHF\u00d6RDERUNG: Ein Fummelbrett ist nicht nur eine tolle Besch\u00e4ftigung f\u00fcr Kinder: Das Aktivit\u00e4ten Board ... Read moreMelissa &#038; Doug Holz Lernspielzeug Motorikbrett zum Verriegeln | Montessori Brett f\u00fcr Kleinkinder ab 3 Jahre | Motorik Spielzeug f\u00fcr die Vorschule | Activity Board Kinder | Brett Spiel mit Verschl\u00fcssen","og_url":"https:\/\/admincentral.selleetools.com\/pl\/product\/melissa-doug-holz-lernspielzeug-motorikbrett-zum-verriegeln-montessori-brett-fur-kleinkinder-ab-3-jahre-motorik-spielzeug-fur-die-vorschule-activity-board-kinder-brett-spiel-mit-verschlussen\/","og_site_name":"Selleetools.com","article_modified_time":"2025-05-28T10:36:22+00:00","og_image":[{"width":2560,"height":2560,"url":"https:\/\/selleetools.com\/wp-content\/uploads\/2023\/08\/81f4MZA1SqL.jpg","type":"image\/jpeg"}],"twitter_card":"summary_large_image","twitter_misc":{"Est. reading time":"1 minuta"},"schema":{"@context":"https:\/\/schema.org","@graph":[{"@type":"Organization","@id":"https:\/\/selleetools.com\/#organization","name":"Selleetools","url":"https:\/\/selleetools.com\/","sameAs":[],"logo":{"@type":"ImageObject","inLanguage":"pl-PL","@id":"https:\/\/selleetools.com\/#\/schema\/logo\/image\/","url":"https:\/\/selleetools.com\/wp-content\/uploads\/2021\/10\/logo-dark.png","contentUrl":"https:\/\/selleetools.com\/wp-content\/uploads\/2021\/10\/logo-dark.png","width":320,"height":76,"caption":"Selleetools"},"image":{"@id":"https:\/\/selleetools.com\/#\/schema\/logo\/image\/"}},{"@type":"WebSite","@id":"https:\/\/selleetools.com\/#website","url":"https:\/\/selleetools.com\/","name":"Selleetools.com","description":"","publisher":{"@id":"https:\/\/selleetools.com\/#organization"},"potentialAction":[{"@type":"SearchAction","target":{"@type":"EntryPoint","urlTemplate":"https:\/\/selleetools.com\/?s={search_term_string}"},"query-input":"required name=search_term_string"}],"inLanguage":"pl-PL"},{"@type":"WebPage","@id":"https:\/\/admincentral.selleetools.com\/pl\/product\/melissa-doug-holz-lernspielzeug-motorikbrett-zum-verriegeln-montessori-brett-fur-kleinkinder-ab-3-jahre-motorik-spielzeug-fur-die-vorschule-activity-board-kinder-brett-spiel-mit-verschlussen\/","url":"https:\/\/admincentral.selleetools.com\/pl\/product\/melissa-doug-holz-lernspielzeug-motorikbrett-zum-verriegeln-montessori-brett-fur-kleinkinder-ab-3-jahre-motorik-spielzeug-fur-die-vorschule-activity-board-kinder-brett-spiel-mit-verschlussen\/","name":"Melissa & Doug Holz Lernspielzeug Motorikbrett zum Verriegeln | Montessori Brett f\u00fcr Kleinkinder ab 3 Jahre | Motorik Spielzeug f\u00fcr die Vorschule | Activity Board Kinder | Brett Spiel mit Verschl\u00fcssen - Selleetools.com","isPartOf":{"@id":"https:\/\/selleetools.com\/#website"},"datePublished":"2023-08-17T08:54:23+00:00","dateModified":"2025-05-28T10:36:22+00:00","breadcrumb":{"@id":"https:\/\/admincentral.selleetools.com\/pl\/product\/melissa-doug-holz-lernspielzeug-motorikbrett-zum-verriegeln-montessori-brett-fur-kleinkinder-ab-3-jahre-motorik-spielzeug-fur-die-vorschule-activity-board-kinder-brett-spiel-mit-verschlussen\/#breadcrumb"},"inLanguage":"pl-PL","potentialAction":[{"@type":"ReadAction","target":["https:\/\/admincentral.selleetools.com\/pl\/product\/melissa-doug-holz-lernspielzeug-motorikbrett-zum-verriegeln-montessori-brett-fur-kleinkinder-ab-3-jahre-motorik-spielzeug-fur-die-vorschule-activity-board-kinder-brett-spiel-mit-verschlussen\/"]}]},{"@type":"BreadcrumbList","@id":"https:\/\/admincentral.selleetools.com\/pl\/product\/melissa-doug-holz-lernspielzeug-motorikbrett-zum-verriegeln-montessori-brett-fur-kleinkinder-ab-3-jahre-motorik-spielzeug-fur-die-vorschule-activity-board-kinder-brett-spiel-mit-verschlussen\/#breadcrumb","itemListElement":[{"@type":"ListItem","position":1,"name":"Home","item":"https:\/\/selleetools.com\/pl\/"},{"@type":"ListItem","position":2,"name":"Katalog","item":"https:\/\/selleetools.com\/pl\/katalog\/"},{"@type":"ListItem","position":3,"name":"Melissa &#038; Doug Holz Lernspielzeug Motorikbrett zum Verriegeln | Montessori Brett f\u00fcr Kleinkinder ab 3 Jahre | Motorik Spielzeug f\u00fcr die Vorschule | Activity Board Kinder | Brett Spiel mit Verschl\u00fcssen"}]}]}},"_links":{"self":[{"href":"https:\/\/admincentral.selleetools.com\/pl\/wp-json\/wp\/v2\/product\/283287"}],"collection":[{"href":"https:\/\/admincentral.selleetools.com\/pl\/wp-json\/wp\/v2\/product"}],"about":[{"href":"https:\/\/admincentral.selleetools.com\/pl\/wp-json\/wp\/v2\/types\/product"}],"replies":[{"embeddable":true,"href":"https:\/\/admincentral.selleetools.com\/pl\/wp-json\/wp\/v2\/comments?post=283287"}],"wp:featuredmedia":[{"embeddable":true,"href":"https:\/\/admincentral.selleetools.com\/pl\/wp-json\/wp\/v2\/media\/285529"}],"wp:attachment":[{"href":"https:\/\/admincentral.selleetools.com\/pl\/wp-json\/wp\/v2\/media?parent=283287"}],"curies":[{"name":"wp","href":"https:\/\/api.w.org\/{rel}","templated":true}]}}