{"id":283318,"date":"2023-08-17T10:54:34","date_gmt":"2023-08-17T08:54:34","guid":{"rendered":"https:\/\/selleetools.com\/?post_type=product&#038;p=283318"},"modified":"2023-12-04T13:36:33","modified_gmt":"2023-12-04T12:36:33","slug":"lelin-l40105-25-teiliges-eiscreme-auswahl-set-mehrfarbig-18-5-x-12-x-14-centimeters","status":"publish","type":"product","link":"https:\/\/admincentral.selleetools.com\/pl\/product\/lelin-l40105-25-teiliges-eiscreme-auswahl-set-mehrfarbig-18-5-x-12-x-14-centimeters\/","title":{"rendered":"Lelin L40105 25-teiliges Eiscreme-Auswahl-Set, Mehrfarbig, 18.5 x 12 x 14 Centimeters"},"content":{"rendered":"<p>FeaturesLernen Sie beim Spielen: Die Eiscreme-Auswahl von LELIN ist ein ideales Lernwerkzeug f\u00fcr Kinder, w\u00e4hrend sie spielen. Kleine K\u00f6che werden es genie\u00dfen, mit diesem 25-teiligen Spielzeug-Spielset ihre eigene Eiscreme zu kreieren. Dieses charmant bunte Spielzeugset ermutigt Kinder, ein Gedeck f\u00fcr eine K\u00fcche, ein Restaurant oder Eisdielenladen zu legen, und es entwickelt Kreativit\u00e4t, f\u00f6rdert die Hand-Augen-Koordination sowie soziale F\u00e4higkeiten bei kleinen Kindern.Bunte Vielfalt: Das herrliche Eiscreme-Set enth\u00e4lt 6 verschiedene Eiscreme, 2 bunte Lollipop-Eiscreme und 3 s\u00fc\u00dfe Macarons mit Teller.Stunden Spielzeit: Genie\u00dfen Sie unbegrenzten kreativen Spa\u00df mit all den verschiedenen ElementenZertifizierte Qualit\u00e4t: Alle Lelin Toys sind nach den h\u00f6chsten Sicherheitsstandards getestet und entsprechen den internationalen Sicherheitsstandards f\u00fcr Spielzeug. Lelin-Spielzeuge werden aus nachwachsenden Rohstoffen mit ungiftigen Farben und Lacken hergestellt.Ideales Geschenk: Lelin-Spielzeuge werden in eleganter Verpackung geliefert und sei es ein Geburtstag, Weihnachten oder jede andere Gelegenheit, bei der Sie nichts falsch machen k\u00f6nnen, wenn es darum geht, ein kleines Kind zu verschenken.<\/p>\n","protected":false},"excerpt":{"rendered":"<p>FeaturesLernen Sie beim Spielen: Die Eiscreme-Auswahl von LELIN ist ein ideales Lernwerkzeug f\u00fcr Kinder, w\u00e4hrend sie spielen. Kleine K\u00f6che werden es genie\u00dfen, mit diesem 25-teiligen Spielzeug-Spielset ihre eigene Eiscreme zu kreieren. Dieses charmant bunte Spielzeugset ermutigt Kinder, ein Gedeck f\u00fcr eine K\u00fcche, ein Restaurant oder Eisdielenladen zu legen, und es entwickelt Kreativit\u00e4t, f\u00f6rdert die Hand-Augen-Koordination &#8230; <a title=\"Lelin L40105 25-teiliges Eiscreme-Auswahl-Set, Mehrfarbig, 18.5 x 12 x 14 Centimeters\" class=\"read-more\" href=\"https:\/\/admincentral.selleetools.com\/pl\/product\/lelin-l40105-25-teiliges-eiscreme-auswahl-set-mehrfarbig-18-5-x-12-x-14-centimeters\/\">Read more<span class=\"screen-reader-text\">Lelin L40105 25-teiliges Eiscreme-Auswahl-Set, Mehrfarbig, 18.5 x 12 x 14 Centimeters<\/span><\/a><\/p>\n","protected":false},"featured_media":285583,"comment_status":"open","ping_status":"closed","template":"","meta":{"_links_to":"","_links_to_target":""},"yoast_head":"<!-- This site is optimized with the Yoast SEO plugin v19.4 - https:\/\/yoast.com\/wordpress\/plugins\/seo\/ -->\n<title>Lelin L40105 25-teiliges Eiscreme-Auswahl-Set, Mehrfarbig, 18.5 x 12 x 14 Centimeters - Selleetools.com<\/title>\n<meta name=\"robots\" content=\"index, follow, max-snippet:-1, max-image-preview:large, max-video-preview:-1\" \/>\n<link rel=\"canonical\" href=\"https:\/\/selleetools.com\/pl\/product\/lelin-l40105-25-teiliges-eiscreme-auswahl-set-mehrfarbig-18-5-x-12-x-14-centimeters\/\" \/>\n<meta property=\"og:locale\" content=\"pl_PL\" \/>\n<meta property=\"og:type\" content=\"article\" \/>\n<meta property=\"og:title\" content=\"Lelin L40105 25-teiliges Eiscreme-Auswahl-Set, Mehrfarbig, 18.5 x 12 x 14 Centimeters - Selleetools.com\" \/>\n<meta property=\"og:description\" content=\"FeaturesLernen Sie beim Spielen: Die Eiscreme-Auswahl von LELIN ist ein ideales Lernwerkzeug f\u00fcr Kinder, w\u00e4hrend sie spielen. Kleine K\u00f6che werden es genie\u00dfen, mit diesem 25-teiligen Spielzeug-Spielset ihre eigene Eiscreme zu kreieren. Dieses charmant bunte Spielzeugset ermutigt Kinder, ein Gedeck f\u00fcr eine K\u00fcche, ein Restaurant oder Eisdielenladen zu legen, und es entwickelt Kreativit\u00e4t, f\u00f6rdert die Hand-Augen-Koordination ... Read moreLelin L40105 25-teiliges Eiscreme-Auswahl-Set, Mehrfarbig, 18.5 x 12 x 14 Centimeters\" \/>\n<meta property=\"og:url\" content=\"https:\/\/selleetools.com\/pl\/product\/lelin-l40105-25-teiliges-eiscreme-auswahl-set-mehrfarbig-18-5-x-12-x-14-centimeters\/\" \/>\n<meta property=\"og:site_name\" content=\"Selleetools.com\" \/>\n<meta property=\"article:modified_time\" content=\"2023-12-04T12:36:33+00:00\" \/>\n<meta property=\"og:image\" content=\"https:\/\/selleetools.com\/wp-content\/uploads\/2023\/08\/61PXc1Q1bbL.jpg\" \/>\n\t<meta property=\"og:image:width\" content=\"1800\" \/>\n\t<meta property=\"og:image:height\" content=\"1041\" \/>\n\t<meta property=\"og:image:type\" content=\"image\/jpeg\" \/>\n<meta name=\"twitter:card\" content=\"summary_large_image\" \/>\n<meta name=\"twitter:label1\" content=\"Est. reading time\" \/>\n\t<meta name=\"twitter:data1\" content=\"1 minuta\" \/>\n<!-- \/ Yoast SEO plugin. -->","yoast_head_json":{"title":"Lelin L40105 25-teiliges Eiscreme-Auswahl-Set, Mehrfarbig, 18.5 x 12 x 14 Centimeters - Selleetools.com","robots":{"index":"index","follow":"follow","max-snippet":"max-snippet:-1","max-image-preview":"max-image-preview:large","max-video-preview":"max-video-preview:-1"},"canonical":"https:\/\/selleetools.com\/pl\/product\/lelin-l40105-25-teiliges-eiscreme-auswahl-set-mehrfarbig-18-5-x-12-x-14-centimeters\/","og_locale":"pl_PL","og_type":"article","og_title":"Lelin L40105 25-teiliges Eiscreme-Auswahl-Set, Mehrfarbig, 18.5 x 12 x 14 Centimeters - Selleetools.com","og_description":"FeaturesLernen Sie beim Spielen: Die Eiscreme-Auswahl von LELIN ist ein ideales Lernwerkzeug f\u00fcr Kinder, w\u00e4hrend sie spielen. Kleine K\u00f6che werden es genie\u00dfen, mit diesem 25-teiligen Spielzeug-Spielset ihre eigene Eiscreme zu kreieren. Dieses charmant bunte Spielzeugset ermutigt Kinder, ein Gedeck f\u00fcr eine K\u00fcche, ein Restaurant oder Eisdielenladen zu legen, und es entwickelt Kreativit\u00e4t, f\u00f6rdert die Hand-Augen-Koordination ... Read moreLelin L40105 25-teiliges Eiscreme-Auswahl-Set, Mehrfarbig, 18.5 x 12 x 14 Centimeters","og_url":"https:\/\/selleetools.com\/pl\/product\/lelin-l40105-25-teiliges-eiscreme-auswahl-set-mehrfarbig-18-5-x-12-x-14-centimeters\/","og_site_name":"Selleetools.com","article_modified_time":"2023-12-04T12:36:33+00:00","og_image":[{"width":1800,"height":1041,"url":"https:\/\/selleetools.com\/wp-content\/uploads\/2023\/08\/61PXc1Q1bbL.jpg","type":"image\/jpeg"}],"twitter_card":"summary_large_image","twitter_misc":{"Est. reading time":"1 minuta"},"schema":{"@context":"https:\/\/schema.org","@graph":[{"@type":"Organization","@id":"https:\/\/selleetools.com\/#organization","name":"Selleetools","url":"https:\/\/selleetools.com\/","sameAs":[],"logo":{"@type":"ImageObject","inLanguage":"pl-PL","@id":"https:\/\/selleetools.com\/#\/schema\/logo\/image\/","url":"https:\/\/selleetools.com\/wp-content\/uploads\/2021\/10\/logo-dark.png","contentUrl":"https:\/\/selleetools.com\/wp-content\/uploads\/2021\/10\/logo-dark.png","width":320,"height":76,"caption":"Selleetools"},"image":{"@id":"https:\/\/selleetools.com\/#\/schema\/logo\/image\/"}},{"@type":"WebSite","@id":"https:\/\/selleetools.com\/#website","url":"https:\/\/selleetools.com\/","name":"Selleetools.com","description":"","publisher":{"@id":"https:\/\/selleetools.com\/#organization"},"potentialAction":[{"@type":"SearchAction","target":{"@type":"EntryPoint","urlTemplate":"https:\/\/selleetools.com\/?s={search_term_string}"},"query-input":"required name=search_term_string"}],"inLanguage":"pl-PL"},{"@type":"WebPage","@id":"https:\/\/selleetools.com\/pl\/product\/lelin-l40105-25-teiliges-eiscreme-auswahl-set-mehrfarbig-18-5-x-12-x-14-centimeters\/","url":"https:\/\/selleetools.com\/pl\/product\/lelin-l40105-25-teiliges-eiscreme-auswahl-set-mehrfarbig-18-5-x-12-x-14-centimeters\/","name":"Lelin L40105 25-teiliges Eiscreme-Auswahl-Set, Mehrfarbig, 18.5 x 12 x 14 Centimeters - Selleetools.com","isPartOf":{"@id":"https:\/\/selleetools.com\/#website"},"datePublished":"2023-08-17T08:54:34+00:00","dateModified":"2023-12-04T12:36:33+00:00","breadcrumb":{"@id":"https:\/\/selleetools.com\/pl\/product\/lelin-l40105-25-teiliges-eiscreme-auswahl-set-mehrfarbig-18-5-x-12-x-14-centimeters\/#breadcrumb"},"inLanguage":"pl-PL","potentialAction":[{"@type":"ReadAction","target":["https:\/\/selleetools.com\/pl\/product\/lelin-l40105-25-teiliges-eiscreme-auswahl-set-mehrfarbig-18-5-x-12-x-14-centimeters\/"]}]},{"@type":"BreadcrumbList","@id":"https:\/\/selleetools.com\/pl\/product\/lelin-l40105-25-teiliges-eiscreme-auswahl-set-mehrfarbig-18-5-x-12-x-14-centimeters\/#breadcrumb","itemListElement":[{"@type":"ListItem","position":1,"name":"Home","item":"https:\/\/selleetools.com\/pl\/"},{"@type":"ListItem","position":2,"name":"Katalog","item":"https:\/\/selleetools.com\/pl\/katalog\/"},{"@type":"ListItem","position":3,"name":"Lelin L40105 25-teiliges Eiscreme-Auswahl-Set, Mehrfarbig, 18.5 x 12 x 14 Centimeters"}]}]}},"_links":{"self":[{"href":"https:\/\/admincentral.selleetools.com\/pl\/wp-json\/wp\/v2\/product\/283318"}],"collection":[{"href":"https:\/\/admincentral.selleetools.com\/pl\/wp-json\/wp\/v2\/product"}],"about":[{"href":"https:\/\/admincentral.selleetools.com\/pl\/wp-json\/wp\/v2\/types\/product"}],"replies":[{"embeddable":true,"href":"https:\/\/admincentral.selleetools.com\/pl\/wp-json\/wp\/v2\/comments?post=283318"}],"wp:featuredmedia":[{"embeddable":true,"href":"https:\/\/admincentral.selleetools.com\/pl\/wp-json\/wp\/v2\/media\/285583"}],"wp:attachment":[{"href":"https:\/\/admincentral.selleetools.com\/pl\/wp-json\/wp\/v2\/media?parent=283318"}],"curies":[{"name":"wp","href":"https:\/\/api.w.org\/{rel}","templated":true}]}}