{"id":283331,"date":"2023-08-17T10:54:42","date_gmt":"2023-08-17T08:54:42","guid":{"rendered":"https:\/\/selleetools.com\/?post_type=product&#038;p=283331"},"modified":"2023-12-04T13:36:33","modified_gmt":"2023-12-04T12:36:33","slug":"moms-care-sensorische-pyramide-pastell","status":"publish","type":"product","link":"https:\/\/admincentral.selleetools.com\/pl\/product\/moms-care-sensorische-pyramide-pastell\/","title":{"rendered":"MOM\u2019S CARE Sensorische Pyramide Pastell"},"content":{"rendered":"<p>Moderne Pastellfarben und abwechslungsreiche Texturen sind die Merkmale der Sinnespyramide. Es wurde entwickelt, um die Sinnesrezeptoren des Kindes zu stimulieren. Mit diesem kreativen Spielzeug k\u00f6nnen Kleinkinder ihre Sinne erforschen und ihre motorische und visuelle Koordination sowie ihr r\u00e4umliches Bewusstsein schulen. Die leichten Teile erm\u00f6glichen es Kleinkindern, zu stapeln, zu rollen und zu balancieren. Etwas \u00e4ltere Kinder lernen dank der Pyramide ganz leicht ihre ersten Buchstaben und Zahlen. Mom\u2019s Care Spielzeuge sind polnische, preisgekr\u00f6nte Produkte, die der EN-71-Norm entsprechen und aus OEKO TEX-zertifizierten Rohstoffen hergestellt werden. Da wir jedes Spielzeug selbst herstellen, setzen wir alles daran, dass die Qualit\u00e4t der Produktion in jeder Phase so hoch wie m\u00f6glich ist. Jedes Produkt tr\u00e4gt das CE-Zeichen. Es ist nicht notwendig, die Spielzeuge f\u00fcr die Pflege und das Waschen zu sterilisieren (verwende auf keinen Fall die Mikrowellensterilisation, da die Wellen die Spielzeuge besch\u00e4digen k\u00f6nnen), warmes Wasser mit Babyseife ist ausreichend.FeaturesMindestalter 0 MonateGeschlecht Jungen, M\u00e4dchen<\/p>\n","protected":false},"excerpt":{"rendered":"<p>Moderne Pastellfarben und abwechslungsreiche Texturen sind die Merkmale der Sinnespyramide. Es wurde entwickelt, um die Sinnesrezeptoren des Kindes zu stimulieren. Mit diesem kreativen Spielzeug k\u00f6nnen Kleinkinder ihre Sinne erforschen und ihre motorische und visuelle Koordination sowie ihr r\u00e4umliches Bewusstsein schulen. Die leichten Teile erm\u00f6glichen es Kleinkindern, zu stapeln, zu rollen und zu balancieren. Etwas \u00e4ltere &#8230; <a title=\"MOM\u2019S CARE Sensorische Pyramide Pastell\" class=\"read-more\" href=\"https:\/\/admincentral.selleetools.com\/pl\/product\/moms-care-sensorische-pyramide-pastell\/\">Read more<span class=\"screen-reader-text\">MOM\u2019S CARE Sensorische Pyramide Pastell<\/span><\/a><\/p>\n","protected":false},"featured_media":285613,"comment_status":"open","ping_status":"closed","template":"","meta":{"_links_to":"","_links_to_target":""},"yoast_head":"<!-- This site is optimized with the Yoast SEO plugin v19.4 - https:\/\/yoast.com\/wordpress\/plugins\/seo\/ -->\n<title>MOM\u2019S CARE Sensorische Pyramide Pastell - Selleetools.com<\/title>\n<meta name=\"robots\" content=\"index, follow, max-snippet:-1, max-image-preview:large, max-video-preview:-1\" \/>\n<link rel=\"canonical\" href=\"https:\/\/selleetools.com\/product\/moms-care-sensorische-pyramide-pastell\/\" \/>\n<meta property=\"og:locale\" content=\"pl_PL\" \/>\n<meta property=\"og:type\" content=\"article\" \/>\n<meta property=\"og:title\" content=\"MOM\u2019S CARE Sensorische Pyramide Pastell - Selleetools.com\" \/>\n<meta property=\"og:description\" content=\"Moderne Pastellfarben und abwechslungsreiche Texturen sind die Merkmale der Sinnespyramide. Es wurde entwickelt, um die Sinnesrezeptoren des Kindes zu stimulieren. Mit diesem kreativen Spielzeug k\u00f6nnen Kleinkinder ihre Sinne erforschen und ihre motorische und visuelle Koordination sowie ihr r\u00e4umliches Bewusstsein schulen. Die leichten Teile erm\u00f6glichen es Kleinkindern, zu stapeln, zu rollen und zu balancieren. Etwas \u00e4ltere ... Read moreMOM\u2019S CARE Sensorische Pyramide Pastell\" \/>\n<meta property=\"og:url\" content=\"https:\/\/selleetools.com\/product\/moms-care-sensorische-pyramide-pastell\/\" \/>\n<meta property=\"og:site_name\" content=\"Selleetools.com\" \/>\n<meta property=\"article:modified_time\" content=\"2023-12-04T12:36:33+00:00\" \/>\n<meta property=\"og:image\" content=\"https:\/\/selleetools.com\/wp-content\/uploads\/2023\/08\/61qD48c3dpL.jpg\" \/>\n\t<meta property=\"og:image:width\" content=\"1200\" \/>\n\t<meta property=\"og:image:height\" content=\"1800\" \/>\n\t<meta property=\"og:image:type\" content=\"image\/jpeg\" \/>\n<meta name=\"twitter:card\" content=\"summary_large_image\" \/>\n<meta name=\"twitter:label1\" content=\"Est. reading time\" \/>\n\t<meta name=\"twitter:data1\" content=\"1 minuta\" \/>\n<!-- \/ Yoast SEO plugin. -->","yoast_head_json":{"title":"MOM\u2019S CARE Sensorische Pyramide Pastell - Selleetools.com","robots":{"index":"index","follow":"follow","max-snippet":"max-snippet:-1","max-image-preview":"max-image-preview:large","max-video-preview":"max-video-preview:-1"},"canonical":"https:\/\/selleetools.com\/product\/moms-care-sensorische-pyramide-pastell\/","og_locale":"pl_PL","og_type":"article","og_title":"MOM\u2019S CARE Sensorische Pyramide Pastell - Selleetools.com","og_description":"Moderne Pastellfarben und abwechslungsreiche Texturen sind die Merkmale der Sinnespyramide. Es wurde entwickelt, um die Sinnesrezeptoren des Kindes zu stimulieren. Mit diesem kreativen Spielzeug k\u00f6nnen Kleinkinder ihre Sinne erforschen und ihre motorische und visuelle Koordination sowie ihr r\u00e4umliches Bewusstsein schulen. Die leichten Teile erm\u00f6glichen es Kleinkindern, zu stapeln, zu rollen und zu balancieren. Etwas \u00e4ltere ... Read moreMOM\u2019S CARE Sensorische Pyramide Pastell","og_url":"https:\/\/selleetools.com\/product\/moms-care-sensorische-pyramide-pastell\/","og_site_name":"Selleetools.com","article_modified_time":"2023-12-04T12:36:33+00:00","og_image":[{"width":1200,"height":1800,"url":"https:\/\/selleetools.com\/wp-content\/uploads\/2023\/08\/61qD48c3dpL.jpg","type":"image\/jpeg"}],"twitter_card":"summary_large_image","twitter_misc":{"Est. reading time":"1 minuta"},"schema":{"@context":"https:\/\/schema.org","@graph":[{"@type":"Organization","@id":"https:\/\/selleetools.com\/#organization","name":"Selleetools","url":"https:\/\/selleetools.com\/","sameAs":[],"logo":{"@type":"ImageObject","inLanguage":"pl-PL","@id":"https:\/\/selleetools.com\/#\/schema\/logo\/image\/","url":"https:\/\/selleetools.com\/wp-content\/uploads\/2021\/10\/logo-dark.png","contentUrl":"https:\/\/selleetools.com\/wp-content\/uploads\/2021\/10\/logo-dark.png","width":320,"height":76,"caption":"Selleetools"},"image":{"@id":"https:\/\/selleetools.com\/#\/schema\/logo\/image\/"}},{"@type":"WebSite","@id":"https:\/\/selleetools.com\/#website","url":"https:\/\/selleetools.com\/","name":"Selleetools.com","description":"","publisher":{"@id":"https:\/\/selleetools.com\/#organization"},"potentialAction":[{"@type":"SearchAction","target":{"@type":"EntryPoint","urlTemplate":"https:\/\/selleetools.com\/?s={search_term_string}"},"query-input":"required name=search_term_string"}],"inLanguage":"pl-PL"},{"@type":"WebPage","@id":"https:\/\/selleetools.com\/product\/moms-care-sensorische-pyramide-pastell\/","url":"https:\/\/selleetools.com\/product\/moms-care-sensorische-pyramide-pastell\/","name":"MOM\u2019S CARE Sensorische Pyramide Pastell - Selleetools.com","isPartOf":{"@id":"https:\/\/selleetools.com\/#website"},"datePublished":"2023-08-17T08:54:42+00:00","dateModified":"2023-12-04T12:36:33+00:00","breadcrumb":{"@id":"https:\/\/selleetools.com\/product\/moms-care-sensorische-pyramide-pastell\/#breadcrumb"},"inLanguage":"pl-PL","potentialAction":[{"@type":"ReadAction","target":["https:\/\/selleetools.com\/product\/moms-care-sensorische-pyramide-pastell\/"]}]},{"@type":"BreadcrumbList","@id":"https:\/\/selleetools.com\/product\/moms-care-sensorische-pyramide-pastell\/#breadcrumb","itemListElement":[{"@type":"ListItem","position":1,"name":"Home","item":"https:\/\/selleetools.com\/pl\/"},{"@type":"ListItem","position":2,"name":"Katalog","item":"https:\/\/selleetools.com\/pl\/katalog\/"},{"@type":"ListItem","position":3,"name":"MOM\u2019S CARE Sensorische Pyramide Pastell"}]}]}},"_links":{"self":[{"href":"https:\/\/admincentral.selleetools.com\/pl\/wp-json\/wp\/v2\/product\/283331"}],"collection":[{"href":"https:\/\/admincentral.selleetools.com\/pl\/wp-json\/wp\/v2\/product"}],"about":[{"href":"https:\/\/admincentral.selleetools.com\/pl\/wp-json\/wp\/v2\/types\/product"}],"replies":[{"embeddable":true,"href":"https:\/\/admincentral.selleetools.com\/pl\/wp-json\/wp\/v2\/comments?post=283331"}],"wp:featuredmedia":[{"embeddable":true,"href":"https:\/\/admincentral.selleetools.com\/pl\/wp-json\/wp\/v2\/media\/285613"}],"wp:attachment":[{"href":"https:\/\/admincentral.selleetools.com\/pl\/wp-json\/wp\/v2\/media?parent=283331"}],"curies":[{"name":"wp","href":"https:\/\/api.w.org\/{rel}","templated":true}]}}