{"id":283412,"date":"2023-08-17T10:55:18","date_gmt":"2023-08-17T08:55:18","guid":{"rendered":"https:\/\/selleetools.com\/?post_type=product&#038;p=283412"},"modified":"2025-01-03T15:36:57","modified_gmt":"2025-01-03T14:36:57","slug":"buddy-barney-fancy-dress-bath-stickers-bath-time-toy-fun-for-kids-36-pieces-bb048","status":"publish","type":"product","link":"https:\/\/admincentral.selleetools.com\/pl\/product\/buddy-barney-fancy-dress-bath-stickers-bath-time-toy-fun-for-kids-36-pieces-bb048\/","title":{"rendered":"Buddy &#038; Barney , Fancy Dress Bath Stickers Bath time Toy Fun for Kids &#8211; 36 Pieces BB048"},"content":{"rendered":"<p>FeaturesStundenlanger Badespa\u00df f\u00fcr flippige Kost\u00fcmpartysVollgepackt mit verschiedenen Outfits, kreieren Sie Ihre eigenen Kost\u00fcmpartysIdeal f\u00fcr Familieninteraktion, stimulieren Kreativit\u00e4t und PhantasieVerwandeln Sie die Badezeit zum SpielenWird mit praktischer Aufbewahrungstasche geliefert<\/p>\n","protected":false},"excerpt":{"rendered":"<p>FeaturesStundenlanger Badespa\u00df f\u00fcr flippige Kost\u00fcmpartysVollgepackt mit verschiedenen Outfits, kreieren Sie Ihre eigenen Kost\u00fcmpartysIdeal f\u00fcr Familieninteraktion, stimulieren Kreativit\u00e4t und PhantasieVerwandeln Sie die Badezeit zum SpielenWird mit praktischer Aufbewahrungstasche geliefert<\/p>\n","protected":false},"featured_media":285679,"comment_status":"open","ping_status":"closed","template":"","meta":{"_links_to":"","_links_to_target":""},"yoast_head":"<!-- This site is optimized with the Yoast SEO plugin v19.4 - https:\/\/yoast.com\/wordpress\/plugins\/seo\/ -->\n<title>Buddy &amp; Barney , Fancy Dress Bath Stickers Bath time Toy Fun for Kids - 36 Pieces BB048 - Selleetools.com<\/title>\n<meta name=\"robots\" content=\"index, follow, max-snippet:-1, max-image-preview:large, max-video-preview:-1\" \/>\n<link rel=\"canonical\" href=\"https:\/\/selleetools.com\/product\/buddy-barney-fancy-dress-bath-stickers-bath-time-toy-fun-for-kids-36-pieces-bb048\/\" \/>\n<meta property=\"og:locale\" content=\"pl_PL\" \/>\n<meta property=\"og:type\" content=\"article\" \/>\n<meta property=\"og:title\" content=\"Buddy &amp; Barney , Fancy Dress Bath Stickers Bath time Toy Fun for Kids - 36 Pieces BB048 - Selleetools.com\" \/>\n<meta property=\"og:description\" content=\"FeaturesStundenlanger Badespa\u00df f\u00fcr flippige Kost\u00fcmpartysVollgepackt mit verschiedenen Outfits, kreieren Sie Ihre eigenen Kost\u00fcmpartysIdeal f\u00fcr Familieninteraktion, stimulieren Kreativit\u00e4t und PhantasieVerwandeln Sie die Badezeit zum SpielenWird mit praktischer Aufbewahrungstasche geliefert\" \/>\n<meta property=\"og:url\" content=\"https:\/\/selleetools.com\/product\/buddy-barney-fancy-dress-bath-stickers-bath-time-toy-fun-for-kids-36-pieces-bb048\/\" \/>\n<meta property=\"og:site_name\" content=\"Selleetools.com\" \/>\n<meta property=\"article:modified_time\" content=\"2025-01-03T14:36:57+00:00\" \/>\n<meta property=\"og:image\" content=\"https:\/\/selleetools.com\/wp-content\/uploads\/2023\/08\/81hUtclCg3L.jpg\" \/>\n\t<meta property=\"og:image:width\" content=\"1835\" \/>\n\t<meta property=\"og:image:height\" content=\"1835\" \/>\n\t<meta property=\"og:image:type\" content=\"image\/jpeg\" \/>\n<meta name=\"twitter:card\" content=\"summary_large_image\" \/>\n<!-- \/ Yoast SEO plugin. -->","yoast_head_json":{"title":"Buddy & Barney , Fancy Dress Bath Stickers Bath time Toy Fun for Kids - 36 Pieces BB048 - Selleetools.com","robots":{"index":"index","follow":"follow","max-snippet":"max-snippet:-1","max-image-preview":"max-image-preview:large","max-video-preview":"max-video-preview:-1"},"canonical":"https:\/\/selleetools.com\/product\/buddy-barney-fancy-dress-bath-stickers-bath-time-toy-fun-for-kids-36-pieces-bb048\/","og_locale":"pl_PL","og_type":"article","og_title":"Buddy & Barney , Fancy Dress Bath Stickers Bath time Toy Fun for Kids - 36 Pieces BB048 - Selleetools.com","og_description":"FeaturesStundenlanger Badespa\u00df f\u00fcr flippige Kost\u00fcmpartysVollgepackt mit verschiedenen Outfits, kreieren Sie Ihre eigenen Kost\u00fcmpartysIdeal f\u00fcr Familieninteraktion, stimulieren Kreativit\u00e4t und PhantasieVerwandeln Sie die Badezeit zum SpielenWird mit praktischer Aufbewahrungstasche geliefert","og_url":"https:\/\/selleetools.com\/product\/buddy-barney-fancy-dress-bath-stickers-bath-time-toy-fun-for-kids-36-pieces-bb048\/","og_site_name":"Selleetools.com","article_modified_time":"2025-01-03T14:36:57+00:00","og_image":[{"width":1835,"height":1835,"url":"https:\/\/selleetools.com\/wp-content\/uploads\/2023\/08\/81hUtclCg3L.jpg","type":"image\/jpeg"}],"twitter_card":"summary_large_image","schema":{"@context":"https:\/\/schema.org","@graph":[{"@type":"Organization","@id":"https:\/\/selleetools.com\/#organization","name":"Selleetools","url":"https:\/\/selleetools.com\/","sameAs":[],"logo":{"@type":"ImageObject","inLanguage":"pl-PL","@id":"https:\/\/selleetools.com\/#\/schema\/logo\/image\/","url":"https:\/\/selleetools.com\/wp-content\/uploads\/2021\/10\/logo-dark.png","contentUrl":"https:\/\/selleetools.com\/wp-content\/uploads\/2021\/10\/logo-dark.png","width":320,"height":76,"caption":"Selleetools"},"image":{"@id":"https:\/\/selleetools.com\/#\/schema\/logo\/image\/"}},{"@type":"WebSite","@id":"https:\/\/selleetools.com\/#website","url":"https:\/\/selleetools.com\/","name":"Selleetools.com","description":"","publisher":{"@id":"https:\/\/selleetools.com\/#organization"},"potentialAction":[{"@type":"SearchAction","target":{"@type":"EntryPoint","urlTemplate":"https:\/\/selleetools.com\/?s={search_term_string}"},"query-input":"required name=search_term_string"}],"inLanguage":"pl-PL"},{"@type":"WebPage","@id":"https:\/\/selleetools.com\/product\/buddy-barney-fancy-dress-bath-stickers-bath-time-toy-fun-for-kids-36-pieces-bb048\/","url":"https:\/\/selleetools.com\/product\/buddy-barney-fancy-dress-bath-stickers-bath-time-toy-fun-for-kids-36-pieces-bb048\/","name":"Buddy & Barney , Fancy Dress Bath Stickers Bath time Toy Fun for Kids - 36 Pieces BB048 - Selleetools.com","isPartOf":{"@id":"https:\/\/selleetools.com\/#website"},"datePublished":"2023-08-17T08:55:18+00:00","dateModified":"2025-01-03T14:36:57+00:00","breadcrumb":{"@id":"https:\/\/selleetools.com\/product\/buddy-barney-fancy-dress-bath-stickers-bath-time-toy-fun-for-kids-36-pieces-bb048\/#breadcrumb"},"inLanguage":"pl-PL","potentialAction":[{"@type":"ReadAction","target":["https:\/\/selleetools.com\/product\/buddy-barney-fancy-dress-bath-stickers-bath-time-toy-fun-for-kids-36-pieces-bb048\/"]}]},{"@type":"BreadcrumbList","@id":"https:\/\/selleetools.com\/product\/buddy-barney-fancy-dress-bath-stickers-bath-time-toy-fun-for-kids-36-pieces-bb048\/#breadcrumb","itemListElement":[{"@type":"ListItem","position":1,"name":"Home","item":"https:\/\/selleetools.com\/pl\/"},{"@type":"ListItem","position":2,"name":"Katalog","item":"https:\/\/selleetools.com\/pl\/katalog\/"},{"@type":"ListItem","position":3,"name":"Buddy &#038; Barney , Fancy Dress Bath Stickers Bath time Toy Fun for Kids &#8211; 36 Pieces BB048"}]}]}},"_links":{"self":[{"href":"https:\/\/admincentral.selleetools.com\/pl\/wp-json\/wp\/v2\/product\/283412"}],"collection":[{"href":"https:\/\/admincentral.selleetools.com\/pl\/wp-json\/wp\/v2\/product"}],"about":[{"href":"https:\/\/admincentral.selleetools.com\/pl\/wp-json\/wp\/v2\/types\/product"}],"replies":[{"embeddable":true,"href":"https:\/\/admincentral.selleetools.com\/pl\/wp-json\/wp\/v2\/comments?post=283412"}],"wp:featuredmedia":[{"embeddable":true,"href":"https:\/\/admincentral.selleetools.com\/pl\/wp-json\/wp\/v2\/media\/285679"}],"wp:attachment":[{"href":"https:\/\/admincentral.selleetools.com\/pl\/wp-json\/wp\/v2\/media?parent=283412"}],"curies":[{"name":"wp","href":"https:\/\/api.w.org\/{rel}","templated":true}]}}