{"id":283601,"date":"2023-08-17T10:56:42","date_gmt":"2023-08-17T08:56:42","guid":{"rendered":"https:\/\/selleetools.com\/?post_type=product&#038;p=283601"},"modified":"2025-01-03T15:25:42","modified_gmt":"2025-01-03T14:25:42","slug":"lemonia-ziegenborste-fur-babys","status":"publish","type":"product","link":"https:\/\/admincentral.selleetools.com\/pl\/product\/lemonia-ziegenborste-fur-babys\/","title":{"rendered":"Lemonia Ziegenborste f\u00fcr Babys"},"content":{"rendered":"<p>Lemonie &#8211; Babyb\u00fcrste Lemonie Katzenhaarb\u00fcrste Naturbelassene Ziegenhaarb\u00fcrste f\u00fcr Kinder geeignet f\u00fcr Entspannungsmassage und Pflege von feinem und d\u00fcnnem Haar. Die Massage der B\u00fcrste mit weichen, zarten Borsten stumm und entspannt das Baby sicher ab 1 Tag ideal als Erste B\u00fcrste, Die Massage entspannt und beruhigt das Baby Regelm\u00e4\u00dfige Massage verbessert die Durchblutung der Kopfhaut, Naturprodukt verursacht keine allergischen Reaktionen Lemonie Ziegenhaar B\u00fcrste Die feinen, weichen Borsten eignen sich f\u00fcr die Entspannungsmassage des kleinen kleinen oder feinen Haares. Die Massage der B\u00fcrste wird das Baby stumm und entspannen. Geeignet ab einem Tag und verursacht keine allergischen Reaktionen. Massage entspannt und beruhigt das Baby Regelm\u00e4\u00dfige Massage verbessert die Durchblutung und st\u00e4rkt die Haarfollikel, sicher ab 1 Tag Die Ziegenhaare sind extrem zart und weich. Anwendungshinweise: B\u00fcrste trocken reinigen &#8211; Borsten mit Kamm, Nach dem K\u00e4mmen die Borsten mit Spiritus oder Octanisept spr\u00fchen, Vermeiden Sie den Kontakt mit Wasser &#8211; verhindern Sie so Holzbr\u00fcche trocken lagern FeaturesSicherheitsb\u00fcrste ab 1 TagMassage entspannt und beruhigt BabyNaturprodukt, Ziegenhaar sind sehr fein und weichVerursacht keine allergischen ReaktionenIdeal als erste B\u00fcrste<\/p>\n","protected":false},"excerpt":{"rendered":"<p>Lemonie &#8211; Babyb\u00fcrste Lemonie Katzenhaarb\u00fcrste Naturbelassene Ziegenhaarb\u00fcrste f\u00fcr Kinder geeignet f\u00fcr Entspannungsmassage und Pflege von feinem und d\u00fcnnem Haar. Die Massage der B\u00fcrste mit weichen, zarten Borsten stumm und entspannt das Baby sicher ab 1 Tag ideal als Erste B\u00fcrste, Die Massage entspannt und beruhigt das Baby Regelm\u00e4\u00dfige Massage verbessert die Durchblutung der Kopfhaut, Naturprodukt &#8230; <a title=\"Lemonia Ziegenborste f\u00fcr Babys\" class=\"read-more\" href=\"https:\/\/admincentral.selleetools.com\/pl\/product\/lemonia-ziegenborste-fur-babys\/\">Read more<span class=\"screen-reader-text\">Lemonia Ziegenborste f\u00fcr Babys<\/span><\/a><\/p>\n","protected":false},"featured_media":285869,"comment_status":"open","ping_status":"closed","template":"","meta":{"_links_to":"","_links_to_target":""},"yoast_head":"<!-- This site is optimized with the Yoast SEO plugin v19.4 - https:\/\/yoast.com\/wordpress\/plugins\/seo\/ -->\n<title>Lemonia Ziegenborste f\u00fcr Babys - Selleetools.com<\/title>\n<meta name=\"robots\" content=\"index, follow, max-snippet:-1, max-image-preview:large, max-video-preview:-1\" \/>\n<link rel=\"canonical\" href=\"https:\/\/admincentral.selleetools.com\/pl\/product\/lemonia-ziegenborste-fur-babys\/\" \/>\n<meta property=\"og:locale\" content=\"pl_PL\" \/>\n<meta property=\"og:type\" content=\"article\" \/>\n<meta property=\"og:title\" content=\"Lemonia Ziegenborste f\u00fcr Babys - Selleetools.com\" \/>\n<meta property=\"og:description\" content=\"Lemonie &#8211; Babyb\u00fcrste Lemonie Katzenhaarb\u00fcrste Naturbelassene Ziegenhaarb\u00fcrste f\u00fcr Kinder geeignet f\u00fcr Entspannungsmassage und Pflege von feinem und d\u00fcnnem Haar. Die Massage der B\u00fcrste mit weichen, zarten Borsten stumm und entspannt das Baby sicher ab 1 Tag ideal als Erste B\u00fcrste, Die Massage entspannt und beruhigt das Baby Regelm\u00e4\u00dfige Massage verbessert die Durchblutung der Kopfhaut, Naturprodukt ... Read moreLemonia Ziegenborste f\u00fcr Babys\" \/>\n<meta property=\"og:url\" content=\"https:\/\/admincentral.selleetools.com\/pl\/product\/lemonia-ziegenborste-fur-babys\/\" \/>\n<meta property=\"og:site_name\" content=\"Selleetools.com\" \/>\n<meta property=\"article:modified_time\" content=\"2025-01-03T14:25:42+00:00\" \/>\n<meta property=\"og:image\" content=\"https:\/\/selleetools.com\/wp-content\/uploads\/2023\/08\/21qZ2WIXGYL.jpg\" \/>\n\t<meta property=\"og:image:width\" content=\"500\" \/>\n\t<meta property=\"og:image:height\" content=\"256\" \/>\n\t<meta property=\"og:image:type\" content=\"image\/jpeg\" \/>\n<meta name=\"twitter:card\" content=\"summary_large_image\" \/>\n<meta name=\"twitter:label1\" content=\"Est. reading time\" \/>\n\t<meta name=\"twitter:data1\" content=\"1 minuta\" \/>\n<!-- \/ Yoast SEO plugin. -->","yoast_head_json":{"title":"Lemonia Ziegenborste f\u00fcr Babys - Selleetools.com","robots":{"index":"index","follow":"follow","max-snippet":"max-snippet:-1","max-image-preview":"max-image-preview:large","max-video-preview":"max-video-preview:-1"},"canonical":"https:\/\/admincentral.selleetools.com\/pl\/product\/lemonia-ziegenborste-fur-babys\/","og_locale":"pl_PL","og_type":"article","og_title":"Lemonia Ziegenborste f\u00fcr Babys - Selleetools.com","og_description":"Lemonie &#8211; Babyb\u00fcrste Lemonie Katzenhaarb\u00fcrste Naturbelassene Ziegenhaarb\u00fcrste f\u00fcr Kinder geeignet f\u00fcr Entspannungsmassage und Pflege von feinem und d\u00fcnnem Haar. Die Massage der B\u00fcrste mit weichen, zarten Borsten stumm und entspannt das Baby sicher ab 1 Tag ideal als Erste B\u00fcrste, Die Massage entspannt und beruhigt das Baby Regelm\u00e4\u00dfige Massage verbessert die Durchblutung der Kopfhaut, Naturprodukt ... Read moreLemonia Ziegenborste f\u00fcr Babys","og_url":"https:\/\/admincentral.selleetools.com\/pl\/product\/lemonia-ziegenborste-fur-babys\/","og_site_name":"Selleetools.com","article_modified_time":"2025-01-03T14:25:42+00:00","og_image":[{"width":500,"height":256,"url":"https:\/\/selleetools.com\/wp-content\/uploads\/2023\/08\/21qZ2WIXGYL.jpg","type":"image\/jpeg"}],"twitter_card":"summary_large_image","twitter_misc":{"Est. reading time":"1 minuta"},"schema":{"@context":"https:\/\/schema.org","@graph":[{"@type":"Organization","@id":"https:\/\/selleetools.com\/#organization","name":"Selleetools","url":"https:\/\/selleetools.com\/","sameAs":[],"logo":{"@type":"ImageObject","inLanguage":"pl-PL","@id":"https:\/\/selleetools.com\/#\/schema\/logo\/image\/","url":"https:\/\/selleetools.com\/wp-content\/uploads\/2021\/10\/logo-dark.png","contentUrl":"https:\/\/selleetools.com\/wp-content\/uploads\/2021\/10\/logo-dark.png","width":320,"height":76,"caption":"Selleetools"},"image":{"@id":"https:\/\/selleetools.com\/#\/schema\/logo\/image\/"}},{"@type":"WebSite","@id":"https:\/\/selleetools.com\/#website","url":"https:\/\/selleetools.com\/","name":"Selleetools.com","description":"","publisher":{"@id":"https:\/\/selleetools.com\/#organization"},"potentialAction":[{"@type":"SearchAction","target":{"@type":"EntryPoint","urlTemplate":"https:\/\/selleetools.com\/?s={search_term_string}"},"query-input":"required name=search_term_string"}],"inLanguage":"pl-PL"},{"@type":"WebPage","@id":"https:\/\/admincentral.selleetools.com\/pl\/product\/lemonia-ziegenborste-fur-babys\/","url":"https:\/\/admincentral.selleetools.com\/pl\/product\/lemonia-ziegenborste-fur-babys\/","name":"Lemonia Ziegenborste f\u00fcr Babys - Selleetools.com","isPartOf":{"@id":"https:\/\/selleetools.com\/#website"},"datePublished":"2023-08-17T08:56:42+00:00","dateModified":"2025-01-03T14:25:42+00:00","breadcrumb":{"@id":"https:\/\/admincentral.selleetools.com\/pl\/product\/lemonia-ziegenborste-fur-babys\/#breadcrumb"},"inLanguage":"pl-PL","potentialAction":[{"@type":"ReadAction","target":["https:\/\/admincentral.selleetools.com\/pl\/product\/lemonia-ziegenborste-fur-babys\/"]}]},{"@type":"BreadcrumbList","@id":"https:\/\/admincentral.selleetools.com\/pl\/product\/lemonia-ziegenborste-fur-babys\/#breadcrumb","itemListElement":[{"@type":"ListItem","position":1,"name":"Home","item":"https:\/\/selleetools.com\/pl\/"},{"@type":"ListItem","position":2,"name":"Katalog","item":"https:\/\/selleetools.com\/pl\/katalog\/"},{"@type":"ListItem","position":3,"name":"Lemonia Ziegenborste f\u00fcr Babys"}]}]}},"_links":{"self":[{"href":"https:\/\/admincentral.selleetools.com\/pl\/wp-json\/wp\/v2\/product\/283601"}],"collection":[{"href":"https:\/\/admincentral.selleetools.com\/pl\/wp-json\/wp\/v2\/product"}],"about":[{"href":"https:\/\/admincentral.selleetools.com\/pl\/wp-json\/wp\/v2\/types\/product"}],"replies":[{"embeddable":true,"href":"https:\/\/admincentral.selleetools.com\/pl\/wp-json\/wp\/v2\/comments?post=283601"}],"wp:featuredmedia":[{"embeddable":true,"href":"https:\/\/admincentral.selleetools.com\/pl\/wp-json\/wp\/v2\/media\/285869"}],"wp:attachment":[{"href":"https:\/\/admincentral.selleetools.com\/pl\/wp-json\/wp\/v2\/media?parent=283601"}],"curies":[{"name":"wp","href":"https:\/\/api.w.org\/{rel}","templated":true}]}}