{"id":283656,"date":"2023-08-17T10:56:57","date_gmt":"2023-08-17T08:56:57","guid":{"rendered":"https:\/\/selleetools.com\/?post_type=product&#038;p=283656"},"modified":"2023-12-04T13:36:39","modified_gmt":"2023-12-04T12:36:39","slug":"lauflernwagen-holz-multi-activity-5-in-1-spielzeug-babywalker-waldabenteuer-waldtiere-kinderspielzeug-ab-1-jahr-lauflernwagen-junge-madchen-blocke-stichsage-rad-klemmbretter","status":"publish","type":"product","link":"https:\/\/admincentral.selleetools.com\/pl\/product\/lauflernwagen-holz-multi-activity-5-in-1-spielzeug-babywalker-waldabenteuer-waldtiere-kinderspielzeug-ab-1-jahr-lauflernwagen-junge-madchen-blocke-stichsage-rad-klemmbretter\/","title":{"rendered":"Lauflernwagen Holz Multi-Activity, 5-in-1 Spielzeug, Babywalker, Waldabenteuer, Waldtiere &#8211; Kinderspielzeug ab 1 Jahr &#8211; Lauflernwagen Junge, M\u00e4dchen &#8211; Bl\u00f6cke, Stichs\u00e4ge, Rad, Klemmbretter"},"content":{"rendered":"<p>Holz-Lauflernwagen 5in1 ist ein multifunktionales und langlebiges Spielzeug, das sich durch eine hochwertige Verarbeitung und Eigenschaften auszeichnet, die Sie bei anderen Spielzeugen nicht finden. Hergestellt aus Holz f\u00fcr Stabilit\u00e4t, Sicherheit und Langlebigkeit, ist die Lauflernhilfe f\u00fcr Kinder ab 12 Monaten geeignet Die obere Platte des Laufwagens Junge ist beweglich. Sie kann entfernt und wie eine Rutsche benutzt werden. Diverse Gegenst\u00e4nde wie Spielzeug oder Getr\u00e4nke k\u00f6nnen in die Lauflernhilfe gestellt werden Anti-Rutsch-Gummis an den R\u00e4dern verhindern, dass die Babylauflernhilfe auf glatten Oberfl\u00e4chen verrutscht Der Babywalker ist in einer praktischen und \u00e4sthetisch ansprechenden Schachtel mit Griff verpackt und somit ideal als Geschenk f\u00fcr Ihr Kind Alle W\u00e4nde des Holz-Lauflernwages bietet dem Kind eine andere Aktivit\u00e4t: Sortierspiel mit sechs Bl\u00f6cken &#8211; Durch das Sortieren lernt das Kind Formen kennen und entwickelt eine Hand-Augen-Koordination, indem es versucht, die Form dem passenden Loch zuzuordnen Zahlenpuzzle &#8211; Das Baby kann die Zahlen anordnen und sieht auf der anderen Seite die entsprechende Anzahl der Tiere, z. B. 1 ist ein B\u00e4r usw. Schwenkrad &#8211; Das Rad hat drei verschieden drehende Ebenen. Gedreht werden die drei Tafeln so, dass das richtige Tier dem entsprechenden Futter zuordnet werden kann Wo leben die Tiere? Speziell gestaltete Aufbewahrungsf\u00e4cher an Gummib\u00e4ndern k\u00f6nnen ge\u00f6ffnet werden, um zu sehen, was sich darunter verbirgt Das Labyrinth im oberen Bereich bietet die M\u00f6glichkeit, Tiere zu Paaren zusammenzuf\u00fcgen. Dieses Spiel ist eine gute \u00dcbung f\u00fcr die Feinmotorik sowie das logische Denken Technische Daten: Alter: 12m+ Packma\u00df: 36 x 37 x 43 cm H\u00f6he bis zum Griff 41 cm &#8211; perfekt f\u00fcr ein einj\u00e4hriges Kind, das laufen lerntFeaturesLauflernwagen aus Holz &#8211; multifunktionales Spielzeug mit 5 verschiedenen Aktivit\u00e4ten f\u00fcr KinderKinderwagenspielzeug: Bausteine und L\u00f6cher, Zahlenpuzzle, Spinnrad, Klemmbretter, LabyrinthStabiler, langlebiger und sicherer Babywalker &#8211; aus Massivholz gefertigt, das Laufwagen das richtige Gewicht verleihtThema Waldabenteuer, Waldtiere, Aktivit\u00e4ten rund um das Leben im Wald, Tierverhalten, LernspielzeugAbnehmbares Oberteil der Lauflernhilfe, in dem Gegenst\u00e4nde wie Teddyb\u00e4ren, Windeln oder Getr\u00e4nke aufbewahrt werden k\u00f6nnen<\/p>\n","protected":false},"excerpt":{"rendered":"<p>Holz-Lauflernwagen 5in1 ist ein multifunktionales und langlebiges Spielzeug, das sich durch eine hochwertige Verarbeitung und Eigenschaften auszeichnet, die Sie bei anderen Spielzeugen nicht finden. Hergestellt aus Holz f\u00fcr Stabilit\u00e4t, Sicherheit und Langlebigkeit, ist die Lauflernhilfe f\u00fcr Kinder ab 12 Monaten geeignet Die obere Platte des Laufwagens Junge ist beweglich. Sie kann entfernt und wie eine &#8230; <a title=\"Lauflernwagen Holz Multi-Activity, 5-in-1 Spielzeug, Babywalker, Waldabenteuer, Waldtiere &#8211; Kinderspielzeug ab 1 Jahr &#8211; Lauflernwagen Junge, M\u00e4dchen &#8211; Bl\u00f6cke, Stichs\u00e4ge, Rad, Klemmbretter\" class=\"read-more\" href=\"https:\/\/admincentral.selleetools.com\/pl\/product\/lauflernwagen-holz-multi-activity-5-in-1-spielzeug-babywalker-waldabenteuer-waldtiere-kinderspielzeug-ab-1-jahr-lauflernwagen-junge-madchen-blocke-stichsage-rad-klemmbretter\/\">Read more<span class=\"screen-reader-text\">Lauflernwagen Holz Multi-Activity, 5-in-1 Spielzeug, Babywalker, Waldabenteuer, Waldtiere &#8211; Kinderspielzeug ab 1 Jahr &#8211; Lauflernwagen Junge, M\u00e4dchen &#8211; Bl\u00f6cke, Stichs\u00e4ge, Rad, Klemmbretter<\/span><\/a><\/p>\n","protected":false},"featured_media":285881,"comment_status":"open","ping_status":"closed","template":"","meta":{"_links_to":"","_links_to_target":""},"yoast_head":"<!-- This site is optimized with the Yoast SEO plugin v19.4 - https:\/\/yoast.com\/wordpress\/plugins\/seo\/ -->\n<title>Lauflernwagen Holz Multi-Activity, 5-in-1 Spielzeug, Babywalker, Waldabenteuer, Waldtiere - Kinderspielzeug ab 1 Jahr - Lauflernwagen Junge, M\u00e4dchen - Bl\u00f6cke, Stichs\u00e4ge, Rad, Klemmbretter - Selleetools.com<\/title>\n<meta name=\"robots\" content=\"index, follow, max-snippet:-1, max-image-preview:large, max-video-preview:-1\" \/>\n<link rel=\"canonical\" href=\"https:\/\/selleetools.com\/product\/lauflernwagen-holz-multi-activity-5-in-1-spielzeug-babywalker-waldabenteuer-waldtiere-kinderspielzeug-ab-1-jahr-lauflernwagen-junge-madchen-blocke-stichsage-rad-klemmbretter\/\" \/>\n<meta property=\"og:locale\" content=\"pl_PL\" \/>\n<meta property=\"og:type\" content=\"article\" \/>\n<meta property=\"og:title\" content=\"Lauflernwagen Holz Multi-Activity, 5-in-1 Spielzeug, Babywalker, Waldabenteuer, Waldtiere - Kinderspielzeug ab 1 Jahr - Lauflernwagen Junge, M\u00e4dchen - Bl\u00f6cke, Stichs\u00e4ge, Rad, Klemmbretter - Selleetools.com\" \/>\n<meta property=\"og:description\" content=\"Holz-Lauflernwagen 5in1 ist ein multifunktionales und langlebiges Spielzeug, das sich durch eine hochwertige Verarbeitung und Eigenschaften auszeichnet, die Sie bei anderen Spielzeugen nicht finden. Hergestellt aus Holz f\u00fcr Stabilit\u00e4t, Sicherheit und Langlebigkeit, ist die Lauflernhilfe f\u00fcr Kinder ab 12 Monaten geeignet Die obere Platte des Laufwagens Junge ist beweglich. Sie kann entfernt und wie eine ... Read moreLauflernwagen Holz Multi-Activity, 5-in-1 Spielzeug, Babywalker, Waldabenteuer, Waldtiere &#8211; Kinderspielzeug ab 1 Jahr &#8211; Lauflernwagen Junge, M\u00e4dchen &#8211; Bl\u00f6cke, Stichs\u00e4ge, Rad, Klemmbretter\" \/>\n<meta property=\"og:url\" content=\"https:\/\/selleetools.com\/product\/lauflernwagen-holz-multi-activity-5-in-1-spielzeug-babywalker-waldabenteuer-waldtiere-kinderspielzeug-ab-1-jahr-lauflernwagen-junge-madchen-blocke-stichsage-rad-klemmbretter\/\" \/>\n<meta property=\"og:site_name\" content=\"Selleetools.com\" \/>\n<meta property=\"article:modified_time\" content=\"2023-12-04T12:36:39+00:00\" \/>\n<meta property=\"og:image\" content=\"https:\/\/selleetools.com\/wp-content\/uploads\/2023\/08\/61ZjIfgFORL.jpg\" \/>\n\t<meta property=\"og:image:width\" content=\"1000\" \/>\n\t<meta property=\"og:image:height\" content=\"1000\" \/>\n\t<meta property=\"og:image:type\" content=\"image\/jpeg\" \/>\n<meta name=\"twitter:card\" content=\"summary_large_image\" \/>\n<meta name=\"twitter:label1\" content=\"Est. reading time\" \/>\n\t<meta name=\"twitter:data1\" content=\"2 minuty\" \/>\n<!-- \/ Yoast SEO plugin. -->","yoast_head_json":{"title":"Lauflernwagen Holz Multi-Activity, 5-in-1 Spielzeug, Babywalker, Waldabenteuer, Waldtiere - Kinderspielzeug ab 1 Jahr - Lauflernwagen Junge, M\u00e4dchen - Bl\u00f6cke, Stichs\u00e4ge, Rad, Klemmbretter - Selleetools.com","robots":{"index":"index","follow":"follow","max-snippet":"max-snippet:-1","max-image-preview":"max-image-preview:large","max-video-preview":"max-video-preview:-1"},"canonical":"https:\/\/selleetools.com\/product\/lauflernwagen-holz-multi-activity-5-in-1-spielzeug-babywalker-waldabenteuer-waldtiere-kinderspielzeug-ab-1-jahr-lauflernwagen-junge-madchen-blocke-stichsage-rad-klemmbretter\/","og_locale":"pl_PL","og_type":"article","og_title":"Lauflernwagen Holz Multi-Activity, 5-in-1 Spielzeug, Babywalker, Waldabenteuer, Waldtiere - Kinderspielzeug ab 1 Jahr - Lauflernwagen Junge, M\u00e4dchen - Bl\u00f6cke, Stichs\u00e4ge, Rad, Klemmbretter - Selleetools.com","og_description":"Holz-Lauflernwagen 5in1 ist ein multifunktionales und langlebiges Spielzeug, das sich durch eine hochwertige Verarbeitung und Eigenschaften auszeichnet, die Sie bei anderen Spielzeugen nicht finden. Hergestellt aus Holz f\u00fcr Stabilit\u00e4t, Sicherheit und Langlebigkeit, ist die Lauflernhilfe f\u00fcr Kinder ab 12 Monaten geeignet Die obere Platte des Laufwagens Junge ist beweglich. Sie kann entfernt und wie eine ... Read moreLauflernwagen Holz Multi-Activity, 5-in-1 Spielzeug, Babywalker, Waldabenteuer, Waldtiere &#8211; Kinderspielzeug ab 1 Jahr &#8211; Lauflernwagen Junge, M\u00e4dchen &#8211; Bl\u00f6cke, Stichs\u00e4ge, Rad, Klemmbretter","og_url":"https:\/\/selleetools.com\/product\/lauflernwagen-holz-multi-activity-5-in-1-spielzeug-babywalker-waldabenteuer-waldtiere-kinderspielzeug-ab-1-jahr-lauflernwagen-junge-madchen-blocke-stichsage-rad-klemmbretter\/","og_site_name":"Selleetools.com","article_modified_time":"2023-12-04T12:36:39+00:00","og_image":[{"width":1000,"height":1000,"url":"https:\/\/selleetools.com\/wp-content\/uploads\/2023\/08\/61ZjIfgFORL.jpg","type":"image\/jpeg"}],"twitter_card":"summary_large_image","twitter_misc":{"Est. reading time":"2 minuty"},"schema":{"@context":"https:\/\/schema.org","@graph":[{"@type":"Organization","@id":"https:\/\/selleetools.com\/#organization","name":"Selleetools","url":"https:\/\/selleetools.com\/","sameAs":[],"logo":{"@type":"ImageObject","inLanguage":"pl-PL","@id":"https:\/\/selleetools.com\/#\/schema\/logo\/image\/","url":"https:\/\/selleetools.com\/wp-content\/uploads\/2021\/10\/logo-dark.png","contentUrl":"https:\/\/selleetools.com\/wp-content\/uploads\/2021\/10\/logo-dark.png","width":320,"height":76,"caption":"Selleetools"},"image":{"@id":"https:\/\/selleetools.com\/#\/schema\/logo\/image\/"}},{"@type":"WebSite","@id":"https:\/\/selleetools.com\/#website","url":"https:\/\/selleetools.com\/","name":"Selleetools.com","description":"","publisher":{"@id":"https:\/\/selleetools.com\/#organization"},"potentialAction":[{"@type":"SearchAction","target":{"@type":"EntryPoint","urlTemplate":"https:\/\/selleetools.com\/?s={search_term_string}"},"query-input":"required name=search_term_string"}],"inLanguage":"pl-PL"},{"@type":"WebPage","@id":"https:\/\/selleetools.com\/product\/lauflernwagen-holz-multi-activity-5-in-1-spielzeug-babywalker-waldabenteuer-waldtiere-kinderspielzeug-ab-1-jahr-lauflernwagen-junge-madchen-blocke-stichsage-rad-klemmbretter\/","url":"https:\/\/selleetools.com\/product\/lauflernwagen-holz-multi-activity-5-in-1-spielzeug-babywalker-waldabenteuer-waldtiere-kinderspielzeug-ab-1-jahr-lauflernwagen-junge-madchen-blocke-stichsage-rad-klemmbretter\/","name":"Lauflernwagen Holz Multi-Activity, 5-in-1 Spielzeug, Babywalker, Waldabenteuer, Waldtiere - Kinderspielzeug ab 1 Jahr - Lauflernwagen Junge, M\u00e4dchen - Bl\u00f6cke, Stichs\u00e4ge, Rad, Klemmbretter - Selleetools.com","isPartOf":{"@id":"https:\/\/selleetools.com\/#website"},"datePublished":"2023-08-17T08:56:57+00:00","dateModified":"2023-12-04T12:36:39+00:00","breadcrumb":{"@id":"https:\/\/selleetools.com\/product\/lauflernwagen-holz-multi-activity-5-in-1-spielzeug-babywalker-waldabenteuer-waldtiere-kinderspielzeug-ab-1-jahr-lauflernwagen-junge-madchen-blocke-stichsage-rad-klemmbretter\/#breadcrumb"},"inLanguage":"pl-PL","potentialAction":[{"@type":"ReadAction","target":["https:\/\/selleetools.com\/product\/lauflernwagen-holz-multi-activity-5-in-1-spielzeug-babywalker-waldabenteuer-waldtiere-kinderspielzeug-ab-1-jahr-lauflernwagen-junge-madchen-blocke-stichsage-rad-klemmbretter\/"]}]},{"@type":"BreadcrumbList","@id":"https:\/\/selleetools.com\/product\/lauflernwagen-holz-multi-activity-5-in-1-spielzeug-babywalker-waldabenteuer-waldtiere-kinderspielzeug-ab-1-jahr-lauflernwagen-junge-madchen-blocke-stichsage-rad-klemmbretter\/#breadcrumb","itemListElement":[{"@type":"ListItem","position":1,"name":"Home","item":"https:\/\/selleetools.com\/pl\/"},{"@type":"ListItem","position":2,"name":"Katalog","item":"https:\/\/selleetools.com\/pl\/katalog\/"},{"@type":"ListItem","position":3,"name":"Lauflernwagen Holz Multi-Activity, 5-in-1 Spielzeug, Babywalker, Waldabenteuer, Waldtiere &#8211; Kinderspielzeug ab 1 Jahr &#8211; Lauflernwagen Junge, M\u00e4dchen &#8211; Bl\u00f6cke, Stichs\u00e4ge, Rad, Klemmbretter"}]}]}},"_links":{"self":[{"href":"https:\/\/admincentral.selleetools.com\/pl\/wp-json\/wp\/v2\/product\/283656"}],"collection":[{"href":"https:\/\/admincentral.selleetools.com\/pl\/wp-json\/wp\/v2\/product"}],"about":[{"href":"https:\/\/admincentral.selleetools.com\/pl\/wp-json\/wp\/v2\/types\/product"}],"replies":[{"embeddable":true,"href":"https:\/\/admincentral.selleetools.com\/pl\/wp-json\/wp\/v2\/comments?post=283656"}],"wp:featuredmedia":[{"embeddable":true,"href":"https:\/\/admincentral.selleetools.com\/pl\/wp-json\/wp\/v2\/media\/285881"}],"wp:attachment":[{"href":"https:\/\/admincentral.selleetools.com\/pl\/wp-json\/wp\/v2\/media?parent=283656"}],"curies":[{"name":"wp","href":"https:\/\/api.w.org\/{rel}","templated":true}]}}