{"id":283778,"date":"2023-08-17T10:57:36","date_gmt":"2023-08-17T08:57:36","guid":{"rendered":"https:\/\/selleetools.com\/?post_type=product&#038;p=283778"},"modified":"2023-12-04T13:36:40","modified_gmt":"2023-12-04T12:36:40","slug":"adam-toys-kegelspiel-fur-kinder-6-kegel-2-balle-bowling-set-fur-kinder-waldtier-figuren-bemaltes-holz-spielzeug-ab-3-jahre-outdoor-indoor-kinderball-geburtstag-geschenk","status":"publish","type":"product","link":"https:\/\/admincentral.selleetools.com\/pl\/product\/adam-toys-kegelspiel-fur-kinder-6-kegel-2-balle-bowling-set-fur-kinder-waldtier-figuren-bemaltes-holz-spielzeug-ab-3-jahre-outdoor-indoor-kinderball-geburtstag-geschenk\/","title":{"rendered":"adam toys Kegelspiel f\u00fcr Kinder, 6 Kegel, 2 B\u00e4lle &#8211; Bowling-Set f\u00fcr Kinder, Waldtier-Figuren &#8211; Bemaltes Holz &#8211; Spielzeug ab 3 Jahre &#8211; Outdoor, Indoor &#8211; Kinderball, Geburtstag, Geschenk"},"content":{"rendered":"<p>Kegelspiel &#8211; komplettes Bowling Set mit 6 Kegeln und 2 B\u00e4llen: Die Kegel und B\u00e4lle sind ganz aus lackiertem Holz, pr\u00e4zise gefertigt und in lebhaften, angenehmen Farben bemalt. Ideal, um Kinder zum Spielen zu animieren. Jeder Kegel stellt ein anderes Waldtier dar: Fuchs, B\u00e4r, Waschb\u00e4r, Reh, Eule, Hase. Die Kegel k\u00f6nnen als Regaldekoration im Kinderzimmer verwendet werden Das lustige Kegelspiel ist eine gute \u00dcbung f\u00fcr Pr\u00e4zision und Konzentration f\u00fcr Kinder ab 3 Jahren Garantierte Qualit\u00e4t, ein mit \u00e4u\u00dferster Pr\u00e4zision hergestelltes Spielzeug der Marke Adam Toys Wie spielt man das Kegel-Spiel? Die Spielregeln sind sehr einfach. Stellen Sie die Kegel so auf, dass in der ersten Reihe eine Figur, in der zweiten Reihe zwei Figuren und in der letzten Reihe drei Figuren stehen. Bestimmen Sie dann die Entfernung, aus der Sie die Kugeln rollen wollen. Jeder Spieler hat zwei Kugeln pro Wurf. Danach wird gez\u00e4hlt, wie viele Kegel umgeworfen wurden. Wenn alle Tierfiguren beim ersten Mal umgeworfen wurden, z\u00e4hlen Sie die Punkte doppelt oder legen Sie einen Bonus fest. Wenn das Spiel zu einfach wird, vergr\u00f6\u00dfern Sie einfach die Entfernung. Technische Daten: Kegel: H\u00f6he 12,5 cm Kugel: Durchmesser 5 cm Verpackung: 16 x 9 x 14,5 cm Alter: 3+ CE-Konformit\u00e4tserkl\u00e4rung FeaturesHolzkegelspiel f\u00fcr Kinder, Set bestehend aus 6 Kegeln und 2 B\u00e4llen, komplett aus lackiertem HolzP\u00e4dagogisch wertvolles Spielzeug &#8211; Kegeln ist eine tolle \u00dcbung f\u00fcr Pr\u00e4zision und Konzentration. Das gilt nicht nur f\u00fcr Kinder!Ein vielseitiges Kegelspiel f\u00fcr Kinder ab 3 Jahren, Spa\u00df f\u00fcr drinnen und drau\u00dfen, eine perfekte Attraktion f\u00fcr einen KindergeburtstagJeder Kegel stellt ein anderes Waldtier dar: Fuchs, B\u00e4r, Waschb\u00e4r, Reh, Eule, Hase; kann auch als Dekoration im Kinderzimmer verwendet werdenDas Kegelspiel f\u00fcr Kinder ist in einer praktischen und \u00e4sthetisch ansprechenden Schachtel verpackt und ist somit ein ideales Geschenk f\u00fcr Ihr Kind<\/p>\n","protected":false},"excerpt":{"rendered":"<p>Kegelspiel &#8211; komplettes Bowling Set mit 6 Kegeln und 2 B\u00e4llen: Die Kegel und B\u00e4lle sind ganz aus lackiertem Holz, pr\u00e4zise gefertigt und in lebhaften, angenehmen Farben bemalt. Ideal, um Kinder zum Spielen zu animieren. Jeder Kegel stellt ein anderes Waldtier dar: Fuchs, B\u00e4r, Waschb\u00e4r, Reh, Eule, Hase. Die Kegel k\u00f6nnen als Regaldekoration im Kinderzimmer &#8230; <a title=\"adam toys Kegelspiel f\u00fcr Kinder, 6 Kegel, 2 B\u00e4lle &#8211; Bowling-Set f\u00fcr Kinder, Waldtier-Figuren &#8211; Bemaltes Holz &#8211; Spielzeug ab 3 Jahre &#8211; Outdoor, Indoor &#8211; Kinderball, Geburtstag, Geschenk\" class=\"read-more\" href=\"https:\/\/admincentral.selleetools.com\/pl\/product\/adam-toys-kegelspiel-fur-kinder-6-kegel-2-balle-bowling-set-fur-kinder-waldtier-figuren-bemaltes-holz-spielzeug-ab-3-jahre-outdoor-indoor-kinderball-geburtstag-geschenk\/\">Read more<span class=\"screen-reader-text\">adam toys Kegelspiel f\u00fcr Kinder, 6 Kegel, 2 B\u00e4lle &#8211; Bowling-Set f\u00fcr Kinder, Waldtier-Figuren &#8211; Bemaltes Holz &#8211; Spielzeug ab 3 Jahre &#8211; Outdoor, Indoor &#8211; Kinderball, Geburtstag, Geschenk<\/span><\/a><\/p>\n","protected":false},"featured_media":285999,"comment_status":"open","ping_status":"closed","template":"","meta":{"_links_to":"","_links_to_target":""},"yoast_head":"<!-- This site is optimized with the Yoast SEO plugin v19.4 - https:\/\/yoast.com\/wordpress\/plugins\/seo\/ -->\n<title>adam toys Kegelspiel f\u00fcr Kinder, 6 Kegel, 2 B\u00e4lle - Bowling-Set f\u00fcr Kinder, Waldtier-Figuren - Bemaltes Holz - Spielzeug ab 3 Jahre - Outdoor, Indoor - Kinderball, Geburtstag, Geschenk - Selleetools.com<\/title>\n<meta name=\"robots\" content=\"index, follow, max-snippet:-1, max-image-preview:large, max-video-preview:-1\" \/>\n<link rel=\"canonical\" href=\"https:\/\/admincentral.selleetools.com\/product\/adam-toys-kegelspiel-fur-kinder-6-kegel-2-balle-bowling-set-fur-kinder-waldtier-figuren-bemaltes-holz-spielzeug-ab-3-jahre-outdoor-indoor-kinderball-geburtstag-geschenk\/\" \/>\n<meta property=\"og:locale\" content=\"pl_PL\" \/>\n<meta property=\"og:type\" content=\"article\" \/>\n<meta property=\"og:title\" content=\"adam toys Kegelspiel f\u00fcr Kinder, 6 Kegel, 2 B\u00e4lle - Bowling-Set f\u00fcr Kinder, Waldtier-Figuren - Bemaltes Holz - Spielzeug ab 3 Jahre - Outdoor, Indoor - Kinderball, Geburtstag, Geschenk - Selleetools.com\" \/>\n<meta property=\"og:description\" content=\"Kegelspiel &#8211; komplettes Bowling Set mit 6 Kegeln und 2 B\u00e4llen: Die Kegel und B\u00e4lle sind ganz aus lackiertem Holz, pr\u00e4zise gefertigt und in lebhaften, angenehmen Farben bemalt. Ideal, um Kinder zum Spielen zu animieren. Jeder Kegel stellt ein anderes Waldtier dar: Fuchs, B\u00e4r, Waschb\u00e4r, Reh, Eule, Hase. Die Kegel k\u00f6nnen als Regaldekoration im Kinderzimmer ... Read moreadam toys Kegelspiel f\u00fcr Kinder, 6 Kegel, 2 B\u00e4lle &#8211; Bowling-Set f\u00fcr Kinder, Waldtier-Figuren &#8211; Bemaltes Holz &#8211; Spielzeug ab 3 Jahre &#8211; Outdoor, Indoor &#8211; Kinderball, Geburtstag, Geschenk\" \/>\n<meta property=\"og:url\" content=\"https:\/\/admincentral.selleetools.com\/product\/adam-toys-kegelspiel-fur-kinder-6-kegel-2-balle-bowling-set-fur-kinder-waldtier-figuren-bemaltes-holz-spielzeug-ab-3-jahre-outdoor-indoor-kinderball-geburtstag-geschenk\/\" \/>\n<meta property=\"og:site_name\" content=\"Selleetools.com\" \/>\n<meta property=\"article:modified_time\" content=\"2023-12-04T12:36:40+00:00\" \/>\n<meta property=\"og:image\" content=\"https:\/\/selleetools.com\/wp-content\/uploads\/2023\/08\/41taNVvgADL.jpg\" \/>\n\t<meta property=\"og:image:width\" content=\"1000\" \/>\n\t<meta property=\"og:image:height\" content=\"667\" \/>\n\t<meta property=\"og:image:type\" content=\"image\/jpeg\" \/>\n<meta name=\"twitter:card\" content=\"summary_large_image\" \/>\n<meta name=\"twitter:label1\" content=\"Est. reading time\" \/>\n\t<meta name=\"twitter:data1\" content=\"2 minuty\" \/>\n<!-- \/ Yoast SEO plugin. -->","yoast_head_json":{"title":"adam toys Kegelspiel f\u00fcr Kinder, 6 Kegel, 2 B\u00e4lle - Bowling-Set f\u00fcr Kinder, Waldtier-Figuren - Bemaltes Holz - Spielzeug ab 3 Jahre - Outdoor, Indoor - Kinderball, Geburtstag, Geschenk - Selleetools.com","robots":{"index":"index","follow":"follow","max-snippet":"max-snippet:-1","max-image-preview":"max-image-preview:large","max-video-preview":"max-video-preview:-1"},"canonical":"https:\/\/admincentral.selleetools.com\/product\/adam-toys-kegelspiel-fur-kinder-6-kegel-2-balle-bowling-set-fur-kinder-waldtier-figuren-bemaltes-holz-spielzeug-ab-3-jahre-outdoor-indoor-kinderball-geburtstag-geschenk\/","og_locale":"pl_PL","og_type":"article","og_title":"adam toys Kegelspiel f\u00fcr Kinder, 6 Kegel, 2 B\u00e4lle - Bowling-Set f\u00fcr Kinder, Waldtier-Figuren - Bemaltes Holz - Spielzeug ab 3 Jahre - Outdoor, Indoor - Kinderball, Geburtstag, Geschenk - Selleetools.com","og_description":"Kegelspiel &#8211; komplettes Bowling Set mit 6 Kegeln und 2 B\u00e4llen: Die Kegel und B\u00e4lle sind ganz aus lackiertem Holz, pr\u00e4zise gefertigt und in lebhaften, angenehmen Farben bemalt. Ideal, um Kinder zum Spielen zu animieren. Jeder Kegel stellt ein anderes Waldtier dar: Fuchs, B\u00e4r, Waschb\u00e4r, Reh, Eule, Hase. Die Kegel k\u00f6nnen als Regaldekoration im Kinderzimmer ... Read moreadam toys Kegelspiel f\u00fcr Kinder, 6 Kegel, 2 B\u00e4lle &#8211; Bowling-Set f\u00fcr Kinder, Waldtier-Figuren &#8211; Bemaltes Holz &#8211; Spielzeug ab 3 Jahre &#8211; Outdoor, Indoor &#8211; Kinderball, Geburtstag, Geschenk","og_url":"https:\/\/admincentral.selleetools.com\/product\/adam-toys-kegelspiel-fur-kinder-6-kegel-2-balle-bowling-set-fur-kinder-waldtier-figuren-bemaltes-holz-spielzeug-ab-3-jahre-outdoor-indoor-kinderball-geburtstag-geschenk\/","og_site_name":"Selleetools.com","article_modified_time":"2023-12-04T12:36:40+00:00","og_image":[{"width":1000,"height":667,"url":"https:\/\/selleetools.com\/wp-content\/uploads\/2023\/08\/41taNVvgADL.jpg","type":"image\/jpeg"}],"twitter_card":"summary_large_image","twitter_misc":{"Est. reading time":"2 minuty"},"schema":{"@context":"https:\/\/schema.org","@graph":[{"@type":"Organization","@id":"https:\/\/selleetools.com\/#organization","name":"Selleetools","url":"https:\/\/selleetools.com\/","sameAs":[],"logo":{"@type":"ImageObject","inLanguage":"pl-PL","@id":"https:\/\/selleetools.com\/#\/schema\/logo\/image\/","url":"https:\/\/selleetools.com\/wp-content\/uploads\/2021\/10\/logo-dark.png","contentUrl":"https:\/\/selleetools.com\/wp-content\/uploads\/2021\/10\/logo-dark.png","width":320,"height":76,"caption":"Selleetools"},"image":{"@id":"https:\/\/selleetools.com\/#\/schema\/logo\/image\/"}},{"@type":"WebSite","@id":"https:\/\/selleetools.com\/#website","url":"https:\/\/selleetools.com\/","name":"Selleetools.com","description":"","publisher":{"@id":"https:\/\/selleetools.com\/#organization"},"potentialAction":[{"@type":"SearchAction","target":{"@type":"EntryPoint","urlTemplate":"https:\/\/selleetools.com\/?s={search_term_string}"},"query-input":"required name=search_term_string"}],"inLanguage":"pl-PL"},{"@type":"WebPage","@id":"https:\/\/admincentral.selleetools.com\/product\/adam-toys-kegelspiel-fur-kinder-6-kegel-2-balle-bowling-set-fur-kinder-waldtier-figuren-bemaltes-holz-spielzeug-ab-3-jahre-outdoor-indoor-kinderball-geburtstag-geschenk\/","url":"https:\/\/admincentral.selleetools.com\/product\/adam-toys-kegelspiel-fur-kinder-6-kegel-2-balle-bowling-set-fur-kinder-waldtier-figuren-bemaltes-holz-spielzeug-ab-3-jahre-outdoor-indoor-kinderball-geburtstag-geschenk\/","name":"adam toys Kegelspiel f\u00fcr Kinder, 6 Kegel, 2 B\u00e4lle - Bowling-Set f\u00fcr Kinder, Waldtier-Figuren - Bemaltes Holz - Spielzeug ab 3 Jahre - Outdoor, Indoor - Kinderball, Geburtstag, Geschenk - Selleetools.com","isPartOf":{"@id":"https:\/\/selleetools.com\/#website"},"datePublished":"2023-08-17T08:57:36+00:00","dateModified":"2023-12-04T12:36:40+00:00","breadcrumb":{"@id":"https:\/\/admincentral.selleetools.com\/product\/adam-toys-kegelspiel-fur-kinder-6-kegel-2-balle-bowling-set-fur-kinder-waldtier-figuren-bemaltes-holz-spielzeug-ab-3-jahre-outdoor-indoor-kinderball-geburtstag-geschenk\/#breadcrumb"},"inLanguage":"pl-PL","potentialAction":[{"@type":"ReadAction","target":["https:\/\/admincentral.selleetools.com\/product\/adam-toys-kegelspiel-fur-kinder-6-kegel-2-balle-bowling-set-fur-kinder-waldtier-figuren-bemaltes-holz-spielzeug-ab-3-jahre-outdoor-indoor-kinderball-geburtstag-geschenk\/"]}]},{"@type":"BreadcrumbList","@id":"https:\/\/admincentral.selleetools.com\/product\/adam-toys-kegelspiel-fur-kinder-6-kegel-2-balle-bowling-set-fur-kinder-waldtier-figuren-bemaltes-holz-spielzeug-ab-3-jahre-outdoor-indoor-kinderball-geburtstag-geschenk\/#breadcrumb","itemListElement":[{"@type":"ListItem","position":1,"name":"Home","item":"https:\/\/selleetools.com\/pl\/"},{"@type":"ListItem","position":2,"name":"Katalog","item":"https:\/\/selleetools.com\/pl\/katalog\/"},{"@type":"ListItem","position":3,"name":"adam toys Kegelspiel f\u00fcr Kinder, 6 Kegel, 2 B\u00e4lle &#8211; Bowling-Set f\u00fcr Kinder, Waldtier-Figuren &#8211; Bemaltes Holz &#8211; Spielzeug ab 3 Jahre &#8211; Outdoor, Indoor &#8211; Kinderball, Geburtstag, Geschenk"}]}]}},"_links":{"self":[{"href":"https:\/\/admincentral.selleetools.com\/pl\/wp-json\/wp\/v2\/product\/283778"}],"collection":[{"href":"https:\/\/admincentral.selleetools.com\/pl\/wp-json\/wp\/v2\/product"}],"about":[{"href":"https:\/\/admincentral.selleetools.com\/pl\/wp-json\/wp\/v2\/types\/product"}],"replies":[{"embeddable":true,"href":"https:\/\/admincentral.selleetools.com\/pl\/wp-json\/wp\/v2\/comments?post=283778"}],"wp:featuredmedia":[{"embeddable":true,"href":"https:\/\/admincentral.selleetools.com\/pl\/wp-json\/wp\/v2\/media\/285999"}],"wp:attachment":[{"href":"https:\/\/admincentral.selleetools.com\/pl\/wp-json\/wp\/v2\/media?parent=283778"}],"curies":[{"name":"wp","href":"https:\/\/api.w.org\/{rel}","templated":true}]}}