{"id":283850,"date":"2023-08-17T10:58:00","date_gmt":"2023-08-17T08:58:00","guid":{"rendered":"https:\/\/selleetools.com\/?post_type=product&#038;p=283850"},"modified":"2023-12-04T13:36:41","modified_gmt":"2023-12-04T12:36:41","slug":"klangbausteine-holzbausteine-bauklotze-baby-6-holzklotze-4-wurfel-2-zylinder-kinder-stapelspielzeug-ab-1-jahr-sensorisches-spielzeug-motorik-spielzeug-motiv-waldtiere","status":"publish","type":"product","link":"https:\/\/admincentral.selleetools.com\/pl\/product\/klangbausteine-holzbausteine-bauklotze-baby-6-holzklotze-4-wurfel-2-zylinder-kinder-stapelspielzeug-ab-1-jahr-sensorisches-spielzeug-motorik-spielzeug-motiv-waldtiere\/","title":{"rendered":"Klangbausteine, Holzbausteine, Baukl\u00f6tze Baby &#8211; 6 Holzkl\u00f6tze: 4 W\u00fcrfel, 2 Zylinder &#8211; Kinder Stapelspielzeug ab 1 Jahr &#8211; Sensorisches Spielzeug &#8211; Motorik-Spielzeug &#8211; Motiv Waldtiere"},"content":{"rendered":"<p>Set mit 6 bemalten Holzkl\u00f6tzen f\u00fcr kleine Entdecker &#8211; ein Motorik-Spielzeug ab 1 Jahr: Die bunten Stapelw\u00fcrfel f\u00fcr kleine Entdecker sind das perfekte Spielzeug f\u00fcr kleine Kinder, die die Welt entdecken wollen Die Holzw\u00fcrfel haben unterschiedliche kognitive Funktionen &#8211; 3 von ihnen haben versteckte Klangelemente. Die anderen 3 haben visuelle Elemente zum Anschauen Sanfte Farben, nat\u00fcrliches Material und eine \u00dcberraschung im Inneren machen dieses Spielzeug \u00e4u\u00dferst attraktiv f\u00fcr Ihre Kleinen und wecken bei ihnen sicherlich gro\u00dfes Interesse Das Baustein-Set ist in einer sehr sch\u00f6nen und \u00e4sthetisch ansprechenden Schachtel verpackt, die sich perfekt als Geschenk eignet Das Set besteht aus 4 W\u00fcrfeln und 2 Zylindern, die jeweils unterschiedliche Verwendungszwecke und Funktionen haben: Der gelbe W\u00fcrfel mit der Lieblingsfigur B\u00e4r hat ein verstecktes Ger\u00e4usch im Inneren &#8211; rasselnde K\u00f6rner Der lilafarbene W\u00fcrfel mit der pelzigen Lieblingsfigur Kitty, einer F\u00fcchsin, hat einen h\u00fcpfenden Sound im Inneren &#8211; klappernde K\u00f6rner, die einen angenehmen Klang erzeugen Der orangefarbene W\u00fcrfel mit einem hohlem Kern und fest angebrachter gl\u00e4nzender Metallglocke erm\u00f6glicht ein sanftes Klingeln Der blaue Bauklotz, an dessen zwei Seiten Spiegel angebracht sind, erm\u00f6glicht es, Reflexionen zu sehen (die Spiegel sind leicht gekr\u00fcmmt, so dass das reflektierte Bild ebenfalls leicht gekr\u00fcmmt ist) Der rosafarbene Zylinder mit einem Gitter in der Mitte &#8211; funktioniert wie ein Prisma, so dass sich das gesehene Bild bei jeder Drehung vervielfacht und ver\u00e4ndert Der t\u00fcrkisfarbene Zylinder mit einem gelben Glas in der Mitte erm\u00f6glicht es, die Welt in einer intensiveren Farbe zu sehen Technische Daten: Elementma\u00dfe: 4 x 4 x 4 cm Verpackungsma\u00dfe: 21 x 14 x 5 cm Alter : 12+ CE-Konformit\u00e4tserkl\u00e4rungFeaturesBunte Entdeckerbausteine aus lackiertem Holz, geeignet f\u00fcr Kinder ab 1 Jahr, sicheres SpielzeugDas Set besteht aus 4 w\u00fcrfelf\u00f6rmigen Bausteinen und 2 Zylindern, jeder Baustein hat eine andere Verwendung und Funktion3 Stapelw\u00fcrfel haben akustische und 3 weitere haben visuelle Elemente. Insgesamt ein hervorragendes motorisches Spielzeug f\u00fcr kleine EntdeckerAktivit\u00e4ten des Stapelspielzeugs: Rasselk\u00f6rner, Klangelemente im Inneren des Bausteins, Metallglocke, Spiegel, Prisma, gelbes GlassDie Holzbausteine sind in einer praktischen und \u00e4sthetisch ansprechenden Schachtel verpackt und somit ein ideales Geschenk f\u00fcr Ihr Kind<\/p>\n","protected":false},"excerpt":{"rendered":"<p>Set mit 6 bemalten Holzkl\u00f6tzen f\u00fcr kleine Entdecker &#8211; ein Motorik-Spielzeug ab 1 Jahr: Die bunten Stapelw\u00fcrfel f\u00fcr kleine Entdecker sind das perfekte Spielzeug f\u00fcr kleine Kinder, die die Welt entdecken wollen Die Holzw\u00fcrfel haben unterschiedliche kognitive Funktionen &#8211; 3 von ihnen haben versteckte Klangelemente. Die anderen 3 haben visuelle Elemente zum Anschauen Sanfte Farben, &#8230; <a title=\"Klangbausteine, Holzbausteine, Baukl\u00f6tze Baby &#8211; 6 Holzkl\u00f6tze: 4 W\u00fcrfel, 2 Zylinder &#8211; Kinder Stapelspielzeug ab 1 Jahr &#8211; Sensorisches Spielzeug &#8211; Motorik-Spielzeug &#8211; Motiv Waldtiere\" class=\"read-more\" href=\"https:\/\/admincentral.selleetools.com\/pl\/product\/klangbausteine-holzbausteine-bauklotze-baby-6-holzklotze-4-wurfel-2-zylinder-kinder-stapelspielzeug-ab-1-jahr-sensorisches-spielzeug-motorik-spielzeug-motiv-waldtiere\/\">Read more<span class=\"screen-reader-text\">Klangbausteine, Holzbausteine, Baukl\u00f6tze Baby &#8211; 6 Holzkl\u00f6tze: 4 W\u00fcrfel, 2 Zylinder &#8211; Kinder Stapelspielzeug ab 1 Jahr &#8211; Sensorisches Spielzeug &#8211; Motorik-Spielzeug &#8211; Motiv Waldtiere<\/span><\/a><\/p>\n","protected":false},"featured_media":286087,"comment_status":"open","ping_status":"closed","template":"","meta":{"_links_to":"","_links_to_target":""},"yoast_head":"<!-- This site is optimized with the Yoast SEO plugin v19.4 - https:\/\/yoast.com\/wordpress\/plugins\/seo\/ -->\n<title>Klangbausteine, Holzbausteine, Baukl\u00f6tze Baby - 6 Holzkl\u00f6tze: 4 W\u00fcrfel, 2 Zylinder - Kinder Stapelspielzeug ab 1 Jahr - Sensorisches Spielzeug - Motorik-Spielzeug - Motiv Waldtiere - Selleetools.com<\/title>\n<meta name=\"robots\" content=\"index, follow, max-snippet:-1, max-image-preview:large, max-video-preview:-1\" \/>\n<link rel=\"canonical\" href=\"https:\/\/admincentral.selleetools.com\/pl\/product\/klangbausteine-holzbausteine-bauklotze-baby-6-holzklotze-4-wurfel-2-zylinder-kinder-stapelspielzeug-ab-1-jahr-sensorisches-spielzeug-motorik-spielzeug-motiv-waldtiere\/\" \/>\n<meta property=\"og:locale\" content=\"pl_PL\" \/>\n<meta property=\"og:type\" content=\"article\" \/>\n<meta property=\"og:title\" content=\"Klangbausteine, Holzbausteine, Baukl\u00f6tze Baby - 6 Holzkl\u00f6tze: 4 W\u00fcrfel, 2 Zylinder - Kinder Stapelspielzeug ab 1 Jahr - Sensorisches Spielzeug - Motorik-Spielzeug - Motiv Waldtiere - Selleetools.com\" \/>\n<meta property=\"og:description\" content=\"Set mit 6 bemalten Holzkl\u00f6tzen f\u00fcr kleine Entdecker &#8211; ein Motorik-Spielzeug ab 1 Jahr: Die bunten Stapelw\u00fcrfel f\u00fcr kleine Entdecker sind das perfekte Spielzeug f\u00fcr kleine Kinder, die die Welt entdecken wollen Die Holzw\u00fcrfel haben unterschiedliche kognitive Funktionen &#8211; 3 von ihnen haben versteckte Klangelemente. Die anderen 3 haben visuelle Elemente zum Anschauen Sanfte Farben, ... Read moreKlangbausteine, Holzbausteine, Baukl\u00f6tze Baby &#8211; 6 Holzkl\u00f6tze: 4 W\u00fcrfel, 2 Zylinder &#8211; Kinder Stapelspielzeug ab 1 Jahr &#8211; Sensorisches Spielzeug &#8211; Motorik-Spielzeug &#8211; Motiv Waldtiere\" \/>\n<meta property=\"og:url\" content=\"https:\/\/admincentral.selleetools.com\/pl\/product\/klangbausteine-holzbausteine-bauklotze-baby-6-holzklotze-4-wurfel-2-zylinder-kinder-stapelspielzeug-ab-1-jahr-sensorisches-spielzeug-motorik-spielzeug-motiv-waldtiere\/\" \/>\n<meta property=\"og:site_name\" content=\"Selleetools.com\" \/>\n<meta property=\"article:modified_time\" content=\"2023-12-04T12:36:41+00:00\" \/>\n<meta property=\"og:image\" content=\"https:\/\/selleetools.com\/wp-content\/uploads\/2023\/08\/51naaIRIo5L.jpg\" \/>\n\t<meta property=\"og:image:width\" content=\"1000\" \/>\n\t<meta property=\"og:image:height\" content=\"912\" \/>\n\t<meta property=\"og:image:type\" content=\"image\/jpeg\" \/>\n<meta name=\"twitter:card\" content=\"summary_large_image\" \/>\n<meta name=\"twitter:label1\" content=\"Est. reading time\" \/>\n\t<meta name=\"twitter:data1\" content=\"2 minuty\" \/>\n<!-- \/ Yoast SEO plugin. -->","yoast_head_json":{"title":"Klangbausteine, Holzbausteine, Baukl\u00f6tze Baby - 6 Holzkl\u00f6tze: 4 W\u00fcrfel, 2 Zylinder - Kinder Stapelspielzeug ab 1 Jahr - Sensorisches Spielzeug - Motorik-Spielzeug - Motiv Waldtiere - Selleetools.com","robots":{"index":"index","follow":"follow","max-snippet":"max-snippet:-1","max-image-preview":"max-image-preview:large","max-video-preview":"max-video-preview:-1"},"canonical":"https:\/\/admincentral.selleetools.com\/pl\/product\/klangbausteine-holzbausteine-bauklotze-baby-6-holzklotze-4-wurfel-2-zylinder-kinder-stapelspielzeug-ab-1-jahr-sensorisches-spielzeug-motorik-spielzeug-motiv-waldtiere\/","og_locale":"pl_PL","og_type":"article","og_title":"Klangbausteine, Holzbausteine, Baukl\u00f6tze Baby - 6 Holzkl\u00f6tze: 4 W\u00fcrfel, 2 Zylinder - Kinder Stapelspielzeug ab 1 Jahr - Sensorisches Spielzeug - Motorik-Spielzeug - Motiv Waldtiere - Selleetools.com","og_description":"Set mit 6 bemalten Holzkl\u00f6tzen f\u00fcr kleine Entdecker &#8211; ein Motorik-Spielzeug ab 1 Jahr: Die bunten Stapelw\u00fcrfel f\u00fcr kleine Entdecker sind das perfekte Spielzeug f\u00fcr kleine Kinder, die die Welt entdecken wollen Die Holzw\u00fcrfel haben unterschiedliche kognitive Funktionen &#8211; 3 von ihnen haben versteckte Klangelemente. Die anderen 3 haben visuelle Elemente zum Anschauen Sanfte Farben, ... Read moreKlangbausteine, Holzbausteine, Baukl\u00f6tze Baby &#8211; 6 Holzkl\u00f6tze: 4 W\u00fcrfel, 2 Zylinder &#8211; Kinder Stapelspielzeug ab 1 Jahr &#8211; Sensorisches Spielzeug &#8211; Motorik-Spielzeug &#8211; Motiv Waldtiere","og_url":"https:\/\/admincentral.selleetools.com\/pl\/product\/klangbausteine-holzbausteine-bauklotze-baby-6-holzklotze-4-wurfel-2-zylinder-kinder-stapelspielzeug-ab-1-jahr-sensorisches-spielzeug-motorik-spielzeug-motiv-waldtiere\/","og_site_name":"Selleetools.com","article_modified_time":"2023-12-04T12:36:41+00:00","og_image":[{"width":1000,"height":912,"url":"https:\/\/selleetools.com\/wp-content\/uploads\/2023\/08\/51naaIRIo5L.jpg","type":"image\/jpeg"}],"twitter_card":"summary_large_image","twitter_misc":{"Est. reading time":"2 minuty"},"schema":{"@context":"https:\/\/schema.org","@graph":[{"@type":"Organization","@id":"https:\/\/selleetools.com\/#organization","name":"Selleetools","url":"https:\/\/selleetools.com\/","sameAs":[],"logo":{"@type":"ImageObject","inLanguage":"pl-PL","@id":"https:\/\/selleetools.com\/#\/schema\/logo\/image\/","url":"https:\/\/selleetools.com\/wp-content\/uploads\/2021\/10\/logo-dark.png","contentUrl":"https:\/\/selleetools.com\/wp-content\/uploads\/2021\/10\/logo-dark.png","width":320,"height":76,"caption":"Selleetools"},"image":{"@id":"https:\/\/selleetools.com\/#\/schema\/logo\/image\/"}},{"@type":"WebSite","@id":"https:\/\/selleetools.com\/#website","url":"https:\/\/selleetools.com\/","name":"Selleetools.com","description":"","publisher":{"@id":"https:\/\/selleetools.com\/#organization"},"potentialAction":[{"@type":"SearchAction","target":{"@type":"EntryPoint","urlTemplate":"https:\/\/selleetools.com\/?s={search_term_string}"},"query-input":"required name=search_term_string"}],"inLanguage":"pl-PL"},{"@type":"WebPage","@id":"https:\/\/admincentral.selleetools.com\/pl\/product\/klangbausteine-holzbausteine-bauklotze-baby-6-holzklotze-4-wurfel-2-zylinder-kinder-stapelspielzeug-ab-1-jahr-sensorisches-spielzeug-motorik-spielzeug-motiv-waldtiere\/","url":"https:\/\/admincentral.selleetools.com\/pl\/product\/klangbausteine-holzbausteine-bauklotze-baby-6-holzklotze-4-wurfel-2-zylinder-kinder-stapelspielzeug-ab-1-jahr-sensorisches-spielzeug-motorik-spielzeug-motiv-waldtiere\/","name":"Klangbausteine, Holzbausteine, Baukl\u00f6tze Baby - 6 Holzkl\u00f6tze: 4 W\u00fcrfel, 2 Zylinder - Kinder Stapelspielzeug ab 1 Jahr - Sensorisches Spielzeug - Motorik-Spielzeug - Motiv Waldtiere - Selleetools.com","isPartOf":{"@id":"https:\/\/selleetools.com\/#website"},"datePublished":"2023-08-17T08:58:00+00:00","dateModified":"2023-12-04T12:36:41+00:00","breadcrumb":{"@id":"https:\/\/admincentral.selleetools.com\/pl\/product\/klangbausteine-holzbausteine-bauklotze-baby-6-holzklotze-4-wurfel-2-zylinder-kinder-stapelspielzeug-ab-1-jahr-sensorisches-spielzeug-motorik-spielzeug-motiv-waldtiere\/#breadcrumb"},"inLanguage":"pl-PL","potentialAction":[{"@type":"ReadAction","target":["https:\/\/admincentral.selleetools.com\/pl\/product\/klangbausteine-holzbausteine-bauklotze-baby-6-holzklotze-4-wurfel-2-zylinder-kinder-stapelspielzeug-ab-1-jahr-sensorisches-spielzeug-motorik-spielzeug-motiv-waldtiere\/"]}]},{"@type":"BreadcrumbList","@id":"https:\/\/admincentral.selleetools.com\/pl\/product\/klangbausteine-holzbausteine-bauklotze-baby-6-holzklotze-4-wurfel-2-zylinder-kinder-stapelspielzeug-ab-1-jahr-sensorisches-spielzeug-motorik-spielzeug-motiv-waldtiere\/#breadcrumb","itemListElement":[{"@type":"ListItem","position":1,"name":"Home","item":"https:\/\/selleetools.com\/pl\/"},{"@type":"ListItem","position":2,"name":"Katalog","item":"https:\/\/selleetools.com\/pl\/katalog\/"},{"@type":"ListItem","position":3,"name":"Klangbausteine, Holzbausteine, Baukl\u00f6tze Baby &#8211; 6 Holzkl\u00f6tze: 4 W\u00fcrfel, 2 Zylinder &#8211; Kinder Stapelspielzeug ab 1 Jahr &#8211; Sensorisches Spielzeug &#8211; Motorik-Spielzeug &#8211; Motiv Waldtiere"}]}]}},"_links":{"self":[{"href":"https:\/\/admincentral.selleetools.com\/pl\/wp-json\/wp\/v2\/product\/283850"}],"collection":[{"href":"https:\/\/admincentral.selleetools.com\/pl\/wp-json\/wp\/v2\/product"}],"about":[{"href":"https:\/\/admincentral.selleetools.com\/pl\/wp-json\/wp\/v2\/types\/product"}],"replies":[{"embeddable":true,"href":"https:\/\/admincentral.selleetools.com\/pl\/wp-json\/wp\/v2\/comments?post=283850"}],"wp:featuredmedia":[{"embeddable":true,"href":"https:\/\/admincentral.selleetools.com\/pl\/wp-json\/wp\/v2\/media\/286087"}],"wp:attachment":[{"href":"https:\/\/admincentral.selleetools.com\/pl\/wp-json\/wp\/v2\/media?parent=283850"}],"curies":[{"name":"wp","href":"https:\/\/api.w.org\/{rel}","templated":true}]}}