{"id":283875,"date":"2023-08-17T10:58:08","date_gmt":"2023-08-17T08:58:08","guid":{"rendered":"https:\/\/selleetools.com\/?post_type=product&#038;p=283875"},"modified":"2023-12-04T13:36:41","modified_gmt":"2023-12-04T12:36:41","slug":"mini-motorikschleife-motorikwurfel-ab-1-jahr-bemaltes-holz-baby-motorik-spielzeug-waldtiere-bar-lernspielzeug-motorik-schleifenspiele-fur-kinder-geschenk-fur-kleinkind","status":"publish","type":"product","link":"https:\/\/admincentral.selleetools.com\/pl\/product\/mini-motorikschleife-motorikwurfel-ab-1-jahr-bemaltes-holz-baby-motorik-spielzeug-waldtiere-bar-lernspielzeug-motorik-schleifenspiele-fur-kinder-geschenk-fur-kleinkind\/","title":{"rendered":"Mini Motorikschleife, Motorikw\u00fcrfel ab 1 Jahr, bemaltes Holz &#8211; Baby Motorik-Spielzeug &#8211; Waldtiere, B\u00e4r &#8211; Lernspielzeug &#8211; Motorik-Schleifenspiele f\u00fcr Kinder &#8211; Geschenk f\u00fcr Kleinkind"},"content":{"rendered":"<p>Mini-Motorikschleife aus Holz mit B\u00e4r -Motiv &#8211; Teddyb\u00e4r &#8211; f\u00fcr Kinder ab 1 Jahr: Motorikschleifen sind das perfekte Spielzeug, um die Fingerfertigkeit zu \u00fcben und die Wahrnehmung zu schulen Die Kombination eines praktischen Spielzeugs mit einem Lieblingsmotiv \u2013 Waldtiere Das Motorik-Spielzeug besteht aus einem Sockel mit dem Bild des B\u00e4r , 2 Metallst\u00e4ben, die zu Schlaufen gebogen sind. Auf jedem Stab befinden sich 4 Holzperlen Beim Motorikschleifen-Spiel werden Holzperlen von einem Ende zum anderen bewegt Die Perlen bestehen aus angenehmen Pastellfarben, die sowohl Jungen als auch M\u00e4dchen gefallen Alles verpackt in einer attraktiven Schachtel, ideal zum Verschenken Motorisches Schleifenspiel: F\u00f6rdert die Geschicklichkeit Verbessert die Feinmotorik der H\u00e4nde Das Kind lernt, Formen und Farben zu unterscheiden Der Kreislauf kann auch eine Rehabilitationsfunktion f\u00fcr die Hand des Kindes haben Technische Daten: Abmessungen: 12 x 12 x 12 cm Alter: 1+ CE-Konformit\u00e4tserkl\u00e4rungFeaturesWahrnehmung zu schulenUnsere Mini-Motorikspielzeug besteht aus einem Sockel mit dem Bild eines Teddyb\u00e4ren, 2 zu einer Schleife gebogenen Metallst\u00e4ben und 8 HolzperlenEin praktisches Lernspielzeug ab 1 Jahr. Das Kind kann die Holzperlen von einem Ende zum anderen bewegenDas Spielen mit der Motorikschleife verbessert die Geschicklichkeit der Babyh\u00e4nde, lehrt Farben und Formen und kann eine Rehabilitationsfunktion habenDas Motorik-Spielzeug Baby ist in einer praktischen und \u00e4sthetisch ansprechenden Schachtel verpackt und somit ein ideales Geschenk f\u00fcr Ihr Kind<\/p>\n","protected":false},"excerpt":{"rendered":"<p>Mini-Motorikschleife aus Holz mit B\u00e4r -Motiv &#8211; Teddyb\u00e4r &#8211; f\u00fcr Kinder ab 1 Jahr: Motorikschleifen sind das perfekte Spielzeug, um die Fingerfertigkeit zu \u00fcben und die Wahrnehmung zu schulen Die Kombination eines praktischen Spielzeugs mit einem Lieblingsmotiv \u2013 Waldtiere Das Motorik-Spielzeug besteht aus einem Sockel mit dem Bild des B\u00e4r , 2 Metallst\u00e4ben, die zu &#8230; <a title=\"Mini Motorikschleife, Motorikw\u00fcrfel ab 1 Jahr, bemaltes Holz &#8211; Baby Motorik-Spielzeug &#8211; Waldtiere, B\u00e4r &#8211; Lernspielzeug &#8211; Motorik-Schleifenspiele f\u00fcr Kinder &#8211; Geschenk f\u00fcr Kleinkind\" class=\"read-more\" href=\"https:\/\/admincentral.selleetools.com\/pl\/product\/mini-motorikschleife-motorikwurfel-ab-1-jahr-bemaltes-holz-baby-motorik-spielzeug-waldtiere-bar-lernspielzeug-motorik-schleifenspiele-fur-kinder-geschenk-fur-kleinkind\/\">Read more<span class=\"screen-reader-text\">Mini Motorikschleife, Motorikw\u00fcrfel ab 1 Jahr, bemaltes Holz &#8211; Baby Motorik-Spielzeug &#8211; Waldtiere, B\u00e4r &#8211; Lernspielzeug &#8211; Motorik-Schleifenspiele f\u00fcr Kinder &#8211; Geschenk f\u00fcr Kleinkind<\/span><\/a><\/p>\n","protected":false},"featured_media":286123,"comment_status":"open","ping_status":"closed","template":"","meta":{"_links_to":"","_links_to_target":""},"yoast_head":"<!-- This site is optimized with the Yoast SEO plugin v19.4 - https:\/\/yoast.com\/wordpress\/plugins\/seo\/ -->\n<title>Mini Motorikschleife, Motorikw\u00fcrfel ab 1 Jahr, bemaltes Holz - Baby Motorik-Spielzeug - Waldtiere, B\u00e4r - Lernspielzeug - Motorik-Schleifenspiele f\u00fcr Kinder - Geschenk f\u00fcr Kleinkind - Selleetools.com<\/title>\n<meta name=\"robots\" content=\"index, follow, max-snippet:-1, max-image-preview:large, max-video-preview:-1\" \/>\n<link rel=\"canonical\" href=\"https:\/\/selleetools.com\/product\/mini-motorikschleife-motorikwurfel-ab-1-jahr-bemaltes-holz-baby-motorik-spielzeug-waldtiere-bar-lernspielzeug-motorik-schleifenspiele-fur-kinder-geschenk-fur-kleinkind\/\" \/>\n<meta property=\"og:locale\" content=\"pl_PL\" \/>\n<meta property=\"og:type\" content=\"article\" \/>\n<meta property=\"og:title\" content=\"Mini Motorikschleife, Motorikw\u00fcrfel ab 1 Jahr, bemaltes Holz - Baby Motorik-Spielzeug - Waldtiere, B\u00e4r - Lernspielzeug - Motorik-Schleifenspiele f\u00fcr Kinder - Geschenk f\u00fcr Kleinkind - Selleetools.com\" \/>\n<meta property=\"og:description\" content=\"Mini-Motorikschleife aus Holz mit B\u00e4r -Motiv &#8211; Teddyb\u00e4r &#8211; f\u00fcr Kinder ab 1 Jahr: Motorikschleifen sind das perfekte Spielzeug, um die Fingerfertigkeit zu \u00fcben und die Wahrnehmung zu schulen Die Kombination eines praktischen Spielzeugs mit einem Lieblingsmotiv \u2013 Waldtiere Das Motorik-Spielzeug besteht aus einem Sockel mit dem Bild des B\u00e4r , 2 Metallst\u00e4ben, die zu ... Read moreMini Motorikschleife, Motorikw\u00fcrfel ab 1 Jahr, bemaltes Holz &#8211; Baby Motorik-Spielzeug &#8211; Waldtiere, B\u00e4r &#8211; Lernspielzeug &#8211; Motorik-Schleifenspiele f\u00fcr Kinder &#8211; Geschenk f\u00fcr Kleinkind\" \/>\n<meta property=\"og:url\" content=\"https:\/\/selleetools.com\/product\/mini-motorikschleife-motorikwurfel-ab-1-jahr-bemaltes-holz-baby-motorik-spielzeug-waldtiere-bar-lernspielzeug-motorik-schleifenspiele-fur-kinder-geschenk-fur-kleinkind\/\" \/>\n<meta property=\"og:site_name\" content=\"Selleetools.com\" \/>\n<meta property=\"article:modified_time\" content=\"2023-12-04T12:36:41+00:00\" \/>\n<meta property=\"og:image\" content=\"https:\/\/selleetools.com\/wp-content\/uploads\/2023\/08\/31c3VCPg+pL.jpg\" \/>\n\t<meta property=\"og:image:width\" content=\"1000\" \/>\n\t<meta property=\"og:image:height\" content=\"667\" \/>\n\t<meta property=\"og:image:type\" content=\"image\/jpeg\" \/>\n<meta name=\"twitter:card\" content=\"summary_large_image\" \/>\n<meta name=\"twitter:label1\" content=\"Est. reading time\" \/>\n\t<meta name=\"twitter:data1\" content=\"1 minuta\" \/>\n<!-- \/ Yoast SEO plugin. -->","yoast_head_json":{"title":"Mini Motorikschleife, Motorikw\u00fcrfel ab 1 Jahr, bemaltes Holz - Baby Motorik-Spielzeug - Waldtiere, B\u00e4r - Lernspielzeug - Motorik-Schleifenspiele f\u00fcr Kinder - Geschenk f\u00fcr Kleinkind - Selleetools.com","robots":{"index":"index","follow":"follow","max-snippet":"max-snippet:-1","max-image-preview":"max-image-preview:large","max-video-preview":"max-video-preview:-1"},"canonical":"https:\/\/selleetools.com\/product\/mini-motorikschleife-motorikwurfel-ab-1-jahr-bemaltes-holz-baby-motorik-spielzeug-waldtiere-bar-lernspielzeug-motorik-schleifenspiele-fur-kinder-geschenk-fur-kleinkind\/","og_locale":"pl_PL","og_type":"article","og_title":"Mini Motorikschleife, Motorikw\u00fcrfel ab 1 Jahr, bemaltes Holz - Baby Motorik-Spielzeug - Waldtiere, B\u00e4r - Lernspielzeug - Motorik-Schleifenspiele f\u00fcr Kinder - Geschenk f\u00fcr Kleinkind - Selleetools.com","og_description":"Mini-Motorikschleife aus Holz mit B\u00e4r -Motiv &#8211; Teddyb\u00e4r &#8211; f\u00fcr Kinder ab 1 Jahr: Motorikschleifen sind das perfekte Spielzeug, um die Fingerfertigkeit zu \u00fcben und die Wahrnehmung zu schulen Die Kombination eines praktischen Spielzeugs mit einem Lieblingsmotiv \u2013 Waldtiere Das Motorik-Spielzeug besteht aus einem Sockel mit dem Bild des B\u00e4r , 2 Metallst\u00e4ben, die zu ... Read moreMini Motorikschleife, Motorikw\u00fcrfel ab 1 Jahr, bemaltes Holz &#8211; Baby Motorik-Spielzeug &#8211; Waldtiere, B\u00e4r &#8211; Lernspielzeug &#8211; Motorik-Schleifenspiele f\u00fcr Kinder &#8211; Geschenk f\u00fcr Kleinkind","og_url":"https:\/\/selleetools.com\/product\/mini-motorikschleife-motorikwurfel-ab-1-jahr-bemaltes-holz-baby-motorik-spielzeug-waldtiere-bar-lernspielzeug-motorik-schleifenspiele-fur-kinder-geschenk-fur-kleinkind\/","og_site_name":"Selleetools.com","article_modified_time":"2023-12-04T12:36:41+00:00","og_image":[{"width":1000,"height":667,"url":"https:\/\/selleetools.com\/wp-content\/uploads\/2023\/08\/31c3VCPg+pL.jpg","type":"image\/jpeg"}],"twitter_card":"summary_large_image","twitter_misc":{"Est. reading time":"1 minuta"},"schema":{"@context":"https:\/\/schema.org","@graph":[{"@type":"Organization","@id":"https:\/\/selleetools.com\/#organization","name":"Selleetools","url":"https:\/\/selleetools.com\/","sameAs":[],"logo":{"@type":"ImageObject","inLanguage":"pl-PL","@id":"https:\/\/selleetools.com\/#\/schema\/logo\/image\/","url":"https:\/\/selleetools.com\/wp-content\/uploads\/2021\/10\/logo-dark.png","contentUrl":"https:\/\/selleetools.com\/wp-content\/uploads\/2021\/10\/logo-dark.png","width":320,"height":76,"caption":"Selleetools"},"image":{"@id":"https:\/\/selleetools.com\/#\/schema\/logo\/image\/"}},{"@type":"WebSite","@id":"https:\/\/selleetools.com\/#website","url":"https:\/\/selleetools.com\/","name":"Selleetools.com","description":"","publisher":{"@id":"https:\/\/selleetools.com\/#organization"},"potentialAction":[{"@type":"SearchAction","target":{"@type":"EntryPoint","urlTemplate":"https:\/\/selleetools.com\/?s={search_term_string}"},"query-input":"required name=search_term_string"}],"inLanguage":"pl-PL"},{"@type":"WebPage","@id":"https:\/\/selleetools.com\/product\/mini-motorikschleife-motorikwurfel-ab-1-jahr-bemaltes-holz-baby-motorik-spielzeug-waldtiere-bar-lernspielzeug-motorik-schleifenspiele-fur-kinder-geschenk-fur-kleinkind\/","url":"https:\/\/selleetools.com\/product\/mini-motorikschleife-motorikwurfel-ab-1-jahr-bemaltes-holz-baby-motorik-spielzeug-waldtiere-bar-lernspielzeug-motorik-schleifenspiele-fur-kinder-geschenk-fur-kleinkind\/","name":"Mini Motorikschleife, Motorikw\u00fcrfel ab 1 Jahr, bemaltes Holz - Baby Motorik-Spielzeug - Waldtiere, B\u00e4r - Lernspielzeug - Motorik-Schleifenspiele f\u00fcr Kinder - Geschenk f\u00fcr Kleinkind - Selleetools.com","isPartOf":{"@id":"https:\/\/selleetools.com\/#website"},"datePublished":"2023-08-17T08:58:08+00:00","dateModified":"2023-12-04T12:36:41+00:00","breadcrumb":{"@id":"https:\/\/selleetools.com\/product\/mini-motorikschleife-motorikwurfel-ab-1-jahr-bemaltes-holz-baby-motorik-spielzeug-waldtiere-bar-lernspielzeug-motorik-schleifenspiele-fur-kinder-geschenk-fur-kleinkind\/#breadcrumb"},"inLanguage":"pl-PL","potentialAction":[{"@type":"ReadAction","target":["https:\/\/selleetools.com\/product\/mini-motorikschleife-motorikwurfel-ab-1-jahr-bemaltes-holz-baby-motorik-spielzeug-waldtiere-bar-lernspielzeug-motorik-schleifenspiele-fur-kinder-geschenk-fur-kleinkind\/"]}]},{"@type":"BreadcrumbList","@id":"https:\/\/selleetools.com\/product\/mini-motorikschleife-motorikwurfel-ab-1-jahr-bemaltes-holz-baby-motorik-spielzeug-waldtiere-bar-lernspielzeug-motorik-schleifenspiele-fur-kinder-geschenk-fur-kleinkind\/#breadcrumb","itemListElement":[{"@type":"ListItem","position":1,"name":"Home","item":"https:\/\/selleetools.com\/pl\/"},{"@type":"ListItem","position":2,"name":"Katalog","item":"https:\/\/selleetools.com\/pl\/katalog\/"},{"@type":"ListItem","position":3,"name":"Mini Motorikschleife, Motorikw\u00fcrfel ab 1 Jahr, bemaltes Holz &#8211; Baby Motorik-Spielzeug &#8211; Waldtiere, B\u00e4r &#8211; Lernspielzeug &#8211; Motorik-Schleifenspiele f\u00fcr Kinder &#8211; Geschenk f\u00fcr Kleinkind"}]}]}},"_links":{"self":[{"href":"https:\/\/admincentral.selleetools.com\/pl\/wp-json\/wp\/v2\/product\/283875"}],"collection":[{"href":"https:\/\/admincentral.selleetools.com\/pl\/wp-json\/wp\/v2\/product"}],"about":[{"href":"https:\/\/admincentral.selleetools.com\/pl\/wp-json\/wp\/v2\/types\/product"}],"replies":[{"embeddable":true,"href":"https:\/\/admincentral.selleetools.com\/pl\/wp-json\/wp\/v2\/comments?post=283875"}],"wp:featuredmedia":[{"embeddable":true,"href":"https:\/\/admincentral.selleetools.com\/pl\/wp-json\/wp\/v2\/media\/286123"}],"wp:attachment":[{"href":"https:\/\/admincentral.selleetools.com\/pl\/wp-json\/wp\/v2\/media?parent=283875"}],"curies":[{"name":"wp","href":"https:\/\/api.w.org\/{rel}","templated":true}]}}