{"id":284090,"date":"2023-08-17T10:59:15","date_gmt":"2023-08-17T08:59:15","guid":{"rendered":"https:\/\/selleetools.com\/?post_type=product&#038;p=284090"},"modified":"2023-12-04T13:36:43","modified_gmt":"2023-12-04T12:36:43","slug":"stapelturm-fur-babys-stapelbecher-spielzeug-ab-1-jahr-arktische-tiere-7x-tassen-7x-tierfiguren-bildungsspielzeug-zahlen-sprachen-bemaltes-holz-harter-karton-geschenk-fur-ein-kleinkind","status":"publish","type":"product","link":"https:\/\/admincentral.selleetools.com\/pl\/product\/stapelturm-fur-babys-stapelbecher-spielzeug-ab-1-jahr-arktische-tiere-7x-tassen-7x-tierfiguren-bildungsspielzeug-zahlen-sprachen-bemaltes-holz-harter-karton-geschenk-fur-ein-kleinkind\/","title":{"rendered":"Stapelturm f\u00fcr Babys, Stapelbecher, Spielzeug ab 1 Jahr, arktische Tiere &#8211; 7X Tassen, 7X Tierfiguren &#8211; Bildungsspielzeug &#8211; Zahlen, Sprachen &#8211; Bemaltes Holz, Harter Karton &#8211; Geschenk f\u00fcr EIN Kleinkind"},"content":{"rendered":"<p>Stapelturm Baby &#8211; arktische Tiere &#8211; ein Lernspielzeug f\u00fcr Kinder ab 1 Jahr: Die Stapelbecher sind ein hervorragendes Spielzeug, um die motorische Koordination und Geschicklichkeit zu trainieren Das Set besteht aus 7 Tassen und jeweils 7 Tierfiguren, die immer zum jeweiligen W\u00fcrfel passen \u00c4sthetisch verpacktes Spielzeug, ideal als originelles Geschenk f\u00fcr Kleinkinder Jede Becherwand bietet eine eigene Attraktion: Die erste Wand stellt einen Eingang zum Haus des Tieres dar. Jeder Eingang hat eine andere Form Die n\u00e4chste Wand zeigt das Bild eines bestimmten Tieres Die dritte Wand stellt eine arabische Zahl zwischen 1 und 7 dar Die n\u00e4chste Wand zeigt die richtige Anzahl der Tiere, die zu diesem W\u00fcrfel geh\u00f6ren, z. B. die Zahl 7 &#8211; sieben Wale Die letzte, obere Wand zeigt die entsprechende Zahl in den Sprachen: Polnisch, Englisch und Deutsch. So kann das Z\u00e4hlen gelernt werden Baby Stapelbecher &#8211; Spa\u00df in vielerlei Hinsicht: Die Becher k\u00f6nnen \u00fcbereinander gestapelt werden, beginnend mit dem gr\u00f6\u00dften. Es geht mit dem Ujo-Wal-Motiv los und endet mit dem kleinen, freundlichen Motiv Jansi-Pinguin Werden die Becher in umgekehrter Reihenfolge vom kleinsten zum gr\u00f6\u00dften gestapelt, deckt jeder weitere Becher den vorherigen Becher ab, so dass am Ende alle Becher im gr\u00f6\u00dften Becher versteckt sind (so ist auch das Spielzeug Form verpackt) Mit den beiliegenden Tierfiguren kann ein Polarabenteuer oder ein arktischer Zoo gespielt werden Beim Spielen mit den Bechern lernt man Z\u00e4hlen und Vokabeln (jeder Becher hat eine Zahl auf Polnisch, Englisch und Deutsch) Abmessungen: Stapelbecher in den Dimensionen vom gr\u00f6\u00dften zum kleinsten: 13, 12, 11, 10, 9, 8, 7 cm H\u00f6he des Turms, wenn alle Bl\u00f6cke gestapelt sind: 71 cm Material: Hartpappe, Holz Alter: 12m+ CE-Konformit\u00e4tserkl\u00e4rungFeaturesStapelbecher f\u00fcr Kinder ab 1 Jahr, f\u00f6rdert die motorische Koordination und Geschicklichkeit, das perfekte Spielzeug f\u00fcr eine Kleinkindparty7 Becher, 7 arktische Tierfiguren, jede Figur entspricht einem Becher-Tierhaus, Zahlen lernen in 3 SprachenLernspielzeug, verschiedene Attraktionen auf jeder Becherwand: Eingang, Tierbild, Zahl, Tierfiguren entsprechend der Zahl, Zahl in 3 SprachenH\u00f6he des Becherturms &#8211; 71 cm. Das Spielzeug ist aus lackiertem Holz und hartem Karton hergestelltStapelbecher Baby ist in einer praktischen und \u00e4sthetisch ansprechenden Schachtel verpackt und somit ein ideales Geschenk f\u00fcr Ihr Kind<\/p>\n","protected":false},"excerpt":{"rendered":"<p>Stapelturm Baby &#8211; arktische Tiere &#8211; ein Lernspielzeug f\u00fcr Kinder ab 1 Jahr: Die Stapelbecher sind ein hervorragendes Spielzeug, um die motorische Koordination und Geschicklichkeit zu trainieren Das Set besteht aus 7 Tassen und jeweils 7 Tierfiguren, die immer zum jeweiligen W\u00fcrfel passen \u00c4sthetisch verpacktes Spielzeug, ideal als originelles Geschenk f\u00fcr Kleinkinder Jede Becherwand bietet &#8230; <a title=\"Stapelturm f\u00fcr Babys, Stapelbecher, Spielzeug ab 1 Jahr, arktische Tiere &#8211; 7X Tassen, 7X Tierfiguren &#8211; Bildungsspielzeug &#8211; Zahlen, Sprachen &#8211; Bemaltes Holz, Harter Karton &#8211; Geschenk f\u00fcr EIN Kleinkind\" class=\"read-more\" href=\"https:\/\/admincentral.selleetools.com\/pl\/product\/stapelturm-fur-babys-stapelbecher-spielzeug-ab-1-jahr-arktische-tiere-7x-tassen-7x-tierfiguren-bildungsspielzeug-zahlen-sprachen-bemaltes-holz-harter-karton-geschenk-fur-ein-kleinkind\/\">Read more<span class=\"screen-reader-text\">Stapelturm f\u00fcr Babys, Stapelbecher, Spielzeug ab 1 Jahr, arktische Tiere &#8211; 7X Tassen, 7X Tierfiguren &#8211; Bildungsspielzeug &#8211; Zahlen, Sprachen &#8211; Bemaltes Holz, Harter Karton &#8211; Geschenk f\u00fcr EIN Kleinkind<\/span><\/a><\/p>\n","protected":false},"featured_media":286303,"comment_status":"open","ping_status":"closed","template":"","meta":{"_links_to":"","_links_to_target":""},"yoast_head":"<!-- This site is optimized with the Yoast SEO plugin v19.4 - https:\/\/yoast.com\/wordpress\/plugins\/seo\/ -->\n<title>Stapelturm f\u00fcr Babys, Stapelbecher, Spielzeug ab 1 Jahr, arktische Tiere - 7X Tassen, 7X Tierfiguren - Bildungsspielzeug - Zahlen, Sprachen - Bemaltes Holz, Harter Karton - Geschenk f\u00fcr EIN Kleinkind - Selleetools.com<\/title>\n<meta name=\"robots\" content=\"index, follow, max-snippet:-1, max-image-preview:large, max-video-preview:-1\" \/>\n<link rel=\"canonical\" href=\"https:\/\/selleetools.com\/product\/stapelturm-fur-babys-stapelbecher-spielzeug-ab-1-jahr-arktische-tiere-7x-tassen-7x-tierfiguren-bildungsspielzeug-zahlen-sprachen-bemaltes-holz-harter-karton-geschenk-fur-ein-kleinkind\/\" \/>\n<meta property=\"og:locale\" content=\"pl_PL\" \/>\n<meta property=\"og:type\" content=\"article\" \/>\n<meta property=\"og:title\" content=\"Stapelturm f\u00fcr Babys, Stapelbecher, Spielzeug ab 1 Jahr, arktische Tiere - 7X Tassen, 7X Tierfiguren - Bildungsspielzeug - Zahlen, Sprachen - Bemaltes Holz, Harter Karton - Geschenk f\u00fcr EIN Kleinkind - Selleetools.com\" \/>\n<meta property=\"og:description\" content=\"Stapelturm Baby &#8211; arktische Tiere &#8211; ein Lernspielzeug f\u00fcr Kinder ab 1 Jahr: Die Stapelbecher sind ein hervorragendes Spielzeug, um die motorische Koordination und Geschicklichkeit zu trainieren Das Set besteht aus 7 Tassen und jeweils 7 Tierfiguren, die immer zum jeweiligen W\u00fcrfel passen \u00c4sthetisch verpacktes Spielzeug, ideal als originelles Geschenk f\u00fcr Kleinkinder Jede Becherwand bietet ... Read moreStapelturm f\u00fcr Babys, Stapelbecher, Spielzeug ab 1 Jahr, arktische Tiere &#8211; 7X Tassen, 7X Tierfiguren &#8211; Bildungsspielzeug &#8211; Zahlen, Sprachen &#8211; Bemaltes Holz, Harter Karton &#8211; Geschenk f\u00fcr EIN Kleinkind\" \/>\n<meta property=\"og:url\" content=\"https:\/\/selleetools.com\/product\/stapelturm-fur-babys-stapelbecher-spielzeug-ab-1-jahr-arktische-tiere-7x-tassen-7x-tierfiguren-bildungsspielzeug-zahlen-sprachen-bemaltes-holz-harter-karton-geschenk-fur-ein-kleinkind\/\" \/>\n<meta property=\"og:site_name\" content=\"Selleetools.com\" \/>\n<meta property=\"article:modified_time\" content=\"2023-12-04T12:36:43+00:00\" \/>\n<meta property=\"og:image\" content=\"https:\/\/selleetools.com\/wp-content\/uploads\/2023\/08\/51JKA3r8jmL.jpg\" \/>\n\t<meta property=\"og:image:width\" content=\"1000\" \/>\n\t<meta property=\"og:image:height\" content=\"733\" \/>\n\t<meta property=\"og:image:type\" content=\"image\/jpeg\" \/>\n<meta name=\"twitter:card\" content=\"summary_large_image\" \/>\n<meta name=\"twitter:label1\" content=\"Est. reading time\" \/>\n\t<meta name=\"twitter:data1\" content=\"2 minuty\" \/>\n<!-- \/ Yoast SEO plugin. -->","yoast_head_json":{"title":"Stapelturm f\u00fcr Babys, Stapelbecher, Spielzeug ab 1 Jahr, arktische Tiere - 7X Tassen, 7X Tierfiguren - Bildungsspielzeug - Zahlen, Sprachen - Bemaltes Holz, Harter Karton - Geschenk f\u00fcr EIN Kleinkind - Selleetools.com","robots":{"index":"index","follow":"follow","max-snippet":"max-snippet:-1","max-image-preview":"max-image-preview:large","max-video-preview":"max-video-preview:-1"},"canonical":"https:\/\/selleetools.com\/product\/stapelturm-fur-babys-stapelbecher-spielzeug-ab-1-jahr-arktische-tiere-7x-tassen-7x-tierfiguren-bildungsspielzeug-zahlen-sprachen-bemaltes-holz-harter-karton-geschenk-fur-ein-kleinkind\/","og_locale":"pl_PL","og_type":"article","og_title":"Stapelturm f\u00fcr Babys, Stapelbecher, Spielzeug ab 1 Jahr, arktische Tiere - 7X Tassen, 7X Tierfiguren - Bildungsspielzeug - Zahlen, Sprachen - Bemaltes Holz, Harter Karton - Geschenk f\u00fcr EIN Kleinkind - Selleetools.com","og_description":"Stapelturm Baby &#8211; arktische Tiere &#8211; ein Lernspielzeug f\u00fcr Kinder ab 1 Jahr: Die Stapelbecher sind ein hervorragendes Spielzeug, um die motorische Koordination und Geschicklichkeit zu trainieren Das Set besteht aus 7 Tassen und jeweils 7 Tierfiguren, die immer zum jeweiligen W\u00fcrfel passen \u00c4sthetisch verpacktes Spielzeug, ideal als originelles Geschenk f\u00fcr Kleinkinder Jede Becherwand bietet ... Read moreStapelturm f\u00fcr Babys, Stapelbecher, Spielzeug ab 1 Jahr, arktische Tiere &#8211; 7X Tassen, 7X Tierfiguren &#8211; Bildungsspielzeug &#8211; Zahlen, Sprachen &#8211; Bemaltes Holz, Harter Karton &#8211; Geschenk f\u00fcr EIN Kleinkind","og_url":"https:\/\/selleetools.com\/product\/stapelturm-fur-babys-stapelbecher-spielzeug-ab-1-jahr-arktische-tiere-7x-tassen-7x-tierfiguren-bildungsspielzeug-zahlen-sprachen-bemaltes-holz-harter-karton-geschenk-fur-ein-kleinkind\/","og_site_name":"Selleetools.com","article_modified_time":"2023-12-04T12:36:43+00:00","og_image":[{"width":1000,"height":733,"url":"https:\/\/selleetools.com\/wp-content\/uploads\/2023\/08\/51JKA3r8jmL.jpg","type":"image\/jpeg"}],"twitter_card":"summary_large_image","twitter_misc":{"Est. reading time":"2 minuty"},"schema":{"@context":"https:\/\/schema.org","@graph":[{"@type":"Organization","@id":"https:\/\/selleetools.com\/#organization","name":"Selleetools","url":"https:\/\/selleetools.com\/","sameAs":[],"logo":{"@type":"ImageObject","inLanguage":"pl-PL","@id":"https:\/\/selleetools.com\/#\/schema\/logo\/image\/","url":"https:\/\/selleetools.com\/wp-content\/uploads\/2021\/10\/logo-dark.png","contentUrl":"https:\/\/selleetools.com\/wp-content\/uploads\/2021\/10\/logo-dark.png","width":320,"height":76,"caption":"Selleetools"},"image":{"@id":"https:\/\/selleetools.com\/#\/schema\/logo\/image\/"}},{"@type":"WebSite","@id":"https:\/\/selleetools.com\/#website","url":"https:\/\/selleetools.com\/","name":"Selleetools.com","description":"","publisher":{"@id":"https:\/\/selleetools.com\/#organization"},"potentialAction":[{"@type":"SearchAction","target":{"@type":"EntryPoint","urlTemplate":"https:\/\/selleetools.com\/?s={search_term_string}"},"query-input":"required name=search_term_string"}],"inLanguage":"pl-PL"},{"@type":"WebPage","@id":"https:\/\/selleetools.com\/product\/stapelturm-fur-babys-stapelbecher-spielzeug-ab-1-jahr-arktische-tiere-7x-tassen-7x-tierfiguren-bildungsspielzeug-zahlen-sprachen-bemaltes-holz-harter-karton-geschenk-fur-ein-kleinkind\/","url":"https:\/\/selleetools.com\/product\/stapelturm-fur-babys-stapelbecher-spielzeug-ab-1-jahr-arktische-tiere-7x-tassen-7x-tierfiguren-bildungsspielzeug-zahlen-sprachen-bemaltes-holz-harter-karton-geschenk-fur-ein-kleinkind\/","name":"Stapelturm f\u00fcr Babys, Stapelbecher, Spielzeug ab 1 Jahr, arktische Tiere - 7X Tassen, 7X Tierfiguren - Bildungsspielzeug - Zahlen, Sprachen - Bemaltes Holz, Harter Karton - Geschenk f\u00fcr EIN Kleinkind - Selleetools.com","isPartOf":{"@id":"https:\/\/selleetools.com\/#website"},"datePublished":"2023-08-17T08:59:15+00:00","dateModified":"2023-12-04T12:36:43+00:00","breadcrumb":{"@id":"https:\/\/selleetools.com\/product\/stapelturm-fur-babys-stapelbecher-spielzeug-ab-1-jahr-arktische-tiere-7x-tassen-7x-tierfiguren-bildungsspielzeug-zahlen-sprachen-bemaltes-holz-harter-karton-geschenk-fur-ein-kleinkind\/#breadcrumb"},"inLanguage":"pl-PL","potentialAction":[{"@type":"ReadAction","target":["https:\/\/selleetools.com\/product\/stapelturm-fur-babys-stapelbecher-spielzeug-ab-1-jahr-arktische-tiere-7x-tassen-7x-tierfiguren-bildungsspielzeug-zahlen-sprachen-bemaltes-holz-harter-karton-geschenk-fur-ein-kleinkind\/"]}]},{"@type":"BreadcrumbList","@id":"https:\/\/selleetools.com\/product\/stapelturm-fur-babys-stapelbecher-spielzeug-ab-1-jahr-arktische-tiere-7x-tassen-7x-tierfiguren-bildungsspielzeug-zahlen-sprachen-bemaltes-holz-harter-karton-geschenk-fur-ein-kleinkind\/#breadcrumb","itemListElement":[{"@type":"ListItem","position":1,"name":"Home","item":"https:\/\/selleetools.com\/pl\/"},{"@type":"ListItem","position":2,"name":"Katalog","item":"https:\/\/selleetools.com\/pl\/katalog\/"},{"@type":"ListItem","position":3,"name":"Stapelturm f\u00fcr Babys, Stapelbecher, Spielzeug ab 1 Jahr, arktische Tiere &#8211; 7X Tassen, 7X Tierfiguren &#8211; Bildungsspielzeug &#8211; Zahlen, Sprachen &#8211; Bemaltes Holz, Harter Karton &#8211; Geschenk f\u00fcr EIN Kleinkind"}]}]}},"_links":{"self":[{"href":"https:\/\/admincentral.selleetools.com\/pl\/wp-json\/wp\/v2\/product\/284090"}],"collection":[{"href":"https:\/\/admincentral.selleetools.com\/pl\/wp-json\/wp\/v2\/product"}],"about":[{"href":"https:\/\/admincentral.selleetools.com\/pl\/wp-json\/wp\/v2\/types\/product"}],"replies":[{"embeddable":true,"href":"https:\/\/admincentral.selleetools.com\/pl\/wp-json\/wp\/v2\/comments?post=284090"}],"wp:featuredmedia":[{"embeddable":true,"href":"https:\/\/admincentral.selleetools.com\/pl\/wp-json\/wp\/v2\/media\/286303"}],"wp:attachment":[{"href":"https:\/\/admincentral.selleetools.com\/pl\/wp-json\/wp\/v2\/media?parent=284090"}],"curies":[{"name":"wp","href":"https:\/\/api.w.org\/{rel}","templated":true}]}}