{"id":284121,"date":"2023-08-17T10:59:24","date_gmt":"2023-08-17T08:59:24","guid":{"rendered":"https:\/\/selleetools.com\/?post_type=product&#038;p=284121"},"modified":"2023-12-05T12:58:37","modified_gmt":"2023-12-05T11:58:37","slug":"motorik-spielzeug-mit-der-figur-ania-busy-board-activity-board-aus-holz-fur-kinder-ab-3-jahren-lernspielzeug-zum-aufhangen-im-kinderbett-bemaltes-holz-mit-vorstehenden-elementen","status":"publish","type":"product","link":"https:\/\/admincentral.selleetools.com\/pl\/product\/motorik-spielzeug-mit-der-figur-ania-busy-board-activity-board-aus-holz-fur-kinder-ab-3-jahren-lernspielzeug-zum-aufhangen-im-kinderbett-bemaltes-holz-mit-vorstehenden-elementen\/","title":{"rendered":"Motorik-Spielzeug mit der Figur Ania, Busy Board, Activity Board aus Holz, f\u00fcr Kinder ab 3 Jahren &#8211; Lernspielzeug &#8211; Zum Aufh\u00e4ngen im Kinderbett &#8211; Bemaltes Holz mit vorstehenden Elementen"},"content":{"rendered":"<p>Motorikspielzeug &#8211; das europ\u00e4ische M\u00e4dchen Ania &#8211; Spielzeug f\u00fcr Kinder ab 3 Jahren Darf ich Ihnen Ania vorstellen. Ania ist ein typisch europ\u00e4isches M\u00e4dchen. Sie reist gerne und besucht andere L\u00e4nder, St\u00e4dte oder sch\u00f6ne Orte. Daf\u00fcr braucht sie ein Auto Ania mag bequeme Schuhe, mit denen sie alles erkunden kann. Sie geht \u00fcberall hn mit ihrem Rucksack und einem L\u00e4cheln im Gesicht Ania liebt Blumen und ihre Katze namens Mruczek Das alles findest du in diesem p\u00e4dagogischen Busy Board Spielzeug, das die Geschichte von Ania erz\u00e4hlt. Hinter dem Motorik-Spielzeug Ania steckt aber nicht nur eine tolle Geschichte, sondern vor allem eine kreative Freizeitaktivit\u00e4t: Sie trainiert die motorischen F\u00e4higkeiten der Hand, durch verschiedene Schl\u00f6sser und Verschl\u00fcsse, die ge\u00f6ffnet werden k\u00f6nnen Es gibt bewegliche Autor\u00e4der, Zahnr\u00e4der, Klettverschl\u00fcsse und Schn\u00fcre, einen Rei\u00dfverschluss, eine Schnalle und einen Knopf sowie eine verschiebbare Katze Lernen, logisch zu denken: Jeder Verschluss ist anders und so gestaltet, dass das Kind logisch denken muss Training des selbst\u00e4ndigen Anziehens Das Motorik-Spielzeug f\u00fcr Kinder ab 3 Jahren hat einen Griff, mit dem es leicht getragen oder an die Wand geh\u00e4ngt werden kann. Sch\u00f6ne Farben und saubere Verarbeitung. Das Brett ist aus Holz mit vorspringenden Elementen. Technische Daten: Abmessungen: 38 x 27 x 5 cm Alter: 3+ CE-Konformit\u00e4tserkl\u00e4rung FeaturesAnia Motorspielzeug &#8211; Entdecken Sie die Geschichte eines typischen europ\u00e4ischen M\u00e4dchensEin p\u00e4dagogisches Spielzeug f\u00fcr Kinder ab 3 Jahren, mit dem sie ihre motorischen F\u00e4higkeiten trainieren k\u00f6nnenDas Lernspielzeug hat: Schl\u00f6sser, Verschl\u00fcsse, bewegliche Autor\u00e4der, Zahnr\u00e4der, Schn\u00fcrsenkel, einen Klettverschluss, eine Schnalle, einen Knopf sowie eine SchiebekatzeActivity Board Ania f\u00f6rdert das logische Denken und das selbst\u00e4ndige AnziehenDas Busy Board ist in einer praktischen und \u00e4sthetisch ansprechenden Schachtel verpackt und damit ein ideales Geschenk f\u00fcr Ihr Kind<\/p>\n","protected":false},"excerpt":{"rendered":"<p>Motorikspielzeug &#8211; das europ\u00e4ische M\u00e4dchen Ania &#8211; Spielzeug f\u00fcr Kinder ab 3 Jahren Darf ich Ihnen Ania vorstellen. Ania ist ein typisch europ\u00e4isches M\u00e4dchen. Sie reist gerne und besucht andere L\u00e4nder, St\u00e4dte oder sch\u00f6ne Orte. Daf\u00fcr braucht sie ein Auto Ania mag bequeme Schuhe, mit denen sie alles erkunden kann. Sie geht \u00fcberall hn mit &#8230; <a title=\"Motorik-Spielzeug mit der Figur Ania, Busy Board, Activity Board aus Holz, f\u00fcr Kinder ab 3 Jahren &#8211; Lernspielzeug &#8211; Zum Aufh\u00e4ngen im Kinderbett &#8211; Bemaltes Holz mit vorstehenden Elementen\" class=\"read-more\" href=\"https:\/\/admincentral.selleetools.com\/pl\/product\/motorik-spielzeug-mit-der-figur-ania-busy-board-activity-board-aus-holz-fur-kinder-ab-3-jahren-lernspielzeug-zum-aufhangen-im-kinderbett-bemaltes-holz-mit-vorstehenden-elementen\/\">Read more<span class=\"screen-reader-text\">Motorik-Spielzeug mit der Figur Ania, Busy Board, Activity Board aus Holz, f\u00fcr Kinder ab 3 Jahren &#8211; Lernspielzeug &#8211; Zum Aufh\u00e4ngen im Kinderbett &#8211; Bemaltes Holz mit vorstehenden Elementen<\/span><\/a><\/p>\n","protected":false},"featured_media":286357,"comment_status":"open","ping_status":"closed","template":"","meta":{"_links_to":"","_links_to_target":""},"yoast_head":"<!-- This site is optimized with the Yoast SEO plugin v19.4 - https:\/\/yoast.com\/wordpress\/plugins\/seo\/ -->\n<title>Motorik-Spielzeug mit der Figur Ania, Busy Board, Activity Board aus Holz, f\u00fcr Kinder ab 3 Jahren - Lernspielzeug - Zum Aufh\u00e4ngen im Kinderbett - Bemaltes Holz mit vorstehenden Elementen - Selleetools.com<\/title>\n<meta name=\"robots\" content=\"index, follow, max-snippet:-1, max-image-preview:large, max-video-preview:-1\" \/>\n<link rel=\"canonical\" href=\"https:\/\/admincentral.selleetools.com\/pl\/product\/motorik-spielzeug-mit-der-figur-ania-busy-board-activity-board-aus-holz-fur-kinder-ab-3-jahren-lernspielzeug-zum-aufhangen-im-kinderbett-bemaltes-holz-mit-vorstehenden-elementen\/\" \/>\n<meta property=\"og:locale\" content=\"pl_PL\" \/>\n<meta property=\"og:type\" content=\"article\" \/>\n<meta property=\"og:title\" content=\"Motorik-Spielzeug mit der Figur Ania, Busy Board, Activity Board aus Holz, f\u00fcr Kinder ab 3 Jahren - Lernspielzeug - Zum Aufh\u00e4ngen im Kinderbett - Bemaltes Holz mit vorstehenden Elementen - Selleetools.com\" \/>\n<meta property=\"og:description\" content=\"Motorikspielzeug &#8211; das europ\u00e4ische M\u00e4dchen Ania &#8211; Spielzeug f\u00fcr Kinder ab 3 Jahren Darf ich Ihnen Ania vorstellen. Ania ist ein typisch europ\u00e4isches M\u00e4dchen. Sie reist gerne und besucht andere L\u00e4nder, St\u00e4dte oder sch\u00f6ne Orte. Daf\u00fcr braucht sie ein Auto Ania mag bequeme Schuhe, mit denen sie alles erkunden kann. Sie geht \u00fcberall hn mit ... Read moreMotorik-Spielzeug mit der Figur Ania, Busy Board, Activity Board aus Holz, f\u00fcr Kinder ab 3 Jahren &#8211; Lernspielzeug &#8211; Zum Aufh\u00e4ngen im Kinderbett &#8211; Bemaltes Holz mit vorstehenden Elementen\" \/>\n<meta property=\"og:url\" content=\"https:\/\/admincentral.selleetools.com\/pl\/product\/motorik-spielzeug-mit-der-figur-ania-busy-board-activity-board-aus-holz-fur-kinder-ab-3-jahren-lernspielzeug-zum-aufhangen-im-kinderbett-bemaltes-holz-mit-vorstehenden-elementen\/\" \/>\n<meta property=\"og:site_name\" content=\"Selleetools.com\" \/>\n<meta property=\"article:modified_time\" content=\"2023-12-05T11:58:37+00:00\" \/>\n<meta property=\"og:image\" content=\"https:\/\/selleetools.com\/wp-content\/uploads\/2023\/08\/618hmlqYYsL.jpg\" \/>\n\t<meta property=\"og:image:width\" content=\"1000\" \/>\n\t<meta property=\"og:image:height\" content=\"717\" \/>\n\t<meta property=\"og:image:type\" content=\"image\/jpeg\" \/>\n<meta name=\"twitter:card\" content=\"summary_large_image\" \/>\n<meta name=\"twitter:label1\" content=\"Est. reading time\" \/>\n\t<meta name=\"twitter:data1\" content=\"2 minuty\" \/>\n<!-- \/ Yoast SEO plugin. -->","yoast_head_json":{"title":"Motorik-Spielzeug mit der Figur Ania, Busy Board, Activity Board aus Holz, f\u00fcr Kinder ab 3 Jahren - Lernspielzeug - Zum Aufh\u00e4ngen im Kinderbett - Bemaltes Holz mit vorstehenden Elementen - Selleetools.com","robots":{"index":"index","follow":"follow","max-snippet":"max-snippet:-1","max-image-preview":"max-image-preview:large","max-video-preview":"max-video-preview:-1"},"canonical":"https:\/\/admincentral.selleetools.com\/pl\/product\/motorik-spielzeug-mit-der-figur-ania-busy-board-activity-board-aus-holz-fur-kinder-ab-3-jahren-lernspielzeug-zum-aufhangen-im-kinderbett-bemaltes-holz-mit-vorstehenden-elementen\/","og_locale":"pl_PL","og_type":"article","og_title":"Motorik-Spielzeug mit der Figur Ania, Busy Board, Activity Board aus Holz, f\u00fcr Kinder ab 3 Jahren - Lernspielzeug - Zum Aufh\u00e4ngen im Kinderbett - Bemaltes Holz mit vorstehenden Elementen - Selleetools.com","og_description":"Motorikspielzeug &#8211; das europ\u00e4ische M\u00e4dchen Ania &#8211; Spielzeug f\u00fcr Kinder ab 3 Jahren Darf ich Ihnen Ania vorstellen. Ania ist ein typisch europ\u00e4isches M\u00e4dchen. Sie reist gerne und besucht andere L\u00e4nder, St\u00e4dte oder sch\u00f6ne Orte. Daf\u00fcr braucht sie ein Auto Ania mag bequeme Schuhe, mit denen sie alles erkunden kann. Sie geht \u00fcberall hn mit ... Read moreMotorik-Spielzeug mit der Figur Ania, Busy Board, Activity Board aus Holz, f\u00fcr Kinder ab 3 Jahren &#8211; Lernspielzeug &#8211; Zum Aufh\u00e4ngen im Kinderbett &#8211; Bemaltes Holz mit vorstehenden Elementen","og_url":"https:\/\/admincentral.selleetools.com\/pl\/product\/motorik-spielzeug-mit-der-figur-ania-busy-board-activity-board-aus-holz-fur-kinder-ab-3-jahren-lernspielzeug-zum-aufhangen-im-kinderbett-bemaltes-holz-mit-vorstehenden-elementen\/","og_site_name":"Selleetools.com","article_modified_time":"2023-12-05T11:58:37+00:00","og_image":[{"width":1000,"height":717,"url":"https:\/\/selleetools.com\/wp-content\/uploads\/2023\/08\/618hmlqYYsL.jpg","type":"image\/jpeg"}],"twitter_card":"summary_large_image","twitter_misc":{"Est. reading time":"2 minuty"},"schema":{"@context":"https:\/\/schema.org","@graph":[{"@type":"Organization","@id":"https:\/\/selleetools.com\/#organization","name":"Selleetools","url":"https:\/\/selleetools.com\/","sameAs":[],"logo":{"@type":"ImageObject","inLanguage":"pl-PL","@id":"https:\/\/selleetools.com\/#\/schema\/logo\/image\/","url":"https:\/\/selleetools.com\/wp-content\/uploads\/2021\/10\/logo-dark.png","contentUrl":"https:\/\/selleetools.com\/wp-content\/uploads\/2021\/10\/logo-dark.png","width":320,"height":76,"caption":"Selleetools"},"image":{"@id":"https:\/\/selleetools.com\/#\/schema\/logo\/image\/"}},{"@type":"WebSite","@id":"https:\/\/selleetools.com\/#website","url":"https:\/\/selleetools.com\/","name":"Selleetools.com","description":"","publisher":{"@id":"https:\/\/selleetools.com\/#organization"},"potentialAction":[{"@type":"SearchAction","target":{"@type":"EntryPoint","urlTemplate":"https:\/\/selleetools.com\/?s={search_term_string}"},"query-input":"required name=search_term_string"}],"inLanguage":"pl-PL"},{"@type":"WebPage","@id":"https:\/\/admincentral.selleetools.com\/pl\/product\/motorik-spielzeug-mit-der-figur-ania-busy-board-activity-board-aus-holz-fur-kinder-ab-3-jahren-lernspielzeug-zum-aufhangen-im-kinderbett-bemaltes-holz-mit-vorstehenden-elementen\/","url":"https:\/\/admincentral.selleetools.com\/pl\/product\/motorik-spielzeug-mit-der-figur-ania-busy-board-activity-board-aus-holz-fur-kinder-ab-3-jahren-lernspielzeug-zum-aufhangen-im-kinderbett-bemaltes-holz-mit-vorstehenden-elementen\/","name":"Motorik-Spielzeug mit der Figur Ania, Busy Board, Activity Board aus Holz, f\u00fcr Kinder ab 3 Jahren - Lernspielzeug - Zum Aufh\u00e4ngen im Kinderbett - Bemaltes Holz mit vorstehenden Elementen - Selleetools.com","isPartOf":{"@id":"https:\/\/selleetools.com\/#website"},"datePublished":"2023-08-17T08:59:24+00:00","dateModified":"2023-12-05T11:58:37+00:00","breadcrumb":{"@id":"https:\/\/admincentral.selleetools.com\/pl\/product\/motorik-spielzeug-mit-der-figur-ania-busy-board-activity-board-aus-holz-fur-kinder-ab-3-jahren-lernspielzeug-zum-aufhangen-im-kinderbett-bemaltes-holz-mit-vorstehenden-elementen\/#breadcrumb"},"inLanguage":"pl-PL","potentialAction":[{"@type":"ReadAction","target":["https:\/\/admincentral.selleetools.com\/pl\/product\/motorik-spielzeug-mit-der-figur-ania-busy-board-activity-board-aus-holz-fur-kinder-ab-3-jahren-lernspielzeug-zum-aufhangen-im-kinderbett-bemaltes-holz-mit-vorstehenden-elementen\/"]}]},{"@type":"BreadcrumbList","@id":"https:\/\/admincentral.selleetools.com\/pl\/product\/motorik-spielzeug-mit-der-figur-ania-busy-board-activity-board-aus-holz-fur-kinder-ab-3-jahren-lernspielzeug-zum-aufhangen-im-kinderbett-bemaltes-holz-mit-vorstehenden-elementen\/#breadcrumb","itemListElement":[{"@type":"ListItem","position":1,"name":"Home","item":"https:\/\/selleetools.com\/pl\/"},{"@type":"ListItem","position":2,"name":"Katalog","item":"https:\/\/selleetools.com\/pl\/katalog\/"},{"@type":"ListItem","position":3,"name":"Motorik-Spielzeug mit der Figur Ania, Busy Board, Activity Board aus Holz, f\u00fcr Kinder ab 3 Jahren &#8211; Lernspielzeug &#8211; Zum Aufh\u00e4ngen im Kinderbett &#8211; Bemaltes Holz mit vorstehenden Elementen"}]}]}},"_links":{"self":[{"href":"https:\/\/admincentral.selleetools.com\/pl\/wp-json\/wp\/v2\/product\/284121"}],"collection":[{"href":"https:\/\/admincentral.selleetools.com\/pl\/wp-json\/wp\/v2\/product"}],"about":[{"href":"https:\/\/admincentral.selleetools.com\/pl\/wp-json\/wp\/v2\/types\/product"}],"replies":[{"embeddable":true,"href":"https:\/\/admincentral.selleetools.com\/pl\/wp-json\/wp\/v2\/comments?post=284121"}],"wp:featuredmedia":[{"embeddable":true,"href":"https:\/\/admincentral.selleetools.com\/pl\/wp-json\/wp\/v2\/media\/286357"}],"wp:attachment":[{"href":"https:\/\/admincentral.selleetools.com\/pl\/wp-json\/wp\/v2\/media?parent=284121"}],"curies":[{"name":"wp","href":"https:\/\/api.w.org\/{rel}","templated":true}]}}