{"id":284246,"date":"2023-08-17T11:00:08","date_gmt":"2023-08-17T09:00:08","guid":{"rendered":"https:\/\/selleetools.com\/?post_type=product&#038;p=284246"},"modified":"2023-08-22T21:55:18","modified_gmt":"2023-08-22T19:55:18","slug":"adam-toys-2in1-magnetfarbe-tafelfarbe-schwarz-1l-magnetische-farbe-5m2-l-abwischbare-kreidetafelfarbe-zieht-magnete-an-magnettafel-an-wand-wanddekoration-in-kinderzimmer-schule-kuche","status":"publish","type":"product","link":"https:\/\/admincentral.selleetools.com\/pl\/product\/adam-toys-2in1-magnetfarbe-tafelfarbe-schwarz-1l-magnetische-farbe-5m2-l-abwischbare-kreidetafelfarbe-zieht-magnete-an-magnettafel-an-wand-wanddekoration-in-kinderzimmer-schule-kuche\/","title":{"rendered":"adam toys 2in1 Magnetfarbe Tafelfarbe schwarz 1l &#8211; Magnetische Farbe 5m2\/l &#8211; abwischbare Kreidetafelfarbe &#8211; zieht Magnete an &#8211; Magnettafel an Wand &#8211; Wanddekoration in Kinderzimmer, Schule, K\u00fcche"},"content":{"rendered":"<p>Space Creation 2in1 &#8211; Whiteboard-Magnetfarbe zum Gestalten von magnetischen W\u00e4nden und zum Zeichnen: Hochwertige schwarze Farbe f\u00fcr den Innenanstrich (Zementw\u00e4nde, Mauerwerksw\u00e4nde, Gipskarton, Gipsw\u00e4nde) Die Farbe bildet eine harte und abriebfeste Schicht, die es erm\u00f6glicht, gleichzeitig mehrere Notizen zu machen, Zeichnungen zu erstellen und Magnete anzubringen Die magnetische Tafelfarbe erm\u00f6glicht es Ihnen, originelle und funktionelle Innenr\u00e4ume zu Hause und in \u00f6ffentlichen R\u00e4umen (Bars, Restaurants, Schulen) zu gestalten Die Farbe kann auch auf Gegenst\u00e4nden wie M\u00f6bel, T\u00fcren, Kisten, Beh\u00e4lter oder \u00c4hnlichem verwendet werden Vorbereitung des Untergrunds: Magnetkreidefarbe erfordert einen tragf\u00e4higen, trockenen, von alten, abbl\u00e4tternden Altanstrichen gereinigten, rissfreien, staub- und fettfreien Untergrund. Schlecht haftende Untergr\u00fcnde sind mit einer tief eindringenden Grundierung versehen. Putz und alle Arten von zement- und kalkhaltigen Produkten ben\u00f6tigen eine 4-w\u00f6chige Karbonatisierungszeit. Wird diese Zeit unterschritten, kann es zu Sch\u00e4den an der dekorierten Oberfl\u00e4che kommen. Die Vorteile unserer magnetischen Tafelfarbe: Abriebfest Widerstandsf\u00e4hig gegen\u00fcber Wasser Hohe Haftung am Untergrund Magnetischer Wandeffekt Technische Daten: VERPACKUNG &#8211; 1 Liter DICHTE: 1,6-1,7 g\/cm3 Brutto-Verpackungsgewicht: 1,8 kg L\u00d6SUNGSMITTELFREI Mattes Finish VERBRAUCH &#8211; 5m2 pro Packung\/pro Liter pro Anstrich &#8211; abh\u00e4ngig von der Saugf\u00e4higkeit des Untergrundes und der Dicke der aufgetragenen Schicht je nach Farbroller Unsere Magnettafelfarbe wird in Polen hergestelltFeaturesSpace Creation ist eine schwarze Tafel- und Magnetfarbe 2in1 zur Gestaltung einer Magnettafel, zur Wanddekoration in B\u00fcro, Kinderzimmer, K\u00fcche und anderen R\u00e4umenHochwertige Tafelfarbe, schwarz, magnetisch f\u00fcr den Innenanstrich auf Zement, Mauerwerk, auf Gipskarton und verputzten Fl\u00e4chenJeder Beh\u00e4lter enth\u00e4lt 1l Magnetfarbe, Verbrauch ca. 5m2\/l pro einem Anstrich, nicht verd\u00fcnnen oder mit anderen Farben mischenDichte der Magnetfarbe 1,6-1,7g\/cm3 &#8211; die Dichte der Farbe ist f\u00fcr die magnetischen Eigenschaften verantwortlich, bei unserer Dichte reicht ein AnstrichMagnetische Wandfarbe erm\u00f6glicht es Ihnen, Ihre W\u00e4nde mit verschiedenen Magneten, Postern oder Zeichnungen zu dekorieren, abrieb- und wasserfest<\/p>\n","protected":false},"excerpt":{"rendered":"<p>Space Creation 2in1 &#8211; Whiteboard-Magnetfarbe zum Gestalten von magnetischen W\u00e4nden und zum Zeichnen: Hochwertige schwarze Farbe f\u00fcr den Innenanstrich (Zementw\u00e4nde, Mauerwerksw\u00e4nde, Gipskarton, Gipsw\u00e4nde) Die Farbe bildet eine harte und abriebfeste Schicht, die es erm\u00f6glicht, gleichzeitig mehrere Notizen zu machen, Zeichnungen zu erstellen und Magnete anzubringen Die magnetische Tafelfarbe erm\u00f6glicht es Ihnen, originelle und funktionelle Innenr\u00e4ume &#8230; <a title=\"adam toys 2in1 Magnetfarbe Tafelfarbe schwarz 1l &#8211; Magnetische Farbe 5m2\/l &#8211; abwischbare Kreidetafelfarbe &#8211; zieht Magnete an &#8211; Magnettafel an Wand &#8211; Wanddekoration in Kinderzimmer, Schule, K\u00fcche\" class=\"read-more\" href=\"https:\/\/admincentral.selleetools.com\/pl\/product\/adam-toys-2in1-magnetfarbe-tafelfarbe-schwarz-1l-magnetische-farbe-5m2-l-abwischbare-kreidetafelfarbe-zieht-magnete-an-magnettafel-an-wand-wanddekoration-in-kinderzimmer-schule-kuche\/\">Read more<span class=\"screen-reader-text\">adam toys 2in1 Magnetfarbe Tafelfarbe schwarz 1l &#8211; Magnetische Farbe 5m2\/l &#8211; abwischbare Kreidetafelfarbe &#8211; zieht Magnete an &#8211; Magnettafel an Wand &#8211; Wanddekoration in Kinderzimmer, Schule, K\u00fcche<\/span><\/a><\/p>\n","protected":false},"featured_media":286501,"comment_status":"open","ping_status":"closed","template":"","meta":{"_links_to":"","_links_to_target":""},"yoast_head":"<!-- This site is optimized with the Yoast SEO plugin v19.4 - https:\/\/yoast.com\/wordpress\/plugins\/seo\/ -->\n<title>adam toys 2in1 Magnetfarbe Tafelfarbe schwarz 1l - Magnetische Farbe 5m2\/l - abwischbare Kreidetafelfarbe - zieht Magnete an - Magnettafel an Wand - Wanddekoration in Kinderzimmer, Schule, K\u00fcche - Selleetools.com<\/title>\n<meta name=\"robots\" content=\"index, follow, max-snippet:-1, max-image-preview:large, max-video-preview:-1\" \/>\n<link rel=\"canonical\" href=\"https:\/\/selleetools.com\/product\/adam-toys-2in1-magnetfarbe-tafelfarbe-schwarz-1l-magnetische-farbe-5m2-l-abwischbare-kreidetafelfarbe-zieht-magnete-an-magnettafel-an-wand-wanddekoration-in-kinderzimmer-schule-kuche\/\" \/>\n<meta property=\"og:locale\" content=\"pl_PL\" \/>\n<meta property=\"og:type\" content=\"article\" \/>\n<meta property=\"og:title\" content=\"adam toys 2in1 Magnetfarbe Tafelfarbe schwarz 1l - Magnetische Farbe 5m2\/l - abwischbare Kreidetafelfarbe - zieht Magnete an - Magnettafel an Wand - Wanddekoration in Kinderzimmer, Schule, K\u00fcche - Selleetools.com\" \/>\n<meta property=\"og:description\" content=\"Space Creation 2in1 &#8211; Whiteboard-Magnetfarbe zum Gestalten von magnetischen W\u00e4nden und zum Zeichnen: Hochwertige schwarze Farbe f\u00fcr den Innenanstrich (Zementw\u00e4nde, Mauerwerksw\u00e4nde, Gipskarton, Gipsw\u00e4nde) Die Farbe bildet eine harte und abriebfeste Schicht, die es erm\u00f6glicht, gleichzeitig mehrere Notizen zu machen, Zeichnungen zu erstellen und Magnete anzubringen Die magnetische Tafelfarbe erm\u00f6glicht es Ihnen, originelle und funktionelle Innenr\u00e4ume ... Read moreadam toys 2in1 Magnetfarbe Tafelfarbe schwarz 1l &#8211; Magnetische Farbe 5m2\/l &#8211; abwischbare Kreidetafelfarbe &#8211; zieht Magnete an &#8211; Magnettafel an Wand &#8211; Wanddekoration in Kinderzimmer, Schule, K\u00fcche\" \/>\n<meta property=\"og:url\" content=\"https:\/\/selleetools.com\/product\/adam-toys-2in1-magnetfarbe-tafelfarbe-schwarz-1l-magnetische-farbe-5m2-l-abwischbare-kreidetafelfarbe-zieht-magnete-an-magnettafel-an-wand-wanddekoration-in-kinderzimmer-schule-kuche\/\" \/>\n<meta property=\"og:site_name\" content=\"Selleetools.com\" \/>\n<meta property=\"article:modified_time\" content=\"2023-08-22T19:55:18+00:00\" \/>\n<meta property=\"og:image\" content=\"https:\/\/selleetools.com\/wp-content\/uploads\/2023\/08\/61wTrlwKOSL.jpg\" \/>\n\t<meta property=\"og:image:width\" content=\"1000\" \/>\n\t<meta property=\"og:image:height\" content=\"1000\" \/>\n\t<meta property=\"og:image:type\" content=\"image\/jpeg\" \/>\n<meta name=\"twitter:card\" content=\"summary_large_image\" \/>\n<meta name=\"twitter:label1\" content=\"Est. reading time\" \/>\n\t<meta name=\"twitter:data1\" content=\"2 minuty\" \/>\n<!-- \/ Yoast SEO plugin. -->","yoast_head_json":{"title":"adam toys 2in1 Magnetfarbe Tafelfarbe schwarz 1l - Magnetische Farbe 5m2\/l - abwischbare Kreidetafelfarbe - zieht Magnete an - Magnettafel an Wand - Wanddekoration in Kinderzimmer, Schule, K\u00fcche - Selleetools.com","robots":{"index":"index","follow":"follow","max-snippet":"max-snippet:-1","max-image-preview":"max-image-preview:large","max-video-preview":"max-video-preview:-1"},"canonical":"https:\/\/selleetools.com\/product\/adam-toys-2in1-magnetfarbe-tafelfarbe-schwarz-1l-magnetische-farbe-5m2-l-abwischbare-kreidetafelfarbe-zieht-magnete-an-magnettafel-an-wand-wanddekoration-in-kinderzimmer-schule-kuche\/","og_locale":"pl_PL","og_type":"article","og_title":"adam toys 2in1 Magnetfarbe Tafelfarbe schwarz 1l - Magnetische Farbe 5m2\/l - abwischbare Kreidetafelfarbe - zieht Magnete an - Magnettafel an Wand - Wanddekoration in Kinderzimmer, Schule, K\u00fcche - Selleetools.com","og_description":"Space Creation 2in1 &#8211; Whiteboard-Magnetfarbe zum Gestalten von magnetischen W\u00e4nden und zum Zeichnen: Hochwertige schwarze Farbe f\u00fcr den Innenanstrich (Zementw\u00e4nde, Mauerwerksw\u00e4nde, Gipskarton, Gipsw\u00e4nde) Die Farbe bildet eine harte und abriebfeste Schicht, die es erm\u00f6glicht, gleichzeitig mehrere Notizen zu machen, Zeichnungen zu erstellen und Magnete anzubringen Die magnetische Tafelfarbe erm\u00f6glicht es Ihnen, originelle und funktionelle Innenr\u00e4ume ... Read moreadam toys 2in1 Magnetfarbe Tafelfarbe schwarz 1l &#8211; Magnetische Farbe 5m2\/l &#8211; abwischbare Kreidetafelfarbe &#8211; zieht Magnete an &#8211; Magnettafel an Wand &#8211; Wanddekoration in Kinderzimmer, Schule, K\u00fcche","og_url":"https:\/\/selleetools.com\/product\/adam-toys-2in1-magnetfarbe-tafelfarbe-schwarz-1l-magnetische-farbe-5m2-l-abwischbare-kreidetafelfarbe-zieht-magnete-an-magnettafel-an-wand-wanddekoration-in-kinderzimmer-schule-kuche\/","og_site_name":"Selleetools.com","article_modified_time":"2023-08-22T19:55:18+00:00","og_image":[{"width":1000,"height":1000,"url":"https:\/\/selleetools.com\/wp-content\/uploads\/2023\/08\/61wTrlwKOSL.jpg","type":"image\/jpeg"}],"twitter_card":"summary_large_image","twitter_misc":{"Est. reading time":"2 minuty"},"schema":{"@context":"https:\/\/schema.org","@graph":[{"@type":"Organization","@id":"https:\/\/selleetools.com\/#organization","name":"Selleetools","url":"https:\/\/selleetools.com\/","sameAs":[],"logo":{"@type":"ImageObject","inLanguage":"pl-PL","@id":"https:\/\/selleetools.com\/#\/schema\/logo\/image\/","url":"https:\/\/selleetools.com\/wp-content\/uploads\/2021\/10\/logo-dark.png","contentUrl":"https:\/\/selleetools.com\/wp-content\/uploads\/2021\/10\/logo-dark.png","width":320,"height":76,"caption":"Selleetools"},"image":{"@id":"https:\/\/selleetools.com\/#\/schema\/logo\/image\/"}},{"@type":"WebSite","@id":"https:\/\/selleetools.com\/#website","url":"https:\/\/selleetools.com\/","name":"Selleetools.com","description":"","publisher":{"@id":"https:\/\/selleetools.com\/#organization"},"potentialAction":[{"@type":"SearchAction","target":{"@type":"EntryPoint","urlTemplate":"https:\/\/selleetools.com\/?s={search_term_string}"},"query-input":"required name=search_term_string"}],"inLanguage":"pl-PL"},{"@type":"WebPage","@id":"https:\/\/selleetools.com\/product\/adam-toys-2in1-magnetfarbe-tafelfarbe-schwarz-1l-magnetische-farbe-5m2-l-abwischbare-kreidetafelfarbe-zieht-magnete-an-magnettafel-an-wand-wanddekoration-in-kinderzimmer-schule-kuche\/","url":"https:\/\/selleetools.com\/product\/adam-toys-2in1-magnetfarbe-tafelfarbe-schwarz-1l-magnetische-farbe-5m2-l-abwischbare-kreidetafelfarbe-zieht-magnete-an-magnettafel-an-wand-wanddekoration-in-kinderzimmer-schule-kuche\/","name":"adam toys 2in1 Magnetfarbe Tafelfarbe schwarz 1l - Magnetische Farbe 5m2\/l - abwischbare Kreidetafelfarbe - zieht Magnete an - Magnettafel an Wand - Wanddekoration in Kinderzimmer, Schule, K\u00fcche - Selleetools.com","isPartOf":{"@id":"https:\/\/selleetools.com\/#website"},"datePublished":"2023-08-17T09:00:08+00:00","dateModified":"2023-08-22T19:55:18+00:00","breadcrumb":{"@id":"https:\/\/selleetools.com\/product\/adam-toys-2in1-magnetfarbe-tafelfarbe-schwarz-1l-magnetische-farbe-5m2-l-abwischbare-kreidetafelfarbe-zieht-magnete-an-magnettafel-an-wand-wanddekoration-in-kinderzimmer-schule-kuche\/#breadcrumb"},"inLanguage":"pl-PL","potentialAction":[{"@type":"ReadAction","target":["https:\/\/selleetools.com\/product\/adam-toys-2in1-magnetfarbe-tafelfarbe-schwarz-1l-magnetische-farbe-5m2-l-abwischbare-kreidetafelfarbe-zieht-magnete-an-magnettafel-an-wand-wanddekoration-in-kinderzimmer-schule-kuche\/"]}]},{"@type":"BreadcrumbList","@id":"https:\/\/selleetools.com\/product\/adam-toys-2in1-magnetfarbe-tafelfarbe-schwarz-1l-magnetische-farbe-5m2-l-abwischbare-kreidetafelfarbe-zieht-magnete-an-magnettafel-an-wand-wanddekoration-in-kinderzimmer-schule-kuche\/#breadcrumb","itemListElement":[{"@type":"ListItem","position":1,"name":"Home","item":"https:\/\/selleetools.com\/pl\/"},{"@type":"ListItem","position":2,"name":"Katalog","item":"https:\/\/selleetools.com\/pl\/katalog\/"},{"@type":"ListItem","position":3,"name":"adam toys 2in1 Magnetfarbe Tafelfarbe schwarz 1l &#8211; Magnetische Farbe 5m2\/l &#8211; abwischbare Kreidetafelfarbe &#8211; zieht Magnete an &#8211; Magnettafel an Wand &#8211; Wanddekoration in Kinderzimmer, Schule, K\u00fcche"}]}]}},"_links":{"self":[{"href":"https:\/\/admincentral.selleetools.com\/pl\/wp-json\/wp\/v2\/product\/284246"}],"collection":[{"href":"https:\/\/admincentral.selleetools.com\/pl\/wp-json\/wp\/v2\/product"}],"about":[{"href":"https:\/\/admincentral.selleetools.com\/pl\/wp-json\/wp\/v2\/types\/product"}],"replies":[{"embeddable":true,"href":"https:\/\/admincentral.selleetools.com\/pl\/wp-json\/wp\/v2\/comments?post=284246"}],"wp:featuredmedia":[{"embeddable":true,"href":"https:\/\/admincentral.selleetools.com\/pl\/wp-json\/wp\/v2\/media\/286501"}],"wp:attachment":[{"href":"https:\/\/admincentral.selleetools.com\/pl\/wp-json\/wp\/v2\/media?parent=284246"}],"curies":[{"name":"wp","href":"https:\/\/api.w.org\/{rel}","templated":true}]}}