{"id":284251,"date":"2023-08-17T11:00:12","date_gmt":"2023-08-17T09:00:12","guid":{"rendered":"https:\/\/selleetools.com\/?post_type=product&#038;p=284251"},"modified":"2025-05-28T12:36:23","modified_gmt":"2025-05-28T10:36:23","slug":"adam-toys-magnetfarbe-schwarz-075l-magnetische-farbe-5m2-l-acryl-innenfarbe-auf-wasserbasis-zieht-magnete-an-magnettafel-an-wand-wanddekoration-in-kinderzimmer-schule-kuche-wohnzimmer","status":"publish","type":"product","link":"https:\/\/admincentral.selleetools.com\/pl\/product\/adam-toys-magnetfarbe-schwarz-075l-magnetische-farbe-5m2-l-acryl-innenfarbe-auf-wasserbasis-zieht-magnete-an-magnettafel-an-wand-wanddekoration-in-kinderzimmer-schule-kuche-wohnzimmer\/","title":{"rendered":"adam toys Magnetfarbe schwarz 0,75l &#8211; Magnetische Farbe 5m2\/l &#8211; Acryl-Innenfarbe auf Wasserbasis &#8211; zieht Magnete an &#8211; Magnettafel an Wand &#8211; Wanddekoration in Kinderzimmer, Schule, K\u00fcche, Wohnzimmer"},"content":{"rendered":"<p>Space Creation magnetische Grundierung, zur Befestigung eines magnetischen Whiteboards an der Wand: Schwarze Acrylfarbe auf Wasserbasis f\u00fcr Innenr\u00e4ume, die einen Eisenmagnetid-Zusatz enth\u00e4lt, der \u00fcber magnetische Eigenschaften verf\u00fcgt Perfekt f\u00fcr die Verwendung in Kinderzimmern, K\u00fcche, Wohnzimmer, B\u00fcro, Schule, Restaurant sowie allen anderen Innenr\u00e4umen Nach dem Anstrich verh\u00e4lt sich die Wand wie die Oberfl\u00e4che eines K\u00fchlschranks, d.h. sie zieht leichte Magnete an Die Grundfarbe ist schwarz, um eine andere Farbe zu erhalten, k\u00f6nnen Sie eine weitere Deckschicht oder Tafelfarbe auftragen. Wir empfehlen keine hellen Farben. Jede zus\u00e4tzliche Farbschicht schw\u00e4cht die magnetische Wirkung Magnetische Farbe &#8211; Anwendung: Aufzutragen auf Putz, Beton, Gipskarton, Tapeten und anderen Untergr\u00fcnden nach deren Vorbereitung. Am h\u00e4ufigsten verwendet in Wohnungen, B\u00fcros und anderen \u00f6ffentlichen R\u00e4umen. Kann auf allen f\u00fcr Latexfarben geeigneten Untergr\u00fcnden verwendet werden. Vorteile unserer Magnetfarbe: Erm\u00f6glicht es, einen Effekt an der Wand zu erzielen, der Magnete anzieht Die Magnetfarbe kann mit einer beliebigen Farbe \u00fcberstrichen oder mit einer d\u00fcnnen Tapete \u00fcberklebt werden, ohne dass die magnetische Wirkung verloren geht DICHTE: 1,85-1,95g\/cm3 &#8211; vergleichen Sie bei der Wahl der Magnetfarbe deren Dichte. Seltenere Farben haben eine schw\u00e4chere magnetische Wirkung Technische Daten: VERPACKUNG &#8211; 0,75 L GEWICHT DER VERPACKUNG: brutto 1,55 kg, netto 1,45 kg VERBRAUCH &#8211; 3,5 bis 4,5 m2 pro EINEM ANSTRICH aus einer Dose, abh\u00e4ngig von der Saugf\u00e4higkeit des Untergrunds und der Dicke des aufgetragenen Anstrichs in Abh\u00e4ngigkeit von der L\u00e4nge der Borsten eines Farbrollers Haltbarkeit &#8211; 24 Monate ab dem ProduktionsdatumFeaturesSpace Creation ist eine schwarze Wandfarbe zur Gestaltung einer Magnettafel und Dekoration von W\u00e4nden in B\u00fcro, Kinderzimmer, K\u00fcche und anderen R\u00e4umenAcrylfarbe, Grundierung, Innenfarbe auf Wasserbasis mit Zusatz von Eisenmagnetit (zieht Magnete an)Jeder Beh\u00e4lter enth\u00e4lt 0,75l Magnetfarbe, Verbrauch ca. 5m2\/l (kann 3,5-4,5m2 Verbrauch pro Anstrich)Dichte der Magnetfarbe 1,85-1,95g\/cm3 &#8211; die Dichte der Farbe ist f\u00fcr die magnetischen Eigenschaften verantwortlich, bei unserer Dichte reicht ein AnstrichMagnetische Farbe kann mit jeder beliebigen Farbe \u00fcberstrichen oder mit einer d\u00fcnnen Tapete abgedeckt werden, wobei die magnetischen Eigenschaften erhalten bleiben<\/p>\n","protected":false},"excerpt":{"rendered":"<p>Space Creation magnetische Grundierung, zur Befestigung eines magnetischen Whiteboards an der Wand: Schwarze Acrylfarbe auf Wasserbasis f\u00fcr Innenr\u00e4ume, die einen Eisenmagnetid-Zusatz enth\u00e4lt, der \u00fcber magnetische Eigenschaften verf\u00fcgt Perfekt f\u00fcr die Verwendung in Kinderzimmern, K\u00fcche, Wohnzimmer, B\u00fcro, Schule, Restaurant sowie allen anderen Innenr\u00e4umen Nach dem Anstrich verh\u00e4lt sich die Wand wie die Oberfl\u00e4che eines K\u00fchlschranks, d.h. &#8230; <a title=\"adam toys Magnetfarbe schwarz 0,75l &#8211; Magnetische Farbe 5m2\/l &#8211; Acryl-Innenfarbe auf Wasserbasis &#8211; zieht Magnete an &#8211; Magnettafel an Wand &#8211; Wanddekoration in Kinderzimmer, Schule, K\u00fcche, Wohnzimmer\" class=\"read-more\" href=\"https:\/\/admincentral.selleetools.com\/pl\/product\/adam-toys-magnetfarbe-schwarz-075l-magnetische-farbe-5m2-l-acryl-innenfarbe-auf-wasserbasis-zieht-magnete-an-magnettafel-an-wand-wanddekoration-in-kinderzimmer-schule-kuche-wohnzimmer\/\">Read more<span class=\"screen-reader-text\">adam toys Magnetfarbe schwarz 0,75l &#8211; Magnetische Farbe 5m2\/l &#8211; Acryl-Innenfarbe auf Wasserbasis &#8211; zieht Magnete an &#8211; Magnettafel an Wand &#8211; Wanddekoration in Kinderzimmer, Schule, K\u00fcche, Wohnzimmer<\/span><\/a><\/p>\n","protected":false},"featured_media":286507,"comment_status":"open","ping_status":"closed","template":"","meta":{"_links_to":"","_links_to_target":""},"yoast_head":"<!-- This site is optimized with the Yoast SEO plugin v19.4 - https:\/\/yoast.com\/wordpress\/plugins\/seo\/ -->\n<title>adam toys Magnetfarbe schwarz 0,75l - Magnetische Farbe 5m2\/l - Acryl-Innenfarbe auf Wasserbasis - zieht Magnete an - Magnettafel an Wand - Wanddekoration in Kinderzimmer, Schule, K\u00fcche, Wohnzimmer - Selleetools.com<\/title>\n<meta name=\"robots\" content=\"index, follow, max-snippet:-1, max-image-preview:large, max-video-preview:-1\" \/>\n<link rel=\"canonical\" href=\"https:\/\/selleetools.com\/product\/adam-toys-magnetfarbe-schwarz-075l-magnetische-farbe-5m2-l-acryl-innenfarbe-auf-wasserbasis-zieht-magnete-an-magnettafel-an-wand-wanddekoration-in-kinderzimmer-schule-kuche-wohnzimmer\/\" \/>\n<meta property=\"og:locale\" content=\"pl_PL\" \/>\n<meta property=\"og:type\" content=\"article\" \/>\n<meta property=\"og:title\" content=\"adam toys Magnetfarbe schwarz 0,75l - Magnetische Farbe 5m2\/l - Acryl-Innenfarbe auf Wasserbasis - zieht Magnete an - Magnettafel an Wand - Wanddekoration in Kinderzimmer, Schule, K\u00fcche, Wohnzimmer - Selleetools.com\" \/>\n<meta property=\"og:description\" content=\"Space Creation magnetische Grundierung, zur Befestigung eines magnetischen Whiteboards an der Wand: Schwarze Acrylfarbe auf Wasserbasis f\u00fcr Innenr\u00e4ume, die einen Eisenmagnetid-Zusatz enth\u00e4lt, der \u00fcber magnetische Eigenschaften verf\u00fcgt Perfekt f\u00fcr die Verwendung in Kinderzimmern, K\u00fcche, Wohnzimmer, B\u00fcro, Schule, Restaurant sowie allen anderen Innenr\u00e4umen Nach dem Anstrich verh\u00e4lt sich die Wand wie die Oberfl\u00e4che eines K\u00fchlschranks, d.h. ... Read moreadam toys Magnetfarbe schwarz 0,75l &#8211; Magnetische Farbe 5m2\/l &#8211; Acryl-Innenfarbe auf Wasserbasis &#8211; zieht Magnete an &#8211; Magnettafel an Wand &#8211; Wanddekoration in Kinderzimmer, Schule, K\u00fcche, Wohnzimmer\" \/>\n<meta property=\"og:url\" content=\"https:\/\/selleetools.com\/product\/adam-toys-magnetfarbe-schwarz-075l-magnetische-farbe-5m2-l-acryl-innenfarbe-auf-wasserbasis-zieht-magnete-an-magnettafel-an-wand-wanddekoration-in-kinderzimmer-schule-kuche-wohnzimmer\/\" \/>\n<meta property=\"og:site_name\" content=\"Selleetools.com\" \/>\n<meta property=\"article:modified_time\" content=\"2025-05-28T10:36:23+00:00\" \/>\n<meta property=\"og:image\" content=\"https:\/\/selleetools.com\/wp-content\/uploads\/2023\/08\/51dPX1C9gQL.jpg\" \/>\n\t<meta property=\"og:image:width\" content=\"800\" \/>\n\t<meta property=\"og:image:height\" content=\"800\" \/>\n\t<meta property=\"og:image:type\" content=\"image\/jpeg\" \/>\n<meta name=\"twitter:card\" content=\"summary_large_image\" \/>\n<meta name=\"twitter:label1\" content=\"Est. reading time\" \/>\n\t<meta name=\"twitter:data1\" content=\"2 minuty\" \/>\n<!-- \/ Yoast SEO plugin. -->","yoast_head_json":{"title":"adam toys Magnetfarbe schwarz 0,75l - Magnetische Farbe 5m2\/l - Acryl-Innenfarbe auf Wasserbasis - zieht Magnete an - Magnettafel an Wand - Wanddekoration in Kinderzimmer, Schule, K\u00fcche, Wohnzimmer - Selleetools.com","robots":{"index":"index","follow":"follow","max-snippet":"max-snippet:-1","max-image-preview":"max-image-preview:large","max-video-preview":"max-video-preview:-1"},"canonical":"https:\/\/selleetools.com\/product\/adam-toys-magnetfarbe-schwarz-075l-magnetische-farbe-5m2-l-acryl-innenfarbe-auf-wasserbasis-zieht-magnete-an-magnettafel-an-wand-wanddekoration-in-kinderzimmer-schule-kuche-wohnzimmer\/","og_locale":"pl_PL","og_type":"article","og_title":"adam toys Magnetfarbe schwarz 0,75l - Magnetische Farbe 5m2\/l - Acryl-Innenfarbe auf Wasserbasis - zieht Magnete an - Magnettafel an Wand - Wanddekoration in Kinderzimmer, Schule, K\u00fcche, Wohnzimmer - Selleetools.com","og_description":"Space Creation magnetische Grundierung, zur Befestigung eines magnetischen Whiteboards an der Wand: Schwarze Acrylfarbe auf Wasserbasis f\u00fcr Innenr\u00e4ume, die einen Eisenmagnetid-Zusatz enth\u00e4lt, der \u00fcber magnetische Eigenschaften verf\u00fcgt Perfekt f\u00fcr die Verwendung in Kinderzimmern, K\u00fcche, Wohnzimmer, B\u00fcro, Schule, Restaurant sowie allen anderen Innenr\u00e4umen Nach dem Anstrich verh\u00e4lt sich die Wand wie die Oberfl\u00e4che eines K\u00fchlschranks, d.h. ... Read moreadam toys Magnetfarbe schwarz 0,75l &#8211; Magnetische Farbe 5m2\/l &#8211; Acryl-Innenfarbe auf Wasserbasis &#8211; zieht Magnete an &#8211; Magnettafel an Wand &#8211; Wanddekoration in Kinderzimmer, Schule, K\u00fcche, Wohnzimmer","og_url":"https:\/\/selleetools.com\/product\/adam-toys-magnetfarbe-schwarz-075l-magnetische-farbe-5m2-l-acryl-innenfarbe-auf-wasserbasis-zieht-magnete-an-magnettafel-an-wand-wanddekoration-in-kinderzimmer-schule-kuche-wohnzimmer\/","og_site_name":"Selleetools.com","article_modified_time":"2025-05-28T10:36:23+00:00","og_image":[{"width":800,"height":800,"url":"https:\/\/selleetools.com\/wp-content\/uploads\/2023\/08\/51dPX1C9gQL.jpg","type":"image\/jpeg"}],"twitter_card":"summary_large_image","twitter_misc":{"Est. reading time":"2 minuty"},"schema":{"@context":"https:\/\/schema.org","@graph":[{"@type":"Organization","@id":"https:\/\/selleetools.com\/#organization","name":"Selleetools","url":"https:\/\/selleetools.com\/","sameAs":[],"logo":{"@type":"ImageObject","inLanguage":"pl-PL","@id":"https:\/\/selleetools.com\/#\/schema\/logo\/image\/","url":"https:\/\/selleetools.com\/wp-content\/uploads\/2021\/10\/logo-dark.png","contentUrl":"https:\/\/selleetools.com\/wp-content\/uploads\/2021\/10\/logo-dark.png","width":320,"height":76,"caption":"Selleetools"},"image":{"@id":"https:\/\/selleetools.com\/#\/schema\/logo\/image\/"}},{"@type":"WebSite","@id":"https:\/\/selleetools.com\/#website","url":"https:\/\/selleetools.com\/","name":"Selleetools.com","description":"","publisher":{"@id":"https:\/\/selleetools.com\/#organization"},"potentialAction":[{"@type":"SearchAction","target":{"@type":"EntryPoint","urlTemplate":"https:\/\/selleetools.com\/?s={search_term_string}"},"query-input":"required name=search_term_string"}],"inLanguage":"pl-PL"},{"@type":"WebPage","@id":"https:\/\/selleetools.com\/product\/adam-toys-magnetfarbe-schwarz-075l-magnetische-farbe-5m2-l-acryl-innenfarbe-auf-wasserbasis-zieht-magnete-an-magnettafel-an-wand-wanddekoration-in-kinderzimmer-schule-kuche-wohnzimmer\/","url":"https:\/\/selleetools.com\/product\/adam-toys-magnetfarbe-schwarz-075l-magnetische-farbe-5m2-l-acryl-innenfarbe-auf-wasserbasis-zieht-magnete-an-magnettafel-an-wand-wanddekoration-in-kinderzimmer-schule-kuche-wohnzimmer\/","name":"adam toys Magnetfarbe schwarz 0,75l - Magnetische Farbe 5m2\/l - Acryl-Innenfarbe auf Wasserbasis - zieht Magnete an - Magnettafel an Wand - Wanddekoration in Kinderzimmer, Schule, K\u00fcche, Wohnzimmer - Selleetools.com","isPartOf":{"@id":"https:\/\/selleetools.com\/#website"},"datePublished":"2023-08-17T09:00:12+00:00","dateModified":"2025-05-28T10:36:23+00:00","breadcrumb":{"@id":"https:\/\/selleetools.com\/product\/adam-toys-magnetfarbe-schwarz-075l-magnetische-farbe-5m2-l-acryl-innenfarbe-auf-wasserbasis-zieht-magnete-an-magnettafel-an-wand-wanddekoration-in-kinderzimmer-schule-kuche-wohnzimmer\/#breadcrumb"},"inLanguage":"pl-PL","potentialAction":[{"@type":"ReadAction","target":["https:\/\/selleetools.com\/product\/adam-toys-magnetfarbe-schwarz-075l-magnetische-farbe-5m2-l-acryl-innenfarbe-auf-wasserbasis-zieht-magnete-an-magnettafel-an-wand-wanddekoration-in-kinderzimmer-schule-kuche-wohnzimmer\/"]}]},{"@type":"BreadcrumbList","@id":"https:\/\/selleetools.com\/product\/adam-toys-magnetfarbe-schwarz-075l-magnetische-farbe-5m2-l-acryl-innenfarbe-auf-wasserbasis-zieht-magnete-an-magnettafel-an-wand-wanddekoration-in-kinderzimmer-schule-kuche-wohnzimmer\/#breadcrumb","itemListElement":[{"@type":"ListItem","position":1,"name":"Home","item":"https:\/\/selleetools.com\/pl\/"},{"@type":"ListItem","position":2,"name":"Katalog","item":"https:\/\/selleetools.com\/pl\/katalog\/"},{"@type":"ListItem","position":3,"name":"adam toys Magnetfarbe schwarz 0,75l &#8211; Magnetische Farbe 5m2\/l &#8211; Acryl-Innenfarbe auf Wasserbasis &#8211; zieht Magnete an &#8211; Magnettafel an Wand &#8211; Wanddekoration in Kinderzimmer, Schule, K\u00fcche, Wohnzimmer"}]}]}},"_links":{"self":[{"href":"https:\/\/admincentral.selleetools.com\/pl\/wp-json\/wp\/v2\/product\/284251"}],"collection":[{"href":"https:\/\/admincentral.selleetools.com\/pl\/wp-json\/wp\/v2\/product"}],"about":[{"href":"https:\/\/admincentral.selleetools.com\/pl\/wp-json\/wp\/v2\/types\/product"}],"replies":[{"embeddable":true,"href":"https:\/\/admincentral.selleetools.com\/pl\/wp-json\/wp\/v2\/comments?post=284251"}],"wp:featuredmedia":[{"embeddable":true,"href":"https:\/\/admincentral.selleetools.com\/pl\/wp-json\/wp\/v2\/media\/286507"}],"wp:attachment":[{"href":"https:\/\/admincentral.selleetools.com\/pl\/wp-json\/wp\/v2\/media?parent=284251"}],"curies":[{"name":"wp","href":"https:\/\/api.w.org\/{rel}","templated":true}]}}