{"id":284339,"date":"2023-08-17T11:00:44","date_gmt":"2023-08-17T09:00:44","guid":{"rendered":"https:\/\/selleetools.com\/?post_type=product&#038;p=284339"},"modified":"2023-12-05T12:58:38","modified_gmt":"2023-12-05T11:58:38","slug":"adam-toys-magnetisches-holzspiel-magnetisch-anziehpuppen-kinder-aus-aller-welt-24-magnetteile-magnetpuzzle-fur-kinder-ab-3-jahren-junge-madchen-magnetspielbox-lernspielzeug","status":"publish","type":"product","link":"https:\/\/admincentral.selleetools.com\/pl\/product\/adam-toys-magnetisches-holzspiel-magnetisch-anziehpuppen-kinder-aus-aller-welt-24-magnetteile-magnetpuzzle-fur-kinder-ab-3-jahren-junge-madchen-magnetspielbox-lernspielzeug\/","title":{"rendered":"adam toys Magnetisches Holzspiel, magnetisch Anziehpuppen, Kinder aus Aller Welt, 24 Magnetteile &#8211; Magnetpuzzle f\u00fcr Kinder ab 3 Jahren &#8211; Junge, M\u00e4dchen &#8211; Magnetspielbox \u2013 Lernspielzeug"},"content":{"rendered":"<p>P\u00e4dagogisches Magnetspiel Anziehpuzzle aus Holz &#8211; Children of the World f\u00fcr Kinder ab 3 Jahren Dieses Magnetpuzzle ist ein neues Lernspielzeug mit vielen versteckten Funktionen. Es vereint mehrere Produkte in einem funktionalen und sch\u00f6n gestalteten Spielzeug. Beim Spielen hat das Kind die M\u00f6glichkeit, nicht nur kreative Kleidungsideen auszudr\u00fccken, sondern auch verschiedene Gef\u00fchle auszudr\u00fccken und zuzuordnen. Hauptmerkmale des Magnetspielzeugs f\u00fcr Kinder: F\u00f6rdert die Feinmotorik und Geschicklichkeit beim Anordnen und Zuordnen der einzelnen Teile F\u00f6rdert die Kreativit\u00e4t beim Zusammenstellen von Outfits nach individuellen Vorstellungen Schult die Empathie durch das Erraten von Emotionen &#8211; das Set enth\u00e4lt 4 verschiedene Jungen- und M\u00e4dchengesichter, die Freude, Traurigkeit, Wut und \u00dcberraschung ausdr\u00fccken Gibt Ihnen die M\u00f6glichkeit, das Outfit dem Wetter\/der Jahreszeit anzupassen &#8211; das Set enth\u00e4lt Fr\u00fchlings-, Sommer-, Herbst- und Winteroutfits Die magnetischen Elemente haften an der Figur, was den Spielspa\u00df erh\u00f6ht Die Figur kann sowohl mit also auch ohne den Kistendeckel angezogen werden Viele Elemente und eine Holzbox zur Aufbewahrung Die magnetische Spielzeugkiste enth\u00e4lt: zwei Figuren, ein Junge und ein M\u00e4dchen 24 magnetische Anzieh-Elemente eine Holzbox, die als Produktverpackung und Aufbewahrungsbox f\u00fcr die Figuren dient Technische Daten: Material: Holz, Magnet Alter: 3+ Verpackungsma\u00dfe: 22 x 14 x 3,5 cm Ce- Konformit\u00e4tserkl\u00e4rung FeaturesMagnetspielzeug f\u00fcr Kinder, Set bestehend aus: Jungen- und M\u00e4dchenfiguren, 24 Magnetteile in einer HolzkisteDas magnetisches Anzieh-Spielzeug ist ein multifunktionales Lernspielzeug. Es f\u00f6rdert Kreativit\u00e4t, Motorik und GeschicklichkeitEs kann gelernt werden, Emotionen zuzuordnen &#8211; das Set enth\u00e4lt verschiedene Jungen- und M\u00e4dchen-Gesichter, die Freude, Traurigkeit, Wut und \u00dcberraschung ausdr\u00fcckenEs kann gelernt werden, das Outfit dem Wetter anzupassen &#8211; Kleidung f\u00fcr jede Jahreszeit: Fr\u00fchling, Sommer, Herbst, WinterDie magnetischen Anzieh-Puppen ist in einer praktischen und \u00e4sthetisch ansprechenden Schachtel verpackt und somit ein ideales Geschenk f\u00fcr Ihr Kind<\/p>\n","protected":false},"excerpt":{"rendered":"<p>P\u00e4dagogisches Magnetspiel Anziehpuzzle aus Holz &#8211; Children of the World f\u00fcr Kinder ab 3 Jahren Dieses Magnetpuzzle ist ein neues Lernspielzeug mit vielen versteckten Funktionen. Es vereint mehrere Produkte in einem funktionalen und sch\u00f6n gestalteten Spielzeug. Beim Spielen hat das Kind die M\u00f6glichkeit, nicht nur kreative Kleidungsideen auszudr\u00fccken, sondern auch verschiedene Gef\u00fchle auszudr\u00fccken und zuzuordnen. &#8230; <a title=\"adam toys Magnetisches Holzspiel, magnetisch Anziehpuppen, Kinder aus Aller Welt, 24 Magnetteile &#8211; Magnetpuzzle f\u00fcr Kinder ab 3 Jahren &#8211; Junge, M\u00e4dchen &#8211; Magnetspielbox \u2013 Lernspielzeug\" class=\"read-more\" href=\"https:\/\/admincentral.selleetools.com\/pl\/product\/adam-toys-magnetisches-holzspiel-magnetisch-anziehpuppen-kinder-aus-aller-welt-24-magnetteile-magnetpuzzle-fur-kinder-ab-3-jahren-junge-madchen-magnetspielbox-lernspielzeug\/\">Read more<span class=\"screen-reader-text\">adam toys Magnetisches Holzspiel, magnetisch Anziehpuppen, Kinder aus Aller Welt, 24 Magnetteile &#8211; Magnetpuzzle f\u00fcr Kinder ab 3 Jahren &#8211; Junge, M\u00e4dchen &#8211; Magnetspielbox \u2013 Lernspielzeug<\/span><\/a><\/p>\n","protected":false},"featured_media":286541,"comment_status":"open","ping_status":"closed","template":"","meta":{"_links_to":"","_links_to_target":""},"yoast_head":"<!-- This site is optimized with the Yoast SEO plugin v19.4 - https:\/\/yoast.com\/wordpress\/plugins\/seo\/ -->\n<title>adam toys Magnetisches Holzspiel, magnetisch Anziehpuppen, Kinder aus Aller Welt, 24 Magnetteile - Magnetpuzzle f\u00fcr Kinder ab 3 Jahren - Junge, M\u00e4dchen - Magnetspielbox \u2013 Lernspielzeug - Selleetools.com<\/title>\n<meta name=\"robots\" content=\"index, follow, max-snippet:-1, max-image-preview:large, max-video-preview:-1\" \/>\n<link rel=\"canonical\" href=\"https:\/\/selleetools.com\/pl\/product\/adam-toys-magnetisches-holzspiel-magnetisch-anziehpuppen-kinder-aus-aller-welt-24-magnetteile-magnetpuzzle-fur-kinder-ab-3-jahren-junge-madchen-magnetspielbox-lernspielzeug\/\" \/>\n<meta property=\"og:locale\" content=\"pl_PL\" \/>\n<meta property=\"og:type\" content=\"article\" \/>\n<meta property=\"og:title\" content=\"adam toys Magnetisches Holzspiel, magnetisch Anziehpuppen, Kinder aus Aller Welt, 24 Magnetteile - Magnetpuzzle f\u00fcr Kinder ab 3 Jahren - Junge, M\u00e4dchen - Magnetspielbox \u2013 Lernspielzeug - Selleetools.com\" \/>\n<meta property=\"og:description\" content=\"P\u00e4dagogisches Magnetspiel Anziehpuzzle aus Holz &#8211; Children of the World f\u00fcr Kinder ab 3 Jahren Dieses Magnetpuzzle ist ein neues Lernspielzeug mit vielen versteckten Funktionen. Es vereint mehrere Produkte in einem funktionalen und sch\u00f6n gestalteten Spielzeug. Beim Spielen hat das Kind die M\u00f6glichkeit, nicht nur kreative Kleidungsideen auszudr\u00fccken, sondern auch verschiedene Gef\u00fchle auszudr\u00fccken und zuzuordnen. ... Read moreadam toys Magnetisches Holzspiel, magnetisch Anziehpuppen, Kinder aus Aller Welt, 24 Magnetteile &#8211; Magnetpuzzle f\u00fcr Kinder ab 3 Jahren &#8211; Junge, M\u00e4dchen &#8211; Magnetspielbox \u2013 Lernspielzeug\" \/>\n<meta property=\"og:url\" content=\"https:\/\/selleetools.com\/pl\/product\/adam-toys-magnetisches-holzspiel-magnetisch-anziehpuppen-kinder-aus-aller-welt-24-magnetteile-magnetpuzzle-fur-kinder-ab-3-jahren-junge-madchen-magnetspielbox-lernspielzeug\/\" \/>\n<meta property=\"og:site_name\" content=\"Selleetools.com\" \/>\n<meta property=\"article:modified_time\" content=\"2023-12-05T11:58:38+00:00\" \/>\n<meta property=\"og:image\" content=\"https:\/\/selleetools.com\/wp-content\/uploads\/2023\/08\/51qgDjDghKL.jpg\" \/>\n\t<meta property=\"og:image:width\" content=\"1000\" \/>\n\t<meta property=\"og:image:height\" content=\"687\" \/>\n\t<meta property=\"og:image:type\" content=\"image\/jpeg\" \/>\n<meta name=\"twitter:card\" content=\"summary_large_image\" \/>\n<meta name=\"twitter:label1\" content=\"Est. reading time\" \/>\n\t<meta name=\"twitter:data1\" content=\"2 minuty\" \/>\n<!-- \/ Yoast SEO plugin. -->","yoast_head_json":{"title":"adam toys Magnetisches Holzspiel, magnetisch Anziehpuppen, Kinder aus Aller Welt, 24 Magnetteile - Magnetpuzzle f\u00fcr Kinder ab 3 Jahren - Junge, M\u00e4dchen - Magnetspielbox \u2013 Lernspielzeug - Selleetools.com","robots":{"index":"index","follow":"follow","max-snippet":"max-snippet:-1","max-image-preview":"max-image-preview:large","max-video-preview":"max-video-preview:-1"},"canonical":"https:\/\/selleetools.com\/pl\/product\/adam-toys-magnetisches-holzspiel-magnetisch-anziehpuppen-kinder-aus-aller-welt-24-magnetteile-magnetpuzzle-fur-kinder-ab-3-jahren-junge-madchen-magnetspielbox-lernspielzeug\/","og_locale":"pl_PL","og_type":"article","og_title":"adam toys Magnetisches Holzspiel, magnetisch Anziehpuppen, Kinder aus Aller Welt, 24 Magnetteile - Magnetpuzzle f\u00fcr Kinder ab 3 Jahren - Junge, M\u00e4dchen - Magnetspielbox \u2013 Lernspielzeug - Selleetools.com","og_description":"P\u00e4dagogisches Magnetspiel Anziehpuzzle aus Holz &#8211; Children of the World f\u00fcr Kinder ab 3 Jahren Dieses Magnetpuzzle ist ein neues Lernspielzeug mit vielen versteckten Funktionen. Es vereint mehrere Produkte in einem funktionalen und sch\u00f6n gestalteten Spielzeug. Beim Spielen hat das Kind die M\u00f6glichkeit, nicht nur kreative Kleidungsideen auszudr\u00fccken, sondern auch verschiedene Gef\u00fchle auszudr\u00fccken und zuzuordnen. ... Read moreadam toys Magnetisches Holzspiel, magnetisch Anziehpuppen, Kinder aus Aller Welt, 24 Magnetteile &#8211; Magnetpuzzle f\u00fcr Kinder ab 3 Jahren &#8211; Junge, M\u00e4dchen &#8211; Magnetspielbox \u2013 Lernspielzeug","og_url":"https:\/\/selleetools.com\/pl\/product\/adam-toys-magnetisches-holzspiel-magnetisch-anziehpuppen-kinder-aus-aller-welt-24-magnetteile-magnetpuzzle-fur-kinder-ab-3-jahren-junge-madchen-magnetspielbox-lernspielzeug\/","og_site_name":"Selleetools.com","article_modified_time":"2023-12-05T11:58:38+00:00","og_image":[{"width":1000,"height":687,"url":"https:\/\/selleetools.com\/wp-content\/uploads\/2023\/08\/51qgDjDghKL.jpg","type":"image\/jpeg"}],"twitter_card":"summary_large_image","twitter_misc":{"Est. reading time":"2 minuty"},"schema":{"@context":"https:\/\/schema.org","@graph":[{"@type":"Organization","@id":"https:\/\/selleetools.com\/#organization","name":"Selleetools","url":"https:\/\/selleetools.com\/","sameAs":[],"logo":{"@type":"ImageObject","inLanguage":"pl-PL","@id":"https:\/\/selleetools.com\/#\/schema\/logo\/image\/","url":"https:\/\/selleetools.com\/wp-content\/uploads\/2021\/10\/logo-dark.png","contentUrl":"https:\/\/selleetools.com\/wp-content\/uploads\/2021\/10\/logo-dark.png","width":320,"height":76,"caption":"Selleetools"},"image":{"@id":"https:\/\/selleetools.com\/#\/schema\/logo\/image\/"}},{"@type":"WebSite","@id":"https:\/\/selleetools.com\/#website","url":"https:\/\/selleetools.com\/","name":"Selleetools.com","description":"","publisher":{"@id":"https:\/\/selleetools.com\/#organization"},"potentialAction":[{"@type":"SearchAction","target":{"@type":"EntryPoint","urlTemplate":"https:\/\/selleetools.com\/?s={search_term_string}"},"query-input":"required name=search_term_string"}],"inLanguage":"pl-PL"},{"@type":"WebPage","@id":"https:\/\/selleetools.com\/pl\/product\/adam-toys-magnetisches-holzspiel-magnetisch-anziehpuppen-kinder-aus-aller-welt-24-magnetteile-magnetpuzzle-fur-kinder-ab-3-jahren-junge-madchen-magnetspielbox-lernspielzeug\/","url":"https:\/\/selleetools.com\/pl\/product\/adam-toys-magnetisches-holzspiel-magnetisch-anziehpuppen-kinder-aus-aller-welt-24-magnetteile-magnetpuzzle-fur-kinder-ab-3-jahren-junge-madchen-magnetspielbox-lernspielzeug\/","name":"adam toys Magnetisches Holzspiel, magnetisch Anziehpuppen, Kinder aus Aller Welt, 24 Magnetteile - Magnetpuzzle f\u00fcr Kinder ab 3 Jahren - Junge, M\u00e4dchen - Magnetspielbox \u2013 Lernspielzeug - Selleetools.com","isPartOf":{"@id":"https:\/\/selleetools.com\/#website"},"datePublished":"2023-08-17T09:00:44+00:00","dateModified":"2023-12-05T11:58:38+00:00","breadcrumb":{"@id":"https:\/\/selleetools.com\/pl\/product\/adam-toys-magnetisches-holzspiel-magnetisch-anziehpuppen-kinder-aus-aller-welt-24-magnetteile-magnetpuzzle-fur-kinder-ab-3-jahren-junge-madchen-magnetspielbox-lernspielzeug\/#breadcrumb"},"inLanguage":"pl-PL","potentialAction":[{"@type":"ReadAction","target":["https:\/\/selleetools.com\/pl\/product\/adam-toys-magnetisches-holzspiel-magnetisch-anziehpuppen-kinder-aus-aller-welt-24-magnetteile-magnetpuzzle-fur-kinder-ab-3-jahren-junge-madchen-magnetspielbox-lernspielzeug\/"]}]},{"@type":"BreadcrumbList","@id":"https:\/\/selleetools.com\/pl\/product\/adam-toys-magnetisches-holzspiel-magnetisch-anziehpuppen-kinder-aus-aller-welt-24-magnetteile-magnetpuzzle-fur-kinder-ab-3-jahren-junge-madchen-magnetspielbox-lernspielzeug\/#breadcrumb","itemListElement":[{"@type":"ListItem","position":1,"name":"Home","item":"https:\/\/selleetools.com\/pl\/"},{"@type":"ListItem","position":2,"name":"Katalog","item":"https:\/\/selleetools.com\/pl\/katalog\/"},{"@type":"ListItem","position":3,"name":"adam toys Magnetisches Holzspiel, magnetisch Anziehpuppen, Kinder aus Aller Welt, 24 Magnetteile &#8211; Magnetpuzzle f\u00fcr Kinder ab 3 Jahren &#8211; Junge, M\u00e4dchen &#8211; Magnetspielbox \u2013 Lernspielzeug"}]}]}},"_links":{"self":[{"href":"https:\/\/admincentral.selleetools.com\/pl\/wp-json\/wp\/v2\/product\/284339"}],"collection":[{"href":"https:\/\/admincentral.selleetools.com\/pl\/wp-json\/wp\/v2\/product"}],"about":[{"href":"https:\/\/admincentral.selleetools.com\/pl\/wp-json\/wp\/v2\/types\/product"}],"replies":[{"embeddable":true,"href":"https:\/\/admincentral.selleetools.com\/pl\/wp-json\/wp\/v2\/comments?post=284339"}],"wp:featuredmedia":[{"embeddable":true,"href":"https:\/\/admincentral.selleetools.com\/pl\/wp-json\/wp\/v2\/media\/286541"}],"wp:attachment":[{"href":"https:\/\/admincentral.selleetools.com\/pl\/wp-json\/wp\/v2\/media?parent=284339"}],"curies":[{"name":"wp","href":"https:\/\/api.w.org\/{rel}","templated":true}]}}