{"id":284394,"date":"2023-08-17T11:00:58","date_gmt":"2023-08-17T09:00:58","guid":{"rendered":"https:\/\/selleetools.com\/?post_type=product&#038;p=284394"},"modified":"2023-12-05T12:58:38","modified_gmt":"2023-12-05T11:58:38","slug":"kindergitarre-aus-holz-gitarre-fur-kinder-ab-3-jahre-53x17x6-cm-6-saitige-spielzeuggitarre-nylonsaiten-mit-waldtieren-und-noten-verziert-bemaltes-holz-musikinstrumente-fur-kinder","status":"publish","type":"product","link":"https:\/\/admincentral.selleetools.com\/pl\/product\/kindergitarre-aus-holz-gitarre-fur-kinder-ab-3-jahre-53x17x6-cm-6-saitige-spielzeuggitarre-nylonsaiten-mit-waldtieren-und-noten-verziert-bemaltes-holz-musikinstrumente-fur-kinder\/","title":{"rendered":"Kindergitarre aus Holz, Gitarre f\u00fcr Kinder ab 3 Jahre, 53x17x6 cm, 6-saitige Spielzeuggitarre, Nylonsaiten &#8211; mit Waldtieren und Noten verziert &#8211; bemaltes Holz &#8211; Musikinstrumente f\u00fcr Kinder"},"content":{"rendered":"<p>Die farbenfrohe Holzgitarre ist das perfekte Instrument f\u00fcr die kleinsten Musiker ab 3 Jahren! Wenn Ihr Kind mit Freude und Bewunderung Musikern beim Spielen zuschaut oder so tut, als h\u00e4tte es eine imagin\u00e4re Trommel oder Gitarre in der Hand, dann entwickelt sich zu Hause m\u00f6glicherweise ein echtes musikalisches Talent. Es lohnt sich, solche Interessen zu f\u00f6rdern und durch die Wahl des richtigen Spielzeugs zun\u00e4chst zu entwickeln. Kindergitarre f\u00fcr Kinder ab 3 Jahren Die Spielzeug-Gitarre hat einen Hals, 6 Nylonsaiten und ist aus bemaltem Holz mit einem Waldtier-Motiv und diverser Noten hergestellt Ein hervorragend musikalisches Spielzeug f\u00fcr die Kleinsten, die sich f\u00fcr Musik, Gesang oder das Spielen von Instrumenten interessieren Die Gitarre ist in einer h\u00fcbschen Schachtel verpackt und somit ideal als Geschenk. Garantierte Qualit\u00e4t, ein mit gr\u00f6\u00dfter Pr\u00e4zision hergestelltes Spielzeug der Marke Adam Toys Obwohl es nur ein Spielzeug ist, ist die Kinder-Gitarre genau wie eine echte &#8220;gro\u00dfe&#8221; Gitarre gebaut: aus lackiertem Holz, mit einem Hals und feinen Nylonsaiten. Es ist schon viel dar\u00fcber geschrieben worden, welche Saiten besser sind: Metall- oder Nylonsaiten. Nylonsaiten sind sanfter zu Kinderfingern: Daher kann die Wahl einer solchen Gitarre eine gute Idee f\u00fcr Kinder sein. Metallsaiten hingegen sollen einen lauteren Klang erzeugen. In unserem Shop sind sowohl Gitarren mit Metallsaiten als auch mit (wie hier vorgestellten) Nylonsaiten erh\u00e4ltlich. Die Saiten k\u00f6nnen bespannt werden Auch andere Musikspielzeuge wie Tamburine, Maracas, Hackbretter und Instrumenten-Sets sind in der Waldtiere-Serie erh\u00e4ltlich Technische Daten: Abmessungen: 53 x 17 x 6 cm Ma\u00dfstab: ca. 22 cm Alter: 3+ CE-Konformit\u00e4tserkl\u00e4rungFeaturesBunte Gitarre f\u00fcr Kinder ab 3 Jahren aus bemaltem Holz, verziert mit Waldtieren und Noten6-saitige Spielzeuggitarre mit einem Hals und Nylonsaiten, die zart zu Kinderfingern sind, die Saiten k\u00f6nnen gedehnt werdenDie Ma\u00dfe der Kindergitarre sind 53x17x6 cm, die Mensur betr\u00e4gt ca. 22 cmAus der Waldtier-Serie bieten wir weitere Musikspielzeuge f\u00fcr Kinder an: Tamburin, Maracas, Hackbrett, TrommelKindergitarre ist in einer praktischen und \u00e4sthetisch ansprechenden Schachtel verpackt und somit ein ideales Geschenk f\u00fcr Ihr Kind<\/p>\n","protected":false},"excerpt":{"rendered":"<p>Die farbenfrohe Holzgitarre ist das perfekte Instrument f\u00fcr die kleinsten Musiker ab 3 Jahren! Wenn Ihr Kind mit Freude und Bewunderung Musikern beim Spielen zuschaut oder so tut, als h\u00e4tte es eine imagin\u00e4re Trommel oder Gitarre in der Hand, dann entwickelt sich zu Hause m\u00f6glicherweise ein echtes musikalisches Talent. Es lohnt sich, solche Interessen zu &#8230; <a title=\"Kindergitarre aus Holz, Gitarre f\u00fcr Kinder ab 3 Jahre, 53x17x6 cm, 6-saitige Spielzeuggitarre, Nylonsaiten &#8211; mit Waldtieren und Noten verziert &#8211; bemaltes Holz &#8211; Musikinstrumente f\u00fcr Kinder\" class=\"read-more\" href=\"https:\/\/admincentral.selleetools.com\/pl\/product\/kindergitarre-aus-holz-gitarre-fur-kinder-ab-3-jahre-53x17x6-cm-6-saitige-spielzeuggitarre-nylonsaiten-mit-waldtieren-und-noten-verziert-bemaltes-holz-musikinstrumente-fur-kinder\/\">Read more<span class=\"screen-reader-text\">Kindergitarre aus Holz, Gitarre f\u00fcr Kinder ab 3 Jahre, 53x17x6 cm, 6-saitige Spielzeuggitarre, Nylonsaiten &#8211; mit Waldtieren und Noten verziert &#8211; bemaltes Holz &#8211; Musikinstrumente f\u00fcr Kinder<\/span><\/a><\/p>\n","protected":false},"featured_media":286595,"comment_status":"open","ping_status":"closed","template":"","meta":{"_links_to":"","_links_to_target":""},"yoast_head":"<!-- This site is optimized with the Yoast SEO plugin v19.4 - https:\/\/yoast.com\/wordpress\/plugins\/seo\/ -->\n<title>Kindergitarre aus Holz, Gitarre f\u00fcr Kinder ab 3 Jahre, 53x17x6 cm, 6-saitige Spielzeuggitarre, Nylonsaiten - mit Waldtieren und Noten verziert - bemaltes Holz - Musikinstrumente f\u00fcr Kinder - Selleetools.com<\/title>\n<meta name=\"robots\" content=\"index, follow, max-snippet:-1, max-image-preview:large, max-video-preview:-1\" \/>\n<link rel=\"canonical\" href=\"https:\/\/selleetools.com\/product\/kindergitarre-aus-holz-gitarre-fur-kinder-ab-3-jahre-53x17x6-cm-6-saitige-spielzeuggitarre-nylonsaiten-mit-waldtieren-und-noten-verziert-bemaltes-holz-musikinstrumente-fur-kinder\/\" \/>\n<meta property=\"og:locale\" content=\"pl_PL\" \/>\n<meta property=\"og:type\" content=\"article\" \/>\n<meta property=\"og:title\" content=\"Kindergitarre aus Holz, Gitarre f\u00fcr Kinder ab 3 Jahre, 53x17x6 cm, 6-saitige Spielzeuggitarre, Nylonsaiten - mit Waldtieren und Noten verziert - bemaltes Holz - Musikinstrumente f\u00fcr Kinder - Selleetools.com\" \/>\n<meta property=\"og:description\" content=\"Die farbenfrohe Holzgitarre ist das perfekte Instrument f\u00fcr die kleinsten Musiker ab 3 Jahren! Wenn Ihr Kind mit Freude und Bewunderung Musikern beim Spielen zuschaut oder so tut, als h\u00e4tte es eine imagin\u00e4re Trommel oder Gitarre in der Hand, dann entwickelt sich zu Hause m\u00f6glicherweise ein echtes musikalisches Talent. Es lohnt sich, solche Interessen zu ... Read moreKindergitarre aus Holz, Gitarre f\u00fcr Kinder ab 3 Jahre, 53x17x6 cm, 6-saitige Spielzeuggitarre, Nylonsaiten &#8211; mit Waldtieren und Noten verziert &#8211; bemaltes Holz &#8211; Musikinstrumente f\u00fcr Kinder\" \/>\n<meta property=\"og:url\" content=\"https:\/\/selleetools.com\/product\/kindergitarre-aus-holz-gitarre-fur-kinder-ab-3-jahre-53x17x6-cm-6-saitige-spielzeuggitarre-nylonsaiten-mit-waldtieren-und-noten-verziert-bemaltes-holz-musikinstrumente-fur-kinder\/\" \/>\n<meta property=\"og:site_name\" content=\"Selleetools.com\" \/>\n<meta property=\"article:modified_time\" content=\"2023-12-05T11:58:38+00:00\" \/>\n<meta property=\"og:image\" content=\"https:\/\/selleetools.com\/wp-content\/uploads\/2023\/08\/41srCXTtS2L.jpg\" \/>\n\t<meta property=\"og:image:width\" content=\"740\" \/>\n\t<meta property=\"og:image:height\" content=\"1000\" \/>\n\t<meta property=\"og:image:type\" content=\"image\/jpeg\" \/>\n<meta name=\"twitter:card\" content=\"summary_large_image\" \/>\n<meta name=\"twitter:label1\" content=\"Est. reading time\" \/>\n\t<meta name=\"twitter:data1\" content=\"2 minuty\" \/>\n<!-- \/ Yoast SEO plugin. -->","yoast_head_json":{"title":"Kindergitarre aus Holz, Gitarre f\u00fcr Kinder ab 3 Jahre, 53x17x6 cm, 6-saitige Spielzeuggitarre, Nylonsaiten - mit Waldtieren und Noten verziert - bemaltes Holz - Musikinstrumente f\u00fcr Kinder - Selleetools.com","robots":{"index":"index","follow":"follow","max-snippet":"max-snippet:-1","max-image-preview":"max-image-preview:large","max-video-preview":"max-video-preview:-1"},"canonical":"https:\/\/selleetools.com\/product\/kindergitarre-aus-holz-gitarre-fur-kinder-ab-3-jahre-53x17x6-cm-6-saitige-spielzeuggitarre-nylonsaiten-mit-waldtieren-und-noten-verziert-bemaltes-holz-musikinstrumente-fur-kinder\/","og_locale":"pl_PL","og_type":"article","og_title":"Kindergitarre aus Holz, Gitarre f\u00fcr Kinder ab 3 Jahre, 53x17x6 cm, 6-saitige Spielzeuggitarre, Nylonsaiten - mit Waldtieren und Noten verziert - bemaltes Holz - Musikinstrumente f\u00fcr Kinder - Selleetools.com","og_description":"Die farbenfrohe Holzgitarre ist das perfekte Instrument f\u00fcr die kleinsten Musiker ab 3 Jahren! Wenn Ihr Kind mit Freude und Bewunderung Musikern beim Spielen zuschaut oder so tut, als h\u00e4tte es eine imagin\u00e4re Trommel oder Gitarre in der Hand, dann entwickelt sich zu Hause m\u00f6glicherweise ein echtes musikalisches Talent. Es lohnt sich, solche Interessen zu ... Read moreKindergitarre aus Holz, Gitarre f\u00fcr Kinder ab 3 Jahre, 53x17x6 cm, 6-saitige Spielzeuggitarre, Nylonsaiten &#8211; mit Waldtieren und Noten verziert &#8211; bemaltes Holz &#8211; Musikinstrumente f\u00fcr Kinder","og_url":"https:\/\/selleetools.com\/product\/kindergitarre-aus-holz-gitarre-fur-kinder-ab-3-jahre-53x17x6-cm-6-saitige-spielzeuggitarre-nylonsaiten-mit-waldtieren-und-noten-verziert-bemaltes-holz-musikinstrumente-fur-kinder\/","og_site_name":"Selleetools.com","article_modified_time":"2023-12-05T11:58:38+00:00","og_image":[{"width":740,"height":1000,"url":"https:\/\/selleetools.com\/wp-content\/uploads\/2023\/08\/41srCXTtS2L.jpg","type":"image\/jpeg"}],"twitter_card":"summary_large_image","twitter_misc":{"Est. reading time":"2 minuty"},"schema":{"@context":"https:\/\/schema.org","@graph":[{"@type":"Organization","@id":"https:\/\/selleetools.com\/#organization","name":"Selleetools","url":"https:\/\/selleetools.com\/","sameAs":[],"logo":{"@type":"ImageObject","inLanguage":"pl-PL","@id":"https:\/\/selleetools.com\/#\/schema\/logo\/image\/","url":"https:\/\/selleetools.com\/wp-content\/uploads\/2021\/10\/logo-dark.png","contentUrl":"https:\/\/selleetools.com\/wp-content\/uploads\/2021\/10\/logo-dark.png","width":320,"height":76,"caption":"Selleetools"},"image":{"@id":"https:\/\/selleetools.com\/#\/schema\/logo\/image\/"}},{"@type":"WebSite","@id":"https:\/\/selleetools.com\/#website","url":"https:\/\/selleetools.com\/","name":"Selleetools.com","description":"","publisher":{"@id":"https:\/\/selleetools.com\/#organization"},"potentialAction":[{"@type":"SearchAction","target":{"@type":"EntryPoint","urlTemplate":"https:\/\/selleetools.com\/?s={search_term_string}"},"query-input":"required name=search_term_string"}],"inLanguage":"pl-PL"},{"@type":"WebPage","@id":"https:\/\/selleetools.com\/product\/kindergitarre-aus-holz-gitarre-fur-kinder-ab-3-jahre-53x17x6-cm-6-saitige-spielzeuggitarre-nylonsaiten-mit-waldtieren-und-noten-verziert-bemaltes-holz-musikinstrumente-fur-kinder\/","url":"https:\/\/selleetools.com\/product\/kindergitarre-aus-holz-gitarre-fur-kinder-ab-3-jahre-53x17x6-cm-6-saitige-spielzeuggitarre-nylonsaiten-mit-waldtieren-und-noten-verziert-bemaltes-holz-musikinstrumente-fur-kinder\/","name":"Kindergitarre aus Holz, Gitarre f\u00fcr Kinder ab 3 Jahre, 53x17x6 cm, 6-saitige Spielzeuggitarre, Nylonsaiten - mit Waldtieren und Noten verziert - bemaltes Holz - Musikinstrumente f\u00fcr Kinder - Selleetools.com","isPartOf":{"@id":"https:\/\/selleetools.com\/#website"},"datePublished":"2023-08-17T09:00:58+00:00","dateModified":"2023-12-05T11:58:38+00:00","breadcrumb":{"@id":"https:\/\/selleetools.com\/product\/kindergitarre-aus-holz-gitarre-fur-kinder-ab-3-jahre-53x17x6-cm-6-saitige-spielzeuggitarre-nylonsaiten-mit-waldtieren-und-noten-verziert-bemaltes-holz-musikinstrumente-fur-kinder\/#breadcrumb"},"inLanguage":"pl-PL","potentialAction":[{"@type":"ReadAction","target":["https:\/\/selleetools.com\/product\/kindergitarre-aus-holz-gitarre-fur-kinder-ab-3-jahre-53x17x6-cm-6-saitige-spielzeuggitarre-nylonsaiten-mit-waldtieren-und-noten-verziert-bemaltes-holz-musikinstrumente-fur-kinder\/"]}]},{"@type":"BreadcrumbList","@id":"https:\/\/selleetools.com\/product\/kindergitarre-aus-holz-gitarre-fur-kinder-ab-3-jahre-53x17x6-cm-6-saitige-spielzeuggitarre-nylonsaiten-mit-waldtieren-und-noten-verziert-bemaltes-holz-musikinstrumente-fur-kinder\/#breadcrumb","itemListElement":[{"@type":"ListItem","position":1,"name":"Home","item":"https:\/\/selleetools.com\/pl\/"},{"@type":"ListItem","position":2,"name":"Katalog","item":"https:\/\/selleetools.com\/pl\/katalog\/"},{"@type":"ListItem","position":3,"name":"Kindergitarre aus Holz, Gitarre f\u00fcr Kinder ab 3 Jahre, 53x17x6 cm, 6-saitige Spielzeuggitarre, Nylonsaiten &#8211; mit Waldtieren und Noten verziert &#8211; bemaltes Holz &#8211; Musikinstrumente f\u00fcr Kinder"}]}]}},"_links":{"self":[{"href":"https:\/\/admincentral.selleetools.com\/pl\/wp-json\/wp\/v2\/product\/284394"}],"collection":[{"href":"https:\/\/admincentral.selleetools.com\/pl\/wp-json\/wp\/v2\/product"}],"about":[{"href":"https:\/\/admincentral.selleetools.com\/pl\/wp-json\/wp\/v2\/types\/product"}],"replies":[{"embeddable":true,"href":"https:\/\/admincentral.selleetools.com\/pl\/wp-json\/wp\/v2\/comments?post=284394"}],"wp:featuredmedia":[{"embeddable":true,"href":"https:\/\/admincentral.selleetools.com\/pl\/wp-json\/wp\/v2\/media\/286595"}],"wp:attachment":[{"href":"https:\/\/admincentral.selleetools.com\/pl\/wp-json\/wp\/v2\/media?parent=284394"}],"curies":[{"name":"wp","href":"https:\/\/api.w.org\/{rel}","templated":true}]}}