{"id":284419,"date":"2023-08-17T11:01:07","date_gmt":"2023-08-17T09:01:07","guid":{"rendered":"https:\/\/selleetools.com\/?post_type=product&#038;p=284419"},"modified":"2023-12-05T12:58:39","modified_gmt":"2023-12-05T11:58:39","slug":"adamtoys-maraca-kaninchen-rassel-babyspielzeug-holzspielzeug-musikinstrument-kinderrassel","status":"publish","type":"product","link":"https:\/\/admincentral.selleetools.com\/pl\/product\/adamtoys-maraca-kaninchen-rassel-babyspielzeug-holzspielzeug-musikinstrument-kinderrassel\/","title":{"rendered":"AdamToys Maraca Kaninchen Rassel Babyspielzeug Holzspielzeug Musikinstrument Kinderrassel"},"content":{"rendered":"<p>Die Babyrassel Maracas &#8211; ein Musikinstrument f\u00fcr Kleinkinder ab 6 Monaten: Die Maracas-Rassel ist komplett aus bemaltem Holz gefertigt, bildet einen Kaninchen ab und erzeuget angenehm sanfte und rhythmische Kl\u00e4nge Die Maracas ist eine tolle Begleitung f\u00fcr viele Musikst\u00fccke, hilft aber auch beim Erlernen von Rhythmen und rhythmischen Spielen Durch das Spielen von Tonfolgen auf diesen Instrumenten trainieren Kinder ihr Geh\u00f6r und \u00fcben das Rhythmusgef\u00fchl Das h\u00f6lzerne Musikinstrument f\u00fcr Kinder eignet sich besonders f\u00fcr den Einsatz in Kinderg\u00e4rten und f\u00fcr die musikalische Fr\u00fcherziehung Das Maracas-Spielzeug ist eine hervorragende Geschenkidee zum Geburtstag Maracas k\u00f6nnen sowohl als Spielzeug-Musikinstrument als auch als Kleinkind-Rassel eingesetzt werden. Die bunten Maracas ermutigen jedes Kind, eigene Musik zu machen. Das Instrument f\u00f6rdert das Interesse des Kindes an der Musik. Es trainiert den Geh\u00f6rsinn und regt durch Form und Farbe zum Spielen an. Positive Kindesentwicklung und Spa\u00df in einem! Technische Daten: Material: vollst\u00e4ndig lackiertes Holz Ma\u00dfe: 18 x 6 cm Alter: 5 m+ CE-Konformit\u00e4tserkl\u00e4rungFeaturesMusikspielzeug aus Holz f\u00fcr Kinder ab 6 Monaten &#8211; Baby Maracas Kaninchen, Gr\u00f6\u00dfe 18 x 6 cmDie Kinderrassel Maracas unterst\u00fctzt das Erlernen von Rhythmen und ist ein hervorragendes Spielzeug f\u00fcr rhythmische SpieleEin ideales Musikinstrument f\u00fcr den Einsatz in Kinderg\u00e4rten oder zur rhythmischen Fr\u00fcherziehung bei KleinkindernDie Maracas-Rassel macht einen angenehm rhythmischen Klang und kann auch als Babyrassel eingesetzt werdenDas Spielzeug ist in einer praktischen und \u00e4sthetisch ansprechenden Schachtel verpackt und somit ein ideales Geschenk f\u00fcr Ihr Kind<\/p>\n","protected":false},"excerpt":{"rendered":"<p>Die Babyrassel Maracas &#8211; ein Musikinstrument f\u00fcr Kleinkinder ab 6 Monaten: Die Maracas-Rassel ist komplett aus bemaltem Holz gefertigt, bildet einen Kaninchen ab und erzeuget angenehm sanfte und rhythmische Kl\u00e4nge Die Maracas ist eine tolle Begleitung f\u00fcr viele Musikst\u00fccke, hilft aber auch beim Erlernen von Rhythmen und rhythmischen Spielen Durch das Spielen von Tonfolgen auf &#8230; <a title=\"AdamToys Maraca Kaninchen Rassel Babyspielzeug Holzspielzeug Musikinstrument Kinderrassel\" class=\"read-more\" href=\"https:\/\/admincentral.selleetools.com\/pl\/product\/adamtoys-maraca-kaninchen-rassel-babyspielzeug-holzspielzeug-musikinstrument-kinderrassel\/\">Read more<span class=\"screen-reader-text\">AdamToys Maraca Kaninchen Rassel Babyspielzeug Holzspielzeug Musikinstrument Kinderrassel<\/span><\/a><\/p>\n","protected":false},"featured_media":286649,"comment_status":"open","ping_status":"closed","template":"","meta":{"_links_to":"","_links_to_target":""},"yoast_head":"<!-- This site is optimized with the Yoast SEO plugin v19.4 - https:\/\/yoast.com\/wordpress\/plugins\/seo\/ -->\n<title>AdamToys Maraca Kaninchen Rassel Babyspielzeug Holzspielzeug Musikinstrument Kinderrassel - Selleetools.com<\/title>\n<meta name=\"robots\" content=\"index, follow, max-snippet:-1, max-image-preview:large, max-video-preview:-1\" \/>\n<link rel=\"canonical\" href=\"https:\/\/admincentral.selleetools.com\/product\/adamtoys-maraca-kaninchen-rassel-babyspielzeug-holzspielzeug-musikinstrument-kinderrassel\/\" \/>\n<meta property=\"og:locale\" content=\"pl_PL\" \/>\n<meta property=\"og:type\" content=\"article\" \/>\n<meta property=\"og:title\" content=\"AdamToys Maraca Kaninchen Rassel Babyspielzeug Holzspielzeug Musikinstrument Kinderrassel - Selleetools.com\" \/>\n<meta property=\"og:description\" content=\"Die Babyrassel Maracas &#8211; ein Musikinstrument f\u00fcr Kleinkinder ab 6 Monaten: Die Maracas-Rassel ist komplett aus bemaltem Holz gefertigt, bildet einen Kaninchen ab und erzeuget angenehm sanfte und rhythmische Kl\u00e4nge Die Maracas ist eine tolle Begleitung f\u00fcr viele Musikst\u00fccke, hilft aber auch beim Erlernen von Rhythmen und rhythmischen Spielen Durch das Spielen von Tonfolgen auf ... Read moreAdamToys Maraca Kaninchen Rassel Babyspielzeug Holzspielzeug Musikinstrument Kinderrassel\" \/>\n<meta property=\"og:url\" content=\"https:\/\/admincentral.selleetools.com\/product\/adamtoys-maraca-kaninchen-rassel-babyspielzeug-holzspielzeug-musikinstrument-kinderrassel\/\" \/>\n<meta property=\"og:site_name\" content=\"Selleetools.com\" \/>\n<meta property=\"article:modified_time\" content=\"2023-12-05T11:58:39+00:00\" \/>\n<meta property=\"og:image\" content=\"https:\/\/selleetools.com\/wp-content\/uploads\/2023\/08\/41yv92LK1GL.jpg\" \/>\n\t<meta property=\"og:image:width\" content=\"1000\" \/>\n\t<meta property=\"og:image:height\" content=\"465\" \/>\n\t<meta property=\"og:image:type\" content=\"image\/jpeg\" \/>\n<meta name=\"twitter:card\" content=\"summary_large_image\" \/>\n<meta name=\"twitter:label1\" content=\"Est. reading time\" \/>\n\t<meta name=\"twitter:data1\" content=\"1 minuta\" \/>\n<!-- \/ Yoast SEO plugin. -->","yoast_head_json":{"title":"AdamToys Maraca Kaninchen Rassel Babyspielzeug Holzspielzeug Musikinstrument Kinderrassel - Selleetools.com","robots":{"index":"index","follow":"follow","max-snippet":"max-snippet:-1","max-image-preview":"max-image-preview:large","max-video-preview":"max-video-preview:-1"},"canonical":"https:\/\/admincentral.selleetools.com\/product\/adamtoys-maraca-kaninchen-rassel-babyspielzeug-holzspielzeug-musikinstrument-kinderrassel\/","og_locale":"pl_PL","og_type":"article","og_title":"AdamToys Maraca Kaninchen Rassel Babyspielzeug Holzspielzeug Musikinstrument Kinderrassel - Selleetools.com","og_description":"Die Babyrassel Maracas &#8211; ein Musikinstrument f\u00fcr Kleinkinder ab 6 Monaten: Die Maracas-Rassel ist komplett aus bemaltem Holz gefertigt, bildet einen Kaninchen ab und erzeuget angenehm sanfte und rhythmische Kl\u00e4nge Die Maracas ist eine tolle Begleitung f\u00fcr viele Musikst\u00fccke, hilft aber auch beim Erlernen von Rhythmen und rhythmischen Spielen Durch das Spielen von Tonfolgen auf ... Read moreAdamToys Maraca Kaninchen Rassel Babyspielzeug Holzspielzeug Musikinstrument Kinderrassel","og_url":"https:\/\/admincentral.selleetools.com\/product\/adamtoys-maraca-kaninchen-rassel-babyspielzeug-holzspielzeug-musikinstrument-kinderrassel\/","og_site_name":"Selleetools.com","article_modified_time":"2023-12-05T11:58:39+00:00","og_image":[{"width":1000,"height":465,"url":"https:\/\/selleetools.com\/wp-content\/uploads\/2023\/08\/41yv92LK1GL.jpg","type":"image\/jpeg"}],"twitter_card":"summary_large_image","twitter_misc":{"Est. reading time":"1 minuta"},"schema":{"@context":"https:\/\/schema.org","@graph":[{"@type":"Organization","@id":"https:\/\/selleetools.com\/#organization","name":"Selleetools","url":"https:\/\/selleetools.com\/","sameAs":[],"logo":{"@type":"ImageObject","inLanguage":"pl-PL","@id":"https:\/\/selleetools.com\/#\/schema\/logo\/image\/","url":"https:\/\/selleetools.com\/wp-content\/uploads\/2021\/10\/logo-dark.png","contentUrl":"https:\/\/selleetools.com\/wp-content\/uploads\/2021\/10\/logo-dark.png","width":320,"height":76,"caption":"Selleetools"},"image":{"@id":"https:\/\/selleetools.com\/#\/schema\/logo\/image\/"}},{"@type":"WebSite","@id":"https:\/\/selleetools.com\/#website","url":"https:\/\/selleetools.com\/","name":"Selleetools.com","description":"","publisher":{"@id":"https:\/\/selleetools.com\/#organization"},"potentialAction":[{"@type":"SearchAction","target":{"@type":"EntryPoint","urlTemplate":"https:\/\/selleetools.com\/?s={search_term_string}"},"query-input":"required name=search_term_string"}],"inLanguage":"pl-PL"},{"@type":"WebPage","@id":"https:\/\/admincentral.selleetools.com\/product\/adamtoys-maraca-kaninchen-rassel-babyspielzeug-holzspielzeug-musikinstrument-kinderrassel\/","url":"https:\/\/admincentral.selleetools.com\/product\/adamtoys-maraca-kaninchen-rassel-babyspielzeug-holzspielzeug-musikinstrument-kinderrassel\/","name":"AdamToys Maraca Kaninchen Rassel Babyspielzeug Holzspielzeug Musikinstrument Kinderrassel - Selleetools.com","isPartOf":{"@id":"https:\/\/selleetools.com\/#website"},"datePublished":"2023-08-17T09:01:07+00:00","dateModified":"2023-12-05T11:58:39+00:00","breadcrumb":{"@id":"https:\/\/admincentral.selleetools.com\/product\/adamtoys-maraca-kaninchen-rassel-babyspielzeug-holzspielzeug-musikinstrument-kinderrassel\/#breadcrumb"},"inLanguage":"pl-PL","potentialAction":[{"@type":"ReadAction","target":["https:\/\/admincentral.selleetools.com\/product\/adamtoys-maraca-kaninchen-rassel-babyspielzeug-holzspielzeug-musikinstrument-kinderrassel\/"]}]},{"@type":"BreadcrumbList","@id":"https:\/\/admincentral.selleetools.com\/product\/adamtoys-maraca-kaninchen-rassel-babyspielzeug-holzspielzeug-musikinstrument-kinderrassel\/#breadcrumb","itemListElement":[{"@type":"ListItem","position":1,"name":"Home","item":"https:\/\/selleetools.com\/pl\/"},{"@type":"ListItem","position":2,"name":"Katalog","item":"https:\/\/selleetools.com\/pl\/katalog\/"},{"@type":"ListItem","position":3,"name":"AdamToys Maraca Kaninchen Rassel Babyspielzeug Holzspielzeug Musikinstrument Kinderrassel"}]}]}},"_links":{"self":[{"href":"https:\/\/admincentral.selleetools.com\/pl\/wp-json\/wp\/v2\/product\/284419"}],"collection":[{"href":"https:\/\/admincentral.selleetools.com\/pl\/wp-json\/wp\/v2\/product"}],"about":[{"href":"https:\/\/admincentral.selleetools.com\/pl\/wp-json\/wp\/v2\/types\/product"}],"replies":[{"embeddable":true,"href":"https:\/\/admincentral.selleetools.com\/pl\/wp-json\/wp\/v2\/comments?post=284419"}],"wp:featuredmedia":[{"embeddable":true,"href":"https:\/\/admincentral.selleetools.com\/pl\/wp-json\/wp\/v2\/media\/286649"}],"wp:attachment":[{"href":"https:\/\/admincentral.selleetools.com\/pl\/wp-json\/wp\/v2\/media?parent=284419"}],"curies":[{"name":"wp","href":"https:\/\/api.w.org\/{rel}","templated":true}]}}