{"id":284532,"date":"2023-08-17T11:01:47","date_gmt":"2023-08-17T09:01:47","guid":{"rendered":"https:\/\/selleetools.com\/?post_type=product&#038;p=284532"},"modified":"2023-08-29T17:20:33","modified_gmt":"2023-08-29T15:20:33","slug":"puppenhaus-mobel-groses-mobelset-aus-holz-skandinavisches-set-mobel-fur-wohnzimmer-kuche-esszimmer-lounge-schlafzimmer-und-terrasse-stoffkissen-einrichtung-fur-eine-gesamte-puppenstube","status":"publish","type":"product","link":"https:\/\/admincentral.selleetools.com\/pl\/product\/puppenhaus-mobel-groses-mobelset-aus-holz-skandinavisches-set-mobel-fur-wohnzimmer-kuche-esszimmer-lounge-schlafzimmer-und-terrasse-stoffkissen-einrichtung-fur-eine-gesamte-puppenstube\/","title":{"rendered":"Puppenhaus-M\u00f6bel, Gro\u00dfes M\u00f6belset, aus Holz, skandinavisches Set &#8211; M\u00f6bel f\u00fcr Wohnzimmer, K\u00fcche, Esszimmer, Lounge, Schlafzimmer und Terrasse &#8211; Stoffkissen &#8211; Einrichtung f\u00fcr eine gesamte Puppenstube"},"content":{"rendered":"<p>Holzm\u00f6bel f\u00fcr das Puppenhaus sind ein ideales Spielzeug f\u00fcr Kinder ab 3 Jahren: Dank der Vielzahl an Elementen lassen sich viele R\u00e4ume einrichten und auf unterschiedliche Weise damit spielen Das Set beinhaltet M\u00f6bel f\u00fcr Wohnzimmer, K\u00fcche, Esszimmer, Schlafzimmer, Bad und Terrasse Dieses Set hat noch mehr zu bieten, denn neben Holzm\u00f6beln f\u00fcr Schlaf- und Wohnzimmer sind noch Stoffkissen mit dabei Puppenhaus-M\u00f6bel aus Holz, Set enth\u00e4lt: Wohnzimmerm\u00f6bel ein Sofa, zwei Sessel, ein Tisch, ein Fernsehschrank, ein Fernsehger\u00e4t, eine Stehlampe und drei Kissen. Die M\u00f6bel sind in einem dunklen T\u00fcrkis gehalten. Die Kissen haben kontrastierende Streifen. K\u00fcchenm\u00f6bel Ein Tisch und 4 St\u00fchle in der Farbe Mint, einem K\u00fcchenpaneel mit Sp\u00fcle, einer K\u00fcche mit Abzugshaube in der Farbe Wei\u00df mit Holzplatte. Die Schr\u00e4nke in der K\u00fcche k\u00f6nnen ge\u00f6ffnet werden. Schlafzimmerm\u00f6bel Ein Kleiderschrank mit T\u00fcren, zum \u00d6ffnen geeignet, ein Bett, zwei Nachttische, zwei Lampen, ein Schminktisch mit ausziehbaren Schubladen und gebl\u00fcmte Bettw\u00e4sche. Das Ganze ist in einem zarten Rosa mit wei\u00dfen Farbanteilen gehalten. Badezimmerm\u00f6bel: Badewanne, Waschbecken, WC-Sitz in modischen Wei\u00df- und Graut\u00f6nen. Terrassenm\u00f6bel: Ein Tisch mit Schirm und zwei Hockern in Blaut\u00f6nen. Der Regenschirm besteht aus drei zusammen steckbaren Elementen. Dieses Puppenhaus-M\u00f6bel-Set ist ein Beispiel daf\u00fcr, wie Trends sich auch auf dem Spielzeug-Markt durchsetzen. Die M\u00f6bel sind farblich auf Kinder und Erwachsene abgestimmt. Alles ist in einer gro\u00dfen Box verpackt, und eignet sich somit perfekt als Geschenk. Beispielabmessungen der einzelnen Elemente: Tisch: 9,5 x 4 cm Bett: 14,5 cm x 11 cm x 4 cm Badewanne: 11 cm x 5 cm x 3 cm Hinweis: Barbie-Puppen sind zu gro\u00df, um mit diesen M\u00f6beln zu spielen. Verpackungsma\u00dfe: 33 x 29 x 7 cm Alter: 3+ CE-Konformit\u00e4tserkl\u00e4rungFeaturesKomplettes M\u00f6bel-Set zur Einrichtung eines gesamten Puppenhauses: Wohnzimmer, K\u00fcche, Esszimmer, Wohnzimmer, Schlafzimmer, Bad, TerrasseDie Puppenm\u00f6bel sind komplett aus lackiertem Holz gefertigt, Stoffkissen und Zubeh\u00f6r sind im Set enthaltenPuppenm\u00f6bel in skandinavischen Stil, Farbe und Design. Jedes Zimmer in verschieden dominierenden FarbenDas Puppenm\u00f6bel-Set ist ein Spielzeug, das f\u00fcr Kinder ab 3 Jahren geeignet istDas Puppenhaus-M\u00f6bel-Set ist in einer praktischen und \u00e4sthetisch ansprechenden Schachtel verpackt und somit ein ideales Geschenk f\u00fcr Ihr Kind<\/p>\n","protected":false},"excerpt":{"rendered":"<p>Holzm\u00f6bel f\u00fcr das Puppenhaus sind ein ideales Spielzeug f\u00fcr Kinder ab 3 Jahren: Dank der Vielzahl an Elementen lassen sich viele R\u00e4ume einrichten und auf unterschiedliche Weise damit spielen Das Set beinhaltet M\u00f6bel f\u00fcr Wohnzimmer, K\u00fcche, Esszimmer, Schlafzimmer, Bad und Terrasse Dieses Set hat noch mehr zu bieten, denn neben Holzm\u00f6beln f\u00fcr Schlaf- und Wohnzimmer &#8230; <a title=\"Puppenhaus-M\u00f6bel, Gro\u00dfes M\u00f6belset, aus Holz, skandinavisches Set &#8211; M\u00f6bel f\u00fcr Wohnzimmer, K\u00fcche, Esszimmer, Lounge, Schlafzimmer und Terrasse &#8211; Stoffkissen &#8211; Einrichtung f\u00fcr eine gesamte Puppenstube\" class=\"read-more\" href=\"https:\/\/admincentral.selleetools.com\/pl\/product\/puppenhaus-mobel-groses-mobelset-aus-holz-skandinavisches-set-mobel-fur-wohnzimmer-kuche-esszimmer-lounge-schlafzimmer-und-terrasse-stoffkissen-einrichtung-fur-eine-gesamte-puppenstube\/\">Read more<span class=\"screen-reader-text\">Puppenhaus-M\u00f6bel, Gro\u00dfes M\u00f6belset, aus Holz, skandinavisches Set &#8211; M\u00f6bel f\u00fcr Wohnzimmer, K\u00fcche, Esszimmer, Lounge, Schlafzimmer und Terrasse &#8211; Stoffkissen &#8211; Einrichtung f\u00fcr eine gesamte Puppenstube<\/span><\/a><\/p>\n","protected":false},"featured_media":286721,"comment_status":"open","ping_status":"closed","template":"","meta":{"_links_to":"","_links_to_target":""},"yoast_head":"<!-- This site is optimized with the Yoast SEO plugin v19.4 - https:\/\/yoast.com\/wordpress\/plugins\/seo\/ -->\n<title>Puppenhaus-M\u00f6bel, Gro\u00dfes M\u00f6belset, aus Holz, skandinavisches Set - M\u00f6bel f\u00fcr Wohnzimmer, K\u00fcche, Esszimmer, Lounge, Schlafzimmer und Terrasse - Stoffkissen - Einrichtung f\u00fcr eine gesamte Puppenstube - Selleetools.com<\/title>\n<meta name=\"robots\" content=\"index, follow, max-snippet:-1, max-image-preview:large, max-video-preview:-1\" \/>\n<link rel=\"canonical\" href=\"https:\/\/selleetools.com\/product\/puppenhaus-mobel-groses-mobelset-aus-holz-skandinavisches-set-mobel-fur-wohnzimmer-kuche-esszimmer-lounge-schlafzimmer-und-terrasse-stoffkissen-einrichtung-fur-eine-gesamte-puppenstube\/\" \/>\n<meta property=\"og:locale\" content=\"pl_PL\" \/>\n<meta property=\"og:type\" content=\"article\" \/>\n<meta property=\"og:title\" content=\"Puppenhaus-M\u00f6bel, Gro\u00dfes M\u00f6belset, aus Holz, skandinavisches Set - M\u00f6bel f\u00fcr Wohnzimmer, K\u00fcche, Esszimmer, Lounge, Schlafzimmer und Terrasse - Stoffkissen - Einrichtung f\u00fcr eine gesamte Puppenstube - Selleetools.com\" \/>\n<meta property=\"og:description\" content=\"Holzm\u00f6bel f\u00fcr das Puppenhaus sind ein ideales Spielzeug f\u00fcr Kinder ab 3 Jahren: Dank der Vielzahl an Elementen lassen sich viele R\u00e4ume einrichten und auf unterschiedliche Weise damit spielen Das Set beinhaltet M\u00f6bel f\u00fcr Wohnzimmer, K\u00fcche, Esszimmer, Schlafzimmer, Bad und Terrasse Dieses Set hat noch mehr zu bieten, denn neben Holzm\u00f6beln f\u00fcr Schlaf- und Wohnzimmer ... Read morePuppenhaus-M\u00f6bel, Gro\u00dfes M\u00f6belset, aus Holz, skandinavisches Set &#8211; M\u00f6bel f\u00fcr Wohnzimmer, K\u00fcche, Esszimmer, Lounge, Schlafzimmer und Terrasse &#8211; Stoffkissen &#8211; Einrichtung f\u00fcr eine gesamte Puppenstube\" \/>\n<meta property=\"og:url\" content=\"https:\/\/selleetools.com\/product\/puppenhaus-mobel-groses-mobelset-aus-holz-skandinavisches-set-mobel-fur-wohnzimmer-kuche-esszimmer-lounge-schlafzimmer-und-terrasse-stoffkissen-einrichtung-fur-eine-gesamte-puppenstube\/\" \/>\n<meta property=\"og:site_name\" content=\"Selleetools.com\" \/>\n<meta property=\"article:modified_time\" content=\"2023-08-29T15:20:33+00:00\" \/>\n<meta property=\"og:image\" content=\"https:\/\/selleetools.com\/wp-content\/uploads\/2023\/08\/51QyM+rH+CL.jpg\" \/>\n\t<meta property=\"og:image:width\" content=\"1000\" \/>\n\t<meta property=\"og:image:height\" content=\"667\" \/>\n\t<meta property=\"og:image:type\" content=\"image\/jpeg\" \/>\n<meta name=\"twitter:card\" content=\"summary_large_image\" \/>\n<meta name=\"twitter:label1\" content=\"Est. reading time\" \/>\n\t<meta name=\"twitter:data1\" content=\"2 minuty\" \/>\n<!-- \/ Yoast SEO plugin. -->","yoast_head_json":{"title":"Puppenhaus-M\u00f6bel, Gro\u00dfes M\u00f6belset, aus Holz, skandinavisches Set - M\u00f6bel f\u00fcr Wohnzimmer, K\u00fcche, Esszimmer, Lounge, Schlafzimmer und Terrasse - Stoffkissen - Einrichtung f\u00fcr eine gesamte Puppenstube - Selleetools.com","robots":{"index":"index","follow":"follow","max-snippet":"max-snippet:-1","max-image-preview":"max-image-preview:large","max-video-preview":"max-video-preview:-1"},"canonical":"https:\/\/selleetools.com\/product\/puppenhaus-mobel-groses-mobelset-aus-holz-skandinavisches-set-mobel-fur-wohnzimmer-kuche-esszimmer-lounge-schlafzimmer-und-terrasse-stoffkissen-einrichtung-fur-eine-gesamte-puppenstube\/","og_locale":"pl_PL","og_type":"article","og_title":"Puppenhaus-M\u00f6bel, Gro\u00dfes M\u00f6belset, aus Holz, skandinavisches Set - M\u00f6bel f\u00fcr Wohnzimmer, K\u00fcche, Esszimmer, Lounge, Schlafzimmer und Terrasse - Stoffkissen - Einrichtung f\u00fcr eine gesamte Puppenstube - Selleetools.com","og_description":"Holzm\u00f6bel f\u00fcr das Puppenhaus sind ein ideales Spielzeug f\u00fcr Kinder ab 3 Jahren: Dank der Vielzahl an Elementen lassen sich viele R\u00e4ume einrichten und auf unterschiedliche Weise damit spielen Das Set beinhaltet M\u00f6bel f\u00fcr Wohnzimmer, K\u00fcche, Esszimmer, Schlafzimmer, Bad und Terrasse Dieses Set hat noch mehr zu bieten, denn neben Holzm\u00f6beln f\u00fcr Schlaf- und Wohnzimmer ... Read morePuppenhaus-M\u00f6bel, Gro\u00dfes M\u00f6belset, aus Holz, skandinavisches Set &#8211; M\u00f6bel f\u00fcr Wohnzimmer, K\u00fcche, Esszimmer, Lounge, Schlafzimmer und Terrasse &#8211; Stoffkissen &#8211; Einrichtung f\u00fcr eine gesamte Puppenstube","og_url":"https:\/\/selleetools.com\/product\/puppenhaus-mobel-groses-mobelset-aus-holz-skandinavisches-set-mobel-fur-wohnzimmer-kuche-esszimmer-lounge-schlafzimmer-und-terrasse-stoffkissen-einrichtung-fur-eine-gesamte-puppenstube\/","og_site_name":"Selleetools.com","article_modified_time":"2023-08-29T15:20:33+00:00","og_image":[{"width":1000,"height":667,"url":"https:\/\/selleetools.com\/wp-content\/uploads\/2023\/08\/51QyM+rH+CL.jpg","type":"image\/jpeg"}],"twitter_card":"summary_large_image","twitter_misc":{"Est. reading time":"2 minuty"},"schema":{"@context":"https:\/\/schema.org","@graph":[{"@type":"Organization","@id":"https:\/\/selleetools.com\/#organization","name":"Selleetools","url":"https:\/\/selleetools.com\/","sameAs":[],"logo":{"@type":"ImageObject","inLanguage":"pl-PL","@id":"https:\/\/selleetools.com\/#\/schema\/logo\/image\/","url":"https:\/\/selleetools.com\/wp-content\/uploads\/2021\/10\/logo-dark.png","contentUrl":"https:\/\/selleetools.com\/wp-content\/uploads\/2021\/10\/logo-dark.png","width":320,"height":76,"caption":"Selleetools"},"image":{"@id":"https:\/\/selleetools.com\/#\/schema\/logo\/image\/"}},{"@type":"WebSite","@id":"https:\/\/selleetools.com\/#website","url":"https:\/\/selleetools.com\/","name":"Selleetools.com","description":"","publisher":{"@id":"https:\/\/selleetools.com\/#organization"},"potentialAction":[{"@type":"SearchAction","target":{"@type":"EntryPoint","urlTemplate":"https:\/\/selleetools.com\/?s={search_term_string}"},"query-input":"required name=search_term_string"}],"inLanguage":"pl-PL"},{"@type":"WebPage","@id":"https:\/\/selleetools.com\/product\/puppenhaus-mobel-groses-mobelset-aus-holz-skandinavisches-set-mobel-fur-wohnzimmer-kuche-esszimmer-lounge-schlafzimmer-und-terrasse-stoffkissen-einrichtung-fur-eine-gesamte-puppenstube\/","url":"https:\/\/selleetools.com\/product\/puppenhaus-mobel-groses-mobelset-aus-holz-skandinavisches-set-mobel-fur-wohnzimmer-kuche-esszimmer-lounge-schlafzimmer-und-terrasse-stoffkissen-einrichtung-fur-eine-gesamte-puppenstube\/","name":"Puppenhaus-M\u00f6bel, Gro\u00dfes M\u00f6belset, aus Holz, skandinavisches Set - M\u00f6bel f\u00fcr Wohnzimmer, K\u00fcche, Esszimmer, Lounge, Schlafzimmer und Terrasse - Stoffkissen - Einrichtung f\u00fcr eine gesamte Puppenstube - Selleetools.com","isPartOf":{"@id":"https:\/\/selleetools.com\/#website"},"datePublished":"2023-08-17T09:01:47+00:00","dateModified":"2023-08-29T15:20:33+00:00","breadcrumb":{"@id":"https:\/\/selleetools.com\/product\/puppenhaus-mobel-groses-mobelset-aus-holz-skandinavisches-set-mobel-fur-wohnzimmer-kuche-esszimmer-lounge-schlafzimmer-und-terrasse-stoffkissen-einrichtung-fur-eine-gesamte-puppenstube\/#breadcrumb"},"inLanguage":"pl-PL","potentialAction":[{"@type":"ReadAction","target":["https:\/\/selleetools.com\/product\/puppenhaus-mobel-groses-mobelset-aus-holz-skandinavisches-set-mobel-fur-wohnzimmer-kuche-esszimmer-lounge-schlafzimmer-und-terrasse-stoffkissen-einrichtung-fur-eine-gesamte-puppenstube\/"]}]},{"@type":"BreadcrumbList","@id":"https:\/\/selleetools.com\/product\/puppenhaus-mobel-groses-mobelset-aus-holz-skandinavisches-set-mobel-fur-wohnzimmer-kuche-esszimmer-lounge-schlafzimmer-und-terrasse-stoffkissen-einrichtung-fur-eine-gesamte-puppenstube\/#breadcrumb","itemListElement":[{"@type":"ListItem","position":1,"name":"Home","item":"https:\/\/selleetools.com\/pl\/"},{"@type":"ListItem","position":2,"name":"Katalog","item":"https:\/\/selleetools.com\/pl\/katalog\/"},{"@type":"ListItem","position":3,"name":"Puppenhaus-M\u00f6bel, Gro\u00dfes M\u00f6belset, aus Holz, skandinavisches Set &#8211; M\u00f6bel f\u00fcr Wohnzimmer, K\u00fcche, Esszimmer, Lounge, Schlafzimmer und Terrasse &#8211; Stoffkissen &#8211; Einrichtung f\u00fcr eine gesamte Puppenstube"}]}]}},"_links":{"self":[{"href":"https:\/\/admincentral.selleetools.com\/pl\/wp-json\/wp\/v2\/product\/284532"}],"collection":[{"href":"https:\/\/admincentral.selleetools.com\/pl\/wp-json\/wp\/v2\/product"}],"about":[{"href":"https:\/\/admincentral.selleetools.com\/pl\/wp-json\/wp\/v2\/types\/product"}],"replies":[{"embeddable":true,"href":"https:\/\/admincentral.selleetools.com\/pl\/wp-json\/wp\/v2\/comments?post=284532"}],"wp:featuredmedia":[{"embeddable":true,"href":"https:\/\/admincentral.selleetools.com\/pl\/wp-json\/wp\/v2\/media\/286721"}],"wp:attachment":[{"href":"https:\/\/admincentral.selleetools.com\/pl\/wp-json\/wp\/v2\/media?parent=284532"}],"curies":[{"name":"wp","href":"https:\/\/api.w.org\/{rel}","templated":true}]}}