{"id":284545,"date":"2023-08-17T11:01:54","date_gmt":"2023-08-17T09:01:54","guid":{"rendered":"https:\/\/selleetools.com\/?post_type=product&#038;p=284545"},"modified":"2023-12-05T12:58:40","modified_gmt":"2023-12-05T11:58:40","slug":"sudoku-holzspiel-fur-kinder-ab-3-jahren-spielbrett-18x18-cm-spielfiguren-15-x-15-cm-puzzle-brett-brettspiel-mit-steinen-lernspielzeug-geschenk-fur-kleine-kinder","status":"publish","type":"product","link":"https:\/\/admincentral.selleetools.com\/pl\/product\/sudoku-holzspiel-fur-kinder-ab-3-jahren-spielbrett-18x18-cm-spielfiguren-15-x-15-cm-puzzle-brett-brettspiel-mit-steinen-lernspielzeug-geschenk-fur-kleine-kinder\/","title":{"rendered":"Sudoku-Holzspiel f\u00fcr Kinder ab 3 Jahren &#8211; Spielbrett 18&#215;18 cm, Spielfiguren 1,5 x 1,5 cm &#8211; Puzzle-Brett &#8211; Brettspiel mit Steinen &#8211; Lernspielzeug &#8211; Geschenk f\u00fcr kleine Kinder"},"content":{"rendered":"<p>Ein klassisches Sudoku-Spiel f\u00fcr Kinder ab 3 Jahren, hergestellt aus Holz. Die Zahlen von 1 bis 9 m\u00fcssen so angeordnet werden, dass in jeder Zeile, jeder Spalte und in jedem der neun kleinen Quadrate jede Ziffer nur einmal vorkommt.. Das Sudoku-Spiel sollte damit beginnen, dass einige Bl\u00f6cke an den vorgegebenen Stellen platziert werden und dann den Rest so angepasst wird, dass alle W\u00fcrfel ihren Platz auf dem Spielbrett finden. Wodurch unterscheidet sich unser Sudoku Holzspiele von anderen Spielen dieser Art? Dank des Holz-Spielbretts und der Holzw\u00fcrfel k\u00f6nnen die Liebhaber dieses Spiels es immer wieder spielen, ohne neue Karten zu verwenden, d.h. die Umwelt wird geschont Das Sudoku-Holz wurde in wundersch\u00f6nen Pastellfarben hergestellt, die es auch dann toll aussehen lassen, wenn es gerade nicht benutzt wird Das Set enth\u00e4lt mehrere Beispiele f\u00fcr Anf\u00e4nger, Fortgeschrittene und Experten, damit diese jeweils ihre F\u00e4higkeiten verbessern k\u00f6nnen Sie k\u00f6nnen auch andere in Zeitungen und im Internet verf\u00fcgbaren Startspiele verwenden, die Sie leicht auf Ihr Puzzle-Board \u00fcbertragen k\u00f6nnen Sudoku zu spielen ist eine gro\u00dfartige M\u00f6glichkeit, Zeit mit Ihrem Kind zu verbringen, und eine ideale M\u00f6glichkeit, logisches Denken und Schlussfolgerungsf\u00e4higkeiten zu entwickeln. Durch Kombinieren und Eliminieren wird die L\u00f6sung gefunden. Jede Zahl hat eine andere Farbe, um dem Kind visuell zu sagen, ob es die W\u00fcrfel richtig platziert hat. Garantierte Qualit\u00e4t, ein mit gr\u00f6\u00dfter Pr\u00e4zision hergestelltes Spielzeug der Marke Adam Toys. Technische Daten: Alter: 3+ Brettma\u00dfe: 18 x 18 cm Ma\u00dfe der Teile: 1,5 x 1,5 cm CE-Konformit\u00e4tserkl\u00e4rungFeaturesEin klassisches Sudoku-Spiel f\u00fcr Kinder ab 3 Jahren, aus Holz hergestellt, ein p\u00e4dagogisch wertvolles SpielzeugWiederverwendbares Spiel &#8211; als Brettspiel hergestellt, so dass keine zus\u00e4tzlichen Karten ben\u00f6tigt werdenDas Sudoku-Spiel f\u00fcr Kinder besteht aus einem 18 x 18 cm gro\u00dfen Spielbrett und 1,5 x 1,5 cm gro\u00dfen, pastellfarben bemalten W\u00fcrfelnDas Sudoku-Spiel f\u00f6rdert die Entwicklung des logischen Denkens und der Kombinationsgabe. Jede Zahl hat eine andere Farbe, was das L\u00f6sen erleichtertDas Holzspiel Sudoku ist in einer praktischen und \u00e4sthetisch ansprechenden Schachtel verpackt und somit ein ideales Geschenk f\u00fcr Ihr Kind<\/p>\n","protected":false},"excerpt":{"rendered":"<p>Ein klassisches Sudoku-Spiel f\u00fcr Kinder ab 3 Jahren, hergestellt aus Holz. Die Zahlen von 1 bis 9 m\u00fcssen so angeordnet werden, dass in jeder Zeile, jeder Spalte und in jedem der neun kleinen Quadrate jede Ziffer nur einmal vorkommt.. Das Sudoku-Spiel sollte damit beginnen, dass einige Bl\u00f6cke an den vorgegebenen Stellen platziert werden und dann &#8230; <a title=\"Sudoku-Holzspiel f\u00fcr Kinder ab 3 Jahren &#8211; Spielbrett 18&#215;18 cm, Spielfiguren 1,5 x 1,5 cm &#8211; Puzzle-Brett &#8211; Brettspiel mit Steinen &#8211; Lernspielzeug &#8211; Geschenk f\u00fcr kleine Kinder\" class=\"read-more\" href=\"https:\/\/admincentral.selleetools.com\/pl\/product\/sudoku-holzspiel-fur-kinder-ab-3-jahren-spielbrett-18x18-cm-spielfiguren-15-x-15-cm-puzzle-brett-brettspiel-mit-steinen-lernspielzeug-geschenk-fur-kleine-kinder\/\">Read more<span class=\"screen-reader-text\">Sudoku-Holzspiel f\u00fcr Kinder ab 3 Jahren &#8211; Spielbrett 18&#215;18 cm, Spielfiguren 1,5 x 1,5 cm &#8211; Puzzle-Brett &#8211; Brettspiel mit Steinen &#8211; Lernspielzeug &#8211; Geschenk f\u00fcr kleine Kinder<\/span><\/a><\/p>\n","protected":false},"featured_media":286775,"comment_status":"open","ping_status":"closed","template":"","meta":{"_links_to":"","_links_to_target":""},"yoast_head":"<!-- This site is optimized with the Yoast SEO plugin v19.4 - https:\/\/yoast.com\/wordpress\/plugins\/seo\/ -->\n<title>Sudoku-Holzspiel f\u00fcr Kinder ab 3 Jahren - Spielbrett 18x18 cm, Spielfiguren 1,5 x 1,5 cm - Puzzle-Brett - Brettspiel mit Steinen - Lernspielzeug - Geschenk f\u00fcr kleine Kinder - Selleetools.com<\/title>\n<meta name=\"robots\" content=\"index, follow, max-snippet:-1, max-image-preview:large, max-video-preview:-1\" \/>\n<link rel=\"canonical\" href=\"https:\/\/admincentral.selleetools.com\/pl\/product\/sudoku-holzspiel-fur-kinder-ab-3-jahren-spielbrett-18x18-cm-spielfiguren-15-x-15-cm-puzzle-brett-brettspiel-mit-steinen-lernspielzeug-geschenk-fur-kleine-kinder\/\" \/>\n<meta property=\"og:locale\" content=\"pl_PL\" \/>\n<meta property=\"og:type\" content=\"article\" \/>\n<meta property=\"og:title\" content=\"Sudoku-Holzspiel f\u00fcr Kinder ab 3 Jahren - Spielbrett 18x18 cm, Spielfiguren 1,5 x 1,5 cm - Puzzle-Brett - Brettspiel mit Steinen - Lernspielzeug - Geschenk f\u00fcr kleine Kinder - Selleetools.com\" \/>\n<meta property=\"og:description\" content=\"Ein klassisches Sudoku-Spiel f\u00fcr Kinder ab 3 Jahren, hergestellt aus Holz. Die Zahlen von 1 bis 9 m\u00fcssen so angeordnet werden, dass in jeder Zeile, jeder Spalte und in jedem der neun kleinen Quadrate jede Ziffer nur einmal vorkommt.. Das Sudoku-Spiel sollte damit beginnen, dass einige Bl\u00f6cke an den vorgegebenen Stellen platziert werden und dann ... Read moreSudoku-Holzspiel f\u00fcr Kinder ab 3 Jahren &#8211; Spielbrett 18&#215;18 cm, Spielfiguren 1,5 x 1,5 cm &#8211; Puzzle-Brett &#8211; Brettspiel mit Steinen &#8211; Lernspielzeug &#8211; Geschenk f\u00fcr kleine Kinder\" \/>\n<meta property=\"og:url\" content=\"https:\/\/admincentral.selleetools.com\/pl\/product\/sudoku-holzspiel-fur-kinder-ab-3-jahren-spielbrett-18x18-cm-spielfiguren-15-x-15-cm-puzzle-brett-brettspiel-mit-steinen-lernspielzeug-geschenk-fur-kleine-kinder\/\" \/>\n<meta property=\"og:site_name\" content=\"Selleetools.com\" \/>\n<meta property=\"article:modified_time\" content=\"2023-12-05T11:58:40+00:00\" \/>\n<meta property=\"og:image\" content=\"https:\/\/selleetools.com\/wp-content\/uploads\/2023\/08\/51A1bJGoEUL.jpg\" \/>\n\t<meta property=\"og:image:width\" content=\"1000\" \/>\n\t<meta property=\"og:image:height\" content=\"667\" \/>\n\t<meta property=\"og:image:type\" content=\"image\/jpeg\" \/>\n<meta name=\"twitter:card\" content=\"summary_large_image\" \/>\n<meta name=\"twitter:label1\" content=\"Est. reading time\" \/>\n\t<meta name=\"twitter:data1\" content=\"2 minuty\" \/>\n<!-- \/ Yoast SEO plugin. -->","yoast_head_json":{"title":"Sudoku-Holzspiel f\u00fcr Kinder ab 3 Jahren - Spielbrett 18x18 cm, Spielfiguren 1,5 x 1,5 cm - Puzzle-Brett - Brettspiel mit Steinen - Lernspielzeug - Geschenk f\u00fcr kleine Kinder - Selleetools.com","robots":{"index":"index","follow":"follow","max-snippet":"max-snippet:-1","max-image-preview":"max-image-preview:large","max-video-preview":"max-video-preview:-1"},"canonical":"https:\/\/admincentral.selleetools.com\/pl\/product\/sudoku-holzspiel-fur-kinder-ab-3-jahren-spielbrett-18x18-cm-spielfiguren-15-x-15-cm-puzzle-brett-brettspiel-mit-steinen-lernspielzeug-geschenk-fur-kleine-kinder\/","og_locale":"pl_PL","og_type":"article","og_title":"Sudoku-Holzspiel f\u00fcr Kinder ab 3 Jahren - Spielbrett 18x18 cm, Spielfiguren 1,5 x 1,5 cm - Puzzle-Brett - Brettspiel mit Steinen - Lernspielzeug - Geschenk f\u00fcr kleine Kinder - Selleetools.com","og_description":"Ein klassisches Sudoku-Spiel f\u00fcr Kinder ab 3 Jahren, hergestellt aus Holz. Die Zahlen von 1 bis 9 m\u00fcssen so angeordnet werden, dass in jeder Zeile, jeder Spalte und in jedem der neun kleinen Quadrate jede Ziffer nur einmal vorkommt.. Das Sudoku-Spiel sollte damit beginnen, dass einige Bl\u00f6cke an den vorgegebenen Stellen platziert werden und dann ... Read moreSudoku-Holzspiel f\u00fcr Kinder ab 3 Jahren &#8211; Spielbrett 18&#215;18 cm, Spielfiguren 1,5 x 1,5 cm &#8211; Puzzle-Brett &#8211; Brettspiel mit Steinen &#8211; Lernspielzeug &#8211; Geschenk f\u00fcr kleine Kinder","og_url":"https:\/\/admincentral.selleetools.com\/pl\/product\/sudoku-holzspiel-fur-kinder-ab-3-jahren-spielbrett-18x18-cm-spielfiguren-15-x-15-cm-puzzle-brett-brettspiel-mit-steinen-lernspielzeug-geschenk-fur-kleine-kinder\/","og_site_name":"Selleetools.com","article_modified_time":"2023-12-05T11:58:40+00:00","og_image":[{"width":1000,"height":667,"url":"https:\/\/selleetools.com\/wp-content\/uploads\/2023\/08\/51A1bJGoEUL.jpg","type":"image\/jpeg"}],"twitter_card":"summary_large_image","twitter_misc":{"Est. reading time":"2 minuty"},"schema":{"@context":"https:\/\/schema.org","@graph":[{"@type":"Organization","@id":"https:\/\/selleetools.com\/#organization","name":"Selleetools","url":"https:\/\/selleetools.com\/","sameAs":[],"logo":{"@type":"ImageObject","inLanguage":"pl-PL","@id":"https:\/\/selleetools.com\/#\/schema\/logo\/image\/","url":"https:\/\/selleetools.com\/wp-content\/uploads\/2021\/10\/logo-dark.png","contentUrl":"https:\/\/selleetools.com\/wp-content\/uploads\/2021\/10\/logo-dark.png","width":320,"height":76,"caption":"Selleetools"},"image":{"@id":"https:\/\/selleetools.com\/#\/schema\/logo\/image\/"}},{"@type":"WebSite","@id":"https:\/\/selleetools.com\/#website","url":"https:\/\/selleetools.com\/","name":"Selleetools.com","description":"","publisher":{"@id":"https:\/\/selleetools.com\/#organization"},"potentialAction":[{"@type":"SearchAction","target":{"@type":"EntryPoint","urlTemplate":"https:\/\/selleetools.com\/?s={search_term_string}"},"query-input":"required name=search_term_string"}],"inLanguage":"pl-PL"},{"@type":"WebPage","@id":"https:\/\/admincentral.selleetools.com\/pl\/product\/sudoku-holzspiel-fur-kinder-ab-3-jahren-spielbrett-18x18-cm-spielfiguren-15-x-15-cm-puzzle-brett-brettspiel-mit-steinen-lernspielzeug-geschenk-fur-kleine-kinder\/","url":"https:\/\/admincentral.selleetools.com\/pl\/product\/sudoku-holzspiel-fur-kinder-ab-3-jahren-spielbrett-18x18-cm-spielfiguren-15-x-15-cm-puzzle-brett-brettspiel-mit-steinen-lernspielzeug-geschenk-fur-kleine-kinder\/","name":"Sudoku-Holzspiel f\u00fcr Kinder ab 3 Jahren - Spielbrett 18x18 cm, Spielfiguren 1,5 x 1,5 cm - Puzzle-Brett - Brettspiel mit Steinen - Lernspielzeug - Geschenk f\u00fcr kleine Kinder - Selleetools.com","isPartOf":{"@id":"https:\/\/selleetools.com\/#website"},"datePublished":"2023-08-17T09:01:54+00:00","dateModified":"2023-12-05T11:58:40+00:00","breadcrumb":{"@id":"https:\/\/admincentral.selleetools.com\/pl\/product\/sudoku-holzspiel-fur-kinder-ab-3-jahren-spielbrett-18x18-cm-spielfiguren-15-x-15-cm-puzzle-brett-brettspiel-mit-steinen-lernspielzeug-geschenk-fur-kleine-kinder\/#breadcrumb"},"inLanguage":"pl-PL","potentialAction":[{"@type":"ReadAction","target":["https:\/\/admincentral.selleetools.com\/pl\/product\/sudoku-holzspiel-fur-kinder-ab-3-jahren-spielbrett-18x18-cm-spielfiguren-15-x-15-cm-puzzle-brett-brettspiel-mit-steinen-lernspielzeug-geschenk-fur-kleine-kinder\/"]}]},{"@type":"BreadcrumbList","@id":"https:\/\/admincentral.selleetools.com\/pl\/product\/sudoku-holzspiel-fur-kinder-ab-3-jahren-spielbrett-18x18-cm-spielfiguren-15-x-15-cm-puzzle-brett-brettspiel-mit-steinen-lernspielzeug-geschenk-fur-kleine-kinder\/#breadcrumb","itemListElement":[{"@type":"ListItem","position":1,"name":"Home","item":"https:\/\/selleetools.com\/pl\/"},{"@type":"ListItem","position":2,"name":"Katalog","item":"https:\/\/selleetools.com\/pl\/katalog\/"},{"@type":"ListItem","position":3,"name":"Sudoku-Holzspiel f\u00fcr Kinder ab 3 Jahren &#8211; Spielbrett 18&#215;18 cm, Spielfiguren 1,5 x 1,5 cm &#8211; Puzzle-Brett &#8211; Brettspiel mit Steinen &#8211; Lernspielzeug &#8211; Geschenk f\u00fcr kleine Kinder"}]}]}},"_links":{"self":[{"href":"https:\/\/admincentral.selleetools.com\/pl\/wp-json\/wp\/v2\/product\/284545"}],"collection":[{"href":"https:\/\/admincentral.selleetools.com\/pl\/wp-json\/wp\/v2\/product"}],"about":[{"href":"https:\/\/admincentral.selleetools.com\/pl\/wp-json\/wp\/v2\/types\/product"}],"replies":[{"embeddable":true,"href":"https:\/\/admincentral.selleetools.com\/pl\/wp-json\/wp\/v2\/comments?post=284545"}],"wp:featuredmedia":[{"embeddable":true,"href":"https:\/\/admincentral.selleetools.com\/pl\/wp-json\/wp\/v2\/media\/286775"}],"wp:attachment":[{"href":"https:\/\/admincentral.selleetools.com\/pl\/wp-json\/wp\/v2\/media?parent=284545"}],"curies":[{"name":"wp","href":"https:\/\/api.w.org\/{rel}","templated":true}]}}