{"id":284637,"date":"2023-08-17T11:02:22","date_gmt":"2023-08-17T09:02:22","guid":{"rendered":"https:\/\/selleetools.com\/?post_type=product&#038;p=284637"},"modified":"2023-08-29T17:20:33","modified_gmt":"2023-08-29T15:20:33","slug":"angelspiel-ab-2-jahren-holzspielzeug-fische-angeln-pinguin-auf-fisch-magnetangel-kinder-10-fische-zum-fangen-2-angelruten-box-motorik-spielzeug-lernspielzeug-geschenk","status":"publish","type":"product","link":"https:\/\/admincentral.selleetools.com\/pl\/product\/angelspiel-ab-2-jahren-holzspielzeug-fische-angeln-pinguin-auf-fisch-magnetangel-kinder-10-fische-zum-fangen-2-angelruten-box-motorik-spielzeug-lernspielzeug-geschenk\/","title":{"rendered":"Angelspiel ab 2 Jahren, Holzspielzeug, Fische Angeln, Pinguin auf Fisch &#8211; Magnetangel Kinder &#8211; 10 Fische zum Fangen, 2 Angelruten, Box &#8211; Motorik-Spielzeug, Lernspielzeug &#8211; Geschenk"},"content":{"rendered":"<p>Ein Angelspiel aus Holz f\u00fcr Kinder ab 2 Jahren. Was macht ein Pinguin, wenn er zu Abend essen will? Er fischt. Du kannst ihm in diesem s\u00fc\u00dfen Spiel helfen. Das Spiel \u201eFische angeln\u201c ist so konzipiert, dass Kinder ihre motorischen F\u00e4higkeiten gerne trainieren. Es scheint eine einfache Aufgabe zu sein, etwas mit einem Magneten zu fangen, aber z.B. einen bestimmten Fisch zu angeln, ist vielleicht nicht so einfach. Da das Set zwei Angelruten enth\u00e4lt, k\u00f6nnen Sie auch einen Angelwettbewerb veranstalten. Wer f\u00e4ngt die meisten Fische, wer f\u00e4ngt vielleicht den gr\u00f6\u00dften oder den leckersten Fisch und wer f\u00e4ngt am Ende den Fisch mit den meisten Punkten? Mit ein wenig Fantasie, l\u00e4sst sich das Spiel noch interessanter gestalten. Das Angelspiel Magnet ist so konzipiert, dass auch die Verpackung Teil des Spiels ist. Nach dem \u201eZero Waste\u201c-Prinzip dient die sch\u00f6ne Kartonverpackung nach dem \u00d6ffnen als Meer, aus dem Fische gefischt werden m\u00fcssen. Angelspiel f\u00fcr Kinder enth\u00e4lt: 10 bunte Holzfische &#8211; Jeder ist anders dargestellt und hat eine unterschiedliche Anzahl an Punkten auf der R\u00fcckseite 2 Angelruten mit Magnetspitze Karton, innen bedruckt, um als Teil des Spiels zu dienen Werfen Sie die Angeln aus und fangen Sie alleFische. Z\u00e4hlen Sie nach einem erfolgreichen Fang s\u00e4mtliche Punkte. Da jeder Fisch auf dem R\u00fccken eine andere Punktzahl hat, kann das Kind auch das Z\u00e4hlen lernen. Garantierte Qualit\u00e4t, ein mit h\u00f6chster Pr\u00e4zision hergestelltes Spielzeug der Marke Adam Toys. Technische Daten: Alter: 2+ Fisch: Breite von 3 bis 4,5 cm, L\u00e4nge von 6,5 bis 10 cm Stangen: L\u00e4nge 22 cm, Schnurl\u00e4nge 19 cm Boxen: 28,5 x 17&#215;3 cm CE-Konformit\u00e4tserkl\u00e4rungFeaturesAngelspiel f\u00fcr Kinder ab 2 Jahren, Motorik-Spielzeug, Lernspielzeug aus HolzDas Set enth\u00e4lt: 10 bunte Holzfische, 2 Angelruten mit magnetischer Spitze, Pappschachtel mit Aufdruck innenDas Ziel des Spiels besteht darin, die Fische mit einem Magneten zu fangen. Die Schachtel kann als Meer verwendet werden, aus dem die Fische gefangen werdenDas Angelspiel f\u00f6rdert die Entwicklung der motorischen F\u00e4higkeiten von KleinkindernDas Angelspiel ist in einer praktischen und \u00e4sthetisch ansprechenden Schachtel verpackt und somit ein ideales Geschenk f\u00fcr Ihr Kind<\/p>\n","protected":false},"excerpt":{"rendered":"<p>Ein Angelspiel aus Holz f\u00fcr Kinder ab 2 Jahren. Was macht ein Pinguin, wenn er zu Abend essen will? Er fischt. Du kannst ihm in diesem s\u00fc\u00dfen Spiel helfen. Das Spiel \u201eFische angeln\u201c ist so konzipiert, dass Kinder ihre motorischen F\u00e4higkeiten gerne trainieren. Es scheint eine einfache Aufgabe zu sein, etwas mit einem Magneten zu &#8230; <a title=\"Angelspiel ab 2 Jahren, Holzspielzeug, Fische Angeln, Pinguin auf Fisch &#8211; Magnetangel Kinder &#8211; 10 Fische zum Fangen, 2 Angelruten, Box &#8211; Motorik-Spielzeug, Lernspielzeug &#8211; Geschenk\" class=\"read-more\" href=\"https:\/\/admincentral.selleetools.com\/pl\/product\/angelspiel-ab-2-jahren-holzspielzeug-fische-angeln-pinguin-auf-fisch-magnetangel-kinder-10-fische-zum-fangen-2-angelruten-box-motorik-spielzeug-lernspielzeug-geschenk\/\">Read more<span class=\"screen-reader-text\">Angelspiel ab 2 Jahren, Holzspielzeug, Fische Angeln, Pinguin auf Fisch &#8211; Magnetangel Kinder &#8211; 10 Fische zum Fangen, 2 Angelruten, Box &#8211; Motorik-Spielzeug, Lernspielzeug &#8211; Geschenk<\/span><\/a><\/p>\n","protected":false},"featured_media":286835,"comment_status":"open","ping_status":"closed","template":"","meta":{"_links_to":"","_links_to_target":""},"yoast_head":"<!-- This site is optimized with the Yoast SEO plugin v19.4 - https:\/\/yoast.com\/wordpress\/plugins\/seo\/ -->\n<title>Angelspiel ab 2 Jahren, Holzspielzeug, Fische Angeln, Pinguin auf Fisch - Magnetangel Kinder - 10 Fische zum Fangen, 2 Angelruten, Box - Motorik-Spielzeug, Lernspielzeug - Geschenk - Selleetools.com<\/title>\n<meta name=\"robots\" content=\"index, follow, max-snippet:-1, max-image-preview:large, max-video-preview:-1\" \/>\n<link rel=\"canonical\" href=\"https:\/\/selleetools.com\/pl\/product\/angelspiel-ab-2-jahren-holzspielzeug-fische-angeln-pinguin-auf-fisch-magnetangel-kinder-10-fische-zum-fangen-2-angelruten-box-motorik-spielzeug-lernspielzeug-geschenk\/\" \/>\n<meta property=\"og:locale\" content=\"pl_PL\" \/>\n<meta property=\"og:type\" content=\"article\" \/>\n<meta property=\"og:title\" content=\"Angelspiel ab 2 Jahren, Holzspielzeug, Fische Angeln, Pinguin auf Fisch - Magnetangel Kinder - 10 Fische zum Fangen, 2 Angelruten, Box - Motorik-Spielzeug, Lernspielzeug - Geschenk - Selleetools.com\" \/>\n<meta property=\"og:description\" content=\"Ein Angelspiel aus Holz f\u00fcr Kinder ab 2 Jahren. Was macht ein Pinguin, wenn er zu Abend essen will? Er fischt. Du kannst ihm in diesem s\u00fc\u00dfen Spiel helfen. Das Spiel \u201eFische angeln\u201c ist so konzipiert, dass Kinder ihre motorischen F\u00e4higkeiten gerne trainieren. Es scheint eine einfache Aufgabe zu sein, etwas mit einem Magneten zu ... Read moreAngelspiel ab 2 Jahren, Holzspielzeug, Fische Angeln, Pinguin auf Fisch &#8211; Magnetangel Kinder &#8211; 10 Fische zum Fangen, 2 Angelruten, Box &#8211; Motorik-Spielzeug, Lernspielzeug &#8211; Geschenk\" \/>\n<meta property=\"og:url\" content=\"https:\/\/selleetools.com\/pl\/product\/angelspiel-ab-2-jahren-holzspielzeug-fische-angeln-pinguin-auf-fisch-magnetangel-kinder-10-fische-zum-fangen-2-angelruten-box-motorik-spielzeug-lernspielzeug-geschenk\/\" \/>\n<meta property=\"og:site_name\" content=\"Selleetools.com\" \/>\n<meta property=\"article:modified_time\" content=\"2023-08-29T15:20:33+00:00\" \/>\n<meta property=\"og:image\" content=\"https:\/\/selleetools.com\/wp-content\/uploads\/2023\/08\/61Jr3ergdUL.jpg\" \/>\n\t<meta property=\"og:image:width\" content=\"1000\" \/>\n\t<meta property=\"og:image:height\" content=\"863\" \/>\n\t<meta property=\"og:image:type\" content=\"image\/jpeg\" \/>\n<meta name=\"twitter:card\" content=\"summary_large_image\" \/>\n<meta name=\"twitter:label1\" content=\"Est. reading time\" \/>\n\t<meta name=\"twitter:data1\" content=\"2 minuty\" \/>\n<!-- \/ Yoast SEO plugin. -->","yoast_head_json":{"title":"Angelspiel ab 2 Jahren, Holzspielzeug, Fische Angeln, Pinguin auf Fisch - Magnetangel Kinder - 10 Fische zum Fangen, 2 Angelruten, Box - Motorik-Spielzeug, Lernspielzeug - Geschenk - Selleetools.com","robots":{"index":"index","follow":"follow","max-snippet":"max-snippet:-1","max-image-preview":"max-image-preview:large","max-video-preview":"max-video-preview:-1"},"canonical":"https:\/\/selleetools.com\/pl\/product\/angelspiel-ab-2-jahren-holzspielzeug-fische-angeln-pinguin-auf-fisch-magnetangel-kinder-10-fische-zum-fangen-2-angelruten-box-motorik-spielzeug-lernspielzeug-geschenk\/","og_locale":"pl_PL","og_type":"article","og_title":"Angelspiel ab 2 Jahren, Holzspielzeug, Fische Angeln, Pinguin auf Fisch - Magnetangel Kinder - 10 Fische zum Fangen, 2 Angelruten, Box - Motorik-Spielzeug, Lernspielzeug - Geschenk - Selleetools.com","og_description":"Ein Angelspiel aus Holz f\u00fcr Kinder ab 2 Jahren. Was macht ein Pinguin, wenn er zu Abend essen will? Er fischt. Du kannst ihm in diesem s\u00fc\u00dfen Spiel helfen. Das Spiel \u201eFische angeln\u201c ist so konzipiert, dass Kinder ihre motorischen F\u00e4higkeiten gerne trainieren. Es scheint eine einfache Aufgabe zu sein, etwas mit einem Magneten zu ... Read moreAngelspiel ab 2 Jahren, Holzspielzeug, Fische Angeln, Pinguin auf Fisch &#8211; Magnetangel Kinder &#8211; 10 Fische zum Fangen, 2 Angelruten, Box &#8211; Motorik-Spielzeug, Lernspielzeug &#8211; Geschenk","og_url":"https:\/\/selleetools.com\/pl\/product\/angelspiel-ab-2-jahren-holzspielzeug-fische-angeln-pinguin-auf-fisch-magnetangel-kinder-10-fische-zum-fangen-2-angelruten-box-motorik-spielzeug-lernspielzeug-geschenk\/","og_site_name":"Selleetools.com","article_modified_time":"2023-08-29T15:20:33+00:00","og_image":[{"width":1000,"height":863,"url":"https:\/\/selleetools.com\/wp-content\/uploads\/2023\/08\/61Jr3ergdUL.jpg","type":"image\/jpeg"}],"twitter_card":"summary_large_image","twitter_misc":{"Est. reading time":"2 minuty"},"schema":{"@context":"https:\/\/schema.org","@graph":[{"@type":"Organization","@id":"https:\/\/selleetools.com\/#organization","name":"Selleetools","url":"https:\/\/selleetools.com\/","sameAs":[],"logo":{"@type":"ImageObject","inLanguage":"pl-PL","@id":"https:\/\/selleetools.com\/#\/schema\/logo\/image\/","url":"https:\/\/selleetools.com\/wp-content\/uploads\/2021\/10\/logo-dark.png","contentUrl":"https:\/\/selleetools.com\/wp-content\/uploads\/2021\/10\/logo-dark.png","width":320,"height":76,"caption":"Selleetools"},"image":{"@id":"https:\/\/selleetools.com\/#\/schema\/logo\/image\/"}},{"@type":"WebSite","@id":"https:\/\/selleetools.com\/#website","url":"https:\/\/selleetools.com\/","name":"Selleetools.com","description":"","publisher":{"@id":"https:\/\/selleetools.com\/#organization"},"potentialAction":[{"@type":"SearchAction","target":{"@type":"EntryPoint","urlTemplate":"https:\/\/selleetools.com\/?s={search_term_string}"},"query-input":"required name=search_term_string"}],"inLanguage":"pl-PL"},{"@type":"WebPage","@id":"https:\/\/selleetools.com\/pl\/product\/angelspiel-ab-2-jahren-holzspielzeug-fische-angeln-pinguin-auf-fisch-magnetangel-kinder-10-fische-zum-fangen-2-angelruten-box-motorik-spielzeug-lernspielzeug-geschenk\/","url":"https:\/\/selleetools.com\/pl\/product\/angelspiel-ab-2-jahren-holzspielzeug-fische-angeln-pinguin-auf-fisch-magnetangel-kinder-10-fische-zum-fangen-2-angelruten-box-motorik-spielzeug-lernspielzeug-geschenk\/","name":"Angelspiel ab 2 Jahren, Holzspielzeug, Fische Angeln, Pinguin auf Fisch - Magnetangel Kinder - 10 Fische zum Fangen, 2 Angelruten, Box - Motorik-Spielzeug, Lernspielzeug - Geschenk - Selleetools.com","isPartOf":{"@id":"https:\/\/selleetools.com\/#website"},"datePublished":"2023-08-17T09:02:22+00:00","dateModified":"2023-08-29T15:20:33+00:00","breadcrumb":{"@id":"https:\/\/selleetools.com\/pl\/product\/angelspiel-ab-2-jahren-holzspielzeug-fische-angeln-pinguin-auf-fisch-magnetangel-kinder-10-fische-zum-fangen-2-angelruten-box-motorik-spielzeug-lernspielzeug-geschenk\/#breadcrumb"},"inLanguage":"pl-PL","potentialAction":[{"@type":"ReadAction","target":["https:\/\/selleetools.com\/pl\/product\/angelspiel-ab-2-jahren-holzspielzeug-fische-angeln-pinguin-auf-fisch-magnetangel-kinder-10-fische-zum-fangen-2-angelruten-box-motorik-spielzeug-lernspielzeug-geschenk\/"]}]},{"@type":"BreadcrumbList","@id":"https:\/\/selleetools.com\/pl\/product\/angelspiel-ab-2-jahren-holzspielzeug-fische-angeln-pinguin-auf-fisch-magnetangel-kinder-10-fische-zum-fangen-2-angelruten-box-motorik-spielzeug-lernspielzeug-geschenk\/#breadcrumb","itemListElement":[{"@type":"ListItem","position":1,"name":"Home","item":"https:\/\/selleetools.com\/pl\/"},{"@type":"ListItem","position":2,"name":"Katalog","item":"https:\/\/selleetools.com\/pl\/katalog\/"},{"@type":"ListItem","position":3,"name":"Angelspiel ab 2 Jahren, Holzspielzeug, Fische Angeln, Pinguin auf Fisch &#8211; Magnetangel Kinder &#8211; 10 Fische zum Fangen, 2 Angelruten, Box &#8211; Motorik-Spielzeug, Lernspielzeug &#8211; Geschenk"}]}]}},"_links":{"self":[{"href":"https:\/\/admincentral.selleetools.com\/pl\/wp-json\/wp\/v2\/product\/284637"}],"collection":[{"href":"https:\/\/admincentral.selleetools.com\/pl\/wp-json\/wp\/v2\/product"}],"about":[{"href":"https:\/\/admincentral.selleetools.com\/pl\/wp-json\/wp\/v2\/types\/product"}],"replies":[{"embeddable":true,"href":"https:\/\/admincentral.selleetools.com\/pl\/wp-json\/wp\/v2\/comments?post=284637"}],"wp:featuredmedia":[{"embeddable":true,"href":"https:\/\/admincentral.selleetools.com\/pl\/wp-json\/wp\/v2\/media\/286835"}],"wp:attachment":[{"href":"https:\/\/admincentral.selleetools.com\/pl\/wp-json\/wp\/v2\/media?parent=284637"}],"curies":[{"name":"wp","href":"https:\/\/api.w.org\/{rel}","templated":true}]}}