{"id":284644,"date":"2023-08-17T11:02:27","date_gmt":"2023-08-17T09:02:27","guid":{"rendered":"https:\/\/selleetools.com\/?post_type=product&#038;p=284644"},"modified":"2023-08-22T21:57:37","modified_gmt":"2023-08-22T19:57:37","slug":"polsterkleber-kleber-kontaktkleber-kraftspruhkleber-schaumstoffkleber-500-ml","status":"publish","type":"product","link":"https:\/\/admincentral.selleetools.com\/pl\/product\/polsterkleber-kleber-kontaktkleber-kraftspruhkleber-schaumstoffkleber-500-ml\/","title":{"rendered":"Polsterkleber Kleber Kontaktkleber Kraftspr\u00fchkleber Schaumstoffkleber 500 ml"},"content":{"rendered":"<p>Anwendungsbereiche: Gut geeignet f\u00fcr das Bekleben von Polyuertan Schw\u00e4mmen, Polyester Schw\u00e4mmen, anderen Polster Werkstoffen und Roh- und Lackholz Anwendung: Die Spr\u00fchdose vor dem auftragen ordentlich durchsch\u00fctteln. Den Kleber gleichm\u00e4\u00dfig auf beide Klebfl\u00e4chen verteilen. Mindestens zwei Minuten und h\u00f6chstens 15 abwarten und anschlie\u00dfend beide beklebten Fl\u00e4chen zusammenf\u00fchren und fets zusammenhalten. In trockenen, bel\u00fcfteten, beschatteten und vor K\u00e4lte gesch\u00fctzen Bereichen aufbewahren. Nicht in der N\u00e4he von Hitzequellen aufbewahren.FeaturesAnwendungsbereiche: Gut geeignet f\u00fcr das Bekleben von Polyuertan Schw\u00e4mmen, Polyester Schw\u00e4mmen, anderen Polster Werkstoffen und Roh- und LackholzIdeal geeignet f\u00fcr: Schaumstoffe Polsterwatte Stoffe Teppiche, Leder, Kunstleder<\/p>\n","protected":false},"excerpt":{"rendered":"<p>Anwendungsbereiche: Gut geeignet f\u00fcr das Bekleben von Polyuertan Schw\u00e4mmen, Polyester Schw\u00e4mmen, anderen Polster Werkstoffen und Roh- und Lackholz Anwendung: Die Spr\u00fchdose vor dem auftragen ordentlich durchsch\u00fctteln. Den Kleber gleichm\u00e4\u00dfig auf beide Klebfl\u00e4chen verteilen. Mindestens zwei Minuten und h\u00f6chstens 15 abwarten und anschlie\u00dfend beide beklebten Fl\u00e4chen zusammenf\u00fchren und fets zusammenhalten. In trockenen, bel\u00fcfteten, beschatteten und vor &#8230; <a title=\"Polsterkleber Kleber Kontaktkleber Kraftspr\u00fchkleber Schaumstoffkleber 500 ml\" class=\"read-more\" href=\"https:\/\/admincentral.selleetools.com\/pl\/product\/polsterkleber-kleber-kontaktkleber-kraftspruhkleber-schaumstoffkleber-500-ml\/\">Read more<span class=\"screen-reader-text\">Polsterkleber Kleber Kontaktkleber Kraftspr\u00fchkleber Schaumstoffkleber 500 ml<\/span><\/a><\/p>\n","protected":false},"featured_media":286877,"comment_status":"closed","ping_status":"closed","template":"","meta":{"_links_to":"","_links_to_target":""},"yoast_head":"<!-- This site is optimized with the Yoast SEO plugin v19.4 - https:\/\/yoast.com\/wordpress\/plugins\/seo\/ -->\n<title>Polsterkleber Kleber Kontaktkleber Kraftspr\u00fchkleber Schaumstoffkleber 500 ml - Selleetools.com<\/title>\n<meta name=\"robots\" content=\"index, follow, max-snippet:-1, max-image-preview:large, max-video-preview:-1\" \/>\n<link rel=\"canonical\" href=\"https:\/\/selleetools.com\/pl\/product\/polsterkleber-kleber-kontaktkleber-kraftspruhkleber-schaumstoffkleber-500-ml\/\" \/>\n<meta property=\"og:locale\" content=\"pl_PL\" \/>\n<meta property=\"og:type\" content=\"article\" \/>\n<meta property=\"og:title\" content=\"Polsterkleber Kleber Kontaktkleber Kraftspr\u00fchkleber Schaumstoffkleber 500 ml - Selleetools.com\" \/>\n<meta property=\"og:description\" content=\"Anwendungsbereiche: Gut geeignet f\u00fcr das Bekleben von Polyuertan Schw\u00e4mmen, Polyester Schw\u00e4mmen, anderen Polster Werkstoffen und Roh- und Lackholz Anwendung: Die Spr\u00fchdose vor dem auftragen ordentlich durchsch\u00fctteln. Den Kleber gleichm\u00e4\u00dfig auf beide Klebfl\u00e4chen verteilen. Mindestens zwei Minuten und h\u00f6chstens 15 abwarten und anschlie\u00dfend beide beklebten Fl\u00e4chen zusammenf\u00fchren und fets zusammenhalten. In trockenen, bel\u00fcfteten, beschatteten und vor ... Read morePolsterkleber Kleber Kontaktkleber Kraftspr\u00fchkleber Schaumstoffkleber 500 ml\" \/>\n<meta property=\"og:url\" content=\"https:\/\/selleetools.com\/pl\/product\/polsterkleber-kleber-kontaktkleber-kraftspruhkleber-schaumstoffkleber-500-ml\/\" \/>\n<meta property=\"og:site_name\" content=\"Selleetools.com\" \/>\n<meta property=\"article:modified_time\" content=\"2023-08-22T19:57:37+00:00\" \/>\n<meta property=\"og:image\" content=\"https:\/\/selleetools.com\/wp-content\/uploads\/2023\/08\/61I-ZnytDfL.jpg\" \/>\n\t<meta property=\"og:image:width\" content=\"936\" \/>\n\t<meta property=\"og:image:height\" content=\"1384\" \/>\n\t<meta property=\"og:image:type\" content=\"image\/jpeg\" \/>\n<meta name=\"twitter:card\" content=\"summary_large_image\" \/>\n<meta name=\"twitter:label1\" content=\"Est. reading time\" \/>\n\t<meta name=\"twitter:data1\" content=\"1 minuta\" \/>\n<!-- \/ Yoast SEO plugin. -->","yoast_head_json":{"title":"Polsterkleber Kleber Kontaktkleber Kraftspr\u00fchkleber Schaumstoffkleber 500 ml - Selleetools.com","robots":{"index":"index","follow":"follow","max-snippet":"max-snippet:-1","max-image-preview":"max-image-preview:large","max-video-preview":"max-video-preview:-1"},"canonical":"https:\/\/selleetools.com\/pl\/product\/polsterkleber-kleber-kontaktkleber-kraftspruhkleber-schaumstoffkleber-500-ml\/","og_locale":"pl_PL","og_type":"article","og_title":"Polsterkleber Kleber Kontaktkleber Kraftspr\u00fchkleber Schaumstoffkleber 500 ml - Selleetools.com","og_description":"Anwendungsbereiche: Gut geeignet f\u00fcr das Bekleben von Polyuertan Schw\u00e4mmen, Polyester Schw\u00e4mmen, anderen Polster Werkstoffen und Roh- und Lackholz Anwendung: Die Spr\u00fchdose vor dem auftragen ordentlich durchsch\u00fctteln. Den Kleber gleichm\u00e4\u00dfig auf beide Klebfl\u00e4chen verteilen. Mindestens zwei Minuten und h\u00f6chstens 15 abwarten und anschlie\u00dfend beide beklebten Fl\u00e4chen zusammenf\u00fchren und fets zusammenhalten. In trockenen, bel\u00fcfteten, beschatteten und vor ... Read morePolsterkleber Kleber Kontaktkleber Kraftspr\u00fchkleber Schaumstoffkleber 500 ml","og_url":"https:\/\/selleetools.com\/pl\/product\/polsterkleber-kleber-kontaktkleber-kraftspruhkleber-schaumstoffkleber-500-ml\/","og_site_name":"Selleetools.com","article_modified_time":"2023-08-22T19:57:37+00:00","og_image":[{"width":936,"height":1384,"url":"https:\/\/selleetools.com\/wp-content\/uploads\/2023\/08\/61I-ZnytDfL.jpg","type":"image\/jpeg"}],"twitter_card":"summary_large_image","twitter_misc":{"Est. reading time":"1 minuta"},"schema":{"@context":"https:\/\/schema.org","@graph":[{"@type":"Organization","@id":"https:\/\/selleetools.com\/#organization","name":"Selleetools","url":"https:\/\/selleetools.com\/","sameAs":[],"logo":{"@type":"ImageObject","inLanguage":"pl-PL","@id":"https:\/\/selleetools.com\/#\/schema\/logo\/image\/","url":"https:\/\/selleetools.com\/wp-content\/uploads\/2021\/10\/logo-dark.png","contentUrl":"https:\/\/selleetools.com\/wp-content\/uploads\/2021\/10\/logo-dark.png","width":320,"height":76,"caption":"Selleetools"},"image":{"@id":"https:\/\/selleetools.com\/#\/schema\/logo\/image\/"}},{"@type":"WebSite","@id":"https:\/\/selleetools.com\/#website","url":"https:\/\/selleetools.com\/","name":"Selleetools.com","description":"","publisher":{"@id":"https:\/\/selleetools.com\/#organization"},"potentialAction":[{"@type":"SearchAction","target":{"@type":"EntryPoint","urlTemplate":"https:\/\/selleetools.com\/?s={search_term_string}"},"query-input":"required name=search_term_string"}],"inLanguage":"pl-PL"},{"@type":"WebPage","@id":"https:\/\/selleetools.com\/pl\/product\/polsterkleber-kleber-kontaktkleber-kraftspruhkleber-schaumstoffkleber-500-ml\/","url":"https:\/\/selleetools.com\/pl\/product\/polsterkleber-kleber-kontaktkleber-kraftspruhkleber-schaumstoffkleber-500-ml\/","name":"Polsterkleber Kleber Kontaktkleber Kraftspr\u00fchkleber Schaumstoffkleber 500 ml - Selleetools.com","isPartOf":{"@id":"https:\/\/selleetools.com\/#website"},"datePublished":"2023-08-17T09:02:27+00:00","dateModified":"2023-08-22T19:57:37+00:00","breadcrumb":{"@id":"https:\/\/selleetools.com\/pl\/product\/polsterkleber-kleber-kontaktkleber-kraftspruhkleber-schaumstoffkleber-500-ml\/#breadcrumb"},"inLanguage":"pl-PL","potentialAction":[{"@type":"ReadAction","target":["https:\/\/selleetools.com\/pl\/product\/polsterkleber-kleber-kontaktkleber-kraftspruhkleber-schaumstoffkleber-500-ml\/"]}]},{"@type":"BreadcrumbList","@id":"https:\/\/selleetools.com\/pl\/product\/polsterkleber-kleber-kontaktkleber-kraftspruhkleber-schaumstoffkleber-500-ml\/#breadcrumb","itemListElement":[{"@type":"ListItem","position":1,"name":"Home","item":"https:\/\/selleetools.com\/pl\/"},{"@type":"ListItem","position":2,"name":"Katalog","item":"https:\/\/selleetools.com\/pl\/katalog\/"},{"@type":"ListItem","position":3,"name":"Polsterkleber Kleber Kontaktkleber Kraftspr\u00fchkleber Schaumstoffkleber 500 ml"}]}]}},"_links":{"self":[{"href":"https:\/\/admincentral.selleetools.com\/pl\/wp-json\/wp\/v2\/product\/284644"}],"collection":[{"href":"https:\/\/admincentral.selleetools.com\/pl\/wp-json\/wp\/v2\/product"}],"about":[{"href":"https:\/\/admincentral.selleetools.com\/pl\/wp-json\/wp\/v2\/types\/product"}],"replies":[{"embeddable":true,"href":"https:\/\/admincentral.selleetools.com\/pl\/wp-json\/wp\/v2\/comments?post=284644"}],"wp:featuredmedia":[{"embeddable":true,"href":"https:\/\/admincentral.selleetools.com\/pl\/wp-json\/wp\/v2\/media\/286877"}],"wp:attachment":[{"href":"https:\/\/admincentral.selleetools.com\/pl\/wp-json\/wp\/v2\/media?parent=284644"}],"curies":[{"name":"wp","href":"https:\/\/api.w.org\/{rel}","templated":true}]}}