{"id":285166,"date":"2023-08-17T11:06:10","date_gmt":"2023-08-17T09:06:10","guid":{"rendered":"https:\/\/selleetools.com\/?post_type=product&#038;p=285166"},"modified":"2025-05-28T12:35:59","modified_gmt":"2025-05-28T10:35:59","slug":"tektorado-0044-traktorrrrr-kartonspielzeug-mehrfarbig-einheitsgrose","status":"publish","type":"product","link":"https:\/\/admincentral.selleetools.com\/pl\/product\/tektorado-0044-traktorrrrr-kartonspielzeug-mehrfarbig-einheitsgrose\/","title":{"rendered":"Tektorado 0044 Traktorrrrr Kartonspielzeug, Mehrfarbig, Einheitsgr\u00f6\u00dfe"},"content":{"rendered":"<p>FeaturesAus 5-lagigem Wellpappe, zum Zusammenklappen und Ausmalen.Erh\u00e4ltlich mit 1 wei\u00dfen Traktoren, Set mit Aufklebern, kann verwendet werden, um den Traktor zu dekorieren.Produktabmessungen: 42 x 35 x 42 cm. Nach dem Zusammenklappen sieht das wirklich aus, aber lustig, spielen und lehren.Kann auch mit Ihren Kindern dar\u00fcber sprechen, warum ein Traktor auf dem Land n\u00fctzlich ist und was es Landwirten hilft.Es lohnt sich, hervorzuheben, dass diese Spielzeuge eine einzigartige Alternative sind, die Generationen von Kindern mit ihnen vereint und f\u00fcr Kinder im Alter von 2 bis 10 Jahren geeignet ist.<\/p>\n","protected":false},"excerpt":{"rendered":"<p>FeaturesAus 5-lagigem Wellpappe, zum Zusammenklappen und Ausmalen.Erh\u00e4ltlich mit 1 wei\u00dfen Traktoren, Set mit Aufklebern, kann verwendet werden, um den Traktor zu dekorieren.Produktabmessungen: 42 x 35 x 42 cm. Nach dem Zusammenklappen sieht das wirklich aus, aber lustig, spielen und lehren.Kann auch mit Ihren Kindern dar\u00fcber sprechen, warum ein Traktor auf dem Land n\u00fctzlich ist und &#8230; <a title=\"Tektorado 0044 Traktorrrrr Kartonspielzeug, Mehrfarbig, Einheitsgr\u00f6\u00dfe\" class=\"read-more\" href=\"https:\/\/admincentral.selleetools.com\/pl\/product\/tektorado-0044-traktorrrrr-kartonspielzeug-mehrfarbig-einheitsgrose\/\">Read more<span class=\"screen-reader-text\">Tektorado 0044 Traktorrrrr Kartonspielzeug, Mehrfarbig, Einheitsgr\u00f6\u00dfe<\/span><\/a><\/p>\n","protected":false},"featured_media":287359,"comment_status":"open","ping_status":"closed","template":"","meta":{"_links_to":"","_links_to_target":""},"yoast_head":"<!-- This site is optimized with the Yoast SEO plugin v19.4 - https:\/\/yoast.com\/wordpress\/plugins\/seo\/ -->\n<title>Tektorado 0044 Traktorrrrr Kartonspielzeug, Mehrfarbig, Einheitsgr\u00f6\u00dfe - Selleetools.com<\/title>\n<meta name=\"robots\" content=\"index, follow, max-snippet:-1, max-image-preview:large, max-video-preview:-1\" \/>\n<link rel=\"canonical\" href=\"https:\/\/admincentral.selleetools.com\/product\/tektorado-0044-traktorrrrr-kartonspielzeug-mehrfarbig-einheitsgrose\/\" \/>\n<meta property=\"og:locale\" content=\"pl_PL\" \/>\n<meta property=\"og:type\" content=\"article\" \/>\n<meta property=\"og:title\" content=\"Tektorado 0044 Traktorrrrr Kartonspielzeug, Mehrfarbig, Einheitsgr\u00f6\u00dfe - Selleetools.com\" \/>\n<meta property=\"og:description\" content=\"FeaturesAus 5-lagigem Wellpappe, zum Zusammenklappen und Ausmalen.Erh\u00e4ltlich mit 1 wei\u00dfen Traktoren, Set mit Aufklebern, kann verwendet werden, um den Traktor zu dekorieren.Produktabmessungen: 42 x 35 x 42 cm. Nach dem Zusammenklappen sieht das wirklich aus, aber lustig, spielen und lehren.Kann auch mit Ihren Kindern dar\u00fcber sprechen, warum ein Traktor auf dem Land n\u00fctzlich ist und ... Read moreTektorado 0044 Traktorrrrr Kartonspielzeug, Mehrfarbig, Einheitsgr\u00f6\u00dfe\" \/>\n<meta property=\"og:url\" content=\"https:\/\/admincentral.selleetools.com\/product\/tektorado-0044-traktorrrrr-kartonspielzeug-mehrfarbig-einheitsgrose\/\" \/>\n<meta property=\"og:site_name\" content=\"Selleetools.com\" \/>\n<meta property=\"article:modified_time\" content=\"2025-05-28T10:35:59+00:00\" \/>\n<meta property=\"og:image\" content=\"https:\/\/selleetools.com\/wp-content\/uploads\/2023\/08\/41ZaKdqwfBL.jpg\" \/>\n\t<meta property=\"og:image:width\" content=\"500\" \/>\n\t<meta property=\"og:image:height\" content=\"500\" \/>\n\t<meta property=\"og:image:type\" content=\"image\/jpeg\" \/>\n<meta name=\"twitter:card\" content=\"summary_large_image\" \/>\n<!-- \/ Yoast SEO plugin. -->","yoast_head_json":{"title":"Tektorado 0044 Traktorrrrr Kartonspielzeug, Mehrfarbig, Einheitsgr\u00f6\u00dfe - Selleetools.com","robots":{"index":"index","follow":"follow","max-snippet":"max-snippet:-1","max-image-preview":"max-image-preview:large","max-video-preview":"max-video-preview:-1"},"canonical":"https:\/\/admincentral.selleetools.com\/product\/tektorado-0044-traktorrrrr-kartonspielzeug-mehrfarbig-einheitsgrose\/","og_locale":"pl_PL","og_type":"article","og_title":"Tektorado 0044 Traktorrrrr Kartonspielzeug, Mehrfarbig, Einheitsgr\u00f6\u00dfe - Selleetools.com","og_description":"FeaturesAus 5-lagigem Wellpappe, zum Zusammenklappen und Ausmalen.Erh\u00e4ltlich mit 1 wei\u00dfen Traktoren, Set mit Aufklebern, kann verwendet werden, um den Traktor zu dekorieren.Produktabmessungen: 42 x 35 x 42 cm. Nach dem Zusammenklappen sieht das wirklich aus, aber lustig, spielen und lehren.Kann auch mit Ihren Kindern dar\u00fcber sprechen, warum ein Traktor auf dem Land n\u00fctzlich ist und ... Read moreTektorado 0044 Traktorrrrr Kartonspielzeug, Mehrfarbig, Einheitsgr\u00f6\u00dfe","og_url":"https:\/\/admincentral.selleetools.com\/product\/tektorado-0044-traktorrrrr-kartonspielzeug-mehrfarbig-einheitsgrose\/","og_site_name":"Selleetools.com","article_modified_time":"2025-05-28T10:35:59+00:00","og_image":[{"width":500,"height":500,"url":"https:\/\/selleetools.com\/wp-content\/uploads\/2023\/08\/41ZaKdqwfBL.jpg","type":"image\/jpeg"}],"twitter_card":"summary_large_image","schema":{"@context":"https:\/\/schema.org","@graph":[{"@type":"Organization","@id":"https:\/\/selleetools.com\/#organization","name":"Selleetools","url":"https:\/\/selleetools.com\/","sameAs":[],"logo":{"@type":"ImageObject","inLanguage":"pl-PL","@id":"https:\/\/selleetools.com\/#\/schema\/logo\/image\/","url":"https:\/\/selleetools.com\/wp-content\/uploads\/2021\/10\/logo-dark.png","contentUrl":"https:\/\/selleetools.com\/wp-content\/uploads\/2021\/10\/logo-dark.png","width":320,"height":76,"caption":"Selleetools"},"image":{"@id":"https:\/\/selleetools.com\/#\/schema\/logo\/image\/"}},{"@type":"WebSite","@id":"https:\/\/selleetools.com\/#website","url":"https:\/\/selleetools.com\/","name":"Selleetools.com","description":"","publisher":{"@id":"https:\/\/selleetools.com\/#organization"},"potentialAction":[{"@type":"SearchAction","target":{"@type":"EntryPoint","urlTemplate":"https:\/\/selleetools.com\/?s={search_term_string}"},"query-input":"required name=search_term_string"}],"inLanguage":"pl-PL"},{"@type":"WebPage","@id":"https:\/\/admincentral.selleetools.com\/product\/tektorado-0044-traktorrrrr-kartonspielzeug-mehrfarbig-einheitsgrose\/","url":"https:\/\/admincentral.selleetools.com\/product\/tektorado-0044-traktorrrrr-kartonspielzeug-mehrfarbig-einheitsgrose\/","name":"Tektorado 0044 Traktorrrrr Kartonspielzeug, Mehrfarbig, Einheitsgr\u00f6\u00dfe - Selleetools.com","isPartOf":{"@id":"https:\/\/selleetools.com\/#website"},"datePublished":"2023-08-17T09:06:10+00:00","dateModified":"2025-05-28T10:35:59+00:00","breadcrumb":{"@id":"https:\/\/admincentral.selleetools.com\/product\/tektorado-0044-traktorrrrr-kartonspielzeug-mehrfarbig-einheitsgrose\/#breadcrumb"},"inLanguage":"pl-PL","potentialAction":[{"@type":"ReadAction","target":["https:\/\/admincentral.selleetools.com\/product\/tektorado-0044-traktorrrrr-kartonspielzeug-mehrfarbig-einheitsgrose\/"]}]},{"@type":"BreadcrumbList","@id":"https:\/\/admincentral.selleetools.com\/product\/tektorado-0044-traktorrrrr-kartonspielzeug-mehrfarbig-einheitsgrose\/#breadcrumb","itemListElement":[{"@type":"ListItem","position":1,"name":"Home","item":"https:\/\/selleetools.com\/pl\/"},{"@type":"ListItem","position":2,"name":"Katalog","item":"https:\/\/selleetools.com\/pl\/katalog\/"},{"@type":"ListItem","position":3,"name":"Tektorado 0044 Traktorrrrr Kartonspielzeug, Mehrfarbig, Einheitsgr\u00f6\u00dfe"}]}]}},"_links":{"self":[{"href":"https:\/\/admincentral.selleetools.com\/pl\/wp-json\/wp\/v2\/product\/285166"}],"collection":[{"href":"https:\/\/admincentral.selleetools.com\/pl\/wp-json\/wp\/v2\/product"}],"about":[{"href":"https:\/\/admincentral.selleetools.com\/pl\/wp-json\/wp\/v2\/types\/product"}],"replies":[{"embeddable":true,"href":"https:\/\/admincentral.selleetools.com\/pl\/wp-json\/wp\/v2\/comments?post=285166"}],"wp:featuredmedia":[{"embeddable":true,"href":"https:\/\/admincentral.selleetools.com\/pl\/wp-json\/wp\/v2\/media\/287359"}],"wp:attachment":[{"href":"https:\/\/admincentral.selleetools.com\/pl\/wp-json\/wp\/v2\/media?parent=285166"}],"curies":[{"name":"wp","href":"https:\/\/api.w.org\/{rel}","templated":true}]}}