{"id":285228,"date":"2023-08-17T11:06:35","date_gmt":"2023-08-17T09:06:35","guid":{"rendered":"https:\/\/selleetools.com\/?post_type=product&#038;p=285228"},"modified":"2024-11-19T10:33:12","modified_gmt":"2024-11-19T09:33:12","slug":"tektorado-0016-hauskarten-spielzeug-mehrfarbig-einheitsgrose","status":"publish","type":"product","link":"https:\/\/admincentral.selleetools.com\/pl\/product\/tektorado-0016-hauskarten-spielzeug-mehrfarbig-einheitsgrose\/","title":{"rendered":"Tektorado 0016 Hauskarten-Spielzeug, Mehrfarbig, Einheitsgr\u00f6\u00dfe"},"content":{"rendered":"<p>FeaturesAus 5-lagigem Wellpappe, zum Zusammenklappen und Ausmalen.Erh\u00e4ltlich mit 1 Farbe und Spielhaus, Buntstifte sind nicht im Lieferumfang enthalten, Produktabmessungen haben 133 x 105 x 133 cm. Nach dem Zusammenklappen.Dies ist eine Idee f\u00fcr gro\u00dfen Spa\u00df, sowohl zu Hause als auch im Garten. Langlebiger Karton funktioniert gut.Nehmen Sie die Rolle der Architekten, gestalten Sie Ihre eigene Wohnung mit jedem Farbdach, Rolll\u00e4den und W\u00e4nden, kreatives Spielen.Es lohnt sich, hervorzuheben, dass diese Spielzeuge eine einzigartige Alternative sind, die Generationen von Kindern mit ihnen vereint und f\u00fcr Kinder im Alter von 2 bis 10 Jahren geeignet ist.<\/p>\n","protected":false},"excerpt":{"rendered":"<p>FeaturesAus 5-lagigem Wellpappe, zum Zusammenklappen und Ausmalen.Erh\u00e4ltlich mit 1 Farbe und Spielhaus, Buntstifte sind nicht im Lieferumfang enthalten, Produktabmessungen haben 133 x 105 x 133 cm. Nach dem Zusammenklappen.Dies ist eine Idee f\u00fcr gro\u00dfen Spa\u00df, sowohl zu Hause als auch im Garten. Langlebiger Karton funktioniert gut.Nehmen Sie die Rolle der Architekten, gestalten Sie Ihre eigene &#8230; <a title=\"Tektorado 0016 Hauskarten-Spielzeug, Mehrfarbig, Einheitsgr\u00f6\u00dfe\" class=\"read-more\" href=\"https:\/\/admincentral.selleetools.com\/pl\/product\/tektorado-0016-hauskarten-spielzeug-mehrfarbig-einheitsgrose\/\">Read more<span class=\"screen-reader-text\">Tektorado 0016 Hauskarten-Spielzeug, Mehrfarbig, Einheitsgr\u00f6\u00dfe<\/span><\/a><\/p>\n","protected":false},"featured_media":287417,"comment_status":"open","ping_status":"closed","template":"","meta":{"_links_to":"","_links_to_target":""},"yoast_head":"<!-- This site is optimized with the Yoast SEO plugin v19.4 - https:\/\/yoast.com\/wordpress\/plugins\/seo\/ -->\n<title>Tektorado 0016 Hauskarten-Spielzeug, Mehrfarbig, Einheitsgr\u00f6\u00dfe - Selleetools.com<\/title>\n<meta name=\"robots\" content=\"index, follow, max-snippet:-1, max-image-preview:large, max-video-preview:-1\" \/>\n<link rel=\"canonical\" href=\"https:\/\/selleetools.com\/product\/tektorado-0016-hauskarten-spielzeug-mehrfarbig-einheitsgrose\/\" \/>\n<meta property=\"og:locale\" content=\"pl_PL\" \/>\n<meta property=\"og:type\" content=\"article\" \/>\n<meta property=\"og:title\" content=\"Tektorado 0016 Hauskarten-Spielzeug, Mehrfarbig, Einheitsgr\u00f6\u00dfe - Selleetools.com\" \/>\n<meta property=\"og:description\" content=\"FeaturesAus 5-lagigem Wellpappe, zum Zusammenklappen und Ausmalen.Erh\u00e4ltlich mit 1 Farbe und Spielhaus, Buntstifte sind nicht im Lieferumfang enthalten, Produktabmessungen haben 133 x 105 x 133 cm. Nach dem Zusammenklappen.Dies ist eine Idee f\u00fcr gro\u00dfen Spa\u00df, sowohl zu Hause als auch im Garten. Langlebiger Karton funktioniert gut.Nehmen Sie die Rolle der Architekten, gestalten Sie Ihre eigene ... Read moreTektorado 0016 Hauskarten-Spielzeug, Mehrfarbig, Einheitsgr\u00f6\u00dfe\" \/>\n<meta property=\"og:url\" content=\"https:\/\/selleetools.com\/product\/tektorado-0016-hauskarten-spielzeug-mehrfarbig-einheitsgrose\/\" \/>\n<meta property=\"og:site_name\" content=\"Selleetools.com\" \/>\n<meta property=\"article:modified_time\" content=\"2024-11-19T09:33:12+00:00\" \/>\n<meta property=\"og:image\" content=\"https:\/\/selleetools.com\/wp-content\/uploads\/2023\/08\/81fhQ1+MdcL.jpg\" \/>\n\t<meta property=\"og:image:width\" content=\"2560\" \/>\n\t<meta property=\"og:image:height\" content=\"1977\" \/>\n\t<meta property=\"og:image:type\" content=\"image\/jpeg\" \/>\n<meta name=\"twitter:card\" content=\"summary_large_image\" \/>\n<!-- \/ Yoast SEO plugin. -->","yoast_head_json":{"title":"Tektorado 0016 Hauskarten-Spielzeug, Mehrfarbig, Einheitsgr\u00f6\u00dfe - Selleetools.com","robots":{"index":"index","follow":"follow","max-snippet":"max-snippet:-1","max-image-preview":"max-image-preview:large","max-video-preview":"max-video-preview:-1"},"canonical":"https:\/\/selleetools.com\/product\/tektorado-0016-hauskarten-spielzeug-mehrfarbig-einheitsgrose\/","og_locale":"pl_PL","og_type":"article","og_title":"Tektorado 0016 Hauskarten-Spielzeug, Mehrfarbig, Einheitsgr\u00f6\u00dfe - Selleetools.com","og_description":"FeaturesAus 5-lagigem Wellpappe, zum Zusammenklappen und Ausmalen.Erh\u00e4ltlich mit 1 Farbe und Spielhaus, Buntstifte sind nicht im Lieferumfang enthalten, Produktabmessungen haben 133 x 105 x 133 cm. Nach dem Zusammenklappen.Dies ist eine Idee f\u00fcr gro\u00dfen Spa\u00df, sowohl zu Hause als auch im Garten. Langlebiger Karton funktioniert gut.Nehmen Sie die Rolle der Architekten, gestalten Sie Ihre eigene ... Read moreTektorado 0016 Hauskarten-Spielzeug, Mehrfarbig, Einheitsgr\u00f6\u00dfe","og_url":"https:\/\/selleetools.com\/product\/tektorado-0016-hauskarten-spielzeug-mehrfarbig-einheitsgrose\/","og_site_name":"Selleetools.com","article_modified_time":"2024-11-19T09:33:12+00:00","og_image":[{"width":2560,"height":1977,"url":"https:\/\/selleetools.com\/wp-content\/uploads\/2023\/08\/81fhQ1+MdcL.jpg","type":"image\/jpeg"}],"twitter_card":"summary_large_image","schema":{"@context":"https:\/\/schema.org","@graph":[{"@type":"Organization","@id":"https:\/\/selleetools.com\/#organization","name":"Selleetools","url":"https:\/\/selleetools.com\/","sameAs":[],"logo":{"@type":"ImageObject","inLanguage":"pl-PL","@id":"https:\/\/selleetools.com\/#\/schema\/logo\/image\/","url":"https:\/\/selleetools.com\/wp-content\/uploads\/2021\/10\/logo-dark.png","contentUrl":"https:\/\/selleetools.com\/wp-content\/uploads\/2021\/10\/logo-dark.png","width":320,"height":76,"caption":"Selleetools"},"image":{"@id":"https:\/\/selleetools.com\/#\/schema\/logo\/image\/"}},{"@type":"WebSite","@id":"https:\/\/selleetools.com\/#website","url":"https:\/\/selleetools.com\/","name":"Selleetools.com","description":"","publisher":{"@id":"https:\/\/selleetools.com\/#organization"},"potentialAction":[{"@type":"SearchAction","target":{"@type":"EntryPoint","urlTemplate":"https:\/\/selleetools.com\/?s={search_term_string}"},"query-input":"required name=search_term_string"}],"inLanguage":"pl-PL"},{"@type":"WebPage","@id":"https:\/\/selleetools.com\/product\/tektorado-0016-hauskarten-spielzeug-mehrfarbig-einheitsgrose\/","url":"https:\/\/selleetools.com\/product\/tektorado-0016-hauskarten-spielzeug-mehrfarbig-einheitsgrose\/","name":"Tektorado 0016 Hauskarten-Spielzeug, Mehrfarbig, Einheitsgr\u00f6\u00dfe - Selleetools.com","isPartOf":{"@id":"https:\/\/selleetools.com\/#website"},"datePublished":"2023-08-17T09:06:35+00:00","dateModified":"2024-11-19T09:33:12+00:00","breadcrumb":{"@id":"https:\/\/selleetools.com\/product\/tektorado-0016-hauskarten-spielzeug-mehrfarbig-einheitsgrose\/#breadcrumb"},"inLanguage":"pl-PL","potentialAction":[{"@type":"ReadAction","target":["https:\/\/selleetools.com\/product\/tektorado-0016-hauskarten-spielzeug-mehrfarbig-einheitsgrose\/"]}]},{"@type":"BreadcrumbList","@id":"https:\/\/selleetools.com\/product\/tektorado-0016-hauskarten-spielzeug-mehrfarbig-einheitsgrose\/#breadcrumb","itemListElement":[{"@type":"ListItem","position":1,"name":"Home","item":"https:\/\/selleetools.com\/pl\/"},{"@type":"ListItem","position":2,"name":"Katalog","item":"https:\/\/selleetools.com\/pl\/katalog\/"},{"@type":"ListItem","position":3,"name":"Tektorado 0016 Hauskarten-Spielzeug, Mehrfarbig, Einheitsgr\u00f6\u00dfe"}]}]}},"_links":{"self":[{"href":"https:\/\/admincentral.selleetools.com\/pl\/wp-json\/wp\/v2\/product\/285228"}],"collection":[{"href":"https:\/\/admincentral.selleetools.com\/pl\/wp-json\/wp\/v2\/product"}],"about":[{"href":"https:\/\/admincentral.selleetools.com\/pl\/wp-json\/wp\/v2\/types\/product"}],"replies":[{"embeddable":true,"href":"https:\/\/admincentral.selleetools.com\/pl\/wp-json\/wp\/v2\/comments?post=285228"}],"wp:featuredmedia":[{"embeddable":true,"href":"https:\/\/admincentral.selleetools.com\/pl\/wp-json\/wp\/v2\/media\/287417"}],"wp:attachment":[{"href":"https:\/\/admincentral.selleetools.com\/pl\/wp-json\/wp\/v2\/media?parent=285228"}],"curies":[{"name":"wp","href":"https:\/\/api.w.org\/{rel}","templated":true}]}}