{"id":285259,"date":"2023-08-17T11:06:44","date_gmt":"2023-08-17T09:06:44","guid":{"rendered":"https:\/\/selleetools.com\/?post_type=product&#038;p=285259"},"modified":"2023-12-05T12:58:44","modified_gmt":"2023-12-05T11:58:44","slug":"legler-10015-spielhaus-hauschen-aus-bastelkarton","status":"publish","type":"product","link":"https:\/\/admincentral.selleetools.com\/pl\/product\/legler-10015-spielhaus-hauschen-aus-bastelkarton\/","title":{"rendered":"Legler 10015 &#8211; Spielhaus, H\u00e4uschen, aus Bastelkarton"},"content":{"rendered":"<p>Featuressetzt der Fanatsie und pers\u00f6nlichem Geschmack keine Grenzenkreative Besch\u00e4ftigung f\u00fcr Kinderschneller und einfacher Aufbaugeeignet zum Bemalen mit Wachsmal-, Filz- und Buntstiftenausgestanzte T\u00fcr und Fenster lassen sich \u00f6ffnen und schlie\u00dfenDies ist aus Pappe und l\u00e4sst sich ganz wunderbar zusammenbauenDas Tolle: es l\u00e4sst sich mit Wachsmal-, Filz- und Buntstiften ganz individuell gestaltenAbmessungen: ca. 87 x 71 x 88 cm<\/p>\n","protected":false},"excerpt":{"rendered":"<p>Featuressetzt der Fanatsie und pers\u00f6nlichem Geschmack keine Grenzenkreative Besch\u00e4ftigung f\u00fcr Kinderschneller und einfacher Aufbaugeeignet zum Bemalen mit Wachsmal-, Filz- und Buntstiftenausgestanzte T\u00fcr und Fenster lassen sich \u00f6ffnen und schlie\u00dfenDies ist aus Pappe und l\u00e4sst sich ganz wunderbar zusammenbauenDas Tolle: es l\u00e4sst sich mit Wachsmal-, Filz- und Buntstiften ganz individuell gestaltenAbmessungen: ca. 87 x 71 x &#8230; <a title=\"Legler 10015 &#8211; Spielhaus, H\u00e4uschen, aus Bastelkarton\" class=\"read-more\" href=\"https:\/\/admincentral.selleetools.com\/pl\/product\/legler-10015-spielhaus-hauschen-aus-bastelkarton\/\">Read more<span class=\"screen-reader-text\">Legler 10015 &#8211; Spielhaus, H\u00e4uschen, aus Bastelkarton<\/span><\/a><\/p>\n","protected":false},"featured_media":287447,"comment_status":"open","ping_status":"closed","template":"","meta":{"_links_to":"","_links_to_target":""},"yoast_head":"<!-- This site is optimized with the Yoast SEO plugin v19.4 - https:\/\/yoast.com\/wordpress\/plugins\/seo\/ -->\n<title>Legler 10015 - Spielhaus, H\u00e4uschen, aus Bastelkarton - Selleetools.com<\/title>\n<meta name=\"robots\" content=\"index, follow, max-snippet:-1, max-image-preview:large, max-video-preview:-1\" \/>\n<link rel=\"canonical\" href=\"https:\/\/admincentral.selleetools.com\/product\/legler-10015-spielhaus-hauschen-aus-bastelkarton\/\" \/>\n<meta property=\"og:locale\" content=\"pl_PL\" \/>\n<meta property=\"og:type\" content=\"article\" \/>\n<meta property=\"og:title\" content=\"Legler 10015 - Spielhaus, H\u00e4uschen, aus Bastelkarton - Selleetools.com\" \/>\n<meta property=\"og:description\" content=\"Featuressetzt der Fanatsie und pers\u00f6nlichem Geschmack keine Grenzenkreative Besch\u00e4ftigung f\u00fcr Kinderschneller und einfacher Aufbaugeeignet zum Bemalen mit Wachsmal-, Filz- und Buntstiftenausgestanzte T\u00fcr und Fenster lassen sich \u00f6ffnen und schlie\u00dfenDies ist aus Pappe und l\u00e4sst sich ganz wunderbar zusammenbauenDas Tolle: es l\u00e4sst sich mit Wachsmal-, Filz- und Buntstiften ganz individuell gestaltenAbmessungen: ca. 87 x 71 x ... Read moreLegler 10015 &#8211; Spielhaus, H\u00e4uschen, aus Bastelkarton\" \/>\n<meta property=\"og:url\" content=\"https:\/\/admincentral.selleetools.com\/product\/legler-10015-spielhaus-hauschen-aus-bastelkarton\/\" \/>\n<meta property=\"og:site_name\" content=\"Selleetools.com\" \/>\n<meta property=\"article:modified_time\" content=\"2023-12-05T11:58:44+00:00\" \/>\n<meta property=\"og:image\" content=\"https:\/\/selleetools.com\/wp-content\/uploads\/2023\/08\/61+1j+i4hFL.jpg\" \/>\n\t<meta property=\"og:image:width\" content=\"1024\" \/>\n\t<meta property=\"og:image:height\" content=\"768\" \/>\n\t<meta property=\"og:image:type\" content=\"image\/jpeg\" \/>\n<meta name=\"twitter:card\" content=\"summary_large_image\" \/>\n<!-- \/ Yoast SEO plugin. -->","yoast_head_json":{"title":"Legler 10015 - Spielhaus, H\u00e4uschen, aus Bastelkarton - Selleetools.com","robots":{"index":"index","follow":"follow","max-snippet":"max-snippet:-1","max-image-preview":"max-image-preview:large","max-video-preview":"max-video-preview:-1"},"canonical":"https:\/\/admincentral.selleetools.com\/product\/legler-10015-spielhaus-hauschen-aus-bastelkarton\/","og_locale":"pl_PL","og_type":"article","og_title":"Legler 10015 - Spielhaus, H\u00e4uschen, aus Bastelkarton - Selleetools.com","og_description":"Featuressetzt der Fanatsie und pers\u00f6nlichem Geschmack keine Grenzenkreative Besch\u00e4ftigung f\u00fcr Kinderschneller und einfacher Aufbaugeeignet zum Bemalen mit Wachsmal-, Filz- und Buntstiftenausgestanzte T\u00fcr und Fenster lassen sich \u00f6ffnen und schlie\u00dfenDies ist aus Pappe und l\u00e4sst sich ganz wunderbar zusammenbauenDas Tolle: es l\u00e4sst sich mit Wachsmal-, Filz- und Buntstiften ganz individuell gestaltenAbmessungen: ca. 87 x 71 x ... Read moreLegler 10015 &#8211; Spielhaus, H\u00e4uschen, aus Bastelkarton","og_url":"https:\/\/admincentral.selleetools.com\/product\/legler-10015-spielhaus-hauschen-aus-bastelkarton\/","og_site_name":"Selleetools.com","article_modified_time":"2023-12-05T11:58:44+00:00","og_image":[{"width":1024,"height":768,"url":"https:\/\/selleetools.com\/wp-content\/uploads\/2023\/08\/61+1j+i4hFL.jpg","type":"image\/jpeg"}],"twitter_card":"summary_large_image","schema":{"@context":"https:\/\/schema.org","@graph":[{"@type":"Organization","@id":"https:\/\/selleetools.com\/#organization","name":"Selleetools","url":"https:\/\/selleetools.com\/","sameAs":[],"logo":{"@type":"ImageObject","inLanguage":"pl-PL","@id":"https:\/\/selleetools.com\/#\/schema\/logo\/image\/","url":"https:\/\/selleetools.com\/wp-content\/uploads\/2021\/10\/logo-dark.png","contentUrl":"https:\/\/selleetools.com\/wp-content\/uploads\/2021\/10\/logo-dark.png","width":320,"height":76,"caption":"Selleetools"},"image":{"@id":"https:\/\/selleetools.com\/#\/schema\/logo\/image\/"}},{"@type":"WebSite","@id":"https:\/\/selleetools.com\/#website","url":"https:\/\/selleetools.com\/","name":"Selleetools.com","description":"","publisher":{"@id":"https:\/\/selleetools.com\/#organization"},"potentialAction":[{"@type":"SearchAction","target":{"@type":"EntryPoint","urlTemplate":"https:\/\/selleetools.com\/?s={search_term_string}"},"query-input":"required name=search_term_string"}],"inLanguage":"pl-PL"},{"@type":"WebPage","@id":"https:\/\/admincentral.selleetools.com\/product\/legler-10015-spielhaus-hauschen-aus-bastelkarton\/","url":"https:\/\/admincentral.selleetools.com\/product\/legler-10015-spielhaus-hauschen-aus-bastelkarton\/","name":"Legler 10015 - Spielhaus, H\u00e4uschen, aus Bastelkarton - Selleetools.com","isPartOf":{"@id":"https:\/\/selleetools.com\/#website"},"datePublished":"2023-08-17T09:06:44+00:00","dateModified":"2023-12-05T11:58:44+00:00","breadcrumb":{"@id":"https:\/\/admincentral.selleetools.com\/product\/legler-10015-spielhaus-hauschen-aus-bastelkarton\/#breadcrumb"},"inLanguage":"pl-PL","potentialAction":[{"@type":"ReadAction","target":["https:\/\/admincentral.selleetools.com\/product\/legler-10015-spielhaus-hauschen-aus-bastelkarton\/"]}]},{"@type":"BreadcrumbList","@id":"https:\/\/admincentral.selleetools.com\/product\/legler-10015-spielhaus-hauschen-aus-bastelkarton\/#breadcrumb","itemListElement":[{"@type":"ListItem","position":1,"name":"Home","item":"https:\/\/selleetools.com\/pl\/"},{"@type":"ListItem","position":2,"name":"Katalog","item":"https:\/\/selleetools.com\/pl\/katalog\/"},{"@type":"ListItem","position":3,"name":"Legler 10015 &#8211; Spielhaus, H\u00e4uschen, aus Bastelkarton"}]}]}},"_links":{"self":[{"href":"https:\/\/admincentral.selleetools.com\/pl\/wp-json\/wp\/v2\/product\/285259"}],"collection":[{"href":"https:\/\/admincentral.selleetools.com\/pl\/wp-json\/wp\/v2\/product"}],"about":[{"href":"https:\/\/admincentral.selleetools.com\/pl\/wp-json\/wp\/v2\/types\/product"}],"replies":[{"embeddable":true,"href":"https:\/\/admincentral.selleetools.com\/pl\/wp-json\/wp\/v2\/comments?post=285259"}],"wp:featuredmedia":[{"embeddable":true,"href":"https:\/\/admincentral.selleetools.com\/pl\/wp-json\/wp\/v2\/media\/287447"}],"wp:attachment":[{"href":"https:\/\/admincentral.selleetools.com\/pl\/wp-json\/wp\/v2\/media?parent=285259"}],"curies":[{"name":"wp","href":"https:\/\/api.w.org\/{rel}","templated":true}]}}