{"id":292815,"date":"2023-10-08T11:24:05","date_gmt":"2023-10-08T09:24:05","guid":{"rendered":"https:\/\/selleetools.com\/?post_type=product&#038;p=292815"},"modified":"2023-11-25T12:24:58","modified_gmt":"2023-11-25T11:24:58","slug":"joanna-professional-hair-styling-lotion-very-strong-1000ml","status":"publish","type":"product","link":"https:\/\/admincentral.selleetools.com\/pl\/product\/joanna-professional-hair-styling-lotion-very-strong-1000ml\/","title":{"rendered":"JOANNA PROFESSIONAL Hair styling lotion &#8211; very strong 1000ml"},"content":{"rendered":"<p><span style=\"vertical-align: inherit\"><span style=\"vertical-align: inherit\">Zaprojektowany, aby stylizowa\u0107 ka\u017cdy rodzaj w\u0142os\u00f3w, ten bardzo mocny balsam nadaje im naturalny i d\u0142ugotrwa\u0142y po\u0142ysk, nie obci\u0105\u017caj\u0105c ich. <\/span><span style=\"vertical-align: inherit\">U\u0142atwia stylizacj\u0119.D\u0142ugotrwa\u0142e utrwalenie.B\u0142yszcz\u0105cy efekt. <\/span><span style=\"vertical-align: inherit\">Nie jest ju\u017c trudniej. <\/span><span style=\"vertical-align: inherit\">Polecany do ka\u017cdego rodzaju w\u0142os\u00f3w. <\/span><span style=\"vertical-align: inherit\">Dodatkowo prowitamina B5 wzmacnia i zapewnia silne nawil\u017cenie. <\/span><span style=\"vertical-align: inherit\">Stosowanie: Rozpyli\u0107 na suche lub wilgotne w\u0142osy z odleg\u0142o\u015bci 15 &#8211; 20 cm. <\/span><span style=\"vertical-align: inherit\">Stylizuj w\u0142osy, uzyskuj\u0105c po\u017c\u0105dany efekt. <\/span><span style=\"vertical-align: inherit\">Rezultat: fryzura trwa\u0142a, ale pozostaj\u0105ca lekka i wierna naturze. <\/span><span style=\"vertical-align: inherit\">Dla uzyskania optymalnego efektu zaleca si\u0119 stosowanie innych produkt\u00f3w z tej samej serii.W\u0142a\u015bciwo\u015bciU\u0142atwia stylizacj\u0119Uwydatniony wysoki po\u0142yskPolecany do ka\u017cdego rodzaju w\u0142os\u00f3w<\/span><\/span><\/p>\n","protected":false},"excerpt":{"rendered":"<p>Zaprojektowany, aby stylizowa\u0107 ka\u017cdy rodzaj w\u0142os\u00f3w, ten bardzo mocny balsam nadaje im naturalny i d\u0142ugotrwa\u0142y po\u0142ysk, nie obci\u0105\u017caj\u0105c ich. U\u0142atwia stylizacj\u0119.D\u0142ugotrwa\u0142e utrwalenie.B\u0142yszcz\u0105cy efekt. Nie jest ju\u017c trudniej. Polecany do ka\u017cdego rodzaju w\u0142os\u00f3w. Dodatkowo prowitamina B5 wzmacnia i zapewnia silne nawil\u017cenie. Stosowanie: Rozpyli\u0107 na suche lub wilgotne w\u0142osy z odleg\u0142o\u015bci 15 &#8211; 20 cm. Stylizuj w\u0142osy, &#8230; <a title=\"JOANNA PROFESSIONAL Hair styling lotion &#8211; very strong 1000ml\" class=\"read-more\" href=\"https:\/\/admincentral.selleetools.com\/pl\/product\/joanna-professional-hair-styling-lotion-very-strong-1000ml\/\">Read more<span class=\"screen-reader-text\">JOANNA PROFESSIONAL Hair styling lotion &#8211; very strong 1000ml<\/span><\/a><\/p>\n","protected":false},"featured_media":292811,"comment_status":"closed","ping_status":"closed","template":"","meta":{"_links_to":"","_links_to_target":""},"yoast_head":"<!-- This site is optimized with the Yoast SEO plugin v19.4 - https:\/\/yoast.com\/wordpress\/plugins\/seo\/ -->\n<title>JOANNA PROFESSIONAL Hair styling lotion - very strong 1000ml - Selleetools.com<\/title>\n<meta name=\"robots\" content=\"index, follow, max-snippet:-1, max-image-preview:large, max-video-preview:-1\" \/>\n<link rel=\"canonical\" href=\"https:\/\/selleetools.com\/product\/joanna-professional-hair-styling-lotion-very-strong-1000ml\/\" \/>\n<meta property=\"og:locale\" content=\"pl_PL\" \/>\n<meta property=\"og:type\" content=\"article\" \/>\n<meta property=\"og:title\" content=\"JOANNA PROFESSIONAL Hair styling lotion - very strong 1000ml - Selleetools.com\" \/>\n<meta property=\"og:description\" content=\"Zaprojektowany, aby stylizowa\u0107 ka\u017cdy rodzaj w\u0142os\u00f3w, ten bardzo mocny balsam nadaje im naturalny i d\u0142ugotrwa\u0142y po\u0142ysk, nie obci\u0105\u017caj\u0105c ich. U\u0142atwia stylizacj\u0119.D\u0142ugotrwa\u0142e utrwalenie.B\u0142yszcz\u0105cy efekt. Nie jest ju\u017c trudniej. Polecany do ka\u017cdego rodzaju w\u0142os\u00f3w. Dodatkowo prowitamina B5 wzmacnia i zapewnia silne nawil\u017cenie. Stosowanie: Rozpyli\u0107 na suche lub wilgotne w\u0142osy z odleg\u0142o\u015bci 15 &#8211; 20 cm. Stylizuj w\u0142osy, ... Read moreJOANNA PROFESSIONAL Hair styling lotion &#8211; very strong 1000ml\" \/>\n<meta property=\"og:url\" content=\"https:\/\/selleetools.com\/product\/joanna-professional-hair-styling-lotion-very-strong-1000ml\/\" \/>\n<meta property=\"og:site_name\" content=\"Selleetools.com\" \/>\n<meta property=\"article:modified_time\" content=\"2023-11-25T11:24:58+00:00\" \/>\n<meta property=\"og:image\" content=\"https:\/\/selleetools.com\/wp-content\/uploads\/2023\/10\/314PO2VNTLL.jpg\" \/>\n\t<meta property=\"og:image:width\" content=\"438\" \/>\n\t<meta property=\"og:image:height\" content=\"500\" \/>\n\t<meta property=\"og:image:type\" content=\"image\/jpeg\" \/>\n<meta name=\"twitter:card\" content=\"summary_large_image\" \/>\n<meta name=\"twitter:label1\" content=\"Est. reading time\" \/>\n\t<meta name=\"twitter:data1\" content=\"1 minuta\" \/>\n<!-- \/ Yoast SEO plugin. -->","yoast_head_json":{"title":"JOANNA PROFESSIONAL Hair styling lotion - very strong 1000ml - Selleetools.com","robots":{"index":"index","follow":"follow","max-snippet":"max-snippet:-1","max-image-preview":"max-image-preview:large","max-video-preview":"max-video-preview:-1"},"canonical":"https:\/\/selleetools.com\/product\/joanna-professional-hair-styling-lotion-very-strong-1000ml\/","og_locale":"pl_PL","og_type":"article","og_title":"JOANNA PROFESSIONAL Hair styling lotion - very strong 1000ml - Selleetools.com","og_description":"Zaprojektowany, aby stylizowa\u0107 ka\u017cdy rodzaj w\u0142os\u00f3w, ten bardzo mocny balsam nadaje im naturalny i d\u0142ugotrwa\u0142y po\u0142ysk, nie obci\u0105\u017caj\u0105c ich. U\u0142atwia stylizacj\u0119.D\u0142ugotrwa\u0142e utrwalenie.B\u0142yszcz\u0105cy efekt. Nie jest ju\u017c trudniej. Polecany do ka\u017cdego rodzaju w\u0142os\u00f3w. Dodatkowo prowitamina B5 wzmacnia i zapewnia silne nawil\u017cenie. Stosowanie: Rozpyli\u0107 na suche lub wilgotne w\u0142osy z odleg\u0142o\u015bci 15 &#8211; 20 cm. Stylizuj w\u0142osy, ... Read moreJOANNA PROFESSIONAL Hair styling lotion &#8211; very strong 1000ml","og_url":"https:\/\/selleetools.com\/product\/joanna-professional-hair-styling-lotion-very-strong-1000ml\/","og_site_name":"Selleetools.com","article_modified_time":"2023-11-25T11:24:58+00:00","og_image":[{"width":438,"height":500,"url":"https:\/\/selleetools.com\/wp-content\/uploads\/2023\/10\/314PO2VNTLL.jpg","type":"image\/jpeg"}],"twitter_card":"summary_large_image","twitter_misc":{"Est. reading time":"1 minuta"},"schema":{"@context":"https:\/\/schema.org","@graph":[{"@type":"Organization","@id":"https:\/\/selleetools.com\/#organization","name":"Selleetools","url":"https:\/\/selleetools.com\/","sameAs":[],"logo":{"@type":"ImageObject","inLanguage":"pl-PL","@id":"https:\/\/selleetools.com\/#\/schema\/logo\/image\/","url":"https:\/\/selleetools.com\/wp-content\/uploads\/2021\/10\/logo-dark.png","contentUrl":"https:\/\/selleetools.com\/wp-content\/uploads\/2021\/10\/logo-dark.png","width":320,"height":76,"caption":"Selleetools"},"image":{"@id":"https:\/\/selleetools.com\/#\/schema\/logo\/image\/"}},{"@type":"WebSite","@id":"https:\/\/selleetools.com\/#website","url":"https:\/\/selleetools.com\/","name":"Selleetools.com","description":"","publisher":{"@id":"https:\/\/selleetools.com\/#organization"},"potentialAction":[{"@type":"SearchAction","target":{"@type":"EntryPoint","urlTemplate":"https:\/\/selleetools.com\/?s={search_term_string}"},"query-input":"required name=search_term_string"}],"inLanguage":"pl-PL"},{"@type":"WebPage","@id":"https:\/\/selleetools.com\/product\/joanna-professional-hair-styling-lotion-very-strong-1000ml\/","url":"https:\/\/selleetools.com\/product\/joanna-professional-hair-styling-lotion-very-strong-1000ml\/","name":"JOANNA PROFESSIONAL Hair styling lotion - very strong 1000ml - Selleetools.com","isPartOf":{"@id":"https:\/\/selleetools.com\/#website"},"datePublished":"2023-10-08T09:24:05+00:00","dateModified":"2023-11-25T11:24:58+00:00","breadcrumb":{"@id":"https:\/\/selleetools.com\/product\/joanna-professional-hair-styling-lotion-very-strong-1000ml\/#breadcrumb"},"inLanguage":"pl-PL","potentialAction":[{"@type":"ReadAction","target":["https:\/\/selleetools.com\/product\/joanna-professional-hair-styling-lotion-very-strong-1000ml\/"]}]},{"@type":"BreadcrumbList","@id":"https:\/\/selleetools.com\/product\/joanna-professional-hair-styling-lotion-very-strong-1000ml\/#breadcrumb","itemListElement":[{"@type":"ListItem","position":1,"name":"Home","item":"https:\/\/selleetools.com\/pl\/"},{"@type":"ListItem","position":2,"name":"Katalog","item":"https:\/\/selleetools.com\/pl\/katalog\/"},{"@type":"ListItem","position":3,"name":"JOANNA PROFESSIONAL Hair styling lotion &#8211; very strong 1000ml"}]}]}},"_links":{"self":[{"href":"https:\/\/admincentral.selleetools.com\/pl\/wp-json\/wp\/v2\/product\/292815"}],"collection":[{"href":"https:\/\/admincentral.selleetools.com\/pl\/wp-json\/wp\/v2\/product"}],"about":[{"href":"https:\/\/admincentral.selleetools.com\/pl\/wp-json\/wp\/v2\/types\/product"}],"replies":[{"embeddable":true,"href":"https:\/\/admincentral.selleetools.com\/pl\/wp-json\/wp\/v2\/comments?post=292815"}],"wp:featuredmedia":[{"embeddable":true,"href":"https:\/\/admincentral.selleetools.com\/pl\/wp-json\/wp\/v2\/media\/292811"}],"wp:attachment":[{"href":"https:\/\/admincentral.selleetools.com\/pl\/wp-json\/wp\/v2\/media?parent=292815"}],"curies":[{"name":"wp","href":"https:\/\/api.w.org\/{rel}","templated":true}]}}