{"id":292827,"date":"2023-10-08T11:24:16","date_gmt":"2023-10-08T09:24:16","guid":{"rendered":"https:\/\/selleetools.com\/?post_type=product&#038;p=292827"},"modified":"2023-11-25T12:24:58","modified_gmt":"2023-11-25T11:24:58","slug":"acne-stop-antibakteriell-face-wash-haut-cleanser-make-up-entferner-mit-grunem-tee-500-ml","status":"publish","type":"product","link":"https:\/\/admincentral.selleetools.com\/pl\/product\/acne-stop-antibakteriell-face-wash-haut-cleanser-make-up-entferner-mit-grunem-tee-500-ml\/","title":{"rendered":"acne-stop antibakteriell\u00a0\u2013\u00a0Face Wash\u00a0\u2013\u00a0Haut Cleanser\u00a0\u2013\u00a0Make Up Entferner mit gr\u00fcnem Tee 500\u00a0ML"},"content":{"rendered":"<p>Die nat\u00fcrlich beruhigende und Hydrating Facial Cleanser bietet ganzt\u00e4gigen Schutz und Pflege f\u00fcr die zarte Haut. Ideal f\u00fcr den t\u00e4glichen Gebrauch auf gereizte Haut, es ist sehr beruhigend und ausgleichend. Dieser leichte schnell einziehende Cleanser hat gro\u00dfe nat\u00fcrliche Vorteile von gr\u00fcnem Tee, Mimose und Meer Algen, und ist somit die perfekte Erg\u00e4nzung f\u00fcr Ihre t\u00e4gliche Hautpflege Routine.FeaturesEine wirksame Haut Conditioning Cleanser mit einer Mischung aus gr\u00fcnen Tee, Mimose und Meer Algen, die Unreinheiten effektiv entfernt Make-up und sanft eliminiertDer Deep Moisture ohne st\u00f6renden Ihre Haut. Perfekt reinigt, pflegt und hinterl\u00e4sst ein frisches Hautgef\u00fchl und l\u00e4nger sauberDiese sanfte Face Lotion hat Strong porentiefe Reinigung und gl\u00e4ttende Eigenschaften und es ist geeignet f\u00fcr fettige, unreine und empfindliche HautMassage eine d\u00fcnne Schicht auf das Gesicht und Hals mit einem leichten kreisenden Bewegungen und entfernen mit Kosmetik Watte-Pads<\/p>\n","protected":false},"excerpt":{"rendered":"<p>Die nat\u00fcrlich beruhigende und Hydrating Facial Cleanser bietet ganzt\u00e4gigen Schutz und Pflege f\u00fcr die zarte Haut. Ideal f\u00fcr den t\u00e4glichen Gebrauch auf gereizte Haut, es ist sehr beruhigend und ausgleichend. Dieser leichte schnell einziehende Cleanser hat gro\u00dfe nat\u00fcrliche Vorteile von gr\u00fcnem Tee, Mimose und Meer Algen, und ist somit die perfekte Erg\u00e4nzung f\u00fcr Ihre t\u00e4gliche &#8230; <a title=\"acne-stop antibakteriell\u00a0\u2013\u00a0Face Wash\u00a0\u2013\u00a0Haut Cleanser\u00a0\u2013\u00a0Make Up Entferner mit gr\u00fcnem Tee 500\u00a0ML\" class=\"read-more\" href=\"https:\/\/admincentral.selleetools.com\/pl\/product\/acne-stop-antibakteriell-face-wash-haut-cleanser-make-up-entferner-mit-grunem-tee-500-ml\/\">Read more<span class=\"screen-reader-text\">acne-stop antibakteriell\u00a0\u2013\u00a0Face Wash\u00a0\u2013\u00a0Haut Cleanser\u00a0\u2013\u00a0Make Up Entferner mit gr\u00fcnem Tee 500\u00a0ML<\/span><\/a><\/p>\n","protected":false},"featured_media":292823,"comment_status":"open","ping_status":"closed","template":"","meta":{"_links_to":"","_links_to_target":""},"yoast_head":"<!-- This site is optimized with the Yoast SEO plugin v19.4 - https:\/\/yoast.com\/wordpress\/plugins\/seo\/ -->\n<title>acne-stop antibakteriell\u00a0\u2013\u00a0Face Wash\u00a0\u2013\u00a0Haut Cleanser\u00a0\u2013\u00a0Make Up Entferner mit gr\u00fcnem Tee 500\u00a0ML - Selleetools.com<\/title>\n<meta name=\"robots\" content=\"index, follow, max-snippet:-1, max-image-preview:large, max-video-preview:-1\" \/>\n<link rel=\"canonical\" href=\"https:\/\/admincentral.selleetools.com\/pl\/product\/acne-stop-antibakteriell-face-wash-haut-cleanser-make-up-entferner-mit-grunem-tee-500-ml\/\" \/>\n<meta property=\"og:locale\" content=\"pl_PL\" \/>\n<meta property=\"og:type\" content=\"article\" \/>\n<meta property=\"og:title\" content=\"acne-stop antibakteriell\u00a0\u2013\u00a0Face Wash\u00a0\u2013\u00a0Haut Cleanser\u00a0\u2013\u00a0Make Up Entferner mit gr\u00fcnem Tee 500\u00a0ML - Selleetools.com\" \/>\n<meta property=\"og:description\" content=\"Die nat\u00fcrlich beruhigende und Hydrating Facial Cleanser bietet ganzt\u00e4gigen Schutz und Pflege f\u00fcr die zarte Haut. Ideal f\u00fcr den t\u00e4glichen Gebrauch auf gereizte Haut, es ist sehr beruhigend und ausgleichend. Dieser leichte schnell einziehende Cleanser hat gro\u00dfe nat\u00fcrliche Vorteile von gr\u00fcnem Tee, Mimose und Meer Algen, und ist somit die perfekte Erg\u00e4nzung f\u00fcr Ihre t\u00e4gliche ... Read moreacne-stop antibakteriell\u00a0\u2013\u00a0Face Wash\u00a0\u2013\u00a0Haut Cleanser\u00a0\u2013\u00a0Make Up Entferner mit gr\u00fcnem Tee 500\u00a0ML\" \/>\n<meta property=\"og:url\" content=\"https:\/\/admincentral.selleetools.com\/pl\/product\/acne-stop-antibakteriell-face-wash-haut-cleanser-make-up-entferner-mit-grunem-tee-500-ml\/\" \/>\n<meta property=\"og:site_name\" content=\"Selleetools.com\" \/>\n<meta property=\"article:modified_time\" content=\"2023-11-25T11:24:58+00:00\" \/>\n<meta property=\"og:image\" content=\"https:\/\/selleetools.com\/wp-content\/uploads\/2023\/10\/31FG0kz1TEL.jpg\" \/>\n\t<meta property=\"og:image:width\" content=\"500\" \/>\n\t<meta property=\"og:image:height\" content=\"500\" \/>\n\t<meta property=\"og:image:type\" content=\"image\/jpeg\" \/>\n<meta name=\"twitter:card\" content=\"summary_large_image\" \/>\n<meta name=\"twitter:label1\" content=\"Est. reading time\" \/>\n\t<meta name=\"twitter:data1\" content=\"1 minuta\" \/>\n<!-- \/ Yoast SEO plugin. -->","yoast_head_json":{"title":"acne-stop antibakteriell\u00a0\u2013\u00a0Face Wash\u00a0\u2013\u00a0Haut Cleanser\u00a0\u2013\u00a0Make Up Entferner mit gr\u00fcnem Tee 500\u00a0ML - Selleetools.com","robots":{"index":"index","follow":"follow","max-snippet":"max-snippet:-1","max-image-preview":"max-image-preview:large","max-video-preview":"max-video-preview:-1"},"canonical":"https:\/\/admincentral.selleetools.com\/pl\/product\/acne-stop-antibakteriell-face-wash-haut-cleanser-make-up-entferner-mit-grunem-tee-500-ml\/","og_locale":"pl_PL","og_type":"article","og_title":"acne-stop antibakteriell\u00a0\u2013\u00a0Face Wash\u00a0\u2013\u00a0Haut Cleanser\u00a0\u2013\u00a0Make Up Entferner mit gr\u00fcnem Tee 500\u00a0ML - Selleetools.com","og_description":"Die nat\u00fcrlich beruhigende und Hydrating Facial Cleanser bietet ganzt\u00e4gigen Schutz und Pflege f\u00fcr die zarte Haut. Ideal f\u00fcr den t\u00e4glichen Gebrauch auf gereizte Haut, es ist sehr beruhigend und ausgleichend. Dieser leichte schnell einziehende Cleanser hat gro\u00dfe nat\u00fcrliche Vorteile von gr\u00fcnem Tee, Mimose und Meer Algen, und ist somit die perfekte Erg\u00e4nzung f\u00fcr Ihre t\u00e4gliche ... Read moreacne-stop antibakteriell\u00a0\u2013\u00a0Face Wash\u00a0\u2013\u00a0Haut Cleanser\u00a0\u2013\u00a0Make Up Entferner mit gr\u00fcnem Tee 500\u00a0ML","og_url":"https:\/\/admincentral.selleetools.com\/pl\/product\/acne-stop-antibakteriell-face-wash-haut-cleanser-make-up-entferner-mit-grunem-tee-500-ml\/","og_site_name":"Selleetools.com","article_modified_time":"2023-11-25T11:24:58+00:00","og_image":[{"width":500,"height":500,"url":"https:\/\/selleetools.com\/wp-content\/uploads\/2023\/10\/31FG0kz1TEL.jpg","type":"image\/jpeg"}],"twitter_card":"summary_large_image","twitter_misc":{"Est. reading time":"1 minuta"},"schema":{"@context":"https:\/\/schema.org","@graph":[{"@type":"Organization","@id":"https:\/\/selleetools.com\/#organization","name":"Selleetools","url":"https:\/\/selleetools.com\/","sameAs":[],"logo":{"@type":"ImageObject","inLanguage":"pl-PL","@id":"https:\/\/selleetools.com\/#\/schema\/logo\/image\/","url":"https:\/\/selleetools.com\/wp-content\/uploads\/2021\/10\/logo-dark.png","contentUrl":"https:\/\/selleetools.com\/wp-content\/uploads\/2021\/10\/logo-dark.png","width":320,"height":76,"caption":"Selleetools"},"image":{"@id":"https:\/\/selleetools.com\/#\/schema\/logo\/image\/"}},{"@type":"WebSite","@id":"https:\/\/selleetools.com\/#website","url":"https:\/\/selleetools.com\/","name":"Selleetools.com","description":"","publisher":{"@id":"https:\/\/selleetools.com\/#organization"},"potentialAction":[{"@type":"SearchAction","target":{"@type":"EntryPoint","urlTemplate":"https:\/\/selleetools.com\/?s={search_term_string}"},"query-input":"required name=search_term_string"}],"inLanguage":"pl-PL"},{"@type":"WebPage","@id":"https:\/\/admincentral.selleetools.com\/pl\/product\/acne-stop-antibakteriell-face-wash-haut-cleanser-make-up-entferner-mit-grunem-tee-500-ml\/","url":"https:\/\/admincentral.selleetools.com\/pl\/product\/acne-stop-antibakteriell-face-wash-haut-cleanser-make-up-entferner-mit-grunem-tee-500-ml\/","name":"acne-stop antibakteriell\u00a0\u2013\u00a0Face Wash\u00a0\u2013\u00a0Haut Cleanser\u00a0\u2013\u00a0Make Up Entferner mit gr\u00fcnem Tee 500\u00a0ML - Selleetools.com","isPartOf":{"@id":"https:\/\/selleetools.com\/#website"},"datePublished":"2023-10-08T09:24:16+00:00","dateModified":"2023-11-25T11:24:58+00:00","breadcrumb":{"@id":"https:\/\/admincentral.selleetools.com\/pl\/product\/acne-stop-antibakteriell-face-wash-haut-cleanser-make-up-entferner-mit-grunem-tee-500-ml\/#breadcrumb"},"inLanguage":"pl-PL","potentialAction":[{"@type":"ReadAction","target":["https:\/\/admincentral.selleetools.com\/pl\/product\/acne-stop-antibakteriell-face-wash-haut-cleanser-make-up-entferner-mit-grunem-tee-500-ml\/"]}]},{"@type":"BreadcrumbList","@id":"https:\/\/admincentral.selleetools.com\/pl\/product\/acne-stop-antibakteriell-face-wash-haut-cleanser-make-up-entferner-mit-grunem-tee-500-ml\/#breadcrumb","itemListElement":[{"@type":"ListItem","position":1,"name":"Home","item":"https:\/\/admincentral.selleetools.com\/pl\/"},{"@type":"ListItem","position":2,"name":"Katalog","item":"https:\/\/admincentral.selleetools.com\/pl\/katalog\/"},{"@type":"ListItem","position":3,"name":"acne-stop antibakteriell\u00a0\u2013\u00a0Face Wash\u00a0\u2013\u00a0Haut Cleanser\u00a0\u2013\u00a0Make Up Entferner mit gr\u00fcnem Tee 500\u00a0ML"}]}]}},"_links":{"self":[{"href":"https:\/\/admincentral.selleetools.com\/pl\/wp-json\/wp\/v2\/product\/292827"}],"collection":[{"href":"https:\/\/admincentral.selleetools.com\/pl\/wp-json\/wp\/v2\/product"}],"about":[{"href":"https:\/\/admincentral.selleetools.com\/pl\/wp-json\/wp\/v2\/types\/product"}],"replies":[{"embeddable":true,"href":"https:\/\/admincentral.selleetools.com\/pl\/wp-json\/wp\/v2\/comments?post=292827"}],"wp:featuredmedia":[{"embeddable":true,"href":"https:\/\/admincentral.selleetools.com\/pl\/wp-json\/wp\/v2\/media\/292823"}],"wp:attachment":[{"href":"https:\/\/admincentral.selleetools.com\/pl\/wp-json\/wp\/v2\/media?parent=292827"}],"curies":[{"name":"wp","href":"https:\/\/api.w.org\/{rel}","templated":true}]}}