{"id":292899,"date":"2023-10-08T11:24:51","date_gmt":"2023-10-08T09:24:51","guid":{"rendered":"https:\/\/selleetools.com\/?post_type=product&#038;p=292899"},"modified":"2023-11-25T12:24:58","modified_gmt":"2023-11-25T11:24:58","slug":"olivia-garden-haarburste-nanothermic-15708-styler-burste-9-reihig","status":"publish","type":"product","link":"https:\/\/admincentral.selleetools.com\/pl\/product\/olivia-garden-haarburste-nanothermic-15708-styler-burste-9-reihig\/","title":{"rendered":"Olivia Garden Haarb\u00fcrste NanoThermic 15708, Styler B\u00fcrste, 9-reihig"},"content":{"rendered":"<p><span style=\"vertical-align: inherit\"><span style=\"vertical-align: inherit\">W\u0142a\u015bciwo\u015bci Zjonizowane w\u0142osie nylonowe zmniejsza \u0142adunek elektrostatyczny w\u0142os\u00f3w, zamyka \u0142usk\u0119, nadaje po\u0142ysk i u\u0142atwia uk\u0142adanie.Antybakteryjne dzia\u0142anie nanosrebra zastosowanego we w\u0142osiu sprzyja zdrowiu w\u0142os\u00f3w i u\u0142atwia stylizacj\u0119.Szczotka Olivia Garden NanoThermic Styler \u0142\u0105czy w sobie najbardziej zaawansowane technologie zapewniaj\u0105ce najwy\u017csz\u0105 jako\u015b\u0107 stylizacjiErgonomiczne uchwyty wykonane z antypo\u015blizgowego materia\u0142u zapewniaj\u0105 maksymalny komfortElastyczne, z\u0105bkowane w\u0142osie jest delikatne dla w\u0142os\u00f3w i sk\u00f3ry g\u0142owy<\/span><\/span><\/p>\n","protected":false},"excerpt":{"rendered":"<p>W\u0142a\u015bciwo\u015bci Zjonizowane w\u0142osie nylonowe zmniejsza \u0142adunek elektrostatyczny w\u0142os\u00f3w, zamyka \u0142usk\u0119, nadaje po\u0142ysk i u\u0142atwia uk\u0142adanie.Antybakteryjne dzia\u0142anie nanosrebra zastosowanego we w\u0142osiu sprzyja zdrowiu w\u0142os\u00f3w i u\u0142atwia stylizacj\u0119.Szczotka Olivia Garden NanoThermic Styler \u0142\u0105czy w sobie najbardziej zaawansowane technologie zapewniaj\u0105ce najwy\u017csz\u0105 jako\u015b\u0107 stylizacjiErgonomiczne uchwyty wykonane z antypo\u015blizgowego materia\u0142u zapewniaj\u0105 maksymalny komfortElastyczne, z\u0105bkowane w\u0142osie jest delikatne dla w\u0142os\u00f3w i &#8230; <a title=\"Olivia Garden Haarb\u00fcrste NanoThermic 15708, Styler B\u00fcrste, 9-reihig\" class=\"read-more\" href=\"https:\/\/admincentral.selleetools.com\/pl\/product\/olivia-garden-haarburste-nanothermic-15708-styler-burste-9-reihig\/\">Read more<span class=\"screen-reader-text\">Olivia Garden Haarb\u00fcrste NanoThermic 15708, Styler B\u00fcrste, 9-reihig<\/span><\/a><\/p>\n","protected":false},"featured_media":292885,"comment_status":"closed","ping_status":"closed","template":"","meta":{"_links_to":"","_links_to_target":""},"yoast_head":"<!-- This site is optimized with the Yoast SEO plugin v19.4 - https:\/\/yoast.com\/wordpress\/plugins\/seo\/ -->\n<title>Olivia Garden Haarb\u00fcrste NanoThermic 15708, Styler B\u00fcrste, 9-reihig - Selleetools.com<\/title>\n<meta name=\"robots\" content=\"index, follow, max-snippet:-1, max-image-preview:large, max-video-preview:-1\" \/>\n<link rel=\"canonical\" href=\"https:\/\/selleetools.com\/product\/olivia-garden-haarburste-nanothermic-15708-styler-burste-9-reihig\/\" \/>\n<meta property=\"og:locale\" content=\"pl_PL\" \/>\n<meta property=\"og:type\" content=\"article\" \/>\n<meta property=\"og:title\" content=\"Olivia Garden Haarb\u00fcrste NanoThermic 15708, Styler B\u00fcrste, 9-reihig - Selleetools.com\" \/>\n<meta property=\"og:description\" content=\"W\u0142a\u015bciwo\u015bci Zjonizowane w\u0142osie nylonowe zmniejsza \u0142adunek elektrostatyczny w\u0142os\u00f3w, zamyka \u0142usk\u0119, nadaje po\u0142ysk i u\u0142atwia uk\u0142adanie.Antybakteryjne dzia\u0142anie nanosrebra zastosowanego we w\u0142osiu sprzyja zdrowiu w\u0142os\u00f3w i u\u0142atwia stylizacj\u0119.Szczotka Olivia Garden NanoThermic Styler \u0142\u0105czy w sobie najbardziej zaawansowane technologie zapewniaj\u0105ce najwy\u017csz\u0105 jako\u015b\u0107 stylizacjiErgonomiczne uchwyty wykonane z antypo\u015blizgowego materia\u0142u zapewniaj\u0105 maksymalny komfortElastyczne, z\u0105bkowane w\u0142osie jest delikatne dla w\u0142os\u00f3w i ... Read moreOlivia Garden Haarb\u00fcrste NanoThermic 15708, Styler B\u00fcrste, 9-reihig\" \/>\n<meta property=\"og:url\" content=\"https:\/\/selleetools.com\/product\/olivia-garden-haarburste-nanothermic-15708-styler-burste-9-reihig\/\" \/>\n<meta property=\"og:site_name\" content=\"Selleetools.com\" \/>\n<meta property=\"article:modified_time\" content=\"2023-11-25T11:24:58+00:00\" \/>\n<meta property=\"og:image\" content=\"https:\/\/selleetools.com\/wp-content\/uploads\/2023\/10\/712lMEMKfsL.jpg\" \/>\n\t<meta property=\"og:image:width\" content=\"2560\" \/>\n\t<meta property=\"og:image:height\" content=\"685\" \/>\n\t<meta property=\"og:image:type\" content=\"image\/jpeg\" \/>\n<meta name=\"twitter:card\" content=\"summary_large_image\" \/>\n<!-- \/ Yoast SEO plugin. -->","yoast_head_json":{"title":"Olivia Garden Haarb\u00fcrste NanoThermic 15708, Styler B\u00fcrste, 9-reihig - Selleetools.com","robots":{"index":"index","follow":"follow","max-snippet":"max-snippet:-1","max-image-preview":"max-image-preview:large","max-video-preview":"max-video-preview:-1"},"canonical":"https:\/\/selleetools.com\/product\/olivia-garden-haarburste-nanothermic-15708-styler-burste-9-reihig\/","og_locale":"pl_PL","og_type":"article","og_title":"Olivia Garden Haarb\u00fcrste NanoThermic 15708, Styler B\u00fcrste, 9-reihig - Selleetools.com","og_description":"W\u0142a\u015bciwo\u015bci Zjonizowane w\u0142osie nylonowe zmniejsza \u0142adunek elektrostatyczny w\u0142os\u00f3w, zamyka \u0142usk\u0119, nadaje po\u0142ysk i u\u0142atwia uk\u0142adanie.Antybakteryjne dzia\u0142anie nanosrebra zastosowanego we w\u0142osiu sprzyja zdrowiu w\u0142os\u00f3w i u\u0142atwia stylizacj\u0119.Szczotka Olivia Garden NanoThermic Styler \u0142\u0105czy w sobie najbardziej zaawansowane technologie zapewniaj\u0105ce najwy\u017csz\u0105 jako\u015b\u0107 stylizacjiErgonomiczne uchwyty wykonane z antypo\u015blizgowego materia\u0142u zapewniaj\u0105 maksymalny komfortElastyczne, z\u0105bkowane w\u0142osie jest delikatne dla w\u0142os\u00f3w i ... Read moreOlivia Garden Haarb\u00fcrste NanoThermic 15708, Styler B\u00fcrste, 9-reihig","og_url":"https:\/\/selleetools.com\/product\/olivia-garden-haarburste-nanothermic-15708-styler-burste-9-reihig\/","og_site_name":"Selleetools.com","article_modified_time":"2023-11-25T11:24:58+00:00","og_image":[{"width":2560,"height":685,"url":"https:\/\/selleetools.com\/wp-content\/uploads\/2023\/10\/712lMEMKfsL.jpg","type":"image\/jpeg"}],"twitter_card":"summary_large_image","schema":{"@context":"https:\/\/schema.org","@graph":[{"@type":"Organization","@id":"https:\/\/selleetools.com\/#organization","name":"Selleetools","url":"https:\/\/selleetools.com\/","sameAs":[],"logo":{"@type":"ImageObject","inLanguage":"pl-PL","@id":"https:\/\/selleetools.com\/#\/schema\/logo\/image\/","url":"https:\/\/selleetools.com\/wp-content\/uploads\/2021\/10\/logo-dark.png","contentUrl":"https:\/\/selleetools.com\/wp-content\/uploads\/2021\/10\/logo-dark.png","width":320,"height":76,"caption":"Selleetools"},"image":{"@id":"https:\/\/selleetools.com\/#\/schema\/logo\/image\/"}},{"@type":"WebSite","@id":"https:\/\/selleetools.com\/#website","url":"https:\/\/selleetools.com\/","name":"Selleetools.com","description":"","publisher":{"@id":"https:\/\/selleetools.com\/#organization"},"potentialAction":[{"@type":"SearchAction","target":{"@type":"EntryPoint","urlTemplate":"https:\/\/selleetools.com\/?s={search_term_string}"},"query-input":"required name=search_term_string"}],"inLanguage":"pl-PL"},{"@type":"WebPage","@id":"https:\/\/selleetools.com\/product\/olivia-garden-haarburste-nanothermic-15708-styler-burste-9-reihig\/","url":"https:\/\/selleetools.com\/product\/olivia-garden-haarburste-nanothermic-15708-styler-burste-9-reihig\/","name":"Olivia Garden Haarb\u00fcrste NanoThermic 15708, Styler B\u00fcrste, 9-reihig - Selleetools.com","isPartOf":{"@id":"https:\/\/selleetools.com\/#website"},"datePublished":"2023-10-08T09:24:51+00:00","dateModified":"2023-11-25T11:24:58+00:00","breadcrumb":{"@id":"https:\/\/selleetools.com\/product\/olivia-garden-haarburste-nanothermic-15708-styler-burste-9-reihig\/#breadcrumb"},"inLanguage":"pl-PL","potentialAction":[{"@type":"ReadAction","target":["https:\/\/selleetools.com\/product\/olivia-garden-haarburste-nanothermic-15708-styler-burste-9-reihig\/"]}]},{"@type":"BreadcrumbList","@id":"https:\/\/selleetools.com\/product\/olivia-garden-haarburste-nanothermic-15708-styler-burste-9-reihig\/#breadcrumb","itemListElement":[{"@type":"ListItem","position":1,"name":"Home","item":"https:\/\/admincentral.selleetools.com\/pl\/"},{"@type":"ListItem","position":2,"name":"Katalog","item":"https:\/\/admincentral.selleetools.com\/pl\/katalog\/"},{"@type":"ListItem","position":3,"name":"Olivia Garden Haarb\u00fcrste NanoThermic 15708, Styler B\u00fcrste, 9-reihig"}]}]}},"_links":{"self":[{"href":"https:\/\/admincentral.selleetools.com\/pl\/wp-json\/wp\/v2\/product\/292899"}],"collection":[{"href":"https:\/\/admincentral.selleetools.com\/pl\/wp-json\/wp\/v2\/product"}],"about":[{"href":"https:\/\/admincentral.selleetools.com\/pl\/wp-json\/wp\/v2\/types\/product"}],"replies":[{"embeddable":true,"href":"https:\/\/admincentral.selleetools.com\/pl\/wp-json\/wp\/v2\/comments?post=292899"}],"wp:featuredmedia":[{"embeddable":true,"href":"https:\/\/admincentral.selleetools.com\/pl\/wp-json\/wp\/v2\/media\/292885"}],"wp:attachment":[{"href":"https:\/\/admincentral.selleetools.com\/pl\/wp-json\/wp\/v2\/media?parent=292899"}],"curies":[{"name":"wp","href":"https:\/\/api.w.org\/{rel}","templated":true}]}}