{"id":292934,"date":"2023-10-08T11:25:17","date_gmt":"2023-10-08T09:25:17","guid":{"rendered":"https:\/\/selleetools.com\/?post_type=product&#038;p=292934"},"modified":"2023-11-25T12:24:58","modified_gmt":"2023-11-25T11:24:58","slug":"bielenda-professional-gesichtsserum-mit-hialuronsaure-serum-do-twarzy-z-kwasem-hialuronowym-30-ml-set-mit-stapiz-haarshampoo-15-ml-oder-maske-10-ml","status":"publish","type":"product","link":"https:\/\/admincentral.selleetools.com\/pl\/product\/bielenda-professional-gesichtsserum-mit-hialuronsaure-serum-do-twarzy-z-kwasem-hialuronowym-30-ml-set-mit-stapiz-haarshampoo-15-ml-oder-maske-10-ml\/","title":{"rendered":"Bielenda Professional Gesichtsserum mit Hialurons\u00e4ure \u2013 Serum do Twarzy z Kwasem Hialuronowym 30 ml Set mit Stapiz-Haarshampoo 15 ml oder Maske 10 ml"},"content":{"rendered":"<p><span style=\"vertical-align: inherit\"><span style=\"vertical-align: inherit\">Serum z kuracj\u0105 kwasem hialuronowym: redukcja zmarszczek. <\/span><span style=\"vertical-align: inherit\">Sk\u0142adniki aktywne nawil\u017caj\u0105ce: mikrokolagen kwasu hialuronowego Tauryna. <\/span><span style=\"vertical-align: inherit\">Stosowanie: Nak\u0142ada\u0107 na twarz lub cia\u0142o, delikatnie wmasowa\u0107 w sk\u00f3r\u0119. <\/span><span style=\"vertical-align: inherit\">Serum mo\u017cna aplikowa\u0107 metod\u0105 jonoforezy (Pol+) lub ultrad\u017awi\u0119k\u00f3w (sonoforeza). <\/span><span style=\"vertical-align: inherit\">Pojemno\u015b\u0107: 30 ml W\u0142a\u015bciwo\u015bci Sprzedajemy w zestawie Stapiz Repair SleekLine lub Code Keratin lub Szampon HA Essence 15 ml lub Maska 10 ml. Serum z Kwasem Hialuronowym Kuracja: Redukcja zmarszczek. <\/span><span style=\"vertical-align: inherit\">Nawil\u017cenieSk\u0142adniki aktywne: Kwas hialuronowy Mikrokolagen Tauryna. Stosowanie: Nak\u0142ada\u0107 na twarz lub cia\u0142o, delikatnie wmasowa\u0107 w sk\u00f3r\u0119. <\/span><span style=\"vertical-align: inherit\">Serum mo\u017cna aplikowa\u0107 metod\u0105 jonoforezy (Pol+) lub ultrad\u017awi\u0119k\u00f3w (sonoforeza).Pojemno\u015b\u0107: 30 ml<\/span><\/span><\/p>\n","protected":false},"excerpt":{"rendered":"<p>Serum z kuracj\u0105 kwasem hialuronowym: redukcja zmarszczek. Sk\u0142adniki aktywne nawil\u017caj\u0105ce: mikrokolagen kwasu hialuronowego Tauryna. Stosowanie: Nak\u0142ada\u0107 na twarz lub cia\u0142o, delikatnie wmasowa\u0107 w sk\u00f3r\u0119. Serum mo\u017cna aplikowa\u0107 metod\u0105 jonoforezy (Pol+) lub ultrad\u017awi\u0119k\u00f3w (sonoforeza). Pojemno\u015b\u0107: 30 ml W\u0142a\u015bciwo\u015bci Sprzedajemy w zestawie Stapiz Repair SleekLine lub Code Keratin lub Szampon HA Essence 15 ml lub Maska 10 &#8230; <a title=\"Bielenda Professional Gesichtsserum mit Hialurons\u00e4ure \u2013 Serum do Twarzy z Kwasem Hialuronowym 30 ml Set mit Stapiz-Haarshampoo 15 ml oder Maske 10 ml\" class=\"read-more\" href=\"https:\/\/admincentral.selleetools.com\/pl\/product\/bielenda-professional-gesichtsserum-mit-hialuronsaure-serum-do-twarzy-z-kwasem-hialuronowym-30-ml-set-mit-stapiz-haarshampoo-15-ml-oder-maske-10-ml\/\">Read more<span class=\"screen-reader-text\">Bielenda Professional Gesichtsserum mit Hialurons\u00e4ure \u2013 Serum do Twarzy z Kwasem Hialuronowym 30 ml Set mit Stapiz-Haarshampoo 15 ml oder Maske 10 ml<\/span><\/a><\/p>\n","protected":false},"featured_media":292924,"comment_status":"closed","ping_status":"closed","template":"","meta":{"_links_to":"","_links_to_target":""},"yoast_head":"<!-- This site is optimized with the Yoast SEO plugin v19.4 - https:\/\/yoast.com\/wordpress\/plugins\/seo\/ -->\n<title>Bielenda Professional Gesichtsserum mit Hialurons\u00e4ure \u2013 Serum do Twarzy z Kwasem Hialuronowym 30 ml Set mit Stapiz-Haarshampoo 15 ml oder Maske 10 ml - Selleetools.com<\/title>\n<meta name=\"robots\" content=\"index, follow, max-snippet:-1, max-image-preview:large, max-video-preview:-1\" \/>\n<link rel=\"canonical\" href=\"https:\/\/admincentral.selleetools.com\/pl\/product\/bielenda-professional-gesichtsserum-mit-hialuronsaure-serum-do-twarzy-z-kwasem-hialuronowym-30-ml-set-mit-stapiz-haarshampoo-15-ml-oder-maske-10-ml\/\" \/>\n<meta property=\"og:locale\" content=\"pl_PL\" \/>\n<meta property=\"og:type\" content=\"article\" \/>\n<meta property=\"og:title\" content=\"Bielenda Professional Gesichtsserum mit Hialurons\u00e4ure \u2013 Serum do Twarzy z Kwasem Hialuronowym 30 ml Set mit Stapiz-Haarshampoo 15 ml oder Maske 10 ml - Selleetools.com\" \/>\n<meta property=\"og:description\" content=\"Serum z kuracj\u0105 kwasem hialuronowym: redukcja zmarszczek. Sk\u0142adniki aktywne nawil\u017caj\u0105ce: mikrokolagen kwasu hialuronowego Tauryna. Stosowanie: Nak\u0142ada\u0107 na twarz lub cia\u0142o, delikatnie wmasowa\u0107 w sk\u00f3r\u0119. Serum mo\u017cna aplikowa\u0107 metod\u0105 jonoforezy (Pol+) lub ultrad\u017awi\u0119k\u00f3w (sonoforeza). Pojemno\u015b\u0107: 30 ml W\u0142a\u015bciwo\u015bci Sprzedajemy w zestawie Stapiz Repair SleekLine lub Code Keratin lub Szampon HA Essence 15 ml lub Maska 10 ... Read moreBielenda Professional Gesichtsserum mit Hialurons\u00e4ure \u2013 Serum do Twarzy z Kwasem Hialuronowym 30 ml Set mit Stapiz-Haarshampoo 15 ml oder Maske 10 ml\" \/>\n<meta property=\"og:url\" content=\"https:\/\/admincentral.selleetools.com\/pl\/product\/bielenda-professional-gesichtsserum-mit-hialuronsaure-serum-do-twarzy-z-kwasem-hialuronowym-30-ml-set-mit-stapiz-haarshampoo-15-ml-oder-maske-10-ml\/\" \/>\n<meta property=\"og:site_name\" content=\"Selleetools.com\" \/>\n<meta property=\"article:modified_time\" content=\"2023-11-25T11:24:58+00:00\" \/>\n<meta property=\"og:image\" content=\"https:\/\/selleetools.com\/wp-content\/uploads\/2023\/10\/31jXcxJqtuL.jpg\" \/>\n\t<meta property=\"og:image:width\" content=\"500\" \/>\n\t<meta property=\"og:image:height\" content=\"500\" \/>\n\t<meta property=\"og:image:type\" content=\"image\/jpeg\" \/>\n<meta name=\"twitter:card\" content=\"summary_large_image\" \/>\n<meta name=\"twitter:label1\" content=\"Est. reading time\" \/>\n\t<meta name=\"twitter:data1\" content=\"1 minuta\" \/>\n<!-- \/ Yoast SEO plugin. -->","yoast_head_json":{"title":"Bielenda Professional Gesichtsserum mit Hialurons\u00e4ure \u2013 Serum do Twarzy z Kwasem Hialuronowym 30 ml Set mit Stapiz-Haarshampoo 15 ml oder Maske 10 ml - Selleetools.com","robots":{"index":"index","follow":"follow","max-snippet":"max-snippet:-1","max-image-preview":"max-image-preview:large","max-video-preview":"max-video-preview:-1"},"canonical":"https:\/\/admincentral.selleetools.com\/pl\/product\/bielenda-professional-gesichtsserum-mit-hialuronsaure-serum-do-twarzy-z-kwasem-hialuronowym-30-ml-set-mit-stapiz-haarshampoo-15-ml-oder-maske-10-ml\/","og_locale":"pl_PL","og_type":"article","og_title":"Bielenda Professional Gesichtsserum mit Hialurons\u00e4ure \u2013 Serum do Twarzy z Kwasem Hialuronowym 30 ml Set mit Stapiz-Haarshampoo 15 ml oder Maske 10 ml - Selleetools.com","og_description":"Serum z kuracj\u0105 kwasem hialuronowym: redukcja zmarszczek. Sk\u0142adniki aktywne nawil\u017caj\u0105ce: mikrokolagen kwasu hialuronowego Tauryna. Stosowanie: Nak\u0142ada\u0107 na twarz lub cia\u0142o, delikatnie wmasowa\u0107 w sk\u00f3r\u0119. Serum mo\u017cna aplikowa\u0107 metod\u0105 jonoforezy (Pol+) lub ultrad\u017awi\u0119k\u00f3w (sonoforeza). Pojemno\u015b\u0107: 30 ml W\u0142a\u015bciwo\u015bci Sprzedajemy w zestawie Stapiz Repair SleekLine lub Code Keratin lub Szampon HA Essence 15 ml lub Maska 10 ... Read moreBielenda Professional Gesichtsserum mit Hialurons\u00e4ure \u2013 Serum do Twarzy z Kwasem Hialuronowym 30 ml Set mit Stapiz-Haarshampoo 15 ml oder Maske 10 ml","og_url":"https:\/\/admincentral.selleetools.com\/pl\/product\/bielenda-professional-gesichtsserum-mit-hialuronsaure-serum-do-twarzy-z-kwasem-hialuronowym-30-ml-set-mit-stapiz-haarshampoo-15-ml-oder-maske-10-ml\/","og_site_name":"Selleetools.com","article_modified_time":"2023-11-25T11:24:58+00:00","og_image":[{"width":500,"height":500,"url":"https:\/\/selleetools.com\/wp-content\/uploads\/2023\/10\/31jXcxJqtuL.jpg","type":"image\/jpeg"}],"twitter_card":"summary_large_image","twitter_misc":{"Est. reading time":"1 minuta"},"schema":{"@context":"https:\/\/schema.org","@graph":[{"@type":"Organization","@id":"https:\/\/selleetools.com\/#organization","name":"Selleetools","url":"https:\/\/selleetools.com\/","sameAs":[],"logo":{"@type":"ImageObject","inLanguage":"pl-PL","@id":"https:\/\/selleetools.com\/#\/schema\/logo\/image\/","url":"https:\/\/selleetools.com\/wp-content\/uploads\/2021\/10\/logo-dark.png","contentUrl":"https:\/\/selleetools.com\/wp-content\/uploads\/2021\/10\/logo-dark.png","width":320,"height":76,"caption":"Selleetools"},"image":{"@id":"https:\/\/selleetools.com\/#\/schema\/logo\/image\/"}},{"@type":"WebSite","@id":"https:\/\/selleetools.com\/#website","url":"https:\/\/selleetools.com\/","name":"Selleetools.com","description":"","publisher":{"@id":"https:\/\/selleetools.com\/#organization"},"potentialAction":[{"@type":"SearchAction","target":{"@type":"EntryPoint","urlTemplate":"https:\/\/selleetools.com\/?s={search_term_string}"},"query-input":"required name=search_term_string"}],"inLanguage":"pl-PL"},{"@type":"WebPage","@id":"https:\/\/admincentral.selleetools.com\/pl\/product\/bielenda-professional-gesichtsserum-mit-hialuronsaure-serum-do-twarzy-z-kwasem-hialuronowym-30-ml-set-mit-stapiz-haarshampoo-15-ml-oder-maske-10-ml\/","url":"https:\/\/admincentral.selleetools.com\/pl\/product\/bielenda-professional-gesichtsserum-mit-hialuronsaure-serum-do-twarzy-z-kwasem-hialuronowym-30-ml-set-mit-stapiz-haarshampoo-15-ml-oder-maske-10-ml\/","name":"Bielenda Professional Gesichtsserum mit Hialurons\u00e4ure \u2013 Serum do Twarzy z Kwasem Hialuronowym 30 ml Set mit Stapiz-Haarshampoo 15 ml oder Maske 10 ml - Selleetools.com","isPartOf":{"@id":"https:\/\/selleetools.com\/#website"},"datePublished":"2023-10-08T09:25:17+00:00","dateModified":"2023-11-25T11:24:58+00:00","breadcrumb":{"@id":"https:\/\/admincentral.selleetools.com\/pl\/product\/bielenda-professional-gesichtsserum-mit-hialuronsaure-serum-do-twarzy-z-kwasem-hialuronowym-30-ml-set-mit-stapiz-haarshampoo-15-ml-oder-maske-10-ml\/#breadcrumb"},"inLanguage":"pl-PL","potentialAction":[{"@type":"ReadAction","target":["https:\/\/admincentral.selleetools.com\/pl\/product\/bielenda-professional-gesichtsserum-mit-hialuronsaure-serum-do-twarzy-z-kwasem-hialuronowym-30-ml-set-mit-stapiz-haarshampoo-15-ml-oder-maske-10-ml\/"]}]},{"@type":"BreadcrumbList","@id":"https:\/\/admincentral.selleetools.com\/pl\/product\/bielenda-professional-gesichtsserum-mit-hialuronsaure-serum-do-twarzy-z-kwasem-hialuronowym-30-ml-set-mit-stapiz-haarshampoo-15-ml-oder-maske-10-ml\/#breadcrumb","itemListElement":[{"@type":"ListItem","position":1,"name":"Home","item":"https:\/\/admincentral.selleetools.com\/pl\/"},{"@type":"ListItem","position":2,"name":"Katalog","item":"https:\/\/admincentral.selleetools.com\/pl\/katalog\/"},{"@type":"ListItem","position":3,"name":"Bielenda Professional Gesichtsserum mit Hialurons\u00e4ure \u2013 Serum do Twarzy z Kwasem Hialuronowym 30 ml Set mit Stapiz-Haarshampoo 15 ml oder Maske 10 ml"}]}]}},"_links":{"self":[{"href":"https:\/\/admincentral.selleetools.com\/pl\/wp-json\/wp\/v2\/product\/292934"}],"collection":[{"href":"https:\/\/admincentral.selleetools.com\/pl\/wp-json\/wp\/v2\/product"}],"about":[{"href":"https:\/\/admincentral.selleetools.com\/pl\/wp-json\/wp\/v2\/types\/product"}],"replies":[{"embeddable":true,"href":"https:\/\/admincentral.selleetools.com\/pl\/wp-json\/wp\/v2\/comments?post=292934"}],"wp:featuredmedia":[{"embeddable":true,"href":"https:\/\/admincentral.selleetools.com\/pl\/wp-json\/wp\/v2\/media\/292924"}],"wp:attachment":[{"href":"https:\/\/admincentral.selleetools.com\/pl\/wp-json\/wp\/v2\/media?parent=292934"}],"curies":[{"name":"wp","href":"https:\/\/api.w.org\/{rel}","templated":true}]}}