{"id":294086,"date":"2023-10-08T11:33:15","date_gmt":"2023-10-08T09:33:15","guid":{"rendered":"https:\/\/selleetools.com\/?post_type=product&#038;p=294086"},"modified":"2025-05-28T12:36:22","modified_gmt":"2025-05-28T10:36:22","slug":"claresa-uv-led-nagellack-collection-hybrid-manikure-soak-off-nail-polish-farbe-beige-nr-3-fallin-love-5ml","status":"publish","type":"product","link":"https:\/\/admincentral.selleetools.com\/pl\/product\/claresa-uv-led-nagellack-collection-hybrid-manikure-soak-off-nail-polish-farbe-beige-nr-3-fallin-love-5ml\/","title":{"rendered":"Claresa UV LED Nagellack Collection Hybrid Manik\u00fcre Soak Off Nail Polish, Farbe Beige, Nr 3, Fallin Love, 5ml"},"content":{"rendered":"<p>FeaturesHochwertige 100% Zufriedenheit Made in E.U.Claresa hat eine flache, Think B\u00fcrsten, die extrem einfach und pr\u00e4zise Anwendung gew\u00e4hrleistetH\u00e4lt auf N\u00e4gel bis zu drei Wochen Beibehaltung seiner Farbe und GlanzDie Farbe l\u00e4uft nicht schrumpfen, w\u00e4hrend der Aush\u00e4rtung in der Lampe, nicht heben oder Chip Out100% abnehmbar mit Aceton<\/p>\n","protected":false},"excerpt":{"rendered":"<p>FeaturesHochwertige 100% Zufriedenheit Made in E.U.Claresa hat eine flache, Think B\u00fcrsten, die extrem einfach und pr\u00e4zise Anwendung gew\u00e4hrleistetH\u00e4lt auf N\u00e4gel bis zu drei Wochen Beibehaltung seiner Farbe und GlanzDie Farbe l\u00e4uft nicht schrumpfen, w\u00e4hrend der Aush\u00e4rtung in der Lampe, nicht heben oder Chip Out100% abnehmbar mit Aceton<\/p>\n","protected":false},"featured_media":294062,"comment_status":"open","ping_status":"closed","template":"","meta":{"_links_to":"","_links_to_target":""},"yoast_head":"<!-- This site is optimized with the Yoast SEO plugin v19.4 - https:\/\/yoast.com\/wordpress\/plugins\/seo\/ -->\n<title>Claresa UV LED Nagellack Collection Hybrid Manik\u00fcre Soak Off Nail Polish, Farbe Beige, Nr 3, Fallin Love, 5ml - Selleetools.com<\/title>\n<meta name=\"robots\" content=\"index, follow, max-snippet:-1, max-image-preview:large, max-video-preview:-1\" \/>\n<link rel=\"canonical\" href=\"https:\/\/admincentral.selleetools.com\/pl\/product\/claresa-uv-led-nagellack-collection-hybrid-manikure-soak-off-nail-polish-farbe-beige-nr-3-fallin-love-5ml\/\" \/>\n<meta property=\"og:locale\" content=\"pl_PL\" \/>\n<meta property=\"og:type\" content=\"article\" \/>\n<meta property=\"og:title\" content=\"Claresa UV LED Nagellack Collection Hybrid Manik\u00fcre Soak Off Nail Polish, Farbe Beige, Nr 3, Fallin Love, 5ml - Selleetools.com\" \/>\n<meta property=\"og:description\" content=\"FeaturesHochwertige 100% Zufriedenheit Made in E.U.Claresa hat eine flache, Think B\u00fcrsten, die extrem einfach und pr\u00e4zise Anwendung gew\u00e4hrleistetH\u00e4lt auf N\u00e4gel bis zu drei Wochen Beibehaltung seiner Farbe und GlanzDie Farbe l\u00e4uft nicht schrumpfen, w\u00e4hrend der Aush\u00e4rtung in der Lampe, nicht heben oder Chip Out100% abnehmbar mit Aceton\" \/>\n<meta property=\"og:url\" content=\"https:\/\/admincentral.selleetools.com\/pl\/product\/claresa-uv-led-nagellack-collection-hybrid-manikure-soak-off-nail-polish-farbe-beige-nr-3-fallin-love-5ml\/\" \/>\n<meta property=\"og:site_name\" content=\"Selleetools.com\" \/>\n<meta property=\"article:modified_time\" content=\"2025-05-28T10:36:22+00:00\" \/>\n<meta property=\"og:image\" content=\"https:\/\/selleetools.com\/wp-content\/uploads\/2023\/10\/51NUeqqsnDL.jpg\" \/>\n\t<meta property=\"og:image:width\" content=\"1500\" \/>\n\t<meta property=\"og:image:height\" content=\"1500\" \/>\n\t<meta property=\"og:image:type\" content=\"image\/jpeg\" \/>\n<meta name=\"twitter:card\" content=\"summary_large_image\" \/>\n<!-- \/ Yoast SEO plugin. -->","yoast_head_json":{"title":"Claresa UV LED Nagellack Collection Hybrid Manik\u00fcre Soak Off Nail Polish, Farbe Beige, Nr 3, Fallin Love, 5ml - Selleetools.com","robots":{"index":"index","follow":"follow","max-snippet":"max-snippet:-1","max-image-preview":"max-image-preview:large","max-video-preview":"max-video-preview:-1"},"canonical":"https:\/\/admincentral.selleetools.com\/pl\/product\/claresa-uv-led-nagellack-collection-hybrid-manikure-soak-off-nail-polish-farbe-beige-nr-3-fallin-love-5ml\/","og_locale":"pl_PL","og_type":"article","og_title":"Claresa UV LED Nagellack Collection Hybrid Manik\u00fcre Soak Off Nail Polish, Farbe Beige, Nr 3, Fallin Love, 5ml - Selleetools.com","og_description":"FeaturesHochwertige 100% Zufriedenheit Made in E.U.Claresa hat eine flache, Think B\u00fcrsten, die extrem einfach und pr\u00e4zise Anwendung gew\u00e4hrleistetH\u00e4lt auf N\u00e4gel bis zu drei Wochen Beibehaltung seiner Farbe und GlanzDie Farbe l\u00e4uft nicht schrumpfen, w\u00e4hrend der Aush\u00e4rtung in der Lampe, nicht heben oder Chip Out100% abnehmbar mit Aceton","og_url":"https:\/\/admincentral.selleetools.com\/pl\/product\/claresa-uv-led-nagellack-collection-hybrid-manikure-soak-off-nail-polish-farbe-beige-nr-3-fallin-love-5ml\/","og_site_name":"Selleetools.com","article_modified_time":"2025-05-28T10:36:22+00:00","og_image":[{"width":1500,"height":1500,"url":"https:\/\/selleetools.com\/wp-content\/uploads\/2023\/10\/51NUeqqsnDL.jpg","type":"image\/jpeg"}],"twitter_card":"summary_large_image","schema":{"@context":"https:\/\/schema.org","@graph":[{"@type":"Organization","@id":"https:\/\/selleetools.com\/#organization","name":"Selleetools","url":"https:\/\/selleetools.com\/","sameAs":[],"logo":{"@type":"ImageObject","inLanguage":"pl-PL","@id":"https:\/\/selleetools.com\/#\/schema\/logo\/image\/","url":"https:\/\/selleetools.com\/wp-content\/uploads\/2021\/10\/logo-dark.png","contentUrl":"https:\/\/selleetools.com\/wp-content\/uploads\/2021\/10\/logo-dark.png","width":320,"height":76,"caption":"Selleetools"},"image":{"@id":"https:\/\/selleetools.com\/#\/schema\/logo\/image\/"}},{"@type":"WebSite","@id":"https:\/\/selleetools.com\/#website","url":"https:\/\/selleetools.com\/","name":"Selleetools.com","description":"","publisher":{"@id":"https:\/\/selleetools.com\/#organization"},"potentialAction":[{"@type":"SearchAction","target":{"@type":"EntryPoint","urlTemplate":"https:\/\/selleetools.com\/?s={search_term_string}"},"query-input":"required name=search_term_string"}],"inLanguage":"pl-PL"},{"@type":"WebPage","@id":"https:\/\/admincentral.selleetools.com\/pl\/product\/claresa-uv-led-nagellack-collection-hybrid-manikure-soak-off-nail-polish-farbe-beige-nr-3-fallin-love-5ml\/","url":"https:\/\/admincentral.selleetools.com\/pl\/product\/claresa-uv-led-nagellack-collection-hybrid-manikure-soak-off-nail-polish-farbe-beige-nr-3-fallin-love-5ml\/","name":"Claresa UV LED Nagellack Collection Hybrid Manik\u00fcre Soak Off Nail Polish, Farbe Beige, Nr 3, Fallin Love, 5ml - Selleetools.com","isPartOf":{"@id":"https:\/\/selleetools.com\/#website"},"datePublished":"2023-10-08T09:33:15+00:00","dateModified":"2025-05-28T10:36:22+00:00","breadcrumb":{"@id":"https:\/\/admincentral.selleetools.com\/pl\/product\/claresa-uv-led-nagellack-collection-hybrid-manikure-soak-off-nail-polish-farbe-beige-nr-3-fallin-love-5ml\/#breadcrumb"},"inLanguage":"pl-PL","potentialAction":[{"@type":"ReadAction","target":["https:\/\/admincentral.selleetools.com\/pl\/product\/claresa-uv-led-nagellack-collection-hybrid-manikure-soak-off-nail-polish-farbe-beige-nr-3-fallin-love-5ml\/"]}]},{"@type":"BreadcrumbList","@id":"https:\/\/admincentral.selleetools.com\/pl\/product\/claresa-uv-led-nagellack-collection-hybrid-manikure-soak-off-nail-polish-farbe-beige-nr-3-fallin-love-5ml\/#breadcrumb","itemListElement":[{"@type":"ListItem","position":1,"name":"Home","item":"https:\/\/selleetools.com\/pl\/"},{"@type":"ListItem","position":2,"name":"Katalog","item":"https:\/\/selleetools.com\/pl\/katalog\/"},{"@type":"ListItem","position":3,"name":"Claresa UV LED Nagellack Collection Hybrid Manik\u00fcre Soak Off Nail Polish, Farbe Beige, Nr 3, Fallin Love, 5ml"}]}]}},"_links":{"self":[{"href":"https:\/\/admincentral.selleetools.com\/pl\/wp-json\/wp\/v2\/product\/294086"}],"collection":[{"href":"https:\/\/admincentral.selleetools.com\/pl\/wp-json\/wp\/v2\/product"}],"about":[{"href":"https:\/\/admincentral.selleetools.com\/pl\/wp-json\/wp\/v2\/types\/product"}],"replies":[{"embeddable":true,"href":"https:\/\/admincentral.selleetools.com\/pl\/wp-json\/wp\/v2\/comments?post=294086"}],"wp:featuredmedia":[{"embeddable":true,"href":"https:\/\/admincentral.selleetools.com\/pl\/wp-json\/wp\/v2\/media\/294062"}],"wp:attachment":[{"href":"https:\/\/admincentral.selleetools.com\/pl\/wp-json\/wp\/v2\/media?parent=294086"}],"curies":[{"name":"wp","href":"https:\/\/api.w.org\/{rel}","templated":true}]}}