{"id":294852,"date":"2023-10-08T15:41:47","date_gmt":"2023-10-08T13:41:47","guid":{"rendered":"https:\/\/selleetools.com\/?post_type=product&#038;p=294852"},"modified":"2023-12-05T12:02:13","modified_gmt":"2023-12-05T11:02:13","slug":"claresa-uv-led-nagellack-collection-hybrid-manikure-soak-off-nail-polish-farbe-grun-nr-801-5ml","status":"publish","type":"product","link":"https:\/\/admincentral.selleetools.com\/pl\/product\/claresa-uv-led-nagellack-collection-hybrid-manikure-soak-off-nail-polish-farbe-grun-nr-801-5ml\/","title":{"rendered":"Claresa UV LED Nagellack Collection Hybrid Manik\u00fcre Soak Off Nail Polish, Farbe Gr\u00fcn, Nr 801, 5ml"},"content":{"rendered":"<p>Hybrid-Nagellacke sind eine L\u00f6sung, die immer mehr Frauen w\u00e4hlen. Seine Popularit\u00e4t ist die Grundlage Eine richtig gemachte Hybrid-Manik\u00fcre verleiht Ihren H\u00e4nden bis zu 3 Wochen lang ein sch\u00f6nes Aussehen! Claresa-Hybridlacke bis zu 300 Farben, die nicht in der Farbe der Produkte erh\u00e4ltlich sind, Glasflaschen, auf denen Sie dank handgemalter Schablonen auf der Oberseite des Griffs deutlich sehen k\u00f6nnen. Die mitteldichte Konsistenz von Nagellacken und eine sehr gute Pinselqualit\u00e4t erm\u00f6glichen Ihnen eine perfekte Wirkung auf den N\u00e4geln ohne \u00fcberschwemmte Nagelhaut. Dank des Lacks aus nur 2 Schichten des Meisters! EINE NEUE VERSION VON CLARES&#8217; HYBRID LACKEN ZU problemloses Auftragen, ohne die Nagelhaut zu nivellieren intensive Politur perfekt, durchschnittlich sicher f\u00fcr N\u00e4gel und H\u00e4nde bis zu 3 wochen Fassungsverm\u00f6gen: 5 ml ANWENDUNG: Die zuvor ausgeh\u00e4rtete Claresa-Hybridbasis, eine d\u00fcnne Schicht farbiger Hybridlack und eine harte Basis, werden auf eine UV\/LED-Lampe gelegt. F\u00fcr die Versammlung k\u00f6nnen Sie sich im Club versammeln, wetten. Sch\u00fctzen Sie das Styling durch Auftragen und Aush\u00e4rten von TOP Claresa. AUSH\u00c4RTUNGSZEIT UV-LED-6-W-Lampe &#8211; 2 x 45 Sekunden. UV-LED-9-W-Lampe &#8211; 2 x 45 Sekunden. 48 W UV-LED-Lampe &#8211; 30 Sekunden. 60 W UV-LED-Lampe &#8211; 15 Sekunden. 36 W UV-Lampe &#8211; 120 Sekunden.FeaturesHochwertige 100% Zufriedenheit Made in E.U.Claresa hat eine flache, Think B\u00fcrsten, die extrem einfach und pr\u00e4zise Anwendung gew\u00e4hrleistetH\u00e4lt auf N\u00e4gel bis zu drei Wochen Beibehaltung seiner Farbe und GlanzDie Farbe l\u00e4uft nicht schrumpfen, w\u00e4hrend der Aush\u00e4rtung in der Lampe, nicht heben oder Chip Out100% abnehmbar mit Aceton<\/p>\n","protected":false},"excerpt":{"rendered":"<p>Hybrid-Nagellacke sind eine L\u00f6sung, die immer mehr Frauen w\u00e4hlen. Seine Popularit\u00e4t ist die Grundlage Eine richtig gemachte Hybrid-Manik\u00fcre verleiht Ihren H\u00e4nden bis zu 3 Wochen lang ein sch\u00f6nes Aussehen! Claresa-Hybridlacke bis zu 300 Farben, die nicht in der Farbe der Produkte erh\u00e4ltlich sind, Glasflaschen, auf denen Sie dank handgemalter Schablonen auf der Oberseite des Griffs &#8230; <a title=\"Claresa UV LED Nagellack Collection Hybrid Manik\u00fcre Soak Off Nail Polish, Farbe Gr\u00fcn, Nr 801, 5ml\" class=\"read-more\" href=\"https:\/\/admincentral.selleetools.com\/pl\/product\/claresa-uv-led-nagellack-collection-hybrid-manikure-soak-off-nail-polish-farbe-grun-nr-801-5ml\/\">Read more<span class=\"screen-reader-text\">Claresa UV LED Nagellack Collection Hybrid Manik\u00fcre Soak Off Nail Polish, Farbe Gr\u00fcn, Nr 801, 5ml<\/span><\/a><\/p>\n","protected":false},"featured_media":294828,"comment_status":"open","ping_status":"closed","template":"","meta":{"_links_to":"","_links_to_target":""},"yoast_head":"<!-- This site is optimized with the Yoast SEO plugin v19.4 - https:\/\/yoast.com\/wordpress\/plugins\/seo\/ -->\n<title>Claresa UV LED Nagellack Collection Hybrid Manik\u00fcre Soak Off Nail Polish, Farbe Gr\u00fcn, Nr 801, 5ml - Selleetools.com<\/title>\n<meta name=\"robots\" content=\"index, follow, max-snippet:-1, max-image-preview:large, max-video-preview:-1\" \/>\n<link rel=\"canonical\" href=\"https:\/\/selleetools.com\/pl\/product\/claresa-uv-led-nagellack-collection-hybrid-manikure-soak-off-nail-polish-farbe-grun-nr-801-5ml\/\" \/>\n<meta property=\"og:locale\" content=\"pl_PL\" \/>\n<meta property=\"og:type\" content=\"article\" \/>\n<meta property=\"og:title\" content=\"Claresa UV LED Nagellack Collection Hybrid Manik\u00fcre Soak Off Nail Polish, Farbe Gr\u00fcn, Nr 801, 5ml - Selleetools.com\" \/>\n<meta property=\"og:description\" content=\"Hybrid-Nagellacke sind eine L\u00f6sung, die immer mehr Frauen w\u00e4hlen. Seine Popularit\u00e4t ist die Grundlage Eine richtig gemachte Hybrid-Manik\u00fcre verleiht Ihren H\u00e4nden bis zu 3 Wochen lang ein sch\u00f6nes Aussehen! Claresa-Hybridlacke bis zu 300 Farben, die nicht in der Farbe der Produkte erh\u00e4ltlich sind, Glasflaschen, auf denen Sie dank handgemalter Schablonen auf der Oberseite des Griffs ... Read moreClaresa UV LED Nagellack Collection Hybrid Manik\u00fcre Soak Off Nail Polish, Farbe Gr\u00fcn, Nr 801, 5ml\" \/>\n<meta property=\"og:url\" content=\"https:\/\/selleetools.com\/pl\/product\/claresa-uv-led-nagellack-collection-hybrid-manikure-soak-off-nail-polish-farbe-grun-nr-801-5ml\/\" \/>\n<meta property=\"og:site_name\" content=\"Selleetools.com\" \/>\n<meta property=\"article:modified_time\" content=\"2023-12-05T11:02:13+00:00\" \/>\n<meta property=\"og:image\" content=\"https:\/\/selleetools.com\/wp-content\/uploads\/2023\/10\/514t1bq8Y7L.jpg\" \/>\n\t<meta property=\"og:image:width\" content=\"1500\" \/>\n\t<meta property=\"og:image:height\" content=\"1500\" \/>\n\t<meta property=\"og:image:type\" content=\"image\/jpeg\" \/>\n<meta name=\"twitter:card\" content=\"summary_large_image\" \/>\n<meta name=\"twitter:label1\" content=\"Est. reading time\" \/>\n\t<meta name=\"twitter:data1\" content=\"1 minuta\" \/>\n<!-- \/ Yoast SEO plugin. -->","yoast_head_json":{"title":"Claresa UV LED Nagellack Collection Hybrid Manik\u00fcre Soak Off Nail Polish, Farbe Gr\u00fcn, Nr 801, 5ml - Selleetools.com","robots":{"index":"index","follow":"follow","max-snippet":"max-snippet:-1","max-image-preview":"max-image-preview:large","max-video-preview":"max-video-preview:-1"},"canonical":"https:\/\/selleetools.com\/pl\/product\/claresa-uv-led-nagellack-collection-hybrid-manikure-soak-off-nail-polish-farbe-grun-nr-801-5ml\/","og_locale":"pl_PL","og_type":"article","og_title":"Claresa UV LED Nagellack Collection Hybrid Manik\u00fcre Soak Off Nail Polish, Farbe Gr\u00fcn, Nr 801, 5ml - Selleetools.com","og_description":"Hybrid-Nagellacke sind eine L\u00f6sung, die immer mehr Frauen w\u00e4hlen. Seine Popularit\u00e4t ist die Grundlage Eine richtig gemachte Hybrid-Manik\u00fcre verleiht Ihren H\u00e4nden bis zu 3 Wochen lang ein sch\u00f6nes Aussehen! Claresa-Hybridlacke bis zu 300 Farben, die nicht in der Farbe der Produkte erh\u00e4ltlich sind, Glasflaschen, auf denen Sie dank handgemalter Schablonen auf der Oberseite des Griffs ... Read moreClaresa UV LED Nagellack Collection Hybrid Manik\u00fcre Soak Off Nail Polish, Farbe Gr\u00fcn, Nr 801, 5ml","og_url":"https:\/\/selleetools.com\/pl\/product\/claresa-uv-led-nagellack-collection-hybrid-manikure-soak-off-nail-polish-farbe-grun-nr-801-5ml\/","og_site_name":"Selleetools.com","article_modified_time":"2023-12-05T11:02:13+00:00","og_image":[{"width":1500,"height":1500,"url":"https:\/\/selleetools.com\/wp-content\/uploads\/2023\/10\/514t1bq8Y7L.jpg","type":"image\/jpeg"}],"twitter_card":"summary_large_image","twitter_misc":{"Est. reading time":"1 minuta"},"schema":{"@context":"https:\/\/schema.org","@graph":[{"@type":"Organization","@id":"https:\/\/selleetools.com\/#organization","name":"Selleetools","url":"https:\/\/selleetools.com\/","sameAs":[],"logo":{"@type":"ImageObject","inLanguage":"pl-PL","@id":"https:\/\/selleetools.com\/#\/schema\/logo\/image\/","url":"https:\/\/selleetools.com\/wp-content\/uploads\/2021\/10\/logo-dark.png","contentUrl":"https:\/\/selleetools.com\/wp-content\/uploads\/2021\/10\/logo-dark.png","width":320,"height":76,"caption":"Selleetools"},"image":{"@id":"https:\/\/selleetools.com\/#\/schema\/logo\/image\/"}},{"@type":"WebSite","@id":"https:\/\/selleetools.com\/#website","url":"https:\/\/selleetools.com\/","name":"Selleetools.com","description":"","publisher":{"@id":"https:\/\/selleetools.com\/#organization"},"potentialAction":[{"@type":"SearchAction","target":{"@type":"EntryPoint","urlTemplate":"https:\/\/selleetools.com\/?s={search_term_string}"},"query-input":"required name=search_term_string"}],"inLanguage":"pl-PL"},{"@type":"WebPage","@id":"https:\/\/selleetools.com\/pl\/product\/claresa-uv-led-nagellack-collection-hybrid-manikure-soak-off-nail-polish-farbe-grun-nr-801-5ml\/","url":"https:\/\/selleetools.com\/pl\/product\/claresa-uv-led-nagellack-collection-hybrid-manikure-soak-off-nail-polish-farbe-grun-nr-801-5ml\/","name":"Claresa UV LED Nagellack Collection Hybrid Manik\u00fcre Soak Off Nail Polish, Farbe Gr\u00fcn, Nr 801, 5ml - Selleetools.com","isPartOf":{"@id":"https:\/\/selleetools.com\/#website"},"datePublished":"2023-10-08T13:41:47+00:00","dateModified":"2023-12-05T11:02:13+00:00","breadcrumb":{"@id":"https:\/\/selleetools.com\/pl\/product\/claresa-uv-led-nagellack-collection-hybrid-manikure-soak-off-nail-polish-farbe-grun-nr-801-5ml\/#breadcrumb"},"inLanguage":"pl-PL","potentialAction":[{"@type":"ReadAction","target":["https:\/\/selleetools.com\/pl\/product\/claresa-uv-led-nagellack-collection-hybrid-manikure-soak-off-nail-polish-farbe-grun-nr-801-5ml\/"]}]},{"@type":"BreadcrumbList","@id":"https:\/\/selleetools.com\/pl\/product\/claresa-uv-led-nagellack-collection-hybrid-manikure-soak-off-nail-polish-farbe-grun-nr-801-5ml\/#breadcrumb","itemListElement":[{"@type":"ListItem","position":1,"name":"Home","item":"https:\/\/selleetools.com\/pl\/"},{"@type":"ListItem","position":2,"name":"Katalog","item":"https:\/\/selleetools.com\/pl\/katalog\/"},{"@type":"ListItem","position":3,"name":"Claresa UV LED Nagellack Collection Hybrid Manik\u00fcre Soak Off Nail Polish, Farbe Gr\u00fcn, Nr 801, 5ml"}]}]}},"_links":{"self":[{"href":"https:\/\/admincentral.selleetools.com\/pl\/wp-json\/wp\/v2\/product\/294852"}],"collection":[{"href":"https:\/\/admincentral.selleetools.com\/pl\/wp-json\/wp\/v2\/product"}],"about":[{"href":"https:\/\/admincentral.selleetools.com\/pl\/wp-json\/wp\/v2\/types\/product"}],"replies":[{"embeddable":true,"href":"https:\/\/admincentral.selleetools.com\/pl\/wp-json\/wp\/v2\/comments?post=294852"}],"wp:featuredmedia":[{"embeddable":true,"href":"https:\/\/admincentral.selleetools.com\/pl\/wp-json\/wp\/v2\/media\/294828"}],"wp:attachment":[{"href":"https:\/\/admincentral.selleetools.com\/pl\/wp-json\/wp\/v2\/media?parent=294852"}],"curies":[{"name":"wp","href":"https:\/\/api.w.org\/{rel}","templated":true}]}}