{"id":297080,"date":"2023-10-08T16:41:51","date_gmt":"2023-10-08T14:41:51","guid":{"rendered":"https:\/\/selleetools.com\/?post_type=product&#038;p=297080"},"modified":"2023-12-05T12:03:49","modified_gmt":"2023-12-05T11:03:49","slug":"claresa-gail-nagellack-klar-30g-weis","status":"publish","type":"product","link":"https:\/\/admincentral.selleetools.com\/pl\/product\/claresa-gail-nagellack-klar-30g-weis\/","title":{"rendered":"Claresa Gail Nagellack Klar 30g wei\u00df"},"content":{"rendered":"<p>Polygel wei\u00df 30g Die universelle wei\u00dfe Farbe des Hybridlacks sollte in jede Kollektion aufgenommen werden &#8211; Sie k\u00f6nnen darauf sch\u00f6ne Muster und Dekorationen erstellen. Wie w\u00e4re es mit einem Polygel in dieser Farbe? Es gibt unz\u00e4hlige verschiedene Nagelstile, wie French Manicure oder Ombre. Polygel ist ein Produkt, das Acryl und Gel kombiniert &#8211; dadurch l\u00e4sst es sich sehr leicht auf N\u00e4geln formen, die lange haltbar werden.<\/p>\n","protected":false},"excerpt":{"rendered":"<p>Polygel wei\u00df 30g Die universelle wei\u00dfe Farbe des Hybridlacks sollte in jede Kollektion aufgenommen werden &#8211; Sie k\u00f6nnen darauf sch\u00f6ne Muster und Dekorationen erstellen. Wie w\u00e4re es mit einem Polygel in dieser Farbe? Es gibt unz\u00e4hlige verschiedene Nagelstile, wie French Manicure oder Ombre. Polygel ist ein Produkt, das Acryl und Gel kombiniert &#8211; dadurch l\u00e4sst &#8230; <a title=\"Claresa Gail Nagellack Klar 30g wei\u00df\" class=\"read-more\" href=\"https:\/\/admincentral.selleetools.com\/pl\/product\/claresa-gail-nagellack-klar-30g-weis\/\">Read more<span class=\"screen-reader-text\">Claresa Gail Nagellack Klar 30g wei\u00df<\/span><\/a><\/p>\n","protected":false},"featured_media":297062,"comment_status":"open","ping_status":"closed","template":"","meta":{"_links_to":"","_links_to_target":""},"yoast_head":"<!-- This site is optimized with the Yoast SEO plugin v19.4 - https:\/\/yoast.com\/wordpress\/plugins\/seo\/ -->\n<title>Claresa Gail Nagellack Klar 30g wei\u00df - Selleetools.com<\/title>\n<meta name=\"robots\" content=\"index, follow, max-snippet:-1, max-image-preview:large, max-video-preview:-1\" \/>\n<link rel=\"canonical\" href=\"https:\/\/selleetools.com\/product\/claresa-gail-nagellack-klar-30g-weis\/\" \/>\n<meta property=\"og:locale\" content=\"pl_PL\" \/>\n<meta property=\"og:type\" content=\"article\" \/>\n<meta property=\"og:title\" content=\"Claresa Gail Nagellack Klar 30g wei\u00df - Selleetools.com\" \/>\n<meta property=\"og:description\" content=\"Polygel wei\u00df 30g Die universelle wei\u00dfe Farbe des Hybridlacks sollte in jede Kollektion aufgenommen werden &#8211; Sie k\u00f6nnen darauf sch\u00f6ne Muster und Dekorationen erstellen. Wie w\u00e4re es mit einem Polygel in dieser Farbe? Es gibt unz\u00e4hlige verschiedene Nagelstile, wie French Manicure oder Ombre. Polygel ist ein Produkt, das Acryl und Gel kombiniert &#8211; dadurch l\u00e4sst ... Read moreClaresa Gail Nagellack Klar 30g wei\u00df\" \/>\n<meta property=\"og:url\" content=\"https:\/\/selleetools.com\/product\/claresa-gail-nagellack-klar-30g-weis\/\" \/>\n<meta property=\"og:site_name\" content=\"Selleetools.com\" \/>\n<meta property=\"article:modified_time\" content=\"2023-12-05T11:03:49+00:00\" \/>\n<meta property=\"og:image\" content=\"https:\/\/selleetools.com\/wp-content\/uploads\/2023\/10\/51B17cmwZfL.jpg\" \/>\n\t<meta property=\"og:image:width\" content=\"1500\" \/>\n\t<meta property=\"og:image:height\" content=\"1500\" \/>\n\t<meta property=\"og:image:type\" content=\"image\/jpeg\" \/>\n<meta name=\"twitter:card\" content=\"summary_large_image\" \/>\n<!-- \/ Yoast SEO plugin. -->","yoast_head_json":{"title":"Claresa Gail Nagellack Klar 30g wei\u00df - Selleetools.com","robots":{"index":"index","follow":"follow","max-snippet":"max-snippet:-1","max-image-preview":"max-image-preview:large","max-video-preview":"max-video-preview:-1"},"canonical":"https:\/\/selleetools.com\/product\/claresa-gail-nagellack-klar-30g-weis\/","og_locale":"pl_PL","og_type":"article","og_title":"Claresa Gail Nagellack Klar 30g wei\u00df - Selleetools.com","og_description":"Polygel wei\u00df 30g Die universelle wei\u00dfe Farbe des Hybridlacks sollte in jede Kollektion aufgenommen werden &#8211; Sie k\u00f6nnen darauf sch\u00f6ne Muster und Dekorationen erstellen. Wie w\u00e4re es mit einem Polygel in dieser Farbe? Es gibt unz\u00e4hlige verschiedene Nagelstile, wie French Manicure oder Ombre. Polygel ist ein Produkt, das Acryl und Gel kombiniert &#8211; dadurch l\u00e4sst ... Read moreClaresa Gail Nagellack Klar 30g wei\u00df","og_url":"https:\/\/selleetools.com\/product\/claresa-gail-nagellack-klar-30g-weis\/","og_site_name":"Selleetools.com","article_modified_time":"2023-12-05T11:03:49+00:00","og_image":[{"width":1500,"height":1500,"url":"https:\/\/selleetools.com\/wp-content\/uploads\/2023\/10\/51B17cmwZfL.jpg","type":"image\/jpeg"}],"twitter_card":"summary_large_image","schema":{"@context":"https:\/\/schema.org","@graph":[{"@type":"Organization","@id":"https:\/\/selleetools.com\/#organization","name":"Selleetools","url":"https:\/\/selleetools.com\/","sameAs":[],"logo":{"@type":"ImageObject","inLanguage":"pl-PL","@id":"https:\/\/selleetools.com\/#\/schema\/logo\/image\/","url":"https:\/\/selleetools.com\/wp-content\/uploads\/2021\/10\/logo-dark.png","contentUrl":"https:\/\/selleetools.com\/wp-content\/uploads\/2021\/10\/logo-dark.png","width":320,"height":76,"caption":"Selleetools"},"image":{"@id":"https:\/\/selleetools.com\/#\/schema\/logo\/image\/"}},{"@type":"WebSite","@id":"https:\/\/selleetools.com\/#website","url":"https:\/\/selleetools.com\/","name":"Selleetools.com","description":"","publisher":{"@id":"https:\/\/selleetools.com\/#organization"},"potentialAction":[{"@type":"SearchAction","target":{"@type":"EntryPoint","urlTemplate":"https:\/\/selleetools.com\/?s={search_term_string}"},"query-input":"required name=search_term_string"}],"inLanguage":"pl-PL"},{"@type":"WebPage","@id":"https:\/\/selleetools.com\/product\/claresa-gail-nagellack-klar-30g-weis\/","url":"https:\/\/selleetools.com\/product\/claresa-gail-nagellack-klar-30g-weis\/","name":"Claresa Gail Nagellack Klar 30g wei\u00df - Selleetools.com","isPartOf":{"@id":"https:\/\/selleetools.com\/#website"},"datePublished":"2023-10-08T14:41:51+00:00","dateModified":"2023-12-05T11:03:49+00:00","breadcrumb":{"@id":"https:\/\/selleetools.com\/product\/claresa-gail-nagellack-klar-30g-weis\/#breadcrumb"},"inLanguage":"pl-PL","potentialAction":[{"@type":"ReadAction","target":["https:\/\/selleetools.com\/product\/claresa-gail-nagellack-klar-30g-weis\/"]}]},{"@type":"BreadcrumbList","@id":"https:\/\/selleetools.com\/product\/claresa-gail-nagellack-klar-30g-weis\/#breadcrumb","itemListElement":[{"@type":"ListItem","position":1,"name":"Home","item":"https:\/\/selleetools.com\/pl\/"},{"@type":"ListItem","position":2,"name":"Katalog","item":"https:\/\/selleetools.com\/pl\/katalog\/"},{"@type":"ListItem","position":3,"name":"Claresa Gail Nagellack Klar 30g wei\u00df"}]}]}},"_links":{"self":[{"href":"https:\/\/admincentral.selleetools.com\/pl\/wp-json\/wp\/v2\/product\/297080"}],"collection":[{"href":"https:\/\/admincentral.selleetools.com\/pl\/wp-json\/wp\/v2\/product"}],"about":[{"href":"https:\/\/admincentral.selleetools.com\/pl\/wp-json\/wp\/v2\/types\/product"}],"replies":[{"embeddable":true,"href":"https:\/\/admincentral.selleetools.com\/pl\/wp-json\/wp\/v2\/comments?post=297080"}],"wp:featuredmedia":[{"embeddable":true,"href":"https:\/\/admincentral.selleetools.com\/pl\/wp-json\/wp\/v2\/media\/297062"}],"wp:attachment":[{"href":"https:\/\/admincentral.selleetools.com\/pl\/wp-json\/wp\/v2\/media?parent=297080"}],"curies":[{"name":"wp","href":"https:\/\/api.w.org\/{rel}","templated":true}]}}