{"id":297106,"date":"2023-10-08T16:42:06","date_gmt":"2023-10-08T14:42:06","guid":{"rendered":"https:\/\/selleetools.com\/?post_type=product&#038;p=297106"},"modified":"2023-12-05T12:05:34","modified_gmt":"2023-12-05T11:05:34","slug":"claresa-top-no-wipe-uberlack-innovativ-uv-led-top-coat-fur-hybrid-nagellack-glanzendes-finish-schutzt-transparent-5ml","status":"publish","type":"product","link":"https:\/\/admincentral.selleetools.com\/pl\/product\/claresa-top-no-wipe-uberlack-innovativ-uv-led-top-coat-fur-hybrid-nagellack-glanzendes-finish-schutzt-transparent-5ml\/","title":{"rendered":"Claresa Top No Wipe \u00dcberlack innovativ UV LED Top Coat f\u00fcr Hybrid Nagellack Gl\u00e4nzendes Finish, Sch\u00fctzt, Transparent, 5ml"},"content":{"rendered":"<p>Noch mehr Glanz! Claresa Top No Wipe ist der perfekte Abschluss Ihrer Manik\u00fcre, wenn: Sie m\u00f6chten Ihr Styling vor \u00e4u\u00dferen Einfl\u00fcssen sch\u00fctzen, Sie sind ein Fan von intensivem Glanz auf den N\u00e4geln, Sie verwenden keine Dekorationen, die eine klebrige Dispersionsschicht erfordern. Oben Kein Wischen: vergilbt bei Lichteinwirkung nicht, best\u00e4ndig gegen Lackabplatzer, verteilt sich gleichm\u00e4\u00dfig und gl\u00e4ttet die Nageloberfl\u00e4che. Es hat keine Dispersionsschicht, was bedeutet, dass Sie es nicht mit einem Reiniger reinigen m\u00fcssen. Sie werden es mit einer Hybrid-, Gel- oder Acrylstilisierung abschlie\u00dfen. Gebrauchsanweisung: 1. Eine Schicht der Base auf die entfettete Nagelplatte auftragen und 120 Sek. in einer UV-Lampe \/ 30 Sek. in einer LED-Lampe aush\u00e4rten. 2. Anschlie\u00dfend die erste Schicht farbigen Hybridlack auf den getrockneten Untergrund auftragen und 120s in einer UV\/30s-Lampe in der LED-Lampe aush\u00e4rten (Vorgang ggf. wiederholen). 3. Zum Schluss eine Schicht Top No Wipe auftragen und 120 Sek. in einer UV-Lampe \/ 30 Sek. in einer LED-Lampe aush\u00e4rten. Wenn Sie von einer anderen Manik\u00fcre tr\u00e4umen &#8211; mattes Finish, mit Dekorationen, die eine klebrige Dispersionsschicht erfordern, mit funkelnden Partikeln, schauen Sie sich andere Clares Tops an und haben Sie lange Freude an Ihrem Styling.FeaturesTop coat gel: Hochwertiger, nicht abwischbarer Decklack, der unter UV- oder LED-Lampe getrocknet werden muss.Scratch resistant: Anti-Scratch, Anti-Rub, Glassy Bright halten Perfect Nail f\u00fcr eine lange Zeit.Starke Kompatibilit\u00e4t: Kompatibel mit allen Marken Soak-off Gel-Nagellack.Trocknet in einer UV- oder LED-Lampe (Aush\u00e4rtezeiten variieren je nach Beleuchtungssystem).Paket beinhaltet: 1 x No Wipe Top Coat, Volumen: 5 ml<\/p>\n","protected":false},"excerpt":{"rendered":"<p>Noch mehr Glanz! Claresa Top No Wipe ist der perfekte Abschluss Ihrer Manik\u00fcre, wenn: Sie m\u00f6chten Ihr Styling vor \u00e4u\u00dferen Einfl\u00fcssen sch\u00fctzen, Sie sind ein Fan von intensivem Glanz auf den N\u00e4geln, Sie verwenden keine Dekorationen, die eine klebrige Dispersionsschicht erfordern. Oben Kein Wischen: vergilbt bei Lichteinwirkung nicht, best\u00e4ndig gegen Lackabplatzer, verteilt sich gleichm\u00e4\u00dfig und &#8230; <a title=\"Claresa Top No Wipe \u00dcberlack innovativ UV LED Top Coat f\u00fcr Hybrid Nagellack Gl\u00e4nzendes Finish, Sch\u00fctzt, Transparent, 5ml\" class=\"read-more\" href=\"https:\/\/admincentral.selleetools.com\/pl\/product\/claresa-top-no-wipe-uberlack-innovativ-uv-led-top-coat-fur-hybrid-nagellack-glanzendes-finish-schutzt-transparent-5ml\/\">Read more<span class=\"screen-reader-text\">Claresa Top No Wipe \u00dcberlack innovativ UV LED Top Coat f\u00fcr Hybrid Nagellack Gl\u00e4nzendes Finish, Sch\u00fctzt, Transparent, 5ml<\/span><\/a><\/p>\n","protected":false},"featured_media":297100,"comment_status":"open","ping_status":"closed","template":"","meta":{"_links_to":"","_links_to_target":""},"yoast_head":"<!-- This site is optimized with the Yoast SEO plugin v19.4 - https:\/\/yoast.com\/wordpress\/plugins\/seo\/ -->\n<title>Claresa Top No Wipe \u00dcberlack innovativ UV LED Top Coat f\u00fcr Hybrid Nagellack Gl\u00e4nzendes Finish, Sch\u00fctzt, Transparent, 5ml - Selleetools.com<\/title>\n<meta name=\"robots\" content=\"index, follow, max-snippet:-1, max-image-preview:large, max-video-preview:-1\" \/>\n<link rel=\"canonical\" href=\"https:\/\/admincentral.selleetools.com\/product\/claresa-top-no-wipe-uberlack-innovativ-uv-led-top-coat-fur-hybrid-nagellack-glanzendes-finish-schutzt-transparent-5ml\/\" \/>\n<meta property=\"og:locale\" content=\"pl_PL\" \/>\n<meta property=\"og:type\" content=\"article\" \/>\n<meta property=\"og:title\" content=\"Claresa Top No Wipe \u00dcberlack innovativ UV LED Top Coat f\u00fcr Hybrid Nagellack Gl\u00e4nzendes Finish, Sch\u00fctzt, Transparent, 5ml - Selleetools.com\" \/>\n<meta property=\"og:description\" content=\"Noch mehr Glanz! Claresa Top No Wipe ist der perfekte Abschluss Ihrer Manik\u00fcre, wenn: Sie m\u00f6chten Ihr Styling vor \u00e4u\u00dferen Einfl\u00fcssen sch\u00fctzen, Sie sind ein Fan von intensivem Glanz auf den N\u00e4geln, Sie verwenden keine Dekorationen, die eine klebrige Dispersionsschicht erfordern. Oben Kein Wischen: vergilbt bei Lichteinwirkung nicht, best\u00e4ndig gegen Lackabplatzer, verteilt sich gleichm\u00e4\u00dfig und ... Read moreClaresa Top No Wipe \u00dcberlack innovativ UV LED Top Coat f\u00fcr Hybrid Nagellack Gl\u00e4nzendes Finish, Sch\u00fctzt, Transparent, 5ml\" \/>\n<meta property=\"og:url\" content=\"https:\/\/admincentral.selleetools.com\/product\/claresa-top-no-wipe-uberlack-innovativ-uv-led-top-coat-fur-hybrid-nagellack-glanzendes-finish-schutzt-transparent-5ml\/\" \/>\n<meta property=\"og:site_name\" content=\"Selleetools.com\" \/>\n<meta property=\"article:modified_time\" content=\"2023-12-05T11:05:34+00:00\" \/>\n<meta property=\"og:image\" content=\"https:\/\/selleetools.com\/wp-content\/uploads\/2023\/10\/51Q1C1pYksL.jpg\" \/>\n\t<meta property=\"og:image:width\" content=\"1500\" \/>\n\t<meta property=\"og:image:height\" content=\"1500\" \/>\n\t<meta property=\"og:image:type\" content=\"image\/jpeg\" \/>\n<meta name=\"twitter:card\" content=\"summary_large_image\" \/>\n<meta name=\"twitter:label1\" content=\"Est. reading time\" \/>\n\t<meta name=\"twitter:data1\" content=\"1 minuta\" \/>\n<!-- \/ Yoast SEO plugin. -->","yoast_head_json":{"title":"Claresa Top No Wipe \u00dcberlack innovativ UV LED Top Coat f\u00fcr Hybrid Nagellack Gl\u00e4nzendes Finish, Sch\u00fctzt, Transparent, 5ml - Selleetools.com","robots":{"index":"index","follow":"follow","max-snippet":"max-snippet:-1","max-image-preview":"max-image-preview:large","max-video-preview":"max-video-preview:-1"},"canonical":"https:\/\/admincentral.selleetools.com\/product\/claresa-top-no-wipe-uberlack-innovativ-uv-led-top-coat-fur-hybrid-nagellack-glanzendes-finish-schutzt-transparent-5ml\/","og_locale":"pl_PL","og_type":"article","og_title":"Claresa Top No Wipe \u00dcberlack innovativ UV LED Top Coat f\u00fcr Hybrid Nagellack Gl\u00e4nzendes Finish, Sch\u00fctzt, Transparent, 5ml - Selleetools.com","og_description":"Noch mehr Glanz! Claresa Top No Wipe ist der perfekte Abschluss Ihrer Manik\u00fcre, wenn: Sie m\u00f6chten Ihr Styling vor \u00e4u\u00dferen Einfl\u00fcssen sch\u00fctzen, Sie sind ein Fan von intensivem Glanz auf den N\u00e4geln, Sie verwenden keine Dekorationen, die eine klebrige Dispersionsschicht erfordern. Oben Kein Wischen: vergilbt bei Lichteinwirkung nicht, best\u00e4ndig gegen Lackabplatzer, verteilt sich gleichm\u00e4\u00dfig und ... Read moreClaresa Top No Wipe \u00dcberlack innovativ UV LED Top Coat f\u00fcr Hybrid Nagellack Gl\u00e4nzendes Finish, Sch\u00fctzt, Transparent, 5ml","og_url":"https:\/\/admincentral.selleetools.com\/product\/claresa-top-no-wipe-uberlack-innovativ-uv-led-top-coat-fur-hybrid-nagellack-glanzendes-finish-schutzt-transparent-5ml\/","og_site_name":"Selleetools.com","article_modified_time":"2023-12-05T11:05:34+00:00","og_image":[{"width":1500,"height":1500,"url":"https:\/\/selleetools.com\/wp-content\/uploads\/2023\/10\/51Q1C1pYksL.jpg","type":"image\/jpeg"}],"twitter_card":"summary_large_image","twitter_misc":{"Est. reading time":"1 minuta"},"schema":{"@context":"https:\/\/schema.org","@graph":[{"@type":"Organization","@id":"https:\/\/selleetools.com\/#organization","name":"Selleetools","url":"https:\/\/selleetools.com\/","sameAs":[],"logo":{"@type":"ImageObject","inLanguage":"pl-PL","@id":"https:\/\/selleetools.com\/#\/schema\/logo\/image\/","url":"https:\/\/selleetools.com\/wp-content\/uploads\/2021\/10\/logo-dark.png","contentUrl":"https:\/\/selleetools.com\/wp-content\/uploads\/2021\/10\/logo-dark.png","width":320,"height":76,"caption":"Selleetools"},"image":{"@id":"https:\/\/selleetools.com\/#\/schema\/logo\/image\/"}},{"@type":"WebSite","@id":"https:\/\/selleetools.com\/#website","url":"https:\/\/selleetools.com\/","name":"Selleetools.com","description":"","publisher":{"@id":"https:\/\/selleetools.com\/#organization"},"potentialAction":[{"@type":"SearchAction","target":{"@type":"EntryPoint","urlTemplate":"https:\/\/selleetools.com\/?s={search_term_string}"},"query-input":"required name=search_term_string"}],"inLanguage":"pl-PL"},{"@type":"WebPage","@id":"https:\/\/admincentral.selleetools.com\/product\/claresa-top-no-wipe-uberlack-innovativ-uv-led-top-coat-fur-hybrid-nagellack-glanzendes-finish-schutzt-transparent-5ml\/","url":"https:\/\/admincentral.selleetools.com\/product\/claresa-top-no-wipe-uberlack-innovativ-uv-led-top-coat-fur-hybrid-nagellack-glanzendes-finish-schutzt-transparent-5ml\/","name":"Claresa Top No Wipe \u00dcberlack innovativ UV LED Top Coat f\u00fcr Hybrid Nagellack Gl\u00e4nzendes Finish, Sch\u00fctzt, Transparent, 5ml - Selleetools.com","isPartOf":{"@id":"https:\/\/selleetools.com\/#website"},"datePublished":"2023-10-08T14:42:06+00:00","dateModified":"2023-12-05T11:05:34+00:00","breadcrumb":{"@id":"https:\/\/admincentral.selleetools.com\/product\/claresa-top-no-wipe-uberlack-innovativ-uv-led-top-coat-fur-hybrid-nagellack-glanzendes-finish-schutzt-transparent-5ml\/#breadcrumb"},"inLanguage":"pl-PL","potentialAction":[{"@type":"ReadAction","target":["https:\/\/admincentral.selleetools.com\/product\/claresa-top-no-wipe-uberlack-innovativ-uv-led-top-coat-fur-hybrid-nagellack-glanzendes-finish-schutzt-transparent-5ml\/"]}]},{"@type":"BreadcrumbList","@id":"https:\/\/admincentral.selleetools.com\/product\/claresa-top-no-wipe-uberlack-innovativ-uv-led-top-coat-fur-hybrid-nagellack-glanzendes-finish-schutzt-transparent-5ml\/#breadcrumb","itemListElement":[{"@type":"ListItem","position":1,"name":"Home","item":"https:\/\/selleetools.com\/pl\/"},{"@type":"ListItem","position":2,"name":"Katalog","item":"https:\/\/selleetools.com\/pl\/katalog\/"},{"@type":"ListItem","position":3,"name":"Claresa Top No Wipe \u00dcberlack innovativ UV LED Top Coat f\u00fcr Hybrid Nagellack Gl\u00e4nzendes Finish, Sch\u00fctzt, Transparent, 5ml"}]}]}},"_links":{"self":[{"href":"https:\/\/admincentral.selleetools.com\/pl\/wp-json\/wp\/v2\/product\/297106"}],"collection":[{"href":"https:\/\/admincentral.selleetools.com\/pl\/wp-json\/wp\/v2\/product"}],"about":[{"href":"https:\/\/admincentral.selleetools.com\/pl\/wp-json\/wp\/v2\/types\/product"}],"replies":[{"embeddable":true,"href":"https:\/\/admincentral.selleetools.com\/pl\/wp-json\/wp\/v2\/comments?post=297106"}],"wp:featuredmedia":[{"embeddable":true,"href":"https:\/\/admincentral.selleetools.com\/pl\/wp-json\/wp\/v2\/media\/297100"}],"wp:attachment":[{"href":"https:\/\/admincentral.selleetools.com\/pl\/wp-json\/wp\/v2\/media?parent=297106"}],"curies":[{"name":"wp","href":"https:\/\/api.w.org\/{rel}","templated":true}]}}