{"id":297125,"date":"2023-10-08T16:42:16","date_gmt":"2023-10-08T14:42:16","guid":{"rendered":"https:\/\/selleetools.com\/?post_type=product&#038;p=297125"},"modified":"2023-12-05T12:05:34","modified_gmt":"2023-12-05T11:05:34","slug":"claresa-top-glitter-no-wipe-uberlack-innovativ-uv-led-top-coat-fur-hybrid-nagellack-glanzendes-finish-schutzt-transparent-with-blue-dust-5ml","status":"publish","type":"product","link":"https:\/\/admincentral.selleetools.com\/pl\/product\/claresa-top-glitter-no-wipe-uberlack-innovativ-uv-led-top-coat-fur-hybrid-nagellack-glanzendes-finish-schutzt-transparent-with-blue-dust-5ml\/","title":{"rendered":"Claresa Top Glitter No Wipe \u00dcberlack innovativ UV LED Top Coat f\u00fcr Hybrid Nagellack Gl\u00e4nzendes Finish, Sch\u00fctzt, Transparent with blue dust, 5ml"},"content":{"rendered":"<p>CLARESA TOP NO WIPE 5G GLITTER BLAU UV \/ LED, TOP HYBRID DICHTE 3\/5 SPEZIALIT\u00c4T Verwandelt Ihre Manik\u00fcre in funkelnde Libellenfl\u00fcgel. F\u00dcR WEN? F\u00fcr diejenigen, die ein wenig Magie wollen. FARBE Transparent mit blauem Staub. AUSH\u00c4RTUNG Standard &#8211; UV \/ LED Hybrid-Top mit blauem Glitzerstaub Ein mitteldickes Brokat-Top mit blauen Partikeln f\u00fcr eine Hybrid-Manik\u00fcre ist eine M\u00f6glichkeit, Ihre N\u00e4gel in nur wenigen Augenblicken effektvoll zu dekorieren. Die Partikel schimmern ph\u00e4nomenal in allen Lichtarten, der Effekt ist umwerfend. Greifen Sie nach Top No Wipe Glitter Blue und erfreuen Sie sich daran. Tragen Sie die Oberseite auf einen beliebigen Hybridlack auf und spielen Sie mit Farben. Das Styling mit diesem Top ist sowohl ein Vorschlag f\u00fcr einen eleganten Abend als auch f\u00fcr das t\u00e4gliche Styling. Auf die letzte Schicht Hybridlack wird wischfreier Decklack aufgetragen und in einer UV\/LED-Lampe ausgeh\u00e4rtet. Es wurde entwickelt, um die Haltbarkeit der Manik\u00fcre zu verl\u00e4ngern. Dank dessen ist Ihre Stilisierung widerstandsf\u00e4hig gegen \u00e4u\u00dfere Besch\u00e4digungen. Sie k\u00f6nnen sich lange an einer sch\u00f6nen Manik\u00fcre erfreuen. Oberseite kein Abwischen &#8211; kein Nachsp\u00fclen mit Reiniger erforderlich.FeaturesGlitzer-Top mit blauen Partikeln f\u00fcr die Hybrid-Manik\u00fcreTop coat gel: Hochwertiger, nicht abwischbarer Decklack, der unter UV- oder LED-Lampe getrocknet werden muss.Scratch resistant: Anti-Scratch, Anti-Rub, Glassy Bright halten Perfect Nail f\u00fcr eine lange Zeit.Trocknet in einer UV- oder LED-Lampe (Aush\u00e4rtezeiten variieren je nach Beleuchtungssystem).Paket beinhaltet: 1 x No Wipe Top Coat, Volumen: 5 ml<\/p>\n","protected":false},"excerpt":{"rendered":"<p>CLARESA TOP NO WIPE 5G GLITTER BLAU UV \/ LED, TOP HYBRID DICHTE 3\/5 SPEZIALIT\u00c4T Verwandelt Ihre Manik\u00fcre in funkelnde Libellenfl\u00fcgel. F\u00dcR WEN? F\u00fcr diejenigen, die ein wenig Magie wollen. FARBE Transparent mit blauem Staub. AUSH\u00c4RTUNG Standard &#8211; UV \/ LED Hybrid-Top mit blauem Glitzerstaub Ein mitteldickes Brokat-Top mit blauen Partikeln f\u00fcr eine Hybrid-Manik\u00fcre ist &#8230; <a title=\"Claresa Top Glitter No Wipe \u00dcberlack innovativ UV LED Top Coat f\u00fcr Hybrid Nagellack Gl\u00e4nzendes Finish, Sch\u00fctzt, Transparent with blue dust, 5ml\" class=\"read-more\" href=\"https:\/\/admincentral.selleetools.com\/pl\/product\/claresa-top-glitter-no-wipe-uberlack-innovativ-uv-led-top-coat-fur-hybrid-nagellack-glanzendes-finish-schutzt-transparent-with-blue-dust-5ml\/\">Read more<span class=\"screen-reader-text\">Claresa Top Glitter No Wipe \u00dcberlack innovativ UV LED Top Coat f\u00fcr Hybrid Nagellack Gl\u00e4nzendes Finish, Sch\u00fctzt, Transparent with blue dust, 5ml<\/span><\/a><\/p>\n","protected":false},"featured_media":297107,"comment_status":"open","ping_status":"closed","template":"","meta":{"_links_to":"","_links_to_target":""},"yoast_head":"<!-- This site is optimized with the Yoast SEO plugin v19.4 - https:\/\/yoast.com\/wordpress\/plugins\/seo\/ -->\n<title>Claresa Top Glitter No Wipe \u00dcberlack innovativ UV LED Top Coat f\u00fcr Hybrid Nagellack Gl\u00e4nzendes Finish, Sch\u00fctzt, Transparent with blue dust, 5ml - Selleetools.com<\/title>\n<meta name=\"robots\" content=\"index, follow, max-snippet:-1, max-image-preview:large, max-video-preview:-1\" \/>\n<link rel=\"canonical\" href=\"https:\/\/selleetools.com\/product\/claresa-top-glitter-no-wipe-uberlack-innovativ-uv-led-top-coat-fur-hybrid-nagellack-glanzendes-finish-schutzt-transparent-with-blue-dust-5ml\/\" \/>\n<meta property=\"og:locale\" content=\"pl_PL\" \/>\n<meta property=\"og:type\" content=\"article\" \/>\n<meta property=\"og:title\" content=\"Claresa Top Glitter No Wipe \u00dcberlack innovativ UV LED Top Coat f\u00fcr Hybrid Nagellack Gl\u00e4nzendes Finish, Sch\u00fctzt, Transparent with blue dust, 5ml - Selleetools.com\" \/>\n<meta property=\"og:description\" content=\"CLARESA TOP NO WIPE 5G GLITTER BLAU UV \/ LED, TOP HYBRID DICHTE 3\/5 SPEZIALIT\u00c4T Verwandelt Ihre Manik\u00fcre in funkelnde Libellenfl\u00fcgel. F\u00dcR WEN? F\u00fcr diejenigen, die ein wenig Magie wollen. FARBE Transparent mit blauem Staub. AUSH\u00c4RTUNG Standard &#8211; UV \/ LED Hybrid-Top mit blauem Glitzerstaub Ein mitteldickes Brokat-Top mit blauen Partikeln f\u00fcr eine Hybrid-Manik\u00fcre ist ... Read moreClaresa Top Glitter No Wipe \u00dcberlack innovativ UV LED Top Coat f\u00fcr Hybrid Nagellack Gl\u00e4nzendes Finish, Sch\u00fctzt, Transparent with blue dust, 5ml\" \/>\n<meta property=\"og:url\" content=\"https:\/\/selleetools.com\/product\/claresa-top-glitter-no-wipe-uberlack-innovativ-uv-led-top-coat-fur-hybrid-nagellack-glanzendes-finish-schutzt-transparent-with-blue-dust-5ml\/\" \/>\n<meta property=\"og:site_name\" content=\"Selleetools.com\" \/>\n<meta property=\"article:modified_time\" content=\"2023-12-05T11:05:34+00:00\" \/>\n<meta property=\"og:image\" content=\"https:\/\/selleetools.com\/wp-content\/uploads\/2023\/10\/51x2uBaH19L.jpg\" \/>\n\t<meta property=\"og:image:width\" content=\"1500\" \/>\n\t<meta property=\"og:image:height\" content=\"1500\" \/>\n\t<meta property=\"og:image:type\" content=\"image\/jpeg\" \/>\n<meta name=\"twitter:card\" content=\"summary_large_image\" \/>\n<meta name=\"twitter:label1\" content=\"Est. reading time\" \/>\n\t<meta name=\"twitter:data1\" content=\"1 minuta\" \/>\n<!-- \/ Yoast SEO plugin. -->","yoast_head_json":{"title":"Claresa Top Glitter No Wipe \u00dcberlack innovativ UV LED Top Coat f\u00fcr Hybrid Nagellack Gl\u00e4nzendes Finish, Sch\u00fctzt, Transparent with blue dust, 5ml - Selleetools.com","robots":{"index":"index","follow":"follow","max-snippet":"max-snippet:-1","max-image-preview":"max-image-preview:large","max-video-preview":"max-video-preview:-1"},"canonical":"https:\/\/selleetools.com\/product\/claresa-top-glitter-no-wipe-uberlack-innovativ-uv-led-top-coat-fur-hybrid-nagellack-glanzendes-finish-schutzt-transparent-with-blue-dust-5ml\/","og_locale":"pl_PL","og_type":"article","og_title":"Claresa Top Glitter No Wipe \u00dcberlack innovativ UV LED Top Coat f\u00fcr Hybrid Nagellack Gl\u00e4nzendes Finish, Sch\u00fctzt, Transparent with blue dust, 5ml - Selleetools.com","og_description":"CLARESA TOP NO WIPE 5G GLITTER BLAU UV \/ LED, TOP HYBRID DICHTE 3\/5 SPEZIALIT\u00c4T Verwandelt Ihre Manik\u00fcre in funkelnde Libellenfl\u00fcgel. F\u00dcR WEN? F\u00fcr diejenigen, die ein wenig Magie wollen. FARBE Transparent mit blauem Staub. AUSH\u00c4RTUNG Standard &#8211; UV \/ LED Hybrid-Top mit blauem Glitzerstaub Ein mitteldickes Brokat-Top mit blauen Partikeln f\u00fcr eine Hybrid-Manik\u00fcre ist ... Read moreClaresa Top Glitter No Wipe \u00dcberlack innovativ UV LED Top Coat f\u00fcr Hybrid Nagellack Gl\u00e4nzendes Finish, Sch\u00fctzt, Transparent with blue dust, 5ml","og_url":"https:\/\/selleetools.com\/product\/claresa-top-glitter-no-wipe-uberlack-innovativ-uv-led-top-coat-fur-hybrid-nagellack-glanzendes-finish-schutzt-transparent-with-blue-dust-5ml\/","og_site_name":"Selleetools.com","article_modified_time":"2023-12-05T11:05:34+00:00","og_image":[{"width":1500,"height":1500,"url":"https:\/\/selleetools.com\/wp-content\/uploads\/2023\/10\/51x2uBaH19L.jpg","type":"image\/jpeg"}],"twitter_card":"summary_large_image","twitter_misc":{"Est. reading time":"1 minuta"},"schema":{"@context":"https:\/\/schema.org","@graph":[{"@type":"Organization","@id":"https:\/\/selleetools.com\/#organization","name":"Selleetools","url":"https:\/\/selleetools.com\/","sameAs":[],"logo":{"@type":"ImageObject","inLanguage":"pl-PL","@id":"https:\/\/selleetools.com\/#\/schema\/logo\/image\/","url":"https:\/\/selleetools.com\/wp-content\/uploads\/2021\/10\/logo-dark.png","contentUrl":"https:\/\/selleetools.com\/wp-content\/uploads\/2021\/10\/logo-dark.png","width":320,"height":76,"caption":"Selleetools"},"image":{"@id":"https:\/\/selleetools.com\/#\/schema\/logo\/image\/"}},{"@type":"WebSite","@id":"https:\/\/selleetools.com\/#website","url":"https:\/\/selleetools.com\/","name":"Selleetools.com","description":"","publisher":{"@id":"https:\/\/selleetools.com\/#organization"},"potentialAction":[{"@type":"SearchAction","target":{"@type":"EntryPoint","urlTemplate":"https:\/\/selleetools.com\/?s={search_term_string}"},"query-input":"required name=search_term_string"}],"inLanguage":"pl-PL"},{"@type":"WebPage","@id":"https:\/\/selleetools.com\/product\/claresa-top-glitter-no-wipe-uberlack-innovativ-uv-led-top-coat-fur-hybrid-nagellack-glanzendes-finish-schutzt-transparent-with-blue-dust-5ml\/","url":"https:\/\/selleetools.com\/product\/claresa-top-glitter-no-wipe-uberlack-innovativ-uv-led-top-coat-fur-hybrid-nagellack-glanzendes-finish-schutzt-transparent-with-blue-dust-5ml\/","name":"Claresa Top Glitter No Wipe \u00dcberlack innovativ UV LED Top Coat f\u00fcr Hybrid Nagellack Gl\u00e4nzendes Finish, Sch\u00fctzt, Transparent with blue dust, 5ml - Selleetools.com","isPartOf":{"@id":"https:\/\/selleetools.com\/#website"},"datePublished":"2023-10-08T14:42:16+00:00","dateModified":"2023-12-05T11:05:34+00:00","breadcrumb":{"@id":"https:\/\/selleetools.com\/product\/claresa-top-glitter-no-wipe-uberlack-innovativ-uv-led-top-coat-fur-hybrid-nagellack-glanzendes-finish-schutzt-transparent-with-blue-dust-5ml\/#breadcrumb"},"inLanguage":"pl-PL","potentialAction":[{"@type":"ReadAction","target":["https:\/\/selleetools.com\/product\/claresa-top-glitter-no-wipe-uberlack-innovativ-uv-led-top-coat-fur-hybrid-nagellack-glanzendes-finish-schutzt-transparent-with-blue-dust-5ml\/"]}]},{"@type":"BreadcrumbList","@id":"https:\/\/selleetools.com\/product\/claresa-top-glitter-no-wipe-uberlack-innovativ-uv-led-top-coat-fur-hybrid-nagellack-glanzendes-finish-schutzt-transparent-with-blue-dust-5ml\/#breadcrumb","itemListElement":[{"@type":"ListItem","position":1,"name":"Home","item":"https:\/\/selleetools.com\/pl\/"},{"@type":"ListItem","position":2,"name":"Katalog","item":"https:\/\/selleetools.com\/pl\/katalog\/"},{"@type":"ListItem","position":3,"name":"Claresa Top Glitter No Wipe \u00dcberlack innovativ UV LED Top Coat f\u00fcr Hybrid Nagellack Gl\u00e4nzendes Finish, Sch\u00fctzt, Transparent with blue dust, 5ml"}]}]}},"_links":{"self":[{"href":"https:\/\/admincentral.selleetools.com\/pl\/wp-json\/wp\/v2\/product\/297125"}],"collection":[{"href":"https:\/\/admincentral.selleetools.com\/pl\/wp-json\/wp\/v2\/product"}],"about":[{"href":"https:\/\/admincentral.selleetools.com\/pl\/wp-json\/wp\/v2\/types\/product"}],"replies":[{"embeddable":true,"href":"https:\/\/admincentral.selleetools.com\/pl\/wp-json\/wp\/v2\/comments?post=297125"}],"wp:featuredmedia":[{"embeddable":true,"href":"https:\/\/admincentral.selleetools.com\/pl\/wp-json\/wp\/v2\/media\/297107"}],"wp:attachment":[{"href":"https:\/\/admincentral.selleetools.com\/pl\/wp-json\/wp\/v2\/media?parent=297125"}],"curies":[{"name":"wp","href":"https:\/\/api.w.org\/{rel}","templated":true}]}}