{"id":311853,"date":"2024-01-26T17:21:11","date_gmt":"2024-01-26T16:21:11","guid":{"rendered":"https:\/\/selleetools.com\/product\/strandwagen-leicht-aufblasbar-universell-sie-konnen-es-einfach-an-alles-befestigen-und-nach-gebrauch-flach-zusammenfalten-der-perfekte-begleiter\/"},"modified":"2024-01-27T16:09:43","modified_gmt":"2024-01-27T15:09:43","slug":"strandwagen-leicht-aufblasbar-universell-sie-konnen-es-einfach-an-alles-befestigen-und-nach-gebrauch-flach-zusammenfalten-der-perfekte-begleiter","status":"publish","type":"product","link":"https:\/\/admincentral.selleetools.com\/pl\/product\/strandwagen-leicht-aufblasbar-universell-sie-konnen-es-einfach-an-alles-befestigen-und-nach-gebrauch-flach-zusammenfalten-der-perfekte-begleiter\/","title":{"rendered":"Strandwagen \u2013 leicht, aufblasbar, universell. Sie k\u00f6nnen es einfach an Alles befestigen und nach Gebrauch flach zusammenfalten. Der perfekte Begleiter"},"content":{"rendered":"<p>Mit diesem bollerwagen k\u00f6nnen Sie ihn an einer Vielzahl von Gegenst\u00e4nden befestigen, beispielsweise an einer Strandliege, auf der Sie Ihre Taschen ablegen k\u00f6nnen, oder an klappbaren St\u00fchlen, die sich perfekt zum Mitnehmen an den Strand eignen. Sobald es leer ist, l\u00e4sst es sich einfach flach zusammenfalten und erm\u00f6glicht so eine bequeme und platzsparende Aufbewahrung im Kofferraum. Es bewegt sich perfekt auf verschiedenen Oberfl\u00e4chen, auch auf losem Sand am Strand. Das Aufpumpen ist einfach und erfordert keine zus\u00e4tzliche Pumpe. Es handelt sich um ein polnisches Produkt, was seine Qualit\u00e4t zus\u00e4tzlich best\u00e4tigt.<\/p>\n<p>&nbsp;<\/p>\n<ul class=\"a-unordered-list a-vertical a-spacing-mini\">\n<li class=\"a-spacing-mini\"><span class=\"a-list-item\"> Mobilit\u00e4t und einfacher Transport: Befestigen Sie den Strandwagen einfach an allem, um ihn bequem zum Strand oder zu anderen Erholungsgebieten zu transportieren. <\/span><\/li>\n<li class=\"a-spacing-mini\"><span class=\"a-list-item\"> Transport des Kinderwagens selbst: Im zusammengeklappten Zustand nimmt der Kinderwagen nur minimalen Platz im Auto ein und ist daher leicht zu verstauen und zu transportieren. <\/span><\/li>\n<li class=\"a-spacing-mini\"><span class=\"a-list-item\"> Vielseitig: Aufblasbare R\u00e4der bieten hervorragenden Halt auf verschiedenen Oberfl\u00e4chen wie Sand, Gras und Kies und erleichtern so das Fahren des Kinderwagens auf verschiedenen Oberfl\u00e4chen. <\/span><\/li>\n<li class=\"a-spacing-mini\"><span class=\"a-list-item\"> Komfort und Stabilit\u00e4t: Die aufblasbaren R\u00e4der absorbieren St\u00f6\u00dfe und Unebenheiten im Gel\u00e4nde, was zu einem h\u00f6heren Fahrkomfort sowohl f\u00fcr den Fahrer des Kinderwagens als auch f\u00fcr die mitgef\u00fchrten Gegenst\u00e4nde f\u00fchrt. <\/span><\/li>\n<li class=\"a-spacing-mini\"><span class=\"a-list-item\"> Leicht zu transportierendes Gep\u00e4ck: Mit dem Strandwagen k\u00f6nnen Sie Strandzubeh\u00f6r, Lebensmittel, Getr\u00e4nke oder Strandausr\u00fcstung problemlos transportieren, ohne alles auf dem R\u00fccken tragen zu m\u00fcssen. <\/span><\/li>\n<li class=\"a-spacing-mini\"><span class=\"a-list-item\"> Stabilit\u00e4t des Gep\u00e4cks: Die solide Konstruktion und die M\u00f6glichkeit, dank des Trolleys mehr Gegenst\u00e4nde zu transportieren, erh\u00f6hen die Stabilit\u00e4t des Gep\u00e4cks, was besonders bei Reisen \u00fcber unwegsames Gel\u00e4nde wichtig ist. <\/span><\/li>\n<li class=\"a-spacing-mini\"><span class=\"a-list-item\"> Schnelles und einfaches Auf- und Zuklappen: Das einfache Auf- und Zuklappen des Strandwagens spart Zeit und M\u00fche, was wichtig ist, wenn Sie sich schnell auf die Entspannung am Strand vorbereiten m\u00f6chten. <\/span><\/li>\n<\/ul>\n<p>&nbsp;<\/p>\n<div class=\"a-expander-content a-expander-extend-content a-expander-content-expanded\">\n<ul class=\"a-unordered-list a-vertical a-spacing-none\">\n<li class=\"a-spacing-mini\"><span class=\"a-list-item\">Haltbarkeit und Qualit\u00e4t der Materialien: Der Kinderwagen besteht aus hochwertigen Materialien und ist langlebig und witterungsbest\u00e4ndig, was eine langfristige Nutzung gew\u00e4hrleistet.<\/span><\/li>\n<li class=\"a-spacing-mini\"><span class=\"a-list-item\">\u00c4sthetisches Design: Der Strandwagen hat ein attraktives Design, was ihn nicht nur praktisch, sondern auch zu einer \u00e4sthetisch ansprechenden Strandausr\u00fcstung macht.<\/span><\/li>\n<li class=\"a-spacing-mini\"><span class=\"a-list-item\">Hergestellt in Polen, direkt vom Hersteller, patentiertes Produkt.<\/span><\/li>\n<\/ul>\n<\/div>\n<p>&nbsp;<\/p>\n","protected":false},"excerpt":{"rendered":"<p>Mit diesem bollerwagen k\u00f6nnen Sie ihn an einer Vielzahl von Gegenst\u00e4nden befestigen, beispielsweise an einer Strandliege, auf der Sie Ihre Taschen ablegen k\u00f6nnen, oder an klappbaren St\u00fchlen, die sich perfekt zum Mitnehmen an den Strand eignen. Sobald es leer ist, l\u00e4sst es sich einfach flach zusammenfalten und erm\u00f6glicht so eine bequeme und platzsparende Aufbewahrung im &#8230; <a title=\"Strandwagen \u2013 leicht, aufblasbar, universell. Sie k\u00f6nnen es einfach an Alles befestigen und nach Gebrauch flach zusammenfalten. Der perfekte Begleiter\" class=\"read-more\" href=\"https:\/\/admincentral.selleetools.com\/pl\/product\/strandwagen-leicht-aufblasbar-universell-sie-konnen-es-einfach-an-alles-befestigen-und-nach-gebrauch-flach-zusammenfalten-der-perfekte-begleiter\/\">Read more<span class=\"screen-reader-text\">Strandwagen \u2013 leicht, aufblasbar, universell. Sie k\u00f6nnen es einfach an Alles befestigen und nach Gebrauch flach zusammenfalten. Der perfekte Begleiter<\/span><\/a><\/p>\n","protected":false},"featured_media":311843,"comment_status":"closed","ping_status":"closed","template":"","meta":{"_links_to":"","_links_to_target":""},"yoast_head":"<!-- This site is optimized with the Yoast SEO plugin v19.4 - https:\/\/yoast.com\/wordpress\/plugins\/seo\/ -->\n<title>Strandwagen \u2013 leicht, aufblasbar, universell. Sie k\u00f6nnen es einfach an Alles befestigen und nach Gebrauch flach zusammenfalten. Der perfekte Begleiter - Selleetools.com<\/title>\n<meta name=\"robots\" content=\"index, follow, max-snippet:-1, max-image-preview:large, max-video-preview:-1\" \/>\n<link rel=\"canonical\" href=\"https:\/\/admincentral.selleetools.com\/pl\/product\/strandwagen-leicht-aufblasbar-universell-sie-konnen-es-einfach-an-alles-befestigen-und-nach-gebrauch-flach-zusammenfalten-der-perfekte-begleiter\/\" \/>\n<meta property=\"og:locale\" content=\"pl_PL\" \/>\n<meta property=\"og:type\" content=\"article\" \/>\n<meta property=\"og:title\" content=\"Strandwagen \u2013 leicht, aufblasbar, universell. Sie k\u00f6nnen es einfach an Alles befestigen und nach Gebrauch flach zusammenfalten. Der perfekte Begleiter - Selleetools.com\" \/>\n<meta property=\"og:description\" content=\"Mit diesem bollerwagen k\u00f6nnen Sie ihn an einer Vielzahl von Gegenst\u00e4nden befestigen, beispielsweise an einer Strandliege, auf der Sie Ihre Taschen ablegen k\u00f6nnen, oder an klappbaren St\u00fchlen, die sich perfekt zum Mitnehmen an den Strand eignen. Sobald es leer ist, l\u00e4sst es sich einfach flach zusammenfalten und erm\u00f6glicht so eine bequeme und platzsparende Aufbewahrung im ... Read moreStrandwagen \u2013 leicht, aufblasbar, universell. Sie k\u00f6nnen es einfach an Alles befestigen und nach Gebrauch flach zusammenfalten. Der perfekte Begleiter\" \/>\n<meta property=\"og:url\" content=\"https:\/\/admincentral.selleetools.com\/pl\/product\/strandwagen-leicht-aufblasbar-universell-sie-konnen-es-einfach-an-alles-befestigen-und-nach-gebrauch-flach-zusammenfalten-der-perfekte-begleiter\/\" \/>\n<meta property=\"og:site_name\" content=\"Selleetools.com\" \/>\n<meta property=\"article:modified_time\" content=\"2024-01-27T15:09:43+00:00\" \/>\n<meta property=\"og:image\" content=\"https:\/\/selleetools.com\/wp-content\/uploads\/2024\/01\/Main5-Duzy.jpg\" \/>\n\t<meta property=\"og:image:width\" content=\"1440\" \/>\n\t<meta property=\"og:image:height\" content=\"1080\" \/>\n\t<meta property=\"og:image:type\" content=\"image\/jpeg\" \/>\n<meta name=\"twitter:card\" content=\"summary_large_image\" \/>\n<meta name=\"twitter:label1\" content=\"Est. reading time\" \/>\n\t<meta name=\"twitter:data1\" content=\"2 minuty\" \/>\n<!-- \/ Yoast SEO plugin. -->","yoast_head_json":{"title":"Strandwagen \u2013 leicht, aufblasbar, universell. Sie k\u00f6nnen es einfach an Alles befestigen und nach Gebrauch flach zusammenfalten. Der perfekte Begleiter - Selleetools.com","robots":{"index":"index","follow":"follow","max-snippet":"max-snippet:-1","max-image-preview":"max-image-preview:large","max-video-preview":"max-video-preview:-1"},"canonical":"https:\/\/admincentral.selleetools.com\/pl\/product\/strandwagen-leicht-aufblasbar-universell-sie-konnen-es-einfach-an-alles-befestigen-und-nach-gebrauch-flach-zusammenfalten-der-perfekte-begleiter\/","og_locale":"pl_PL","og_type":"article","og_title":"Strandwagen \u2013 leicht, aufblasbar, universell. Sie k\u00f6nnen es einfach an Alles befestigen und nach Gebrauch flach zusammenfalten. Der perfekte Begleiter - Selleetools.com","og_description":"Mit diesem bollerwagen k\u00f6nnen Sie ihn an einer Vielzahl von Gegenst\u00e4nden befestigen, beispielsweise an einer Strandliege, auf der Sie Ihre Taschen ablegen k\u00f6nnen, oder an klappbaren St\u00fchlen, die sich perfekt zum Mitnehmen an den Strand eignen. Sobald es leer ist, l\u00e4sst es sich einfach flach zusammenfalten und erm\u00f6glicht so eine bequeme und platzsparende Aufbewahrung im ... Read moreStrandwagen \u2013 leicht, aufblasbar, universell. Sie k\u00f6nnen es einfach an Alles befestigen und nach Gebrauch flach zusammenfalten. Der perfekte Begleiter","og_url":"https:\/\/admincentral.selleetools.com\/pl\/product\/strandwagen-leicht-aufblasbar-universell-sie-konnen-es-einfach-an-alles-befestigen-und-nach-gebrauch-flach-zusammenfalten-der-perfekte-begleiter\/","og_site_name":"Selleetools.com","article_modified_time":"2024-01-27T15:09:43+00:00","og_image":[{"width":1440,"height":1080,"url":"https:\/\/selleetools.com\/wp-content\/uploads\/2024\/01\/Main5-Duzy.jpg","type":"image\/jpeg"}],"twitter_card":"summary_large_image","twitter_misc":{"Est. reading time":"2 minuty"},"schema":{"@context":"https:\/\/schema.org","@graph":[{"@type":"Organization","@id":"https:\/\/selleetools.com\/#organization","name":"Selleetools","url":"https:\/\/selleetools.com\/","sameAs":[],"logo":{"@type":"ImageObject","inLanguage":"pl-PL","@id":"https:\/\/selleetools.com\/#\/schema\/logo\/image\/","url":"https:\/\/selleetools.com\/wp-content\/uploads\/2021\/10\/logo-dark.png","contentUrl":"https:\/\/selleetools.com\/wp-content\/uploads\/2021\/10\/logo-dark.png","width":320,"height":76,"caption":"Selleetools"},"image":{"@id":"https:\/\/selleetools.com\/#\/schema\/logo\/image\/"}},{"@type":"WebSite","@id":"https:\/\/selleetools.com\/#website","url":"https:\/\/selleetools.com\/","name":"Selleetools.com","description":"","publisher":{"@id":"https:\/\/selleetools.com\/#organization"},"potentialAction":[{"@type":"SearchAction","target":{"@type":"EntryPoint","urlTemplate":"https:\/\/selleetools.com\/?s={search_term_string}"},"query-input":"required name=search_term_string"}],"inLanguage":"pl-PL"},{"@type":"WebPage","@id":"https:\/\/admincentral.selleetools.com\/pl\/product\/strandwagen-leicht-aufblasbar-universell-sie-konnen-es-einfach-an-alles-befestigen-und-nach-gebrauch-flach-zusammenfalten-der-perfekte-begleiter\/","url":"https:\/\/admincentral.selleetools.com\/pl\/product\/strandwagen-leicht-aufblasbar-universell-sie-konnen-es-einfach-an-alles-befestigen-und-nach-gebrauch-flach-zusammenfalten-der-perfekte-begleiter\/","name":"Strandwagen \u2013 leicht, aufblasbar, universell. Sie k\u00f6nnen es einfach an Alles befestigen und nach Gebrauch flach zusammenfalten. Der perfekte Begleiter - Selleetools.com","isPartOf":{"@id":"https:\/\/selleetools.com\/#website"},"datePublished":"2024-01-26T16:21:11+00:00","dateModified":"2024-01-27T15:09:43+00:00","breadcrumb":{"@id":"https:\/\/admincentral.selleetools.com\/pl\/product\/strandwagen-leicht-aufblasbar-universell-sie-konnen-es-einfach-an-alles-befestigen-und-nach-gebrauch-flach-zusammenfalten-der-perfekte-begleiter\/#breadcrumb"},"inLanguage":"pl-PL","potentialAction":[{"@type":"ReadAction","target":["https:\/\/admincentral.selleetools.com\/pl\/product\/strandwagen-leicht-aufblasbar-universell-sie-konnen-es-einfach-an-alles-befestigen-und-nach-gebrauch-flach-zusammenfalten-der-perfekte-begleiter\/"]}]},{"@type":"BreadcrumbList","@id":"https:\/\/admincentral.selleetools.com\/pl\/product\/strandwagen-leicht-aufblasbar-universell-sie-konnen-es-einfach-an-alles-befestigen-und-nach-gebrauch-flach-zusammenfalten-der-perfekte-begleiter\/#breadcrumb","itemListElement":[{"@type":"ListItem","position":1,"name":"Home","item":"https:\/\/selleetools.com\/pl\/"},{"@type":"ListItem","position":2,"name":"Katalog","item":"https:\/\/selleetools.com\/pl\/katalog\/"},{"@type":"ListItem","position":3,"name":"Strandwagen \u2013 leicht, aufblasbar, universell. Sie k\u00f6nnen es einfach an Alles befestigen und nach Gebrauch flach zusammenfalten. Der perfekte Begleiter"}]}]}},"_links":{"self":[{"href":"https:\/\/admincentral.selleetools.com\/pl\/wp-json\/wp\/v2\/product\/311853"}],"collection":[{"href":"https:\/\/admincentral.selleetools.com\/pl\/wp-json\/wp\/v2\/product"}],"about":[{"href":"https:\/\/admincentral.selleetools.com\/pl\/wp-json\/wp\/v2\/types\/product"}],"replies":[{"embeddable":true,"href":"https:\/\/admincentral.selleetools.com\/pl\/wp-json\/wp\/v2\/comments?post=311853"}],"wp:featuredmedia":[{"embeddable":true,"href":"https:\/\/admincentral.selleetools.com\/pl\/wp-json\/wp\/v2\/media\/311843"}],"wp:attachment":[{"href":"https:\/\/admincentral.selleetools.com\/pl\/wp-json\/wp\/v2\/media?parent=311853"}],"curies":[{"name":"wp","href":"https:\/\/api.w.org\/{rel}","templated":true}]}}