{"id":312322,"date":"2024-02-10T22:55:48","date_gmt":"2024-02-10T21:55:48","guid":{"rendered":"https:\/\/selleetools.com\/?post_type=product&#038;p=312322"},"modified":"2025-11-20T12:22:00","modified_gmt":"2025-11-20T11:22:00","slug":"evil-exclusive-box-zestaw-prezentowy","status":"publish","type":"product","link":"https:\/\/admincentral.selleetools.com\/pl\/product\/evil-exclusive-box-zestaw-prezentowy\/","title":{"rendered":"EXCLUSIVE BOX ZESTAW PREZENTOWY ++++"},"content":{"rendered":"<p>Je\u017celi rower jest dla nas czym\u015b wa\u017cnym, niezale\u017cnie od tego czy je\u017adzimy amatorsko czy zawodowo potrzebujemy do jego prawid\u0142owej eksploatacji smar\u00f3w i chemii technicznej.<\/p>\n<p>Niezale\u017cnie od tego czy posiadamy rower\u00a0 g\u00f3rski, trekkingowy , crossowy czy szosowy czy zwyk\u0142\u0105 damk\u0119 smary b\u0119d\u0105 nam lub naszym najbli\u017cszym niezb\u0119dne do lekkiej i przyjemnej jazdy.<\/p>\n<p>Oferujemy Pa\u0144stwu\u00a0 szeroki zestaw smarny o nazwie <strong>Exclusive BOX, <\/strong>kt\u00f3ry zapakowali\u015bmy\u00a0 w estetyczne drewniane pude\u0142ko typu szkatu\u0142ka i jego zawarto\u015b\u0107 jest nast\u0119puj\u0105ca :<\/p>\n<ol>\n<li><a href=\"http:\/\/evillubricants.pl\/produkt\/dry-lube\/\">DRY LUBE 100ml<\/a><\/li>\n<li><a href=\"http:\/\/evillubricants.pl\/produkt\/wet-lube-100ml\/\">WET LUBE 100ml<\/a><\/li>\n<li><a href=\"http:\/\/evillubricants.pl\/produkt\/micro-lube-100ml\/\">MICRO LUBE 100ml<\/a><\/li>\n<li><a href=\"http:\/\/evillubricants.pl\/produkt\/silk-lube\/\">SILK LUBE 100ml<\/a><\/li>\n<li><a href=\"http:\/\/evillubricants.pl\/produkt\/mos2-lube-100ml\/\">MOS2 LUBE 100ml<\/a><\/li>\n<li><a href=\"http:\/\/evillubricants.pl\/produkt\/fast-grease\/\">FAST GREASE 100ml<\/a><\/li>\n<li><a href=\"http:\/\/evillubricants.pl\/produkt\/cabling\/\">CABLING\u00a0 30ml<\/a><\/li>\n<li><a href=\"http:\/\/evillubricants.pl\/produkt\/fork-grease\/\">FORK 10ml<\/a><\/li>\n<li><a href=\"http:\/\/evillubricants.pl\/produkt\/screw-grease\/\">SCREW 60ml<\/a><\/li>\n<li><a href=\"http:\/\/evillubricants.pl\/produkt\/shine\/\">SHINE PROTECT 250ml<\/a><\/li>\n<li><a href=\"http:\/\/evillubricants.pl\/produkt\/bike-cleaner-500ml\/\">BIKE CLEANER 500ml<\/a><\/li>\n<\/ol>\n<p>zestaw zosta\u0142 zaprojektowany tak aby prezent\u00a0 dla rowerzysty by\u0142 praktycznie zbli\u017cony do okre\u015blenia\u201d idealny prezent dla rowerzysty\u201d i zapewnia\u0142 \u015brodki smarne zar\u00f3wno \u015bcigaj\u0105cym si\u0119 zawodnikom r\u00f3\u017cnych\u00a0 dyscyplin rowerowych jak i grupom rowerowym kt\u00f3re uprawiaj\u0105 kolarstwo dla przyjemno\u015bci. Je\u017celi chcecie Pa\u0144stwo zestaw o innym wyposa\u017ceniu\u00a0 to\u00a0 zapraszamy do przeanalizowania\u00a0 zestaw\u00f3w :<strong>\u00a0 Standard BOX<\/strong><strong>,<\/strong> <strong>Deluxe BOX, Premium BOX.<\/strong><\/p>\n","protected":false},"excerpt":{"rendered":"<p>Je\u017celi rower jest dla nas czym\u015b wa\u017cnym, niezale\u017cnie od tego czy je\u017adzimy amatorsko czy zawodowo potrzebujemy do jego prawid\u0142owej eksploatacji smar\u00f3w i chemii technicznej. Niezale\u017cnie od tego czy posiadamy rower\u00a0 g\u00f3rski, trekkingowy , crossowy czy szosowy czy zwyk\u0142\u0105 damk\u0119 smary b\u0119d\u0105 nam lub naszym najbli\u017cszym niezb\u0119dne do lekkiej i przyjemnej jazdy. Oferujemy Pa\u0144stwu\u00a0 szeroki zestaw &#8230; <a title=\"EXCLUSIVE BOX ZESTAW PREZENTOWY ++++\" class=\"read-more\" href=\"https:\/\/admincentral.selleetools.com\/pl\/product\/evil-exclusive-box-zestaw-prezentowy\/\">Read more<span class=\"screen-reader-text\">EXCLUSIVE BOX ZESTAW PREZENTOWY ++++<\/span><\/a><\/p>\n","protected":false},"featured_media":346846,"comment_status":"open","ping_status":"closed","template":"","meta":{"_links_to":"","_links_to_target":""},"yoast_head":"<!-- This site is optimized with the Yoast SEO plugin v19.4 - https:\/\/yoast.com\/wordpress\/plugins\/seo\/ -->\n<title>EXCLUSIVE BOX ZESTAW PREZENTOWY ++++ - Selleetools.com<\/title>\n<meta name=\"robots\" content=\"index, follow, max-snippet:-1, max-image-preview:large, max-video-preview:-1\" \/>\n<link rel=\"canonical\" href=\"https:\/\/selleetools.com\/product\/evil-exclusive-box-zestaw-prezentowy\/\" \/>\n<meta property=\"og:locale\" content=\"pl_PL\" \/>\n<meta property=\"og:type\" content=\"article\" \/>\n<meta property=\"og:title\" content=\"EXCLUSIVE BOX ZESTAW PREZENTOWY ++++ - Selleetools.com\" \/>\n<meta property=\"og:description\" content=\"Je\u017celi rower jest dla nas czym\u015b wa\u017cnym, niezale\u017cnie od tego czy je\u017adzimy amatorsko czy zawodowo potrzebujemy do jego prawid\u0142owej eksploatacji smar\u00f3w i chemii technicznej. Niezale\u017cnie od tego czy posiadamy rower\u00a0 g\u00f3rski, trekkingowy , crossowy czy szosowy czy zwyk\u0142\u0105 damk\u0119 smary b\u0119d\u0105 nam lub naszym najbli\u017cszym niezb\u0119dne do lekkiej i przyjemnej jazdy. Oferujemy Pa\u0144stwu\u00a0 szeroki zestaw ... Read moreEXCLUSIVE BOX ZESTAW PREZENTOWY ++++\" \/>\n<meta property=\"og:url\" content=\"https:\/\/selleetools.com\/product\/evil-exclusive-box-zestaw-prezentowy\/\" \/>\n<meta property=\"og:site_name\" content=\"Selleetools.com\" \/>\n<meta property=\"article:modified_time\" content=\"2025-11-20T11:22:00+00:00\" \/>\n<meta property=\"og:image\" content=\"https:\/\/selleetools.com\/wp-content\/uploads\/2024\/07\/EXCLUSIVE-BOX.jpg\" \/>\n\t<meta property=\"og:image:width\" content=\"2000\" \/>\n\t<meta property=\"og:image:height\" content=\"2000\" \/>\n\t<meta property=\"og:image:type\" content=\"image\/jpeg\" \/>\n<meta name=\"twitter:card\" content=\"summary_large_image\" \/>\n<meta name=\"twitter:label1\" content=\"Est. reading time\" \/>\n\t<meta name=\"twitter:data1\" content=\"1 minuta\" \/>\n<!-- \/ Yoast SEO plugin. -->","yoast_head_json":{"title":"EXCLUSIVE BOX ZESTAW PREZENTOWY ++++ - Selleetools.com","robots":{"index":"index","follow":"follow","max-snippet":"max-snippet:-1","max-image-preview":"max-image-preview:large","max-video-preview":"max-video-preview:-1"},"canonical":"https:\/\/selleetools.com\/product\/evil-exclusive-box-zestaw-prezentowy\/","og_locale":"pl_PL","og_type":"article","og_title":"EXCLUSIVE BOX ZESTAW PREZENTOWY ++++ - Selleetools.com","og_description":"Je\u017celi rower jest dla nas czym\u015b wa\u017cnym, niezale\u017cnie od tego czy je\u017adzimy amatorsko czy zawodowo potrzebujemy do jego prawid\u0142owej eksploatacji smar\u00f3w i chemii technicznej. Niezale\u017cnie od tego czy posiadamy rower\u00a0 g\u00f3rski, trekkingowy , crossowy czy szosowy czy zwyk\u0142\u0105 damk\u0119 smary b\u0119d\u0105 nam lub naszym najbli\u017cszym niezb\u0119dne do lekkiej i przyjemnej jazdy. Oferujemy Pa\u0144stwu\u00a0 szeroki zestaw ... Read moreEXCLUSIVE BOX ZESTAW PREZENTOWY ++++","og_url":"https:\/\/selleetools.com\/product\/evil-exclusive-box-zestaw-prezentowy\/","og_site_name":"Selleetools.com","article_modified_time":"2025-11-20T11:22:00+00:00","og_image":[{"width":2000,"height":2000,"url":"https:\/\/selleetools.com\/wp-content\/uploads\/2024\/07\/EXCLUSIVE-BOX.jpg","type":"image\/jpeg"}],"twitter_card":"summary_large_image","twitter_misc":{"Est. reading time":"1 minuta"},"schema":{"@context":"https:\/\/schema.org","@graph":[{"@type":"Organization","@id":"https:\/\/selleetools.com\/#organization","name":"Selleetools","url":"https:\/\/selleetools.com\/","sameAs":[],"logo":{"@type":"ImageObject","inLanguage":"pl-PL","@id":"https:\/\/selleetools.com\/#\/schema\/logo\/image\/","url":"https:\/\/selleetools.com\/wp-content\/uploads\/2021\/10\/logo-dark.png","contentUrl":"https:\/\/selleetools.com\/wp-content\/uploads\/2021\/10\/logo-dark.png","width":320,"height":76,"caption":"Selleetools"},"image":{"@id":"https:\/\/selleetools.com\/#\/schema\/logo\/image\/"}},{"@type":"WebSite","@id":"https:\/\/selleetools.com\/#website","url":"https:\/\/selleetools.com\/","name":"Selleetools.com","description":"","publisher":{"@id":"https:\/\/selleetools.com\/#organization"},"potentialAction":[{"@type":"SearchAction","target":{"@type":"EntryPoint","urlTemplate":"https:\/\/selleetools.com\/?s={search_term_string}"},"query-input":"required name=search_term_string"}],"inLanguage":"pl-PL"},{"@type":"WebPage","@id":"https:\/\/selleetools.com\/product\/evil-exclusive-box-zestaw-prezentowy\/","url":"https:\/\/selleetools.com\/product\/evil-exclusive-box-zestaw-prezentowy\/","name":"EXCLUSIVE BOX ZESTAW PREZENTOWY ++++ - Selleetools.com","isPartOf":{"@id":"https:\/\/selleetools.com\/#website"},"datePublished":"2024-02-10T21:55:48+00:00","dateModified":"2025-11-20T11:22:00+00:00","breadcrumb":{"@id":"https:\/\/selleetools.com\/product\/evil-exclusive-box-zestaw-prezentowy\/#breadcrumb"},"inLanguage":"pl-PL","potentialAction":[{"@type":"ReadAction","target":["https:\/\/selleetools.com\/product\/evil-exclusive-box-zestaw-prezentowy\/"]}]},{"@type":"BreadcrumbList","@id":"https:\/\/selleetools.com\/product\/evil-exclusive-box-zestaw-prezentowy\/#breadcrumb","itemListElement":[{"@type":"ListItem","position":1,"name":"Home","item":"https:\/\/selleetools.com\/pl\/"},{"@type":"ListItem","position":2,"name":"Katalog","item":"https:\/\/admincentral.selleetools.com\/pl\/katalog\/"},{"@type":"ListItem","position":3,"name":"EXCLUSIVE BOX ZESTAW PREZENTOWY ++++"}]}]}},"_links":{"self":[{"href":"https:\/\/admincentral.selleetools.com\/pl\/wp-json\/wp\/v2\/product\/312322"}],"collection":[{"href":"https:\/\/admincentral.selleetools.com\/pl\/wp-json\/wp\/v2\/product"}],"about":[{"href":"https:\/\/admincentral.selleetools.com\/pl\/wp-json\/wp\/v2\/types\/product"}],"replies":[{"embeddable":true,"href":"https:\/\/admincentral.selleetools.com\/pl\/wp-json\/wp\/v2\/comments?post=312322"}],"wp:featuredmedia":[{"embeddable":true,"href":"https:\/\/admincentral.selleetools.com\/pl\/wp-json\/wp\/v2\/media\/346846"}],"wp:attachment":[{"href":"https:\/\/admincentral.selleetools.com\/pl\/wp-json\/wp\/v2\/media?parent=312322"}],"curies":[{"name":"wp","href":"https:\/\/api.w.org\/{rel}","templated":true}]}}