{"id":312352,"date":"2024-02-10T22:56:23","date_gmt":"2024-02-10T21:56:23","guid":{"rendered":"https:\/\/selleetools.com\/?post_type=product&#038;p=312352"},"modified":"2025-11-20T12:22:00","modified_gmt":"2025-11-20T11:22:00","slug":"evil-bike-cleaner-500ml-odtluszczacz-truskawkowy","status":"publish","type":"product","link":"https:\/\/admincentral.selleetools.com\/pl\/product\/evil-bike-cleaner-500ml-odtluszczacz-truskawkowy\/","title":{"rendered":"BIKE CLEANER 500ml ODT\u0141USZCZACZ TRUSKAWKOWY"},"content":{"rendered":"<div class=\"flex flex-grow flex-col gap-3 max-w-full\">\n<div class=\"min-h-[20px] flex flex-col items-start gap-3 overflow-x-auto whitespace-pre-wrap break-words\">\n<div class=\"markdown prose w-full break-words dark:prose-invert light\">\n<p>Zmywacz do \u0142a\u0144cucha rowerowego Bike Cleaner Spray to innowacyjny \u015brodek czyszcz\u0105cy, stworzony z my\u015bl\u0105 o mi\u0142o\u015bnikach czystego i sprawnego roweru. Ten ekologiczny, bezbarwny cleaner zosta\u0142 zaprojektowany do dok\u0142adnego czyszczenia \u0142a\u0144cuch\u00f3w rowerowych oraz innych metalowych element\u00f3w w rowerach i samochodach.<\/p>\n<p>Najwa\u017cniejsze cechy tego produktu to:<\/p>\n<ol>\n<li><strong>Uniwersalne zastosowanie<\/strong>: Bike Cleaner Spray nadaje si\u0119 do czyszczenia niemal wszystkich metalowych element\u00f3w, w\u0142\u0105czaj\u0105c w to tarcze hamulcowe, sprz\u0119g\u0142a, elementy silnika i wiele innych.<\/li>\n<li><strong>Szybkie wyparowanie<\/strong>: Cho\u0107 nie zawiera acetonu, ten cleaner b\u0142yskawicznie si\u0119 wyparowuje, skutecznie usuwaj\u0105c zanieczyszczenia olejowe i smarowe. Jest przy tym neutralny w dzia\u0142aniu na wiele element\u00f3w rowerowych i samochodowych.<\/li>\n<li><strong>Skuteczno\u015b\u0107 dzia\u0142ania<\/strong>: Produkt penetruje trudno dost\u0119pne miejsca, takie jak ogniwa \u0142a\u0144cucha czy z\u0119batki, a niska temperatura wrzenia zapewnia efektywne oddestylowanie i wyparowanie niepo\u017c\u0105danych substancji.<\/li>\n<li><strong>Brak korozji<\/strong>: Dzi\u0119ki zastosowaniu inhibitora korozji, nie powoduje korozji na czyszczonych elementach metalowych. Nie pozostawia tak\u017ce nieestetycznych osad\u00f3w.<\/li>\n<li><strong>Intensywne parowanie<\/strong>: Bike Cleaner Spray ma zdolno\u015b\u0107 do intensywnego parowania i jest skuteczny w rozpuszczaniu stwardnia\u0142ych pow\u0142ok klejowych i smar\u00f3w. Mo\u017ce by\u0107 u\u017cywany do poluzowania zapieczonych powierzchni metalowych.<\/li>\n<li><strong>Ochronna warstwa<\/strong>: Nowa formu\u0142a czyszcz\u0105ca g\u0142\u0119boko przenika brudne elementy, usuwa je i pozostawia ochronn\u0105 warstw\u0119 zwi\u0105zk\u00f3w syntetycznych. Ta warstwa przygotowuje powierzchni\u0119 do aplikacji r\u00f3\u017cnych rodzaj\u00f3w smar\u00f3w.<\/li>\n<li><strong>\u0141atwo\u015b\u0107 czyszczenia \u0142a\u0144cucha<\/strong>: Bike Cleaner Spray u\u0142atwia czyszczenie \u0142a\u0144cucha rowerowego. Wystarczy spryska\u0107 go, obracaj\u0105c peda\u0142ami do ty\u0142u, a nast\u0119pnie wyszorowa\u0107, aby usun\u0105\u0107 zanieczyszczenia. Czysty \u0142a\u0144cuch jest gotowy do na\u0142o\u017cenia smaru.<\/li>\n<li><strong>Truskawkowy Zapach\u00a0<\/strong> Nie powoduje problem\u00f3w w u\u017cytkowaniu<\/li>\n<\/ol>\n<p>Podsumowuj\u0105c, Bike Cleaner Spray to niezast\u0105piony produkt dla wszystkich entuzjast\u00f3w rower\u00f3w i motoryzacji, kt\u00f3rzy ceni\u0105 sobie czysto\u015b\u0107 i wydajno\u015b\u0107 swoich pojazd\u00f3w. Dzi\u0119ki swoim zaawansowanym w\u0142a\u015bciwo\u015bciom, ten zmywacz skutecznie usuwa zabrudzenia, chroni przed korozj\u0105 i przygotowuje metalowe elementy do dalszej konserwacji i smarowania.<\/p>\n<\/div>\n<\/div>\n<\/div>\n<p>Zmywacz do \u0142a\u0144cucha rowerowego Bike Cleaner Spray to innowacyjny \u015brodek czyszcz\u0105cy, stworzony z my\u015bl\u0105 o mi\u0142o\u015bnikach czystego i sprawnego roweru. Ten ekologiczny, bezbarwny cleaner zosta\u0142 zaprojektowany do dok\u0142adnego czyszczenia \u0142a\u0144cuch\u00f3w rowerowych oraz innych metalowych element\u00f3w w rowerach i samochodach.<\/p>\n","protected":false},"excerpt":{"rendered":"<p>Zmywacz do \u0142a\u0144cucha rowerowego Bike Cleaner Spray to innowacyjny \u015brodek czyszcz\u0105cy, stworzony z my\u015bl\u0105 o mi\u0142o\u015bnikach czystego i sprawnego roweru. Ten ekologiczny, bezbarwny cleaner zosta\u0142 zaprojektowany do dok\u0142adnego czyszczenia \u0142a\u0144cuch\u00f3w rowerowych oraz innych metalowych element\u00f3w w rowerach i samochodach. Najwa\u017cniejsze cechy tego produktu to: Uniwersalne zastosowanie: Bike Cleaner Spray nadaje si\u0119 do czyszczenia niemal wszystkich &#8230; <a title=\"BIKE CLEANER 500ml ODT\u0141USZCZACZ TRUSKAWKOWY\" class=\"read-more\" href=\"https:\/\/admincentral.selleetools.com\/pl\/product\/evil-bike-cleaner-500ml-odtluszczacz-truskawkowy\/\">Read more<span class=\"screen-reader-text\">BIKE CLEANER 500ml ODT\u0141USZCZACZ TRUSKAWKOWY<\/span><\/a><\/p>\n","protected":false},"featured_media":346856,"comment_status":"open","ping_status":"closed","template":"","meta":{"_links_to":"","_links_to_target":""},"yoast_head":"<!-- This site is optimized with the Yoast SEO plugin v19.4 - https:\/\/yoast.com\/wordpress\/plugins\/seo\/ -->\n<title>BIKE CLEANER 500ml ODT\u0141USZCZACZ TRUSKAWKOWY - Selleetools.com<\/title>\n<meta name=\"robots\" content=\"index, follow, max-snippet:-1, max-image-preview:large, max-video-preview:-1\" \/>\n<link rel=\"canonical\" href=\"https:\/\/selleetools.com\/pl\/product\/evil-bike-cleaner-500ml-odtluszczacz-truskawkowy\/\" \/>\n<meta property=\"og:locale\" content=\"pl_PL\" \/>\n<meta property=\"og:type\" content=\"article\" \/>\n<meta property=\"og:title\" content=\"BIKE CLEANER 500ml ODT\u0141USZCZACZ TRUSKAWKOWY - Selleetools.com\" \/>\n<meta property=\"og:description\" content=\"Zmywacz do \u0142a\u0144cucha rowerowego Bike Cleaner Spray to innowacyjny \u015brodek czyszcz\u0105cy, stworzony z my\u015bl\u0105 o mi\u0142o\u015bnikach czystego i sprawnego roweru. Ten ekologiczny, bezbarwny cleaner zosta\u0142 zaprojektowany do dok\u0142adnego czyszczenia \u0142a\u0144cuch\u00f3w rowerowych oraz innych metalowych element\u00f3w w rowerach i samochodach. Najwa\u017cniejsze cechy tego produktu to: Uniwersalne zastosowanie: Bike Cleaner Spray nadaje si\u0119 do czyszczenia niemal wszystkich ... Read moreBIKE CLEANER 500ml ODT\u0141USZCZACZ TRUSKAWKOWY\" \/>\n<meta property=\"og:url\" content=\"https:\/\/selleetools.com\/pl\/product\/evil-bike-cleaner-500ml-odtluszczacz-truskawkowy\/\" \/>\n<meta property=\"og:site_name\" content=\"Selleetools.com\" \/>\n<meta property=\"article:modified_time\" content=\"2025-11-20T11:22:00+00:00\" \/>\n<meta property=\"og:image\" content=\"https:\/\/selleetools.com\/wp-content\/uploads\/2024\/07\/bike-cleaner.jpg\" \/>\n\t<meta property=\"og:image:width\" content=\"2000\" \/>\n\t<meta property=\"og:image:height\" content=\"2000\" \/>\n\t<meta property=\"og:image:type\" content=\"image\/jpeg\" \/>\n<meta name=\"twitter:card\" content=\"summary_large_image\" \/>\n<meta name=\"twitter:label1\" content=\"Est. reading time\" \/>\n\t<meta name=\"twitter:data1\" content=\"2 minuty\" \/>\n<!-- \/ Yoast SEO plugin. -->","yoast_head_json":{"title":"BIKE CLEANER 500ml ODT\u0141USZCZACZ TRUSKAWKOWY - Selleetools.com","robots":{"index":"index","follow":"follow","max-snippet":"max-snippet:-1","max-image-preview":"max-image-preview:large","max-video-preview":"max-video-preview:-1"},"canonical":"https:\/\/selleetools.com\/pl\/product\/evil-bike-cleaner-500ml-odtluszczacz-truskawkowy\/","og_locale":"pl_PL","og_type":"article","og_title":"BIKE CLEANER 500ml ODT\u0141USZCZACZ TRUSKAWKOWY - Selleetools.com","og_description":"Zmywacz do \u0142a\u0144cucha rowerowego Bike Cleaner Spray to innowacyjny \u015brodek czyszcz\u0105cy, stworzony z my\u015bl\u0105 o mi\u0142o\u015bnikach czystego i sprawnego roweru. Ten ekologiczny, bezbarwny cleaner zosta\u0142 zaprojektowany do dok\u0142adnego czyszczenia \u0142a\u0144cuch\u00f3w rowerowych oraz innych metalowych element\u00f3w w rowerach i samochodach. Najwa\u017cniejsze cechy tego produktu to: Uniwersalne zastosowanie: Bike Cleaner Spray nadaje si\u0119 do czyszczenia niemal wszystkich ... Read moreBIKE CLEANER 500ml ODT\u0141USZCZACZ TRUSKAWKOWY","og_url":"https:\/\/selleetools.com\/pl\/product\/evil-bike-cleaner-500ml-odtluszczacz-truskawkowy\/","og_site_name":"Selleetools.com","article_modified_time":"2025-11-20T11:22:00+00:00","og_image":[{"width":2000,"height":2000,"url":"https:\/\/selleetools.com\/wp-content\/uploads\/2024\/07\/bike-cleaner.jpg","type":"image\/jpeg"}],"twitter_card":"summary_large_image","twitter_misc":{"Est. reading time":"2 minuty"},"schema":{"@context":"https:\/\/schema.org","@graph":[{"@type":"Organization","@id":"https:\/\/selleetools.com\/#organization","name":"Selleetools","url":"https:\/\/selleetools.com\/","sameAs":[],"logo":{"@type":"ImageObject","inLanguage":"pl-PL","@id":"https:\/\/selleetools.com\/#\/schema\/logo\/image\/","url":"https:\/\/selleetools.com\/wp-content\/uploads\/2021\/10\/logo-dark.png","contentUrl":"https:\/\/selleetools.com\/wp-content\/uploads\/2021\/10\/logo-dark.png","width":320,"height":76,"caption":"Selleetools"},"image":{"@id":"https:\/\/selleetools.com\/#\/schema\/logo\/image\/"}},{"@type":"WebSite","@id":"https:\/\/selleetools.com\/#website","url":"https:\/\/selleetools.com\/","name":"Selleetools.com","description":"","publisher":{"@id":"https:\/\/selleetools.com\/#organization"},"potentialAction":[{"@type":"SearchAction","target":{"@type":"EntryPoint","urlTemplate":"https:\/\/selleetools.com\/?s={search_term_string}"},"query-input":"required name=search_term_string"}],"inLanguage":"pl-PL"},{"@type":"WebPage","@id":"https:\/\/selleetools.com\/pl\/product\/evil-bike-cleaner-500ml-odtluszczacz-truskawkowy\/","url":"https:\/\/selleetools.com\/pl\/product\/evil-bike-cleaner-500ml-odtluszczacz-truskawkowy\/","name":"BIKE CLEANER 500ml ODT\u0141USZCZACZ TRUSKAWKOWY - Selleetools.com","isPartOf":{"@id":"https:\/\/selleetools.com\/#website"},"datePublished":"2024-02-10T21:56:23+00:00","dateModified":"2025-11-20T11:22:00+00:00","breadcrumb":{"@id":"https:\/\/selleetools.com\/pl\/product\/evil-bike-cleaner-500ml-odtluszczacz-truskawkowy\/#breadcrumb"},"inLanguage":"pl-PL","potentialAction":[{"@type":"ReadAction","target":["https:\/\/selleetools.com\/pl\/product\/evil-bike-cleaner-500ml-odtluszczacz-truskawkowy\/"]}]},{"@type":"BreadcrumbList","@id":"https:\/\/selleetools.com\/pl\/product\/evil-bike-cleaner-500ml-odtluszczacz-truskawkowy\/#breadcrumb","itemListElement":[{"@type":"ListItem","position":1,"name":"Home","item":"https:\/\/selleetools.com\/pl\/"},{"@type":"ListItem","position":2,"name":"Katalog","item":"https:\/\/selleetools.com\/pl\/katalog\/"},{"@type":"ListItem","position":3,"name":"BIKE CLEANER 500ml ODT\u0141USZCZACZ TRUSKAWKOWY"}]}]}},"_links":{"self":[{"href":"https:\/\/admincentral.selleetools.com\/pl\/wp-json\/wp\/v2\/product\/312352"}],"collection":[{"href":"https:\/\/admincentral.selleetools.com\/pl\/wp-json\/wp\/v2\/product"}],"about":[{"href":"https:\/\/admincentral.selleetools.com\/pl\/wp-json\/wp\/v2\/types\/product"}],"replies":[{"embeddable":true,"href":"https:\/\/admincentral.selleetools.com\/pl\/wp-json\/wp\/v2\/comments?post=312352"}],"wp:featuredmedia":[{"embeddable":true,"href":"https:\/\/admincentral.selleetools.com\/pl\/wp-json\/wp\/v2\/media\/346856"}],"wp:attachment":[{"href":"https:\/\/admincentral.selleetools.com\/pl\/wp-json\/wp\/v2\/media?parent=312352"}],"curies":[{"name":"wp","href":"https:\/\/api.w.org\/{rel}","templated":true}]}}