{"id":312385,"date":"2024-02-10T22:56:56","date_gmt":"2024-02-10T21:56:56","guid":{"rendered":"https:\/\/selleetools.com\/?post_type=product&#038;p=312385"},"modified":"2025-11-20T12:22:00","modified_gmt":"2025-11-20T11:22:00","slug":"evil-cabling-smar-do-linek-i-pancerzy","status":"publish","type":"product","link":"https:\/\/admincentral.selleetools.com\/pl\/product\/evil-cabling-smar-do-linek-i-pancerzy\/","title":{"rendered":"CABLING SMAR DO LINEK I PANCERZY"},"content":{"rendered":"<div class=\"flex flex-grow flex-col gap-3 max-w-full\">\n<div class=\"min-h-[20px] flex flex-col items-start gap-3 overflow-x-auto whitespace-pre-wrap break-words\">\n<div class=\"markdown prose w-full break-words dark:prose-invert light\">\n<p>CABLING Grease to zaawansowany smar stworzony specjalnie do piel\u0119gnacji linek rowerowych i motocyklowych. Linki te, znane r\u00f3wnie\u017c jako ci\u0119gna Bowdena, dzia\u0142aj\u0105 w metalowym ko\u0142nierzu, zabezpieczonym warstw\u0105 tworzywa sztucznego, co wymaga minimalnego tarcia. Jednocze\u015bnie, wn\u0119trze linki musi by\u0107 skutecznie chronione przed rdz\u0105, zabrudzeniami i wod\u0105. Nasz smar Cabling to idealne rozwi\u0105zanie.<\/p>\n<p>Ten smar to p\u0142ynna mieszanka silikonowo-teflonowa w kolorze czerwonym, wzbogacona \u015brodkami smarnymi nieorganicznych typu oraz antykorozyjnymi dodatkami odpieraj\u0105cymi wod\u0119. Dzi\u0119ki takiemu sk\u0142adowi, smar jest wyj\u0105tkowo odporny na chemikalia, oleje mineralne, wod\u0119 i wysokie temperatury. Co istotne, cechuje go tak\u017ce d\u0142uga \u017cywotno\u015b\u0107, co oznacza, \u017ce jedno smarowanie wystarcza na ca\u0142y okres eksploatacji linki.<\/p>\n<p>Smar jest p\u0142ynny i doskonale przylega do element\u00f3w linki opancerzonej, nie wysychaj\u0105c nawet w obecno\u015bci kurzu i wody, kt\u00f3re mog\u0105 dostawa\u0107 si\u0119 do wn\u0119trza pancerza. Dopuszczalna temperatura pracy smaru to szeroki zakres od -40\u00baC do +100\u00baC, spe\u0142niaj\u0105cy wymagania linek sprz\u0119g\u0142a, gazu, przerzutek i hamulca.<\/p>\n<p>Niski wsp\u00f3\u0142czynnik tarcia smaru EVIL CABLING sprawia, \u017ce doskonale nadaje si\u0119 do wszystkich typ\u00f3w linek, bez wzgl\u0119du na rodzaj ruchu &#8211; obrotowy czy posuwisty. Zapewnia p\u0142ynno\u015b\u0107 ruchu, eliminuj\u0105c ryzyko zaci\u0119\u0107 i zakleszcze\u0144, a tak\u017ce zapewniaj\u0105c skuteczny po\u015blizg mi\u0119dzy p\u0142ytkami, elementami gumowymi i plastikowymi. To doskona\u0142e rozwi\u0105zanie do utrzymania linek w doskona\u0142ej kondycji i zapewnienia p\u0142ynnej i bezpiecznej jazdy na rowerze lub motocyklu.<\/p>\n<p>Podstawowe dane smaru EVIL CABLING zaczerpni\u0119te z karty technicznej<\/p>\n<table width=\"605\">\n<tbody>\n<tr>\n<td width=\"120\">Norma<\/td>\n<td width=\"308\">Tre\u015b\u0107<\/td>\n<td width=\"85\">Jednostka<\/td>\n<td width=\"92\">Wynik<\/td>\n<\/tr>\n<tr>\n<td>CTM 0176B<\/td>\n<td width=\"308\">Kolor<\/td>\n<td colspan=\"2\" width=\"177\">\u00a0Czerwona p\u0142ynna masa<\/td>\n<\/tr>\n<tr>\n<td colspan=\"4\" width=\"605\">\u00a0Sk\u0142ad: olej bazowy-mieszanka silikonowi teflonowa, inhibitory korozji, dodatki adhezyjne<\/td>\n<\/tr>\n<tr>\n<td>CTM 0191<\/td>\n<td width=\"308\">Penetracja,<\/td>\n<td width=\"85\">mm\/10<\/td>\n<td width=\"92\">320<\/td>\n<\/tr>\n<tr>\n<td>DIN 51 818<\/td>\n<td width=\"308\">Klasa konsystencji NLGI<\/td>\n<td width=\"85\"><\/td>\n<td width=\"92\">1<\/td>\n<\/tr>\n<tr>\n<td><\/td>\n<td width=\"308\">Temperatura pracy<\/td>\n<td width=\"85\">\u00b0C<\/td>\n<td width=\"92\">-40 do 100<\/td>\n<\/tr>\n<tr>\n<td>DIN 51757<\/td>\n<td width=\"308\">G\u0119sto\u015b\u0107, 20 \u00b0 C<\/td>\n<td width=\"85\">g \/ ml<\/td>\n<td width=\"92\">1,3<\/td>\n<\/tr>\n<tr>\n<td>DIN 51807<\/td>\n<td width=\"308\">Odporno\u015b\u0107 na wod\u0119, statyczna(7dni, 90 \u00b0 C),<\/td>\n<td width=\"85\"><\/td>\n<td width=\"92\">0<\/td>\n<\/tr>\n<tr>\n<td>DIN 51808<\/td>\n<td width=\"308\">Odporno\u015b\u0107 na utlenianie po 100 godzin w temperaturze 99 \u00b0 C<\/td>\n<td width=\"85\">mbar<\/td>\n<td width=\"92\">0,01<\/td>\n<\/tr>\n<tr>\n<td><\/td>\n<td width=\"308\">Zapach<\/td>\n<td width=\"85\"><\/td>\n<td width=\"92\">brak<\/td>\n<\/tr>\n<tr>\n<td><\/td>\n<td width=\"308\">Temperatura wrzenia<\/td>\n<td width=\"85\"><\/td>\n<td width=\"92\">&gt; = 100<\/td>\n<\/tr>\n<tr>\n<td>DIN ISO 2592<\/td>\n<td width=\"308\">Temperatura zap\u0142onu (tygiel zamkni\u0119ty)<\/td>\n<td width=\"85\"><\/td>\n<td width=\"92\">&gt;101,1<\/td>\n<\/tr>\n<tr>\n<td><\/td>\n<td width=\"308\">W\u0142a\u015bciwo\u015bci utleniaj\u0105ce<\/td>\n<td width=\"85\"><\/td>\n<td width=\"92\">brak<\/td>\n<\/tr>\n<\/tbody>\n<\/table>\n<\/div>\n<\/div>\n<\/div>\n<p>CABLING Grease to zaawansowany smar stworzony specjalnie do piel\u0119gnacji linek rowerowych i motocyklowych. Linki te, znane r\u00f3wnie\u017c jako ci\u0119gna Bowdena, dzia\u0142aj\u0105 w metalowym ko\u0142nierzu, zabezpieczonym warstw\u0105 tworzywa sztucznego, co wymaga minimalnego tarcia. Jednocze\u015bnie, wn\u0119trze linki musi by\u0107 skutecznie chronione przed rdz\u0105, zabrudzeniami i wod\u0105. Nasz smar Cabling to idealne rozwi\u0105zanie.<\/p>\n","protected":false},"excerpt":{"rendered":"<p>CABLING Grease to zaawansowany smar stworzony specjalnie do piel\u0119gnacji linek rowerowych i motocyklowych. Linki te, znane r\u00f3wnie\u017c jako ci\u0119gna Bowdena, dzia\u0142aj\u0105 w metalowym ko\u0142nierzu, zabezpieczonym warstw\u0105 tworzywa sztucznego, co wymaga minimalnego tarcia. Jednocze\u015bnie, wn\u0119trze linki musi by\u0107 skutecznie chronione przed rdz\u0105, zabrudzeniami i wod\u0105. Nasz smar Cabling to idealne rozwi\u0105zanie. Ten smar to p\u0142ynna mieszanka &#8230; <a title=\"CABLING SMAR DO LINEK I PANCERZY\" class=\"read-more\" href=\"https:\/\/admincentral.selleetools.com\/pl\/product\/evil-cabling-smar-do-linek-i-pancerzy\/\">Read more<span class=\"screen-reader-text\">CABLING SMAR DO LINEK I PANCERZY<\/span><\/a><\/p>\n","protected":false},"featured_media":346860,"comment_status":"open","ping_status":"closed","template":"","meta":{"_links_to":"","_links_to_target":""},"yoast_head":"<!-- This site is optimized with the Yoast SEO plugin v19.4 - https:\/\/yoast.com\/wordpress\/plugins\/seo\/ -->\n<title>CABLING SMAR DO LINEK I PANCERZY - Selleetools.com<\/title>\n<meta name=\"robots\" content=\"index, follow, max-snippet:-1, max-image-preview:large, max-video-preview:-1\" \/>\n<link rel=\"canonical\" href=\"https:\/\/selleetools.com\/product\/evil-cabling-smar-do-linek-i-pancerzy\/\" \/>\n<meta property=\"og:locale\" content=\"pl_PL\" \/>\n<meta property=\"og:type\" content=\"article\" \/>\n<meta property=\"og:title\" content=\"CABLING SMAR DO LINEK I PANCERZY - Selleetools.com\" \/>\n<meta property=\"og:description\" content=\"CABLING Grease to zaawansowany smar stworzony specjalnie do piel\u0119gnacji linek rowerowych i motocyklowych. Linki te, znane r\u00f3wnie\u017c jako ci\u0119gna Bowdena, dzia\u0142aj\u0105 w metalowym ko\u0142nierzu, zabezpieczonym warstw\u0105 tworzywa sztucznego, co wymaga minimalnego tarcia. Jednocze\u015bnie, wn\u0119trze linki musi by\u0107 skutecznie chronione przed rdz\u0105, zabrudzeniami i wod\u0105. Nasz smar Cabling to idealne rozwi\u0105zanie. Ten smar to p\u0142ynna mieszanka ... Read moreCABLING SMAR DO LINEK I PANCERZY\" \/>\n<meta property=\"og:url\" content=\"https:\/\/selleetools.com\/product\/evil-cabling-smar-do-linek-i-pancerzy\/\" \/>\n<meta property=\"og:site_name\" content=\"Selleetools.com\" \/>\n<meta property=\"article:modified_time\" content=\"2025-11-20T11:22:00+00:00\" \/>\n<meta property=\"og:image\" content=\"https:\/\/selleetools.com\/wp-content\/uploads\/2024\/07\/cabling.jpg\" \/>\n\t<meta property=\"og:image:width\" content=\"2000\" \/>\n\t<meta property=\"og:image:height\" content=\"2000\" \/>\n\t<meta property=\"og:image:type\" content=\"image\/jpeg\" \/>\n<meta name=\"twitter:card\" content=\"summary_large_image\" \/>\n<meta name=\"twitter:label1\" content=\"Est. reading time\" \/>\n\t<meta name=\"twitter:data1\" content=\"2 minuty\" \/>\n<!-- \/ Yoast SEO plugin. -->","yoast_head_json":{"title":"CABLING SMAR DO LINEK I PANCERZY - Selleetools.com","robots":{"index":"index","follow":"follow","max-snippet":"max-snippet:-1","max-image-preview":"max-image-preview:large","max-video-preview":"max-video-preview:-1"},"canonical":"https:\/\/selleetools.com\/product\/evil-cabling-smar-do-linek-i-pancerzy\/","og_locale":"pl_PL","og_type":"article","og_title":"CABLING SMAR DO LINEK I PANCERZY - Selleetools.com","og_description":"CABLING Grease to zaawansowany smar stworzony specjalnie do piel\u0119gnacji linek rowerowych i motocyklowych. Linki te, znane r\u00f3wnie\u017c jako ci\u0119gna Bowdena, dzia\u0142aj\u0105 w metalowym ko\u0142nierzu, zabezpieczonym warstw\u0105 tworzywa sztucznego, co wymaga minimalnego tarcia. Jednocze\u015bnie, wn\u0119trze linki musi by\u0107 skutecznie chronione przed rdz\u0105, zabrudzeniami i wod\u0105. Nasz smar Cabling to idealne rozwi\u0105zanie. Ten smar to p\u0142ynna mieszanka ... Read moreCABLING SMAR DO LINEK I PANCERZY","og_url":"https:\/\/selleetools.com\/product\/evil-cabling-smar-do-linek-i-pancerzy\/","og_site_name":"Selleetools.com","article_modified_time":"2025-11-20T11:22:00+00:00","og_image":[{"width":2000,"height":2000,"url":"https:\/\/selleetools.com\/wp-content\/uploads\/2024\/07\/cabling.jpg","type":"image\/jpeg"}],"twitter_card":"summary_large_image","twitter_misc":{"Est. reading time":"2 minuty"},"schema":{"@context":"https:\/\/schema.org","@graph":[{"@type":"Organization","@id":"https:\/\/selleetools.com\/#organization","name":"Selleetools","url":"https:\/\/selleetools.com\/","sameAs":[],"logo":{"@type":"ImageObject","inLanguage":"pl-PL","@id":"https:\/\/selleetools.com\/#\/schema\/logo\/image\/","url":"https:\/\/selleetools.com\/wp-content\/uploads\/2021\/10\/logo-dark.png","contentUrl":"https:\/\/selleetools.com\/wp-content\/uploads\/2021\/10\/logo-dark.png","width":320,"height":76,"caption":"Selleetools"},"image":{"@id":"https:\/\/selleetools.com\/#\/schema\/logo\/image\/"}},{"@type":"WebSite","@id":"https:\/\/selleetools.com\/#website","url":"https:\/\/selleetools.com\/","name":"Selleetools.com","description":"","publisher":{"@id":"https:\/\/selleetools.com\/#organization"},"potentialAction":[{"@type":"SearchAction","target":{"@type":"EntryPoint","urlTemplate":"https:\/\/selleetools.com\/?s={search_term_string}"},"query-input":"required name=search_term_string"}],"inLanguage":"pl-PL"},{"@type":"WebPage","@id":"https:\/\/selleetools.com\/product\/evil-cabling-smar-do-linek-i-pancerzy\/","url":"https:\/\/selleetools.com\/product\/evil-cabling-smar-do-linek-i-pancerzy\/","name":"CABLING SMAR DO LINEK I PANCERZY - Selleetools.com","isPartOf":{"@id":"https:\/\/selleetools.com\/#website"},"datePublished":"2024-02-10T21:56:56+00:00","dateModified":"2025-11-20T11:22:00+00:00","breadcrumb":{"@id":"https:\/\/selleetools.com\/product\/evil-cabling-smar-do-linek-i-pancerzy\/#breadcrumb"},"inLanguage":"pl-PL","potentialAction":[{"@type":"ReadAction","target":["https:\/\/selleetools.com\/product\/evil-cabling-smar-do-linek-i-pancerzy\/"]}]},{"@type":"BreadcrumbList","@id":"https:\/\/selleetools.com\/product\/evil-cabling-smar-do-linek-i-pancerzy\/#breadcrumb","itemListElement":[{"@type":"ListItem","position":1,"name":"Home","item":"https:\/\/selleetools.com\/pl\/"},{"@type":"ListItem","position":2,"name":"Katalog","item":"https:\/\/admincentral.selleetools.com\/pl\/katalog\/"},{"@type":"ListItem","position":3,"name":"CABLING SMAR DO LINEK I PANCERZY"}]}]}},"_links":{"self":[{"href":"https:\/\/admincentral.selleetools.com\/pl\/wp-json\/wp\/v2\/product\/312385"}],"collection":[{"href":"https:\/\/admincentral.selleetools.com\/pl\/wp-json\/wp\/v2\/product"}],"about":[{"href":"https:\/\/admincentral.selleetools.com\/pl\/wp-json\/wp\/v2\/types\/product"}],"replies":[{"embeddable":true,"href":"https:\/\/admincentral.selleetools.com\/pl\/wp-json\/wp\/v2\/comments?post=312385"}],"wp:featuredmedia":[{"embeddable":true,"href":"https:\/\/admincentral.selleetools.com\/pl\/wp-json\/wp\/v2\/media\/346860"}],"wp:attachment":[{"href":"https:\/\/admincentral.selleetools.com\/pl\/wp-json\/wp\/v2\/media?parent=312385"}],"curies":[{"name":"wp","href":"https:\/\/api.w.org\/{rel}","templated":true}]}}