{"id":312400,"date":"2024-02-10T22:57:13","date_gmt":"2024-02-10T21:57:13","guid":{"rendered":"https:\/\/selleetools.com\/?post_type=product&#038;p=312400"},"modified":"2025-11-20T12:22:00","modified_gmt":"2025-11-20T11:22:00","slug":"evil-hard-wax-100ml-twardy-wosk-kropelkowy","status":"publish","type":"product","link":"https:\/\/admincentral.selleetools.com\/pl\/product\/evil-hard-wax-100ml-twardy-wosk-kropelkowy\/","title":{"rendered":"HARD WAX 100ml TWARDY WOSK KROPELKOWY"},"content":{"rendered":"<div class=\"flex flex-grow flex-col gap-3 max-w-full\">\n<div class=\"min-h-[20px] flex flex-col items-start gap-3 overflow-x-auto whitespace-pre-wrap break-words\">\n<div class=\"markdown prose w-full break-words dark:prose-invert light\">\n<p>Hard Wax to prze\u0142omowy produkt, kt\u00f3ry odmienia spos\u00f3b smarowania \u0142a\u0144cucha rowerowego. Korzysta z najnowszej technologii wosk\u00f3w kropelkowych, \u0142\u0105cz\u0105c zalety smarowania woskiem i olejem w jednym.<\/p>\n<p><strong>G\u0142\u00f3wne cechy produktu Hard Wax:<\/strong><\/p>\n<ol>\n<li><strong>Innowacyjna technologia<\/strong>: Zamiast tradycyjnego mokrego smarowania na bazie oleju, \u0142a\u0144cuch jest zanurzany w podgrzanym p\u0142ynnym wosku, kt\u00f3ry wnika w ka\u017cdy zakamarek \u0142a\u0144cucha, a potem twardnieje i wysycha, tworz\u0105c mikroskopijn\u0105 warstw\u0119 smaru.<\/li>\n<li><strong>Zalety smarowania woskiem<\/strong>: Smarowanie woskiem daje wyj\u0105tkow\u0105 ochron\u0119 i zmniejsza tarcie na \u0142a\u0144cuchu. To pozwala na d\u0142u\u017csz\u0105 \u017cywotno\u015b\u0107 \u0142a\u0144cucha i k\u00f3\u0142 z\u0119batych oraz cichsz\u0105 jazd\u0119.<\/li>\n<li><strong>Prosty proces aplikacji<\/strong>: Mimo \u017ce proces smarowania jest zaawansowany, aplikacja Hard Wax jest \u0142atwa. Po prostu zanurz \u0142a\u0144cuch w p\u0142ynnym wosku, a nast\u0119pnie pozostaw go do wyschni\u0119cia.<\/li>\n<li><strong>Trwa\u0142a ochrona<\/strong>: Po stwardnieniu, Hard Wax tworzy trwa\u0142\u0105 warstw\u0119 ochronn\u0105 na \u0142a\u0144cuchu, chroni\u0105c go przed brudem, wilgoci\u0105 i zu\u017cyciem. Oznacza to, \u017ce \u0142a\u0144cuch pozostaje w doskona\u0142ym stanie przez d\u0142ugi czas.<\/li>\n<li><strong>Tiksotropia<\/strong>: Produkt wykazuje w\u0142a\u015bciwo\u015bci tiksotropowe, co oznacza, \u017ce staje si\u0119 mniej lepki podczas intensywnego mieszania. To u\u0142atwia aplikacj\u0119 i pozwala woskowi lepiej wnikn\u0105\u0107 w \u0142a\u0144cuch.<\/li>\n<li><strong>Czysto\u015b\u0107 i wydajno\u015b\u0107<\/strong>: Dzi\u0119ki woskowaniu \u0142a\u0144cuch jest czystszy, poniewa\u017c brud jest zwi\u0105zany w wosku, a ha\u0142as jazdy jest zredukowany. Dzia\u0142a to na korzy\u015b\u0107 wydajno\u015bci i komfortu jazdy.<\/li>\n<\/ol>\n<p>Chocia\u017c pocz\u0105tkowo smarowanie woskiem mo\u017ce wydawa\u0107 si\u0119 bardziej skomplikowane ni\u017c tradycyjne smarowanie olejem, to korzy\u015bci, takie jak d\u0142u\u017csza \u017cywotno\u015b\u0107 \u0142a\u0144cucha, ni\u017csze tarcie i wi\u0119ksza ochrona, sprawiaj\u0105, \u017ce warto wypr\u00f3bowa\u0107 Hard Wax. Produkty oparte na tej technologii przynosz\u0105 realne korzy\u015bci rowerzystom, zar\u00f3wno zawodowym, jak i amatorom.<\/p>\n<p>Czas schni\u0119cia wosku w zale\u017cno\u015bci od temperatury, oko\u0142o 6 &#8211; 8 godzin. Wosk EVIL Hard Wax nale\u017cy przed u\u017cyciem podgrza\u0107 r\u00f3wnomiernie do oko\u0142o 40-45 stopni Celcjusza. Zalecamy u\u017cywania k\u0105pieli wodnej.<\/p>\n<\/div>\n<p>Podstawowe dane emulsji woskowej Hard Wax<\/p>\n<table width=\"761\">\n<tbody>\n<tr>\n<td colspan=\"4\" width=\"761\">Hard WAX<\/td>\n<\/tr>\n<tr>\n<td width=\"136\">Norma<\/td>\n<td width=\"424\">Tre\u015b\u0107<\/td>\n<td width=\"106\">Jednostka<\/td>\n<td width=\"95\">wynik<\/td>\n<\/tr>\n<tr>\n<td width=\"136\">\u00a0CTM0176<\/td>\n<td width=\"424\">kolor<\/td>\n<td colspan=\"2\" width=\"201\">R\u00f3zowo-czerwony<\/td>\n<\/tr>\n<tr>\n<td colspan=\"4\" width=\"761\">Sk\u0142ad: kilku rodzaj\u00f3w wosk\u00f3w twardych, inhibitor korozji, emulgator zag\u0119szczaj\u0105cy p\u0142ynny wosk, nonocz\u0105steczki PTFE i czerwonego smaru sta\u0142ego<\/td>\n<\/tr>\n<tr>\n<td width=\"136\">DIN 51 757<\/td>\n<td width=\"424\">G\u0119sto\u015b\u0107 w temperaturze 20 \u00b0 C<\/td>\n<td width=\"106\">g \/ ml<\/td>\n<td width=\"95\">0,78<\/td>\n<\/tr>\n<tr>\n<td width=\"136\">DIN 51 562<\/td>\n<td width=\"424\">Lepko\u015b\u0107 wosku (wymieszanego w temp . 0 \u00b0 C)<\/td>\n<td width=\"106\">cSt<\/td>\n<td width=\"95\">320<\/td>\n<\/tr>\n<tr>\n<td width=\"136\">DIN 51 562<\/td>\n<td width=\"424\">Lepko\u015b\u0107 wosku (wymieszanego w temp .35\u00b0 C)<\/td>\n<td width=\"106\">cSt<\/td>\n<td width=\"95\">20<\/td>\n<\/tr>\n<tr>\n<td width=\"136\"><\/td>\n<td width=\"424\">Zalecany zakres temperatur do aplikacji<\/td>\n<td width=\"106\">\u00b0 C<\/td>\n<td width=\"95\">5 do 43<\/td>\n<\/tr>\n<tr>\n<td width=\"136\"><\/td>\n<td width=\"424\">Temperatura w kt\u00f3rej topi si\u0119 utwardzony wosk<\/td>\n<td width=\"106\">\u00b0 C<\/td>\n<td width=\"95\">65<\/td>\n<\/tr>\n<tr>\n<td width=\"136\"><\/td>\n<td width=\"424\">Temperatura wody zmywaj\u0105ca utwardzony wosk<\/td>\n<td width=\"106\">\u00b0 C<\/td>\n<td width=\"95\">70<\/td>\n<\/tr>\n<tr>\n<td width=\"136\">DIN 51 350 pt.4<\/td>\n<td width=\"424\">\u00a0Obci\u0105\u017cenie zespawania<\/td>\n<td width=\"106\">N<\/td>\n<td width=\"95\">1000<\/td>\n<\/tr>\n<tr>\n<td width=\"136\">DIN 51 350 pt.5<\/td>\n<td width=\"424\">No\u015bno\u015b\u0107 mm<\/td>\n<td width=\"106\">mm<\/td>\n<td width=\"95\">0,6<\/td>\n<\/tr>\n<tr>\n<td width=\"136\"><\/td>\n<td width=\"424\">Temperatura zap\u0142onu, \u00b0 C -&gt; 200<\/td>\n<td width=\"106\">\u00b0 C<\/td>\n<td width=\"95\">&gt; -10<\/td>\n<\/tr>\n<tr>\n<td width=\"136\"><\/td>\n<td width=\"424\">Temperatura samozap\u0142onu<\/td>\n<td width=\"106\">\u00b0 C<\/td>\n<td width=\"95\">ok. 300<\/td>\n<\/tr>\n<tr>\n<td width=\"136\"><\/td>\n<td width=\"424\">Ca\u0142kowity czas schni\u0119cia<\/td>\n<td width=\"106\">godziny<\/td>\n<td width=\"95\">4-6<\/td>\n<\/tr>\n<\/tbody>\n<\/table>\n<p>&nbsp;<\/p>\n<p><strong>Nak\u0142adanie na nowy \u0142a\u0144cuch: <\/strong>Przy pierwszym u\u017cyciu emulsji woskowej Hard Wax \u0142a\u0144cuch powinien by\u0107 ca\u0142kowicie czysty (odt\u0142uszczony) i suchy. Dotyczy to nowego \u0142a\u0144cucha lub \u0142a\u0144cucha pozbawionego smaru olejowego.<\/p>\n<p>Je\u017celi chodzi o nowy \u0142a\u0144cuch, kt\u00f3ry jest wolny od zanieczyszcze\u0144 to zmywamy z niego fabryczn\u0105 pow\u0142ok\u0119. Nie wiadomo, czy nowy \u0142a\u0144cuch jest pokryty \u015brodkiem ochronnym, kt\u00f3ry zapobiega rdzewieniu w opakowaniu czy jest to jaki\u015b smar.<\/p>\n<p><strong>Nale\u017cy podgrza\u0107 butelk\u0119 z woskiem do temperatury oko\u0142o 40-45 stopni (k\u0105piel wodna) aby produkt sta\u0142 si\u0119 ca\u0142kowicie p\u0142ynny,<\/strong><\/p>\n<p>Na tak przygotowany czysty \u0142a\u0144cuch nale\u017cy na\u0142o\u017cy\u0107 kroplami (pami\u0119taj\u0105c o dok\u0142adnym wymieszaniu przez potrz\u0105sanie butelki) na ca\u0142ej d\u0142ugo\u015bci \u0142a\u0144cucha now\u0105 warstw\u0119 smaru. Woskowego.<\/p>\n<p>Powiedzenie \u201eim wi\u0119cej, tym lepiej \u201d jest mylne przywioskowym kroplowym smarowaniu \u0142a\u0144cuch\u00f3w. Po nasmarowaniu nale\u017cy usun\u0105\u0107 nadmiar p\u0142ynnego wosku such\u0105 szmatk\u0105, przekr\u0119\u0107 kilka razy uk\u0142ad nap\u0119dowy, a nast\u0119pnie pozostawi\u0107 \u0142a\u0144cuch na 4 do 6 godzin. Po tym czasie mo\u017cna usun\u0105\u0107 nadmiary twardego wosku kr\u0119c\u0105c uk\u0142ad nap\u0119dowy.<\/p>\n<p>Smar Hard Wax jak wszystkie produkty woskowe zosta\u0142 mo\u017cna usun\u0105\u0107 zar\u00f3wno gor\u0105ca wod\u0105 jak i \u015brodkami chemicznymi do czyszczenia \u0142a\u0144cucha. Jest jednak r\u00f3\u017cnica pomi\u0119dzy tymi dwoma sposobami czyszczenia \u0142a\u0144cucha. Przy chemicznym sposobie mycia pozbywamy si\u0119 wosku w pe\u0142nym zakresie i zmywamy wszystko do go\u0142ego metalu. Przy usuwaniu wosku gor\u0105c\u0105 wod\u0105 zmywamy tylko wosk, a PTFE i sta\u0142e \u015brodki smarne w wi\u0119kszo\u015bci pozostaj\u0105 w smarowanych elementach \u0142a\u0144cucha rowerowego. Ta metoda przygotowania \u0142a\u0144cucha do ponownego smarowania wydaje si\u0119 w\u0142a\u015bciwsza . Po umyciu gor\u0105c\u0105 woda pozostaje nam tylko wysuszenie \u0142a\u0144cucha np. za pomoc\u0105 spr\u0119\u017conego powietrza lub suszarki i lekko przesmarowa\u0107 \u0142a\u0144cuch nowymi kropelkami Hard Wax.<\/p>\n<p><strong>\u00a0<\/strong><\/p>\n<p><strong>Smar Hard Wax polecany dla rower\u00f3w MTB, triathlonowych, gravelowych, wy\u015bcigowych i e-rower\u00f3w pracuj\u0105cych w warunkach mokrych i suchych.<\/strong> <strong>Podczas jazdy w deszczu\/mokrych warunkach \u0142a\u0144cuch nale\u017cy ponownie woskowa\u0107 po d\u0142u\u017cszym kontakcie z wod\u0105<\/strong><strong>. <\/strong>Jest to nieod\u0142\u0105czna cecha dla wszystkich wosk\u00f3w topliwych i p\u0142ynnych bez wzgl\u0119du na mark\u0119 i nie mo\u017cna tego unikn\u0105\u0107.<\/p>\n<\/div>\n<\/div>\n<p>Hard Wax to prze\u0142omowy produkt, kt\u00f3ry odmienia spos\u00f3b smarowania \u0142a\u0144cucha rowerowego. Korzysta z najnowszej technologii wosk\u00f3w kropelkowych, \u0142\u0105cz\u0105c zalety smarowania woskiem i olejem w jednym.<\/p>\n","protected":false},"excerpt":{"rendered":"<p>Hard Wax to prze\u0142omowy produkt, kt\u00f3ry odmienia spos\u00f3b smarowania \u0142a\u0144cucha rowerowego. Korzysta z najnowszej technologii wosk\u00f3w kropelkowych, \u0142\u0105cz\u0105c zalety smarowania woskiem i olejem w jednym. G\u0142\u00f3wne cechy produktu Hard Wax: Innowacyjna technologia: Zamiast tradycyjnego mokrego smarowania na bazie oleju, \u0142a\u0144cuch jest zanurzany w podgrzanym p\u0142ynnym wosku, kt\u00f3ry wnika w ka\u017cdy zakamarek \u0142a\u0144cucha, a potem twardnieje &#8230; <a title=\"HARD WAX 100ml TWARDY WOSK KROPELKOWY\" class=\"read-more\" href=\"https:\/\/admincentral.selleetools.com\/pl\/product\/evil-hard-wax-100ml-twardy-wosk-kropelkowy\/\">Read more<span class=\"screen-reader-text\">HARD WAX 100ml TWARDY WOSK KROPELKOWY<\/span><\/a><\/p>\n","protected":false},"featured_media":346864,"comment_status":"open","ping_status":"closed","template":"","meta":{"_links_to":"","_links_to_target":""},"yoast_head":"<!-- This site is optimized with the Yoast SEO plugin v19.4 - https:\/\/yoast.com\/wordpress\/plugins\/seo\/ -->\n<title>HARD WAX 100ml TWARDY WOSK KROPELKOWY - Selleetools.com<\/title>\n<meta name=\"robots\" content=\"index, follow, max-snippet:-1, max-image-preview:large, max-video-preview:-1\" \/>\n<link rel=\"canonical\" href=\"https:\/\/admincentral.selleetools.com\/pl\/product\/evil-hard-wax-100ml-twardy-wosk-kropelkowy\/\" \/>\n<meta property=\"og:locale\" content=\"pl_PL\" \/>\n<meta property=\"og:type\" content=\"article\" \/>\n<meta property=\"og:title\" content=\"HARD WAX 100ml TWARDY WOSK KROPELKOWY - Selleetools.com\" \/>\n<meta property=\"og:description\" content=\"Hard Wax to prze\u0142omowy produkt, kt\u00f3ry odmienia spos\u00f3b smarowania \u0142a\u0144cucha rowerowego. Korzysta z najnowszej technologii wosk\u00f3w kropelkowych, \u0142\u0105cz\u0105c zalety smarowania woskiem i olejem w jednym. G\u0142\u00f3wne cechy produktu Hard Wax: Innowacyjna technologia: Zamiast tradycyjnego mokrego smarowania na bazie oleju, \u0142a\u0144cuch jest zanurzany w podgrzanym p\u0142ynnym wosku, kt\u00f3ry wnika w ka\u017cdy zakamarek \u0142a\u0144cucha, a potem twardnieje ... Read moreHARD WAX 100ml TWARDY WOSK KROPELKOWY\" \/>\n<meta property=\"og:url\" content=\"https:\/\/admincentral.selleetools.com\/pl\/product\/evil-hard-wax-100ml-twardy-wosk-kropelkowy\/\" \/>\n<meta property=\"og:site_name\" content=\"Selleetools.com\" \/>\n<meta property=\"article:modified_time\" content=\"2025-11-20T11:22:00+00:00\" \/>\n<meta property=\"og:image\" content=\"https:\/\/selleetools.com\/wp-content\/uploads\/2024\/07\/hardwax.jpg\" \/>\n\t<meta property=\"og:image:width\" content=\"2000\" \/>\n\t<meta property=\"og:image:height\" content=\"2000\" \/>\n\t<meta property=\"og:image:type\" content=\"image\/jpeg\" \/>\n<meta name=\"twitter:card\" content=\"summary_large_image\" \/>\n<meta name=\"twitter:label1\" content=\"Est. reading time\" \/>\n\t<meta name=\"twitter:data1\" content=\"4 minuty\" \/>\n<!-- \/ Yoast SEO plugin. -->","yoast_head_json":{"title":"HARD WAX 100ml TWARDY WOSK KROPELKOWY - Selleetools.com","robots":{"index":"index","follow":"follow","max-snippet":"max-snippet:-1","max-image-preview":"max-image-preview:large","max-video-preview":"max-video-preview:-1"},"canonical":"https:\/\/admincentral.selleetools.com\/pl\/product\/evil-hard-wax-100ml-twardy-wosk-kropelkowy\/","og_locale":"pl_PL","og_type":"article","og_title":"HARD WAX 100ml TWARDY WOSK KROPELKOWY - Selleetools.com","og_description":"Hard Wax to prze\u0142omowy produkt, kt\u00f3ry odmienia spos\u00f3b smarowania \u0142a\u0144cucha rowerowego. Korzysta z najnowszej technologii wosk\u00f3w kropelkowych, \u0142\u0105cz\u0105c zalety smarowania woskiem i olejem w jednym. G\u0142\u00f3wne cechy produktu Hard Wax: Innowacyjna technologia: Zamiast tradycyjnego mokrego smarowania na bazie oleju, \u0142a\u0144cuch jest zanurzany w podgrzanym p\u0142ynnym wosku, kt\u00f3ry wnika w ka\u017cdy zakamarek \u0142a\u0144cucha, a potem twardnieje ... Read moreHARD WAX 100ml TWARDY WOSK KROPELKOWY","og_url":"https:\/\/admincentral.selleetools.com\/pl\/product\/evil-hard-wax-100ml-twardy-wosk-kropelkowy\/","og_site_name":"Selleetools.com","article_modified_time":"2025-11-20T11:22:00+00:00","og_image":[{"width":2000,"height":2000,"url":"https:\/\/selleetools.com\/wp-content\/uploads\/2024\/07\/hardwax.jpg","type":"image\/jpeg"}],"twitter_card":"summary_large_image","twitter_misc":{"Est. reading time":"4 minuty"},"schema":{"@context":"https:\/\/schema.org","@graph":[{"@type":"Organization","@id":"https:\/\/selleetools.com\/#organization","name":"Selleetools","url":"https:\/\/selleetools.com\/","sameAs":[],"logo":{"@type":"ImageObject","inLanguage":"pl-PL","@id":"https:\/\/selleetools.com\/#\/schema\/logo\/image\/","url":"https:\/\/selleetools.com\/wp-content\/uploads\/2021\/10\/logo-dark.png","contentUrl":"https:\/\/selleetools.com\/wp-content\/uploads\/2021\/10\/logo-dark.png","width":320,"height":76,"caption":"Selleetools"},"image":{"@id":"https:\/\/selleetools.com\/#\/schema\/logo\/image\/"}},{"@type":"WebSite","@id":"https:\/\/selleetools.com\/#website","url":"https:\/\/selleetools.com\/","name":"Selleetools.com","description":"","publisher":{"@id":"https:\/\/selleetools.com\/#organization"},"potentialAction":[{"@type":"SearchAction","target":{"@type":"EntryPoint","urlTemplate":"https:\/\/selleetools.com\/?s={search_term_string}"},"query-input":"required name=search_term_string"}],"inLanguage":"pl-PL"},{"@type":"WebPage","@id":"https:\/\/admincentral.selleetools.com\/pl\/product\/evil-hard-wax-100ml-twardy-wosk-kropelkowy\/","url":"https:\/\/admincentral.selleetools.com\/pl\/product\/evil-hard-wax-100ml-twardy-wosk-kropelkowy\/","name":"HARD WAX 100ml TWARDY WOSK KROPELKOWY - Selleetools.com","isPartOf":{"@id":"https:\/\/selleetools.com\/#website"},"datePublished":"2024-02-10T21:57:13+00:00","dateModified":"2025-11-20T11:22:00+00:00","breadcrumb":{"@id":"https:\/\/admincentral.selleetools.com\/pl\/product\/evil-hard-wax-100ml-twardy-wosk-kropelkowy\/#breadcrumb"},"inLanguage":"pl-PL","potentialAction":[{"@type":"ReadAction","target":["https:\/\/admincentral.selleetools.com\/pl\/product\/evil-hard-wax-100ml-twardy-wosk-kropelkowy\/"]}]},{"@type":"BreadcrumbList","@id":"https:\/\/admincentral.selleetools.com\/pl\/product\/evil-hard-wax-100ml-twardy-wosk-kropelkowy\/#breadcrumb","itemListElement":[{"@type":"ListItem","position":1,"name":"Home","item":"https:\/\/selleetools.com\/pl\/"},{"@type":"ListItem","position":2,"name":"Katalog","item":"https:\/\/selleetools.com\/pl\/katalog\/"},{"@type":"ListItem","position":3,"name":"HARD WAX 100ml TWARDY WOSK KROPELKOWY"}]}]}},"_links":{"self":[{"href":"https:\/\/admincentral.selleetools.com\/pl\/wp-json\/wp\/v2\/product\/312400"}],"collection":[{"href":"https:\/\/admincentral.selleetools.com\/pl\/wp-json\/wp\/v2\/product"}],"about":[{"href":"https:\/\/admincentral.selleetools.com\/pl\/wp-json\/wp\/v2\/types\/product"}],"replies":[{"embeddable":true,"href":"https:\/\/admincentral.selleetools.com\/pl\/wp-json\/wp\/v2\/comments?post=312400"}],"wp:featuredmedia":[{"embeddable":true,"href":"https:\/\/admincentral.selleetools.com\/pl\/wp-json\/wp\/v2\/media\/346864"}],"wp:attachment":[{"href":"https:\/\/admincentral.selleetools.com\/pl\/wp-json\/wp\/v2\/media?parent=312400"}],"curies":[{"name":"wp","href":"https:\/\/api.w.org\/{rel}","templated":true}]}}