{"id":312406,"date":"2024-02-10T22:57:21","date_gmt":"2024-02-10T21:57:21","guid":{"rendered":"https:\/\/selleetools.com\/?post_type=product&#038;p=312406"},"modified":"2025-11-20T12:22:00","modified_gmt":"2025-11-20T11:22:00","slug":"evil-fluid-wax-100ml-wosk-kropelkowy-plynny","status":"publish","type":"product","link":"https:\/\/admincentral.selleetools.com\/pl\/product\/evil-fluid-wax-100ml-wosk-kropelkowy-plynny\/","title":{"rendered":"FLUID WAX 100ml WOSK KROPELKOWY P\u0141YNNY"},"content":{"rendered":"<p>Emulsja woskowa Fluid Wax to rewolucyjny \u015brodek smarny przeznaczony do konserwacji i smarowania \u0142a\u0144cucha rowerowego. Fluid Wax jest alternatyw\u0105 dla tradycyjnych smar\u00f3w woskowych, oferuj\u0105c wiele zalet i innowacyjnych rozwi\u0105za\u0144. Ten opis produktu przybli\u017cy Ci, dlaczego Fluid Wax jest tak wyj\u0105tkowy i jakie korzy\u015bci mo\u017cna odnie\u015b\u0107 z jego stosowania.<\/p>\n<p><strong>Opis produktu:<\/strong><\/p>\n<p>Istnieje niezliczona ilo\u015b\u0107 kombinacji wosk\u00f3w, kt\u00f3re teoretycznie mog\u0105 by\u0107 dobrym \u015brodkiem smarnym do \u0142a\u0144cucha rowerowego. Powszechnie przez smar woskowy rozumiemy roztopiony do temperatury 60-95 stopni Celsjusza wosk w kt\u00f3rym zanurzamy \u0142a\u0144cuch, kt\u00f3ry pokrywany jest wodnym woskiem. Takie woskowanie nazywamy immersyjnym.<\/p>\n<p>Od 2018 roku na rynku zacz\u0119\u0142y si\u0119 pojawia\u0107 si\u0119 tzw. woski kropelkowe, kt\u00f3re s\u0105 smarami kropelkowymi na bazie wosku. Rozw\u00f3j woskowych smar\u00f3w kropelkowych, doprowadzi\u0142 do praktycznie zr\u00f3wnania parametr\u00f3w smarowania wosku immersyjnego i wosku kropelkowego, pozostawiaj\u0105c \u0142atwo\u015b\u0107 jego nak\u0142adania. Emulsja woskowa Fluid Wax zosta\u0142a tak zaprojektowana, aby smarowa\u0107 jak wosk, a posiada\u0107 zalety i \u0142atwo\u015b\u0107 nak\u0142adania jak krople olejowe.<\/p>\n<p><strong>Sk\u0142ad Fluid Wax:<\/strong><\/p>\n<p>Fluid Wax to emulsja z\u0142o\u017cona z kilku rodzaj\u00f3w wosk\u00f3w, w tym wosku mikrokrystalicznego, inhibitor\u00f3w korozji, emulgatora zag\u0119szczaj\u0105cego p\u0142ynny wosk pod wp\u0142ywem kontaktu z powietrzem oraz nanocz\u0105steczek bia\u0142ych smar\u00f3w sta\u0142ych. Inne emulsje woskowe tego producenta zawieraj\u0105 r\u00f3wnie\u017c nanocz\u0105steczki teflonu (PTFE) pod nazw\u0105 HardWax, nanocz\u0105steczki dwusiarczku molibdenu pod nazw\u0105 MolyWax oraz emulsj\u0119 wosku z dwusiarczkiem wolframu WS2.<\/p>\n<p><strong>W\u0142a\u015bciwo\u015bci Fluid Wax:<\/strong><\/p>\n<ul>\n<li>Fluid Wax to mieszanka r\u00f3\u017cnych rodzaj\u00f3w wosk\u00f3w, lanoliny, oleju jojoba, wosku candelilla, wosku ziemnego i szeregu wosk\u00f3w syntetycznych, co pozwala dostosowa\u0107 go do r\u00f3\u017cnych potrzeb smarowania.<\/li>\n<li>Produkty woskowe do smarowania \u0142a\u0144cucha rowerowego maj\u0105 na celu ochron\u0119 ogniw przed utlenianiem, tworz\u0105c jednocze\u015bnie ochronn\u0105 barier\u0119 przed brudem i piaskiem.<\/li>\n<li>Smarowanie \u0142a\u0144cucha rowerowego p\u0142ynnym woskiem jest tradycyjnym sposobem konserwacji element\u00f3w nap\u0119dowych roweru.<\/li>\n<li>Fluid Wax mo\u017cna zastosowa\u0107 w temperaturach od 0\u00b0C do 35\u00b0C, co sprawia, \u017ce jest odpowiedni do r\u00f3\u017cnych warunk\u00f3w pogodowych.<\/li>\n<li>Po zastygni\u0119ciu Fluid Wax staje si\u0119 mi\u0119kki i elastyczny, co jest korzystne dla wydajno\u015bci i trwa\u0142o\u015bci uk\u0142adu nap\u0119dowego roweru.<\/li>\n<li>Emulsja Fluid Wax posiada w\u0142a\u015bciwo\u015bci tiksotropowe, co u\u0142atwia proces nak\u0142adania i zapewnia r\u00f3wnomierne rozprowadzenie smaru.<\/li>\n<\/ul>\n<p><strong>Korzy\u015bci z stosowania Fluid Wax:<\/strong><\/p>\n<ol>\n<li><strong>Polepszona smarowno\u015b\u0107:<\/strong> Fluid Wax poprawia smarowno\u015b\u0107 \u0142a\u0144cucha, co przek\u0142ada si\u0119 na p\u0142ynniejszy ruch i zmniejszenie zu\u017cycia cz\u0119\u015bci nap\u0119dowych.<\/li>\n<li><strong>Ochrona przed brudem:<\/strong> Tworzy warstw\u0119 ochronn\u0105, kt\u00f3ra zapobiega przywieraniu kurzu i brudu do \u0142a\u0144cucha, co utrzymuje elementy nap\u0119dowe czyste.<\/li>\n<li><strong>Odporno\u015b\u0107 na warunki atmosferyczne:<\/strong> Fluid Wax dzia\u0142a w r\u00f3\u017cnych warunkach pogodowych, w tym deszczu i wilgoci, zapewniaj\u0105c trwa\u0142e smarowanie.<\/li>\n<li><strong>Samooczyszczanie:<\/strong> Cz\u0105steczki brudu \u0142\u0105cz\u0105 si\u0119 z woskiem i opadaj\u0105 z \u0142a\u0144cucha, utrzymuj\u0105c go w czysto\u015bci.<\/li>\n<li><strong>Zmniejszenie ha\u0142asu:<\/strong> Smarowanie Fluid Wax mo\u017ce zmniejszy\u0107 ha\u0142as nap\u0119du, co jest szczeg\u00f3lnie wa\u017cne podczas jazdy na rowerze.<\/li>\n<li><strong>\u0141atwo\u015b\u0107 aplikacji:<\/strong> Aplikacja Fluid Wax jest prosta, a smar mo\u017cna nak\u0142ada\u0107 na \u0142a\u0144cuch podczas jazdy.<\/li>\n<li><strong>Wodoszczelno\u015b\u0107 i ochrona przed korozj\u0105:<\/strong> Fluid Wax tworzy wodoszczeln\u0105 barier\u0119 i chroni \u0142a\u0144cuch przed korozj\u0105.<\/li>\n<\/ol>\n<p><strong>Dla kogo polecana jest emulsja Fluid Wax:<\/strong><\/p>\n<p>Smar Fluid Wax jest odpowiedni dla rower\u00f3w r\u00f3\u017cnych typ\u00f3w, w tym MTB, triathlonowych, gravelowych, wy\u015bcigowych i e-rower\u00f3w, pracuj\u0105cych zar\u00f3wno w warunkach mokrych, jak i suchych. Jest doskona\u0142y do jazdy w r\u00f3\u017cnych warunkach atmosferycznych, zapewniaj\u0105c optymaln\u0105 ochron\u0119 i smarowanie uk\u0142adu nap\u0119dowego.<\/p>\n<p><strong>Jak usun\u0105\u0107 Fluid Wax:<\/strong><\/p>\n<p>Aby usun\u0105\u0107 Fluid Wax z \u0142a\u0144cucha rowerowego, mo\u017cna namoczy\u0107 go w gor\u0105cej wodzie lub u\u017cy\u0107 specjalnych preparat\u00f3w chemicznych. Po usuni\u0119ciu wosku, mo\u017cna go ponownie na\u0142o\u017cy\u0107 na czysty \u0142a\u0144cuch.<\/p>\n<p>Podsumowuj\u0105c, emulsja woskowa Fluid Wax to innowacyjny produkt, kt\u00f3ry \u0142\u0105czy zalety smar\u00f3w woskowych i kropelkowych, zapewniaj\u0105c ochron\u0119 i doskona\u0142e smarowanie \u0142a\u0144cucha rowerowego. Dzi\u0119ki swoim unikalnym w\u0142a\u015bciwo\u015bciom, Fluid Wax mo\u017ce poprawi\u0107 wydajno\u015b\u0107 i trwa\u0142o\u015b\u0107 uk\u0142adu nap\u0119dowego oraz zapewni\u0107 komfortow\u0105 jazd\u0119 w r\u00f3\u017cnych warunkach.<\/p>\n<p>&nbsp;<\/p>\n<p>Podstawowe dane produktu Fluid Wax<\/p>\n<table width=\"761\">\n<tbody>\n<tr>\n<td colspan=\"4\" width=\"761\">Fluid WAX<\/td>\n<\/tr>\n<tr>\n<td width=\"136\">Norma<\/td>\n<td width=\"424\">Tre\u015b\u0107<\/td>\n<td width=\"106\">Jednostka<\/td>\n<td width=\"95\">wynik<\/td>\n<\/tr>\n<tr>\n<td width=\"136\">\u00a0CTM0176<\/td>\n<td width=\"424\">kolor<\/td>\n<td width=\"106\"><\/td>\n<td width=\"95\">bia\u0142y<\/td>\n<\/tr>\n<tr>\n<td colspan=\"4\" width=\"761\">Sk\u0142ad: kilku rodzaj\u00f3w wosk\u00f3w w tym wosk mikrokrystaliczny, inhibitor\u00f3w np. korozji, emulgator zag\u0119szczaj\u0105cy p\u0142ynny wosk pod wp\u0142ywek kontaktu z powietrzem, nonocz\u0105steczki bia\u0142ych smar\u00f3w sta\u0142ych<\/td>\n<\/tr>\n<tr>\n<td width=\"136\">DIN 51 757<\/td>\n<td width=\"424\">G\u0119sto\u015b\u0107 w temperaturze 20 \u00b0 C<\/td>\n<td width=\"106\">g \/ ml<\/td>\n<td width=\"95\">0,82<\/td>\n<\/tr>\n<tr>\n<td width=\"136\">DIN 51 562<\/td>\n<td width=\"424\">Lepko\u015b\u0107 wosku (wymieszanego w temp . 0 \u00b0 C)<\/td>\n<td width=\"106\">cSt<\/td>\n<td width=\"95\">220<\/td>\n<\/tr>\n<tr>\n<td width=\"136\">DIN 51 562<\/td>\n<td width=\"424\">Lepko\u015b\u0107 wosku (wymieszanego w temp .35\u00b0 C)<\/td>\n<td width=\"106\">cSt<\/td>\n<td width=\"95\">10<\/td>\n<\/tr>\n<tr>\n<td width=\"136\"><\/td>\n<td width=\"424\">Zalecany zakres temperatur do aplikacji<\/td>\n<td width=\"106\">\u00b0 C<\/td>\n<td width=\"95\">10 do 35<\/td>\n<\/tr>\n<tr>\n<td width=\"136\"><\/td>\n<td width=\"424\">Temperatura w kt\u00f3rej topi si\u0119 utwardzony wosk<\/td>\n<td width=\"106\">\u00b0 C<\/td>\n<td width=\"95\">60<\/td>\n<\/tr>\n<tr>\n<td width=\"136\"><\/td>\n<td width=\"424\">Temperatura wody zmywaj\u0105ca utwardzony wosk<\/td>\n<td width=\"106\">\u00b0 C<\/td>\n<td width=\"95\">70<\/td>\n<\/tr>\n<tr>\n<td width=\"136\">DIN 51 350 pt.4<\/td>\n<td width=\"424\">\u00a0Obci\u0105\u017cenie zespawania<\/td>\n<td width=\"106\">N<\/td>\n<td width=\"95\">1200<\/td>\n<\/tr>\n<tr>\n<td width=\"136\">DIN 51 350 pt.5<\/td>\n<td width=\"424\">No\u015bno\u015b\u0107 mm<\/td>\n<td width=\"106\">mm<\/td>\n<td width=\"95\">0,7<\/td>\n<\/tr>\n<tr>\n<td width=\"136\"><\/td>\n<td width=\"424\">Temperatura zap\u0142onu, \u00b0 C -&gt; 200<\/td>\n<td width=\"106\">\u00b0 C<\/td>\n<td width=\"95\">&gt; -10<\/td>\n<\/tr>\n<tr>\n<td width=\"136\"><\/td>\n<td width=\"424\">Temperatura samozap\u0142onu<\/td>\n<td width=\"106\">\u00b0 C<\/td>\n<td width=\"95\">ok. 300<\/td>\n<\/tr>\n<tr>\n<td width=\"136\"><\/td>\n<td width=\"424\">Czas pe\u0142nego schni\u0119cia<\/td>\n<td width=\"106\">godziny<\/td>\n<td width=\"95\">4-8<\/td>\n<\/tr>\n<\/tbody>\n<\/table>\n<p><strong>Spos\u00f3b pierwszej aplikacji:<\/strong> Przy pierwszym u\u017cyciu \u0142a\u0144cuch powinien by\u0107 ca\u0142kowicie czysty (odt\u0142uszczony) i suchy.<\/p>\n<p>Na\u0142\u00f3\u017c Fluid Wax na ogniwa \u0142a\u0144cucha kr\u0119c\u0105c korbami, zmieniaj\u0105c z\u0119batki i pozostaw do wyschni\u0119cia. Powt\u00f3rz ten proces dla pierwszej aplikacji. Gdy temperatura jest poni\u017cej 10 stopni, nale\u017cy ogrza\u0107 p\u0142yn woskowy, na\u0142o\u017cy\u0107 i pozostawi\u0107 do wyschni\u0119cia w ogrzewanym miejscu.<br \/>\nPrzed ponownym na\u0142o\u017ceniem Fluid Wax nie jest konieczne bardzo szczeg\u00f3\u0142owe czyszczenie \u0142a\u0144cucha, wystarczy zmy\u0107 stary wosk gor\u0105ca wod\u0105 i wysuszy\u0107 go . Przepu\u015b\u0107 \u0142a\u0144cuch przez such\u0105 szmatk\u0119, a nast\u0119pnie na\u0142\u00f3\u017c cienk\u0105 warstw\u0119 nowej emulsji woskowej. Nie nale\u017cy nak\u0142ada\u0107 smar\u00f3w na bazie oleju na woskowany \u0142a\u0144cuch \u2013 wosk i olej stworz\u0105 past\u0119, kt\u00f3ra b\u0119dzie przyci\u0105ga\u0107 i zatrzymywa\u0107 zanieczyszczenia, znacznie zwi\u0119kszaj\u0105c tarcie i zu\u017cycie uk\u0142adu nap\u0119dowego.<\/p>\n<p>&nbsp;<\/p>\n<p>Emulsja woskowa Fluid Wax to rewolucyjny \u015brodek smarny przeznaczony do konserwacji i smarowania \u0142a\u0144cucha rowerowego. Fluid Wax jest alternatyw\u0105 dla tradycyjnych smar\u00f3w woskowych, oferuj\u0105c wiele zalet i innowacyjnych rozwi\u0105za\u0144. Ten opis produktu przybli\u017cy Ci, dlaczego Fluid Wax jest tak wyj\u0105tkowy i jakie korzy\u015bci mo\u017cna odnie\u015b\u0107 z jego stosowania.<\/p>\n","protected":false},"excerpt":{"rendered":"<p>Emulsja woskowa Fluid Wax to rewolucyjny \u015brodek smarny przeznaczony do konserwacji i smarowania \u0142a\u0144cucha rowerowego. Fluid Wax jest alternatyw\u0105 dla tradycyjnych smar\u00f3w woskowych, oferuj\u0105c wiele zalet i innowacyjnych rozwi\u0105za\u0144. Ten opis produktu przybli\u017cy Ci, dlaczego Fluid Wax jest tak wyj\u0105tkowy i jakie korzy\u015bci mo\u017cna odnie\u015b\u0107 z jego stosowania. Opis produktu: Istnieje niezliczona ilo\u015b\u0107 kombinacji wosk\u00f3w, &#8230; <a title=\"FLUID WAX 100ml WOSK KROPELKOWY P\u0141YNNY\" class=\"read-more\" href=\"https:\/\/admincentral.selleetools.com\/pl\/product\/evil-fluid-wax-100ml-wosk-kropelkowy-plynny\/\">Read more<span class=\"screen-reader-text\">FLUID WAX 100ml WOSK KROPELKOWY P\u0141YNNY<\/span><\/a><\/p>\n","protected":false},"featured_media":346868,"comment_status":"open","ping_status":"closed","template":"","meta":{"_links_to":"","_links_to_target":""},"yoast_head":"<!-- This site is optimized with the Yoast SEO plugin v19.4 - https:\/\/yoast.com\/wordpress\/plugins\/seo\/ -->\n<title>FLUID WAX 100ml WOSK KROPELKOWY P\u0141YNNY - Selleetools.com<\/title>\n<meta name=\"robots\" content=\"index, follow, max-snippet:-1, max-image-preview:large, max-video-preview:-1\" \/>\n<link rel=\"canonical\" href=\"https:\/\/admincentral.selleetools.com\/pl\/product\/evil-fluid-wax-100ml-wosk-kropelkowy-plynny\/\" \/>\n<meta property=\"og:locale\" content=\"pl_PL\" \/>\n<meta property=\"og:type\" content=\"article\" \/>\n<meta property=\"og:title\" content=\"FLUID WAX 100ml WOSK KROPELKOWY P\u0141YNNY - Selleetools.com\" \/>\n<meta property=\"og:description\" content=\"Emulsja woskowa Fluid Wax to rewolucyjny \u015brodek smarny przeznaczony do konserwacji i smarowania \u0142a\u0144cucha rowerowego. Fluid Wax jest alternatyw\u0105 dla tradycyjnych smar\u00f3w woskowych, oferuj\u0105c wiele zalet i innowacyjnych rozwi\u0105za\u0144. Ten opis produktu przybli\u017cy Ci, dlaczego Fluid Wax jest tak wyj\u0105tkowy i jakie korzy\u015bci mo\u017cna odnie\u015b\u0107 z jego stosowania. Opis produktu: Istnieje niezliczona ilo\u015b\u0107 kombinacji wosk\u00f3w, ... Read moreFLUID WAX 100ml WOSK KROPELKOWY P\u0141YNNY\" \/>\n<meta property=\"og:url\" content=\"https:\/\/admincentral.selleetools.com\/pl\/product\/evil-fluid-wax-100ml-wosk-kropelkowy-plynny\/\" \/>\n<meta property=\"og:site_name\" content=\"Selleetools.com\" \/>\n<meta property=\"article:modified_time\" content=\"2025-11-20T11:22:00+00:00\" \/>\n<meta property=\"og:image\" content=\"https:\/\/selleetools.com\/wp-content\/uploads\/2024\/07\/fluid-wax.jpg\" \/>\n\t<meta property=\"og:image:width\" content=\"2000\" \/>\n\t<meta property=\"og:image:height\" content=\"2000\" \/>\n\t<meta property=\"og:image:type\" content=\"image\/jpeg\" \/>\n<meta name=\"twitter:card\" content=\"summary_large_image\" \/>\n<meta name=\"twitter:label1\" content=\"Est. reading time\" \/>\n\t<meta name=\"twitter:data1\" content=\"5 minut\" \/>\n<!-- \/ Yoast SEO plugin. -->","yoast_head_json":{"title":"FLUID WAX 100ml WOSK KROPELKOWY P\u0141YNNY - Selleetools.com","robots":{"index":"index","follow":"follow","max-snippet":"max-snippet:-1","max-image-preview":"max-image-preview:large","max-video-preview":"max-video-preview:-1"},"canonical":"https:\/\/admincentral.selleetools.com\/pl\/product\/evil-fluid-wax-100ml-wosk-kropelkowy-plynny\/","og_locale":"pl_PL","og_type":"article","og_title":"FLUID WAX 100ml WOSK KROPELKOWY P\u0141YNNY - Selleetools.com","og_description":"Emulsja woskowa Fluid Wax to rewolucyjny \u015brodek smarny przeznaczony do konserwacji i smarowania \u0142a\u0144cucha rowerowego. Fluid Wax jest alternatyw\u0105 dla tradycyjnych smar\u00f3w woskowych, oferuj\u0105c wiele zalet i innowacyjnych rozwi\u0105za\u0144. Ten opis produktu przybli\u017cy Ci, dlaczego Fluid Wax jest tak wyj\u0105tkowy i jakie korzy\u015bci mo\u017cna odnie\u015b\u0107 z jego stosowania. Opis produktu: Istnieje niezliczona ilo\u015b\u0107 kombinacji wosk\u00f3w, ... Read moreFLUID WAX 100ml WOSK KROPELKOWY P\u0141YNNY","og_url":"https:\/\/admincentral.selleetools.com\/pl\/product\/evil-fluid-wax-100ml-wosk-kropelkowy-plynny\/","og_site_name":"Selleetools.com","article_modified_time":"2025-11-20T11:22:00+00:00","og_image":[{"width":2000,"height":2000,"url":"https:\/\/selleetools.com\/wp-content\/uploads\/2024\/07\/fluid-wax.jpg","type":"image\/jpeg"}],"twitter_card":"summary_large_image","twitter_misc":{"Est. reading time":"5 minut"},"schema":{"@context":"https:\/\/schema.org","@graph":[{"@type":"Organization","@id":"https:\/\/selleetools.com\/#organization","name":"Selleetools","url":"https:\/\/selleetools.com\/","sameAs":[],"logo":{"@type":"ImageObject","inLanguage":"pl-PL","@id":"https:\/\/selleetools.com\/#\/schema\/logo\/image\/","url":"https:\/\/selleetools.com\/wp-content\/uploads\/2021\/10\/logo-dark.png","contentUrl":"https:\/\/selleetools.com\/wp-content\/uploads\/2021\/10\/logo-dark.png","width":320,"height":76,"caption":"Selleetools"},"image":{"@id":"https:\/\/selleetools.com\/#\/schema\/logo\/image\/"}},{"@type":"WebSite","@id":"https:\/\/selleetools.com\/#website","url":"https:\/\/selleetools.com\/","name":"Selleetools.com","description":"","publisher":{"@id":"https:\/\/selleetools.com\/#organization"},"potentialAction":[{"@type":"SearchAction","target":{"@type":"EntryPoint","urlTemplate":"https:\/\/selleetools.com\/?s={search_term_string}"},"query-input":"required name=search_term_string"}],"inLanguage":"pl-PL"},{"@type":"WebPage","@id":"https:\/\/admincentral.selleetools.com\/pl\/product\/evil-fluid-wax-100ml-wosk-kropelkowy-plynny\/","url":"https:\/\/admincentral.selleetools.com\/pl\/product\/evil-fluid-wax-100ml-wosk-kropelkowy-plynny\/","name":"FLUID WAX 100ml WOSK KROPELKOWY P\u0141YNNY - Selleetools.com","isPartOf":{"@id":"https:\/\/selleetools.com\/#website"},"datePublished":"2024-02-10T21:57:21+00:00","dateModified":"2025-11-20T11:22:00+00:00","breadcrumb":{"@id":"https:\/\/admincentral.selleetools.com\/pl\/product\/evil-fluid-wax-100ml-wosk-kropelkowy-plynny\/#breadcrumb"},"inLanguage":"pl-PL","potentialAction":[{"@type":"ReadAction","target":["https:\/\/admincentral.selleetools.com\/pl\/product\/evil-fluid-wax-100ml-wosk-kropelkowy-plynny\/"]}]},{"@type":"BreadcrumbList","@id":"https:\/\/admincentral.selleetools.com\/pl\/product\/evil-fluid-wax-100ml-wosk-kropelkowy-plynny\/#breadcrumb","itemListElement":[{"@type":"ListItem","position":1,"name":"Home","item":"https:\/\/selleetools.com\/pl\/"},{"@type":"ListItem","position":2,"name":"Katalog","item":"https:\/\/selleetools.com\/pl\/katalog\/"},{"@type":"ListItem","position":3,"name":"FLUID WAX 100ml WOSK KROPELKOWY P\u0141YNNY"}]}]}},"_links":{"self":[{"href":"https:\/\/admincentral.selleetools.com\/pl\/wp-json\/wp\/v2\/product\/312406"}],"collection":[{"href":"https:\/\/admincentral.selleetools.com\/pl\/wp-json\/wp\/v2\/product"}],"about":[{"href":"https:\/\/admincentral.selleetools.com\/pl\/wp-json\/wp\/v2\/types\/product"}],"replies":[{"embeddable":true,"href":"https:\/\/admincentral.selleetools.com\/pl\/wp-json\/wp\/v2\/comments?post=312406"}],"wp:featuredmedia":[{"embeddable":true,"href":"https:\/\/admincentral.selleetools.com\/pl\/wp-json\/wp\/v2\/media\/346868"}],"wp:attachment":[{"href":"https:\/\/admincentral.selleetools.com\/pl\/wp-json\/wp\/v2\/media?parent=312406"}],"curies":[{"name":"wp","href":"https:\/\/api.w.org\/{rel}","templated":true}]}}