{"id":312415,"date":"2024-02-10T22:57:33","date_gmt":"2024-02-10T21:57:33","guid":{"rendered":"https:\/\/selleetools.com\/?post_type=product&#038;p=312415"},"modified":"2025-11-20T12:22:00","modified_gmt":"2025-11-20T11:22:00","slug":"evil-winter-lube-100ml-olej-zimowy","status":"publish","type":"product","link":"https:\/\/admincentral.selleetools.com\/pl\/product\/evil-winter-lube-100ml-olej-zimowy\/","title":{"rendered":"WINTER LUBE 100ml OLEJ ZIMOWY"},"content":{"rendered":"<p>Smar do \u0142a\u0144cucha rowerowego Winter Lube jest odporny na niskie temperatury, zachowuj\u0105c swoje w\u0142a\u015bciwo\u015bci do -40\u00b0C. Zapewnia skuteczn\u0105 ochron\u0119 przed korozj\u0105 i innymi czynnikami \u015brodowiskowymi, a dzi\u0119ki sta\u0142ym zwi\u0105zkom smarnym nie zostaje wyp\u0142ukany nawet pod dzia\u0142aniem wody. Sk\u0142ad smaru pozwala na utrzymanie p\u0142ynnego smarowania i integralno\u015bci strukturalnej na poziomie molekularnym, nawet w ekstremalnie niskich temperaturach.<\/p>\n<p>Zima to trudny okres zar\u00f3wno dla naszego organizmu, jak i dla sprz\u0119tu rowerowego. W tym czasie rower jest nara\u017cony na warunki atmosferyczne, takie jak deszcz, \u015bnieg, kurz i s\u00f3l, kt\u00f3re mog\u0105 znacznie wp\u0142yn\u0105\u0107 na jego stan. Wilgo\u0107 i tzw. breja \u015bniegowa, to dodatkowe czynniki, kt\u00f3re sprawiaj\u0105, \u017ce rower jest eksploatowany w trudnych warunkach, nawet podczas spokojnej jazdy.<\/p>\n<p>Aby sprosta\u0107 tym warunkom, konieczne jest u\u017cycie odpowiedniego smaru do \u0142a\u0144cucha rowerowego. Producent smaru Winter Lube stworzy\u0142 mieszank\u0119 olej\u00f3w syntetycznych i mineralnych, wzbogacon\u0105 o zaawansowane dodatki uszlachetniaj\u0105ce. Celem tego smaru jest zmniejszenie tarcia mi\u0119dzy elementami \u0142a\u0144cucha a smarem, poprawa trwa\u0142o\u015bci, ochrona przed zabrudzeniem i ha\u0142asem.<\/p>\n<p>&nbsp;<\/p>\n<p>Dodatkowo, smar zawiera tzw. dodatki EP (Extreme Pressure), kt\u00f3re s\u0105 aktywne nawet w przypadku du\u017cego obci\u0105\u017cenia podczas jazdy w trudnych warunkach zimowych. Inhibitor korozji w smarze chroni przed dzia\u0142aniem kwas\u00f3w i tlenk\u00f3w metalu, kt\u00f3re mog\u0105 powsta\u0107 w wyniku starzenia si\u0119 oleju.<\/p>\n<p>&nbsp;<\/p>\n<p>Dob\u00f3r w\u0142a\u015bciwych parametr\u00f3w smaru zimowego do \u0142a\u0144cucha rowerowego jest kluczowy, zw\u0142aszcza je\u015bli chodzi o lepko\u015b\u0107 przy niskich temperaturach. Smar Winter Lube to po\u0142\u0105czenie w\u0142a\u015bciwo\u015bci smaru o du\u017cej i niskiej lepko\u015bci, co zosta\u0142o osi\u0105gni\u0119te poprzez zastosowanie mieszanki wielu zwi\u0105zk\u00f3w smarnych o r\u00f3\u017cnej lepko\u015bci. Olej bazowy jest wzbogacony o zwi\u0105zki PTFE i silikonowe, co gwarantuje d\u0142ug\u0105 \u017cywotno\u015b\u0107 i doskona\u0142e w\u0142a\u015bciwo\u015bci smarne.<\/p>\n<p>Smar Winter Lube tworzy na elementach \u0142a\u0144cucha struktur\u0119 p\u0142yty laminarnej, kt\u00f3ra redukuje tarcie metalu o metal. Produkt ten spe\u0142nia wszystkie normy smar\u00f3w rowerowych typu &#8220;smaruj i jed\u017a&#8221; i jest ekonomiczny w eksploatacji, poniewa\u017c nie wymaga cz\u0119stego czyszczenia \u0142a\u0144cucha.<\/p>\n<p>Zalecana metoda smarowania \u0142a\u0144cucha rowerowego to aplikacja jednej kropli smaru na ka\u017cd\u0105 rolk\u0119 od wewn\u0105trz, po czym nale\u017cy zakr\u0119ci\u0107 peda\u0142ami przez kilka sekund. Nadmiar smaru mo\u017cna usun\u0105\u0107, a smar pozostaje na rolkach i szpilkach, zapewniaj\u0105c optymalne smarowanie i ochron\u0119 przed warunkami zimowymi. Smar Winter Lube jest pakowany w butelk\u0119 100 ml z dozownikiem, co u\u0142atwia aplikacj\u0119.<\/p>\n<p>Podsumowuj\u0105c, smar do \u0142a\u0144cucha rowerowego Winter Lube to produkt zaprojektowany specjalnie na trudne warunki zimowe. Dzi\u0119ki zaawansowanej technologii hybrydowej, ten smar jest skuteczny, odporny na ekstremalne temperatury i doskonale chroni \u0142a\u0144cuch przed zu\u017cyciem i korozj\u0105.<\/p>\n<p>Podstawowe dane produktu WINTER LUBE pobrane z karty charakterystyki produktu.<\/p>\n<table width=\"618\">\n<tbody>\n<tr>\n<td width=\"126\">Norma<\/td>\n<td width=\"317\">Tre\u015b\u0107<\/td>\n<td width=\"83\">Jednostka<\/td>\n<td width=\"82\">wynik<\/td>\n<\/tr>\n<tr>\n<td width=\"126\"><\/td>\n<td width=\"317\">Kolor<\/td>\n<td colspan=\"2\" width=\"167\">bia\u0142y<\/td>\n<\/tr>\n<tr>\n<td colspan=\"4\" width=\"614\">Sk\u0142ad: Olej bazowy\u00a0mieszanina kilku\u00a0 olej\u00f3w syntetycznych, dodatki przeciwzu\u017cyciowe ,<\/p>\n<p>sta\u0142e \u015brodki smarne, PTFE, \u015brodki adhezyjne<\/td>\n<\/tr>\n<tr>\n<td width=\"126\">DIN 51 757<\/td>\n<td width=\"317\">G\u0119sto\u015b\u0107 w temperaturze 20 \u00b0 C<\/td>\n<td width=\"83\">g \/ ml<\/td>\n<td width=\"82\">0,95<\/td>\n<\/tr>\n<tr>\n<td width=\"126\">DIN 51 757<\/td>\n<td width=\"317\">G\u0119sto\u015b\u0107 w temperaturze 0\u00b0 C<\/td>\n<td width=\"83\">g \/ ml<\/td>\n<td width=\"82\">0,99<\/td>\n<\/tr>\n<tr>\n<td width=\"126\">ASTM D-2422<\/td>\n<td width=\"317\">Klasa ISO &#8211; VG<\/td>\n<td width=\"83\">VG<\/td>\n<td width=\"82\">100<\/td>\n<\/tr>\n<tr>\n<td width=\"126\"><\/td>\n<td width=\"317\">Zalecany zakres temperatury pracy<\/td>\n<td width=\"83\">\u00b0 C<\/td>\n<td width=\"82\">&#8211; 40 do +20<\/td>\n<\/tr>\n<tr>\n<td width=\"126\">ASTM D-445<\/td>\n<td width=\"317\">Lepko\u015b\u0107 w temperaturze 0 \u00b0 C<\/td>\n<td width=\"83\">mm \u00b2 \/ s<\/td>\n<td width=\"82\">160<\/td>\n<\/tr>\n<tr>\n<td width=\"126\">DIN ISO 3016<\/td>\n<td width=\"317\">Temperatura krzepni\u0119cia (congelation)<\/td>\n<td width=\"83\">\u00b0 C<\/td>\n<td width=\"82\">-60<\/td>\n<\/tr>\n<tr>\n<td width=\"126\">DIN ISO 2592<\/td>\n<td width=\"317\">Temperatura zap\u0142onu<\/td>\n<td width=\"83\">\u00b0 C<\/td>\n<td width=\"82\">230<\/td>\n<\/tr>\n<tr>\n<td width=\"126\"><\/td>\n<td width=\"317\">Stabilno\u015b\u0107 termiczna<\/td>\n<td colspan=\"2\" width=\"167\">Pozytywny wynik testu<\/td>\n<\/tr>\n<tr>\n<td width=\"126\">DIN 51 350 pkt.4<\/td>\n<td width=\"317\">Test 4 kulowy. Obc. do zespawania<\/td>\n<td width=\"83\">N<\/td>\n<td width=\"82\">900<\/td>\n<\/tr>\n<tr>\n<td width=\"126\">ASTM D665, B<\/td>\n<td width=\"317\">Zdolno\u015b\u0107 do zapobiegania korozji<\/td>\n<td colspan=\"2\" width=\"167\">test zako\u0144czony pomy\u015blnie<\/td>\n<\/tr>\n<\/tbody>\n<\/table>\n<p><u>\u00a0<\/u><\/p>\n<p><u>Opakowania produktu:<\/u>10ml, 100ml, lub dowolne na zam\u00f3wienia indywidualne<\/p>\n<p>Trwa\u0142o\u015b\u0107 i przechowywanie: przy przechowywaniu w temperaturze poni\u017cej 35 \u00b0 C w oryginalnych zamkni\u0119tych pojemnikach, produkt ten posiada okres trwa\u0142o\u015bci 60 miesi\u0119cy od daty produkcji<\/p>\n<p>&nbsp;<\/p>\n<p>Smar do \u0142a\u0144cucha rowerowego Winter Lube jest odporny na niskie temperatury, zachowuj\u0105c swoje w\u0142a\u015bciwo\u015bci do -40\u00b0C. Zapewnia skuteczn\u0105 ochron\u0119 przed korozj\u0105 i innymi czynnikami \u015brodowiskowymi, a dzi\u0119ki sta\u0142ym zwi\u0105zkom smarnym nie zostaje wyp\u0142ukany nawet pod dzia\u0142aniem wody. Sk\u0142ad smaru pozwala na utrzymanie p\u0142ynnego smarowania i integralno\u015bci strukturalnej na poziomie molekularnym, nawet w ekstremalnie niskich temperaturach.<\/p>\n","protected":false},"excerpt":{"rendered":"<p>Smar do \u0142a\u0144cucha rowerowego Winter Lube jest odporny na niskie temperatury, zachowuj\u0105c swoje w\u0142a\u015bciwo\u015bci do -40\u00b0C. Zapewnia skuteczn\u0105 ochron\u0119 przed korozj\u0105 i innymi czynnikami \u015brodowiskowymi, a dzi\u0119ki sta\u0142ym zwi\u0105zkom smarnym nie zostaje wyp\u0142ukany nawet pod dzia\u0142aniem wody. Sk\u0142ad smaru pozwala na utrzymanie p\u0142ynnego smarowania i integralno\u015bci strukturalnej na poziomie molekularnym, nawet w ekstremalnie niskich temperaturach. &#8230; <a title=\"WINTER LUBE 100ml OLEJ ZIMOWY\" class=\"read-more\" href=\"https:\/\/admincentral.selleetools.com\/pl\/product\/evil-winter-lube-100ml-olej-zimowy\/\">Read more<span class=\"screen-reader-text\">WINTER LUBE 100ml OLEJ ZIMOWY<\/span><\/a><\/p>\n","protected":false},"featured_media":346874,"comment_status":"open","ping_status":"closed","template":"","meta":{"_links_to":"","_links_to_target":""},"yoast_head":"<!-- This site is optimized with the Yoast SEO plugin v19.4 - https:\/\/yoast.com\/wordpress\/plugins\/seo\/ -->\n<title>WINTER LUBE 100ml OLEJ ZIMOWY - Selleetools.com<\/title>\n<meta name=\"robots\" content=\"index, follow, max-snippet:-1, max-image-preview:large, max-video-preview:-1\" \/>\n<link rel=\"canonical\" href=\"https:\/\/admincentral.selleetools.com\/pl\/product\/evil-winter-lube-100ml-olej-zimowy\/\" \/>\n<meta property=\"og:locale\" content=\"pl_PL\" \/>\n<meta property=\"og:type\" content=\"article\" \/>\n<meta property=\"og:title\" content=\"WINTER LUBE 100ml OLEJ ZIMOWY - Selleetools.com\" \/>\n<meta property=\"og:description\" content=\"Smar do \u0142a\u0144cucha rowerowego Winter Lube jest odporny na niskie temperatury, zachowuj\u0105c swoje w\u0142a\u015bciwo\u015bci do -40\u00b0C. Zapewnia skuteczn\u0105 ochron\u0119 przed korozj\u0105 i innymi czynnikami \u015brodowiskowymi, a dzi\u0119ki sta\u0142ym zwi\u0105zkom smarnym nie zostaje wyp\u0142ukany nawet pod dzia\u0142aniem wody. Sk\u0142ad smaru pozwala na utrzymanie p\u0142ynnego smarowania i integralno\u015bci strukturalnej na poziomie molekularnym, nawet w ekstremalnie niskich temperaturach. ... Read moreWINTER LUBE 100ml OLEJ ZIMOWY\" \/>\n<meta property=\"og:url\" content=\"https:\/\/admincentral.selleetools.com\/pl\/product\/evil-winter-lube-100ml-olej-zimowy\/\" \/>\n<meta property=\"og:site_name\" content=\"Selleetools.com\" \/>\n<meta property=\"article:modified_time\" content=\"2025-11-20T11:22:00+00:00\" \/>\n<meta property=\"og:image\" content=\"https:\/\/selleetools.com\/wp-content\/uploads\/2024\/07\/winter.jpg\" \/>\n\t<meta property=\"og:image:width\" content=\"2000\" \/>\n\t<meta property=\"og:image:height\" content=\"2000\" \/>\n\t<meta property=\"og:image:type\" content=\"image\/jpeg\" \/>\n<meta name=\"twitter:card\" content=\"summary_large_image\" \/>\n<meta name=\"twitter:label1\" content=\"Est. reading time\" \/>\n\t<meta name=\"twitter:data1\" content=\"3 minuty\" \/>\n<!-- \/ Yoast SEO plugin. -->","yoast_head_json":{"title":"WINTER LUBE 100ml OLEJ ZIMOWY - Selleetools.com","robots":{"index":"index","follow":"follow","max-snippet":"max-snippet:-1","max-image-preview":"max-image-preview:large","max-video-preview":"max-video-preview:-1"},"canonical":"https:\/\/admincentral.selleetools.com\/pl\/product\/evil-winter-lube-100ml-olej-zimowy\/","og_locale":"pl_PL","og_type":"article","og_title":"WINTER LUBE 100ml OLEJ ZIMOWY - Selleetools.com","og_description":"Smar do \u0142a\u0144cucha rowerowego Winter Lube jest odporny na niskie temperatury, zachowuj\u0105c swoje w\u0142a\u015bciwo\u015bci do -40\u00b0C. Zapewnia skuteczn\u0105 ochron\u0119 przed korozj\u0105 i innymi czynnikami \u015brodowiskowymi, a dzi\u0119ki sta\u0142ym zwi\u0105zkom smarnym nie zostaje wyp\u0142ukany nawet pod dzia\u0142aniem wody. Sk\u0142ad smaru pozwala na utrzymanie p\u0142ynnego smarowania i integralno\u015bci strukturalnej na poziomie molekularnym, nawet w ekstremalnie niskich temperaturach. ... Read moreWINTER LUBE 100ml OLEJ ZIMOWY","og_url":"https:\/\/admincentral.selleetools.com\/pl\/product\/evil-winter-lube-100ml-olej-zimowy\/","og_site_name":"Selleetools.com","article_modified_time":"2025-11-20T11:22:00+00:00","og_image":[{"width":2000,"height":2000,"url":"https:\/\/selleetools.com\/wp-content\/uploads\/2024\/07\/winter.jpg","type":"image\/jpeg"}],"twitter_card":"summary_large_image","twitter_misc":{"Est. reading time":"3 minuty"},"schema":{"@context":"https:\/\/schema.org","@graph":[{"@type":"Organization","@id":"https:\/\/selleetools.com\/#organization","name":"Selleetools","url":"https:\/\/selleetools.com\/","sameAs":[],"logo":{"@type":"ImageObject","inLanguage":"pl-PL","@id":"https:\/\/selleetools.com\/#\/schema\/logo\/image\/","url":"https:\/\/selleetools.com\/wp-content\/uploads\/2021\/10\/logo-dark.png","contentUrl":"https:\/\/selleetools.com\/wp-content\/uploads\/2021\/10\/logo-dark.png","width":320,"height":76,"caption":"Selleetools"},"image":{"@id":"https:\/\/selleetools.com\/#\/schema\/logo\/image\/"}},{"@type":"WebSite","@id":"https:\/\/selleetools.com\/#website","url":"https:\/\/selleetools.com\/","name":"Selleetools.com","description":"","publisher":{"@id":"https:\/\/selleetools.com\/#organization"},"potentialAction":[{"@type":"SearchAction","target":{"@type":"EntryPoint","urlTemplate":"https:\/\/selleetools.com\/?s={search_term_string}"},"query-input":"required name=search_term_string"}],"inLanguage":"pl-PL"},{"@type":"WebPage","@id":"https:\/\/admincentral.selleetools.com\/pl\/product\/evil-winter-lube-100ml-olej-zimowy\/","url":"https:\/\/admincentral.selleetools.com\/pl\/product\/evil-winter-lube-100ml-olej-zimowy\/","name":"WINTER LUBE 100ml OLEJ ZIMOWY - Selleetools.com","isPartOf":{"@id":"https:\/\/selleetools.com\/#website"},"datePublished":"2024-02-10T21:57:33+00:00","dateModified":"2025-11-20T11:22:00+00:00","breadcrumb":{"@id":"https:\/\/admincentral.selleetools.com\/pl\/product\/evil-winter-lube-100ml-olej-zimowy\/#breadcrumb"},"inLanguage":"pl-PL","potentialAction":[{"@type":"ReadAction","target":["https:\/\/admincentral.selleetools.com\/pl\/product\/evil-winter-lube-100ml-olej-zimowy\/"]}]},{"@type":"BreadcrumbList","@id":"https:\/\/admincentral.selleetools.com\/pl\/product\/evil-winter-lube-100ml-olej-zimowy\/#breadcrumb","itemListElement":[{"@type":"ListItem","position":1,"name":"Home","item":"https:\/\/selleetools.com\/pl\/"},{"@type":"ListItem","position":2,"name":"Katalog","item":"https:\/\/selleetools.com\/pl\/katalog\/"},{"@type":"ListItem","position":3,"name":"WINTER LUBE 100ml OLEJ ZIMOWY"}]}]}},"_links":{"self":[{"href":"https:\/\/admincentral.selleetools.com\/pl\/wp-json\/wp\/v2\/product\/312415"}],"collection":[{"href":"https:\/\/admincentral.selleetools.com\/pl\/wp-json\/wp\/v2\/product"}],"about":[{"href":"https:\/\/admincentral.selleetools.com\/pl\/wp-json\/wp\/v2\/types\/product"}],"replies":[{"embeddable":true,"href":"https:\/\/admincentral.selleetools.com\/pl\/wp-json\/wp\/v2\/comments?post=312415"}],"wp:featuredmedia":[{"embeddable":true,"href":"https:\/\/admincentral.selleetools.com\/pl\/wp-json\/wp\/v2\/media\/346874"}],"wp:attachment":[{"href":"https:\/\/admincentral.selleetools.com\/pl\/wp-json\/wp\/v2\/media?parent=312415"}],"curies":[{"name":"wp","href":"https:\/\/api.w.org\/{rel}","templated":true}]}}