{"id":312418,"date":"2024-02-10T22:57:37","date_gmt":"2024-02-10T21:57:37","guid":{"rendered":"https:\/\/selleetools.com\/?post_type=product&#038;p=312418"},"modified":"2025-11-20T12:22:00","modified_gmt":"2025-11-20T11:22:00","slug":"evil-mos2-lube-100ml-olej-z-mos2","status":"publish","type":"product","link":"https:\/\/admincentral.selleetools.com\/pl\/product\/evil-mos2-lube-100ml-olej-z-mos2\/","title":{"rendered":"MoS2 LUBE 100ml OLEJ Z MoS2"},"content":{"rendered":"<p>MoS2 LUBE to smar syntetyczny do \u0142a\u0144cucha rowerowego z dwusiarczkiem molibdenu, cechuj\u0105cy si\u0119 wysok\u0105 przyczepno\u015bci\u0105 i dodatkami antykorozyjnymi, to mieszanka olej\u00f3w syntetycznych i mineralnych jako g\u0142\u00f3wnego oleju bazowego, wzbogacona o zaawansowane dodatki uszlachetniaj\u0105ce. Te dodatki maj\u0105 za zadanie poprawi\u0107 w\u0142a\u015bciwo\u015bci przeciwtarczowe i przeciwtleniowe oraz pe\u0142ni\u0105 rol\u0119 modyfikator\u00f3w tarcia. G\u0142\u00f3wnym celem smaru MoS2 Lube jest wywo\u0142anie reakcji tribochemicznych pomi\u0119dzy \u0142a\u0144cuchem a smarem, co zwi\u0119ksza trwa\u0142o\u015b\u0107, zapobiega gromadzeniu si\u0119 brudu i kurzu oraz znacznie redukuje ha\u0142as.<\/p>\n<p>Dodatki EP (Extreme Pressure) zawarte w produkcie reaguj\u0105 zar\u00f3wno z olejem bazowym, jak i z elementami \u0142a\u0144cucha, zw\u0142aszcza podczas silnych obci\u0105\u017ce\u0144, takich jak jazda wyczynowa i amatorska o du\u017cym wysi\u0142ku. Dlatego produkt ten jest szczeg\u00f3lnie polecany dla kolarzy i grup kolarskich, gdzie wyst\u0119puj\u0105 du\u017ce si\u0142y nacisku.<\/p>\n<p>Inhibitor korozji w smarze zapobiega bezpo\u015bredniemu kontaktowi z metalem oraz tlenkami i kwasami powstaj\u0105cymi w procesie starzenia si\u0119 oleju. Dodatkowo, smar jest wzbogacony o dwusiarczek molibdenu (MoS2) w postaci p\u0142ynnej folii, co zapewnia lepsze w\u0142a\u015bciwo\u015bci smarne. Zalecane jest wstrz\u0105\u015bni\u0119cie opakowaniem przed u\u017cyciem, aby r\u00f3wnomiernie wymiesza\u0107 zwi\u0105zki molibdenowe z olejem. Czarny kolor produktu MoS2 Lube wynika z obecno\u015bci intensywnie czarnych zwi\u0105zk\u00f3w molibdenowych.<\/p>\n<p>Dodatki zwi\u0119kszaj\u0105 przyczepno\u015b\u0107 smaru, sprawiaj\u0105, \u017ce lepiej rozprowadza si\u0119 po ca\u0142ym \u0142a\u0144cuchu, zw\u0142aszcza w trudno dost\u0119pnych miejscach, takich jak \u015brodki ogniw. Tworz\u0105 one struktur\u0119 p\u0142yty laminarnej, kt\u00f3ra zachowuje swoj\u0105 integralno\u015b\u0107 nawet podczas du\u017cego obci\u0105\u017cenia. Produkt jest rzadki i przypomina konsystencj\u0105 t\u0142uste mleko, a dozowany jest z wygodn\u0105 ko\u0144c\u00f3wk\u0105, dostosowan\u0105 do kszta\u0142tu ogniw \u0142a\u0144cucha.<\/p>\n<p>Najwi\u0119ksze zalety tego smaru do \u0142a\u0144cucha rowerowego mo\u017cna podsumowa\u0107 jako:<\/p>\n<ul>\n<li>Bardzo oszcz\u0119dny i wydajny.<\/li>\n<li>\u0141atwe i szybkie dozowanie dzi\u0119ki specjalnej ko\u0144c\u00f3wce.<\/li>\n<li>D\u0142ugotrwa\u0142e dzia\u0142anie, przewy\u017cszaj\u0105ce inne produkty tego typu.<\/li>\n<li>Opakowanie dostosowane do domowej konserwacji roweru.<\/li>\n<li>Skutecznie smaruje rolki i znacznie trwalsze ni\u017c g\u0119stsze smary.<\/li>\n<\/ul>\n<p>&nbsp;<\/p>\n<p>Zaleca si\u0119 dok\u0142adne oczyszczenie \u0142a\u0144cucha z poprzedniego smaru przed zastosowaniem tego produktu, a nast\u0119pnie aplikacj\u0119 kropelkowo na rolki \u0142a\u0144cucha. Po rozprowadzeniu smaru nale\u017cy poczeka\u0107 kilka minut, a nast\u0119pnie usun\u0105\u0107 nadmiar. Pomimo \u017ce jest przeznaczony do suchych do lekko wilgotnych warunk\u00f3w, smar ten radzi sobie r\u00f3wnie\u017c w przypadku kr\u00f3tkotrwa\u0142ego kontaktu z wod\u0105 lub wilgoci\u0105. Dzia\u0142a poprzez redukcj\u0119 oporu toczenia, zwi\u0119kszenie przekazywanej mocy i utrzymanie \u0142a\u0144cucha w czysto\u015bci oraz zapewnia cich\u0105 prac\u0119.<\/p>\n<p>Podstawowe dane produktu MoS2 Lube\u00a0 pobrane z <u>karty charakterystyki produktu<\/u><\/p>\n<table>\n<tbody>\n<tr>\n<td width=\"99\">Norma<\/td>\n<td width=\"393\">Tre\u015b\u0107<\/td>\n<td width=\"106\">Jednostka<\/td>\n<td width=\"126\">wynik<\/td>\n<\/tr>\n<tr>\n<td>\u00a0CTM0176<\/td>\n<td>kolor<\/td>\n<td colspan=\"2\">czarny<\/td>\n<\/tr>\n<tr>\n<td colspan=\"4\">Sk\u0142ad: mieszanina oleju syntetycznego i mineralnego ,\u00a0 inhibitory korozji, dodatki smarne\u00a0 EP , dodatki penetruj\u0105ce, zwi\u0105zki dwusiarczku molibdenu w dyspersji o ma\u0142ej lepko\u015bci<\/td>\n<\/tr>\n<tr>\n<td>DIN 51 757<\/td>\n<td>G\u0119sto\u015b\u0107 w temperaturze 20 \u00b0 C<\/td>\n<td>g \/ ml<\/td>\n<td>0,90<\/td>\n<\/tr>\n<tr>\n<td><\/td>\n<td>Zalecany zakres temperatur pracy<\/td>\n<td>\u00b0 C<\/td>\n<td>&#8211; 15 do +130<\/td>\n<\/tr>\n<tr>\n<td>DIN 51 562<\/td>\n<td>Lepko\u015b\u0107 w temperaturze 40 \u00b0 C<\/td>\n<td>mm \u00b2 \/ s<\/td>\n<td>170<\/td>\n<\/tr>\n<tr>\n<td>DIN 51 350 pt.4<\/td>\n<td>\u00a0Obci\u0105\u017cenie zespawania<\/td>\n<td>N<\/td>\n<td>2400<\/td>\n<\/tr>\n<tr>\n<td>DIN 51 350 pt.5<\/td>\n<td>No\u015bno\u015b\u0107 mm<\/td>\n<td>mm<\/td>\n<td>0,7<\/td>\n<\/tr>\n<tr>\n<td><\/td>\n<td>Temperatura zap\u0142onu, \u00b0 C -&gt; 200<\/td>\n<td>\u00b0 C<\/td>\n<td>&gt; 220<\/td>\n<\/tr>\n<\/tbody>\n<\/table>\n<p>Opakowanie produktu: 10ml, 100ml.250ml lub dowolne na zam\u00f3wienia indywidualne<\/p>\n<p>Olej do \u0142a\u0144cucha rowerowego MoS2 Lube\u00a0 przeznaczony jest \u00a0do jazd wyczynowych i amatorskich \u00a0w suchych i lekko wilgotnych warunkach pogodowych<\/p>\n<p>Trwa\u0142o\u015b\u0107 i przechowywanie: przy przechowywaniu w temperaturze poni\u017cej 30 \u00b0 C w oryginalnych zamkni\u0119tych pojemnikach, produkt ten posiada okres trwa\u0142o\u015bci 60 miesi\u0119cy od daty produkcji<\/p>\n<p>&nbsp;<\/p>\n<p>MoS2 LUBE to smar syntetyczny do \u0142a\u0144cucha rowerowego z dwusiarczkiem molibdenu, cechuj\u0105cy si\u0119 wysok\u0105 przyczepno\u015bci\u0105 i dodatkami antykorozyjnymi, to mieszanka olej\u00f3w syntetycznych i mineralnych jako g\u0142\u00f3wnego oleju bazowego, wzbogacona o zaawansowane dodatki uszlachetniaj\u0105ce. Te dodatki maj\u0105 za zadanie poprawi\u0107 w\u0142a\u015bciwo\u015bci przeciwtarczowe i przeciwtleniowe oraz pe\u0142ni\u0105 rol\u0119 modyfikator\u00f3w tarcia. G\u0142\u00f3wnym celem smaru MoS2 Lube jest wywo\u0142anie reakcji tribochemicznych pomi\u0119dzy \u0142a\u0144cuchem a smarem, co zwi\u0119ksza trwa\u0142o\u015b\u0107, zapobiega gromadzeniu si\u0119 brudu i kurzu oraz znacznie redukuje ha\u0142as.<\/p>\n","protected":false},"excerpt":{"rendered":"<p>MoS2 LUBE to smar syntetyczny do \u0142a\u0144cucha rowerowego z dwusiarczkiem molibdenu, cechuj\u0105cy si\u0119 wysok\u0105 przyczepno\u015bci\u0105 i dodatkami antykorozyjnymi, to mieszanka olej\u00f3w syntetycznych i mineralnych jako g\u0142\u00f3wnego oleju bazowego, wzbogacona o zaawansowane dodatki uszlachetniaj\u0105ce. Te dodatki maj\u0105 za zadanie poprawi\u0107 w\u0142a\u015bciwo\u015bci przeciwtarczowe i przeciwtleniowe oraz pe\u0142ni\u0105 rol\u0119 modyfikator\u00f3w tarcia. G\u0142\u00f3wnym celem smaru MoS2 Lube jest wywo\u0142anie &#8230; <a title=\"MoS2 LUBE 100ml OLEJ Z MoS2\" class=\"read-more\" href=\"https:\/\/admincentral.selleetools.com\/pl\/product\/evil-mos2-lube-100ml-olej-z-mos2\/\">Read more<span class=\"screen-reader-text\">MoS2 LUBE 100ml OLEJ Z MoS2<\/span><\/a><\/p>\n","protected":false},"featured_media":346876,"comment_status":"open","ping_status":"closed","template":"","meta":{"_links_to":"","_links_to_target":""},"yoast_head":"<!-- This site is optimized with the Yoast SEO plugin v19.4 - https:\/\/yoast.com\/wordpress\/plugins\/seo\/ -->\n<title>MoS2 LUBE 100ml OLEJ Z MoS2 - Selleetools.com<\/title>\n<meta name=\"robots\" content=\"index, follow, max-snippet:-1, max-image-preview:large, max-video-preview:-1\" \/>\n<link rel=\"canonical\" href=\"https:\/\/admincentral.selleetools.com\/pl\/product\/evil-mos2-lube-100ml-olej-z-mos2\/\" \/>\n<meta property=\"og:locale\" content=\"pl_PL\" \/>\n<meta property=\"og:type\" content=\"article\" \/>\n<meta property=\"og:title\" content=\"MoS2 LUBE 100ml OLEJ Z MoS2 - Selleetools.com\" \/>\n<meta property=\"og:description\" content=\"MoS2 LUBE to smar syntetyczny do \u0142a\u0144cucha rowerowego z dwusiarczkiem molibdenu, cechuj\u0105cy si\u0119 wysok\u0105 przyczepno\u015bci\u0105 i dodatkami antykorozyjnymi, to mieszanka olej\u00f3w syntetycznych i mineralnych jako g\u0142\u00f3wnego oleju bazowego, wzbogacona o zaawansowane dodatki uszlachetniaj\u0105ce. Te dodatki maj\u0105 za zadanie poprawi\u0107 w\u0142a\u015bciwo\u015bci przeciwtarczowe i przeciwtleniowe oraz pe\u0142ni\u0105 rol\u0119 modyfikator\u00f3w tarcia. G\u0142\u00f3wnym celem smaru MoS2 Lube jest wywo\u0142anie ... Read moreMoS2 LUBE 100ml OLEJ Z MoS2\" \/>\n<meta property=\"og:url\" content=\"https:\/\/admincentral.selleetools.com\/pl\/product\/evil-mos2-lube-100ml-olej-z-mos2\/\" \/>\n<meta property=\"og:site_name\" content=\"Selleetools.com\" \/>\n<meta property=\"article:modified_time\" content=\"2025-11-20T11:22:00+00:00\" \/>\n<meta property=\"og:image\" content=\"https:\/\/selleetools.com\/wp-content\/uploads\/2024\/07\/mos2.jpg\" \/>\n\t<meta property=\"og:image:width\" content=\"2000\" \/>\n\t<meta property=\"og:image:height\" content=\"2000\" \/>\n\t<meta property=\"og:image:type\" content=\"image\/jpeg\" \/>\n<meta name=\"twitter:card\" content=\"summary_large_image\" \/>\n<meta name=\"twitter:label1\" content=\"Est. reading time\" \/>\n\t<meta name=\"twitter:data1\" content=\"3 minuty\" \/>\n<!-- \/ Yoast SEO plugin. -->","yoast_head_json":{"title":"MoS2 LUBE 100ml OLEJ Z MoS2 - Selleetools.com","robots":{"index":"index","follow":"follow","max-snippet":"max-snippet:-1","max-image-preview":"max-image-preview:large","max-video-preview":"max-video-preview:-1"},"canonical":"https:\/\/admincentral.selleetools.com\/pl\/product\/evil-mos2-lube-100ml-olej-z-mos2\/","og_locale":"pl_PL","og_type":"article","og_title":"MoS2 LUBE 100ml OLEJ Z MoS2 - Selleetools.com","og_description":"MoS2 LUBE to smar syntetyczny do \u0142a\u0144cucha rowerowego z dwusiarczkiem molibdenu, cechuj\u0105cy si\u0119 wysok\u0105 przyczepno\u015bci\u0105 i dodatkami antykorozyjnymi, to mieszanka olej\u00f3w syntetycznych i mineralnych jako g\u0142\u00f3wnego oleju bazowego, wzbogacona o zaawansowane dodatki uszlachetniaj\u0105ce. Te dodatki maj\u0105 za zadanie poprawi\u0107 w\u0142a\u015bciwo\u015bci przeciwtarczowe i przeciwtleniowe oraz pe\u0142ni\u0105 rol\u0119 modyfikator\u00f3w tarcia. G\u0142\u00f3wnym celem smaru MoS2 Lube jest wywo\u0142anie ... Read moreMoS2 LUBE 100ml OLEJ Z MoS2","og_url":"https:\/\/admincentral.selleetools.com\/pl\/product\/evil-mos2-lube-100ml-olej-z-mos2\/","og_site_name":"Selleetools.com","article_modified_time":"2025-11-20T11:22:00+00:00","og_image":[{"width":2000,"height":2000,"url":"https:\/\/selleetools.com\/wp-content\/uploads\/2024\/07\/mos2.jpg","type":"image\/jpeg"}],"twitter_card":"summary_large_image","twitter_misc":{"Est. reading time":"3 minuty"},"schema":{"@context":"https:\/\/schema.org","@graph":[{"@type":"Organization","@id":"https:\/\/selleetools.com\/#organization","name":"Selleetools","url":"https:\/\/selleetools.com\/","sameAs":[],"logo":{"@type":"ImageObject","inLanguage":"pl-PL","@id":"https:\/\/selleetools.com\/#\/schema\/logo\/image\/","url":"https:\/\/selleetools.com\/wp-content\/uploads\/2021\/10\/logo-dark.png","contentUrl":"https:\/\/selleetools.com\/wp-content\/uploads\/2021\/10\/logo-dark.png","width":320,"height":76,"caption":"Selleetools"},"image":{"@id":"https:\/\/selleetools.com\/#\/schema\/logo\/image\/"}},{"@type":"WebSite","@id":"https:\/\/selleetools.com\/#website","url":"https:\/\/selleetools.com\/","name":"Selleetools.com","description":"","publisher":{"@id":"https:\/\/selleetools.com\/#organization"},"potentialAction":[{"@type":"SearchAction","target":{"@type":"EntryPoint","urlTemplate":"https:\/\/selleetools.com\/?s={search_term_string}"},"query-input":"required name=search_term_string"}],"inLanguage":"pl-PL"},{"@type":"WebPage","@id":"https:\/\/admincentral.selleetools.com\/pl\/product\/evil-mos2-lube-100ml-olej-z-mos2\/","url":"https:\/\/admincentral.selleetools.com\/pl\/product\/evil-mos2-lube-100ml-olej-z-mos2\/","name":"MoS2 LUBE 100ml OLEJ Z MoS2 - Selleetools.com","isPartOf":{"@id":"https:\/\/selleetools.com\/#website"},"datePublished":"2024-02-10T21:57:37+00:00","dateModified":"2025-11-20T11:22:00+00:00","breadcrumb":{"@id":"https:\/\/admincentral.selleetools.com\/pl\/product\/evil-mos2-lube-100ml-olej-z-mos2\/#breadcrumb"},"inLanguage":"pl-PL","potentialAction":[{"@type":"ReadAction","target":["https:\/\/admincentral.selleetools.com\/pl\/product\/evil-mos2-lube-100ml-olej-z-mos2\/"]}]},{"@type":"BreadcrumbList","@id":"https:\/\/admincentral.selleetools.com\/pl\/product\/evil-mos2-lube-100ml-olej-z-mos2\/#breadcrumb","itemListElement":[{"@type":"ListItem","position":1,"name":"Home","item":"https:\/\/selleetools.com\/pl\/"},{"@type":"ListItem","position":2,"name":"Katalog","item":"https:\/\/selleetools.com\/pl\/katalog\/"},{"@type":"ListItem","position":3,"name":"MoS2 LUBE 100ml OLEJ Z MoS2"}]}]}},"_links":{"self":[{"href":"https:\/\/admincentral.selleetools.com\/pl\/wp-json\/wp\/v2\/product\/312418"}],"collection":[{"href":"https:\/\/admincentral.selleetools.com\/pl\/wp-json\/wp\/v2\/product"}],"about":[{"href":"https:\/\/admincentral.selleetools.com\/pl\/wp-json\/wp\/v2\/types\/product"}],"replies":[{"embeddable":true,"href":"https:\/\/admincentral.selleetools.com\/pl\/wp-json\/wp\/v2\/comments?post=312418"}],"wp:featuredmedia":[{"embeddable":true,"href":"https:\/\/admincentral.selleetools.com\/pl\/wp-json\/wp\/v2\/media\/346876"}],"wp:attachment":[{"href":"https:\/\/admincentral.selleetools.com\/pl\/wp-json\/wp\/v2\/media?parent=312418"}],"curies":[{"name":"wp","href":"https:\/\/api.w.org\/{rel}","templated":true}]}}