{"id":312427,"date":"2024-02-10T22:57:48","date_gmt":"2024-02-10T21:57:48","guid":{"rendered":"https:\/\/selleetools.com\/?post_type=product&#038;p=312427"},"modified":"2025-11-20T12:22:00","modified_gmt":"2025-11-20T11:22:00","slug":"evil-wet-lube-100ml-olej-na-mokre-warunki","status":"publish","type":"product","link":"https:\/\/admincentral.selleetools.com\/pl\/product\/evil-wet-lube-100ml-olej-na-mokre-warunki\/","title":{"rendered":"WET LUBE 100ml OLEJ NA MOKRE WARUNKI"},"content":{"rendered":"<p>WET Lube to zaawansowany technologicznie syntetyczny smar do \u0142a\u0144cucha rowerowego, specjalnie opracowany dla kolarzy g\u00f3rskich i zawodnik\u00f3w je\u017cd\u017c\u0105cych w deszczu. Jednak\u017ce, z powodzeniem mo\u017cna go stosowa\u0107 r\u00f3wnie\u017c podczas wszelkiego rodzaju amatorskich wycieczek w wilgotnych warunkach pogodowych.<\/p>\n<p>Produkt ten opiera si\u0119 na syntetycznym oleju poliestrowo-diestrowym, wzbogaconym o dodatki EP (Extreme Pressure) oraz mikrocz\u0105steczki teflonu, co czyni go idealnym wyborem dla kolarzy nara\u017conych na du\u017ce obci\u0105\u017cenia \u0142a\u0144cucha w trudnych warunkach. Ponadto, smar zawiera sk\u0142adniki smarne, kt\u00f3re zmniejszaj\u0105 tarcie.<\/p>\n<p>Dzi\u0119ki zaawansowanej technologii hybrydowej, WET Lube doskonale penetruje ogniwa \u0142a\u0144cucha i jest odporny na wyp\u0142ukiwanie, pomimo \u017ce jest to olej o niskiej lepko\u015bci. Nowoczesne sk\u0142adniki adhezyjne poprawiaj\u0105 przyczepno\u015b\u0107 do metalu, bez zwi\u0119kszania grubo\u015bci smaru, co jest kluczowe. Smar ten zapewnia r\u00f3wnie\u017c ochron\u0119 przed zbieraniem brudu i kurzu, co jest niezb\u0119dne podczas jazdy w mokrych warunkach atmosferycznych.<\/p>\n<p>Smar WET Lube serii Hybrid zawiera inhibitory korozji, kt\u00f3re chroni\u0105 przed rdzewieniem. Po aplikacji, \u015brodek transportowy zawarty w bazie smaru odparowuje, pozostawiaj\u0105c cienk\u0105 pow\u0142ok\u0119 na metalowych elementach, kt\u00f3ra zawiera \u015brodki smarne i dodatki, opisane w tabeli poni\u017cej.<\/p>\n<p>Ten smar \u0142a\u0144cuchowy o niskim wsp\u00f3\u0142czynniku tarcia pomaga zmniejszy\u0107 zu\u017cycie energii podczas jazdy, zapobiega piszczeniom, korozji i innym niekorzystnym skutkom eksploatacji \u0142a\u0144cucha rowerowego. Olej WET Lube pozwala na utrzymanie w\u0142a\u015bciwo\u015bci smarnych w r\u00f3\u017cnych warunkach pogodowych, od zimy i jesieni po ciep\u0142e i wilgotne dni letnie, co znacz\u0105co przyczynia si\u0119 do zmniejszenia strat mocy.<\/p>\n<p>G\u0142\u0119boka penetracja element\u00f3w smaru przed\u0142u\u017ca \u017cywotno\u015b\u0107 \u0142a\u0144cucha, chroni go przed brudem i wod\u0105 oraz zapewnia cich\u0105 prac\u0119 \u0142a\u0144cucha, jednocze\u015bnie zabezpieczaj\u0105c go przed przeci\u0105\u017ceniem. Testy potwierdzi\u0142y, \u017ce produkt ten nadaje si\u0119 do u\u017cytku w najtrudniejszych warunkach pogodowych, takich jak \u015bnieg, l\u00f3d i ka\u0142u\u017ce z solank\u0105 i innymi substancjami obecnymi na drogach.<\/p>\n<p>Cz\u0119stotliwo\u015b\u0107 smarowania smarem WET Lube zale\u017cy od intensywno\u015bci jazdy, warunk\u00f3w atmosferycznych i dok\u0142adno\u015bci zastosowania. Zaleca si\u0119 tak\u017ce regularn\u0105 zmian\u0119 \u015brodka smarnego oraz czyszczenie chemiczne \u0142a\u0144cucha w celu utrzymania jego wydajno\u015bci.<\/p>\n<p>Sugerowany spos\u00f3b smarowania \u0142a\u0144cucha rowerowego olejem WET Lube jest nast\u0119puj\u0105cy: najpierw nale\u017cy usun\u0105\u0107 stary smar fizycznie i chemicznie, a nast\u0119pnie na\u0142o\u017cy\u0107 jedn\u0105 kropl\u0119 smaru na ka\u017cd\u0105 rolk\u0119 od wewn\u0105trz. Po nas\u0105czeniu rolek, kr\u0119ci\u0107 peda\u0142ami przez oko\u0142o 10-30 sekund, aby r\u00f3wnomiernie rozprowadzi\u0107 smar, a nast\u0119pnie usun\u0105\u0107 nadmiar such\u0105 szmatk\u0105. Wa\u017cne jest, aby szpilki i rolki wewn\u0119trzne zosta\u0142y dobrze nasmarowane.<\/p>\n<p><strong><u>Spos\u00f3b u\u017cycia produktu WET LUBE do \u0142a\u0144cucha:\u00a0<\/u><\/strong><\/p>\n<ol>\n<li>Usun\u0105\u0107 stary smar z \u0142a\u0144cucha<\/li>\n<li>Nanie\u015b\u0107 smar eLUBE poprzez do\u0142\u0105czony kroplomierz na ka\u017cde ogniwo \u0142a\u0144cucha.<\/li>\n<li>Odczeka\u0107 chwil\u0119 by smar si\u0119 wch\u0142on\u0105\u0142<\/li>\n<li>Wytrze\u0107 nadmiar smaru z \u0142a\u0144cucha such\u0105 \u015bciereczk\u0105<\/li>\n<\/ol>\n<p>Uwaga! &#8211; przed u\u017cyciem wstrz\u0105sn\u0105\u0107<\/p>\n<p>Podstawowe dane smaru do \u0142a\u0144cucha rowerowego Wet Lube serii hybryd firmy eLUBE<\/p>\n<p>pobrane z karty charakterystyki produktu.<\/p>\n<p>&nbsp;<\/p>\n<table width=\"923\">\n<tbody>\n<tr>\n<td width=\"119\">Norma<\/td>\n<td width=\"480\">Tre\u015b\u0107<\/td>\n<td width=\"185\">Jednostka<\/td>\n<td width=\"103\">Tre\u015b\u0107<\/td>\n<\/tr>\n<tr>\n<td width=\"119\">CTM 0176<\/td>\n<td width=\"480\">Kolor<\/td>\n<td width=\"185\">Zielono-prze\u017aroczysty<\/td>\n<td width=\"103\"><\/td>\n<\/tr>\n<tr>\n<td colspan=\"4\" width=\"910\">Sk\u0142ad: olej bazowy mieszanina syntetyczna-poliester-diestrowy, PTFE, inhibitory korozji i utleniania, dodatki zwi\u0119kszaj\u0105ce wytrzyma\u0142o\u015b\u0107 i obci\u0105\u017cenia ,\u015brodki smarne sta\u0142e.<\/td>\n<\/tr>\n<tr>\n<td width=\"119\"><\/td>\n<td width=\"480\">Zalecana temperatura pracy<\/td>\n<td width=\"185\">\u00b0 C<\/td>\n<td width=\"103\">-20 do +125<\/td>\n<\/tr>\n<tr>\n<td width=\"119\">DIN 51 757<\/td>\n<td width=\"480\">G\u0119sto\u015b\u0107 w temperaturze 15 \u00b0 C<\/td>\n<td width=\"185\">g \/ cm3<\/td>\n<td width=\"103\">0,98<\/td>\n<\/tr>\n<tr>\n<td width=\"119\">DIN 51 562<\/td>\n<td width=\"480\">Lepko\u015b\u0107 kinematyczna oleju bazowego w 40 \u00b0 C<\/td>\n<td width=\"185\">mm2\/s<\/td>\n<td width=\"103\">200<\/td>\n<\/tr>\n<tr>\n<td width=\"119\">ASTM D-92<\/td>\n<td width=\"480\">Temperatura zap\u0142onu (tygiel zamkni\u0119ty)<\/td>\n<td width=\"185\">\u00b0 C<\/td>\n<td width=\"103\">&gt; 240<\/td>\n<\/tr>\n<tr>\n<td width=\"119\"><\/td>\n<td width=\"480\">Straty wskutek parowania (24 h, 200 \u00b0 C)<\/td>\n<td width=\"185\">% masy<\/td>\n<td width=\"103\">&lt;2<\/td>\n<\/tr>\n<tr>\n<td width=\"119\"><\/td>\n<td width=\"480\">Odporno\u015b\u0107 na utlenianie (test 4 godziny w temperaturze 200 \u00b0 C, a 200 ml \/ min tlenu)<\/td>\n<td width=\"185\">% masy<\/td>\n<td width=\"103\">&lt;5<\/td>\n<\/tr>\n<tr>\n<td width=\"119\">ASTM D-4172<\/td>\n<td width=\"480\">No\u015bno\u015b\u0107 (test Four Ball tarcia, 1200 ob\/min\/392 N\/75 \u00b0 C \/ 1 h)<\/td>\n<td width=\"185\">mm<\/td>\n<td width=\"103\">&lt;0,35<\/td>\n<\/tr>\n<tr>\n<td width=\"119\">ASTM D-2783<\/td>\n<td width=\"480\">(Metoda Four-ball), Obci\u0105\u017cenie zespawania<\/td>\n<td width=\"185\">N<\/td>\n<td width=\"103\">2400<\/td>\n<\/tr>\n<\/tbody>\n<\/table>\n<p>Opakowania: 10ml,100ml<\/p>\n<p>Trwa\u0142o\u015b\u0107 i magazynowanie: w przypadku przechowywania w temperaturze poni\u017cej 20 \u00b0C w oryginalnych pojemnikach trwa\u0142o\u015b\u0107 produktu wynosi 60 miesi\u0119cy od daty produkcji.<\/p>\n<p>&nbsp;<\/p>\n<p>Zalecany : jazda szosowa wyczynowa w wilgotnych warunkach pogodowych,\u00a0 jazdy wyczynowe BMX, jazdy prze\u0142ajowe, zimowa jazda na rowerze, jazda w wilgotnym klimacie, d\u0142ugoterminowe przechowania rower\u00f3w, jazda na rowerze g\u00f3rskim, wycieczki rowerowe, maraton rowerowy, podr\u00f3\u017ce<\/p>\n<p>&nbsp;<\/p>\n<p>WET Lube to zaawansowany technologicznie syntetyczny smar do \u0142a\u0144cucha rowerowego, specjalnie opracowany dla kolarzy g\u00f3rskich i zawodnik\u00f3w je\u017cd\u017c\u0105cych w deszczu. Jednak\u017ce, z powodzeniem mo\u017cna go stosowa\u0107 r\u00f3wnie\u017c podczas wszelkiego rodzaju amatorskich wycieczek w wilgotnych warunkach pogodowych.<\/p>\n","protected":false},"excerpt":{"rendered":"<p>WET Lube to zaawansowany technologicznie syntetyczny smar do \u0142a\u0144cucha rowerowego, specjalnie opracowany dla kolarzy g\u00f3rskich i zawodnik\u00f3w je\u017cd\u017c\u0105cych w deszczu. Jednak\u017ce, z powodzeniem mo\u017cna go stosowa\u0107 r\u00f3wnie\u017c podczas wszelkiego rodzaju amatorskich wycieczek w wilgotnych warunkach pogodowych. Produkt ten opiera si\u0119 na syntetycznym oleju poliestrowo-diestrowym, wzbogaconym o dodatki EP (Extreme Pressure) oraz mikrocz\u0105steczki teflonu, co czyni &#8230; <a title=\"WET LUBE 100ml OLEJ NA MOKRE WARUNKI\" class=\"read-more\" href=\"https:\/\/admincentral.selleetools.com\/pl\/product\/evil-wet-lube-100ml-olej-na-mokre-warunki\/\">Read more<span class=\"screen-reader-text\">WET LUBE 100ml OLEJ NA MOKRE WARUNKI<\/span><\/a><\/p>\n","protected":false},"featured_media":346882,"comment_status":"open","ping_status":"closed","template":"","meta":{"_links_to":"","_links_to_target":""},"yoast_head":"<!-- This site is optimized with the Yoast SEO plugin v19.4 - https:\/\/yoast.com\/wordpress\/plugins\/seo\/ -->\n<title>WET LUBE 100ml OLEJ NA MOKRE WARUNKI - Selleetools.com<\/title>\n<meta name=\"robots\" content=\"index, follow, max-snippet:-1, max-image-preview:large, max-video-preview:-1\" \/>\n<link rel=\"canonical\" href=\"https:\/\/admincentral.selleetools.com\/product\/evil-wet-lube-100ml-olej-na-mokre-warunki\/\" \/>\n<meta property=\"og:locale\" content=\"pl_PL\" \/>\n<meta property=\"og:type\" content=\"article\" \/>\n<meta property=\"og:title\" content=\"WET LUBE 100ml OLEJ NA MOKRE WARUNKI - Selleetools.com\" \/>\n<meta property=\"og:description\" content=\"WET Lube to zaawansowany technologicznie syntetyczny smar do \u0142a\u0144cucha rowerowego, specjalnie opracowany dla kolarzy g\u00f3rskich i zawodnik\u00f3w je\u017cd\u017c\u0105cych w deszczu. Jednak\u017ce, z powodzeniem mo\u017cna go stosowa\u0107 r\u00f3wnie\u017c podczas wszelkiego rodzaju amatorskich wycieczek w wilgotnych warunkach pogodowych. Produkt ten opiera si\u0119 na syntetycznym oleju poliestrowo-diestrowym, wzbogaconym o dodatki EP (Extreme Pressure) oraz mikrocz\u0105steczki teflonu, co czyni ... Read moreWET LUBE 100ml OLEJ NA MOKRE WARUNKI\" \/>\n<meta property=\"og:url\" content=\"https:\/\/admincentral.selleetools.com\/product\/evil-wet-lube-100ml-olej-na-mokre-warunki\/\" \/>\n<meta property=\"og:site_name\" content=\"Selleetools.com\" \/>\n<meta property=\"article:modified_time\" content=\"2025-11-20T11:22:00+00:00\" \/>\n<meta property=\"og:image\" content=\"https:\/\/selleetools.com\/wp-content\/uploads\/2024\/07\/wet.jpg\" \/>\n\t<meta property=\"og:image:width\" content=\"2000\" \/>\n\t<meta property=\"og:image:height\" content=\"2000\" \/>\n\t<meta property=\"og:image:type\" content=\"image\/jpeg\" \/>\n<meta name=\"twitter:card\" content=\"summary_large_image\" \/>\n<meta name=\"twitter:label1\" content=\"Est. reading time\" \/>\n\t<meta name=\"twitter:data1\" content=\"4 minuty\" \/>\n<!-- \/ Yoast SEO plugin. -->","yoast_head_json":{"title":"WET LUBE 100ml OLEJ NA MOKRE WARUNKI - Selleetools.com","robots":{"index":"index","follow":"follow","max-snippet":"max-snippet:-1","max-image-preview":"max-image-preview:large","max-video-preview":"max-video-preview:-1"},"canonical":"https:\/\/admincentral.selleetools.com\/product\/evil-wet-lube-100ml-olej-na-mokre-warunki\/","og_locale":"pl_PL","og_type":"article","og_title":"WET LUBE 100ml OLEJ NA MOKRE WARUNKI - Selleetools.com","og_description":"WET Lube to zaawansowany technologicznie syntetyczny smar do \u0142a\u0144cucha rowerowego, specjalnie opracowany dla kolarzy g\u00f3rskich i zawodnik\u00f3w je\u017cd\u017c\u0105cych w deszczu. Jednak\u017ce, z powodzeniem mo\u017cna go stosowa\u0107 r\u00f3wnie\u017c podczas wszelkiego rodzaju amatorskich wycieczek w wilgotnych warunkach pogodowych. Produkt ten opiera si\u0119 na syntetycznym oleju poliestrowo-diestrowym, wzbogaconym o dodatki EP (Extreme Pressure) oraz mikrocz\u0105steczki teflonu, co czyni ... Read moreWET LUBE 100ml OLEJ NA MOKRE WARUNKI","og_url":"https:\/\/admincentral.selleetools.com\/product\/evil-wet-lube-100ml-olej-na-mokre-warunki\/","og_site_name":"Selleetools.com","article_modified_time":"2025-11-20T11:22:00+00:00","og_image":[{"width":2000,"height":2000,"url":"https:\/\/selleetools.com\/wp-content\/uploads\/2024\/07\/wet.jpg","type":"image\/jpeg"}],"twitter_card":"summary_large_image","twitter_misc":{"Est. reading time":"4 minuty"},"schema":{"@context":"https:\/\/schema.org","@graph":[{"@type":"Organization","@id":"https:\/\/selleetools.com\/#organization","name":"Selleetools","url":"https:\/\/selleetools.com\/","sameAs":[],"logo":{"@type":"ImageObject","inLanguage":"pl-PL","@id":"https:\/\/selleetools.com\/#\/schema\/logo\/image\/","url":"https:\/\/selleetools.com\/wp-content\/uploads\/2021\/10\/logo-dark.png","contentUrl":"https:\/\/selleetools.com\/wp-content\/uploads\/2021\/10\/logo-dark.png","width":320,"height":76,"caption":"Selleetools"},"image":{"@id":"https:\/\/selleetools.com\/#\/schema\/logo\/image\/"}},{"@type":"WebSite","@id":"https:\/\/selleetools.com\/#website","url":"https:\/\/selleetools.com\/","name":"Selleetools.com","description":"","publisher":{"@id":"https:\/\/selleetools.com\/#organization"},"potentialAction":[{"@type":"SearchAction","target":{"@type":"EntryPoint","urlTemplate":"https:\/\/selleetools.com\/?s={search_term_string}"},"query-input":"required name=search_term_string"}],"inLanguage":"pl-PL"},{"@type":"WebPage","@id":"https:\/\/admincentral.selleetools.com\/product\/evil-wet-lube-100ml-olej-na-mokre-warunki\/","url":"https:\/\/admincentral.selleetools.com\/product\/evil-wet-lube-100ml-olej-na-mokre-warunki\/","name":"WET LUBE 100ml OLEJ NA MOKRE WARUNKI - Selleetools.com","isPartOf":{"@id":"https:\/\/selleetools.com\/#website"},"datePublished":"2024-02-10T21:57:48+00:00","dateModified":"2025-11-20T11:22:00+00:00","breadcrumb":{"@id":"https:\/\/admincentral.selleetools.com\/product\/evil-wet-lube-100ml-olej-na-mokre-warunki\/#breadcrumb"},"inLanguage":"pl-PL","potentialAction":[{"@type":"ReadAction","target":["https:\/\/admincentral.selleetools.com\/product\/evil-wet-lube-100ml-olej-na-mokre-warunki\/"]}]},{"@type":"BreadcrumbList","@id":"https:\/\/admincentral.selleetools.com\/product\/evil-wet-lube-100ml-olej-na-mokre-warunki\/#breadcrumb","itemListElement":[{"@type":"ListItem","position":1,"name":"Home","item":"https:\/\/selleetools.com\/pl\/"},{"@type":"ListItem","position":2,"name":"Katalog","item":"https:\/\/selleetools.com\/pl\/katalog\/"},{"@type":"ListItem","position":3,"name":"WET LUBE 100ml OLEJ NA MOKRE WARUNKI"}]}]}},"_links":{"self":[{"href":"https:\/\/admincentral.selleetools.com\/pl\/wp-json\/wp\/v2\/product\/312427"}],"collection":[{"href":"https:\/\/admincentral.selleetools.com\/pl\/wp-json\/wp\/v2\/product"}],"about":[{"href":"https:\/\/admincentral.selleetools.com\/pl\/wp-json\/wp\/v2\/types\/product"}],"replies":[{"embeddable":true,"href":"https:\/\/admincentral.selleetools.com\/pl\/wp-json\/wp\/v2\/comments?post=312427"}],"wp:featuredmedia":[{"embeddable":true,"href":"https:\/\/admincentral.selleetools.com\/pl\/wp-json\/wp\/v2\/media\/346882"}],"wp:attachment":[{"href":"https:\/\/admincentral.selleetools.com\/pl\/wp-json\/wp\/v2\/media?parent=312427"}],"curies":[{"name":"wp","href":"https:\/\/api.w.org\/{rel}","templated":true}]}}