{"id":320094,"date":"2024-04-10T15:06:35","date_gmt":"2024-04-10T13:06:35","guid":{"rendered":"https:\/\/selleetools.com\/?post_type=product&#038;p=320094"},"modified":"2025-11-20T12:22:00","modified_gmt":"2025-11-20T11:22:00","slug":"evil-clean-fluid-bio-aktywny-plyn-czyszczacy-500ml","status":"publish","type":"product","link":"https:\/\/admincentral.selleetools.com\/pl\/product\/evil-clean-fluid-bio-aktywny-plyn-czyszczacy-500ml\/","title":{"rendered":"EVIL CLEAN FLUID BIO AKTYWNY P\u0141YN CZYSZCZ\u0104CY 500ml"},"content":{"rendered":"<p><strong>EVIL CLEAN FLUID BIO <\/strong>to alternatywa do powszechnie stosowanych cleaner\u00f3w rozpuszczalnikowo alkoholowych sk\u0142adaj\u0105ca si\u0119 z mieszaniny biodegradowalnych detergent\u00f3w, przetrwalnik\u00f3w bakteryjnych ,<\/p>\n<p>EVIL CLEAN FLUID BIO to opracowana na potrzeby przemys\u0142u i warsztatu\u00a0 mieszanka skoncentrowanych, biodegradowalnych detergent\u00f3w, przetrwalnik\u00f3w bakteryjnych i synergistycznych \u015brodk\u00f3w biostymuluj\u0105cych.\u00a0 Taki sk\u0142ad sprawia ,\u017ce dzia\u0142anie biologiczne preparatu czyszcz\u0105cego b\u0119dzie kontynuowane nawet po zako\u0144czeniu procedury czyszczenia\u00a0 ,do czasu ca\u0142kowitego zneutralizowania czy\u015bcika EVIL CLEAN FLUID BIO przez wod\u0119\u00a0 lub d\u0142ugi okres\u00a0 czasu.<\/p>\n<p>Najwa\u017cniejsze zalety nowego produktu czyszcz\u0105cego\u00a0 powierzchnie metalowe\u00a0 , gumowe i plastikowe\u00a0 z zabrudze\u0144 w tym maj\u0105cych charakter zabrudze\u0144 ropopochodnych to czyszczenie oszcz\u0119dzaj\u0105ce czas i wysi\u0142ek fizyczny, poprzez naturalne biologiczne dzia\u0142anie kultur bakteryjnych wzbogaconych sk\u0142adnikami synergistycznymi kt\u00f3re zwi\u0119kszaj\u0105 aktywno\u015b\u0107 biologiczn\u0105 czyszcz\u0105cych drobnoustroj\u00f3w i poprawiaj\u0105 d\u0142ugoterminowe\u00a0 dzia\u0142anie sk\u0142adnik\u00f3w od\u017cywczych mikroorganizm\u00f3w czyszcz\u0105cych. Formu\u0142a cleanera oparta jest na bazie wody i element\u00f3w biologicznie czynnych, nie zawiera element\u00f3w ropy naftowej\u00a0 ani jej ci\u0119\u017ckich destylat\u00f3w.<\/p>\n<p>Jako organiczny \u015brodek czyszcz\u0105cy EVIL CLEAN FLUID BIO jest\u00a0 przyjazny dla \u015brodowiska,\u00a0 a \u015brodki powierzchniowo czynne np.\u00a0 dro\u017cd\u017ce i oleje ro\u015blinne w odpowiedniej mieszance neutralizuj\u0105 i biodegraduj\u0105 oleje i t\u0142uszcze nawet w postaci ju\u017c zaschni\u0119tej.Do sk\u0142adu produktu zaliczamy wszystkie zastosowane \u00a0przetrwalniki bakteryjne i synergistyczne \u015brodki biostymuluj\u0105ce<\/p>\n<p>Co to znaczy \u017ce czy\u015bcik EVIL CLEAN FLUID BIO jest\u00a0 biodegradowalny. <strong>Oznacza, \u017ce substancje zawarte w produkcie ulegn\u0105 rozk\u0142adowi w ci\u0105gu 28 dni. <\/strong><\/p>\n<p>Poniewa\u017c produkt nie zawiera\u00a0 organicznych zwi\u0105zk\u00f3w lotnych\u00a0 jest szczeg\u00f3lnie polecany do zastosowania w czystej produkcji i ,warsztatach, konserwacji\u00a0 , czyszczeniu powierzchni i podzespo\u0142\u00f3w trudnodost\u0119pnych.<\/p>\n<p>Czy\u015bcik EVIL BIO usuwa zabrudzenia i zanieczyszczenia \u00a0ze smar\u00f3w ,\u015blad\u00f3w po gumie\u00a0 resztek bitum\u00f3w pozosta\u0142o\u015bci wosk\u00f3w ,past i olej\u00f3w.<\/p>\n<p>Dost\u0119pny jest w handlu\u00a0 w czterech \u00a0\u00a0r\u00f3\u017cnych opakowaniach :<\/p>\n<p>Jako p\u0142yn do czyszczenia r\u0119cznego\u00a0 powierzchni p\u0142askich <strong>EVIL CLEAN FLUID BIO<\/strong> 1 litr<\/p>\n<p>Jako p\u0142yn\u00a0 <strong>EVIL CLEAN FLUID BIO Spray<\/strong>\u00a0\u00a0 250 ml i 500 ml<\/p>\n<p>Jako p\u0142yn do mechanicznych myjek\u00a0 i system\u00f3w zamkni\u0119tych <strong>EVIL CLEAN FLUID BIO<\/strong> 5 l<\/p>\n<p>Ka\u017cdy z tych produkt\u00f3w tylko nieznaczne r\u00f3\u017cni si\u0119 sk\u0142adem \u2013 g\u0142\u00f3wnie lepko\u015bci\u0105 i zawarto\u015bci\u0105\u00a0 sk\u0142adnik\u00f3w synergistycznych.\u00a0 Niezale\u017cnie od formy w jakiej jest zapakowany czy\u015bcik Fluid CLEAN BIO\u00a0 odt\u0142uszcza i usuwa najbardziej uporczywe zabrudzenia ze stali, stali nierdzewnej, aluminium i innych powierzchni metalowych, gumowych i plastikowych, malowanych i lakierowanych.<\/p>\n<p>\u00a0<\/p>\n<p>Usuwa najsilniejsze, przypalone zabrudzenia, specjalne t\u0142uszcze, smary, oleje, dymne osady, sadz\u0119, pozosta\u0142o\u015bci gumy, pozosta\u0142o\u015bci bitumu i wosku oraz pasty EVIL CLEAN FLUID BIO\u00a0 wodny niskopieni\u0105cy \u015brodek czyszcz\u0105cy na bazie surowc\u00f3w odnawialnych doskonale sprawdza si\u0119 do czyszczenia \u00a0stali nierdzewnej i metali kolorowych.<\/p>\n<p>W\u0142a\u015bciwe i najskuteczniejsze dzia\u0142anie produktu zachodzi gdy temperatura\u00a0 powierzchni preparatu przekracza 22 stopnie Celsjusza.\u00a0 Ka\u017cde zwi\u0119kszenie temperatury\u00a0 cieczy myj\u0105cej zwi\u0119ksza si\u0142\u0119 dzia\u0142ania ,poniewa\u017c bakterie kt\u00f3re karmi\u0105 si\u0119 zawartym na powierzchni czyszczonej brudem rozmna\u017caj\u0105 si\u0119 mocniej jak dro\u017cd\u017ce przy ciep\u0142ym\u00a0 i s\u0142odkim mleku.<\/p>\n<p>Dzi\u0119ki temu EVIL CLEAN FLUID BIO jest \u015brodkiem czyszcz\u0105cym kt\u00f3ry najtrudniejsze do usuni\u0119cia zanieczyszczenia\u00a0\u00a0 przemys\u0142owe i warsztatowe. Odpowiednie dozowanie\u00a0 zawarto\u015bci\u0105\u00a0 sk\u0142adnik\u00f3w synergistycznych i od\u017cywczych mikroorganizm\u00f3w czyszcz\u0105cych pozwala\u00a0 usuwa\u0107 zanieczyszczenia z powierzchni p\u0142aski jak i powierzchni o skomplikowanych profilach i stopniach zanieczyszczenia .<\/p>\n<p>EVIL CLEAN FLUID BIO \u00a0to \u015brodek czyszcz\u0105cy, kt\u00f3ry jest \u00a0skuteczn\u0105 alternatyw\u0105 dla rozpuszczalnik\u00f3w lub \u00a0benzyny. Przyjemny zapach, brak w sk\u0142adzie \u00a0rozpuszczalnik\u00f3w i lotnych zwi\u0105zk\u00f3w organicznych i zgodnie z rozporz\u0105dzeniem CLP nie wymaga oznakowania<\/p>\n<p>\u00a0<\/p>\n<table>\n<tbody>\n<tr>\n<td width=\"106\">Norma<\/td>\n<td width=\"201\">SYMBOL<\/td>\n<td width=\"130\"><\/td>\n<td width=\"130\">wynik<\/td>\n<\/tr>\n<tr>\n<td width=\"106\">Kolor<\/td>\n<td width=\"201\"><\/td>\n<td width=\"130\"><\/td>\n<td width=\"130\">fioletowy<\/td>\n<\/tr>\n<tr>\n<td colspan=\"2\" width=\"307\">Wygl\u0105d<\/td>\n<td colspan=\"2\" width=\"260\">Wodna mydlana ciecz<\/td>\n<\/tr>\n<tr>\n<td colspan=\"2\" width=\"307\">Baza na jakiej rozwijaj\u0105 si\u0119 bakterie<\/td>\n<td width=\"130\"><\/td>\n<td width=\"130\">wodna<\/td>\n<\/tr>\n<tr>\n<td colspan=\"2\" width=\"307\">\u015arodki aktywne<\/td>\n<td colspan=\"2\" width=\"260\">dro\u017cd\u017ce i oleje ro\u015blinne<\/td>\n<\/tr>\n<tr>\n<td colspan=\"2\" width=\"307\">Zapach<\/td>\n<td width=\"130\"><\/td>\n<td width=\"130\">kwiatowy<\/td>\n<\/tr>\n<tr>\n<td colspan=\"2\" width=\"307\">Napi\u0119cie powierzchniowe<\/td>\n<td width=\"130\"><\/td>\n<td width=\"130\">ok. 24 mN\/m<\/td>\n<\/tr>\n<tr>\n<td colspan=\"2\" width=\"307\">G\u0119sto\u015b\u0107<\/td>\n<td width=\"130\"><\/td>\n<td width=\"130\">1,05kg\/l<\/td>\n<\/tr>\n<tr>\n<td colspan=\"2\" width=\"307\">warto\u015b\u0107 PH<\/td>\n<td width=\"130\"><\/td>\n<td width=\"130\">10,8<\/td>\n<\/tr>\n<\/tbody>\n<\/table>\n<p><strong>Czyszczenie cz\u0119\u015bci natryskowo b\u0105d\u017a zanurzeniowo!!<\/strong><\/p>\n<p><strong>EVIL CLEAN FLUID BIO <\/strong>to alternatywa do powszechnie stosowanych cleaner\u00f3w rozpuszczalnikowo alkoholowych sk\u0142adaj\u0105ca si\u0119 z mieszaniny biodegradowalnych detergent\u00f3w, przetrwalnik\u00f3w bakteryjnych ,<\/p>\n","protected":false},"excerpt":{"rendered":"<p>EVIL CLEAN FLUID BIO to alternatywa do powszechnie stosowanych cleaner\u00f3w rozpuszczalnikowo alkoholowych sk\u0142adaj\u0105ca si\u0119 z mieszaniny biodegradowalnych detergent\u00f3w, przetrwalnik\u00f3w bakteryjnych , EVIL CLEAN FLUID BIO to opracowana na potrzeby przemys\u0142u i warsztatu\u00a0 mieszanka skoncentrowanych, biodegradowalnych detergent\u00f3w, przetrwalnik\u00f3w bakteryjnych i synergistycznych \u015brodk\u00f3w biostymuluj\u0105cych.\u00a0 Taki sk\u0142ad sprawia ,\u017ce dzia\u0142anie biologiczne preparatu czyszcz\u0105cego b\u0119dzie kontynuowane nawet po zako\u0144czeniu &#8230; <a title=\"EVIL CLEAN FLUID BIO AKTYWNY P\u0141YN CZYSZCZ\u0104CY 500ml\" class=\"read-more\" href=\"https:\/\/admincentral.selleetools.com\/pl\/product\/evil-clean-fluid-bio-aktywny-plyn-czyszczacy-500ml\/\">Read more<span class=\"screen-reader-text\">EVIL CLEAN FLUID BIO AKTYWNY P\u0141YN CZYSZCZ\u0104CY 500ml<\/span><\/a><\/p>\n","protected":false},"featured_media":320092,"comment_status":"open","ping_status":"closed","template":"","meta":{"_links_to":"","_links_to_target":""},"yoast_head":"<!-- This site is optimized with the Yoast SEO plugin v19.4 - https:\/\/yoast.com\/wordpress\/plugins\/seo\/ -->\n<title>EVIL CLEAN FLUID BIO AKTYWNY P\u0141YN CZYSZCZ\u0104CY 500ml - Selleetools.com<\/title>\n<meta name=\"robots\" content=\"index, follow, max-snippet:-1, max-image-preview:large, max-video-preview:-1\" \/>\n<link rel=\"canonical\" href=\"https:\/\/selleetools.com\/product\/evil-clean-fluid-bio-aktywny-plyn-czyszczacy-500ml\/\" \/>\n<meta property=\"og:locale\" content=\"pl_PL\" \/>\n<meta property=\"og:type\" content=\"article\" \/>\n<meta property=\"og:title\" content=\"EVIL CLEAN FLUID BIO AKTYWNY P\u0141YN CZYSZCZ\u0104CY 500ml - Selleetools.com\" \/>\n<meta property=\"og:description\" content=\"EVIL CLEAN FLUID BIO to alternatywa do powszechnie stosowanych cleaner\u00f3w rozpuszczalnikowo alkoholowych sk\u0142adaj\u0105ca si\u0119 z mieszaniny biodegradowalnych detergent\u00f3w, przetrwalnik\u00f3w bakteryjnych , EVIL CLEAN FLUID BIO to opracowana na potrzeby przemys\u0142u i warsztatu\u00a0 mieszanka skoncentrowanych, biodegradowalnych detergent\u00f3w, przetrwalnik\u00f3w bakteryjnych i synergistycznych \u015brodk\u00f3w biostymuluj\u0105cych.\u00a0 Taki sk\u0142ad sprawia ,\u017ce dzia\u0142anie biologiczne preparatu czyszcz\u0105cego b\u0119dzie kontynuowane nawet po zako\u0144czeniu ... Read moreEVIL CLEAN FLUID BIO AKTYWNY P\u0141YN CZYSZCZ\u0104CY 500ml\" \/>\n<meta property=\"og:url\" content=\"https:\/\/selleetools.com\/product\/evil-clean-fluid-bio-aktywny-plyn-czyszczacy-500ml\/\" \/>\n<meta property=\"og:site_name\" content=\"Selleetools.com\" \/>\n<meta property=\"article:modified_time\" content=\"2025-11-20T11:22:00+00:00\" \/>\n<meta property=\"og:image\" content=\"https:\/\/selleetools.com\/wp-content\/uploads\/2024\/04\/fluid-500.jpg\" \/>\n\t<meta property=\"og:image:width\" content=\"2000\" \/>\n\t<meta property=\"og:image:height\" content=\"2000\" \/>\n\t<meta property=\"og:image:type\" content=\"image\/jpeg\" \/>\n<meta name=\"twitter:card\" content=\"summary_large_image\" \/>\n<meta name=\"twitter:label1\" content=\"Est. reading time\" \/>\n\t<meta name=\"twitter:data1\" content=\"3 minuty\" \/>\n<!-- \/ Yoast SEO plugin. -->","yoast_head_json":{"title":"EVIL CLEAN FLUID BIO AKTYWNY P\u0141YN CZYSZCZ\u0104CY 500ml - Selleetools.com","robots":{"index":"index","follow":"follow","max-snippet":"max-snippet:-1","max-image-preview":"max-image-preview:large","max-video-preview":"max-video-preview:-1"},"canonical":"https:\/\/selleetools.com\/product\/evil-clean-fluid-bio-aktywny-plyn-czyszczacy-500ml\/","og_locale":"pl_PL","og_type":"article","og_title":"EVIL CLEAN FLUID BIO AKTYWNY P\u0141YN CZYSZCZ\u0104CY 500ml - Selleetools.com","og_description":"EVIL CLEAN FLUID BIO to alternatywa do powszechnie stosowanych cleaner\u00f3w rozpuszczalnikowo alkoholowych sk\u0142adaj\u0105ca si\u0119 z mieszaniny biodegradowalnych detergent\u00f3w, przetrwalnik\u00f3w bakteryjnych , EVIL CLEAN FLUID BIO to opracowana na potrzeby przemys\u0142u i warsztatu\u00a0 mieszanka skoncentrowanych, biodegradowalnych detergent\u00f3w, przetrwalnik\u00f3w bakteryjnych i synergistycznych \u015brodk\u00f3w biostymuluj\u0105cych.\u00a0 Taki sk\u0142ad sprawia ,\u017ce dzia\u0142anie biologiczne preparatu czyszcz\u0105cego b\u0119dzie kontynuowane nawet po zako\u0144czeniu ... Read moreEVIL CLEAN FLUID BIO AKTYWNY P\u0141YN CZYSZCZ\u0104CY 500ml","og_url":"https:\/\/selleetools.com\/product\/evil-clean-fluid-bio-aktywny-plyn-czyszczacy-500ml\/","og_site_name":"Selleetools.com","article_modified_time":"2025-11-20T11:22:00+00:00","og_image":[{"width":2000,"height":2000,"url":"https:\/\/selleetools.com\/wp-content\/uploads\/2024\/04\/fluid-500.jpg","type":"image\/jpeg"}],"twitter_card":"summary_large_image","twitter_misc":{"Est. reading time":"3 minuty"},"schema":{"@context":"https:\/\/schema.org","@graph":[{"@type":"Organization","@id":"https:\/\/selleetools.com\/#organization","name":"Selleetools","url":"https:\/\/selleetools.com\/","sameAs":[],"logo":{"@type":"ImageObject","inLanguage":"pl-PL","@id":"https:\/\/selleetools.com\/#\/schema\/logo\/image\/","url":"https:\/\/selleetools.com\/wp-content\/uploads\/2021\/10\/logo-dark.png","contentUrl":"https:\/\/selleetools.com\/wp-content\/uploads\/2021\/10\/logo-dark.png","width":320,"height":76,"caption":"Selleetools"},"image":{"@id":"https:\/\/selleetools.com\/#\/schema\/logo\/image\/"}},{"@type":"WebSite","@id":"https:\/\/selleetools.com\/#website","url":"https:\/\/selleetools.com\/","name":"Selleetools.com","description":"","publisher":{"@id":"https:\/\/selleetools.com\/#organization"},"potentialAction":[{"@type":"SearchAction","target":{"@type":"EntryPoint","urlTemplate":"https:\/\/selleetools.com\/?s={search_term_string}"},"query-input":"required name=search_term_string"}],"inLanguage":"pl-PL"},{"@type":"WebPage","@id":"https:\/\/selleetools.com\/product\/evil-clean-fluid-bio-aktywny-plyn-czyszczacy-500ml\/","url":"https:\/\/selleetools.com\/product\/evil-clean-fluid-bio-aktywny-plyn-czyszczacy-500ml\/","name":"EVIL CLEAN FLUID BIO AKTYWNY P\u0141YN CZYSZCZ\u0104CY 500ml - Selleetools.com","isPartOf":{"@id":"https:\/\/selleetools.com\/#website"},"datePublished":"2024-04-10T13:06:35+00:00","dateModified":"2025-11-20T11:22:00+00:00","breadcrumb":{"@id":"https:\/\/selleetools.com\/product\/evil-clean-fluid-bio-aktywny-plyn-czyszczacy-500ml\/#breadcrumb"},"inLanguage":"pl-PL","potentialAction":[{"@type":"ReadAction","target":["https:\/\/selleetools.com\/product\/evil-clean-fluid-bio-aktywny-plyn-czyszczacy-500ml\/"]}]},{"@type":"BreadcrumbList","@id":"https:\/\/selleetools.com\/product\/evil-clean-fluid-bio-aktywny-plyn-czyszczacy-500ml\/#breadcrumb","itemListElement":[{"@type":"ListItem","position":1,"name":"Home","item":"https:\/\/selleetools.com\/pl\/"},{"@type":"ListItem","position":2,"name":"Katalog","item":"https:\/\/selleetools.com\/pl\/katalog\/"},{"@type":"ListItem","position":3,"name":"EVIL CLEAN FLUID BIO AKTYWNY P\u0141YN CZYSZCZ\u0104CY 500ml"}]}]}},"_links":{"self":[{"href":"https:\/\/admincentral.selleetools.com\/pl\/wp-json\/wp\/v2\/product\/320094"}],"collection":[{"href":"https:\/\/admincentral.selleetools.com\/pl\/wp-json\/wp\/v2\/product"}],"about":[{"href":"https:\/\/admincentral.selleetools.com\/pl\/wp-json\/wp\/v2\/types\/product"}],"replies":[{"embeddable":true,"href":"https:\/\/admincentral.selleetools.com\/pl\/wp-json\/wp\/v2\/comments?post=320094"}],"wp:featuredmedia":[{"embeddable":true,"href":"https:\/\/admincentral.selleetools.com\/pl\/wp-json\/wp\/v2\/media\/320092"}],"wp:attachment":[{"href":"https:\/\/admincentral.selleetools.com\/pl\/wp-json\/wp\/v2\/media?parent=320094"}],"curies":[{"name":"wp","href":"https:\/\/api.w.org\/{rel}","templated":true}]}}