{"id":320112,"date":"2024-04-10T15:06:51","date_gmt":"2024-04-10T13:06:51","guid":{"rendered":"https:\/\/selleetools.com\/?post_type=product&#038;p=320112"},"modified":"2025-12-02T21:06:21","modified_gmt":"2025-12-02T20:06:21","slug":"evil-shine-nablyszczacz-do-roweru-250ml","status":"publish","type":"product","link":"https:\/\/admincentral.selleetools.com\/pl\/product\/evil-shine-nablyszczacz-do-roweru-250ml\/","title":{"rendered":"EVIL SHINE NAB\u0141YSZCZACZ DO ROWERU 250ml"},"content":{"rendered":"<p>EVIL SHINE to specjalnie opracowane mleczko do ram i cz\u0119\u015bci rowerowych czy\u015bcik, nab\u0142yszczacz\u00a0 o \u015bwie\u017cym zapachu i stopniu nab\u0142yszczenia uniemo\u017cliwiaj\u0105cym przyleganie kurzu i brudu do roweru.<\/p>\n<p>\u00a0<\/p>\n<p>Mleczko do piel\u0119gnacji cz\u0119\u015bci rowerowych\u00a0 EVIL SHINE zawiera sk\u0142adzie naturalne i ekologiczne sk\u0142adniki w postaci\u00a0 wosk\u00f3w naturalnych kt\u00f3re dzi\u0119ki odpowiedniemu doborowi\u00a0 zapewniaj\u0105\u00a0 skuteczn\u0105 piel\u0119gnacj\u0119, jak i ochron\u0119 powierzchni rowerowych .<\/p>\n<p><strong>G\u0142\u00f3wne cechy:<\/strong><\/p>\n<ol>\n<li><strong>Piel\u0119gnacja i nawil\u017canie:<\/strong> Mleczko wnika\u00a0 w powierzchnie, nawil\u017caj\u0105c je i przywracaj\u0105c naturalny po\u0142ysk. Woski od\u017cywiaj\u0105 materia\u0142y, zapobiegaj\u0105c ich wysychaniu i p\u0119kaniu.<\/li>\n<li><strong>Ochrona UV:<\/strong> Naturalne woski tworz\u0105 cienk\u0105 warstw\u0119 ochronn\u0105 na powierzchniach , chroni\u0105c je przed szkodliwym dzia\u0142aniem promieni UV. To pomaga zachowa\u0107 intensywno\u015b\u0107 kolor\u00f3w i zapobiega blakni\u0119ciu.<\/li>\n<li><strong>Odporno\u015b\u0107 na zabrudzenia:<\/strong> Specjalne sk\u0142adniki mleczka tworz\u0105 barier\u0119 ochronn\u0105 przed zabrudzeniami i plamami, u\u0142atwiaj\u0105c ich usuwanie podczas codziennego czyszczenia.<\/li>\n<li><strong>Antystatyczne w\u0142a\u015bciwo\u015bci:<\/strong> Mleczko zmniejsza elektryzacj\u0119 powierzchni, co pomaga w minimalizowaniu osadzania si\u0119 kurzu i innych zanieczyszcze\u0144.<\/li>\n<li><strong>Naturalne sk\u0142adniki:<\/strong> Formu\u0142a opiera si\u0119 na naturalnych woskach, co sprawia, \u017ce produkt jest bardziej przyjazny dla \u015brodowiska i zdrowszy dla u\u017cytkownik\u00f3w w por\u00f3wnaniu z produktami zawieraj\u0105cymi agresywne chemikalia.<\/li>\n<\/ol>\n<p><strong>Instrukcja u\u017cycia:<\/strong><\/p>\n<ol>\n<li>Upewnij si\u0119, \u017ce powierzchnie na kt\u00f3re chcesz stosowa\u0107 mleczko EVIL SHINE s\u0105 suche i oczyszczone z widocznych zabrudze\u0144.<\/li>\n<li>Wstrz\u0105\u015bnij opakowaniem mleczka przed u\u017cyciem.<\/li>\n<li>Nanie\u015b niewielk\u0105 ilo\u015b\u0107 mleczka na mi\u0119kk\u0105, czyst\u0105 szmatk\u0119 lub g\u0105bk\u0119.<\/li>\n<li>Delikatnie wmasuj mleczko w powierzchnie rowerowe, wykonuj\u0105c ruchy okr\u0119\u017cne.<\/li>\n<li>Pozostaw mleczko na powierzchni przez kilka minut, aby si\u0119 wch\u0142on\u0119\u0142o.<\/li>\n<li>Wytrzyj powierzchnie czyst\u0105 i such\u0105 szmatk\u0105, a\u017c osi\u0105gn\u0105 one po\u017c\u0105dany efekt.<\/li>\n<\/ol>\n<p><strong>Przechowywanie:<\/strong> Przechowuj mleczko w miejscu niedost\u0119pnym dla dzieci w temperaturze pokojowej. Unikaj wystawiania produktu na dzia\u0142anie bezpo\u015brednich \u017ar\u00f3de\u0142 ciep\u0142a i \u015bwiat\u0142a s\u0142onecznego.<\/p>\n<p>Nab\u0142yszczaj\u0105ce\u00a0 mleczko do piel\u0119gnacji roweru z dodatkiem wosk\u00f3w naturalnych to idealne rozwi\u0105zanie dla os\u00f3b, kt\u00f3re pragn\u0105 zachowa\u0107 estetyczny wygl\u0105d i trwa\u0142o\u015b\u0107 swojego roweru. .<\/p>\n<p>EVIL SHINE to specjalnie opracowane mleczko do ram i cz\u0119\u015bci rowerowych czy\u015bcik, nab\u0142yszczacz\u00a0 o \u015bwie\u017cym zapachu i stopniu nab\u0142yszczenia uniemo\u017cliwiaj\u0105cym przyleganie kurzu i brudu do roweru.<\/p>\n","protected":false},"excerpt":{"rendered":"<p>EVIL SHINE to specjalnie opracowane mleczko do ram i cz\u0119\u015bci rowerowych czy\u015bcik, nab\u0142yszczacz\u00a0 o \u015bwie\u017cym zapachu i stopniu nab\u0142yszczenia uniemo\u017cliwiaj\u0105cym przyleganie kurzu i brudu do roweru. \u00a0 Mleczko do piel\u0119gnacji cz\u0119\u015bci rowerowych\u00a0 EVIL SHINE zawiera sk\u0142adzie naturalne i ekologiczne sk\u0142adniki w postaci\u00a0 wosk\u00f3w naturalnych kt\u00f3re dzi\u0119ki odpowiedniemu doborowi\u00a0 zapewniaj\u0105\u00a0 skuteczn\u0105 piel\u0119gnacj\u0119, jak i ochron\u0119 powierzchni &#8230; <a title=\"EVIL SHINE NAB\u0141YSZCZACZ DO ROWERU 250ml\" class=\"read-more\" href=\"https:\/\/admincentral.selleetools.com\/pl\/product\/evil-shine-nablyszczacz-do-roweru-250ml\/\">Read more<span class=\"screen-reader-text\">EVIL SHINE NAB\u0141YSZCZACZ DO ROWERU 250ml<\/span><\/a><\/p>\n","protected":false},"featured_media":320110,"comment_status":"open","ping_status":"closed","template":"","meta":{"_links_to":"","_links_to_target":""},"yoast_head":"<!-- This site is optimized with the Yoast SEO plugin v19.4 - https:\/\/yoast.com\/wordpress\/plugins\/seo\/ -->\n<title>EVIL SHINE NAB\u0141YSZCZACZ DO ROWERU 250ml - Selleetools.com<\/title>\n<meta name=\"robots\" content=\"index, follow, max-snippet:-1, max-image-preview:large, max-video-preview:-1\" \/>\n<link rel=\"canonical\" href=\"https:\/\/selleetools.com\/product\/evil-shine-nablyszczacz-do-roweru-250ml\/\" \/>\n<meta property=\"og:locale\" content=\"pl_PL\" \/>\n<meta property=\"og:type\" content=\"article\" \/>\n<meta property=\"og:title\" content=\"EVIL SHINE NAB\u0141YSZCZACZ DO ROWERU 250ml - Selleetools.com\" \/>\n<meta property=\"og:description\" content=\"EVIL SHINE to specjalnie opracowane mleczko do ram i cz\u0119\u015bci rowerowych czy\u015bcik, nab\u0142yszczacz\u00a0 o \u015bwie\u017cym zapachu i stopniu nab\u0142yszczenia uniemo\u017cliwiaj\u0105cym przyleganie kurzu i brudu do roweru. \u00a0 Mleczko do piel\u0119gnacji cz\u0119\u015bci rowerowych\u00a0 EVIL SHINE zawiera sk\u0142adzie naturalne i ekologiczne sk\u0142adniki w postaci\u00a0 wosk\u00f3w naturalnych kt\u00f3re dzi\u0119ki odpowiedniemu doborowi\u00a0 zapewniaj\u0105\u00a0 skuteczn\u0105 piel\u0119gnacj\u0119, jak i ochron\u0119 powierzchni ... Read moreEVIL SHINE NAB\u0141YSZCZACZ DO ROWERU 250ml\" \/>\n<meta property=\"og:url\" content=\"https:\/\/selleetools.com\/product\/evil-shine-nablyszczacz-do-roweru-250ml\/\" \/>\n<meta property=\"og:site_name\" content=\"Selleetools.com\" \/>\n<meta property=\"article:modified_time\" content=\"2025-12-02T20:06:21+00:00\" \/>\n<meta property=\"og:image\" content=\"https:\/\/selleetools.com\/wp-content\/uploads\/2024\/04\/shine-250.jpg\" \/>\n\t<meta property=\"og:image:width\" content=\"2000\" \/>\n\t<meta property=\"og:image:height\" content=\"2000\" \/>\n\t<meta property=\"og:image:type\" content=\"image\/jpeg\" \/>\n<meta name=\"twitter:card\" content=\"summary_large_image\" \/>\n<meta name=\"twitter:label1\" content=\"Est. reading time\" \/>\n\t<meta name=\"twitter:data1\" content=\"2 minuty\" \/>\n<!-- \/ Yoast SEO plugin. -->","yoast_head_json":{"title":"EVIL SHINE NAB\u0141YSZCZACZ DO ROWERU 250ml - Selleetools.com","robots":{"index":"index","follow":"follow","max-snippet":"max-snippet:-1","max-image-preview":"max-image-preview:large","max-video-preview":"max-video-preview:-1"},"canonical":"https:\/\/selleetools.com\/product\/evil-shine-nablyszczacz-do-roweru-250ml\/","og_locale":"pl_PL","og_type":"article","og_title":"EVIL SHINE NAB\u0141YSZCZACZ DO ROWERU 250ml - Selleetools.com","og_description":"EVIL SHINE to specjalnie opracowane mleczko do ram i cz\u0119\u015bci rowerowych czy\u015bcik, nab\u0142yszczacz\u00a0 o \u015bwie\u017cym zapachu i stopniu nab\u0142yszczenia uniemo\u017cliwiaj\u0105cym przyleganie kurzu i brudu do roweru. \u00a0 Mleczko do piel\u0119gnacji cz\u0119\u015bci rowerowych\u00a0 EVIL SHINE zawiera sk\u0142adzie naturalne i ekologiczne sk\u0142adniki w postaci\u00a0 wosk\u00f3w naturalnych kt\u00f3re dzi\u0119ki odpowiedniemu doborowi\u00a0 zapewniaj\u0105\u00a0 skuteczn\u0105 piel\u0119gnacj\u0119, jak i ochron\u0119 powierzchni ... Read moreEVIL SHINE NAB\u0141YSZCZACZ DO ROWERU 250ml","og_url":"https:\/\/selleetools.com\/product\/evil-shine-nablyszczacz-do-roweru-250ml\/","og_site_name":"Selleetools.com","article_modified_time":"2025-12-02T20:06:21+00:00","og_image":[{"width":2000,"height":2000,"url":"https:\/\/selleetools.com\/wp-content\/uploads\/2024\/04\/shine-250.jpg","type":"image\/jpeg"}],"twitter_card":"summary_large_image","twitter_misc":{"Est. reading time":"2 minuty"},"schema":{"@context":"https:\/\/schema.org","@graph":[{"@type":"Organization","@id":"https:\/\/selleetools.com\/#organization","name":"Selleetools","url":"https:\/\/selleetools.com\/","sameAs":[],"logo":{"@type":"ImageObject","inLanguage":"pl-PL","@id":"https:\/\/selleetools.com\/#\/schema\/logo\/image\/","url":"https:\/\/selleetools.com\/wp-content\/uploads\/2021\/10\/logo-dark.png","contentUrl":"https:\/\/selleetools.com\/wp-content\/uploads\/2021\/10\/logo-dark.png","width":320,"height":76,"caption":"Selleetools"},"image":{"@id":"https:\/\/selleetools.com\/#\/schema\/logo\/image\/"}},{"@type":"WebSite","@id":"https:\/\/selleetools.com\/#website","url":"https:\/\/selleetools.com\/","name":"Selleetools.com","description":"","publisher":{"@id":"https:\/\/selleetools.com\/#organization"},"potentialAction":[{"@type":"SearchAction","target":{"@type":"EntryPoint","urlTemplate":"https:\/\/selleetools.com\/?s={search_term_string}"},"query-input":"required name=search_term_string"}],"inLanguage":"pl-PL"},{"@type":"WebPage","@id":"https:\/\/selleetools.com\/product\/evil-shine-nablyszczacz-do-roweru-250ml\/","url":"https:\/\/selleetools.com\/product\/evil-shine-nablyszczacz-do-roweru-250ml\/","name":"EVIL SHINE NAB\u0141YSZCZACZ DO ROWERU 250ml - Selleetools.com","isPartOf":{"@id":"https:\/\/selleetools.com\/#website"},"datePublished":"2024-04-10T13:06:51+00:00","dateModified":"2025-12-02T20:06:21+00:00","breadcrumb":{"@id":"https:\/\/selleetools.com\/product\/evil-shine-nablyszczacz-do-roweru-250ml\/#breadcrumb"},"inLanguage":"pl-PL","potentialAction":[{"@type":"ReadAction","target":["https:\/\/selleetools.com\/product\/evil-shine-nablyszczacz-do-roweru-250ml\/"]}]},{"@type":"BreadcrumbList","@id":"https:\/\/selleetools.com\/product\/evil-shine-nablyszczacz-do-roweru-250ml\/#breadcrumb","itemListElement":[{"@type":"ListItem","position":1,"name":"Home","item":"https:\/\/selleetools.com\/pl\/"},{"@type":"ListItem","position":2,"name":"Katalog","item":"https:\/\/selleetools.com\/pl\/katalog\/"},{"@type":"ListItem","position":3,"name":"EVIL SHINE NAB\u0141YSZCZACZ DO ROWERU 250ml"}]}]}},"_links":{"self":[{"href":"https:\/\/admincentral.selleetools.com\/pl\/wp-json\/wp\/v2\/product\/320112"}],"collection":[{"href":"https:\/\/admincentral.selleetools.com\/pl\/wp-json\/wp\/v2\/product"}],"about":[{"href":"https:\/\/admincentral.selleetools.com\/pl\/wp-json\/wp\/v2\/types\/product"}],"replies":[{"embeddable":true,"href":"https:\/\/admincentral.selleetools.com\/pl\/wp-json\/wp\/v2\/comments?post=320112"}],"wp:featuredmedia":[{"embeddable":true,"href":"https:\/\/admincentral.selleetools.com\/pl\/wp-json\/wp\/v2\/media\/320110"}],"wp:attachment":[{"href":"https:\/\/admincentral.selleetools.com\/pl\/wp-json\/wp\/v2\/media?parent=320112"}],"curies":[{"name":"wp","href":"https:\/\/api.w.org\/{rel}","templated":true}]}}