{"id":320130,"date":"2024-04-10T15:07:07","date_gmt":"2024-04-10T13:07:07","guid":{"rendered":"https:\/\/selleetools.com\/?post_type=product&#038;p=320130"},"modified":"2025-12-02T21:06:09","modified_gmt":"2025-12-02T20:06:09","slug":"evil-bike-foam-aktywna-piana-do-roweru-250ml","status":"publish","type":"product","link":"https:\/\/admincentral.selleetools.com\/pl\/product\/evil-bike-foam-aktywna-piana-do-roweru-250ml\/","title":{"rendered":"EVIL BIKE FOAM AKTYWNA PIANA DO ROWERU 250ml"},"content":{"rendered":"<div class=\"flex flex-grow flex-col gap-3 max-w-full\">\n<div class=\"min-h-[20px] flex flex-col items-start gap-3 overflow-x-auto whitespace-pre-wrap break-words\">\n<div class=\"markdown prose w-full break-words dark:prose-invert light\">\n<p>Produkt Bike Foam to skoncentrowany \u015brodek czyszcz\u0105cy przeznaczony do dok\u0142adnego usuwania brudu i zabrudze\u0144 z roweru po jazdach zar\u00f3wno w terenie, jak i na szosie. Jego turkusowy kolor przyci\u0105ga uwag\u0119, a \u0142atwa aplikacja przy pomocy rozpylacza u\u0142atwia dost\u0119p do trudno dost\u0119pnych miejsc na rowerze. Mo\u017cna go bezpiecznie u\u017cywa\u0107 na r\u00f3\u017cnych powierzchniach, w tym lakierowanych, gumowych, plastikowych, aluminium, chromowanych, w\u0142\u00f3kna w\u0119glowego, klockach hamulcowych, sk\u00f3rach i uszczelkach.<\/p>\n<p>Ten ekologiczny preparat doskonale radzi sobie z usuwaniem olej\u00f3w, smar\u00f3w i innych zanieczyszcze\u0144, pozostawiaj\u0105c czyst\u0105 powierzchni\u0119 bez smug. Nie zawiera szkodliwych substancji, jest bezpieczny dla \u015brodowiska i u\u017cytkownika. Przed u\u017cyciem zaleca si\u0119 dok\u0142adne wymieszanie zawarto\u015bci butelki, a po zastosowaniu produktu sp\u0142ukanie oraz pozostawienie roweru do ca\u0142kowitego wyschni\u0119cia. Po umyciu zaleca si\u0119 tak\u017ce u\u017cycie \u015brodka nab\u0142yszczaj\u0105cego w celu dalszej ochrony przed zabrudzeniem.<\/p>\n<p>EVIL Bike Foam to nie tylko produkt skuteczny, ale tak\u017ce przyjazny dla \u015brodowiska i bezpieczny dla Twojego roweru oraz Ciebie.<\/p>\n<\/div>\n<p>Spos\u00f3b u\u017cycia:<br \/>\n1.Rozpyl Bike Foam na powierzchni roweru<br \/>\n2.Pozostaw na kilka minut, w celu rozpuszczenia zabrudze\u0144<br \/>\n3.Wyszoruj szczotk\u0105 lub g\u0105bk\u0105<br \/>\n4.Sp\u0142ucz dok\u0142adnie czyst\u0105 wod\u0105<\/p>\n<\/div>\n<\/div>\n<p>Produkt Bike Foam to skoncentrowany \u015brodek czyszcz\u0105cy przeznaczony do dok\u0142adnego usuwania brudu i zabrudze\u0144 z roweru po jazdach zar\u00f3wno w terenie, jak i na szosie. Jego turkusowy kolor przyci\u0105ga uwag\u0119, a \u0142atwa aplikacja przy pomocy rozpylacza u\u0142atwia dost\u0119p do trudno dost\u0119pnych miejsc na rowerze. Mo\u017cna go bezpiecznie u\u017cywa\u0107 na r\u00f3\u017cnych powierzchniach, w tym lakierowanych, gumowych, plastikowych, aluminium, chromowanych, w\u0142\u00f3kna w\u0119glowego, klockach hamulcowych, sk\u00f3rach i uszczelkach.<\/p>\n","protected":false},"excerpt":{"rendered":"<p>Produkt Bike Foam to skoncentrowany \u015brodek czyszcz\u0105cy przeznaczony do dok\u0142adnego usuwania brudu i zabrudze\u0144 z roweru po jazdach zar\u00f3wno w terenie, jak i na szosie. Jego turkusowy kolor przyci\u0105ga uwag\u0119, a \u0142atwa aplikacja przy pomocy rozpylacza u\u0142atwia dost\u0119p do trudno dost\u0119pnych miejsc na rowerze. Mo\u017cna go bezpiecznie u\u017cywa\u0107 na r\u00f3\u017cnych powierzchniach, w tym lakierowanych, gumowych, &#8230; <a title=\"EVIL BIKE FOAM AKTYWNA PIANA DO ROWERU 250ml\" class=\"read-more\" href=\"https:\/\/admincentral.selleetools.com\/pl\/product\/evil-bike-foam-aktywna-piana-do-roweru-250ml\/\">Read more<span class=\"screen-reader-text\">EVIL BIKE FOAM AKTYWNA PIANA DO ROWERU 250ml<\/span><\/a><\/p>\n","protected":false},"featured_media":320128,"comment_status":"open","ping_status":"closed","template":"","meta":{"_links_to":"","_links_to_target":""},"yoast_head":"<!-- This site is optimized with the Yoast SEO plugin v19.4 - https:\/\/yoast.com\/wordpress\/plugins\/seo\/ -->\n<title>EVIL BIKE FOAM AKTYWNA PIANA DO ROWERU 250ml - Selleetools.com<\/title>\n<meta name=\"robots\" content=\"index, follow, max-snippet:-1, max-image-preview:large, max-video-preview:-1\" \/>\n<link rel=\"canonical\" href=\"https:\/\/admincentral.selleetools.com\/pl\/product\/evil-bike-foam-aktywna-piana-do-roweru-250ml\/\" \/>\n<meta property=\"og:locale\" content=\"pl_PL\" \/>\n<meta property=\"og:type\" content=\"article\" \/>\n<meta property=\"og:title\" content=\"EVIL BIKE FOAM AKTYWNA PIANA DO ROWERU 250ml - Selleetools.com\" \/>\n<meta property=\"og:description\" content=\"Produkt Bike Foam to skoncentrowany \u015brodek czyszcz\u0105cy przeznaczony do dok\u0142adnego usuwania brudu i zabrudze\u0144 z roweru po jazdach zar\u00f3wno w terenie, jak i na szosie. Jego turkusowy kolor przyci\u0105ga uwag\u0119, a \u0142atwa aplikacja przy pomocy rozpylacza u\u0142atwia dost\u0119p do trudno dost\u0119pnych miejsc na rowerze. Mo\u017cna go bezpiecznie u\u017cywa\u0107 na r\u00f3\u017cnych powierzchniach, w tym lakierowanych, gumowych, ... Read moreEVIL BIKE FOAM AKTYWNA PIANA DO ROWERU 250ml\" \/>\n<meta property=\"og:url\" content=\"https:\/\/admincentral.selleetools.com\/pl\/product\/evil-bike-foam-aktywna-piana-do-roweru-250ml\/\" \/>\n<meta property=\"og:site_name\" content=\"Selleetools.com\" \/>\n<meta property=\"article:modified_time\" content=\"2025-12-02T20:06:09+00:00\" \/>\n<meta property=\"og:image\" content=\"https:\/\/selleetools.com\/wp-content\/uploads\/2024\/04\/bike-foam-250.jpg\" \/>\n\t<meta property=\"og:image:width\" content=\"2000\" \/>\n\t<meta property=\"og:image:height\" content=\"2000\" \/>\n\t<meta property=\"og:image:type\" content=\"image\/jpeg\" \/>\n<meta name=\"twitter:card\" content=\"summary_large_image\" \/>\n<meta name=\"twitter:label1\" content=\"Est. reading time\" \/>\n\t<meta name=\"twitter:data1\" content=\"1 minuta\" \/>\n<!-- \/ Yoast SEO plugin. -->","yoast_head_json":{"title":"EVIL BIKE FOAM AKTYWNA PIANA DO ROWERU 250ml - Selleetools.com","robots":{"index":"index","follow":"follow","max-snippet":"max-snippet:-1","max-image-preview":"max-image-preview:large","max-video-preview":"max-video-preview:-1"},"canonical":"https:\/\/admincentral.selleetools.com\/pl\/product\/evil-bike-foam-aktywna-piana-do-roweru-250ml\/","og_locale":"pl_PL","og_type":"article","og_title":"EVIL BIKE FOAM AKTYWNA PIANA DO ROWERU 250ml - Selleetools.com","og_description":"Produkt Bike Foam to skoncentrowany \u015brodek czyszcz\u0105cy przeznaczony do dok\u0142adnego usuwania brudu i zabrudze\u0144 z roweru po jazdach zar\u00f3wno w terenie, jak i na szosie. Jego turkusowy kolor przyci\u0105ga uwag\u0119, a \u0142atwa aplikacja przy pomocy rozpylacza u\u0142atwia dost\u0119p do trudno dost\u0119pnych miejsc na rowerze. Mo\u017cna go bezpiecznie u\u017cywa\u0107 na r\u00f3\u017cnych powierzchniach, w tym lakierowanych, gumowych, ... Read moreEVIL BIKE FOAM AKTYWNA PIANA DO ROWERU 250ml","og_url":"https:\/\/admincentral.selleetools.com\/pl\/product\/evil-bike-foam-aktywna-piana-do-roweru-250ml\/","og_site_name":"Selleetools.com","article_modified_time":"2025-12-02T20:06:09+00:00","og_image":[{"width":2000,"height":2000,"url":"https:\/\/selleetools.com\/wp-content\/uploads\/2024\/04\/bike-foam-250.jpg","type":"image\/jpeg"}],"twitter_card":"summary_large_image","twitter_misc":{"Est. reading time":"1 minuta"},"schema":{"@context":"https:\/\/schema.org","@graph":[{"@type":"Organization","@id":"https:\/\/selleetools.com\/#organization","name":"Selleetools","url":"https:\/\/selleetools.com\/","sameAs":[],"logo":{"@type":"ImageObject","inLanguage":"pl-PL","@id":"https:\/\/selleetools.com\/#\/schema\/logo\/image\/","url":"https:\/\/selleetools.com\/wp-content\/uploads\/2021\/10\/logo-dark.png","contentUrl":"https:\/\/selleetools.com\/wp-content\/uploads\/2021\/10\/logo-dark.png","width":320,"height":76,"caption":"Selleetools"},"image":{"@id":"https:\/\/selleetools.com\/#\/schema\/logo\/image\/"}},{"@type":"WebSite","@id":"https:\/\/selleetools.com\/#website","url":"https:\/\/selleetools.com\/","name":"Selleetools.com","description":"","publisher":{"@id":"https:\/\/selleetools.com\/#organization"},"potentialAction":[{"@type":"SearchAction","target":{"@type":"EntryPoint","urlTemplate":"https:\/\/selleetools.com\/?s={search_term_string}"},"query-input":"required name=search_term_string"}],"inLanguage":"pl-PL"},{"@type":"WebPage","@id":"https:\/\/admincentral.selleetools.com\/pl\/product\/evil-bike-foam-aktywna-piana-do-roweru-250ml\/","url":"https:\/\/admincentral.selleetools.com\/pl\/product\/evil-bike-foam-aktywna-piana-do-roweru-250ml\/","name":"EVIL BIKE FOAM AKTYWNA PIANA DO ROWERU 250ml - Selleetools.com","isPartOf":{"@id":"https:\/\/selleetools.com\/#website"},"datePublished":"2024-04-10T13:07:07+00:00","dateModified":"2025-12-02T20:06:09+00:00","breadcrumb":{"@id":"https:\/\/admincentral.selleetools.com\/pl\/product\/evil-bike-foam-aktywna-piana-do-roweru-250ml\/#breadcrumb"},"inLanguage":"pl-PL","potentialAction":[{"@type":"ReadAction","target":["https:\/\/admincentral.selleetools.com\/pl\/product\/evil-bike-foam-aktywna-piana-do-roweru-250ml\/"]}]},{"@type":"BreadcrumbList","@id":"https:\/\/admincentral.selleetools.com\/pl\/product\/evil-bike-foam-aktywna-piana-do-roweru-250ml\/#breadcrumb","itemListElement":[{"@type":"ListItem","position":1,"name":"Home","item":"https:\/\/selleetools.com\/pl\/"},{"@type":"ListItem","position":2,"name":"Katalog","item":"https:\/\/selleetools.com\/pl\/katalog\/"},{"@type":"ListItem","position":3,"name":"EVIL BIKE FOAM AKTYWNA PIANA DO ROWERU 250ml"}]}]}},"_links":{"self":[{"href":"https:\/\/admincentral.selleetools.com\/pl\/wp-json\/wp\/v2\/product\/320130"}],"collection":[{"href":"https:\/\/admincentral.selleetools.com\/pl\/wp-json\/wp\/v2\/product"}],"about":[{"href":"https:\/\/admincentral.selleetools.com\/pl\/wp-json\/wp\/v2\/types\/product"}],"replies":[{"embeddable":true,"href":"https:\/\/admincentral.selleetools.com\/pl\/wp-json\/wp\/v2\/comments?post=320130"}],"wp:featuredmedia":[{"embeddable":true,"href":"https:\/\/admincentral.selleetools.com\/pl\/wp-json\/wp\/v2\/media\/320128"}],"wp:attachment":[{"href":"https:\/\/admincentral.selleetools.com\/pl\/wp-json\/wp\/v2\/media?parent=320130"}],"curies":[{"name":"wp","href":"https:\/\/api.w.org\/{rel}","templated":true}]}}