{"id":320136,"date":"2024-04-10T15:07:13","date_gmt":"2024-04-10T13:07:13","guid":{"rendered":"https:\/\/selleetools.com\/?post_type=product&#038;p=320136"},"modified":"2025-11-20T12:21:59","modified_gmt":"2025-11-20T11:21:59","slug":"evil-drobny-dwusiarczek-molibdenu-dodatek-do-oleju-10g","status":"publish","type":"product","link":"https:\/\/admincentral.selleetools.com\/pl\/product\/evil-drobny-dwusiarczek-molibdenu-dodatek-do-oleju-10g\/","title":{"rendered":"EVIL DROBNY DWUSIARCZEK MOLIBDENU DODATEK DO OLEJU 10g"},"content":{"rendered":"<div class=\"flex flex-grow flex-col gap-3 max-w-full\">\n<div class=\"min-h-[20px] flex flex-col items-start gap-3 overflow-x-auto whitespace-pre-wrap break-words\">\n<div class=\"markdown prose w-full break-words dark:prose-invert light\">\n<p>Dwusiarczek molibdenu, znany r\u00f3wnie\u017c jako MoS2, to nieorganiczny zwi\u0105zek o strukturze warstwowej, sk\u0142adaj\u0105cy si\u0119 z molibdenu i siarki. Jest u\u017cywany jako dodatek przeciwtarciowy i przeciwzu\u017cyciowy w r\u00f3\u017cnych zastosowaniach. Dzi\u0119ki swoim w\u0142a\u015bciwo\u015bciom, takim jak niskie tarcie, odporno\u015b\u0107 na kwas i utlenianie oraz stabilno\u015b\u0107 w ekstremalnych warunkach, jest bardzo uniwersalny.<\/p>\n<p>MoS2 mo\u017ce by\u0107 stosowany jako dodatek do smar\u00f3w, olej\u00f3w, tworzyw sztucznych i innych pow\u0142ok \u015blizgowych. W przemy\u015ble petrochemicznym pe\u0142ni rol\u0119 katalizatora do odsiarczania paliw. Jest tak\u017ce u\u017cywany do produkcji wodoru do ogniw paliwowych i p\u00f3\u0142przewodnik\u00f3w.<\/p>\n<p>W motoryzacji, MoS2 jest stosowany jako dodatek do olej\u00f3w silnikowych i przek\u0142adniowych. Pomaga zmniejszy\u0107 tarcie, co przek\u0142ada si\u0119 na zmniejszenie zu\u017cycia paliwa, obni\u017cenie temperatury pracy i wyd\u0142u\u017cenie \u017cywotno\u015bci silnika. Jest szczeg\u00f3lnie przydatny w silnikach poddawanych du\u017cym obci\u0105\u017ceniom i temperaturom.<\/p>\n<p>Dodatek MoS2 ma wiele zalet, takich jak zmniejszenie tarcia podczas rozruchu na zimno, obni\u017cenie temperatury pracy silnika, poprawa spalania, redukcja ha\u0142asu oraz zmniejszenie ubytk\u00f3w oleju. Dzia\u0142a protektorowo, tworz\u0105c warstw\u0119 smaruj\u0105c\u0105 mi\u0119dzy powierzchniami, co pomaga zmniejszy\u0107 zu\u017cycie i tarcie.<\/p>\n<p>Dlatego MoS2 jest szeroko stosowany w motoryzacji, zw\u0142aszcza w przypadku pojazd\u00f3w o du\u017cej wydajno\u015bci i poddawanych ekstremalnym warunkom.<\/p>\n<p>MoS2 jako proszek do zrobienia zawiesiny, najlepiej rozprowadzi\u0107 w oleju, a nast\u0119pnie aplikowa\u0107 \u00a0do silnika lub skrzyni w proporcjach:<\/p>\n<ul>\n<li>do silnika\u00a0\u015brednio\u00a02-5g \/ 1 litr oleju, (10g wystarcza na 4-5 litry oleju silnikowego)<\/li>\n<li>do skrzyni 10-20g \/ 1 litr (10g wystarczy na 2 litry oleju przek\u0142adniowego)<\/li>\n<\/ul>\n<p style=\"padding-left: 30px;\"><em>Zawiesin\u0119, nale\u017cy stosowa\u0107 na ciep\u0142y silnik i po zastosowaniu odczeka\u0107 5-7 minut na biegu ja\u0142owym w celu jednolitego rozmieszczenia dodatku.<\/em><\/p>\n<p>Dwusiarczek molibdenu nie nale\u017cy stosowa\u0107 do nowych silnik\u00f3w z uwagi na\u00a0cienki film smarny, \u017ceby nie dosz\u0142o do doszczelnienia poni\u017cej warto\u015bci zalecanych przez producenta. Do nowych samochod\u00f3w z lepiej zastosowa\u0107 dwusiarczek molibdenu w p\u0142ynie.<\/p>\n<\/div>\n<h2>pODSTAWOWE DANE PRODUKTU:<\/h2>\n<table width=\"256\">\n<tbody>\n<tr style=\"height: 18px;\">\n<td style=\"height: 18px;\" width=\"163\"><strong>W\u0142a\u015bciwo\u015b\u0107<\/strong><\/td>\n<td style=\"height: 18px;\" width=\"93\"><strong>Warto\u015b\u0107 wynik<\/strong><\/td>\n<\/tr>\n<tr style=\"height: 18px;\">\n<td style=\"height: 18px;\">Rozmiar Cz\u0105steczki (Fisher Number)<\/td>\n<td style=\"height: 18px;\">0,7 &#8211; 0,85\u00a0\u03bcm<\/td>\n<\/tr>\n<tr style=\"height: 18px;\">\n<td style=\"height: 18px;\">G\u0119sto\u015b\u0107 nasypowa<\/td>\n<td style=\"height: 18px;\">0,4 g \/ cm3<\/td>\n<\/tr>\n<tr style=\"height: 18px;\">\n<td style=\"height: 18px; text-align: center;\">Zawarto\u015b\u0107<\/td>\n<td style=\"height: 18px; text-align: center;\">Max % by wt<\/td>\n<\/tr>\n<tr style=\"height: 18px;\">\n<td style=\"height: 18px;\">substancje, kwasy nierozpuszczone<\/td>\n<td style=\"height: 18px;\">0,31<\/td>\n<\/tr>\n<tr style=\"height: 18px;\">\n<td style=\"height: 18px;\">\u017celazo<\/td>\n<td style=\"height: 18px;\">0,2<\/td>\n<\/tr>\n<tr style=\"height: 18px;\">\n<td style=\"height: 18px;\">Tr\u00f3jtlenek Molibdenu<\/td>\n<td style=\"height: 18px;\">0,014<\/td>\n<\/tr>\n<tr style=\"height: 18px;\">\n<td style=\"height: 18px;\">Woda, wilgo\u0107<\/td>\n<td style=\"height: 18px;\">0,001<\/td>\n<\/tr>\n<tr style=\"height: 18px;\">\n<td style=\"height: 18px;\">Olej<\/td>\n<td style=\"height: 18px;\">0,032<\/td>\n<\/tr>\n<tr style=\"height: 18px;\">\n<td style=\"height: 18px;\">W\u0119giel<\/td>\n<td style=\"height: 18px;\">1,01<\/td>\n<\/tr>\n<tr style=\"height: 18px;\">\n<td style=\"height: 18px;\">Liczba kwasowa (TAN)<\/td>\n<td style=\"height: 18px;\">0,01<\/td>\n<\/tr>\n<\/tbody>\n<\/table>\n<\/div>\n<\/div>\n<p>Dwusiarczek molibdenu, znany r\u00f3wnie\u017c jako MoS2, to nieorganiczny zwi\u0105zek o strukturze warstwowej, sk\u0142adaj\u0105cy si\u0119 z molibdenu i siarki. Jest u\u017cywany jako dodatek przeciwtarciowy i przeciwzu\u017cyciowy w r\u00f3\u017cnych zastosowaniach. Dzi\u0119ki swoim w\u0142a\u015bciwo\u015bciom, takim jak niskie tarcie, odporno\u015b\u0107 na kwas i utlenianie oraz stabilno\u015b\u0107 w ekstremalnych warunkach, jest bardzo uniwersalny.<\/p>\n","protected":false},"excerpt":{"rendered":"<p>Dwusiarczek molibdenu, znany r\u00f3wnie\u017c jako MoS2, to nieorganiczny zwi\u0105zek o strukturze warstwowej, sk\u0142adaj\u0105cy si\u0119 z molibdenu i siarki. Jest u\u017cywany jako dodatek przeciwtarciowy i przeciwzu\u017cyciowy w r\u00f3\u017cnych zastosowaniach. Dzi\u0119ki swoim w\u0142a\u015bciwo\u015bciom, takim jak niskie tarcie, odporno\u015b\u0107 na kwas i utlenianie oraz stabilno\u015b\u0107 w ekstremalnych warunkach, jest bardzo uniwersalny. MoS2 mo\u017ce by\u0107 stosowany jako dodatek do &#8230; <a title=\"EVIL DROBNY DWUSIARCZEK MOLIBDENU DODATEK DO OLEJU 10g\" class=\"read-more\" href=\"https:\/\/admincentral.selleetools.com\/pl\/product\/evil-drobny-dwusiarczek-molibdenu-dodatek-do-oleju-10g\/\">Read more<span class=\"screen-reader-text\">EVIL DROBNY DWUSIARCZEK MOLIBDENU DODATEK DO OLEJU 10g<\/span><\/a><\/p>\n","protected":false},"featured_media":320134,"comment_status":"open","ping_status":"closed","template":"","meta":{"_links_to":"","_links_to_target":""},"yoast_head":"<!-- This site is optimized with the Yoast SEO plugin v19.4 - https:\/\/yoast.com\/wordpress\/plugins\/seo\/ -->\n<title>EVIL DROBNY DWUSIARCZEK MOLIBDENU DODATEK DO OLEJU 10g - Selleetools.com<\/title>\n<meta name=\"robots\" content=\"index, follow, max-snippet:-1, max-image-preview:large, max-video-preview:-1\" \/>\n<link rel=\"canonical\" href=\"https:\/\/admincentral.selleetools.com\/pl\/product\/evil-drobny-dwusiarczek-molibdenu-dodatek-do-oleju-10g\/\" \/>\n<meta property=\"og:locale\" content=\"pl_PL\" \/>\n<meta property=\"og:type\" content=\"article\" \/>\n<meta property=\"og:title\" content=\"EVIL DROBNY DWUSIARCZEK MOLIBDENU DODATEK DO OLEJU 10g - Selleetools.com\" \/>\n<meta property=\"og:description\" content=\"Dwusiarczek molibdenu, znany r\u00f3wnie\u017c jako MoS2, to nieorganiczny zwi\u0105zek o strukturze warstwowej, sk\u0142adaj\u0105cy si\u0119 z molibdenu i siarki. Jest u\u017cywany jako dodatek przeciwtarciowy i przeciwzu\u017cyciowy w r\u00f3\u017cnych zastosowaniach. Dzi\u0119ki swoim w\u0142a\u015bciwo\u015bciom, takim jak niskie tarcie, odporno\u015b\u0107 na kwas i utlenianie oraz stabilno\u015b\u0107 w ekstremalnych warunkach, jest bardzo uniwersalny. MoS2 mo\u017ce by\u0107 stosowany jako dodatek do ... Read moreEVIL DROBNY DWUSIARCZEK MOLIBDENU DODATEK DO OLEJU 10g\" \/>\n<meta property=\"og:url\" content=\"https:\/\/admincentral.selleetools.com\/pl\/product\/evil-drobny-dwusiarczek-molibdenu-dodatek-do-oleju-10g\/\" \/>\n<meta property=\"og:site_name\" content=\"Selleetools.com\" \/>\n<meta property=\"article:modified_time\" content=\"2025-11-20T11:21:59+00:00\" \/>\n<meta property=\"og:image\" content=\"https:\/\/selleetools.com\/wp-content\/uploads\/2024\/04\/dwusiarczeknowy-10.jpg\" \/>\n\t<meta property=\"og:image:width\" content=\"2000\" \/>\n\t<meta property=\"og:image:height\" content=\"2000\" \/>\n\t<meta property=\"og:image:type\" content=\"image\/jpeg\" \/>\n<meta name=\"twitter:card\" content=\"summary_large_image\" \/>\n<meta name=\"twitter:label1\" content=\"Est. reading time\" \/>\n\t<meta name=\"twitter:data1\" content=\"2 minuty\" \/>\n<!-- \/ Yoast SEO plugin. -->","yoast_head_json":{"title":"EVIL DROBNY DWUSIARCZEK MOLIBDENU DODATEK DO OLEJU 10g - Selleetools.com","robots":{"index":"index","follow":"follow","max-snippet":"max-snippet:-1","max-image-preview":"max-image-preview:large","max-video-preview":"max-video-preview:-1"},"canonical":"https:\/\/admincentral.selleetools.com\/pl\/product\/evil-drobny-dwusiarczek-molibdenu-dodatek-do-oleju-10g\/","og_locale":"pl_PL","og_type":"article","og_title":"EVIL DROBNY DWUSIARCZEK MOLIBDENU DODATEK DO OLEJU 10g - Selleetools.com","og_description":"Dwusiarczek molibdenu, znany r\u00f3wnie\u017c jako MoS2, to nieorganiczny zwi\u0105zek o strukturze warstwowej, sk\u0142adaj\u0105cy si\u0119 z molibdenu i siarki. Jest u\u017cywany jako dodatek przeciwtarciowy i przeciwzu\u017cyciowy w r\u00f3\u017cnych zastosowaniach. Dzi\u0119ki swoim w\u0142a\u015bciwo\u015bciom, takim jak niskie tarcie, odporno\u015b\u0107 na kwas i utlenianie oraz stabilno\u015b\u0107 w ekstremalnych warunkach, jest bardzo uniwersalny. MoS2 mo\u017ce by\u0107 stosowany jako dodatek do ... Read moreEVIL DROBNY DWUSIARCZEK MOLIBDENU DODATEK DO OLEJU 10g","og_url":"https:\/\/admincentral.selleetools.com\/pl\/product\/evil-drobny-dwusiarczek-molibdenu-dodatek-do-oleju-10g\/","og_site_name":"Selleetools.com","article_modified_time":"2025-11-20T11:21:59+00:00","og_image":[{"width":2000,"height":2000,"url":"https:\/\/selleetools.com\/wp-content\/uploads\/2024\/04\/dwusiarczeknowy-10.jpg","type":"image\/jpeg"}],"twitter_card":"summary_large_image","twitter_misc":{"Est. reading time":"2 minuty"},"schema":{"@context":"https:\/\/schema.org","@graph":[{"@type":"Organization","@id":"https:\/\/selleetools.com\/#organization","name":"Selleetools","url":"https:\/\/selleetools.com\/","sameAs":[],"logo":{"@type":"ImageObject","inLanguage":"pl-PL","@id":"https:\/\/selleetools.com\/#\/schema\/logo\/image\/","url":"https:\/\/selleetools.com\/wp-content\/uploads\/2021\/10\/logo-dark.png","contentUrl":"https:\/\/selleetools.com\/wp-content\/uploads\/2021\/10\/logo-dark.png","width":320,"height":76,"caption":"Selleetools"},"image":{"@id":"https:\/\/selleetools.com\/#\/schema\/logo\/image\/"}},{"@type":"WebSite","@id":"https:\/\/selleetools.com\/#website","url":"https:\/\/selleetools.com\/","name":"Selleetools.com","description":"","publisher":{"@id":"https:\/\/selleetools.com\/#organization"},"potentialAction":[{"@type":"SearchAction","target":{"@type":"EntryPoint","urlTemplate":"https:\/\/selleetools.com\/?s={search_term_string}"},"query-input":"required name=search_term_string"}],"inLanguage":"pl-PL"},{"@type":"WebPage","@id":"https:\/\/admincentral.selleetools.com\/pl\/product\/evil-drobny-dwusiarczek-molibdenu-dodatek-do-oleju-10g\/","url":"https:\/\/admincentral.selleetools.com\/pl\/product\/evil-drobny-dwusiarczek-molibdenu-dodatek-do-oleju-10g\/","name":"EVIL DROBNY DWUSIARCZEK MOLIBDENU DODATEK DO OLEJU 10g - Selleetools.com","isPartOf":{"@id":"https:\/\/selleetools.com\/#website"},"datePublished":"2024-04-10T13:07:13+00:00","dateModified":"2025-11-20T11:21:59+00:00","breadcrumb":{"@id":"https:\/\/admincentral.selleetools.com\/pl\/product\/evil-drobny-dwusiarczek-molibdenu-dodatek-do-oleju-10g\/#breadcrumb"},"inLanguage":"pl-PL","potentialAction":[{"@type":"ReadAction","target":["https:\/\/admincentral.selleetools.com\/pl\/product\/evil-drobny-dwusiarczek-molibdenu-dodatek-do-oleju-10g\/"]}]},{"@type":"BreadcrumbList","@id":"https:\/\/admincentral.selleetools.com\/pl\/product\/evil-drobny-dwusiarczek-molibdenu-dodatek-do-oleju-10g\/#breadcrumb","itemListElement":[{"@type":"ListItem","position":1,"name":"Home","item":"https:\/\/selleetools.com\/pl\/"},{"@type":"ListItem","position":2,"name":"Katalog","item":"https:\/\/selleetools.com\/pl\/katalog\/"},{"@type":"ListItem","position":3,"name":"EVIL DROBNY DWUSIARCZEK MOLIBDENU DODATEK DO OLEJU 10g"}]}]}},"_links":{"self":[{"href":"https:\/\/admincentral.selleetools.com\/pl\/wp-json\/wp\/v2\/product\/320136"}],"collection":[{"href":"https:\/\/admincentral.selleetools.com\/pl\/wp-json\/wp\/v2\/product"}],"about":[{"href":"https:\/\/admincentral.selleetools.com\/pl\/wp-json\/wp\/v2\/types\/product"}],"replies":[{"embeddable":true,"href":"https:\/\/admincentral.selleetools.com\/pl\/wp-json\/wp\/v2\/comments?post=320136"}],"wp:featuredmedia":[{"embeddable":true,"href":"https:\/\/admincentral.selleetools.com\/pl\/wp-json\/wp\/v2\/media\/320134"}],"wp:attachment":[{"href":"https:\/\/admincentral.selleetools.com\/pl\/wp-json\/wp\/v2\/media?parent=320136"}],"curies":[{"name":"wp","href":"https:\/\/api.w.org\/{rel}","templated":true}]}}