{"id":320142,"date":"2024-04-10T15:07:18","date_gmt":"2024-04-10T13:07:18","guid":{"rendered":"https:\/\/selleetools.com\/?post_type=product&#038;p=320142"},"modified":"2025-12-02T21:06:00","modified_gmt":"2025-12-02T20:06:00","slug":"evil-dwusiarczek-molibdenu-mos2-dodatek-do-smaru-20g","status":"publish","type":"product","link":"https:\/\/admincentral.selleetools.com\/pl\/product\/evil-dwusiarczek-molibdenu-mos2-dodatek-do-smaru-20g\/","title":{"rendered":"EVIL DWUSIARCZEK MOLIBDENU MOS2 DODATEK DO SMARU 20g"},"content":{"rendered":"<div class=\"flex flex-grow flex-col gap-3 max-w-full\">\n<div class=\"min-h-[20px] flex flex-col items-start gap-3 overflow-x-auto whitespace-pre-wrap break-words\">\n<div class=\"markdown prose w-full break-words dark:prose-invert light\">Dwusiarczek molibdenu to nieorganiczny zwi\u0105zek chemiczny. Jest to ciemny, krystaliczny siarczek wyst\u0119puj\u0105cy naturalnie jako minera\u0142 zwany molibdenitem. Jego wygl\u0105d przypomina grafit, ale r\u00f3\u017cni si\u0119 od niego strukturalnie.<\/div>\n<div class=\"markdown prose w-full break-words dark:prose-invert light\">Dwusiarczek molibdenu jest znany ze swoich w\u0142a\u015bciwo\u015bci smarnych, kt\u00f3re wynikaj\u0105 z jego warstwowej struktury. Sk\u0142ada si\u0119 on z warstw atom\u00f3w molibdenu oddzielonych warstwami atom\u00f3w siarki. Wi\u0105zania mi\u0119dzy atomami molibdenu s\u0105 silne, ale mi\u0119dzy atomami siarki w r\u00f3\u017cnych warstwach s\u0105 s\u0142abe, co sprawia, \u017ce cz\u0105steczki mog\u0105 \u0142atwo przesuwa\u0107 si\u0119 wzgl\u0119dem siebie.Jest to r\u00f3wnie\u017c sk\u0142adnik wielu olej\u00f3w i smar\u00f3w, poniewa\u017c smary z dodatkiem dwusiarczku molibdenu utrzymuj\u0105 skuteczno\u015b\u0107 smarowania nawet w przypadku utraty prawie ca\u0142ego oleju.<\/div>\n<div class=\"markdown prose w-full break-words dark:prose-invert light\">Dlatego znajduj\u0105 one zastosowanie w krytycznych zastosowaniach, takich jak silniki lotnicze. Ponadto, po dodaniu do tworzyw sztucznych, dwusiarczek molibdenu poprawia wytrzyma\u0142o\u015b\u0107 i zmniejsza tarcie. Stosuje si\u0119 go tak\u017ce w silnikach dwusuwowych, na przyk\u0142ad w motocyklach.<\/div>\n<div class=\"markdown prose w-full break-words dark:prose-invert light\">W przemy\u015ble petrochemicznym syntetyczny dwusiarczek molibdenu jest wykorzystywany jako katalizator do usuwania siarki z paliw w procesie zw\u0142aszcza hydroodsiarczania. Aby zwi\u0119kszy\u0107 efektywno\u015b\u0107 tego katalizatora, dodaje si\u0119 niewielkie ilo\u015bci kobaltu lub niklu oraz bazuj\u0105cych na tlenku glinu mieszanin katalizuj\u0105cych.<\/div>\n<div class=\"markdown prose w-full break-words dark:prose-invert light\">\n<p>\u00a0<\/p>\n<p>Zasady stosowania:<\/p>\n<p>MoS2 jest to proszek do zrobienia zawiesiny i dodania do oleju<\/p>\n<p>najlepiej proszek rozprowadzi\u0107 w oleju (dodac do nowej butelki i zamiesza\u0107, a potem wla\u0107 do silnika)<\/p>\n<p>do silnika \u015brednio 2-5g\/ 1 litr oleju,<\/p>\n<p>do skrzyni 10g -20g \/ 1 litr<\/p>\n<\/div>\n<\/div>\n<\/div>\n<p>Dwusiarczek molibdenu to nieorganiczny zwi\u0105zek chemiczny. Jest to ciemny, krystaliczny siarczek wyst\u0119puj\u0105cy naturalnie jako minera\u0142 zwany molibdenitem. Jego wygl\u0105d przypomina grafit, ale r\u00f3\u017cni si\u0119 od niego strukturalnie.<\/p>\n","protected":false},"excerpt":{"rendered":"<p>Dwusiarczek molibdenu to nieorganiczny zwi\u0105zek chemiczny. Jest to ciemny, krystaliczny siarczek wyst\u0119puj\u0105cy naturalnie jako minera\u0142 zwany molibdenitem. Jego wygl\u0105d przypomina grafit, ale r\u00f3\u017cni si\u0119 od niego strukturalnie. Dwusiarczek molibdenu jest znany ze swoich w\u0142a\u015bciwo\u015bci smarnych, kt\u00f3re wynikaj\u0105 z jego warstwowej struktury. Sk\u0142ada si\u0119 on z warstw atom\u00f3w molibdenu oddzielonych warstwami atom\u00f3w siarki. Wi\u0105zania mi\u0119dzy atomami &#8230; <a title=\"EVIL DWUSIARCZEK MOLIBDENU MOS2 DODATEK DO SMARU 20g\" class=\"read-more\" href=\"https:\/\/admincentral.selleetools.com\/pl\/product\/evil-dwusiarczek-molibdenu-mos2-dodatek-do-smaru-20g\/\">Read more<span class=\"screen-reader-text\">EVIL DWUSIARCZEK MOLIBDENU MOS2 DODATEK DO SMARU 20g<\/span><\/a><\/p>\n","protected":false},"featured_media":320140,"comment_status":"open","ping_status":"closed","template":"","meta":{"_links_to":"","_links_to_target":""},"yoast_head":"<!-- This site is optimized with the Yoast SEO plugin v19.4 - https:\/\/yoast.com\/wordpress\/plugins\/seo\/ -->\n<title>EVIL DWUSIARCZEK MOLIBDENU MOS2 DODATEK DO SMARU 20g - Selleetools.com<\/title>\n<meta name=\"robots\" content=\"index, follow, max-snippet:-1, max-image-preview:large, max-video-preview:-1\" \/>\n<link rel=\"canonical\" href=\"https:\/\/admincentral.selleetools.com\/pl\/product\/evil-dwusiarczek-molibdenu-mos2-dodatek-do-smaru-20g\/\" \/>\n<meta property=\"og:locale\" content=\"pl_PL\" \/>\n<meta property=\"og:type\" content=\"article\" \/>\n<meta property=\"og:title\" content=\"EVIL DWUSIARCZEK MOLIBDENU MOS2 DODATEK DO SMARU 20g - Selleetools.com\" \/>\n<meta property=\"og:description\" content=\"Dwusiarczek molibdenu to nieorganiczny zwi\u0105zek chemiczny. Jest to ciemny, krystaliczny siarczek wyst\u0119puj\u0105cy naturalnie jako minera\u0142 zwany molibdenitem. Jego wygl\u0105d przypomina grafit, ale r\u00f3\u017cni si\u0119 od niego strukturalnie. Dwusiarczek molibdenu jest znany ze swoich w\u0142a\u015bciwo\u015bci smarnych, kt\u00f3re wynikaj\u0105 z jego warstwowej struktury. Sk\u0142ada si\u0119 on z warstw atom\u00f3w molibdenu oddzielonych warstwami atom\u00f3w siarki. Wi\u0105zania mi\u0119dzy atomami ... Read moreEVIL DWUSIARCZEK MOLIBDENU MOS2 DODATEK DO SMARU 20g\" \/>\n<meta property=\"og:url\" content=\"https:\/\/admincentral.selleetools.com\/pl\/product\/evil-dwusiarczek-molibdenu-mos2-dodatek-do-smaru-20g\/\" \/>\n<meta property=\"og:site_name\" content=\"Selleetools.com\" \/>\n<meta property=\"article:modified_time\" content=\"2025-12-02T20:06:00+00:00\" \/>\n<meta property=\"og:image\" content=\"https:\/\/selleetools.com\/wp-content\/uploads\/2024\/04\/dwusiarczek-20.jpg\" \/>\n\t<meta property=\"og:image:width\" content=\"2000\" \/>\n\t<meta property=\"og:image:height\" content=\"2000\" \/>\n\t<meta property=\"og:image:type\" content=\"image\/jpeg\" \/>\n<meta name=\"twitter:card\" content=\"summary_large_image\" \/>\n<meta name=\"twitter:label1\" content=\"Est. reading time\" \/>\n\t<meta name=\"twitter:data1\" content=\"1 minuta\" \/>\n<!-- \/ Yoast SEO plugin. -->","yoast_head_json":{"title":"EVIL DWUSIARCZEK MOLIBDENU MOS2 DODATEK DO SMARU 20g - Selleetools.com","robots":{"index":"index","follow":"follow","max-snippet":"max-snippet:-1","max-image-preview":"max-image-preview:large","max-video-preview":"max-video-preview:-1"},"canonical":"https:\/\/admincentral.selleetools.com\/pl\/product\/evil-dwusiarczek-molibdenu-mos2-dodatek-do-smaru-20g\/","og_locale":"pl_PL","og_type":"article","og_title":"EVIL DWUSIARCZEK MOLIBDENU MOS2 DODATEK DO SMARU 20g - Selleetools.com","og_description":"Dwusiarczek molibdenu to nieorganiczny zwi\u0105zek chemiczny. Jest to ciemny, krystaliczny siarczek wyst\u0119puj\u0105cy naturalnie jako minera\u0142 zwany molibdenitem. Jego wygl\u0105d przypomina grafit, ale r\u00f3\u017cni si\u0119 od niego strukturalnie. Dwusiarczek molibdenu jest znany ze swoich w\u0142a\u015bciwo\u015bci smarnych, kt\u00f3re wynikaj\u0105 z jego warstwowej struktury. Sk\u0142ada si\u0119 on z warstw atom\u00f3w molibdenu oddzielonych warstwami atom\u00f3w siarki. Wi\u0105zania mi\u0119dzy atomami ... Read moreEVIL DWUSIARCZEK MOLIBDENU MOS2 DODATEK DO SMARU 20g","og_url":"https:\/\/admincentral.selleetools.com\/pl\/product\/evil-dwusiarczek-molibdenu-mos2-dodatek-do-smaru-20g\/","og_site_name":"Selleetools.com","article_modified_time":"2025-12-02T20:06:00+00:00","og_image":[{"width":2000,"height":2000,"url":"https:\/\/selleetools.com\/wp-content\/uploads\/2024\/04\/dwusiarczek-20.jpg","type":"image\/jpeg"}],"twitter_card":"summary_large_image","twitter_misc":{"Est. reading time":"1 minuta"},"schema":{"@context":"https:\/\/schema.org","@graph":[{"@type":"Organization","@id":"https:\/\/admincentral.selleetools.com\/pl\/#organization","name":"Selleetools","url":"https:\/\/admincentral.selleetools.com\/pl\/","sameAs":[],"logo":{"@type":"ImageObject","inLanguage":"pl-PL","@id":"https:\/\/admincentral.selleetools.com\/pl\/#\/schema\/logo\/image\/","url":"https:\/\/selleetools.com\/wp-content\/uploads\/2021\/10\/logo-dark.png","contentUrl":"https:\/\/selleetools.com\/wp-content\/uploads\/2021\/10\/logo-dark.png","width":320,"height":76,"caption":"Selleetools"},"image":{"@id":"https:\/\/admincentral.selleetools.com\/pl\/#\/schema\/logo\/image\/"}},{"@type":"WebSite","@id":"https:\/\/admincentral.selleetools.com\/pl\/#website","url":"https:\/\/admincentral.selleetools.com\/pl\/","name":"Selleetools.com","description":"","publisher":{"@id":"https:\/\/admincentral.selleetools.com\/pl\/#organization"},"potentialAction":[{"@type":"SearchAction","target":{"@type":"EntryPoint","urlTemplate":"https:\/\/admincentral.selleetools.com\/pl\/?s={search_term_string}"},"query-input":"required name=search_term_string"}],"inLanguage":"pl-PL"},{"@type":"WebPage","@id":"https:\/\/admincentral.selleetools.com\/pl\/product\/evil-dwusiarczek-molibdenu-mos2-dodatek-do-smaru-20g\/","url":"https:\/\/admincentral.selleetools.com\/pl\/product\/evil-dwusiarczek-molibdenu-mos2-dodatek-do-smaru-20g\/","name":"EVIL DWUSIARCZEK MOLIBDENU MOS2 DODATEK DO SMARU 20g - Selleetools.com","isPartOf":{"@id":"https:\/\/admincentral.selleetools.com\/pl\/#website"},"datePublished":"2024-04-10T13:07:18+00:00","dateModified":"2025-12-02T20:06:00+00:00","breadcrumb":{"@id":"https:\/\/admincentral.selleetools.com\/pl\/product\/evil-dwusiarczek-molibdenu-mos2-dodatek-do-smaru-20g\/#breadcrumb"},"inLanguage":"pl-PL","potentialAction":[{"@type":"ReadAction","target":["https:\/\/admincentral.selleetools.com\/pl\/product\/evil-dwusiarczek-molibdenu-mos2-dodatek-do-smaru-20g\/"]}]},{"@type":"BreadcrumbList","@id":"https:\/\/admincentral.selleetools.com\/pl\/product\/evil-dwusiarczek-molibdenu-mos2-dodatek-do-smaru-20g\/#breadcrumb","itemListElement":[{"@type":"ListItem","position":1,"name":"Home","item":"https:\/\/admincentral.selleetools.com\/pl\/"},{"@type":"ListItem","position":2,"name":"Katalog","item":"https:\/\/selleetools.com\/pl\/katalog\/"},{"@type":"ListItem","position":3,"name":"EVIL DWUSIARCZEK MOLIBDENU MOS2 DODATEK DO SMARU 20g"}]}]}},"_links":{"self":[{"href":"https:\/\/admincentral.selleetools.com\/pl\/wp-json\/wp\/v2\/product\/320142"}],"collection":[{"href":"https:\/\/admincentral.selleetools.com\/pl\/wp-json\/wp\/v2\/product"}],"about":[{"href":"https:\/\/admincentral.selleetools.com\/pl\/wp-json\/wp\/v2\/types\/product"}],"replies":[{"embeddable":true,"href":"https:\/\/admincentral.selleetools.com\/pl\/wp-json\/wp\/v2\/comments?post=320142"}],"wp:featuredmedia":[{"embeddable":true,"href":"https:\/\/admincentral.selleetools.com\/pl\/wp-json\/wp\/v2\/media\/320140"}],"wp:attachment":[{"href":"https:\/\/admincentral.selleetools.com\/pl\/wp-json\/wp\/v2\/media?parent=320142"}],"curies":[{"name":"wp","href":"https:\/\/api.w.org\/{rel}","templated":true}]}}