{"id":320151,"date":"2024-04-10T15:07:26","date_gmt":"2024-04-10T13:07:26","guid":{"rendered":"https:\/\/selleetools.com\/?post_type=product&#038;p=320151"},"modified":"2025-11-20T12:21:59","modified_gmt":"2025-11-20T11:21:59","slug":"evil-grafiten-grease-czarny-polplynny-smar-60ml","status":"publish","type":"product","link":"https:\/\/admincentral.selleetools.com\/pl\/product\/evil-grafiten-grease-czarny-polplynny-smar-60ml\/","title":{"rendered":"EVIL GRAFITEN GREASE CZARNY P\u00d3\u0141P\u0141YNNY SMAR 60ml"},"content":{"rendered":"<p>EVIL GRAFITEN to wyj\u0105tkowy p\u00f3\u0142p\u0142ynny smar o konsystencji NLGI-00, stworzony do efektywnego smarowania przek\u0142adni o du\u017cych obci\u0105\u017ceniach. Jest idealny zar\u00f3wno dla ma\u0142ych elektronarz\u0119dzi, jak i du\u017cych maszyn przemys\u0142owych wykorzystywanych w produkcji drewna, przemy\u015ble wydobywczym, wyt\u0142aczarkach, sprz\u0119cie budowlanym, prowadnicach liniowych oraz urz\u0105dzeniach laserowych.<\/p>\n<p>Smar GRAFITEN opiera si\u0119 na oleju mineralnym, a jego unikalno\u015b\u0107 wynika z zawarto\u015bci grafitu oraz r\u00f3\u017cnych dodatk\u00f3w. Zwi\u0105zki grafitowe poprawiaj\u0105 przyczepno\u015b\u0107 smaru, zapewniaj\u0105 ochron\u0119 przed zu\u017cyciem oraz skutecznie chroni\u0105 przed korozj\u0105 i zjawiskiem frettingu, kt\u00f3re wyst\u0119puje przy du\u017cych pr\u0119dko\u015bciach ruchu metal\/metal.<\/p>\n<p>Ponadto, smar zawiera dodatki adhezyjne i EP (Extreme Pressure), kt\u00f3re zapobiegaj\u0105 zu\u017cyciu wynikaj\u0105cemu z tarcia ciernego i drga\u0144 na styku metalowych powierzchni. Dzi\u0119ki swojej p\u0142ynno\u015bci, Smar GRAFITEN 00 nie jest \u0142atwo zmywany z smarowanych element\u00f3w, nawet podczas pracy pod du\u017cym naciskiem.<\/p>\n<p>Niezwykle wysoka odporno\u015b\u0107 na d\u0142ugotrwa\u0142e ugniatanie sprawia, \u017ce smar ten nie traci swoich w\u0142a\u015bciwo\u015bci, nawet podczas d\u0142ugotrwa\u0142ego u\u017cytkowania, co przek\u0142ada si\u0119 na doskona\u0142e w\u0142a\u015bciwo\u015bci uszczelniaj\u0105ce. Smar GRAFITEN jest niezwykle wydajny i skutecznie chroni przek\u0142adnie oraz inne metalowe cz\u0119\u015bci przed zu\u017cyciem, co przyczynia si\u0119 do wyd\u0142u\u017cenia ich \u017cywotno\u015bci i zapewnia niezawodno\u015b\u0107 w wymagaj\u0105cych warunkach pracy.<\/p>\n<p><u>Spos\u00f3b nak\u0142adania<\/u>: oczy\u015bci\u0107 powierzchnie, kt\u00f3re mamy smarowa\u0107. Smarowa\u0107 przy u\u017cyciu p\u0119dzla, smarownicy r\u0119cznej lub automatycznego systemu smarowania. Nie miesza\u0107 z innymi\u00a0smarami.<\/p>\n<p>Podstawowe dane produktu GRAFITEN<\/p>\n<table width=\"631\">\n<tbody>\n<tr>\n<td width=\"137\">Norma<\/td>\n<td width=\"272\">Tre\u015b\u0107<\/td>\n<td width=\"123\">Jednostka<\/td>\n<td width=\"99\">wynik<\/td>\n<\/tr>\n<tr>\n<td>\u00a0CTM 0176B<\/td>\n<td width=\"272\">Kolor<\/td>\n<td colspan=\"2\" width=\"222\">Szaro-\u00a0czarny<\/td>\n<\/tr>\n<tr>\n<td colspan=\"4\" width=\"631\">Sk\u0142ad: olej mineralny jako bazowy, dodatki smarne grafitowe, inhibitory korozji, dodatki EP i \u015brodki zwi\u0119kszaj\u0105ce przyczepno\u015b\u0107<\/td>\n<\/tr>\n<tr>\n<td>ISO 2811<\/td>\n<td width=\"272\">G\u0119sto\u015b\u0107 w 20 \u00b0C:<\/td>\n<td width=\"123\">g\/ml<\/td>\n<td width=\"99\">0.95<\/td>\n<\/tr>\n<tr>\n<td>DIN 51 818<\/td>\n<td width=\"272\">Klasa konsystencji, NLGI<\/td>\n<td width=\"123\"><\/td>\n<td width=\"99\">00<\/td>\n<\/tr>\n<tr>\n<td>ISO 2137<\/td>\n<td width=\"272\">Penetracja<\/td>\n<td width=\"123\">mm\/10<\/td>\n<td width=\"99\">430<\/td>\n<\/tr>\n<tr>\n<td><\/td>\n<td width=\"272\">Temperatura pracy<\/td>\n<td width=\"123\">\u00ba C<\/td>\n<td width=\"99\">-35 do +110<\/td>\n<\/tr>\n<tr>\n<td>ISO 2176<\/td>\n<td width=\"272\">Temperatura topnienia<\/td>\n<td width=\"123\">\u00ba C<\/td>\n<td width=\"99\">200<\/td>\n<\/tr>\n<tr>\n<td>DIN 51 350 T.4<\/td>\n<td width=\"272\">Four-ball testerFour-ball tester<\/td>\n<td width=\"123\">N<\/td>\n<td width=\"99\">3500<\/td>\n<\/tr>\n<tr>\n<td>DIN 51 350 T.5<\/td>\n<td width=\"272\">Four-ball testerblizna Wear pod obci\u0105\u017ceniem 800N<\/td>\n<td width=\"123\">mm<\/td>\n<td width=\"99\">0,85<\/td>\n<\/tr>\n<tr>\n<td><\/td>\n<td width=\"272\">Almen-Wieland maszynaOK obci\u0105\u017cenie<\/td>\n<td width=\"123\">N<\/td>\n<td width=\"99\">12500<\/td>\n<\/tr>\n<\/tbody>\n<\/table>\n<p><u>Trwa\u0142o\u015b\u0107 i przechowywanie:<\/u> w przypadku przechowywania w temperaturze nieprzekraczaj\u0105cej 20 \u00b0 C w oryginalnych zamkni\u0119tych pojemnikach, smar GRAFITEN 00 ma trwa\u0142o\u015b\u0107 do 5 lat \u00a0od daty produkcji.<\/p>\n<p>EVIL GRAFITEN to wyj\u0105tkowy p\u00f3\u0142p\u0142ynny smar o konsystencji NLGI-00, stworzony do efektywnego smarowania przek\u0142adni o du\u017cych obci\u0105\u017ceniach. Jest idealny zar\u00f3wno dla ma\u0142ych elektronarz\u0119dzi, jak i du\u017cych maszyn przemys\u0142owych wykorzystywanych w produkcji drewna, przemy\u015ble wydobywczym, wyt\u0142aczarkach, sprz\u0119cie budowlanym, prowadnicach liniowych oraz urz\u0105dzeniach laserowych.<\/p>\n","protected":false},"excerpt":{"rendered":"<p>EVIL GRAFITEN to wyj\u0105tkowy p\u00f3\u0142p\u0142ynny smar o konsystencji NLGI-00, stworzony do efektywnego smarowania przek\u0142adni o du\u017cych obci\u0105\u017ceniach. Jest idealny zar\u00f3wno dla ma\u0142ych elektronarz\u0119dzi, jak i du\u017cych maszyn przemys\u0142owych wykorzystywanych w produkcji drewna, przemy\u015ble wydobywczym, wyt\u0142aczarkach, sprz\u0119cie budowlanym, prowadnicach liniowych oraz urz\u0105dzeniach laserowych. Smar GRAFITEN opiera si\u0119 na oleju mineralnym, a jego unikalno\u015b\u0107 wynika z zawarto\u015bci &#8230; <a title=\"EVIL GRAFITEN GREASE CZARNY P\u00d3\u0141P\u0141YNNY SMAR 60ml\" class=\"read-more\" href=\"https:\/\/admincentral.selleetools.com\/pl\/product\/evil-grafiten-grease-czarny-polplynny-smar-60ml\/\">Read more<span class=\"screen-reader-text\">EVIL GRAFITEN GREASE CZARNY P\u00d3\u0141P\u0141YNNY SMAR 60ml<\/span><\/a><\/p>\n","protected":false},"featured_media":320149,"comment_status":"open","ping_status":"closed","template":"","meta":{"_links_to":"","_links_to_target":""},"yoast_head":"<!-- This site is optimized with the Yoast SEO plugin v19.4 - https:\/\/yoast.com\/wordpress\/plugins\/seo\/ -->\n<title>EVIL GRAFITEN GREASE CZARNY P\u00d3\u0141P\u0141YNNY SMAR 60ml - Selleetools.com<\/title>\n<meta name=\"robots\" content=\"index, follow, max-snippet:-1, max-image-preview:large, max-video-preview:-1\" \/>\n<link rel=\"canonical\" href=\"https:\/\/admincentral.selleetools.com\/pl\/product\/evil-grafiten-grease-czarny-polplynny-smar-60ml\/\" \/>\n<meta property=\"og:locale\" content=\"pl_PL\" \/>\n<meta property=\"og:type\" content=\"article\" \/>\n<meta property=\"og:title\" content=\"EVIL GRAFITEN GREASE CZARNY P\u00d3\u0141P\u0141YNNY SMAR 60ml - Selleetools.com\" \/>\n<meta property=\"og:description\" content=\"EVIL GRAFITEN to wyj\u0105tkowy p\u00f3\u0142p\u0142ynny smar o konsystencji NLGI-00, stworzony do efektywnego smarowania przek\u0142adni o du\u017cych obci\u0105\u017ceniach. Jest idealny zar\u00f3wno dla ma\u0142ych elektronarz\u0119dzi, jak i du\u017cych maszyn przemys\u0142owych wykorzystywanych w produkcji drewna, przemy\u015ble wydobywczym, wyt\u0142aczarkach, sprz\u0119cie budowlanym, prowadnicach liniowych oraz urz\u0105dzeniach laserowych. Smar GRAFITEN opiera si\u0119 na oleju mineralnym, a jego unikalno\u015b\u0107 wynika z zawarto\u015bci ... Read moreEVIL GRAFITEN GREASE CZARNY P\u00d3\u0141P\u0141YNNY SMAR 60ml\" \/>\n<meta property=\"og:url\" content=\"https:\/\/admincentral.selleetools.com\/pl\/product\/evil-grafiten-grease-czarny-polplynny-smar-60ml\/\" \/>\n<meta property=\"og:site_name\" content=\"Selleetools.com\" \/>\n<meta property=\"article:modified_time\" content=\"2025-11-20T11:21:59+00:00\" \/>\n<meta property=\"og:image\" content=\"https:\/\/selleetools.com\/wp-content\/uploads\/2024\/04\/grafiten60.jpg\" \/>\n\t<meta property=\"og:image:width\" content=\"2000\" \/>\n\t<meta property=\"og:image:height\" content=\"2000\" \/>\n\t<meta property=\"og:image:type\" content=\"image\/jpeg\" \/>\n<meta name=\"twitter:card\" content=\"summary_large_image\" \/>\n<meta name=\"twitter:label1\" content=\"Est. reading time\" \/>\n\t<meta name=\"twitter:data1\" content=\"2 minuty\" \/>\n<!-- \/ Yoast SEO plugin. -->","yoast_head_json":{"title":"EVIL GRAFITEN GREASE CZARNY P\u00d3\u0141P\u0141YNNY SMAR 60ml - Selleetools.com","robots":{"index":"index","follow":"follow","max-snippet":"max-snippet:-1","max-image-preview":"max-image-preview:large","max-video-preview":"max-video-preview:-1"},"canonical":"https:\/\/admincentral.selleetools.com\/pl\/product\/evil-grafiten-grease-czarny-polplynny-smar-60ml\/","og_locale":"pl_PL","og_type":"article","og_title":"EVIL GRAFITEN GREASE CZARNY P\u00d3\u0141P\u0141YNNY SMAR 60ml - Selleetools.com","og_description":"EVIL GRAFITEN to wyj\u0105tkowy p\u00f3\u0142p\u0142ynny smar o konsystencji NLGI-00, stworzony do efektywnego smarowania przek\u0142adni o du\u017cych obci\u0105\u017ceniach. Jest idealny zar\u00f3wno dla ma\u0142ych elektronarz\u0119dzi, jak i du\u017cych maszyn przemys\u0142owych wykorzystywanych w produkcji drewna, przemy\u015ble wydobywczym, wyt\u0142aczarkach, sprz\u0119cie budowlanym, prowadnicach liniowych oraz urz\u0105dzeniach laserowych. Smar GRAFITEN opiera si\u0119 na oleju mineralnym, a jego unikalno\u015b\u0107 wynika z zawarto\u015bci ... Read moreEVIL GRAFITEN GREASE CZARNY P\u00d3\u0141P\u0141YNNY SMAR 60ml","og_url":"https:\/\/admincentral.selleetools.com\/pl\/product\/evil-grafiten-grease-czarny-polplynny-smar-60ml\/","og_site_name":"Selleetools.com","article_modified_time":"2025-11-20T11:21:59+00:00","og_image":[{"width":2000,"height":2000,"url":"https:\/\/selleetools.com\/wp-content\/uploads\/2024\/04\/grafiten60.jpg","type":"image\/jpeg"}],"twitter_card":"summary_large_image","twitter_misc":{"Est. reading time":"2 minuty"},"schema":{"@context":"https:\/\/schema.org","@graph":[{"@type":"Organization","@id":"https:\/\/admincentral.selleetools.com\/pl\/#organization","name":"Selleetools","url":"https:\/\/admincentral.selleetools.com\/pl\/","sameAs":[],"logo":{"@type":"ImageObject","inLanguage":"pl-PL","@id":"https:\/\/admincentral.selleetools.com\/pl\/#\/schema\/logo\/image\/","url":"https:\/\/selleetools.com\/wp-content\/uploads\/2021\/10\/logo-dark.png","contentUrl":"https:\/\/selleetools.com\/wp-content\/uploads\/2021\/10\/logo-dark.png","width":320,"height":76,"caption":"Selleetools"},"image":{"@id":"https:\/\/admincentral.selleetools.com\/pl\/#\/schema\/logo\/image\/"}},{"@type":"WebSite","@id":"https:\/\/admincentral.selleetools.com\/pl\/#website","url":"https:\/\/admincentral.selleetools.com\/pl\/","name":"Selleetools.com","description":"","publisher":{"@id":"https:\/\/admincentral.selleetools.com\/pl\/#organization"},"potentialAction":[{"@type":"SearchAction","target":{"@type":"EntryPoint","urlTemplate":"https:\/\/admincentral.selleetools.com\/pl\/?s={search_term_string}"},"query-input":"required name=search_term_string"}],"inLanguage":"pl-PL"},{"@type":"WebPage","@id":"https:\/\/admincentral.selleetools.com\/pl\/product\/evil-grafiten-grease-czarny-polplynny-smar-60ml\/","url":"https:\/\/admincentral.selleetools.com\/pl\/product\/evil-grafiten-grease-czarny-polplynny-smar-60ml\/","name":"EVIL GRAFITEN GREASE CZARNY P\u00d3\u0141P\u0141YNNY SMAR 60ml - Selleetools.com","isPartOf":{"@id":"https:\/\/admincentral.selleetools.com\/pl\/#website"},"datePublished":"2024-04-10T13:07:26+00:00","dateModified":"2025-11-20T11:21:59+00:00","breadcrumb":{"@id":"https:\/\/admincentral.selleetools.com\/pl\/product\/evil-grafiten-grease-czarny-polplynny-smar-60ml\/#breadcrumb"},"inLanguage":"pl-PL","potentialAction":[{"@type":"ReadAction","target":["https:\/\/admincentral.selleetools.com\/pl\/product\/evil-grafiten-grease-czarny-polplynny-smar-60ml\/"]}]},{"@type":"BreadcrumbList","@id":"https:\/\/admincentral.selleetools.com\/pl\/product\/evil-grafiten-grease-czarny-polplynny-smar-60ml\/#breadcrumb","itemListElement":[{"@type":"ListItem","position":1,"name":"Home","item":"https:\/\/admincentral.selleetools.com\/pl\/"},{"@type":"ListItem","position":2,"name":"Katalog","item":"https:\/\/selleetools.com\/pl\/katalog\/"},{"@type":"ListItem","position":3,"name":"EVIL GRAFITEN GREASE CZARNY P\u00d3\u0141P\u0141YNNY SMAR 60ml"}]}]}},"_links":{"self":[{"href":"https:\/\/admincentral.selleetools.com\/pl\/wp-json\/wp\/v2\/product\/320151"}],"collection":[{"href":"https:\/\/admincentral.selleetools.com\/pl\/wp-json\/wp\/v2\/product"}],"about":[{"href":"https:\/\/admincentral.selleetools.com\/pl\/wp-json\/wp\/v2\/types\/product"}],"replies":[{"embeddable":true,"href":"https:\/\/admincentral.selleetools.com\/pl\/wp-json\/wp\/v2\/comments?post=320151"}],"wp:featuredmedia":[{"embeddable":true,"href":"https:\/\/admincentral.selleetools.com\/pl\/wp-json\/wp\/v2\/media\/320149"}],"wp:attachment":[{"href":"https:\/\/admincentral.selleetools.com\/pl\/wp-json\/wp\/v2\/media?parent=320151"}],"curies":[{"name":"wp","href":"https:\/\/api.w.org\/{rel}","templated":true}]}}