{"id":320166,"date":"2024-04-10T15:07:40","date_gmt":"2024-04-10T13:07:40","guid":{"rendered":"https:\/\/selleetools.com\/?post_type=product&#038;p=320166"},"modified":"2025-11-20T12:21:59","modified_gmt":"2025-11-20T11:21:59","slug":"evil-dielectric-grease-smar-dielektryczny-60ml","status":"publish","type":"product","link":"https:\/\/admincentral.selleetools.com\/pl\/product\/evil-dielectric-grease-smar-dielektryczny-60ml\/","title":{"rendered":"EVIL DIELECTRIC GREASE SMAR DIELEKTRYCZNY 60ml"},"content":{"rendered":"<div class=\"flex flex-grow flex-col gap-3 max-w-full\">\n<div class=\"min-h-[20px] flex flex-col items-start gap-3 overflow-x-auto whitespace-pre-wrap break-words\">\n<div class=\"markdown prose w-full break-words dark:prose-invert light\">\n<p>Smar dielektryczny, jak sama nazwa wskazuje, jest izoluj\u0105cy elektrycznie i nie ulega uszkodzeniom przy dzia\u0142aniu nawet wysokiego napi\u0119cia. To wa\u017cne odr\u00f3\u017cnienie od smar\u00f3w odpornych na \u0142uk elektryczny, kt\u00f3re musz\u0105 by\u0107 wykonane z substancji, kt\u00f3re nie zmieniaj\u0105 si\u0119 w bardzo wysokich temperaturach. Na przyk\u0142ad smar na bazie silikonu, taki jak EVIL DIELECTRIC, nie spe\u0142nia tego warunku, poniewa\u017c silikon mo\u017ce przekszta\u0142ci\u0107 si\u0119 w krzemowy w\u0119giel podczas wyst\u0105pienia \u0142uku elektrycznego, co mo\u017ce prowadzi\u0107 do wczesnych uszkodze\u0144 styk\u00f3w.<\/p>\n<p>Smar dielektryczny jest szeroko stosowany w po\u0142\u0105czeniach wysokonapi\u0119ciowych, takich jak te zwi\u0105zane z zap\u0142onem silnika benzynowego, przewodami i armaturami, na przyk\u0142ad gumowym wtykiem przewodu wtykowego.<\/p>\n<p>Jest to mieszanka oparta na silikonie, zalecana do stosowania mi\u0119dzy metalowymi\/gumowymi, gumowymi\/tworzywami sztucznymi, metalowymi\/plastikowymi cz\u0119\u015bciami. Charakteryzuje si\u0119 odporno\u015bci\u0105 na utlenianie, co przek\u0142ada si\u0119 na d\u0142ugotrwa\u0142o\u015b\u0107 smaru. Sk\u0142adniki smaru pozwalaj\u0105 na skuteczn\u0105 ochron\u0119 element\u00f3w przed przepaleniem w temperaturach od -55 \u00b0C do +200 \u00b0C i s\u0105 odporne chemicznie na wi\u0119kszo\u015b\u0107 metali, materia\u0142\u00f3w organicznych i polimer\u00f3w. Dodatkowo, smar ten cechuje si\u0119 dobr\u0105 przyczepno\u015bci\u0105 do powierzchni i nie reaguje z substancjami takimi jak oleje mineralne czy r\u00f3\u017cne zwi\u0105zki chemiczne, w tym rozcie\u0144czone kwasy i zasady. To sprawia, \u017ce jest idealny do zabezpieczania element\u00f3w przed korozj\u0105.<\/p>\n<p>Opr\u00f3cz izolacji elektrycznej, smar dielektryczny EVIL\u00a0 jest tak\u017ce u\u017cywany jako uszczelniaj\u0105cy \u015brodek w z\u0142\u0105czach kablowych, akumulatorach, elementach gumowych i metalowych. W rzeczywisto\u015bci, nie jest \u0142atwo rozr\u00f3\u017cni\u0107, czy smar pe\u0142ni rol\u0119 \u015brodka smarnego czy uszczelniaj\u0105cego, poniewa\u017c skutecznie spe\u0142nia obie te funkcje. Jego zdolno\u015b\u0107 do wsp\u00f3\u0142pracy z gum\u0105 oraz w\u0142a\u015bciwo\u015bci elektryczne i uszczelniaj\u0105ce sprawiaj\u0105, \u017ce jest idealnym wyborem do regeneracji i ochrony przewod\u00f3w wysokonapi\u0119ciowych w r\u00f3\u017cnych bran\u017cach, w tym w samochodach i urz\u0105dzeniach u\u017cywaj\u0105cych tego rodzaju przewod\u00f3w. Smar tworzy cienk\u0105 izolacyjn\u0105 warstw\u0119 na przewodach, kt\u00f3ra jest odporna na wod\u0119 i wilgo\u0107, a jednocze\u015bnie nie przyci\u0105ga kurzu i brudu, kt\u00f3re mog\u0105 by\u0107 szkodliwe dla izolacji. Smar dielektryczny EVIL chroni przed korozj\u0105, \u015bniedzieniem oraz przewodnictwem iskry elektrycznej, zapewniaj\u0105c bezpieczne dzia\u0142anie w wilgotnych warunkach.<\/p>\n<p>Smar ten ma konsystencj\u0119 typow\u0105 dla smar\u00f3w o indeksie NLGI 2. Przed jego u\u017cyciem nale\u017cy dok\u0142adnie oczy\u015bci\u0107 powierzchni\u0119 z zabrudze\u0144, t\u0142uszczu lub silikonu. Do czyszczenia mo\u017cna u\u017cy\u0107 rozpuszczalnik\u00f3w, detergent\u00f3w lub roztworu wodorotlenku potasu, aby pozby\u0107 si\u0119 silikonu. Nast\u0119pnie smar mo\u017cna na\u0142o\u017cy\u0107 r\u0119cznie, za pomoc\u0105 szpachelki, szmatki, szczotki lub automatycznie. Nie nale\u017cy stosowa\u0107 smaru na powierzchniach, kt\u00f3re maj\u0105 by\u0107 pomalowane.<\/p>\n<\/div>\n<p>Sama nazwa dielektryczny oznacza ,ze smar jest elektrycznie izolowany i nie mo\u017ce ulega\u0107 zniszczeniu w przypadku zastosowania nawet wysokiego napi\u0119cia. Smaru dielektrycznego nie nale\u017cy myli\u0107 ze smarem odpornym na \u0142uk elektryczny, kt\u00f3ry musi by\u0107 z takich zwi\u0105zk\u00f3w kt\u00f3re nie ulegaj\u0105 transformacji podczas bardzo wysokiej temperatury. Smar na bazie silikonowej dielektryczny eLube nie spe\u0142nia tego warunku poniewa\u017c silikon mo\u017ce przekszta\u0142ci\u0107 si\u0119 w w\u0119giel krzemu podczas zjawisk wyst\u0119puj\u0105cych w \u0142uku elektrycznym a ten z kolei mo\u017ce spowodowa\u0107 przedwczesne uszkodzenie styk\u00f3w.<\/p>\n<p>Powszechnie najbardziej popularne s\u0105 zastosowania smaru dielektrycznego do \u00a0po\u0142\u0105cze\u0144 wysokonapi\u0119ciowych zwi\u0105zanych z \u015bwiecami zap\u0142onowymi silnika benzynowego , przewodami i armaturom np. gumowy baga\u017cnik przewodu wtykowego.<\/p>\n<p>Jest to oparta na bazie silikonowej mieszanka zalecana o aplikacji metal\/guma, guma\/tworzywo, metal\/plastik i charakteryzuj\u0105ca si\u0119 odporno\u015bci\u0105 na utlenianie co zapewnia smarowi d\u0142ug\u0105 \u017cywotno\u015b\u0107. Zastosowany w smarze wype\u0142niacz\u00a0 i pozosta\u0142e sk\u0142adniki umo\u017cliwiaj\u0105 efektywn\u0105 prac\u0119 i zabezpieczenie element\u00f3w przed przebiciem w zakresie temperatur od &#8211; 55 \u00b0C do +200 \u00b0C i zapewniaj\u0105 oboj\u0119tno\u015b\u0107 chemiczn\u0105 do wi\u0119kszo\u015bci metali oraz materia\u0142\u00f3w organicznych i polimer\u00f3w. Je\u017celi dodamy do tego wysokie w\u0142a\u015bciwo\u015bci przylegania do powierzchni oraz brak reakcji z takimi materia\u0142ami jak: oleje mineralne, szereg zwi\u0105zk\u00f3w chemicznych, w tym kwas\u00f3w rozcie\u0144czonych , zasad i roztwor\u00f3w wodnych i zabezpieczenie cz\u0119\u015bci metalowych przed korozj\u0105 to otrzymamy produkt o szerokim zastosowaniu. \u00a0Silna adhezja jak\u0105 charakteryzuje si\u0119 smar dielektryczny eLube sprawia, \u017ce smar stosowany jest nie tylko do zabezpieczenia element\u00f3w przed przebiciem ale jako \u015brodek uszczelniaj\u0105cy \u00a0w z\u0142\u0105czach kablowych ,akumulatorach, elementach gumowych i metalowych. Jednoznaczne okre\u015blenie czy smar spe\u0142nia swoja funkcj\u0119 jako zwi\u0105zek smarny czy jako zwi\u0105zek uszczelniaj\u0105cy jest nie do okre\u015blenia i rozdzielenia ,mo\u017cna jedynie z ca\u0142\u0105 stanowczo\u015bci\u0105 stwierdzi\u0107, \u017ce obie te funkcje spe\u0142nia w spos\u00f3b profesjonalny. Kompatybilno\u015b\u0107 z gumami i w\u0142a\u015bciwo\u015bci\u00a0 elektryczne oraz uszczelniaj\u0105ce sprawiaj\u0105, \u017ce smar wydaje si\u0119 by\u0107 idealnym do regeneracji i zabezpieczenia przewod\u00f3w wysokiego napi\u0119cia w przemy\u015ble oraz samochodach i urz\u0105dzeniach stosuj\u0105cych takie przewody. Pow\u0142oka smarna kt\u00f3ra powsta\u0142a na przewodach tworz\u0105c uszczelk\u0119 izolacyjn\u0105 oporn\u0105 na wod\u0119 i wilgo\u0107 mo\u017ce by\u0107 bardzo cienka i ma zdolno\u015b\u0107 nie przyci\u0105gania py\u0142\u00f3w i brudu, kt\u00f3re s\u0105 g\u0142\u00f3wnym wrogiem izolacji. Smar dielektryczny eLUBE stosowany do po\u0142\u0105cze\u0144 elektrycznych zabezpiecza przed korozj\u0105 ,\u015bniedzieniem i zabezpiecza przed przeskokiem iskry elektrycznej oraz uszkodzeniem spowodowanym przebiciem elektrycznym nie tylko przewod\u00f3w wysokiego napi\u0119cia ale r\u00f3wnie\u017c izolator\u00f3w i rozdzielnic pracuj\u0105cych w wilgotnej atmosferze.<\/p>\n<p><u>Spos\u00f3b aplikacji\u00a0<\/u>\u00a0smaru jest typowy dla smar\u00f3w o konsystencji NLGI 2. Przed posmarowaniem nale\u017cy oczy\u015bci\u0107 powierzchni\u0119 z element\u00f3w brudnych i t\u0142ustych lub pokrytych silikonem. Do czyszczenia u\u017cywa\u0107 rozpuszczalnika, detergent\u00f3w lub roztworu wodorotlenku \u00a0potasu w celu pozbycia si\u0119 silikonu. Ca\u0142\u0105 powierzchnie\u00a0 dok\u0142adnie wytrze\u0107 a nast\u0119pnie\u00a0 nanosi\u0107 smar \u00a0r\u0119cznie ,szpachelk\u0105, szmatk\u0105 przez szczotkowanie lub wcieranie lub automatycznie .Nie stosowa\u0107 produktu\u00a0 na powierzchnie kt\u00f3re maja by\u0107 malowane.<\/p>\n<p>&nbsp;<\/p>\n<p>Podstawowe dane produktu smar dielektryczny eLUBE<\/p>\n<table width=\"624\">\n<tbody>\n<tr>\n<td width=\"90\">Norma<\/td>\n<td width=\"307\">Tre\u015b\u0107<\/td>\n<td width=\"113\">Jednostka<\/td>\n<td width=\"113\">wynik<\/td>\n<\/tr>\n<tr>\n<td>CTM 176<\/td>\n<td width=\"307\">kolor<\/td>\n<td colspan=\"2\" width=\"227\">Prze\u017aroczysta pasta<\/td>\n<\/tr>\n<tr>\n<td colspan=\"4\" width=\"624\">Sk\u0142ad: mieszanina zwi\u0105zk\u00f3w silikonowych<\/td>\n<\/tr>\n<tr>\n<td>\u00a0<\/td>\n<td width=\"307\">Temperatura pracy<\/td>\n<td width=\"113\">\u00b0 C<\/td>\n<td width=\"113\">-55 do 200<\/td>\n<\/tr>\n<tr>\n<td>CTM 0191<\/td>\n<td width=\"307\">Klasa konsystencji NLGI<\/td>\n<td width=\"113\">NLGI<\/td>\n<td width=\"113\">2<\/td>\n<\/tr>\n<tr>\n<td>ISO 2137<\/td>\n<td width=\"307\">Penetracja<\/td>\n<td width=\"113\">mm\/10<\/td>\n<td width=\"113\">300<\/td>\n<\/tr>\n<tr>\n<td>\u00a0<\/td>\n<td width=\"307\">Przenikaj\u0105ca zdolno\u015b\u0107, \u00d70,1 mm<\/td>\n<td width=\"113\">\u00a0<\/td>\n<td width=\"113\">320<\/td>\n<\/tr>\n<tr>\n<td>\u00a0<\/td>\n<td width=\"307\">Temperatura topnienia<\/td>\n<td width=\"113\">\u00a0<\/td>\n<td width=\"113\">Nie topnieje<\/td>\n<\/tr>\n<tr>\n<td>CTM 0033A<\/td>\n<td width=\"307\">Odparowanie, 24 h (200 \u00b0 C)<\/td>\n<td width=\"113\">%<\/td>\n<td width=\"113\">1,8<\/td>\n<\/tr>\n<tr>\n<td>CTM 0022<\/td>\n<td width=\"307\">Ci\u0119\u017car w\u0142a\u015bciwy w temperaturze (25 \u00b0 C)<\/td>\n<td width=\"113\">g \/ cm<sup>3<\/sup><\/td>\n<td width=\"113\">0,98<\/td>\n<\/tr>\n<tr>\n<td>ASTM D 1264<\/td>\n<td width=\"307\">Wymywanie wod\u0105, %<\/td>\n<td width=\"113\">\u00a0<\/td>\n<td width=\"113\">0,86<\/td>\n<\/tr>\n<tr>\n<td colspan=\"4\" width=\"624\"><strong>W\u0142a\u015bciwo\u015bci elektryczne<\/strong><\/td>\n<\/tr>\n<tr>\n<td rowspan=\"2\">CTM 0114<\/td>\n<td rowspan=\"2\" width=\"307\">Wytrzyma\u0142o\u015b\u0107 dielektryczna, 1,27<\/td>\n<td width=\"113\">\u00a0v \/ mil<\/td>\n<td width=\"113\">&gt; 465 V<\/td>\n<\/tr>\n<tr>\n<td width=\"113\">kV\/mm<\/td>\n<td width=\"113\">19<\/td>\n<\/tr>\n<tr>\n<td>CTM 0112<\/td>\n<td width=\"307\">Sta\u0142a dielektryczna\u00a0\u00a0\u00a0\u00a0 przy 100 Hz<\/td>\n<td width=\"113\">\u00a0<\/td>\n<td width=\"113\">2,90<\/td>\n<\/tr>\n<tr>\n<td>\u00a0<\/td>\n<td width=\"307\">Sta\u0142a dielektryczna\u00a0\u00a0\u00a0\u00a0 przy 100 kHz<\/td>\n<td width=\"113\">\u00a0<\/td>\n<td width=\"113\">2,98<\/td>\n<\/tr>\n<tr>\n<td>CTM 0112<\/td>\n<td width=\"307\">Wsp\u00f3\u0142czynnik rozproszenia w 100Hz<\/td>\n<td width=\"113\">\u00a0<\/td>\n<td width=\"113\">0,002<\/td>\n<\/tr>\n<tr>\n<td>CTM 0112<\/td>\n<td width=\"307\">Wsp\u00f3\u0142czynnik rozproszenia przy 100kHz<\/td>\n<td width=\"113\">\u00a0<\/td>\n<td width=\"113\">0,002<\/td>\n<\/tr>\n<tr>\n<td>DIN 52612<\/td>\n<td width=\"307\">Przewodno\u015b\u0107 cieplna,<\/td>\n<td width=\"113\">W \/ (mK)<\/td>\n<td width=\"113\">0,150<\/td>\n<\/tr>\n<tr>\n<td>CTM 0249<\/td>\n<td width=\"307\">W\u0142a\u015bciwa rezystancja obj\u0119to\u015bciowa w temperaturze 23\u00b0C<\/td>\n<td width=\"113\">Ohm \u00d7 cm<sup>3<\/sup><\/td>\n<td width=\"113\">O,11 x 10<sup>15<\/sup><\/td>\n<\/tr>\n<tr>\n<td>CTM 0171<\/td>\n<td width=\"307\">Odporno\u015b\u0107 na dzia\u0142anie \u0142uku elektrycznego Arc<\/td>\n<td width=\"113\">\u00a0<\/td>\n<td width=\"113\">125<\/td>\n<\/tr>\n<\/tbody>\n<\/table>\n<p><u>\u00a0<\/u><\/p>\n<p><u>Opakowanie produktu:<\/u>\u00a060 ml, 1 kg<\/p>\n<p><u>Trwa\u0142o\u015b\u0107 produktu:<\/u>\u00a0w przypadku przechowywania w oryginalnych zamkni\u0119tych opakowaniach produkt mo\u017ce by\u0107 przechowywany przez 60 miesi\u0119cy od daty produkcji;<\/p>\n<p><u>Normy i atesty:<\/u>\u00a0wytrzyma\u0142o\u015b\u0107 na przebicie elektryczne, odporny na wilgo\u0107 i wod\u0119, dobra stabilno\u015b\u0107 chemiczna, wysoka odporno\u015b\u0107 na utlenianie, wysoka odporno\u015b\u0107 na ozon, wysoka odporno\u015b\u0107 na rozpuszczalniki, odporny na rozcie\u0144czone kwasy ,odrodny na alkalia<\/p>\n<p>Rozpuszczalno\u015b\u0107: nierozpuszczalny w wodzie, metanolu, etanolu, oleju mineralnym. Rozpuszczalny w\u00a0 ketonach np. metylowo-etylowym.<\/p>\n<\/div>\n<\/div>\n<p>&nbsp;<\/p>\n<p>Jest to mieszanka oparta na silikonie, zalecana do stosowania mi\u0119dzy metalowymi\/gumowymi, gumowymi\/tworzywami sztucznymi, metalowymi\/plastikowymi cz\u0119\u015bciami. Charakteryzuje si\u0119 odporno\u015bci\u0105 na utlenianie, co przek\u0142ada si\u0119 na d\u0142ugotrwa\u0142o\u015b\u0107 smaru. Sk\u0142adniki smaru pozwalaj\u0105 na skuteczn\u0105 ochron\u0119 element\u00f3w przed przepaleniem w temperaturach od -55 \u00b0C do +200 \u00b0C i s\u0105 odporne chemicznie na wi\u0119kszo\u015b\u0107 metali, materia\u0142\u00f3w organicznych i polimer\u00f3w. Dodatkowo, smar ten cechuje si\u0119 dobr\u0105 przyczepno\u015bci\u0105 do powierzchni i nie reaguje z substancjami takimi jak oleje mineralne czy r\u00f3\u017cne zwi\u0105zki chemiczne, w tym rozcie\u0144czone kwasy i zasady. To sprawia, \u017ce jest idealny do zabezpieczania element\u00f3w przed korozj\u0105.<\/p>\n","protected":false},"excerpt":{"rendered":"<p>Smar dielektryczny, jak sama nazwa wskazuje, jest izoluj\u0105cy elektrycznie i nie ulega uszkodzeniom przy dzia\u0142aniu nawet wysokiego napi\u0119cia. To wa\u017cne odr\u00f3\u017cnienie od smar\u00f3w odpornych na \u0142uk elektryczny, kt\u00f3re musz\u0105 by\u0107 wykonane z substancji, kt\u00f3re nie zmieniaj\u0105 si\u0119 w bardzo wysokich temperaturach. Na przyk\u0142ad smar na bazie silikonu, taki jak EVIL DIELECTRIC, nie spe\u0142nia tego warunku, &#8230; <a title=\"EVIL DIELECTRIC GREASE SMAR DIELEKTRYCZNY 60ml\" class=\"read-more\" href=\"https:\/\/admincentral.selleetools.com\/pl\/product\/evil-dielectric-grease-smar-dielektryczny-60ml\/\">Read more<span class=\"screen-reader-text\">EVIL DIELECTRIC GREASE SMAR DIELEKTRYCZNY 60ml<\/span><\/a><\/p>\n","protected":false},"featured_media":320164,"comment_status":"closed","ping_status":"closed","template":"","meta":{"_links_to":"","_links_to_target":""},"yoast_head":"<!-- This site is optimized with the Yoast SEO plugin v19.4 - https:\/\/yoast.com\/wordpress\/plugins\/seo\/ -->\n<title>EVIL DIELECTRIC GREASE SMAR DIELEKTRYCZNY 60ml - Selleetools.com<\/title>\n<meta name=\"robots\" content=\"index, follow, max-snippet:-1, max-image-preview:large, max-video-preview:-1\" \/>\n<link rel=\"canonical\" href=\"https:\/\/admincentral.selleetools.com\/product\/evil-dielectric-grease-smar-dielektryczny-60ml\/\" \/>\n<meta property=\"og:locale\" content=\"pl_PL\" \/>\n<meta property=\"og:type\" content=\"article\" \/>\n<meta property=\"og:title\" content=\"EVIL DIELECTRIC GREASE SMAR DIELEKTRYCZNY 60ml - Selleetools.com\" \/>\n<meta property=\"og:description\" content=\"Smar dielektryczny, jak sama nazwa wskazuje, jest izoluj\u0105cy elektrycznie i nie ulega uszkodzeniom przy dzia\u0142aniu nawet wysokiego napi\u0119cia. To wa\u017cne odr\u00f3\u017cnienie od smar\u00f3w odpornych na \u0142uk elektryczny, kt\u00f3re musz\u0105 by\u0107 wykonane z substancji, kt\u00f3re nie zmieniaj\u0105 si\u0119 w bardzo wysokich temperaturach. Na przyk\u0142ad smar na bazie silikonu, taki jak EVIL DIELECTRIC, nie spe\u0142nia tego warunku, ... Read moreEVIL DIELECTRIC GREASE SMAR DIELEKTRYCZNY 60ml\" \/>\n<meta property=\"og:url\" content=\"https:\/\/admincentral.selleetools.com\/product\/evil-dielectric-grease-smar-dielektryczny-60ml\/\" \/>\n<meta property=\"og:site_name\" content=\"Selleetools.com\" \/>\n<meta property=\"article:modified_time\" content=\"2025-11-20T11:21:59+00:00\" \/>\n<meta property=\"og:image\" content=\"https:\/\/selleetools.com\/wp-content\/uploads\/2024\/04\/dielectric-60.jpg\" \/>\n\t<meta property=\"og:image:width\" content=\"2000\" \/>\n\t<meta property=\"og:image:height\" content=\"2000\" \/>\n\t<meta property=\"og:image:type\" content=\"image\/jpeg\" \/>\n<meta name=\"twitter:card\" content=\"summary_large_image\" \/>\n<meta name=\"twitter:label1\" content=\"Est. reading time\" \/>\n\t<meta name=\"twitter:data1\" content=\"6 minut\" \/>\n<!-- \/ Yoast SEO plugin. -->","yoast_head_json":{"title":"EVIL DIELECTRIC GREASE SMAR DIELEKTRYCZNY 60ml - Selleetools.com","robots":{"index":"index","follow":"follow","max-snippet":"max-snippet:-1","max-image-preview":"max-image-preview:large","max-video-preview":"max-video-preview:-1"},"canonical":"https:\/\/admincentral.selleetools.com\/product\/evil-dielectric-grease-smar-dielektryczny-60ml\/","og_locale":"pl_PL","og_type":"article","og_title":"EVIL DIELECTRIC GREASE SMAR DIELEKTRYCZNY 60ml - Selleetools.com","og_description":"Smar dielektryczny, jak sama nazwa wskazuje, jest izoluj\u0105cy elektrycznie i nie ulega uszkodzeniom przy dzia\u0142aniu nawet wysokiego napi\u0119cia. To wa\u017cne odr\u00f3\u017cnienie od smar\u00f3w odpornych na \u0142uk elektryczny, kt\u00f3re musz\u0105 by\u0107 wykonane z substancji, kt\u00f3re nie zmieniaj\u0105 si\u0119 w bardzo wysokich temperaturach. Na przyk\u0142ad smar na bazie silikonu, taki jak EVIL DIELECTRIC, nie spe\u0142nia tego warunku, ... Read moreEVIL DIELECTRIC GREASE SMAR DIELEKTRYCZNY 60ml","og_url":"https:\/\/admincentral.selleetools.com\/product\/evil-dielectric-grease-smar-dielektryczny-60ml\/","og_site_name":"Selleetools.com","article_modified_time":"2025-11-20T11:21:59+00:00","og_image":[{"width":2000,"height":2000,"url":"https:\/\/selleetools.com\/wp-content\/uploads\/2024\/04\/dielectric-60.jpg","type":"image\/jpeg"}],"twitter_card":"summary_large_image","twitter_misc":{"Est. reading time":"6 minut"},"schema":{"@context":"https:\/\/schema.org","@graph":[{"@type":"Organization","@id":"https:\/\/selleetools.com\/#organization","name":"Selleetools","url":"https:\/\/selleetools.com\/","sameAs":[],"logo":{"@type":"ImageObject","inLanguage":"pl-PL","@id":"https:\/\/selleetools.com\/#\/schema\/logo\/image\/","url":"https:\/\/selleetools.com\/wp-content\/uploads\/2021\/10\/logo-dark.png","contentUrl":"https:\/\/selleetools.com\/wp-content\/uploads\/2021\/10\/logo-dark.png","width":320,"height":76,"caption":"Selleetools"},"image":{"@id":"https:\/\/selleetools.com\/#\/schema\/logo\/image\/"}},{"@type":"WebSite","@id":"https:\/\/selleetools.com\/#website","url":"https:\/\/selleetools.com\/","name":"Selleetools.com","description":"","publisher":{"@id":"https:\/\/selleetools.com\/#organization"},"potentialAction":[{"@type":"SearchAction","target":{"@type":"EntryPoint","urlTemplate":"https:\/\/selleetools.com\/?s={search_term_string}"},"query-input":"required name=search_term_string"}],"inLanguage":"pl-PL"},{"@type":"WebPage","@id":"https:\/\/admincentral.selleetools.com\/product\/evil-dielectric-grease-smar-dielektryczny-60ml\/","url":"https:\/\/admincentral.selleetools.com\/product\/evil-dielectric-grease-smar-dielektryczny-60ml\/","name":"EVIL DIELECTRIC GREASE SMAR DIELEKTRYCZNY 60ml - Selleetools.com","isPartOf":{"@id":"https:\/\/selleetools.com\/#website"},"datePublished":"2024-04-10T13:07:40+00:00","dateModified":"2025-11-20T11:21:59+00:00","breadcrumb":{"@id":"https:\/\/admincentral.selleetools.com\/product\/evil-dielectric-grease-smar-dielektryczny-60ml\/#breadcrumb"},"inLanguage":"pl-PL","potentialAction":[{"@type":"ReadAction","target":["https:\/\/admincentral.selleetools.com\/product\/evil-dielectric-grease-smar-dielektryczny-60ml\/"]}]},{"@type":"BreadcrumbList","@id":"https:\/\/admincentral.selleetools.com\/product\/evil-dielectric-grease-smar-dielektryczny-60ml\/#breadcrumb","itemListElement":[{"@type":"ListItem","position":1,"name":"Home","item":"https:\/\/selleetools.com\/pl\/"},{"@type":"ListItem","position":2,"name":"Katalog","item":"https:\/\/selleetools.com\/pl\/katalog\/"},{"@type":"ListItem","position":3,"name":"EVIL DIELECTRIC GREASE SMAR DIELEKTRYCZNY 60ml"}]}]}},"_links":{"self":[{"href":"https:\/\/admincentral.selleetools.com\/pl\/wp-json\/wp\/v2\/product\/320166"}],"collection":[{"href":"https:\/\/admincentral.selleetools.com\/pl\/wp-json\/wp\/v2\/product"}],"about":[{"href":"https:\/\/admincentral.selleetools.com\/pl\/wp-json\/wp\/v2\/types\/product"}],"replies":[{"embeddable":true,"href":"https:\/\/admincentral.selleetools.com\/pl\/wp-json\/wp\/v2\/comments?post=320166"}],"wp:featuredmedia":[{"embeddable":true,"href":"https:\/\/admincentral.selleetools.com\/pl\/wp-json\/wp\/v2\/media\/320164"}],"wp:attachment":[{"href":"https:\/\/admincentral.selleetools.com\/pl\/wp-json\/wp\/v2\/media?parent=320166"}],"curies":[{"name":"wp","href":"https:\/\/api.w.org\/{rel}","templated":true}]}}